{"id":10304,"date":"2019-07-29T15:17:06","date_gmt":"2019-07-29T13:17:06","guid":{"rendered":"http:\/\/fluffouterwear.com\/size-chart\/"},"modified":"2024-07-05T14:17:48","modified_gmt":"2024-07-05T12:17:48","slug":"tabela-rozmiarow","status":"publish","type":"page","link":"https:\/\/fluffouterwear.com\/pl\/tabela-rozmiarow\/","title":{"rendered":"Tabela rozmiar\u00f3w"},"content":{"rendered":"<div class=\"row align-center\"  id=\"row-115577193\">\n\n\t<div id=\"col-1865839158\" class=\"col medium-8 small-12 large-8\"  >\n\t\t\t\t<div class=\"col-inner\"  >\n\t\t\t\n\t\t\t\n<p><img loading=\"lazy\" decoding=\"async\" class=\"alignnone wp-image-34451\" src=\"https:\/\/fluffouterwear.com\/wp-content\/uploads\/2020\/11\/basic-coat.png\" alt=\"\" width=\"700\" height=\"390\" srcset=\"https:\/\/fluffouterwear.com\/wp-content\/uploads\/2020\/11\/basic-coat.png 4371w, https:\/\/fluffouterwear.com\/wp-content\/uploads\/2020\/11\/basic-coat-300x167.png 300w, https:\/\/fluffouterwear.com\/wp-content\/uploads\/2020\/11\/basic-coat-1024x570.png 1024w, https:\/\/fluffouterwear.com\/wp-content\/uploads\/2020\/11\/basic-coat-768x428.png 768w, https:\/\/fluffouterwear.com\/wp-content\/uploads\/2020\/11\/basic-coat-1536x856.png 1536w, https:\/\/fluffouterwear.com\/wp-content\/uploads\/2020\/11\/basic-coat-2048x1141.png 2048w, https:\/\/fluffouterwear.com\/wp-content\/uploads\/2020\/11\/basic-coat-800x446.png 800w, https:\/\/fluffouterwear.com\/wp-content\/uploads\/2020\/11\/basic-coat-150x84.png 150w\" sizes=\"auto, (max-width: 700px) 100vw, 700px\" \/> <img loading=\"lazy\" decoding=\"async\" class=\"alignnone wp-image-34523\" src=\"https:\/\/fluffouterwear.com\/wp-content\/uploads\/2020\/11\/snowsuit-kids-1024x606.png\" alt=\"\" width=\"700\" height=\"414\" srcset=\"https:\/\/fluffouterwear.com\/wp-content\/uploads\/2020\/11\/snowsuit-kids-1024x606.png 1024w, https:\/\/fluffouterwear.com\/wp-content\/uploads\/2020\/11\/snowsuit-kids-300x178.png 300w, https:\/\/fluffouterwear.com\/wp-content\/uploads\/2020\/11\/snowsuit-kids-768x455.png 768w, https:\/\/fluffouterwear.com\/wp-content\/uploads\/2020\/11\/snowsuit-kids-1536x909.png 1536w, https:\/\/fluffouterwear.com\/wp-content\/uploads\/2020\/11\/snowsuit-kids-2048x1212.png 2048w, https:\/\/fluffouterwear.com\/wp-content\/uploads\/2020\/11\/snowsuit-kids-800x474.png 800w, https:\/\/fluffouterwear.com\/wp-content\/uploads\/2020\/11\/snowsuit-kids-150x89.png 150w\" sizes=\"auto, (max-width: 700px) 100vw, 700px\" \/><\/p>\n<p>Tabele rozmiar\u00f3w do pozosta\u0142ych modeli (np. damskich) znajd\u0105 Pa\u0144stwo <strong>w zak\u0142adce &#8220;Tabela rozmiar\u00f3w&#8221; na stronie wybranego produktu &#8211; poni\u017cej informacji o cenie produktu.<br \/>\n<\/strong><\/p>\n\t\t<\/div>\n\t\t\t\t\t<\/div>\n\n\t\n<\/div>\n","protected":false},"excerpt":{"rendered":"","protected":false},"author":1,"featured_media":0,"parent":0,"menu_order":0,"comment_status":"closed","ping_status":"closed","template":"","meta":{"_acf_changed":false,"footnotes":""},"class_list":["post-10304","page","type-page","status-publish","hentry"],"acf":[],"yoast_head":"<!-- This site is optimized with the Yoast SEO plugin v27.0 - https:\/\/yoast.com\/product\/yoast-seo-wordpress\/ -->\n<title>Fluff - Tabela rozmiar\u00f3w - Fluff<\/title>\n<meta name=\"robots\" content=\"index, follow, max-snippet:-1, max-image-preview:large, max-video-preview:-1\" \/>\n<link rel=\"canonical\" href=\"https:\/\/fluffouterwear.com\/pl\/tabela-rozmiarow\/\" \/>\n<meta property=\"og:locale\" content=\"pl_PL\" \/>\n<meta property=\"og:type\" content=\"article\" \/>\n<meta property=\"og:title\" content=\"Fluff - Tabela rozmiar\u00f3w - Fluff\" \/>\n<meta property=\"og:url\" content=\"https:\/\/fluffouterwear.com\/pl\/tabela-rozmiarow\/\" \/>\n<meta property=\"og:site_name\" content=\"Fluff\" \/>\n<meta property=\"article:modified_time\" content=\"2024-07-05T12:17:48+00:00\" \/>\n<meta property=\"og:image\" content=\"https:\/\/fluffouterwear.com\/wp-content\/uploads\/2020\/11\/basic-coat.png\" \/>\n<meta name=\"twitter:card\" content=\"summary_large_image\" \/>\n<meta name=\"twitter:label1\" content=\"Szacowany czas czytania\" \/>\n\t<meta name=\"twitter:data1\" content=\"1 minuta\" \/>\n<script type=\"application\/ld+json\" class=\"yoast-schema-graph\">{\"@context\":\"https:\/\/schema.org\",\"@graph\":[{\"@type\":\"WebPage\",\"@id\":\"https:\/\/fluffouterwear.com\/pl\/tabela-rozmiarow\/\",\"url\":\"https:\/\/fluffouterwear.com\/pl\/tabela-rozmiarow\/\",\"name\":\"Fluff - Tabela rozmiar\u00f3w - Fluff\",\"isPartOf\":{\"@id\":\"https:\/\/fluffouterwear.com\/pl\/#website\"},\"primaryImageOfPage\":{\"@id\":\"https:\/\/fluffouterwear.com\/pl\/tabela-rozmiarow\/#primaryimage\"},\"image\":{\"@id\":\"https:\/\/fluffouterwear.com\/pl\/tabela-rozmiarow\/#primaryimage\"},\"thumbnailUrl\":\"https:\/\/fluffouterwear.com\/wp-content\/uploads\/2020\/11\/basic-coat.png\",\"datePublished\":\"2019-07-29T13:17:06+00:00\",\"dateModified\":\"2024-07-05T12:17:48+00:00\",\"breadcrumb\":{\"@id\":\"https:\/\/fluffouterwear.com\/pl\/tabela-rozmiarow\/#breadcrumb\"},\"inLanguage\":\"pl-PL\",\"potentialAction\":[{\"@type\":\"ReadAction\",\"target\":[\"https:\/\/fluffouterwear.com\/pl\/tabela-rozmiarow\/\"]}]},{\"@type\":\"ImageObject\",\"inLanguage\":\"pl-PL\",\"@id\":\"https:\/\/fluffouterwear.com\/pl\/tabela-rozmiarow\/#primaryimage\",\"url\":\"https:\/\/fluffouterwear.com\/wp-content\/uploads\/2020\/11\/basic-coat.png\",\"contentUrl\":\"https:\/\/fluffouterwear.com\/wp-content\/uploads\/2020\/11\/basic-coat.png\"},{\"@type\":\"BreadcrumbList\",\"@id\":\"https:\/\/fluffouterwear.com\/pl\/tabela-rozmiarow\/#breadcrumb\",\"itemListElement\":[{\"@type\":\"ListItem\",\"position\":1,\"name\":\"Strona g\u0142\u00f3wna\",\"item\":\"https:\/\/fluffouterwear.com\/pl\/\"},{\"@type\":\"ListItem\",\"position\":2,\"name\":\"Tabela rozmiar\u00f3w\"}]},{\"@type\":\"WebSite\",\"@id\":\"https:\/\/fluffouterwear.com\/pl\/#website\",\"url\":\"https:\/\/fluffouterwear.com\/pl\/\",\"name\":\"Fluff\",\"description\":\"\",\"potentialAction\":[{\"@type\":\"SearchAction\",\"target\":{\"@type\":\"EntryPoint\",\"urlTemplate\":\"https:\/\/fluffouterwear.com\/pl\/?s={search_term_string}\"},\"query-input\":{\"@type\":\"PropertyValueSpecification\",\"valueRequired\":true,\"valueName\":\"search_term_string\"}}],\"inLanguage\":\"pl-PL\"}]}<\/script>\n<!-- \/ Yoast SEO plugin. -->","yoast_head_json":{"title":"Fluff - Tabela rozmiar\u00f3w - Fluff","robots":{"index":"index","follow":"follow","max-snippet":"max-snippet:-1","max-image-preview":"max-image-preview:large","max-video-preview":"max-video-preview:-1"},"canonical":"https:\/\/fluffouterwear.com\/pl\/tabela-rozmiarow\/","og_locale":"pl_PL","og_type":"article","og_title":"Fluff - Tabela rozmiar\u00f3w - Fluff","og_url":"https:\/\/fluffouterwear.com\/pl\/tabela-rozmiarow\/","og_site_name":"Fluff","article_modified_time":"2024-07-05T12:17:48+00:00","og_image":[{"url":"https:\/\/fluffouterwear.com\/wp-content\/uploads\/2020\/11\/basic-coat.png","type":"","width":"","height":""}],"twitter_card":"summary_large_image","twitter_misc":{"Szacowany czas czytania":"1 minuta"},"schema":{"@context":"https:\/\/schema.org","@graph":[{"@type":"WebPage","@id":"https:\/\/fluffouterwear.com\/pl\/tabela-rozmiarow\/","url":"https:\/\/fluffouterwear.com\/pl\/tabela-rozmiarow\/","name":"Fluff - Tabela rozmiar\u00f3w - Fluff","isPartOf":{"@id":"https:\/\/fluffouterwear.com\/pl\/#website"},"primaryImageOfPage":{"@id":"https:\/\/fluffouterwear.com\/pl\/tabela-rozmiarow\/#primaryimage"},"image":{"@id":"https:\/\/fluffouterwear.com\/pl\/tabela-rozmiarow\/#primaryimage"},"thumbnailUrl":"https:\/\/fluffouterwear.com\/wp-content\/uploads\/2020\/11\/basic-coat.png","datePublished":"2019-07-29T13:17:06+00:00","dateModified":"2024-07-05T12:17:48+00:00","breadcrumb":{"@id":"https:\/\/fluffouterwear.com\/pl\/tabela-rozmiarow\/#breadcrumb"},"inLanguage":"pl-PL","potentialAction":[{"@type":"ReadAction","target":["https:\/\/fluffouterwear.com\/pl\/tabela-rozmiarow\/"]}]},{"@type":"ImageObject","inLanguage":"pl-PL","@id":"https:\/\/fluffouterwear.com\/pl\/tabela-rozmiarow\/#primaryimage","url":"https:\/\/fluffouterwear.com\/wp-content\/uploads\/2020\/11\/basic-coat.png","contentUrl":"https:\/\/fluffouterwear.com\/wp-content\/uploads\/2020\/11\/basic-coat.png"},{"@type":"BreadcrumbList","@id":"https:\/\/fluffouterwear.com\/pl\/tabela-rozmiarow\/#breadcrumb","itemListElement":[{"@type":"ListItem","position":1,"name":"Strona g\u0142\u00f3wna","item":"https:\/\/fluffouterwear.com\/pl\/"},{"@type":"ListItem","position":2,"name":"Tabela rozmiar\u00f3w"}]},{"@type":"WebSite","@id":"https:\/\/fluffouterwear.com\/pl\/#website","url":"https:\/\/fluffouterwear.com\/pl\/","name":"Fluff","description":"","potentialAction":[{"@type":"SearchAction","target":{"@type":"EntryPoint","urlTemplate":"https:\/\/fluffouterwear.com\/pl\/?s={search_term_string}"},"query-input":{"@type":"PropertyValueSpecification","valueRequired":true,"valueName":"search_term_string"}}],"inLanguage":"pl-PL"}]}},"_links":{"self":[{"href":"https:\/\/fluffouterwear.com\/pl\/wp-json\/wp\/v2\/pages\/10304","targetHints":{"allow":["GET"]}}],"collection":[{"href":"https:\/\/fluffouterwear.com\/pl\/wp-json\/wp\/v2\/pages"}],"about":[{"href":"https:\/\/fluffouterwear.com\/pl\/wp-json\/wp\/v2\/types\/page"}],"author":[{"embeddable":true,"href":"https:\/\/fluffouterwear.com\/pl\/wp-json\/wp\/v2\/users\/1"}],"replies":[{"embeddable":true,"href":"https:\/\/fluffouterwear.com\/pl\/wp-json\/wp\/v2\/comments?post=10304"}],"version-history":[{"count":2,"href":"https:\/\/fluffouterwear.com\/pl\/wp-json\/wp\/v2\/pages\/10304\/revisions"}],"predecessor-version":[{"id":93356,"href":"https:\/\/fluffouterwear.com\/pl\/wp-json\/wp\/v2\/pages\/10304\/revisions\/93356"}],"wp:attachment":[{"href":"https:\/\/fluffouterwear.com\/pl\/wp-json\/wp\/v2\/media?parent=10304"}],"curies":[{"name":"wp","href":"https:\/\/api.w.org\/{rel}","templated":true}]}}