{"id":10320,"date":"2019-08-28T13:06:57","date_gmt":"2019-08-28T11:06:57","guid":{"rendered":"http:\/\/fluffouterwear.com\/?page_id=10320"},"modified":"2026-04-02T14:48:44","modified_gmt":"2026-04-02T12:48:44","slug":"zwroty-i-wymiany","status":"publish","type":"page","link":"https:\/\/fluffouterwear.com\/pl\/zwroty-i-wymiany\/","title":{"rendered":"Zwrot i wymiana"},"content":{"rendered":"<div class=\"row align-center\"  id=\"row-2003692867\">\n\n\t<div id=\"col-1187823626\" class=\"col medium-8 small-12 large-8\"  >\n\t\t\t\t<div class=\"col-inner\"  >\n\t\t\t\n\t\t\t\n<h3 style=\"text-align: center;\"><strong>ZWROTY<\/strong><\/h3>\n<p><strong>Mo\u017cliwy jest zwrot zam\u00f3wienia w terminie 14 dni od dnia otrzymania przesy\u0142ki, bez podania przyczyny. Produkt nie mo\u017ce nosi\u0107 oznak u\u017cytkowania oraz musi posiada\u0107 oryginalne zabezpieczenia i metki.<\/strong><\/p>\n<p>Koszt przesy\u0142ki jest po stronie zwracaj\u0105cego.<\/p>\n<h3><strong>Zg\u0142oszenie zwrotu online<br \/>\n<\/strong><\/h3>\n<ul>\n<li>U\u017cyj odno\u015bnika, kt\u00f3ry otrzyma\u0142a\u015b\/e\u015b w mailu &#8220;Dzi\u0119kujemy za zakup&#8221;, lub kliknij <span style=\"text-decoration: underline;\"><strong><a href=\"https:\/\/panel.glosellio.com\/order-track\/YPBC7TJ8\">TUTAJ<\/a><\/strong>.<\/span><\/li>\n<li>Podaj e-mail (ten sam, kt\u00f3ry zosta\u0142 u\u017cyty do z\u0142o\u017cenia zam\u00f3wienia) oraz 8 cyfrowy numer zam\u00f3wienia. Oznacz zwracane produkty, a nast\u0119pnie przygotuj przesy\u0142k\u0119.<\/li>\n<li>Gdy zwrot do nas dotrze i zostanie zaakceptowany, otrzymasz powiadomienie e-mail.<\/li>\n<\/ul>\n<h4><span data-text-color=\"alert\"><strong>Nie mam numeru zam\u00f3wienia \/ mam problem ze zg\u0142oszeniem zwrotu online. Co robi\u0107?<\/strong><\/span><\/h4>\n<p>Je\u015bli masz problem ze zg\u0142oszeniem zwrotu online, mo\u017cesz skorzysta\u0107 z opcji &#8220;tradycyjnego zwrotu&#8221;:<\/p>\n<ul>\n<li>Na adres <a href=\"mailto:hello@fluffouterwear.com\"><span style=\"text-decoration: underline;\"><strong>hello@fluffouterwear.com<\/strong><\/span><\/a>, napisz do nas wiadomo\u015b\u0107 z informacj\u0105 o odst\u0105pieniu od umowy.<\/li>\n<li>Ode\u015blij paczk\u0119 wraz z wype\u0142nionym <span style=\"text-decoration: underline;\" data-text-color=\"success\"><strong><a href=\"https:\/\/fluffouterwear.com\/FORMULARZ_ZWROTU.pdf\" target=\"_blank\" rel=\"noopener\">formularzem zwrotu(POBIERZ).<\/a><\/strong><\/span> Adres do zwrotu znajduje si\u0119 na formularzu.<\/li>\n<li>Gdy zwrot do nas dotrze i zostanie zaakceptowany, otrzymasz powiadomienie e-mail.<\/li>\n<\/ul>\n<h3>Jak najlepiej odes\u0142a\u0107 paczk\u0119?<\/h3>\n<ul>\n<li>Przesy\u0142k\u0119 mo\u017cna odes\u0142a\u0107 w wygodny dla siebie spos\u00f3b: za po\u015brednictwem wybranej firmy kurierskiej lub poczty.<\/li>\n<li><strong>Rekomendujemy by zwrot zosta\u0142 nadany przesy\u0142k\u0105 rejestrowan\u0105.<\/strong><\/li>\n<li>Nie odbieramy przesy\u0142ek za pobraniem oraz z paczkomat\u00f3w\/punkt\u00f3w odbioru.<\/li>\n<li>Nie ma mo\u017cliwo\u015bci osobistego dor\u0119czenia zwrotu<\/li>\n<li><strong>Zwrot produkt\u00f3w zakupionych online nie jest mo\u017cliwy w sklepie stacjonarnym. <\/strong>Prosimy o odes\u0142anie paczki zgodnie z powy\u017csz\u0105 instrukcj\u0105, na adres podany na formularzu zwrotu.<\/li>\n<\/ul>\n<p>Wi\u0119cej informacji w <a href=\"https:\/\/fluffouterwear.com\/pl\/regulamin\/\" target=\"_blank\" rel=\"noopener\"><strong><span style=\"text-decoration: underline;\"><span data-text-color=\"primary\">Regulaminie<\/span><\/span><\/strong><\/a>.<\/p>\n<h3 style=\"text-align: center;\"><strong>WYMIANY<\/strong><\/h3>\n<p><strong>Wymiana nie jest mo\u017cliwa.<\/strong> Je\u015bli zam\u00f3wiony rozmiar\/kolor okaza\u0142 si\u0119 niew\u0142a\u015bciwy, nale\u017cy dokona\u0107 zwrotu (zgodnie z zasadami powy\u017cej) i z\u0142o\u017cy\u0107 nowe zam\u00f3wienie w sklepie.<\/p>\n\t\t<\/div>\n\t\t\t\t\t<\/div>\n\n\t\n<\/div>\n","protected":false},"excerpt":{"rendered":"","protected":false},"author":1,"featured_media":0,"parent":0,"menu_order":0,"comment_status":"closed","ping_status":"closed","template":"","meta":{"_acf_changed":false,"footnotes":""},"class_list":["post-10320","page","type-page","status-publish","hentry"],"acf":[],"yoast_head":"<!-- This site is optimized with the Yoast SEO plugin v27.0 - https:\/\/yoast.com\/product\/yoast-seo-wordpress\/ -->\n<title>Fluff - Zwrot i wymiana - Fluff<\/title>\n<meta name=\"robots\" content=\"index, follow, max-snippet:-1, max-image-preview:large, max-video-preview:-1\" \/>\n<link rel=\"canonical\" href=\"https:\/\/fluffouterwear.com\/pl\/zwroty-i-wymiany\/\" \/>\n<meta property=\"og:locale\" content=\"pl_PL\" \/>\n<meta property=\"og:type\" content=\"article\" \/>\n<meta property=\"og:title\" content=\"Fluff - Zwrot i wymiana - Fluff\" \/>\n<meta property=\"og:url\" content=\"https:\/\/fluffouterwear.com\/pl\/zwroty-i-wymiany\/\" \/>\n<meta property=\"og:site_name\" content=\"Fluff\" \/>\n<meta property=\"article:modified_time\" content=\"2026-04-02T12:48:44+00:00\" \/>\n<meta property=\"og:image\" content=\"https:\/\/fluffouterwear.com\/wp-content\/uploads\/2025\/04\/1200x675.jpg\" \/>\n\t<meta property=\"og:image:width\" content=\"1200\" \/>\n\t<meta property=\"og:image:height\" content=\"675\" \/>\n\t<meta property=\"og:image:type\" content=\"image\/jpeg\" \/>\n<meta name=\"twitter:card\" content=\"summary_large_image\" \/>\n<meta name=\"twitter:label1\" content=\"Szacowany czas czytania\" \/>\n\t<meta name=\"twitter:data1\" content=\"2 minuty\" \/>\n<script type=\"application\/ld+json\" class=\"yoast-schema-graph\">{\"@context\":\"https:\/\/schema.org\",\"@graph\":[{\"@type\":\"WebPage\",\"@id\":\"https:\/\/fluffouterwear.com\/pl\/zwroty-i-wymiany\/\",\"url\":\"https:\/\/fluffouterwear.com\/pl\/zwroty-i-wymiany\/\",\"name\":\"Fluff - Zwrot i wymiana - Fluff\",\"isPartOf\":{\"@id\":\"https:\/\/fluffouterwear.com\/pl\/#website\"},\"datePublished\":\"2019-08-28T11:06:57+00:00\",\"dateModified\":\"2026-04-02T12:48:44+00:00\",\"breadcrumb\":{\"@id\":\"https:\/\/fluffouterwear.com\/pl\/zwroty-i-wymiany\/#breadcrumb\"},\"inLanguage\":\"pl-PL\",\"potentialAction\":[{\"@type\":\"ReadAction\",\"target\":[\"https:\/\/fluffouterwear.com\/pl\/zwroty-i-wymiany\/\"]}]},{\"@type\":\"BreadcrumbList\",\"@id\":\"https:\/\/fluffouterwear.com\/pl\/zwroty-i-wymiany\/#breadcrumb\",\"itemListElement\":[{\"@type\":\"ListItem\",\"position\":1,\"name\":\"Strona g\u0142\u00f3wna\",\"item\":\"https:\/\/fluffouterwear.com\/pl\/\"},{\"@type\":\"ListItem\",\"position\":2,\"name\":\"Zwrot i wymiana\"}]},{\"@type\":\"WebSite\",\"@id\":\"https:\/\/fluffouterwear.com\/pl\/#website\",\"url\":\"https:\/\/fluffouterwear.com\/pl\/\",\"name\":\"Fluff\",\"description\":\"\",\"potentialAction\":[{\"@type\":\"SearchAction\",\"target\":{\"@type\":\"EntryPoint\",\"urlTemplate\":\"https:\/\/fluffouterwear.com\/pl\/?s={search_term_string}\"},\"query-input\":{\"@type\":\"PropertyValueSpecification\",\"valueRequired\":true,\"valueName\":\"search_term_string\"}}],\"inLanguage\":\"pl-PL\"}]}<\/script>\n<!-- \/ Yoast SEO plugin. -->","yoast_head_json":{"title":"Fluff - Zwrot i wymiana - Fluff","robots":{"index":"index","follow":"follow","max-snippet":"max-snippet:-1","max-image-preview":"max-image-preview:large","max-video-preview":"max-video-preview:-1"},"canonical":"https:\/\/fluffouterwear.com\/pl\/zwroty-i-wymiany\/","og_locale":"pl_PL","og_type":"article","og_title":"Fluff - Zwrot i wymiana - Fluff","og_url":"https:\/\/fluffouterwear.com\/pl\/zwroty-i-wymiany\/","og_site_name":"Fluff","article_modified_time":"2026-04-02T12:48:44+00:00","og_image":[{"width":1200,"height":675,"url":"https:\/\/fluffouterwear.com\/wp-content\/uploads\/2025\/04\/1200x675.jpg","type":"image\/jpeg"}],"twitter_card":"summary_large_image","twitter_misc":{"Szacowany czas czytania":"2 minuty"},"schema":{"@context":"https:\/\/schema.org","@graph":[{"@type":"WebPage","@id":"https:\/\/fluffouterwear.com\/pl\/zwroty-i-wymiany\/","url":"https:\/\/fluffouterwear.com\/pl\/zwroty-i-wymiany\/","name":"Fluff - Zwrot i wymiana - Fluff","isPartOf":{"@id":"https:\/\/fluffouterwear.com\/pl\/#website"},"datePublished":"2019-08-28T11:06:57+00:00","dateModified":"2026-04-02T12:48:44+00:00","breadcrumb":{"@id":"https:\/\/fluffouterwear.com\/pl\/zwroty-i-wymiany\/#breadcrumb"},"inLanguage":"pl-PL","potentialAction":[{"@type":"ReadAction","target":["https:\/\/fluffouterwear.com\/pl\/zwroty-i-wymiany\/"]}]},{"@type":"BreadcrumbList","@id":"https:\/\/fluffouterwear.com\/pl\/zwroty-i-wymiany\/#breadcrumb","itemListElement":[{"@type":"ListItem","position":1,"name":"Strona g\u0142\u00f3wna","item":"https:\/\/fluffouterwear.com\/pl\/"},{"@type":"ListItem","position":2,"name":"Zwrot i wymiana"}]},{"@type":"WebSite","@id":"https:\/\/fluffouterwear.com\/pl\/#website","url":"https:\/\/fluffouterwear.com\/pl\/","name":"Fluff","description":"","potentialAction":[{"@type":"SearchAction","target":{"@type":"EntryPoint","urlTemplate":"https:\/\/fluffouterwear.com\/pl\/?s={search_term_string}"},"query-input":{"@type":"PropertyValueSpecification","valueRequired":true,"valueName":"search_term_string"}}],"inLanguage":"pl-PL"}]}},"_links":{"self":[{"href":"https:\/\/fluffouterwear.com\/pl\/wp-json\/wp\/v2\/pages\/10320","targetHints":{"allow":["GET"]}}],"collection":[{"href":"https:\/\/fluffouterwear.com\/pl\/wp-json\/wp\/v2\/pages"}],"about":[{"href":"https:\/\/fluffouterwear.com\/pl\/wp-json\/wp\/v2\/types\/page"}],"author":[{"embeddable":true,"href":"https:\/\/fluffouterwear.com\/pl\/wp-json\/wp\/v2\/users\/1"}],"replies":[{"embeddable":true,"href":"https:\/\/fluffouterwear.com\/pl\/wp-json\/wp\/v2\/comments?post=10320"}],"version-history":[{"count":16,"href":"https:\/\/fluffouterwear.com\/pl\/wp-json\/wp\/v2\/pages\/10320\/revisions"}],"predecessor-version":[{"id":112653,"href":"https:\/\/fluffouterwear.com\/pl\/wp-json\/wp\/v2\/pages\/10320\/revisions\/112653"}],"wp:attachment":[{"href":"https:\/\/fluffouterwear.com\/pl\/wp-json\/wp\/v2\/media?parent=10320"}],"curies":[{"name":"wp","href":"https:\/\/api.w.org\/{rel}","templated":true}]}}