{"id":1078,"date":"2018-07-11T09:48:46","date_gmt":"2018-07-11T09:48:46","guid":{"rendered":"https:\/\/themedemo.commercegurus.com\/shoptimizer\/?page_id=1078"},"modified":"2018-07-11T09:48:46","modified_gmt":"2018-07-11T09:48:46","slug":"women-sale","status":"publish","type":"page","link":"https:\/\/fluffouterwear.com\/pl\/women-sale\/","title":{"rendered":"Women &#8211; On sale"},"content":{"rendered":"<h1>Women&#8217;s sale<\/h1>\n<h3>Pick up some great items at stunning prices in our seasonal sale.<\/h3>\n<div class=\"woocommerce columns-4 \"><div class=\"products row row-small large-columns-4 medium-columns-3 small-columns-2\">\n<div class=\"product-small col has-hover product type-product post-78912 status-publish first instock product_cat-kobieta-pl product_cat-kurtki-pl product_cat-outlet-pl product_tag-wpla has-post-thumbnail sale shipping-taxable purchasable product-type-variable\">\n\t<div class=\"col-inner\">\n\t\n<div class=\"badge-container absolute left top z-1\">\n<div class=\"callout badge badge-square\"><div class=\"badge-inner secondary on-sale\"><span class=\"onsale\">Promocja!<\/span><\/div><\/div>\n<\/div>\n\t<div class=\"product-small box \">\n\t\t<div class=\"box-image\">\n\t\t\t<div class=\"image-fade_in_back\">\n\t\t\t\t<a href=\"https:\/\/fluffouterwear.com\/pl\/produkt\/kurtka-campana-black\/\">\n\t\t\t\t\t<img loading=\"lazy\" decoding=\"async\" width=\"450\" height=\"497\" src=\"https:\/\/fluffouterwear.com\/wp-content\/uploads\/2023\/08\/damska-kurtka-puchowa-campana-czarna-2-450x497.jpg\" class=\"attachment-woocommerce_thumbnail size-woocommerce_thumbnail\" alt=\"A-line black puffer jacket with natural down insulation. Down jacket with high collar, convenient pockets and zips on the sleeves.\" srcset=\"https:\/\/fluffouterwear.com\/wp-content\/uploads\/2023\/08\/damska-kurtka-puchowa-campana-czarna-2-450x497.jpg 450w, https:\/\/fluffouterwear.com\/wp-content\/uploads\/2023\/08\/damska-kurtka-puchowa-campana-czarna-2-362x400.jpg 362w, https:\/\/fluffouterwear.com\/wp-content\/uploads\/2023\/08\/damska-kurtka-puchowa-campana-czarna-2-724x800.jpg 724w, https:\/\/fluffouterwear.com\/wp-content\/uploads\/2023\/08\/damska-kurtka-puchowa-campana-czarna-2-768x849.jpg 768w, https:\/\/fluffouterwear.com\/wp-content\/uploads\/2023\/08\/damska-kurtka-puchowa-campana-czarna-2-800x884.jpg 800w, https:\/\/fluffouterwear.com\/wp-content\/uploads\/2023\/08\/damska-kurtka-puchowa-campana-czarna-2.jpg 1185w\" sizes=\"auto, (max-width: 450px) 100vw, 450px\" \/><img loading=\"lazy\" decoding=\"async\" width=\"450\" height=\"675\" src=\"https:\/\/fluffouterwear.com\/wp-content\/uploads\/2025\/09\/damska-kurtka-campana-czarna2-450x675.jpg\" class=\"show-on-hover absolute fill hide-for-small back-image\" alt=\"Alternative view of Kurtka Campana Black\" aria-hidden=\"true\" srcset=\"https:\/\/fluffouterwear.com\/wp-content\/uploads\/2025\/09\/damska-kurtka-campana-czarna2-450x675.jpg 450w, https:\/\/fluffouterwear.com\/wp-content\/uploads\/2025\/09\/damska-kurtka-campana-czarna2-267x400.jpg 267w, https:\/\/fluffouterwear.com\/wp-content\/uploads\/2025\/09\/damska-kurtka-campana-czarna2-533x800.jpg 533w, https:\/\/fluffouterwear.com\/wp-content\/uploads\/2025\/09\/damska-kurtka-campana-czarna2-768x1152.jpg 768w, https:\/\/fluffouterwear.com\/wp-content\/uploads\/2025\/09\/damska-kurtka-campana-czarna2.jpg 800w\" sizes=\"auto, (max-width: 450px) 100vw, 450px\" \/>\t\t\t\t<\/a>\n\t\t\t<\/div>\n\t\t\t<div class=\"image-tools is-small top right show-on-hover\">\n\t\t\t\t\t\t\t<\/div>\n\t\t\t<div class=\"image-tools is-small hide-for-small bottom left show-on-hover\">\n\t\t\t\t\t\t\t<\/div>\n\t\t\t<div class=\"image-tools grid-tools text-center hide-for-small bottom hover-slide-in show-on-hover\">\n\t\t\t\t<a href=\"https:\/\/fluffouterwear.com\/pl\/produkt\/kurtka-campana-black\/\" aria-describedby=\"woocommerce_loop_add_to_cart_link_describedby_78912\" data-quantity=\"1\" class=\"add-to-cart-grid no-padding is-transparent product_type_variable add_to_cart_button\" data-product_id=\"78912\" data-product_sku=\"mod75-black\" aria-label=\"Wybierz opcje dla &bdquo;Kurtka Campana Black&rdquo;\" rel=\"nofollow\"><div class=\"cart-icon tooltip is-small\" title=\"Wybierz opcje\"><strong>+<\/strong><\/div><\/a>\t<span id=\"woocommerce_loop_add_to_cart_link_describedby_78912\" class=\"screen-reader-text\">\n\t\tTen produkt ma wiele wariant\u00f3w. Opcje mo\u017cna wybra\u0107 na stronie produktu\t<\/span>\n\t\t\t<\/div>\n\t\t\t\t\t<\/div>\n\n\t\t<div class=\"box-text box-text-products text-center grid-style-2\">\n\t\t\t<div class=\"title-wrapper\">\t\t<p class=\"category uppercase is-smaller no-text-overflow product-cat op-8\">\n\t\t\tKobieta\t\t<\/p>\n\t<p class=\"name product-title woocommerce-loop-product__title\"><a href=\"https:\/\/fluffouterwear.com\/pl\/produkt\/kurtka-campana-black\/\" class=\"woocommerce-LoopProduct-link woocommerce-loop-product__link\">Kurtka Campana Black<\/a><\/p><\/div><div class=\"price-wrapper\">\n\t<span class=\"price\"><span class='ywcrbp_regular_price'><del>  <span class=\"woocommerce-Price-amount amount\"><bdi>1 899,00&nbsp;<span class=\"woocommerce-Price-currencySymbol\">z\u0142<\/span><\/bdi><\/span><\/del><\/span><span class='ywcrbp_sale_price'>Sale: <span class=\"woocommerce-Price-amount amount\"><bdi>900,00&nbsp;<span class=\"woocommerce-Price-currencySymbol\">z\u0142<\/span><\/bdi><\/span><\/span><\/span>\n<div class=\"omnibus-katalog\">Najni\u017csza cena z ostatnich 30 dni: 1519,20 z\u0142<\/div><\/div>\t\t<\/div>\n\t<\/div>\n\t\t<\/div>\n<\/div><div class=\"product-small col has-hover product type-product post-78900 status-publish instock product_cat-kobieta-pl product_cat-kurtki-pl product_cat-outlet-pl product_tag-wpla has-post-thumbnail sale shipping-taxable purchasable product-type-variable\">\n\t<div class=\"col-inner\">\n\t\n<div class=\"badge-container absolute left top z-1\">\n<div class=\"callout badge badge-square\"><div class=\"badge-inner secondary on-sale\"><span class=\"onsale\">Promocja!<\/span><\/div><\/div>\n<\/div>\n\t<div class=\"product-small box \">\n\t\t<div class=\"box-image\">\n\t\t\t<div class=\"image-fade_in_back\">\n\t\t\t\t<a href=\"https:\/\/fluffouterwear.com\/pl\/produkt\/kurtka-campana-marron-glace\/\">\n\t\t\t\t\t<img loading=\"lazy\" decoding=\"async\" width=\"450\" height=\"497\" src=\"https:\/\/fluffouterwear.com\/wp-content\/uploads\/2023\/08\/damska-kurtka-puchowa-campana-marron-3-450x497.jpg\" class=\"attachment-woocommerce_thumbnail size-woocommerce_thumbnail\" alt=\"Down jacket in a cool shade of greyish brown with a slight sheen, high collar, convenient pockets and zips on the sleeves. This down jacket expands downwards like the iconic bell bottoms.\" srcset=\"https:\/\/fluffouterwear.com\/wp-content\/uploads\/2023\/08\/damska-kurtka-puchowa-campana-marron-3-450x497.jpg 450w, https:\/\/fluffouterwear.com\/wp-content\/uploads\/2023\/08\/damska-kurtka-puchowa-campana-marron-3-362x400.jpg 362w, https:\/\/fluffouterwear.com\/wp-content\/uploads\/2023\/08\/damska-kurtka-puchowa-campana-marron-3-724x800.jpg 724w, https:\/\/fluffouterwear.com\/wp-content\/uploads\/2023\/08\/damska-kurtka-puchowa-campana-marron-3-768x849.jpg 768w, https:\/\/fluffouterwear.com\/wp-content\/uploads\/2023\/08\/damska-kurtka-puchowa-campana-marron-3-800x884.jpg 800w, https:\/\/fluffouterwear.com\/wp-content\/uploads\/2023\/08\/damska-kurtka-puchowa-campana-marron-3.jpg 1185w\" sizes=\"auto, (max-width: 450px) 100vw, 450px\" \/><img loading=\"lazy\" decoding=\"async\" width=\"450\" height=\"675\" src=\"https:\/\/fluffouterwear.com\/wp-content\/uploads\/2025\/09\/damska-kurtka-campana-marron2-450x675.jpg\" class=\"show-on-hover absolute fill hide-for-small back-image\" alt=\"Alternative view of Kurtka Campana Marron Glace\" aria-hidden=\"true\" srcset=\"https:\/\/fluffouterwear.com\/wp-content\/uploads\/2025\/09\/damska-kurtka-campana-marron2-450x675.jpg 450w, https:\/\/fluffouterwear.com\/wp-content\/uploads\/2025\/09\/damska-kurtka-campana-marron2-267x400.jpg 267w, https:\/\/fluffouterwear.com\/wp-content\/uploads\/2025\/09\/damska-kurtka-campana-marron2-533x800.jpg 533w, https:\/\/fluffouterwear.com\/wp-content\/uploads\/2025\/09\/damska-kurtka-campana-marron2-768x1152.jpg 768w, https:\/\/fluffouterwear.com\/wp-content\/uploads\/2025\/09\/damska-kurtka-campana-marron2.jpg 800w\" sizes=\"auto, (max-width: 450px) 100vw, 450px\" \/>\t\t\t\t<\/a>\n\t\t\t<\/div>\n\t\t\t<div class=\"image-tools is-small top right show-on-hover\">\n\t\t\t\t\t\t\t<\/div>\n\t\t\t<div class=\"image-tools is-small hide-for-small bottom left show-on-hover\">\n\t\t\t\t\t\t\t<\/div>\n\t\t\t<div class=\"image-tools grid-tools text-center hide-for-small bottom hover-slide-in show-on-hover\">\n\t\t\t\t<a href=\"https:\/\/fluffouterwear.com\/pl\/produkt\/kurtka-campana-marron-glace\/\" aria-describedby=\"woocommerce_loop_add_to_cart_link_describedby_78900\" data-quantity=\"1\" class=\"add-to-cart-grid no-padding is-transparent product_type_variable add_to_cart_button\" data-product_id=\"78900\" data-product_sku=\"mod75-marron\" aria-label=\"Wybierz opcje dla &bdquo;Kurtka Campana Marron Glace&rdquo;\" rel=\"nofollow\"><div class=\"cart-icon tooltip is-small\" title=\"Wybierz opcje\"><strong>+<\/strong><\/div><\/a>\t<span id=\"woocommerce_loop_add_to_cart_link_describedby_78900\" class=\"screen-reader-text\">\n\t\tTen produkt ma wiele wariant\u00f3w. Opcje mo\u017cna wybra\u0107 na stronie produktu\t<\/span>\n\t\t\t<\/div>\n\t\t\t\t\t<\/div>\n\n\t\t<div class=\"box-text box-text-products text-center grid-style-2\">\n\t\t\t<div class=\"title-wrapper\">\t\t<p class=\"category uppercase is-smaller no-text-overflow product-cat op-8\">\n\t\t\tKobieta\t\t<\/p>\n\t<p class=\"name product-title woocommerce-loop-product__title\"><a href=\"https:\/\/fluffouterwear.com\/pl\/produkt\/kurtka-campana-marron-glace\/\" class=\"woocommerce-LoopProduct-link woocommerce-loop-product__link\">Kurtka Campana Marron Glace<\/a><\/p><\/div><div class=\"price-wrapper\"><div class=\"star-rating star-rating--inline\" role=\"img\" aria-label=\"Oceniono 5 na 5\"><span style=\"width:100%\">Oceniono <strong class=\"rating\">5<\/strong> na 5<\/span><\/div>\n\t<span class=\"price\"><span class='ywcrbp_regular_price'><del>  <span class=\"woocommerce-Price-amount amount\"><bdi>1 899,00&nbsp;<span class=\"woocommerce-Price-currencySymbol\">z\u0142<\/span><\/bdi><\/span><\/del><\/span><span class='ywcrbp_sale_price'>Sale: <span class=\"woocommerce-Price-amount amount\"><bdi>900,00&nbsp;<span class=\"woocommerce-Price-currencySymbol\">z\u0142<\/span><\/bdi><\/span><\/span><\/span>\n<div class=\"omnibus-katalog\">Najni\u017csza cena z ostatnich 30 dni: 1519,20 z\u0142<\/div><\/div>\t\t<\/div>\n\t<\/div>\n\t\t<\/div>\n<\/div><div class=\"product-small col has-hover product type-product post-34250 status-publish instock product_cat-kobieta-pl product_cat-kurtki-pl product_cat-outlet-pl product_tag-wpla has-post-thumbnail sale shipping-taxable purchasable product-type-variable\">\n\t<div class=\"col-inner\">\n\t\n<div class=\"badge-container absolute left top z-1\">\n<div class=\"callout badge badge-square\"><div class=\"badge-inner secondary on-sale\"><span class=\"onsale\">Promocja!<\/span><\/div><\/div>\n<\/div>\n\t<div class=\"product-small box \">\n\t\t<div class=\"box-image\">\n\t\t\t<div class=\"image-fade_in_back\">\n\t\t\t\t<a href=\"https:\/\/fluffouterwear.com\/pl\/produkt\/kurtka-bomber-czarna\/\">\n\t\t\t\t\t<img loading=\"lazy\" decoding=\"async\" width=\"450\" height=\"497\" src=\"https:\/\/fluffouterwear.com\/wp-content\/uploads\/2024\/04\/damska-kurtka-bomber-black-1-1-450x497.jpg\" class=\"attachment-woocommerce_thumbnail size-woocommerce_thumbnail\" alt=\"Kurtka o fasonie bomberki, \u015bci\u0105gacz na dole, zapinana na suwak. Posiada du\u017cy, wygodny kaptur. Wype\u0142niona puchem naturalnym.\" srcset=\"https:\/\/fluffouterwear.com\/wp-content\/uploads\/2024\/04\/damska-kurtka-bomber-black-1-1-450x497.jpg 450w, https:\/\/fluffouterwear.com\/wp-content\/uploads\/2024\/04\/damska-kurtka-bomber-black-1-1-362x400.jpg 362w, https:\/\/fluffouterwear.com\/wp-content\/uploads\/2024\/04\/damska-kurtka-bomber-black-1-1-724x800.jpg 724w, https:\/\/fluffouterwear.com\/wp-content\/uploads\/2024\/04\/damska-kurtka-bomber-black-1-1-768x849.jpg 768w, https:\/\/fluffouterwear.com\/wp-content\/uploads\/2024\/04\/damska-kurtka-bomber-black-1-1-800x884.jpg 800w, https:\/\/fluffouterwear.com\/wp-content\/uploads\/2024\/04\/damska-kurtka-bomber-black-1-1.jpg 1185w\" sizes=\"auto, (max-width: 450px) 100vw, 450px\" \/><img loading=\"lazy\" decoding=\"async\" width=\"450\" height=\"675\" src=\"https:\/\/fluffouterwear.com\/wp-content\/uploads\/2025\/09\/damska-kurtka-bomber-black3-450x675.jpg\" class=\"show-on-hover absolute fill hide-for-small back-image\" alt=\"Alternative view of Kurtka Bomber Black\" aria-hidden=\"true\" srcset=\"https:\/\/fluffouterwear.com\/wp-content\/uploads\/2025\/09\/damska-kurtka-bomber-black3-450x675.jpg 450w, https:\/\/fluffouterwear.com\/wp-content\/uploads\/2025\/09\/damska-kurtka-bomber-black3-267x400.jpg 267w, https:\/\/fluffouterwear.com\/wp-content\/uploads\/2025\/09\/damska-kurtka-bomber-black3-533x800.jpg 533w, https:\/\/fluffouterwear.com\/wp-content\/uploads\/2025\/09\/damska-kurtka-bomber-black3-768x1152.jpg 768w, https:\/\/fluffouterwear.com\/wp-content\/uploads\/2025\/09\/damska-kurtka-bomber-black3.jpg 800w\" sizes=\"auto, (max-width: 450px) 100vw, 450px\" \/>\t\t\t\t<\/a>\n\t\t\t<\/div>\n\t\t\t<div class=\"image-tools is-small top right show-on-hover\">\n\t\t\t\t\t\t\t<\/div>\n\t\t\t<div class=\"image-tools is-small hide-for-small bottom left show-on-hover\">\n\t\t\t\t\t\t\t<\/div>\n\t\t\t<div class=\"image-tools grid-tools text-center hide-for-small bottom hover-slide-in show-on-hover\">\n\t\t\t\t<a href=\"https:\/\/fluffouterwear.com\/pl\/produkt\/kurtka-bomber-czarna\/\" aria-describedby=\"woocommerce_loop_add_to_cart_link_describedby_34250\" data-quantity=\"1\" class=\"add-to-cart-grid no-padding is-transparent product_type_variable add_to_cart_button\" data-product_id=\"34250\" data-product_sku=\"mod26-black\" aria-label=\"Wybierz opcje dla &bdquo;Kurtka Bomber Black&rdquo;\" rel=\"nofollow\"><div class=\"cart-icon tooltip is-small\" title=\"Wybierz opcje\"><strong>+<\/strong><\/div><\/a>\t<span id=\"woocommerce_loop_add_to_cart_link_describedby_34250\" class=\"screen-reader-text\">\n\t\tTen produkt ma wiele wariant\u00f3w. Opcje mo\u017cna wybra\u0107 na stronie produktu\t<\/span>\n\t\t\t<\/div>\n\t\t\t\t\t<\/div>\n\n\t\t<div class=\"box-text box-text-products text-center grid-style-2\">\n\t\t\t<div class=\"title-wrapper\">\t\t<p class=\"category uppercase is-smaller no-text-overflow product-cat op-8\">\n\t\t\tKobieta\t\t<\/p>\n\t<p class=\"name product-title woocommerce-loop-product__title\"><a href=\"https:\/\/fluffouterwear.com\/pl\/produkt\/kurtka-bomber-czarna\/\" class=\"woocommerce-LoopProduct-link woocommerce-loop-product__link\">Kurtka Bomber Black<\/a><\/p><\/div><div class=\"price-wrapper\">\n\t<span class=\"price\"><span class='ywcrbp_regular_price'><del>  <span class=\"woocommerce-Price-amount amount\"><bdi>1 899,00&nbsp;<span class=\"woocommerce-Price-currencySymbol\">z\u0142<\/span><\/bdi><\/span><\/del><\/span><span class='ywcrbp_sale_price'>Sale: <span class=\"woocommerce-Price-amount amount\"><bdi>900,00&nbsp;<span class=\"woocommerce-Price-currencySymbol\">z\u0142<\/span><\/bdi><\/span><\/span><\/span>\n<div class=\"omnibus-katalog\">Najni\u017csza cena z ostatnich 30 dni: 1519,20 z\u0142<\/div><\/div>\t\t<\/div>\n\t<\/div>\n\t\t<\/div>\n<\/div><div class=\"product-small col has-hover out-of-stock product type-product post-55965 status-publish last outofstock product_cat-kobieta-pl product_cat-outlet-pl product_cat-plaszcze-pl product_tag-wpla has-post-thumbnail sale shipping-taxable purchasable product-type-variable\">\n\t<div class=\"col-inner\">\n\t\n<div class=\"badge-container absolute left top z-1\">\n<div class=\"callout badge badge-square\"><div class=\"badge-inner secondary on-sale\"><span class=\"onsale\">Promocja!<\/span><\/div><\/div>\n<\/div>\n\t<div class=\"product-small box \">\n\t\t<div class=\"box-image\">\n\t\t\t<div class=\"image-fade_in_back\">\n\t\t\t\t<a href=\"https:\/\/fluffouterwear.com\/pl\/produkt\/long-women-coat-in-black-coffee-pl\/\">\n\t\t\t\t\t<img loading=\"lazy\" decoding=\"async\" width=\"450\" height=\"497\" src=\"https:\/\/fluffouterwear.com\/wp-content\/uploads\/2024\/04\/damski-dlugi-plaszcz-black-3-450x497.jpg\" class=\"attachment-woocommerce_thumbnail size-woocommerce_thumbnail\" alt=\"D\u0142ugi, otulaj\u0105cy p\u0142aszcz puchowy na zim\u0119. Naturalny puch g\u0119si. P\u0142aszcz posiada kaptur i regulacj\u0119 w talii.\" srcset=\"https:\/\/fluffouterwear.com\/wp-content\/uploads\/2024\/04\/damski-dlugi-plaszcz-black-3-450x497.jpg 450w, https:\/\/fluffouterwear.com\/wp-content\/uploads\/2024\/04\/damski-dlugi-plaszcz-black-3-362x400.jpg 362w, https:\/\/fluffouterwear.com\/wp-content\/uploads\/2024\/04\/damski-dlugi-plaszcz-black-3-724x800.jpg 724w, https:\/\/fluffouterwear.com\/wp-content\/uploads\/2024\/04\/damski-dlugi-plaszcz-black-3-768x849.jpg 768w, https:\/\/fluffouterwear.com\/wp-content\/uploads\/2024\/04\/damski-dlugi-plaszcz-black-3-800x884.jpg 800w, https:\/\/fluffouterwear.com\/wp-content\/uploads\/2024\/04\/damski-dlugi-plaszcz-black-3.jpg 1185w\" sizes=\"auto, (max-width: 450px) 100vw, 450px\" \/><img loading=\"lazy\" decoding=\"async\" width=\"450\" height=\"675\" src=\"https:\/\/fluffouterwear.com\/wp-content\/uploads\/2025\/09\/damski-plaszcz-long-black3-450x675.jpg\" class=\"show-on-hover absolute fill hide-for-small back-image\" alt=\"Alternative view of P\u0142aszcz Long Black\" aria-hidden=\"true\" srcset=\"https:\/\/fluffouterwear.com\/wp-content\/uploads\/2025\/09\/damski-plaszcz-long-black3-450x675.jpg 450w, https:\/\/fluffouterwear.com\/wp-content\/uploads\/2025\/09\/damski-plaszcz-long-black3-267x400.jpg 267w, https:\/\/fluffouterwear.com\/wp-content\/uploads\/2025\/09\/damski-plaszcz-long-black3-533x800.jpg 533w, https:\/\/fluffouterwear.com\/wp-content\/uploads\/2025\/09\/damski-plaszcz-long-black3-768x1152.jpg 768w, https:\/\/fluffouterwear.com\/wp-content\/uploads\/2025\/09\/damski-plaszcz-long-black3.jpg 800w\" sizes=\"auto, (max-width: 450px) 100vw, 450px\" \/>\t\t\t\t<\/a>\n\t\t\t<\/div>\n\t\t\t<div class=\"image-tools is-small top right show-on-hover\">\n\t\t\t\t\t\t\t<\/div>\n\t\t\t<div class=\"image-tools is-small hide-for-small bottom left show-on-hover\">\n\t\t\t\t\t\t\t<\/div>\n\t\t\t<div class=\"image-tools grid-tools text-center hide-for-small bottom hover-slide-in show-on-hover\">\n\t\t\t\t<a href=\"https:\/\/fluffouterwear.com\/pl\/produkt\/long-women-coat-in-black-coffee-pl\/\" aria-describedby=\"woocommerce_loop_add_to_cart_link_describedby_55965\" data-quantity=\"1\" class=\"add-to-cart-grid no-padding is-transparent product_type_variable\" data-product_id=\"55965\" data-product_sku=\"mod18-black\" aria-label=\"Wybierz opcje dla &bdquo;P\u0142aszcz Long Black&rdquo;\" rel=\"nofollow\"><div class=\"cart-icon tooltip is-small\" title=\"Wybierz opcje\"><strong>+<\/strong><\/div><\/a>\t<span id=\"woocommerce_loop_add_to_cart_link_describedby_55965\" class=\"screen-reader-text\">\n\t\tTen produkt ma wiele wariant\u00f3w. Opcje mo\u017cna wybra\u0107 na stronie produktu\t<\/span>\n\t\t\t<\/div>\n\t\t\t<div class=\"out-of-stock-label\">Brak w magazynie<\/div>\t\t<\/div>\n\n\t\t<div class=\"box-text box-text-products text-center grid-style-2\">\n\t\t\t<div class=\"title-wrapper\">\t\t<p class=\"category uppercase is-smaller no-text-overflow product-cat op-8\">\n\t\t\tKobieta\t\t<\/p>\n\t<p class=\"name product-title woocommerce-loop-product__title\"><a href=\"https:\/\/fluffouterwear.com\/pl\/produkt\/long-women-coat-in-black-coffee-pl\/\" class=\"woocommerce-LoopProduct-link woocommerce-loop-product__link\">P\u0142aszcz Long Black<\/a><\/p><\/div><div class=\"price-wrapper\">\n\t<span class=\"price\"><span class='ywcrbp_regular_price'><del>  <span class=\"woocommerce-Price-amount amount\"><bdi>2 199,00&nbsp;<span class=\"woocommerce-Price-currencySymbol\">z\u0142<\/span><\/bdi><\/span><\/del><\/span><span class='ywcrbp_sale_price'>Sale: <span class=\"woocommerce-Price-amount amount\"><bdi>1 100,00&nbsp;<span class=\"woocommerce-Price-currencySymbol\">z\u0142<\/span><\/bdi><\/span><\/span><\/span>\n<div class=\"omnibus-katalog\">Najni\u017csza cena z ostatnich 30 dni: 1759,20 z\u0142<\/div><\/div>\t\t<\/div>\n\t<\/div>\n\t\t<\/div>\n<\/div><\/div><!-- row -->\n<\/div>\n","protected":false},"excerpt":{"rendered":"<p>Women&#8217;s sale Pick up some great items at stunning prices in our seasonal sale.<\/p>\n","protected":false},"author":1,"featured_media":0,"parent":0,"menu_order":0,"comment_status":"closed","ping_status":"closed","template":"template-fullwidth-no-heading.php","meta":{"_acf_changed":false,"footnotes":""},"class_list":["post-1078","page","type-page","status-publish","hentry"],"acf":[],"yoast_head":"<!-- This site is optimized with the Yoast SEO plugin v27.0 - https:\/\/yoast.com\/product\/yoast-seo-wordpress\/ -->\n<title>Fluff - Women - On sale - Fluff<\/title>\n<meta name=\"robots\" content=\"index, follow, max-snippet:-1, max-image-preview:large, max-video-preview:-1\" \/>\n<link rel=\"canonical\" href=\"https:\/\/fluffouterwear.com\/pl\/women-sale\/\" \/>\n<meta property=\"og:locale\" content=\"pl_PL\" \/>\n<meta property=\"og:type\" content=\"article\" \/>\n<meta property=\"og:title\" content=\"Fluff - Women - On sale - Fluff\" \/>\n<meta property=\"og:description\" content=\"Women&#8217;s sale Pick up some great items at stunning prices in our seasonal sale.\" \/>\n<meta property=\"og:url\" content=\"https:\/\/fluffouterwear.com\/pl\/women-sale\/\" \/>\n<meta property=\"og:site_name\" content=\"Fluff\" \/>\n<meta property=\"og:image\" content=\"https:\/\/fluffouterwear.com\/wp-content\/uploads\/2026\/04\/26_04_03_fluffy_alex_21872.jpg\" \/>\n\t<meta property=\"og:image:width\" content=\"1920\" \/>\n\t<meta property=\"og:image:height\" content=\"1257\" \/>\n\t<meta property=\"og:image:type\" content=\"image\/jpeg\" \/>\n<meta name=\"twitter:card\" content=\"summary_large_image\" \/>\n<script type=\"application\/ld+json\" class=\"yoast-schema-graph\">{\"@context\":\"https:\/\/schema.org\",\"@graph\":[{\"@type\":\"WebPage\",\"@id\":\"https:\/\/fluffouterwear.com\/pl\/women-sale\/\",\"url\":\"https:\/\/fluffouterwear.com\/pl\/women-sale\/\",\"name\":\"Fluff - Women - On sale - Fluff\",\"isPartOf\":{\"@id\":\"https:\/\/fluffouterwear.com\/pl\/#website\"},\"datePublished\":\"2018-07-11T09:48:46+00:00\",\"breadcrumb\":{\"@id\":\"https:\/\/fluffouterwear.com\/pl\/women-sale\/#breadcrumb\"},\"inLanguage\":\"pl-PL\",\"potentialAction\":[{\"@type\":\"ReadAction\",\"target\":[\"https:\/\/fluffouterwear.com\/pl\/women-sale\/\"]}]},{\"@type\":\"BreadcrumbList\",\"@id\":\"https:\/\/fluffouterwear.com\/pl\/women-sale\/#breadcrumb\",\"itemListElement\":[{\"@type\":\"ListItem\",\"position\":1,\"name\":\"Strona g\u0142\u00f3wna\",\"item\":\"https:\/\/fluffouterwear.com\/pl\/\"},{\"@type\":\"ListItem\",\"position\":2,\"name\":\"Women &#8211; On sale\"}]},{\"@type\":\"WebSite\",\"@id\":\"https:\/\/fluffouterwear.com\/pl\/#website\",\"url\":\"https:\/\/fluffouterwear.com\/pl\/\",\"name\":\"Fluff\",\"description\":\"\",\"potentialAction\":[{\"@type\":\"SearchAction\",\"target\":{\"@type\":\"EntryPoint\",\"urlTemplate\":\"https:\/\/fluffouterwear.com\/pl\/?s={search_term_string}\"},\"query-input\":{\"@type\":\"PropertyValueSpecification\",\"valueRequired\":true,\"valueName\":\"search_term_string\"}}],\"inLanguage\":\"pl-PL\"}]}<\/script>\n<!-- \/ Yoast SEO plugin. -->","yoast_head_json":{"title":"Fluff - Women - On sale - Fluff","robots":{"index":"index","follow":"follow","max-snippet":"max-snippet:-1","max-image-preview":"max-image-preview:large","max-video-preview":"max-video-preview:-1"},"canonical":"https:\/\/fluffouterwear.com\/pl\/women-sale\/","og_locale":"pl_PL","og_type":"article","og_title":"Fluff - Women - On sale - Fluff","og_description":"Women&#8217;s sale Pick up some great items at stunning prices in our seasonal sale.","og_url":"https:\/\/fluffouterwear.com\/pl\/women-sale\/","og_site_name":"Fluff","og_image":[{"width":1920,"height":1257,"url":"https:\/\/fluffouterwear.com\/wp-content\/uploads\/2026\/04\/26_04_03_fluffy_alex_21872.jpg","type":"image\/jpeg"}],"twitter_card":"summary_large_image","schema":{"@context":"https:\/\/schema.org","@graph":[{"@type":"WebPage","@id":"https:\/\/fluffouterwear.com\/pl\/women-sale\/","url":"https:\/\/fluffouterwear.com\/pl\/women-sale\/","name":"Fluff - Women - On sale - Fluff","isPartOf":{"@id":"https:\/\/fluffouterwear.com\/pl\/#website"},"datePublished":"2018-07-11T09:48:46+00:00","breadcrumb":{"@id":"https:\/\/fluffouterwear.com\/pl\/women-sale\/#breadcrumb"},"inLanguage":"pl-PL","potentialAction":[{"@type":"ReadAction","target":["https:\/\/fluffouterwear.com\/pl\/women-sale\/"]}]},{"@type":"BreadcrumbList","@id":"https:\/\/fluffouterwear.com\/pl\/women-sale\/#breadcrumb","itemListElement":[{"@type":"ListItem","position":1,"name":"Strona g\u0142\u00f3wna","item":"https:\/\/fluffouterwear.com\/pl\/"},{"@type":"ListItem","position":2,"name":"Women &#8211; On sale"}]},{"@type":"WebSite","@id":"https:\/\/fluffouterwear.com\/pl\/#website","url":"https:\/\/fluffouterwear.com\/pl\/","name":"Fluff","description":"","potentialAction":[{"@type":"SearchAction","target":{"@type":"EntryPoint","urlTemplate":"https:\/\/fluffouterwear.com\/pl\/?s={search_term_string}"},"query-input":{"@type":"PropertyValueSpecification","valueRequired":true,"valueName":"search_term_string"}}],"inLanguage":"pl-PL"}]}},"_links":{"self":[{"href":"https:\/\/fluffouterwear.com\/pl\/wp-json\/wp\/v2\/pages\/1078","targetHints":{"allow":["GET"]}}],"collection":[{"href":"https:\/\/fluffouterwear.com\/pl\/wp-json\/wp\/v2\/pages"}],"about":[{"href":"https:\/\/fluffouterwear.com\/pl\/wp-json\/wp\/v2\/types\/page"}],"author":[{"embeddable":true,"href":"https:\/\/fluffouterwear.com\/pl\/wp-json\/wp\/v2\/users\/1"}],"replies":[{"embeddable":true,"href":"https:\/\/fluffouterwear.com\/pl\/wp-json\/wp\/v2\/comments?post=1078"}],"version-history":[{"count":0,"href":"https:\/\/fluffouterwear.com\/pl\/wp-json\/wp\/v2\/pages\/1078\/revisions"}],"wp:attachment":[{"href":"https:\/\/fluffouterwear.com\/pl\/wp-json\/wp\/v2\/media?parent=1078"}],"curies":[{"name":"wp","href":"https:\/\/api.w.org\/{rel}","templated":true}]}}