{"id":47468,"date":"2021-11-02T13:13:48","date_gmt":"2021-11-02T12:13:48","guid":{"rendered":"http:\/\/fluffouterwear.com\/?page_id=47468"},"modified":"2023-04-17T12:57:58","modified_gmt":"2023-04-17T10:57:58","slug":"programy-unijne","status":"publish","type":"page","link":"https:\/\/fluffouterwear.com\/pl\/programy-unijne\/","title":{"rendered":"Programy Unijne"},"content":{"rendered":"<div class=\"gmail_default\"><em>PROJEKT 3<\/em><\/div>\n<div class=\"gmail_default\">Program Operacyjny Polska Wschodnia, o\u015b priorytetowa: 1 Przedsi\u0119biorcza Polska Wschodnia, dzia\u0142anie: 1.2 Internacjonalizacja M\u015aP<\/div>\n<div><\/div>\n<div class=\"gmail_default\"><strong>Tytu\u0142 projektu: Wdro\u017cenie nowego modelu biznesowego internacjonalizacji marki FLUFF firmy SOLISS JAROS\u0141AW MAKOWSKI.<\/strong><\/div>\n<div><\/div>\n<div class=\"gmail_default\">Cel projektu: wzrost rozpoznawalno\u015bci polskiej marki produktowej FLUFF na rynku Australii oraz Nowej Zelandii, kt\u00f3ry prze\u0142o\u017cy si\u0119 na wzrost wolumenu eksportu przedsi\u0119biorstwa oraz ugruntowanie jego pozycji na arenie mi\u0119dzynarodowej.<\/div>\n<div><\/div>\n<div class=\"gmail_default\">Planowane efekty projektu:<\/div>\n<div class=\"gmail_default\">\u2013 podpisanie kontrakt\u00f3w handlowych zagranicznych,<\/div>\n<div class=\"gmail_default\">\u2013 wzrost przychod\u00f3w ze sprzeda\u017cy produkt\u00f3w na eksport.<\/div>\n<div><\/div>\n<div class=\"gmail_default\">Warto\u015b\u0107 projektu og\u00f3\u0142em: 377 928,00 PLN<\/div>\n<div class=\"gmail_default\">Wk\u0142ad Funduszy Europejskich: 267 750,00 PLN<\/div>\n<div><\/div>\n<div class=\"gmail_default\">Numer umowy o dofinansowanie: POPW.01.02.00-06-0049\/21-00<\/div>\n<div class=\"gmail_default\">Beneficjent: Soliss Jaros\u0142aw Makowski<\/div>\n<p>&nbsp;<\/p>\n<p>&nbsp;<\/p>\n<p><strong>Zapytanie ofertowe nr 1\/2021\/FLUFF (zapewnienie wyposa\u017cenia nowego stanowiska konstrukcyjno-produkcyjnego)<\/strong><\/p>\n<p><a href=\"https:\/\/fluffouterwear.com\/dokumenty\/WYNIK_ROZSTRZYGNI\u0118CIA_ZAPYTANIA_OFERTOWEGO_nr_12021FLUFF.pdf\"><strong>WYNIK ROZSTRZYGNI\u0118CIA ZAPYTANIA OFERTOWEGO nr 12021FLUFF<\/strong><\/a><\/p>\n<p>&nbsp;<\/p>\n<p><strong>Zapytanie ofertowe nr 1\/2022\/FLUFF (us\u0142uga doradcza)<\/strong><\/p>\n<p><strong><a href=\"https:\/\/fluffouterwear.com\/dokumenty\/CCF_000379.pdf\">WYNIK ROZSTRZYGNI\u0118CIA ZAPYTANIA OFERTOWEGO nr 12022FLUFF<\/a><\/strong><\/p>\n<p>&nbsp;<\/p>\n<p><em>PROJEKT 4<\/em><\/p>\n<p>Program Operacyjny Polska Wschodnia, o\u015b priorytetowa: 1 Przedsi\u0119biorcza Polska Wschodnia, dzia\u0142anie: 1.2 Internacjonalizacja M\u015aP<\/p>\n<p><strong>Tytu\u0142 projektu: Wdro\u017cenie modelu biznesowego internacjonalizacji dla przedsi\u0119biorstwa SOLISS JAROS\u0141AW MAKOWSKI.<\/strong><\/p>\n<p>Cel projektu: wzrost rozpoznawalno\u015bci polskiej marki produktowej FLUFF na rynku Kanady, kt\u00f3ry prze\u0142o\u017cy si\u0119 na wzrost wolumenu eksportu przedsi\u0119biorstwa oraz ugruntowanie jego pozycji na arenie mi\u0119dzynarodowej.<\/p>\n<p>Planowane efekty projektu:<br \/>\n\u2013 podpisanie kontrakt\u00f3w handlowych zagranicznych,<br \/>\n\u2013 wzrost przychod\u00f3w ze sprzeda\u017cy produkt\u00f3w na eksport.<\/p>\n<p>Warto\u015b\u0107 projektu og\u00f3\u0142em: 249 575,00 PLN<br \/>\nWk\u0142ad Funduszy Europejskich: 176 460,00 PLN<\/p>\n<p>Numer umowy o dofinansowanie: POPW.01.02.00-06-0017\/22-00<br \/>\nBeneficjent: Soliss Jaros\u0142aw Makowski<\/p>\n<p>&nbsp;<\/p>\n<p><strong>Zapytanie ofertowe nr 1\/2023\/SOLISS (wyposa\u017cenie stoiska konstrukcyjno-produkcyjnego)<\/strong><\/p>\n<p><em>Szanowni Pa\u0144stwo,<\/em><\/p>\n<p><em>w zwi\u0105zku z planowanym nabyciem element\u00f3w wyposa\u017cenia nowego stanowiska konstrukcyjno-produkcyjnego zach\u0119camy Pa\u0144stwa do z\u0142o\u017cenia oferty w ramach zapytania ofertowego nr 1\/2023\/SOLISS. W za\u0142\u0105cznikach poni\u017cej tre\u015b\u0107 zapytania ofertowego wraz z dokumentami.<\/em><br \/>\n<em>Termin sk\u0142adania ofert 14\/04\/2023 r.<\/em><\/p>\n<p>W przypadku pojawienia si\u0119 pyta\u0144 prosz\u0119 o kontakt mailowy lub telefoniczny.<\/p>\n<ul>\n<li><a href=\"https:\/\/fluffouterwear.com\/dokumenty\/Zapytanie_ofertowe_nr_1_2023_SOLISS.docx\">Zapytanie ofertowe nr 1\/2023\/SOLISS<\/a><\/li>\n<li><a href=\"https:\/\/fluffouterwear.com\/dokumenty\/Za\u0142\u0105cznik_nr_1_Formularz_ofertowy_zapytanie_ofertowe_nr_1_2023_SOLISS.docx\">Za\u0142\u0105cznik 1<\/a><\/li>\n<li><a href=\"https:\/\/fluffouterwear.com\/dokumenty\/Za\u0142\u0105cznik_nr_2_o\u015bwiadczenie_o_braku_powi\u0105za\u0144_zapytanie_nr_1_2023_SOLISS.docx\">Za\u0142\u0105cznik 2<\/a><\/li>\n<li><a href=\"https:\/\/fluffouterwear.com\/dokumenty\/Za\u0142\u0105cznik_nr_3_O\u015bwiadczenie_o_zdolno\u015bci_do_wykonania_zam\u00f3wienia_zapytanie_ofertowe_nr_1_2023_SOLISS.docx\">Za\u0142\u0105cznik 3<\/a><\/li>\n<\/ul>\n<p><strong><a href=\"https:\/\/fluffouterwear.com\/dokumenty\/CCF_000416.pdf\" target=\"_blank\" rel=\"noopener\">WYNIK ROZSTRZYGNI\u0118CIA ZAPYTANIA OFERTOWEGO 1\/2023\/SOLISS<\/strong><\/a><\/p>\n","protected":false},"excerpt":{"rendered":"<p>PROJEKT 3 Program Operacyjny Polska Wschodnia, o\u015b priorytetowa: 1 Przedsi\u0119biorcza Polska Wschodnia, dzia\u0142anie: 1.2 Internacjonalizacja M\u015aP Tytu\u0142 projektu: Wdro\u017cenie nowego modelu biznesowego internacjonalizacji marki FLUFF firmy SOLISS JAROS\u0141AW MAKOWSKI. Cel projektu: wzrost rozpoznawalno\u015bci polskiej marki produktowej FLUFF na rynku Australii oraz Nowej Zelandii, kt\u00f3ry prze\u0142o\u017cy si\u0119 na wzrost wolumenu eksportu przedsi\u0119biorstwa oraz ugruntowanie jego pozycji [&#8230;]\n","protected":false},"author":1,"featured_media":0,"parent":0,"menu_order":0,"comment_status":"closed","ping_status":"closed","template":"","meta":{"_acf_changed":false,"footnotes":""},"class_list":["post-47468","page","type-page","status-publish","hentry"],"acf":[],"yoast_head":"<!-- This site is optimized with the Yoast SEO plugin v27.0 - https:\/\/yoast.com\/product\/yoast-seo-wordpress\/ -->\n<title>Fluff - Programy Unijne - Fluff<\/title>\n<meta name=\"robots\" content=\"index, follow, max-snippet:-1, max-image-preview:large, max-video-preview:-1\" \/>\n<link rel=\"canonical\" href=\"https:\/\/fluffouterwear.com\/pl\/programy-unijne\/\" \/>\n<meta property=\"og:locale\" content=\"pl_PL\" \/>\n<meta property=\"og:type\" content=\"article\" \/>\n<meta property=\"og:title\" content=\"Fluff - Programy Unijne - Fluff\" \/>\n<meta property=\"og:description\" content=\"PROJEKT 3 Program Operacyjny Polska Wschodnia, o\u015b priorytetowa: 1 Przedsi\u0119biorcza Polska Wschodnia, dzia\u0142anie: 1.2 Internacjonalizacja M\u015aP Tytu\u0142 projektu: Wdro\u017cenie nowego modelu biznesowego internacjonalizacji marki FLUFF firmy SOLISS JAROS\u0141AW MAKOWSKI. Cel projektu: wzrost rozpoznawalno\u015bci polskiej marki produktowej FLUFF na rynku Australii oraz Nowej Zelandii, kt\u00f3ry prze\u0142o\u017cy si\u0119 na wzrost wolumenu eksportu przedsi\u0119biorstwa oraz ugruntowanie jego pozycji [...]\" \/>\n<meta property=\"og:url\" content=\"https:\/\/fluffouterwear.com\/pl\/programy-unijne\/\" \/>\n<meta property=\"og:site_name\" content=\"Fluff\" \/>\n<meta property=\"article:modified_time\" content=\"2023-04-17T10:57:58+00:00\" \/>\n<meta property=\"og:image\" content=\"https:\/\/fluffouterwear.com\/wp-content\/uploads\/2026\/04\/26_04_03_fluffy_alex_21872.jpg\" \/>\n\t<meta property=\"og:image:width\" content=\"1920\" \/>\n\t<meta property=\"og:image:height\" content=\"1257\" \/>\n\t<meta property=\"og:image:type\" content=\"image\/jpeg\" \/>\n<meta name=\"twitter:card\" content=\"summary_large_image\" \/>\n<meta name=\"twitter:label1\" content=\"Szacowany czas czytania\" \/>\n\t<meta name=\"twitter:data1\" content=\"2 minuty\" \/>\n<script type=\"application\/ld+json\" class=\"yoast-schema-graph\">{\"@context\":\"https:\/\/schema.org\",\"@graph\":[{\"@type\":\"WebPage\",\"@id\":\"https:\/\/fluffouterwear.com\/pl\/programy-unijne\/\",\"url\":\"https:\/\/fluffouterwear.com\/pl\/programy-unijne\/\",\"name\":\"Fluff - Programy Unijne - Fluff\",\"isPartOf\":{\"@id\":\"https:\/\/fluffouterwear.com\/pl\/#website\"},\"datePublished\":\"2021-11-02T12:13:48+00:00\",\"dateModified\":\"2023-04-17T10:57:58+00:00\",\"breadcrumb\":{\"@id\":\"https:\/\/fluffouterwear.com\/pl\/programy-unijne\/#breadcrumb\"},\"inLanguage\":\"pl-PL\",\"potentialAction\":[{\"@type\":\"ReadAction\",\"target\":[\"https:\/\/fluffouterwear.com\/pl\/programy-unijne\/\"]}]},{\"@type\":\"BreadcrumbList\",\"@id\":\"https:\/\/fluffouterwear.com\/pl\/programy-unijne\/#breadcrumb\",\"itemListElement\":[{\"@type\":\"ListItem\",\"position\":1,\"name\":\"Strona g\u0142\u00f3wna\",\"item\":\"https:\/\/fluffouterwear.com\/pl\/\"},{\"@type\":\"ListItem\",\"position\":2,\"name\":\"Programy Unijne\"}]},{\"@type\":\"WebSite\",\"@id\":\"https:\/\/fluffouterwear.com\/pl\/#website\",\"url\":\"https:\/\/fluffouterwear.com\/pl\/\",\"name\":\"Fluff\",\"description\":\"\",\"potentialAction\":[{\"@type\":\"SearchAction\",\"target\":{\"@type\":\"EntryPoint\",\"urlTemplate\":\"https:\/\/fluffouterwear.com\/pl\/?s={search_term_string}\"},\"query-input\":{\"@type\":\"PropertyValueSpecification\",\"valueRequired\":true,\"valueName\":\"search_term_string\"}}],\"inLanguage\":\"pl-PL\"}]}<\/script>\n<!-- \/ Yoast SEO plugin. -->","yoast_head_json":{"title":"Fluff - Programy Unijne - Fluff","robots":{"index":"index","follow":"follow","max-snippet":"max-snippet:-1","max-image-preview":"max-image-preview:large","max-video-preview":"max-video-preview:-1"},"canonical":"https:\/\/fluffouterwear.com\/pl\/programy-unijne\/","og_locale":"pl_PL","og_type":"article","og_title":"Fluff - Programy Unijne - Fluff","og_description":"PROJEKT 3 Program Operacyjny Polska Wschodnia, o\u015b priorytetowa: 1 Przedsi\u0119biorcza Polska Wschodnia, dzia\u0142anie: 1.2 Internacjonalizacja M\u015aP Tytu\u0142 projektu: Wdro\u017cenie nowego modelu biznesowego internacjonalizacji marki FLUFF firmy SOLISS JAROS\u0141AW MAKOWSKI. Cel projektu: wzrost rozpoznawalno\u015bci polskiej marki produktowej FLUFF na rynku Australii oraz Nowej Zelandii, kt\u00f3ry prze\u0142o\u017cy si\u0119 na wzrost wolumenu eksportu przedsi\u0119biorstwa oraz ugruntowanie jego pozycji [...]","og_url":"https:\/\/fluffouterwear.com\/pl\/programy-unijne\/","og_site_name":"Fluff","article_modified_time":"2023-04-17T10:57:58+00:00","og_image":[{"width":1920,"height":1257,"url":"https:\/\/fluffouterwear.com\/wp-content\/uploads\/2026\/04\/26_04_03_fluffy_alex_21872.jpg","type":"image\/jpeg"}],"twitter_card":"summary_large_image","twitter_misc":{"Szacowany czas czytania":"2 minuty"},"schema":{"@context":"https:\/\/schema.org","@graph":[{"@type":"WebPage","@id":"https:\/\/fluffouterwear.com\/pl\/programy-unijne\/","url":"https:\/\/fluffouterwear.com\/pl\/programy-unijne\/","name":"Fluff - Programy Unijne - Fluff","isPartOf":{"@id":"https:\/\/fluffouterwear.com\/pl\/#website"},"datePublished":"2021-11-02T12:13:48+00:00","dateModified":"2023-04-17T10:57:58+00:00","breadcrumb":{"@id":"https:\/\/fluffouterwear.com\/pl\/programy-unijne\/#breadcrumb"},"inLanguage":"pl-PL","potentialAction":[{"@type":"ReadAction","target":["https:\/\/fluffouterwear.com\/pl\/programy-unijne\/"]}]},{"@type":"BreadcrumbList","@id":"https:\/\/fluffouterwear.com\/pl\/programy-unijne\/#breadcrumb","itemListElement":[{"@type":"ListItem","position":1,"name":"Strona g\u0142\u00f3wna","item":"https:\/\/fluffouterwear.com\/pl\/"},{"@type":"ListItem","position":2,"name":"Programy Unijne"}]},{"@type":"WebSite","@id":"https:\/\/fluffouterwear.com\/pl\/#website","url":"https:\/\/fluffouterwear.com\/pl\/","name":"Fluff","description":"","potentialAction":[{"@type":"SearchAction","target":{"@type":"EntryPoint","urlTemplate":"https:\/\/fluffouterwear.com\/pl\/?s={search_term_string}"},"query-input":{"@type":"PropertyValueSpecification","valueRequired":true,"valueName":"search_term_string"}}],"inLanguage":"pl-PL"}]}},"_links":{"self":[{"href":"https:\/\/fluffouterwear.com\/pl\/wp-json\/wp\/v2\/pages\/47468","targetHints":{"allow":["GET"]}}],"collection":[{"href":"https:\/\/fluffouterwear.com\/pl\/wp-json\/wp\/v2\/pages"}],"about":[{"href":"https:\/\/fluffouterwear.com\/pl\/wp-json\/wp\/v2\/types\/page"}],"author":[{"embeddable":true,"href":"https:\/\/fluffouterwear.com\/pl\/wp-json\/wp\/v2\/users\/1"}],"replies":[{"embeddable":true,"href":"https:\/\/fluffouterwear.com\/pl\/wp-json\/wp\/v2\/comments?post=47468"}],"version-history":[{"count":0,"href":"https:\/\/fluffouterwear.com\/pl\/wp-json\/wp\/v2\/pages\/47468\/revisions"}],"wp:attachment":[{"href":"https:\/\/fluffouterwear.com\/pl\/wp-json\/wp\/v2\/media?parent=47468"}],"curies":[{"name":"wp","href":"https:\/\/api.w.org\/{rel}","templated":true}]}}