{"id":48921,"date":"2021-12-06T12:29:35","date_gmt":"2021-12-06T11:29:35","guid":{"rendered":"http:\/\/fluffouterwear.com\/?page_id=48921"},"modified":"2025-04-09T10:24:12","modified_gmt":"2025-04-09T08:24:12","slug":"praca","status":"publish","type":"page","link":"https:\/\/fluffouterwear.com\/pl\/praca\/","title":{"rendered":"Pracuj z nami"},"content":{"rendered":"<p style=\"text-align: center;\"><strong>Rekrutujemy!<\/strong><\/p>\n<p style=\"text-align: center;\">Praca stacjonarna:<br \/>\n<span style=\"text-decoration: underline;\"><a href=\"https:\/\/fluffouterwear.com\/dokumenty\/praca_szwaczka.pdf\" target=\"_blank\" rel=\"noopener\">Szwaczka<\/a><\/span><br \/>\n<a href=\"https:\/\/fluffouterwear.com\/dokumenty\/praca_krojcza.pdf\" target=\"_blank\" rel=\"noopener\"><span style=\"text-decoration: underline;\">Krojcza<\/span><\/a><br \/>\n<a href=\"https:\/\/fluffouterwear.com\/dokumenty\/Konstruktor_odziezy.pdf\"><span style=\"text-decoration: underline;\">Konstruktor odzie\u017cy \/ Specjalista ds. zarz\u0105dzania produkcj\u0105<\/span><\/a><\/p>\n<p style=\"text-align: center;\"><strong>Kliknij interesuj\u0105c\u0105 Ci\u0119 ofert\u0119, by zobaczy\u0107 wi\u0119cej szczeg\u00f3\u0142\u00f3w.<\/strong><\/p>\n","protected":false},"excerpt":{"rendered":"<p>Rekrutujemy! Praca stacjonarna: Szwaczka Krojcza Konstruktor odzie\u017cy \/ Specjalista ds. zarz\u0105dzania produkcj\u0105 Kliknij interesuj\u0105c\u0105 Ci\u0119 ofert\u0119, by zobaczy\u0107 wi\u0119cej szczeg\u00f3\u0142\u00f3w.<\/p>\n","protected":false},"author":1,"featured_media":0,"parent":0,"menu_order":0,"comment_status":"closed","ping_status":"closed","template":"page-blank-title-center.php","meta":{"_acf_changed":false,"footnotes":""},"class_list":["post-48921","page","type-page","status-publish","hentry"],"acf":[],"yoast_head":"<!-- This site is optimized with the Yoast SEO plugin v27.0 - https:\/\/yoast.com\/product\/yoast-seo-wordpress\/ -->\n<title>Fluff - Pracuj z nami - Fluff<\/title>\n<meta name=\"robots\" content=\"index, follow, max-snippet:-1, max-image-preview:large, max-video-preview:-1\" \/>\n<link rel=\"canonical\" href=\"https:\/\/fluffouterwear.com\/pl\/praca\/\" \/>\n<meta property=\"og:locale\" content=\"pl_PL\" \/>\n<meta property=\"og:type\" content=\"article\" \/>\n<meta property=\"og:title\" content=\"Fluff - Pracuj z nami - Fluff\" \/>\n<meta property=\"og:description\" content=\"Rekrutujemy! Praca stacjonarna: Szwaczka Krojcza Konstruktor odzie\u017cy \/ Specjalista ds. zarz\u0105dzania produkcj\u0105 Kliknij interesuj\u0105c\u0105 Ci\u0119 ofert\u0119, by zobaczy\u0107 wi\u0119cej szczeg\u00f3\u0142\u00f3w.\" \/>\n<meta property=\"og:url\" content=\"https:\/\/fluffouterwear.com\/pl\/praca\/\" \/>\n<meta property=\"og:site_name\" content=\"Fluff\" \/>\n<meta property=\"article:modified_time\" content=\"2025-04-09T08:24:12+00:00\" \/>\n<meta property=\"og:image\" content=\"https:\/\/fluffouterwear.com\/wp-content\/uploads\/2025\/04\/1200x675.jpg\" \/>\n\t<meta property=\"og:image:width\" content=\"1200\" \/>\n\t<meta property=\"og:image:height\" content=\"675\" \/>\n\t<meta property=\"og:image:type\" content=\"image\/jpeg\" \/>\n<meta name=\"twitter:card\" content=\"summary_large_image\" \/>\n<meta name=\"twitter:label1\" content=\"Szacowany czas czytania\" \/>\n\t<meta name=\"twitter:data1\" content=\"1 minuta\" \/>\n<script type=\"application\/ld+json\" class=\"yoast-schema-graph\">{\"@context\":\"https:\/\/schema.org\",\"@graph\":[{\"@type\":\"WebPage\",\"@id\":\"https:\/\/fluffouterwear.com\/pl\/praca\/\",\"url\":\"https:\/\/fluffouterwear.com\/pl\/praca\/\",\"name\":\"Fluff - Pracuj z nami - Fluff\",\"isPartOf\":{\"@id\":\"https:\/\/fluffouterwear.com\/pl\/#website\"},\"datePublished\":\"2021-12-06T11:29:35+00:00\",\"dateModified\":\"2025-04-09T08:24:12+00:00\",\"breadcrumb\":{\"@id\":\"https:\/\/fluffouterwear.com\/pl\/praca\/#breadcrumb\"},\"inLanguage\":\"pl-PL\",\"potentialAction\":[{\"@type\":\"ReadAction\",\"target\":[\"https:\/\/fluffouterwear.com\/pl\/praca\/\"]}]},{\"@type\":\"BreadcrumbList\",\"@id\":\"https:\/\/fluffouterwear.com\/pl\/praca\/#breadcrumb\",\"itemListElement\":[{\"@type\":\"ListItem\",\"position\":1,\"name\":\"Strona g\u0142\u00f3wna\",\"item\":\"https:\/\/fluffouterwear.com\/pl\/\"},{\"@type\":\"ListItem\",\"position\":2,\"name\":\"Pracuj z nami\"}]},{\"@type\":\"WebSite\",\"@id\":\"https:\/\/fluffouterwear.com\/pl\/#website\",\"url\":\"https:\/\/fluffouterwear.com\/pl\/\",\"name\":\"Fluff\",\"description\":\"\",\"potentialAction\":[{\"@type\":\"SearchAction\",\"target\":{\"@type\":\"EntryPoint\",\"urlTemplate\":\"https:\/\/fluffouterwear.com\/pl\/?s={search_term_string}\"},\"query-input\":{\"@type\":\"PropertyValueSpecification\",\"valueRequired\":true,\"valueName\":\"search_term_string\"}}],\"inLanguage\":\"pl-PL\"}]}<\/script>\n<!-- \/ Yoast SEO plugin. -->","yoast_head_json":{"title":"Fluff - Pracuj z nami - Fluff","robots":{"index":"index","follow":"follow","max-snippet":"max-snippet:-1","max-image-preview":"max-image-preview:large","max-video-preview":"max-video-preview:-1"},"canonical":"https:\/\/fluffouterwear.com\/pl\/praca\/","og_locale":"pl_PL","og_type":"article","og_title":"Fluff - Pracuj z nami - Fluff","og_description":"Rekrutujemy! Praca stacjonarna: Szwaczka Krojcza Konstruktor odzie\u017cy \/ Specjalista ds. zarz\u0105dzania produkcj\u0105 Kliknij interesuj\u0105c\u0105 Ci\u0119 ofert\u0119, by zobaczy\u0107 wi\u0119cej szczeg\u00f3\u0142\u00f3w.","og_url":"https:\/\/fluffouterwear.com\/pl\/praca\/","og_site_name":"Fluff","article_modified_time":"2025-04-09T08:24:12+00:00","og_image":[{"width":1200,"height":675,"url":"https:\/\/fluffouterwear.com\/wp-content\/uploads\/2025\/04\/1200x675.jpg","type":"image\/jpeg"}],"twitter_card":"summary_large_image","twitter_misc":{"Szacowany czas czytania":"1 minuta"},"schema":{"@context":"https:\/\/schema.org","@graph":[{"@type":"WebPage","@id":"https:\/\/fluffouterwear.com\/pl\/praca\/","url":"https:\/\/fluffouterwear.com\/pl\/praca\/","name":"Fluff - Pracuj z nami - Fluff","isPartOf":{"@id":"https:\/\/fluffouterwear.com\/pl\/#website"},"datePublished":"2021-12-06T11:29:35+00:00","dateModified":"2025-04-09T08:24:12+00:00","breadcrumb":{"@id":"https:\/\/fluffouterwear.com\/pl\/praca\/#breadcrumb"},"inLanguage":"pl-PL","potentialAction":[{"@type":"ReadAction","target":["https:\/\/fluffouterwear.com\/pl\/praca\/"]}]},{"@type":"BreadcrumbList","@id":"https:\/\/fluffouterwear.com\/pl\/praca\/#breadcrumb","itemListElement":[{"@type":"ListItem","position":1,"name":"Strona g\u0142\u00f3wna","item":"https:\/\/fluffouterwear.com\/pl\/"},{"@type":"ListItem","position":2,"name":"Pracuj z nami"}]},{"@type":"WebSite","@id":"https:\/\/fluffouterwear.com\/pl\/#website","url":"https:\/\/fluffouterwear.com\/pl\/","name":"Fluff","description":"","potentialAction":[{"@type":"SearchAction","target":{"@type":"EntryPoint","urlTemplate":"https:\/\/fluffouterwear.com\/pl\/?s={search_term_string}"},"query-input":{"@type":"PropertyValueSpecification","valueRequired":true,"valueName":"search_term_string"}}],"inLanguage":"pl-PL"}]}},"_links":{"self":[{"href":"https:\/\/fluffouterwear.com\/pl\/wp-json\/wp\/v2\/pages\/48921","targetHints":{"allow":["GET"]}}],"collection":[{"href":"https:\/\/fluffouterwear.com\/pl\/wp-json\/wp\/v2\/pages"}],"about":[{"href":"https:\/\/fluffouterwear.com\/pl\/wp-json\/wp\/v2\/types\/page"}],"author":[{"embeddable":true,"href":"https:\/\/fluffouterwear.com\/pl\/wp-json\/wp\/v2\/users\/1"}],"replies":[{"embeddable":true,"href":"https:\/\/fluffouterwear.com\/pl\/wp-json\/wp\/v2\/comments?post=48921"}],"version-history":[{"count":2,"href":"https:\/\/fluffouterwear.com\/pl\/wp-json\/wp\/v2\/pages\/48921\/revisions"}],"predecessor-version":[{"id":102808,"href":"https:\/\/fluffouterwear.com\/pl\/wp-json\/wp\/v2\/pages\/48921\/revisions\/102808"}],"wp:attachment":[{"href":"https:\/\/fluffouterwear.com\/pl\/wp-json\/wp\/v2\/media?parent=48921"}],"curies":[{"name":"wp","href":"https:\/\/api.w.org\/{rel}","templated":true}]}}