{"id":50326,"date":"2022-01-08T13:02:34","date_gmt":"2022-01-08T12:02:34","guid":{"rendered":"http:\/\/fluffouterwear.com\/?page_id=50326"},"modified":"2026-03-17T09:26:12","modified_gmt":"2026-03-17T08:26:12","slug":"newsletter-pl","status":"publish","type":"page","link":"https:\/\/fluffouterwear.com\/pl\/newsletter-pl\/","title":{"rendered":"Newsletter"},"content":{"rendered":"\n\t<section class=\"section newsletter-page\" id=\"section_1064842322\">\n\t\t<div class=\"section-bg fill\" >\n\t\t\t\t\t\t\t\t\t\n\t\t\t\n\n\t\t<\/div>\n\n\t\t\n\n\t\t<div class=\"section-content relative\">\n\t\t\t\n\t<div id=\"gap-1168682499\" class=\"gap-element clearfix\" style=\"display:block; height:auto;\">\n\t\t\n<style>\n#gap-1168682499 {\n  padding-top: 30px;\n}\n<\/style>\n\t<\/div>\n\t\n<div class=\"row\"  id=\"row-1202633897\">\n\n\t<div id=\"col-2133948069\" class=\"col medium-12 small-12 large-9\"  >\n\t\t\t\t<div class=\"col-inner dark\" style=\"background-color:rgb(0,0,0);\" >\n\t\t\t\n\t\t\t\n\t<div id=\"text-4195717217\" class=\"text\">\n\t\t\n<h6>Nie przegap naszych nowo\u015bci<\/h6>\n\t\t\n<style>\n#text-4195717217 {\n  line-height: 1.1;\n}\n<\/style>\n\t<\/div>\n\t\n\t<div id=\"gap-1748538551\" class=\"gap-element clearfix\" style=\"display:block; height:auto;\">\n\t\t\n<style>\n#gap-1748538551 {\n  padding-top: 10px;\n}\n<\/style>\n\t<\/div>\n\t\n\t<div id=\"text-3017749479\" class=\"text\">\n\t\t\n<h3>Zapisz si\u0119 do Newslettera<\/h3>\n\t\t\n<style>\n#text-3017749479 {\n  font-size: 2.5rem;\n  line-height: 1.1;\n}\n@media (min-width:550px) {\n  #text-3017749479 {\n    font-size: 2.75rem;\n  }\n}\n<\/style>\n\t<\/div>\n\t\n<p>Do\u0142\u0105cz do newslettera i korzystaj z wyj\u0105tkowych niespodzianek<br \/>\ni ekskluzywnych wyprzeda\u017cy dost\u0119pnych wy\u0142\u0105cznie dla zapisanych subskrybent\u00f3w.<\/p>\n\t<div id=\"gap-446008511\" class=\"gap-element clearfix\" style=\"display:block; height:auto;\">\n\t\t\n<style>\n#gap-446008511 {\n  padding-top: 10px;\n}\n@media (min-width:550px) {\n  #gap-446008511 {\n    padding-top: 30px;\n  }\n}\n<\/style>\n\t<\/div>\n\t\n<p><getresponse-form form-id=\"b8f8f684-c812-4b9b-9ddb-a63bf94f948b\" e=\"0\"><\/getresponse-form><\/p>\n<p>Nie spamujemy! Aktywuj\u0105c przycisk pod formularzem, wyra\u017casz zgod\u0119 na otrzymywanie informacji o produktach i us\u0142ugach Fluff.<\/p>\n\t\t<\/div>\n\t\t\t\t\n<style>\n#col-2133948069 > .col-inner {\n  padding: 10% 10% 15% 10%;\n}\n@media (min-width:550px) {\n  #col-2133948069 > .col-inner {\n    padding: 10% 10% 12% 10%;\n  }\n}\n@media (min-width:850px) {\n  #col-2133948069 > .col-inner {\n    padding: 15% 40% 15% 10%;\n  }\n}\n<\/style>\n\t<\/div>\n\n\t\n<\/div>\n<div class=\"row align-right\"  id=\"row-1062950692\">\n\n\t<div id=\"col-1339554072\" class=\"col medium-12 small-12 large-6\"  >\n\t\t\t\t<div class=\"col-inner\"  >\n\t\t\t\n\t\t\t\n\n  <div class=\"banner has-hover\" id=\"banner-146888106\">\n          <div class=\"banner-inner fill\">\n        <div class=\"banner-bg fill\" >\n            <img loading=\"lazy\" decoding=\"async\" width=\"534\" height=\"800\" src=\"https:\/\/fluffouterwear.com\/wp-content\/uploads\/2024\/03\/popup-534x800.jpg\" class=\"bg attachment-large size-large\" alt=\"\" \/>                                    \n                    <\/div>\n\t\t\n        <div class=\"banner-layers container\">\n            <div class=\"fill banner-link\"><\/div>            \n   <div id=\"text-box-1775037365\" class=\"text-box banner-layer x50 md-x50 lg-x50 y50 md-y50 lg-y50 res-text\">\n                                <div class=\"text-box-content text dark\">\n              \n              <div class=\"text-inner text-center\">\n                  \n              <\/div>\n           <\/div>\n                            \n<style>\n#text-box-1775037365 {\n  width: 60%;\n}\n#text-box-1775037365 .text-box-content {\n  font-size: 100%;\n}\n<\/style>\n    <\/div>\n \n        <\/div>\n      <\/div>\n\n            \n<style>\n#banner-146888106 {\n  padding-top: 400px;\n  background-color: rgba(255, 255, 255, 0);\n}\n#banner-146888106 .banner-bg img {\n  object-position: 100% 9%;\n}\n@media (min-width:550px) {\n  #banner-146888106 {\n    padding-top: 500px;\n  }\n}\n@media (min-width:850px) {\n  #banner-146888106 {\n    padding-top: 600px;\n  }\n}\n<\/style>\n  <\/div>\n\n\n\t\t<\/div>\n\t\t\t\t\n<style>\n#col-1339554072 > .col-inner {\n  margin: -60px 0px 0px 0px;\n}\n@media (min-width:850px) {\n  #col-1339554072 > .col-inner {\n    margin: -570px 0px 0px 0px;\n  }\n}\n<\/style>\n\t<\/div>\n\n\t\n<\/div>\n\t\t<\/div>\n\n\t\t\n<style>\n#section_1064842322 {\n  padding-top: 0px;\n  padding-bottom: 0px;\n}\n@media (min-width:550px) {\n  #section_1064842322 {\n    padding-top: 30px;\n    padding-bottom: 30px;\n  }\n}\n<\/style>\n\t<\/section>\n\t\n","protected":false},"excerpt":{"rendered":"","protected":false},"author":1,"featured_media":0,"parent":0,"menu_order":0,"comment_status":"closed","ping_status":"closed","template":"page-blank.php","meta":{"_acf_changed":false,"footnotes":""},"class_list":["post-50326","page","type-page","status-publish","hentry"],"acf":[],"yoast_head":"<!-- This site is optimized with the Yoast SEO plugin v27.0 - https:\/\/yoast.com\/product\/yoast-seo-wordpress\/ -->\n<title>Fluff - Newsletter - Fluff<\/title>\n<meta name=\"robots\" content=\"index, follow, max-snippet:-1, max-image-preview:large, max-video-preview:-1\" \/>\n<link rel=\"canonical\" href=\"https:\/\/fluffouterwear.com\/pl\/newsletter-pl\/\" \/>\n<meta property=\"og:locale\" content=\"pl_PL\" \/>\n<meta property=\"og:type\" content=\"article\" \/>\n<meta property=\"og:title\" content=\"Fluff - Newsletter - Fluff\" \/>\n<meta property=\"og:url\" content=\"https:\/\/fluffouterwear.com\/pl\/newsletter-pl\/\" \/>\n<meta property=\"og:site_name\" content=\"Fluff\" \/>\n<meta property=\"article:modified_time\" content=\"2026-03-17T08:26:12+00:00\" \/>\n<meta property=\"og:image\" content=\"https:\/\/fluffouterwear.com\/wp-content\/uploads\/2025\/04\/1200x675.jpg\" \/>\n\t<meta property=\"og:image:width\" content=\"1200\" \/>\n\t<meta property=\"og:image:height\" content=\"675\" \/>\n\t<meta property=\"og:image:type\" content=\"image\/jpeg\" \/>\n<meta name=\"twitter:card\" content=\"summary_large_image\" \/>\n<meta name=\"twitter:label1\" content=\"Szacowany czas czytania\" \/>\n\t<meta name=\"twitter:data1\" content=\"1 minuta\" \/>\n<script type=\"application\/ld+json\" class=\"yoast-schema-graph\">{\"@context\":\"https:\/\/schema.org\",\"@graph\":[{\"@type\":\"WebPage\",\"@id\":\"https:\/\/fluffouterwear.com\/pl\/newsletter-pl\/\",\"url\":\"https:\/\/fluffouterwear.com\/pl\/newsletter-pl\/\",\"name\":\"Fluff - Newsletter - Fluff\",\"isPartOf\":{\"@id\":\"https:\/\/fluffouterwear.com\/pl\/#website\"},\"datePublished\":\"2022-01-08T12:02:34+00:00\",\"dateModified\":\"2026-03-17T08:26:12+00:00\",\"breadcrumb\":{\"@id\":\"https:\/\/fluffouterwear.com\/pl\/newsletter-pl\/#breadcrumb\"},\"inLanguage\":\"pl-PL\",\"potentialAction\":[{\"@type\":\"ReadAction\",\"target\":[\"https:\/\/fluffouterwear.com\/pl\/newsletter-pl\/\"]}]},{\"@type\":\"BreadcrumbList\",\"@id\":\"https:\/\/fluffouterwear.com\/pl\/newsletter-pl\/#breadcrumb\",\"itemListElement\":[{\"@type\":\"ListItem\",\"position\":1,\"name\":\"Strona g\u0142\u00f3wna\",\"item\":\"https:\/\/fluffouterwear.com\/pl\/\"},{\"@type\":\"ListItem\",\"position\":2,\"name\":\"Newsletter\"}]},{\"@type\":\"WebSite\",\"@id\":\"https:\/\/fluffouterwear.com\/pl\/#website\",\"url\":\"https:\/\/fluffouterwear.com\/pl\/\",\"name\":\"Fluff\",\"description\":\"\",\"potentialAction\":[{\"@type\":\"SearchAction\",\"target\":{\"@type\":\"EntryPoint\",\"urlTemplate\":\"https:\/\/fluffouterwear.com\/pl\/?s={search_term_string}\"},\"query-input\":{\"@type\":\"PropertyValueSpecification\",\"valueRequired\":true,\"valueName\":\"search_term_string\"}}],\"inLanguage\":\"pl-PL\"}]}<\/script>\n<!-- \/ Yoast SEO plugin. -->","yoast_head_json":{"title":"Fluff - Newsletter - Fluff","robots":{"index":"index","follow":"follow","max-snippet":"max-snippet:-1","max-image-preview":"max-image-preview:large","max-video-preview":"max-video-preview:-1"},"canonical":"https:\/\/fluffouterwear.com\/pl\/newsletter-pl\/","og_locale":"pl_PL","og_type":"article","og_title":"Fluff - Newsletter - Fluff","og_url":"https:\/\/fluffouterwear.com\/pl\/newsletter-pl\/","og_site_name":"Fluff","article_modified_time":"2026-03-17T08:26:12+00:00","og_image":[{"width":1200,"height":675,"url":"https:\/\/fluffouterwear.com\/wp-content\/uploads\/2025\/04\/1200x675.jpg","type":"image\/jpeg"}],"twitter_card":"summary_large_image","twitter_misc":{"Szacowany czas czytania":"1 minuta"},"schema":{"@context":"https:\/\/schema.org","@graph":[{"@type":"WebPage","@id":"https:\/\/fluffouterwear.com\/pl\/newsletter-pl\/","url":"https:\/\/fluffouterwear.com\/pl\/newsletter-pl\/","name":"Fluff - Newsletter - Fluff","isPartOf":{"@id":"https:\/\/fluffouterwear.com\/pl\/#website"},"datePublished":"2022-01-08T12:02:34+00:00","dateModified":"2026-03-17T08:26:12+00:00","breadcrumb":{"@id":"https:\/\/fluffouterwear.com\/pl\/newsletter-pl\/#breadcrumb"},"inLanguage":"pl-PL","potentialAction":[{"@type":"ReadAction","target":["https:\/\/fluffouterwear.com\/pl\/newsletter-pl\/"]}]},{"@type":"BreadcrumbList","@id":"https:\/\/fluffouterwear.com\/pl\/newsletter-pl\/#breadcrumb","itemListElement":[{"@type":"ListItem","position":1,"name":"Strona g\u0142\u00f3wna","item":"https:\/\/fluffouterwear.com\/pl\/"},{"@type":"ListItem","position":2,"name":"Newsletter"}]},{"@type":"WebSite","@id":"https:\/\/fluffouterwear.com\/pl\/#website","url":"https:\/\/fluffouterwear.com\/pl\/","name":"Fluff","description":"","potentialAction":[{"@type":"SearchAction","target":{"@type":"EntryPoint","urlTemplate":"https:\/\/fluffouterwear.com\/pl\/?s={search_term_string}"},"query-input":{"@type":"PropertyValueSpecification","valueRequired":true,"valueName":"search_term_string"}}],"inLanguage":"pl-PL"}]}},"_links":{"self":[{"href":"https:\/\/fluffouterwear.com\/pl\/wp-json\/wp\/v2\/pages\/50326","targetHints":{"allow":["GET"]}}],"collection":[{"href":"https:\/\/fluffouterwear.com\/pl\/wp-json\/wp\/v2\/pages"}],"about":[{"href":"https:\/\/fluffouterwear.com\/pl\/wp-json\/wp\/v2\/types\/page"}],"author":[{"embeddable":true,"href":"https:\/\/fluffouterwear.com\/pl\/wp-json\/wp\/v2\/users\/1"}],"replies":[{"embeddable":true,"href":"https:\/\/fluffouterwear.com\/pl\/wp-json\/wp\/v2\/comments?post=50326"}],"version-history":[{"count":2,"href":"https:\/\/fluffouterwear.com\/pl\/wp-json\/wp\/v2\/pages\/50326\/revisions"}],"predecessor-version":[{"id":111283,"href":"https:\/\/fluffouterwear.com\/pl\/wp-json\/wp\/v2\/pages\/50326\/revisions\/111283"}],"wp:attachment":[{"href":"https:\/\/fluffouterwear.com\/pl\/wp-json\/wp\/v2\/media?parent=50326"}],"curies":[{"name":"wp","href":"https:\/\/api.w.org\/{rel}","templated":true}]}}