{"id":7945,"date":"2019-08-23T12:09:37","date_gmt":"2019-08-23T10:09:37","guid":{"rendered":"http:\/\/fluffouterwear.com\/o-nas\/"},"modified":"2024-09-23T10:01:20","modified_gmt":"2024-09-23T08:01:20","slug":"o-nas","status":"publish","type":"page","link":"https:\/\/fluffouterwear.com\/pl\/o-nas\/","title":{"rendered":"O nas"},"content":{"rendered":"\n\t<section class=\"section dark\" id=\"section_634031431\">\n\t\t<div class=\"section-bg fill\" >\n\t\t\t<img loading=\"lazy\" decoding=\"async\" width=\"1920\" height=\"1371\" src=\"https:\/\/fluffouterwear.com\/wp-content\/uploads\/2024\/09\/1top.jpg\" class=\"bg attachment-original size-original\" alt=\"\" \/>\t\t\t\t\t\t\n\t\t\t\n\n\t\t<\/div>\n\n\t\t\n\n\t\t<div class=\"section-content relative\">\n\t\t\t\n\t<div id=\"gap-727083569\" class=\"gap-element clearfix\" style=\"display:block; height:auto;\">\n\t\t\n<style>\n#gap-727083569 {\n  padding-top: 30px;\n}\n<\/style>\n\t<\/div>\n\t\n<div class=\"row align-center\"  id=\"row-421411520\">\n\n\t<div id=\"col-379037188\" class=\"col medium-10 small-12 large-9\"  >\n\t\t\t\t<div class=\"col-inner text-center\"  >\n\t\t\t\n\t\t\t\n<h1><span style=\"font-size: 200%;\">O nas<\/span><\/h1>\n<p class=\"lead\">Fluff to polska marka, kt\u00f3ra kreuje niezwyk\u0142e kolekcje okry\u0107 wierzchnich dla kobiet, m\u0119\u017cczyzn i najm\u0142odszych.<\/p>\n\t\t<\/div>\n\t\t\t\t\t<\/div>\n\n\t\n<\/div>\n\t\t<\/div>\n\n\t\t\n<style>\n#section_634031431 {\n  padding-top: 30px;\n  padding-bottom: 30px;\n  min-height: 500px;\n}\n#section_634031431 .section-bg-overlay {\n  background-color: rgba(0, 0, 0, 0.15);\n}\n#section_634031431 .section-bg img {\n  object-position: 52% 15%;\n}\n@media (min-width:550px) {\n  #section_634031431 {\n    min-height: 600px;\n  }\n  #section_634031431 .section-bg-overlay {\n    background-color: rgba(0, 0, 0, 0.09);\n  }\n}\n<\/style>\n\t<\/section>\n\t\n\n\t<section class=\"section\" id=\"section_1006358076\">\n\t\t<div class=\"section-bg fill\" >\n\t\t\t\t\t\t\t\t\t\n\t\t\t\n\n\t\t<\/div>\n\n\t\t\n\n\t\t<div class=\"section-content relative\">\n\t\t\t\n\t<div id=\"gap-1572769201\" class=\"gap-element clearfix\" style=\"display:block; height:auto;\">\n\t\t\n<style>\n#gap-1572769201 {\n  padding-top: 30px;\n}\n<\/style>\n\t<\/div>\n\t\n<div class=\"row align-center\"  id=\"row-1651946379\">\n\n\t<div id=\"col-51724372\" class=\"col medium-10 small-12 large-9\"  >\n\t\t\t\t<div class=\"col-inner text-center\"  >\n\t\t\t\n\t\t\t\n<h6>W poszukiwaniu alternatyw<\/h6>\n<h2><span style=\"font-size: 150%;\">Nasza podro\u017c rozpocz\u0119\u0142a si\u0119 w 2016<\/span><\/h2>\n<p>Flagowym produktem marki Fluff jest odzie\u017c ze starannie wyselekcjonowanego, <strong>najwy\u017cszej jako\u015bci ANTYALERGICZNEGO puchu naturalnego<\/strong>. Nasze kolekcje \u0142\u0105cz\u0105 w sobie styl, jako\u015b\u0107 i wygod\u0119 u\u017cytkowania. Charakteryzuj\u0105 si\u0119 minimalizmem i prostot\u0105 kroju, a tak\u017ce niebanaln\u0105 kolorystyk\u0105.<\/p>\n\t\t<\/div>\n\t\t\t\t\t<\/div>\n\n\t\n<\/div>\n\t\t<\/div>\n\n\t\t\n<style>\n#section_1006358076 {\n  padding-top: 80px;\n  padding-bottom: 80px;\n}\n<\/style>\n\t<\/section>\n\t\n\n\t<section class=\"section\" id=\"section_457010169\">\n\t\t<div class=\"section-bg fill\" >\n\t\t\t\t\t\t\t\t\t\n\t\t\t\n\n\t\t<\/div>\n\n\t\t\n\n\t\t<div class=\"section-content relative\">\n\t\t\t\n<div class=\"row row-large align-middle align-center\" style=\"max-width:1400px\" id=\"row-516982906\">\n\n\t<div id=\"col-238064899\" class=\"col medium-9 small-12 large-6\"  >\n\t\t\t\t<div class=\"col-inner\"  >\n\t\t\t\n\t\t\t\n\n  <div class=\"banner has-hover\" id=\"banner-1592530231\">\n          <div class=\"banner-inner fill\">\n        <div class=\"banner-bg fill\" >\n            <img loading=\"lazy\" decoding=\"async\" width=\"800\" height=\"480\" src=\"https:\/\/fluffouterwear.com\/wp-content\/uploads\/2024\/09\/about-us-kids2.jpg\" class=\"bg attachment-large size-large\" alt=\"\" \/>                                    \n                    <\/div>\n\t\t\n        <div class=\"banner-layers container\">\n            <div class=\"fill banner-link\"><\/div>            \n   <div id=\"text-box-1741754941\" class=\"text-box banner-layer x50 md-x50 lg-x50 y50 md-y50 lg-y50 res-text\">\n                                <div class=\"text-box-content text dark\">\n              \n              <div class=\"text-inner text-center\">\n                  \n              <\/div>\n           <\/div>\n                            \n<style>\n#text-box-1741754941 {\n  width: 60%;\n}\n#text-box-1741754941 .text-box-content {\n  font-size: 100%;\n}\n@media (min-width:550px) {\n  #text-box-1741754941 {\n    width: 60%;\n  }\n}\n<\/style>\n    <\/div>\n \n        <\/div>\n      <\/div>\n\n            \n<style>\n#banner-1592530231 {\n  padding-top: 56.25%;\n}\n@media (min-width:550px) {\n  #banner-1592530231 {\n    padding-top: 300px;\n  }\n}\n@media (min-width:850px) {\n  #banner-1592530231 {\n    padding-top: 56.25%;\n  }\n}\n<\/style>\n  <\/div>\n\n\n\t\t<\/div>\n\t\t\t\t\t<\/div>\n\n\t\n\n\t<div id=\"col-2059677089\" class=\"col medium-9 small-12 large-6\"  >\n\t\t\t\t<div class=\"col-inner text-left\"  >\n\t\t\t\n\t\t\t\n<h6>Idealnie dla Twojego dziecka na co dzie\u0144.<\/h6>\n<h3><span style=\"font-size: 160%;\">Zaprojektowane tak, aby by\u0142y wszechstronne<\/span><\/h3>\n<p>Tworz\u0105c kolekcje dla najm\u0142odszych mamy pe\u0142n\u0105 \u015bwiadomo\u015b\u0107, \u017ce pracujemy dla najbardziej wymagaj\u0105cego klienta. Dbamy o ka\u017cdy detal, aby dostarczy\u0107 Wam produkty najwy\u017cszej jako\u015bci i tym samym w pe\u0142ni sprosta\u0107 Waszym oczekiwaniom.<\/p>\n\t\t<\/div>\n\t\t\t\t\n<style>\n#col-2059677089 > .col-inner {\n  padding: 0px 0px 0px 0px;\n}\n@media (min-width:850px) {\n  #col-2059677089 > .col-inner {\n    padding: 0px 50px 0px 50px;\n  }\n}\n<\/style>\n\t<\/div>\n\n\t\n<\/div>\n<div class=\"row row-large align-middle align-center\" style=\"max-width:1400px\" id=\"row-922373835\">\n\n\t<div id=\"col-178428539\" class=\"col medium-9 small-12 large-6\"  >\n\t\t\t\t<div class=\"col-inner text-left\"  >\n\t\t\t\n\t\t\t\n\t<div id=\"text-1303446010\" class=\"text\">\n\t\t\n<h6>Prostota projektu i formy<\/h6>\n<h3><span style=\"font-size: 150%;\">A to dopiero pocz\u0105tek&#8230;<\/span><\/h3>\n<p>\u015awiat Fluff zamykamy dla Was w unikatowym opakowaniu, w kt\u00f3rym mo\u017cecie gromadzi\u0107 swoje najpi\u0119kniejsze wspomnienia.<br \/>\n<strong>Pokochaj nasze produkty! Pokochaj Fluff!<\/strong><\/p>\n<p>Hug the fluffy world!<\/p>\n\t\t\n<style>\n#text-1303446010 {\n  text-align: right;\n}\n<\/style>\n\t<\/div>\n\t\n\t\t<\/div>\n\t\t\t\t\n<style>\n#col-178428539 > .col-inner {\n  padding: 0px 0px 0px 0px;\n}\n@media (min-width:850px) {\n  #col-178428539 > .col-inner {\n    padding: 0px 50px 0px 50px;\n  }\n}\n<\/style>\n\t<\/div>\n\n\t\n\n\t<div id=\"col-709419669\" class=\"col medium-9 small-12 large-6 medium-col-first\"  >\n\t\t\t\t<div class=\"col-inner\"  >\n\t\t\t\n\t\t\t\n\n  <div class=\"banner has-hover\" id=\"banner-850744228\">\n          <div class=\"banner-inner fill\">\n        <div class=\"banner-bg fill\" >\n            <img loading=\"lazy\" decoding=\"async\" width=\"800\" height=\"480\" src=\"https:\/\/fluffouterwear.com\/wp-content\/uploads\/2024\/09\/about-us-women.jpg\" class=\"bg attachment-large size-large\" alt=\"\" \/>                                    \n                    <\/div>\n\t\t\n        <div class=\"banner-layers container\">\n            <div class=\"fill banner-link\"><\/div>            \n   <div id=\"text-box-1038974531\" class=\"text-box banner-layer x50 md-x50 lg-x50 y50 md-y50 lg-y50 res-text\">\n                                <div class=\"text-box-content text dark\">\n              \n              <div class=\"text-inner text-center\">\n                  \n              <\/div>\n           <\/div>\n                            \n<style>\n#text-box-1038974531 {\n  width: 60%;\n}\n#text-box-1038974531 .text-box-content {\n  font-size: 100%;\n}\n@media (min-width:550px) {\n  #text-box-1038974531 {\n    width: 60%;\n  }\n}\n<\/style>\n    <\/div>\n \n        <\/div>\n      <\/div>\n\n            \n<style>\n#banner-850744228 {\n  padding-top: 56.25%;\n}\n@media (min-width:550px) {\n  #banner-850744228 {\n    padding-top: 300px;\n  }\n}\n@media (min-width:850px) {\n  #banner-850744228 {\n    padding-top: 56.25%;\n  }\n}\n<\/style>\n  <\/div>\n\n\n\t\t<\/div>\n\t\t\t\t\t<\/div>\n\n\t\n<\/div>\n\t<div id=\"gap-1047557229\" class=\"gap-element clearfix\" style=\"display:block; height:auto;\">\n\t\t\n<style>\n#gap-1047557229 {\n  padding-top: 100px;\n}\n<\/style>\n\t<\/div>\n\t\n\t\t<\/div>\n\n\t\t\n<style>\n#section_457010169 {\n  padding-top: 0px;\n  padding-bottom: 0px;\n}\n<\/style>\n\t<\/section>\n\t\n\n\t<section class=\"section dark has-parallax\" id=\"section_837029207\">\n\t\t<div class=\"section-bg fill\" data-parallax-container=\".section\" data-parallax-background data-parallax=\"-1\">\n\t\t\t<img loading=\"lazy\" decoding=\"async\" width=\"1920\" height=\"1280\" src=\"https:\/\/fluffouterwear.com\/wp-content\/uploads\/2024\/09\/2bottom.jpg\" class=\"bg attachment-original size-original\" alt=\"\" \/>\t\t\t\t\t\t<div class=\"section-bg-overlay absolute fill\"><\/div>\n\t\t\t\n\n\t\t<\/div>\n\n\t\t\n\n\t\t<div class=\"section-content relative\">\n\t\t\t\n\t<div id=\"gap-253060817\" class=\"gap-element clearfix\" style=\"display:block; height:auto;\">\n\t\t\n<style>\n#gap-253060817 {\n  padding-top: 30px;\n}\n<\/style>\n\t<\/div>\n\t\n<div class=\"row align-center\"  id=\"row-729549768\">\n\n\t<div id=\"col-784242876\" class=\"col medium-10 small-12 large-8\"  >\n\t\t\t\t<div class=\"col-inner text-center\"  >\n\t\t\t\n\t\t\t\n<h2><span style=\"font-size: 110%;\">I\u2019m so happy with the service from Fluff \u2013 my order was delivered within 48 hours and the thought and care they put into their products really stands out. Plus, their support is just awesome!<\/span><\/h2>\n<p class=\"lead\">~ Ann Walsh<\/p>\n\t\t<\/div>\n\t\t\t\t\t<\/div>\n\n\t\n<\/div>\n\t\t<\/div>\n\n\t\t\n<style>\n#section_837029207 {\n  padding-top: 30px;\n  padding-bottom: 30px;\n  min-height: 300px;\n}\n#section_837029207 .section-bg-overlay {\n  background-color: rgba(0, 0, 0, 0.15);\n}\n#section_837029207 .section-bg img {\n  object-position: 62% 0%;\n}\n@media (min-width:550px) {\n  #section_837029207 {\n    min-height: 400px;\n  }\n  #section_837029207 .section-bg-overlay {\n    background-color: rgba(0, 0, 0, 0.09);\n  }\n}\n@media (min-width:850px) {\n  #section_837029207 .section-bg-overlay {\n    background-color: rgba(0,0,0,.5);\n  }\n}\n<\/style>\n\t<\/section>\n\t\n\n\t<section class=\"section\" id=\"section_445286696\">\n\t\t<div class=\"section-bg fill\" >\n\t\t\t\t\t\t\t\t\t\n\t\t\t\n\n\t\t<\/div>\n\n\t\t\n\n\t\t<div class=\"section-content relative\">\n\t\t\t\n\t<div id=\"gap-782811675\" class=\"gap-element clearfix\" style=\"display:block; height:auto;\">\n\t\t\n<style>\n#gap-782811675 {\n  padding-top: 70px;\n}\n<\/style>\n\t<\/div>\n\t\n\t<div id=\"text-2431286538\" class=\"text\">\n\t\t\n<h2>NASZE ZAANGA\u017bOWANIE W ODPOWIEDZIALNE POZYSKIWANIE PI\u00d3R I PUCHU<\/h2>\n\t\t\n<style>\n#text-2431286538 {\n  text-align: center;\n}\n<\/style>\n\t<\/div>\n\t\n\t<div id=\"gap-490632661\" class=\"gap-element clearfix\" style=\"display:block; height:auto;\">\n\t\t\n<style>\n#gap-490632661 {\n  padding-top: 70px;\n}\n<\/style>\n\t<\/div>\n\t\n<div class=\"row row-large\" style=\"max-width:1400px\" id=\"row-794580672\">\n\n\t<div id=\"col-105461193\" class=\"col medium-6 small-12 large-6\"  >\n\t\t\t\t<div class=\"col-inner\"  >\n\t\t\t\n\t\t\t\n<p>Wszystkie nasze produkty zawieraj\u0105 naturalnie pozyskiwany puch ze wzgl\u0119du na jego stosunek ciep\u0142a do wagi oraz doskona\u0142e w\u0142a\u015bciwo\u015bci izolacyjne. Puch u\u017cywany w produktach FLUFF jest starannie wybierany pod k\u0105tem najwy\u017cszej jako\u015bci. Jest bezwonny, antyalergiczny i posiada certyfikat ISO 9001:2018. Ponadto, wszelkie detergenty u\u017cywane do czyszczenia puchu w \u0142a\u0144cuchu dostaw s\u0105 biodegradowalne i przyjazne dla \u015brodowiska.<\/p>\n<p>Nasze produkty s\u0105 tworzone dla najm\u0142odszych konsument\u00f3w. Dlatego te\u017c przestrzeganie tak wysokich standard\u00f3w i szczeg\u00f3lna dba\u0142o\u015b\u0107 o proces produkcji pozwala nam spe\u0142nia\u0107 ich najbardziej rygorystyczne potrzeby.<\/p>\n<p><strong>Jako firma mamy pe\u0142n\u0105 kontrol\u0119 nad naszym produktem na ka\u017cdym etapie jego produkcji. Kluczowe jest dla nas zwracanie uwagi na spos\u00f3b pozyskiwania puchu.<\/strong><br \/>Nasz puch pochodzi od g\u0119si hodowanych etycznie, kt\u00f3re nie by\u0142y poddawane \u017cadnym zb\u0119dnym szkodliwym praktykom, takim jak karmienie przymusowe czy skubanie na \u017cywo. <strong>Najwy\u017csze standardy w zakresie jako\u015bci, dobrostanu zwierz\u0105t i bezpiecze\u0144stwa s\u0105 co potwierdzone przez certyfikaty, mi\u0119dzy innymi Downpass, ISO, RDS, Oeko-Tex klasa I.<\/strong><\/p>\n\t\t<\/div>\n\t\t\t\t\t<\/div>\n\n\t\n\n\t<div id=\"col-883858445\" class=\"col medium-6 small-12 large-6\"  >\n\t\t\t\t<div class=\"col-inner\"  >\n\t\t\t\n\t\t\t\n<p><strong><u>Stanowczo sprzeciwiamy si\u0119 skubaniu \u017cywych zwierz\u0105t dla pozyskiwania puchu. Ta barbarzy\u0144ska metoda powoduje niepotrzebne cierpienie i jest absolutnie sprzeczna z naszymi warto\u015bciami. U\u017cywamy puchu pochodz\u0105cego od g\u0119si hodowanych na mi\u0119so, co oznacza, \u017ce puch jest produktem ubocznym przemys\u0142u drobiarskiego.<br \/>\nPuch jest produktem ubocznym odnawialnego surowca, a jego u\u017cycie pozwala nam zmniejszy\u0107 ilo\u015b\u0107 odpad\u00f3w. Produkcja odpad\u00f3w jest globalnym problemem, dlatego recykling puchu ma pozytywny wp\u0142yw na \u015brodowisko.<br \/>\n<\/u><\/strong><\/p>\n\t\t<\/div>\n\t\t\t\t\t<\/div>\n\n\t\n\n<style>\n#row-794580672 > .col > .col-inner {\n  padding: 0px 0px 0px 0px;\n}\n<\/style>\n<\/div>\n<div class=\"text-center\"><div class=\"is-divider divider clearfix\" style=\"max-width:60px;\"><\/div><\/div>\n\t<div id=\"gap-1286156309\" class=\"gap-element clearfix\" style=\"display:block; height:auto;\">\n\t\t\n<style>\n#gap-1286156309 {\n  padding-top: 40px;\n}\n<\/style>\n\t<\/div>\n\t\n<div class=\"row row-large\" style=\"max-width:1400px\" id=\"row-929634941\">\n\n\t<div id=\"col-33713310\" class=\"col medium-6 small-12 large-6\"  >\n\t\t\t\t<div class=\"col-inner\"  >\n\t\t\t\n\t\t\t\n<p><strong><u>Jeste\u015bmy du\u017cymi promotorami \u015bwiadomego kupowania i zach\u0119camy wszystkich klient\u00f3w do przyj\u0119cia tej praktyki. W naszym przekonaniu \u015bwiadome zakupy polegaj\u0105 na sprawdzaniu i kwestionowaniu \u017ar\u00f3d\u0142a puchu u\u017cytego w zakupionych produktach. Dok\u0142adamy wszelkich stara\u0144, aby edukowa\u0107 naszych klient\u00f3w, aby zwracali szczeg\u00f3ln\u0105 uwag\u0119 na jako\u015b\u0107 zakupowanych produkt\u00f3w. Wa\u017cne jest, aby unika\u0107 zakupu produkt\u00f3w wype\u0142nionych naturalnym puchem pochodz\u0105cym z nieznanych \u017ar\u00f3de\u0142, niecertyfikowanym puchem lub puchem pozyskiwanym od \u017cywych zwierz\u0105t.<\/u>&nbsp;<\/strong><\/p>\n<p>Taki puch mo\u017ce by\u0107 pozyskiwany w spos\u00f3b niezgodny z rygorystycznymi standardami odpowiedzialnego pozyskiwania. Mo\u017ce by\u0107 r\u00f3wnie\u017c traktowany detergentami niebezpiecznymi dla naszego zdrowia lub \u015brodowiska oraz pozyskiwany z naruszeniem dobrostanu zwierz\u0105t.<\/p>\n\t\t<\/div>\n\t\t\t\t\t<\/div>\n\n\t\n\n\t<div id=\"col-965700014\" class=\"col medium-6 small-12 large-6\"  >\n\t\t\t\t<div class=\"col-inner\"  >\n\t\t\t\n\t\t\t\n<p><b>Pi\u00f3ra i puch u\u017cywane w naszych produktach s\u0105 w 100% odpowiedzialnie i etycznie pozyskiwane.<\/b> Nie pozyskujemy puchu od \u017cywych zwierz\u0105t ani nie stosujemy innych szkodliwych metod jego pozyskiwania. W przypadku jakichkolwiek fa\u0142szywych o\u015bwiadcze\u0144 sugeruj\u0105cych inaczej, zastrzegamy sobie prawo do podj\u0119cia dzia\u0142a\u0144 prawnych skutkuj\u0105cych powa\u017cnymi konsekwencjami finansowymi.<\/p>\n<h3>Zesp\u00f3\u0142 Fluff<\/h3>\n\t\t<\/div>\n\t\t\t\t\t<\/div>\n\n\t\n\n<style>\n#row-929634941 > .col > .col-inner {\n  padding: 0px 0px 0px 0px;\n}\n<\/style>\n<\/div>\n\t<div id=\"gap-879319698\" class=\"gap-element clearfix\" style=\"display:block; height:auto;\">\n\t\t\n<style>\n#gap-879319698 {\n  padding-top: 30px;\n}\n@media (min-width:850px) {\n  #gap-879319698 {\n    padding-top: 70px;\n  }\n}\n<\/style>\n\t<\/div>\n\t\n\t\t<\/div>\n\n\t\t\n<style>\n#section_445286696 {\n  padding-top: 30px;\n  padding-bottom: 30px;\n}\n<\/style>\n\t<\/section>\n\t\n","protected":false},"excerpt":{"rendered":"","protected":false},"author":1,"featured_media":0,"parent":0,"menu_order":0,"comment_status":"closed","ping_status":"closed","template":"page-blank.php","meta":{"_acf_changed":false,"footnotes":""},"class_list":["post-7945","page","type-page","status-publish","hentry"],"acf":[],"yoast_head":"<!-- This site is optimized with the Yoast SEO plugin v27.0 - https:\/\/yoast.com\/product\/yoast-seo-wordpress\/ -->\n<title>Fluff - O nas - Fluff<\/title>\n<meta name=\"robots\" content=\"index, follow, max-snippet:-1, max-image-preview:large, max-video-preview:-1\" \/>\n<link rel=\"canonical\" href=\"https:\/\/fluffouterwear.com\/pl\/o-nas\/\" \/>\n<meta property=\"og:locale\" content=\"pl_PL\" \/>\n<meta property=\"og:type\" content=\"article\" \/>\n<meta property=\"og:title\" content=\"Fluff - O nas - Fluff\" \/>\n<meta property=\"og:url\" content=\"https:\/\/fluffouterwear.com\/pl\/o-nas\/\" \/>\n<meta property=\"og:site_name\" content=\"Fluff\" \/>\n<meta property=\"article:modified_time\" content=\"2024-09-23T08:01:20+00:00\" \/>\n<meta property=\"og:image\" content=\"https:\/\/fluffouterwear.com\/wp-content\/uploads\/2025\/04\/1200x675.jpg\" \/>\n\t<meta property=\"og:image:width\" content=\"1200\" \/>\n\t<meta property=\"og:image:height\" content=\"675\" \/>\n\t<meta property=\"og:image:type\" content=\"image\/jpeg\" \/>\n<meta name=\"twitter:card\" content=\"summary_large_image\" \/>\n<meta name=\"twitter:label1\" content=\"Szacowany czas czytania\" \/>\n\t<meta name=\"twitter:data1\" content=\"4 minuty\" \/>\n<script type=\"application\/ld+json\" class=\"yoast-schema-graph\">{\"@context\":\"https:\/\/schema.org\",\"@graph\":[{\"@type\":\"WebPage\",\"@id\":\"https:\/\/fluffouterwear.com\/pl\/o-nas\/\",\"url\":\"https:\/\/fluffouterwear.com\/pl\/o-nas\/\",\"name\":\"Fluff - O nas - Fluff\",\"isPartOf\":{\"@id\":\"https:\/\/fluffouterwear.com\/pl\/#website\"},\"datePublished\":\"2019-08-23T10:09:37+00:00\",\"dateModified\":\"2024-09-23T08:01:20+00:00\",\"breadcrumb\":{\"@id\":\"https:\/\/fluffouterwear.com\/pl\/o-nas\/#breadcrumb\"},\"inLanguage\":\"pl-PL\",\"potentialAction\":[{\"@type\":\"ReadAction\",\"target\":[\"https:\/\/fluffouterwear.com\/pl\/o-nas\/\"]}]},{\"@type\":\"BreadcrumbList\",\"@id\":\"https:\/\/fluffouterwear.com\/pl\/o-nas\/#breadcrumb\",\"itemListElement\":[{\"@type\":\"ListItem\",\"position\":1,\"name\":\"Strona g\u0142\u00f3wna\",\"item\":\"https:\/\/fluffouterwear.com\/pl\/\"},{\"@type\":\"ListItem\",\"position\":2,\"name\":\"O nas\"}]},{\"@type\":\"WebSite\",\"@id\":\"https:\/\/fluffouterwear.com\/pl\/#website\",\"url\":\"https:\/\/fluffouterwear.com\/pl\/\",\"name\":\"Fluff\",\"description\":\"\",\"potentialAction\":[{\"@type\":\"SearchAction\",\"target\":{\"@type\":\"EntryPoint\",\"urlTemplate\":\"https:\/\/fluffouterwear.com\/pl\/?s={search_term_string}\"},\"query-input\":{\"@type\":\"PropertyValueSpecification\",\"valueRequired\":true,\"valueName\":\"search_term_string\"}}],\"inLanguage\":\"pl-PL\"}]}<\/script>\n<!-- \/ Yoast SEO plugin. -->","yoast_head_json":{"title":"Fluff - O nas - Fluff","robots":{"index":"index","follow":"follow","max-snippet":"max-snippet:-1","max-image-preview":"max-image-preview:large","max-video-preview":"max-video-preview:-1"},"canonical":"https:\/\/fluffouterwear.com\/pl\/o-nas\/","og_locale":"pl_PL","og_type":"article","og_title":"Fluff - O nas - Fluff","og_url":"https:\/\/fluffouterwear.com\/pl\/o-nas\/","og_site_name":"Fluff","article_modified_time":"2024-09-23T08:01:20+00:00","og_image":[{"width":1200,"height":675,"url":"https:\/\/fluffouterwear.com\/wp-content\/uploads\/2025\/04\/1200x675.jpg","type":"image\/jpeg"}],"twitter_card":"summary_large_image","twitter_misc":{"Szacowany czas czytania":"4 minuty"},"schema":{"@context":"https:\/\/schema.org","@graph":[{"@type":"WebPage","@id":"https:\/\/fluffouterwear.com\/pl\/o-nas\/","url":"https:\/\/fluffouterwear.com\/pl\/o-nas\/","name":"Fluff - O nas - Fluff","isPartOf":{"@id":"https:\/\/fluffouterwear.com\/pl\/#website"},"datePublished":"2019-08-23T10:09:37+00:00","dateModified":"2024-09-23T08:01:20+00:00","breadcrumb":{"@id":"https:\/\/fluffouterwear.com\/pl\/o-nas\/#breadcrumb"},"inLanguage":"pl-PL","potentialAction":[{"@type":"ReadAction","target":["https:\/\/fluffouterwear.com\/pl\/o-nas\/"]}]},{"@type":"BreadcrumbList","@id":"https:\/\/fluffouterwear.com\/pl\/o-nas\/#breadcrumb","itemListElement":[{"@type":"ListItem","position":1,"name":"Strona g\u0142\u00f3wna","item":"https:\/\/fluffouterwear.com\/pl\/"},{"@type":"ListItem","position":2,"name":"O nas"}]},{"@type":"WebSite","@id":"https:\/\/fluffouterwear.com\/pl\/#website","url":"https:\/\/fluffouterwear.com\/pl\/","name":"Fluff","description":"","potentialAction":[{"@type":"SearchAction","target":{"@type":"EntryPoint","urlTemplate":"https:\/\/fluffouterwear.com\/pl\/?s={search_term_string}"},"query-input":{"@type":"PropertyValueSpecification","valueRequired":true,"valueName":"search_term_string"}}],"inLanguage":"pl-PL"}]}},"_links":{"self":[{"href":"https:\/\/fluffouterwear.com\/pl\/wp-json\/wp\/v2\/pages\/7945","targetHints":{"allow":["GET"]}}],"collection":[{"href":"https:\/\/fluffouterwear.com\/pl\/wp-json\/wp\/v2\/pages"}],"about":[{"href":"https:\/\/fluffouterwear.com\/pl\/wp-json\/wp\/v2\/types\/page"}],"author":[{"embeddable":true,"href":"https:\/\/fluffouterwear.com\/pl\/wp-json\/wp\/v2\/users\/1"}],"replies":[{"embeddable":true,"href":"https:\/\/fluffouterwear.com\/pl\/wp-json\/wp\/v2\/comments?post=7945"}],"version-history":[{"count":6,"href":"https:\/\/fluffouterwear.com\/pl\/wp-json\/wp\/v2\/pages\/7945\/revisions"}],"predecessor-version":[{"id":96346,"href":"https:\/\/fluffouterwear.com\/pl\/wp-json\/wp\/v2\/pages\/7945\/revisions\/96346"}],"wp:attachment":[{"href":"https:\/\/fluffouterwear.com\/pl\/wp-json\/wp\/v2\/media?parent=7945"}],"curies":[{"name":"wp","href":"https:\/\/api.w.org\/{rel}","templated":true}]}}