{"id":82248,"date":"2023-10-18T14:37:05","date_gmt":"2023-10-18T12:37:05","guid":{"rendered":"https:\/\/fluffouterwear.com\/?page_id=82248"},"modified":"2023-10-18T14:37:05","modified_gmt":"2023-10-18T12:37:05","slug":"promo-pl","status":"publish","type":"page","link":"https:\/\/fluffouterwear.com\/pl\/promo-pl\/","title":{"rendered":"Regulamin promocji \u201c6 urodziny Fluff\u201d"},"content":{"rendered":"<h3>Regulamin promocji \u201c6 urodziny Fluff\u201d<\/h3>\n<p>English version below<\/p>\n<p>1. Z okazji 6-tych urodzin marka Fluff przygotowa\u0142a dla klient\u00f3w promocj\u0119, w kt\u00f3rej do ka\u017cdego zam\u00f3wienia, z\u0142o\u017conego w dniach 24-26 pa\u017adziernika 2023 roku do\u0142\u0105czany jest jednorazowy, indywidualny kod rabatowy na kolejne zakupy o warto\u015bci 15% zni\u017cki na kolejne zam\u00f3wienie.<\/p>\n<p>2. Kod rabatowy mo\u017ce zosta\u0107 zrealizowany od dnia 10 listopada 2023 do dnia 31 grudnia 2024 w sklepie online lub w naszych sklepach stacjonarnych (butik Fluff przy ul. K\u0142opotowskiego 11 oraz butik Fluff w CH Westfield Mokot\u00f3w w Warszawie).<\/p>\n<p>3. W przypadku zwrotu ca\u0142o\u015bci zam\u00f3wienia, do kt\u00f3rego do\u0142\u0105czono bon rabatowy, nie jest mo\u017cliwe skorzystanie z promocji. Kod rabatowy zostanie dezaktywowany ze skutkiem natychmiastowym.<\/p>\n<p>4. Kod nale\u017cy wpisa\u0107 w koszyku podczas zakup\u00f3w. W przypadku zakup\u00f3w stacjonarnych, nale\u017cy mie\u0107 ze sob\u0105 oryginalny bon otrzymany w przesy\u0142ce.<\/p>\n<p>5. Do u\u017cycia kodu nie jest wymagana minimalna kwota zam\u00f3wienia.<\/p>\n<p>&nbsp;<\/p>\n<h3>Terms &amp; Conditions for Fluff\u2019s 6th birthday promotion<\/h3>\n<p id=\"tw-target-text\" class=\"tw-data-text tw-text-large tw-ta\" dir=\"ltr\" data-placeholder=\"T\u0142umaczenie\" data-ved=\"2ahUKEwiF4Z-9yv-BAxW-zwIHHTq4DTQQ3ewLegQIBhAP\"><span class=\"Y2IQFc\" lang=\"en\">1. On its 6th birthday, the Fluff brand has prepared a promotion for customers in which each order placed between October 24-26, 2023 will be rewarded with a one-time, individual discount code for the next placed purchase. The code is worth 15% off of the next order. <\/span><\/p>\n<p class=\"tw-data-text tw-text-large tw-ta\" dir=\"ltr\" data-placeholder=\"T\u0142umaczenie\" data-ved=\"2ahUKEwiF4Z-9yv-BAxW-zwIHHTq4DTQQ3ewLegQIBhAP\"><span class=\"Y2IQFc\" lang=\"en\">2. The discount code can be redeemed from November 10, 2023, to December 31, 2024, in the online store, or in our stationary stores (Fluff boutique at ul. K\u0142opotowskiego 11 and Fluff boutique in the Westfield Mokot\u00f3w shopping centre in Warsaw). <\/span><\/p>\n<p class=\"tw-data-text tw-text-large tw-ta\" dir=\"ltr\" data-placeholder=\"T\u0142umaczenie\" data-ved=\"2ahUKEwiF4Z-9yv-BAxW-zwIHHTq4DTQQ3ewLegQIBhAP\"><span class=\"Y2IQFc\" lang=\"en\">3. If the entire base order (to which the coupon was added to) is returned, the discount code will be deactivated with immediate effect. <\/span><\/p>\n<p class=\"tw-data-text tw-text-large tw-ta\" dir=\"ltr\" data-placeholder=\"T\u0142umaczenie\" data-ved=\"2ahUKEwiF4Z-9yv-BAxW-zwIHHTq4DTQQ3ewLegQIBhAP\"><span class=\"Y2IQFc\" lang=\"en\">4. Enter the code in the basket when shopping. Regarding stationary purchases, please bring the original voucher received with the shipment. <\/span><\/p>\n<p class=\"tw-data-text tw-text-large tw-ta\" dir=\"ltr\" data-placeholder=\"T\u0142umaczenie\" data-ved=\"2ahUKEwiF4Z-9yv-BAxW-zwIHHTq4DTQQ3ewLegQIBhAP\"><span class=\"Y2IQFc\" lang=\"en\">5. There is no minimum order amount required to use the code.<\/span><\/p>\n","protected":false},"excerpt":{"rendered":"<p>Regulamin promocji \u201c6 urodziny Fluff\u201d English version below 1. Z okazji 6-tych urodzin marka Fluff przygotowa\u0142a dla klient\u00f3w promocj\u0119, w kt\u00f3rej do ka\u017cdego zam\u00f3wienia, z\u0142o\u017conego w dniach 24-26 pa\u017adziernika 2023 roku do\u0142\u0105czany jest jednorazowy, indywidualny kod rabatowy na kolejne zakupy o warto\u015bci 15% zni\u017cki na kolejne zam\u00f3wienie. 2. Kod rabatowy mo\u017ce zosta\u0107 zrealizowany od dnia [&#8230;]\n","protected":false},"author":561,"featured_media":0,"parent":0,"menu_order":0,"comment_status":"closed","ping_status":"closed","template":"","meta":{"_acf_changed":false,"footnotes":""},"class_list":["post-82248","page","type-page","status-publish","hentry"],"acf":[],"yoast_head":"<!-- This site is optimized with the Yoast SEO plugin v27.0 - https:\/\/yoast.com\/product\/yoast-seo-wordpress\/ -->\n<title>Fluff - Regulamin promocji \u201c6 urodziny Fluff\u201d - Fluff<\/title>\n<meta name=\"robots\" content=\"index, follow, max-snippet:-1, max-image-preview:large, max-video-preview:-1\" \/>\n<link rel=\"canonical\" href=\"https:\/\/fluffouterwear.com\/pl\/promo-pl\/\" \/>\n<meta property=\"og:locale\" content=\"pl_PL\" \/>\n<meta property=\"og:type\" content=\"article\" \/>\n<meta property=\"og:title\" content=\"Fluff - Regulamin promocji \u201c6 urodziny Fluff\u201d - Fluff\" \/>\n<meta property=\"og:description\" content=\"Regulamin promocji \u201c6 urodziny Fluff\u201d English version below 1. Z okazji 6-tych urodzin marka Fluff przygotowa\u0142a dla klient\u00f3w promocj\u0119, w kt\u00f3rej do ka\u017cdego zam\u00f3wienia, z\u0142o\u017conego w dniach 24-26 pa\u017adziernika 2023 roku do\u0142\u0105czany jest jednorazowy, indywidualny kod rabatowy na kolejne zakupy o warto\u015bci 15% zni\u017cki na kolejne zam\u00f3wienie. 2. Kod rabatowy mo\u017ce zosta\u0107 zrealizowany od dnia [...]\" \/>\n<meta property=\"og:url\" content=\"https:\/\/fluffouterwear.com\/pl\/promo-pl\/\" \/>\n<meta property=\"og:site_name\" content=\"Fluff\" \/>\n<meta property=\"og:image\" content=\"https:\/\/fluffouterwear.com\/wp-content\/uploads\/2026\/04\/26_04_03_fluffy_alex_21872.jpg\" \/>\n\t<meta property=\"og:image:width\" content=\"1920\" \/>\n\t<meta property=\"og:image:height\" content=\"1257\" \/>\n\t<meta property=\"og:image:type\" content=\"image\/jpeg\" \/>\n<meta name=\"twitter:card\" content=\"summary_large_image\" \/>\n<meta name=\"twitter:label1\" content=\"Szacowany czas czytania\" \/>\n\t<meta name=\"twitter:data1\" content=\"2 minuty\" \/>\n<script type=\"application\/ld+json\" class=\"yoast-schema-graph\">{\"@context\":\"https:\/\/schema.org\",\"@graph\":[{\"@type\":\"WebPage\",\"@id\":\"https:\/\/fluffouterwear.com\/pl\/promo-pl\/\",\"url\":\"https:\/\/fluffouterwear.com\/pl\/promo-pl\/\",\"name\":\"Fluff - Regulamin promocji \u201c6 urodziny Fluff\u201d - Fluff\",\"isPartOf\":{\"@id\":\"https:\/\/fluffouterwear.com\/pl\/#website\"},\"datePublished\":\"2023-10-18T12:37:05+00:00\",\"breadcrumb\":{\"@id\":\"https:\/\/fluffouterwear.com\/pl\/promo-pl\/#breadcrumb\"},\"inLanguage\":\"pl-PL\",\"potentialAction\":[{\"@type\":\"ReadAction\",\"target\":[\"https:\/\/fluffouterwear.com\/pl\/promo-pl\/\"]}]},{\"@type\":\"BreadcrumbList\",\"@id\":\"https:\/\/fluffouterwear.com\/pl\/promo-pl\/#breadcrumb\",\"itemListElement\":[{\"@type\":\"ListItem\",\"position\":1,\"name\":\"Strona g\u0142\u00f3wna\",\"item\":\"https:\/\/fluffouterwear.com\/pl\/\"},{\"@type\":\"ListItem\",\"position\":2,\"name\":\"Regulamin promocji \u201c6 urodziny Fluff\u201d\"}]},{\"@type\":\"WebSite\",\"@id\":\"https:\/\/fluffouterwear.com\/pl\/#website\",\"url\":\"https:\/\/fluffouterwear.com\/pl\/\",\"name\":\"Fluff\",\"description\":\"\",\"potentialAction\":[{\"@type\":\"SearchAction\",\"target\":{\"@type\":\"EntryPoint\",\"urlTemplate\":\"https:\/\/fluffouterwear.com\/pl\/?s={search_term_string}\"},\"query-input\":{\"@type\":\"PropertyValueSpecification\",\"valueRequired\":true,\"valueName\":\"search_term_string\"}}],\"inLanguage\":\"pl-PL\"}]}<\/script>\n<!-- \/ Yoast SEO plugin. -->","yoast_head_json":{"title":"Fluff - Regulamin promocji \u201c6 urodziny Fluff\u201d - Fluff","robots":{"index":"index","follow":"follow","max-snippet":"max-snippet:-1","max-image-preview":"max-image-preview:large","max-video-preview":"max-video-preview:-1"},"canonical":"https:\/\/fluffouterwear.com\/pl\/promo-pl\/","og_locale":"pl_PL","og_type":"article","og_title":"Fluff - Regulamin promocji \u201c6 urodziny Fluff\u201d - Fluff","og_description":"Regulamin promocji \u201c6 urodziny Fluff\u201d English version below 1. Z okazji 6-tych urodzin marka Fluff przygotowa\u0142a dla klient\u00f3w promocj\u0119, w kt\u00f3rej do ka\u017cdego zam\u00f3wienia, z\u0142o\u017conego w dniach 24-26 pa\u017adziernika 2023 roku do\u0142\u0105czany jest jednorazowy, indywidualny kod rabatowy na kolejne zakupy o warto\u015bci 15% zni\u017cki na kolejne zam\u00f3wienie. 2. Kod rabatowy mo\u017ce zosta\u0107 zrealizowany od dnia [...]","og_url":"https:\/\/fluffouterwear.com\/pl\/promo-pl\/","og_site_name":"Fluff","og_image":[{"width":1920,"height":1257,"url":"https:\/\/fluffouterwear.com\/wp-content\/uploads\/2026\/04\/26_04_03_fluffy_alex_21872.jpg","type":"image\/jpeg"}],"twitter_card":"summary_large_image","twitter_misc":{"Szacowany czas czytania":"2 minuty"},"schema":{"@context":"https:\/\/schema.org","@graph":[{"@type":"WebPage","@id":"https:\/\/fluffouterwear.com\/pl\/promo-pl\/","url":"https:\/\/fluffouterwear.com\/pl\/promo-pl\/","name":"Fluff - Regulamin promocji \u201c6 urodziny Fluff\u201d - Fluff","isPartOf":{"@id":"https:\/\/fluffouterwear.com\/pl\/#website"},"datePublished":"2023-10-18T12:37:05+00:00","breadcrumb":{"@id":"https:\/\/fluffouterwear.com\/pl\/promo-pl\/#breadcrumb"},"inLanguage":"pl-PL","potentialAction":[{"@type":"ReadAction","target":["https:\/\/fluffouterwear.com\/pl\/promo-pl\/"]}]},{"@type":"BreadcrumbList","@id":"https:\/\/fluffouterwear.com\/pl\/promo-pl\/#breadcrumb","itemListElement":[{"@type":"ListItem","position":1,"name":"Strona g\u0142\u00f3wna","item":"https:\/\/fluffouterwear.com\/pl\/"},{"@type":"ListItem","position":2,"name":"Regulamin promocji \u201c6 urodziny Fluff\u201d"}]},{"@type":"WebSite","@id":"https:\/\/fluffouterwear.com\/pl\/#website","url":"https:\/\/fluffouterwear.com\/pl\/","name":"Fluff","description":"","potentialAction":[{"@type":"SearchAction","target":{"@type":"EntryPoint","urlTemplate":"https:\/\/fluffouterwear.com\/pl\/?s={search_term_string}"},"query-input":{"@type":"PropertyValueSpecification","valueRequired":true,"valueName":"search_term_string"}}],"inLanguage":"pl-PL"}]}},"_links":{"self":[{"href":"https:\/\/fluffouterwear.com\/pl\/wp-json\/wp\/v2\/pages\/82248","targetHints":{"allow":["GET"]}}],"collection":[{"href":"https:\/\/fluffouterwear.com\/pl\/wp-json\/wp\/v2\/pages"}],"about":[{"href":"https:\/\/fluffouterwear.com\/pl\/wp-json\/wp\/v2\/types\/page"}],"author":[{"embeddable":true,"href":"https:\/\/fluffouterwear.com\/pl\/wp-json\/wp\/v2\/users\/561"}],"replies":[{"embeddable":true,"href":"https:\/\/fluffouterwear.com\/pl\/wp-json\/wp\/v2\/comments?post=82248"}],"version-history":[{"count":1,"href":"https:\/\/fluffouterwear.com\/pl\/wp-json\/wp\/v2\/pages\/82248\/revisions"}],"predecessor-version":[{"id":82249,"href":"https:\/\/fluffouterwear.com\/pl\/wp-json\/wp\/v2\/pages\/82248\/revisions\/82249"}],"wp:attachment":[{"href":"https:\/\/fluffouterwear.com\/pl\/wp-json\/wp\/v2\/media?parent=82248"}],"curies":[{"name":"wp","href":"https:\/\/api.w.org\/{rel}","templated":true}]}}