{"id":83206,"date":"2023-10-31T14:44:13","date_gmt":"2023-10-31T13:44:13","guid":{"rendered":"https:\/\/fluffouterwear.com\/?page_id=83206"},"modified":"2024-07-25T09:42:48","modified_gmt":"2024-07-25T07:42:48","slug":"reklamacje","status":"publish","type":"page","link":"https:\/\/fluffouterwear.com\/pl\/reklamacje\/","title":{"rendered":"Reklamacje"},"content":{"rendered":"<div class=\"row align-center\"  id=\"row-328124666\">\n\n\t<div id=\"col-600750108\" class=\"col medium-8 small-12 large-8\"  >\n\t\t\t\t<div class=\"col-inner\"  >\n\t\t\t\n\t\t\t\n<h3 style=\"text-align: center;\">REKLAMACJE<\/h3>\n<p>W wypadku wykrycia jakichkolwiek wad zakupionego Towaru Sklep fluffouterwear.com przestrzega praw ustawowo przys\u0142uguj\u0105cych Klientowi.<\/p>\n<p>W celu rozpocz\u0119cia procedury reklamacji, prosimy o o kontakt pod adresem <strong>hello@fluffouterwear.com<\/strong> oraz wype\u0142nienie<span style=\"text-decoration: underline;\"><strong><a href=\"https:\/\/fluffouterwear.com\/FORMULARZ-REKLAMACJI.pdf\" target=\"_blank\" rel=\"noopener\"> formularza reklamacji(POBIERZ) <\/a><\/strong><\/span>i za\u0142\u0105czenie go w paczce.<\/p>\n<p><strong><span data-text-color=\"success\">Informujemy, \u017ce w przypadku reklamacji, naszym priorytetem jest naprawa produkt\u00f3w. Chc\u0105c r\u00f3wnowa\u017cy\u0107 wp\u0142yw produkcji ubra\u0144 na \u015brodowisko, d\u0105\u017cymy do wyd\u0142u\u017cenia \u017cywotno\u015bci naszych produkt\u00f3w.<\/span><br \/>\n<\/strong><\/p>\n<h3>Przygotowanie produktu do reklamacji:<\/h3>\n<ol>\n<li>Produkt nale\u017cy zapakowa\u0107 wraz z formularzem reklamacyjnym.<\/li>\n<li>Reklamowane produkty nale\u017cy zachowa\u0107 w dobrym stanie, wskazuj\u0105cym na prawid\u0142owe u\u017cytkowanie.<\/li>\n<li>Formularz reklamacyjny nale\u017cy w dok\u0142adnie uzupe\u0142ni\u0107 aktualnymi danymi kontaktowymi oraz szczeg\u00f3\u0142ami wady.<\/li>\n<li>Przesy\u0142k\u0119 nale\u017cy odes\u0142a\u0107 na adres podany na formularzu reklamacji.<\/li>\n<li>Nie odbieramy przesy\u0142ek za pobraniem oraz z paczkomat\u00f3w\/punkt\u00f3w odbioru.<\/li>\n<\/ol>\n<p><strong>Informujemy, \u017ce obecnie sk\u0142adanie reklamacji w butiku w C.H. WESTFIELD MOKOT\u00d3W <span style=\"text-decoration: underline;\">nie jest mo\u017cliwe<\/span> &#8211; prosimy o kontakt mailowy i odes\u0142anie produktu z formularzem. Przepraszamy za niedogodno\u015bci.<\/strong><\/p>\n<h3>Przebieg reklamacji:<\/h3>\n<ol>\n<li>Po otrzymaniu produktu zg\u0142oszenie jest weryfikowane przez dzia\u0142 reklamacyjny.<\/li>\n<li>Klient otrzymuje w ci\u0105gu 14 dni informacj\u0119 na temat decyzji oraz dalszych krok\u00f3w procesu reklamacyjnego.<\/li>\n<li>W przypadku uznania reklamacji, w pierwszej kolejno\u015bci weryfikujemy, czy mo\u017cliwa jest naprawa produktu. W tej sytuacji wada zostanie skorygowana przez producenta tak by przywr\u00f3ci\u0107 produkt do pierwotnej jako\u015bci i stanu zgodnego z umow\u0105. Dopiero gdy naprawa nie b\u0119dzie mo\u017cliwa, nast\u0105pi wymiana produktu lub zwrot \u015brodk\u00f3w.<\/li>\n<li>W przypadku odrzucenia reklamacji, klient zostanie poinformowany o jej przyczynie. Mo\u017ce to by\u0107 zwi\u0105zane z uszkodzeniem mechanicznym, nieprawid\u0142owym u\u017cytkowaniem lub przekroczeniem czasu gwarancji.<\/li>\n<\/ol>\n<p>Wi\u0119cej informacji w <a href=\"\/?page_id=7401\" target=\"_blank\" rel=\"noopener\"><strong><span data-text-color=\"primary\">Regulaminie<\/span><\/strong><\/a>.<\/p>\n\t\t<\/div>\n\t\t\t\t\t<\/div>\n\n\t\n<\/div>\n","protected":false},"excerpt":{"rendered":"","protected":false},"author":561,"featured_media":0,"parent":0,"menu_order":0,"comment_status":"closed","ping_status":"closed","template":"","meta":{"_acf_changed":false,"footnotes":""},"class_list":["post-83206","page","type-page","status-publish","hentry"],"acf":[],"yoast_head":"<!-- This site is optimized with the Yoast SEO plugin v27.0 - https:\/\/yoast.com\/product\/yoast-seo-wordpress\/ -->\n<title>Fluff - Reklamacje - Fluff<\/title>\n<meta name=\"robots\" content=\"index, follow, max-snippet:-1, max-image-preview:large, max-video-preview:-1\" \/>\n<link rel=\"canonical\" href=\"https:\/\/fluffouterwear.com\/pl\/reklamacje\/\" \/>\n<meta property=\"og:locale\" content=\"pl_PL\" \/>\n<meta property=\"og:type\" content=\"article\" \/>\n<meta property=\"og:title\" content=\"Fluff - Reklamacje - Fluff\" \/>\n<meta property=\"og:url\" content=\"https:\/\/fluffouterwear.com\/pl\/reklamacje\/\" \/>\n<meta property=\"og:site_name\" content=\"Fluff\" \/>\n<meta property=\"article:modified_time\" content=\"2024-07-25T07:42:48+00:00\" \/>\n<meta property=\"og:image\" content=\"https:\/\/fluffouterwear.com\/wp-content\/uploads\/2026\/04\/26_04_03_fluffy_alex_21872.jpg\" \/>\n\t<meta property=\"og:image:width\" content=\"1920\" \/>\n\t<meta property=\"og:image:height\" content=\"1257\" \/>\n\t<meta property=\"og:image:type\" content=\"image\/jpeg\" \/>\n<meta name=\"twitter:card\" content=\"summary_large_image\" \/>\n<meta name=\"twitter:label1\" content=\"Szacowany czas czytania\" \/>\n\t<meta name=\"twitter:data1\" content=\"2 minuty\" \/>\n<script type=\"application\/ld+json\" class=\"yoast-schema-graph\">{\"@context\":\"https:\/\/schema.org\",\"@graph\":[{\"@type\":\"WebPage\",\"@id\":\"https:\/\/fluffouterwear.com\/pl\/reklamacje\/\",\"url\":\"https:\/\/fluffouterwear.com\/pl\/reklamacje\/\",\"name\":\"Fluff - Reklamacje - Fluff\",\"isPartOf\":{\"@id\":\"https:\/\/fluffouterwear.com\/pl\/#website\"},\"datePublished\":\"2023-10-31T13:44:13+00:00\",\"dateModified\":\"2024-07-25T07:42:48+00:00\",\"breadcrumb\":{\"@id\":\"https:\/\/fluffouterwear.com\/pl\/reklamacje\/#breadcrumb\"},\"inLanguage\":\"pl-PL\",\"potentialAction\":[{\"@type\":\"ReadAction\",\"target\":[\"https:\/\/fluffouterwear.com\/pl\/reklamacje\/\"]}]},{\"@type\":\"BreadcrumbList\",\"@id\":\"https:\/\/fluffouterwear.com\/pl\/reklamacje\/#breadcrumb\",\"itemListElement\":[{\"@type\":\"ListItem\",\"position\":1,\"name\":\"Strona g\u0142\u00f3wna\",\"item\":\"https:\/\/fluffouterwear.com\/pl\/\"},{\"@type\":\"ListItem\",\"position\":2,\"name\":\"Reklamacje\"}]},{\"@type\":\"WebSite\",\"@id\":\"https:\/\/fluffouterwear.com\/pl\/#website\",\"url\":\"https:\/\/fluffouterwear.com\/pl\/\",\"name\":\"Fluff\",\"description\":\"\",\"potentialAction\":[{\"@type\":\"SearchAction\",\"target\":{\"@type\":\"EntryPoint\",\"urlTemplate\":\"https:\/\/fluffouterwear.com\/pl\/?s={search_term_string}\"},\"query-input\":{\"@type\":\"PropertyValueSpecification\",\"valueRequired\":true,\"valueName\":\"search_term_string\"}}],\"inLanguage\":\"pl-PL\"}]}<\/script>\n<!-- \/ Yoast SEO plugin. -->","yoast_head_json":{"title":"Fluff - Reklamacje - Fluff","robots":{"index":"index","follow":"follow","max-snippet":"max-snippet:-1","max-image-preview":"max-image-preview:large","max-video-preview":"max-video-preview:-1"},"canonical":"https:\/\/fluffouterwear.com\/pl\/reklamacje\/","og_locale":"pl_PL","og_type":"article","og_title":"Fluff - Reklamacje - Fluff","og_url":"https:\/\/fluffouterwear.com\/pl\/reklamacje\/","og_site_name":"Fluff","article_modified_time":"2024-07-25T07:42:48+00:00","og_image":[{"width":1920,"height":1257,"url":"https:\/\/fluffouterwear.com\/wp-content\/uploads\/2026\/04\/26_04_03_fluffy_alex_21872.jpg","type":"image\/jpeg"}],"twitter_card":"summary_large_image","twitter_misc":{"Szacowany czas czytania":"2 minuty"},"schema":{"@context":"https:\/\/schema.org","@graph":[{"@type":"WebPage","@id":"https:\/\/fluffouterwear.com\/pl\/reklamacje\/","url":"https:\/\/fluffouterwear.com\/pl\/reklamacje\/","name":"Fluff - Reklamacje - Fluff","isPartOf":{"@id":"https:\/\/fluffouterwear.com\/pl\/#website"},"datePublished":"2023-10-31T13:44:13+00:00","dateModified":"2024-07-25T07:42:48+00:00","breadcrumb":{"@id":"https:\/\/fluffouterwear.com\/pl\/reklamacje\/#breadcrumb"},"inLanguage":"pl-PL","potentialAction":[{"@type":"ReadAction","target":["https:\/\/fluffouterwear.com\/pl\/reklamacje\/"]}]},{"@type":"BreadcrumbList","@id":"https:\/\/fluffouterwear.com\/pl\/reklamacje\/#breadcrumb","itemListElement":[{"@type":"ListItem","position":1,"name":"Strona g\u0142\u00f3wna","item":"https:\/\/fluffouterwear.com\/pl\/"},{"@type":"ListItem","position":2,"name":"Reklamacje"}]},{"@type":"WebSite","@id":"https:\/\/fluffouterwear.com\/pl\/#website","url":"https:\/\/fluffouterwear.com\/pl\/","name":"Fluff","description":"","potentialAction":[{"@type":"SearchAction","target":{"@type":"EntryPoint","urlTemplate":"https:\/\/fluffouterwear.com\/pl\/?s={search_term_string}"},"query-input":{"@type":"PropertyValueSpecification","valueRequired":true,"valueName":"search_term_string"}}],"inLanguage":"pl-PL"}]}},"_links":{"self":[{"href":"https:\/\/fluffouterwear.com\/pl\/wp-json\/wp\/v2\/pages\/83206","targetHints":{"allow":["GET"]}}],"collection":[{"href":"https:\/\/fluffouterwear.com\/pl\/wp-json\/wp\/v2\/pages"}],"about":[{"href":"https:\/\/fluffouterwear.com\/pl\/wp-json\/wp\/v2\/types\/page"}],"author":[{"embeddable":true,"href":"https:\/\/fluffouterwear.com\/pl\/wp-json\/wp\/v2\/users\/561"}],"replies":[{"embeddable":true,"href":"https:\/\/fluffouterwear.com\/pl\/wp-json\/wp\/v2\/comments?post=83206"}],"version-history":[{"count":13,"href":"https:\/\/fluffouterwear.com\/pl\/wp-json\/wp\/v2\/pages\/83206\/revisions"}],"predecessor-version":[{"id":93484,"href":"https:\/\/fluffouterwear.com\/pl\/wp-json\/wp\/v2\/pages\/83206\/revisions\/93484"}],"wp:attachment":[{"href":"https:\/\/fluffouterwear.com\/pl\/wp-json\/wp\/v2\/media?parent=83206"}],"curies":[{"name":"wp","href":"https:\/\/api.w.org\/{rel}","templated":true}]}}