{"id":83645,"date":"2023-11-14T12:54:41","date_gmt":"2023-11-14T11:54:41","guid":{"rendered":"https:\/\/fluffouterwear.com\/?page_id=83645"},"modified":"2023-11-14T12:54:41","modified_gmt":"2023-11-14T11:54:41","slug":"regulamin-rozdania-berriesco","status":"publish","type":"page","link":"https:\/\/fluffouterwear.com\/pl\/regulamin-rozdania-berriesco\/","title":{"rendered":"Regulamin rozdania Berries&#038;co"},"content":{"rendered":"<p style=\"text-align: center;\"><strong>RAMOWY REGULAMIN ROZDA\u0143<\/strong><\/p>\n<p style=\"text-align: center;\">\u00a7 1. Postanowienia og\u00f3lne<\/p>\n<p style=\"text-align: center;\">1. Niniejszy Regulamin (dalej: \u201eRegulamin\u201d) okre\u015bla og\u00f3lne zasady i warunki przeprowadzenia oraz udzia\u0142u w rozdaniach (dalej: \u201eRozdania\u201d).<br \/>\n2. Szczeg\u00f3\u0142owe warunki przeprowadzenia konkretnego rozdania zamieszczone s\u0105 w og\u0142oszeniu rozdania (dalej: \u201eOg\u0142oszenie o rozdaniu\u201d)<br \/>\n3. Organizatorem Rozdania s\u0105:<br \/>\na. Sandra Sienkiewicz, prowadz\u0105ca dzia\u0142alno\u015b\u0107 gospodarcz\u0105 pod firm\u0105 Sandra Sienkiewicz \u2013<br \/>\nwsp\u00f3lnik sp\u00f3\u0142ki cywilnej \u201eBerries&amp;Co. Sp\u00f3\u0142ka Cywilna\u201d (adres sta\u0142ego miejsca<br \/>\nwykonywania dzia\u0142alno\u015bci gospodarczej: ul. Ludwika Rydygiera 11 lok. 214, 01-793<br \/>\nWarszawa), wpisana do Centralnej Ewidencji Informacji o Dzia\u0142alno\u015bci Gospodarczej<br \/>\nprowadzonej przez ministra w\u0142a\u015bciwego ds. gospodarki, posiadaj\u0105ca NIP: 7792352295,<br \/>\nnumer REGON 142507460 oraz<br \/>\nb. Sarah Kisielewska-Falkowska, prowadz\u0105ca dzia\u0142alno\u015b\u0107 gospodarcz\u0105 pod firm\u0105 Sarah<br \/>\nKisielewska-Falkowska \u2013 wsp\u00f3lnik sp\u00f3\u0142ki cywilnej \u201eBerries&amp;Co. Sp\u00f3\u0142ka Cywilna\u201d (adres<br \/>\nsta\u0142ego miejsca wykonywania dzia\u0142alno\u015bci gospodarczej: ul. Jana Karola Chodkiewicza 10<br \/>\nlok. 63, 02-593 Warszawa), wpisana do Centralnej Ewidencji Informacji o Dzia\u0142alno\u015bci<br \/>\nGospodarczej prowadzonej przez ministra w\u0142a\u015bciwego ds. gospodarki, posiadaj\u0105ca NIP:<br \/>\n5482456993, numer REGON 147046985,<br \/>\n&#8211; prowadz\u0105ce wsp\u00f3lnie dzia\u0142alno\u015b\u0107 gospodarcz\u0105 w ramach sp\u00f3\u0142ki cywilnej pod nazw\u0105 \u201eBerries&amp;Co.<br \/>\nSp\u00f3\u0142ka Cywilna\u201d (adres sp\u00f3\u0142ki cywilnej: ul. Zelwerowicza 44, 02-928 Warszawa), wpisanej do<br \/>\nCentralnej Ewidencji Informacji o Dzia\u0142alno\u015bci Gospodarczej prowadzonej przez ministra<br \/>\nw\u0142a\u015bciwego ds. gospodarki, posiadaj\u0105cej NIP 7010517464, numer REGON 362910109 (dalej:<br \/>\n\u201eOrganizator\u201d).<br \/>\n4. Kontakt z Organizatorem w sprawach dotycz\u0105cych Rozdania mo\u017cliwy jest za pomoc\u0105 poczty<br \/>\nelektronicznej pod adresem: shop@berriesandco.pl<br \/>\n5. Rozdania mog\u0105 by\u0107 organizowane przy wsp\u00f3\u0142pracy z podmiotami trzecimi (dalej: \u201ePartner\u201d).<br \/>\n6. Rozdanie jest przyrzeczeniem publicznym w rozumieniu art. 919 ustawy z dnia 23 kwietnia 1964<br \/>\nroku &#8211; Kodeks cywilny.<br \/>\n7. Rozdanie nie jest gr\u0105 losow\u0105 ani zak\u0142adem wzajemnym w rozumieniu przepis\u00f3w ustawy z dnia 19<br \/>\nlistopada 2009 r. o grach hazardowych.<br \/>\n8. Warunkiem uczestnictwa w Rozdaniu jest uprzednie zapoznanie si\u0119 z postanowieniami<br \/>\nRegulaminu oraz Og\u0142oszenia o rozdaniu i akceptacja wszystkich ich postanowie\u0144.<br \/>\n9. Informacja o zasadach przetwarzania i ochrony danych osobowych Uczestnik\u00f3w stanowi<br \/>\nZa\u0142\u0105cznik do Og\u0142oszenia o Rozdaniu.<\/p>\n<p style=\"text-align: center;\">\u00a7 2. Og\u0142oszenie o Rozdaniu<\/p>\n<p style=\"text-align: center;\">1. Ka\u017cdorazowo Organizator publikowa\u0107 b\u0119dzie Og\u0142oszenie o Rozdaniu, w wybranych przez niego<br \/>\nmediach spo\u0142eczno\u015bciowych, na swojej stronie internetowej lub na dedykowanej stronie<br \/>\ninternetowej.<br \/>\n2. Og\u0142oszenie o rozdaniu b\u0119dzie zawiera\u0107 takie informacje jak m.in.:<br \/>\na. nazwa Rozdania,<br \/>\nb. termin przeprowadzenia Rozdania, wraz z dat\u0105 i godzin\u0105 jego zako\u0144czenia,<br \/>\nc. spos\u00f3b wzi\u0119cia udzia\u0142u w Rozdaniu oraz zasady wykonania zadania (dalej: \u201eZadanie\u201d),<br \/>\nd. dane Organizatora oraz ewentualnych Partner\u00f3w,<br \/>\ne. okre\u015blenie nagr\u00f3d w Rozdaniu (dalej: \u201eNagrody\u201d) oraz podmiotu, kt\u00f3ry je sponsoruje,<br \/>\nf. kryteria wyboru zwyci\u0119zc\u00f3w Rozdania,<br \/>\ng. termin oraz miejsce publikacji wynik\u00f3w Rozdania,<br \/>\n3. O ile Og\u0142oszenie o Rozdaniu nie wskazuje inaczej, do Rozdania stosuj\u0105 si\u0119 postanowienia<br \/>\nniniejszego Regulaminu. W zakresie w jakim Og\u0142oszenie o Rozdaniu stanowi inaczej ni\u017c<br \/>\npostanowienia Regulaminu stosuje si\u0119 postanowienia Og\u0142oszenia o Rozdaniu.<\/p>\n<p style=\"text-align: center;\">\u00a7 3. Zasady uczestnictwa w Rozdaniu<\/p>\n<p style=\"text-align: center;\">1. Udzia\u0142 w Rozdaniu jest ca\u0142kowicie dobrowolny i nieodp\u0142atny.<br \/>\n2. Uczestnikiem Rozdania (dalej: \u201eUczestnik\u201d) mo\u017ce by\u0107 ka\u017cda osoba fizyczna, kt\u00f3ra:<br \/>\na) najp\u00f3\u017aniej w ostatnim dniu trwania Rozdania uko\u0144czy\u0142a 18 lat;<br \/>\nb) posiada pe\u0142n\u0105 zdolno\u015b\u0107 do czynno\u015bci prawnych;<br \/>\nc) posiada miejsce zamieszkania na terytorium Rzeczypospolitej Polskiej;<br \/>\nd) w relacji z Organizatorem posiada status konsumenta w rozumieniu art. 22(1) Kodeksu cywilnego;<br \/>\ne) zapozna\u0142a si\u0119 z postanowieniami Regulaminu i Og\u0142oszenia o rozdaniu oraz zaakceptowa\u0142a wszystkie ich postanowienia.<br \/>\n3. Udzia\u0142 w Rozdaniu w imieniu osoby trzeciej jest niedopuszczalny.<br \/>\n4. W Rozdaniu nie mog\u0105 uczestniczy\u0107 pracownicy i wsp\u00f3\u0142pracownicy Organizatora, a tak\u017ce cz\u0142onkowie<br \/>\nich rodzin (wst\u0119pni, zst\u0119pni i rodze\u0144stwo) oraz osoby pozostaj\u0105ce z nimi we wsp\u00f3lnym po\u017cyciu.<br \/>\n5. W ramach Rozdania zabronione jest tworzenie tre\u015bci:<br \/>\na) o charakterze bezprawnym, naruszaj\u0105cych w jakikolwiek spos\u00f3b obowi\u0105zuj\u0105ce prawo;<br \/>\nb) o charakterze politycznym lub publicystycznym;<br \/>\nc) wzywaj\u0105cych do nienawi\u015bci rasowej, etnicznej, wyznaniowej;<br \/>\nd) zawieraj\u0105cych tre\u015bci pornograficzne;<br \/>\ne) pochwalaj\u0105cych faszyzm, nazizm, komunizm;<br \/>\nf) propaguj\u0105cych przemoc;<br \/>\ng) obra\u017caj\u0105cych uczucia religijne;<br \/>\nh) naruszaj\u0105ce dobra osobiste os\u00f3b trzecich oraz przys\u0142uguj\u0105ce im prawa w\u0142asno\u015bci intelektualnej.<br \/>\n6. Organizator mo\u017ce wykluczy\u0107 Uczestnika z udzia\u0142u Rozdaniu lub odm\u00f3wi\u0107 przyznania mu nagrody<br \/>\nwskazanej w Og\u0142oszeniu o Rozdaniu, w przypadku podania przez Uczestnika nieprawdziwych lub<br \/>\nniekompletnych danych i informacji wymaganych przez Regulamin lub Og\u0142oszenie o Rozdaniu,<br \/>\nnaruszenia przez Uczestnika jakichkolwiek postanowie\u0144 Regulaminu lub Og\u0142oszenia o Rozdaniu.<\/p>\n<p style=\"text-align: center;\">\u00a7 4. Zadanie<\/p>\n<p style=\"text-align: center;\">1. Rozdanie trwa przez okres wskazany w Og\u0142oszeniu o Rozdaniu.<br \/>\n2. Zadanie polega na wykonaniu czynno\u015bci okre\u015blonych w Og\u0142oszeniu o Rozdaniu.<br \/>\n3. Zadanie mo\u017ce by\u0107 wykonane wy\u0142\u0105cznie w okresie trwania Rozdania. Zadanie wykonane poza<br \/>\nokresem trwania Rozdania nie b\u0119dzie brane pod uwag\u0119 przez Organizatora.<br \/>\n4. Zadanie musi by\u0107 rezultatem w\u0142asnej tw\u00f3rczo\u015bci Uczestnika i nie mo\u017ce zawiera\u0107 tre\u015bci wskazanych<br \/>\nw \u00a7 2 ust. 5 Regulaminu.<br \/>\n5. Ka\u017cdy Uczestnik mo\u017ce wykona\u0107 Zadanie wy\u0142\u0105cznie jednokrotnie. Wielokrotne wykonanie Zadania<br \/>\njest zabronione i skutkuje wykluczeniem Uczestnika z Rozdania.<br \/>\n6. Zmiana wykonanego Zadania jest zabroniona i skutkuje wykluczeniem Uczestnika z Rozdania.<br \/>\n7. Uczestnik mo\u017ce w ka\u017cdej chwili zrezygnowa\u0107 z udzia\u0142u w Rozdaniu poprzez z\u0142o\u017cenie Organizatorowi<br \/>\no\u015bwiadczenia o rezygnacji. O\u015bwiadczenie, o kt\u00f3rym mowa w zdaniu poprzedzaj\u0105cym, Uczestnik<br \/>\nmo\u017ce przes\u0142a\u0107 Organizatorowi pod jeden z adres\u00f3w wskazanych \u00a7 1 ust. 4 Regulaminu. Rezygnacja<br \/>\nz udzia\u0142u w Rozdaniu nie wp\u0142ywa na udzielon\u0105 przez Uczestnika Licencj\u0119, o kt\u00f3rej mowa w \u00a7 6<br \/>\nRegulaminu.<br \/>\n8. Oceny Zada\u0144 dokona Organizator, bior\u0105c przy tym pod uwag\u0119 kryteria wskazane w Og\u0142oszeniu o<br \/>\nRozdaniu.<br \/>\n9. Wyniki Rozdania zostan\u0105 opublikowane w terminie i w spos\u00f3b okre\u015blony w Og\u0142oszeniu o Rozdaniu.<br \/>\n10. Decyzje Organizatora w przedmiocie wy\u0142onienia zwyci\u0119zc\u00f3w Rozdania s\u0105 ostateczne i nie<br \/>\nprzys\u0142uguje od nich odwo\u0142anie.<\/p>\n<p style=\"text-align: center;\">\u00a7 5. Nagrody<\/p>\n<p style=\"text-align: center;\">1. Po dokonaniu oceny Zada\u0144, Organizator wy\u0142oni spo\u015br\u00f3d ich autor\u00f3w zwyci\u0119zc\u00f3w Rozdania,<br \/>\nw spos\u00f3b zgodny z postanowieniami Og\u0142oszenia o rozdaniu.<br \/>\n2. Zwyci\u0119zca Rozdania otrzyma Nagrod\u0119 okre\u015blon\u0105 w Og\u0142oszeniu o Rozdaniu.<br \/>\n3. Ka\u017cdy ze zwyci\u0119zc\u00f3w otrzyma dodatkowo nagrod\u0119 pieni\u0119\u017cn\u0105 o warto\u015bci 10% warto\u015bci nagrody<br \/>\nrzeczowej, o kt\u00f3rej mowa w ust. 2 powy\u017cej, przeznaczonej na uiszczenie przez Organizatora podatku<br \/>\ndochodowego. Zwyci\u0119zcy nie przys\u0142uguje prawo do \u017c\u0105dania wyp\u0142aty nagrody pieni\u0119\u017cnej.<br \/>\n4. Zwyci\u0119zca Rozdania mo\u017ce otrzyma\u0107 tylko jedn\u0105 Nagrod\u0119.<br \/>\n5. Nagroda nie podlega wymianie na got\u00f3wk\u0119 lub na nagrody innego rodzaju.<br \/>\n6. Zwyci\u0119zca Rozdania nie mo\u017ce przenie\u015b\u0107 praw z wygranej Nagrody na osoby trzecie.<br \/>\n7. Warunkiem odbioru Nagrody jest przes\u0142anie przez zwyci\u0119zc\u0119 Rozdania (w spos\u00f3b okre\u015blony w<br \/>\nOg\u0142oszeniu o Rozdaniu) swojego imienia i nazwiska oraz adresu pocztowego po\u0142o\u017conego na<br \/>\nterytorium Rzeczypospolitej Polskiej w terminie 7 dni od dnia og\u0142oszenia wynik\u00f3w Rozdania.<br \/>\n8. Organizator dokonuje wysy\u0142ki Nagrody pod adres pocztowy podany przez zwyci\u0119zc\u0119 Rozdania w<br \/>\nterminie 14 dni od dnia jego otrzymania.<br \/>\n9. Zwyci\u0119zca Rozdania traci prawa do Nagrody w przypadku uchybienia warunkom wskazanym w<br \/>\nniniejszym Regulaminie, w szczeg\u00f3lno\u015bci niepodania Organizatorowi adresu pocztowego w terminie<br \/>\nwskazanym w przywo\u0142anym postanowieniu.<br \/>\n10. Nagrody nieodebrane oraz Nagrody, kt\u00f3rych wydanie cofni\u0119to na skutek wyst\u0105pienia okoliczno\u015bci<br \/>\nwskazanych w ust. 9 powy\u017cej, pozostaj\u0105 do dyspozycji Organizatora, kt\u00f3ry mo\u017ce postanowi\u0107 o ich<br \/>\nprzyznaniu innym, wybranym przez siebie Uczestnikom. W przypadku, o kt\u00f3rym mowa w zdaniu<br \/>\npoprzedzaj\u0105cym in fine, do Uczestnik\u00f3w wybranych przez Organizatora stosuje si\u0119 postanowienia<br \/>\nRegulaminu dotycz\u0105ce zwyci\u0119zc\u00f3w Rozdania.<\/p>\n<p style=\"text-align: center;\">\u00a7 6. Licencja<\/p>\n<p style=\"text-align: center;\">1. W momencie przes\u0142ania wykonania Zadania, Uczestnik nieodp\u0142atnie udziela Organizatorowi<br \/>\nlicencji na jego wykorzystanie (dalej: \u201eLicencja\u201d).<br \/>\n2. Licencja ma charakter niewy\u0142\u0105czny i uprawnia Organizatora do korzystania z Zadania na<br \/>\nnast\u0119puj\u0105cych polach eksploatacji:<br \/>\na. utrwalanie i zwielokrotnianie w dowolnej ilo\u015bci, dowoln\u0105 technik\u0105 i w dowolnym<br \/>\nformacie;<br \/>\nb. rozpowszechnianie w jakikolwiek spos\u00f3b, w szczeg\u00f3lno\u015bci poprzez publikacj\u0119 na profilach<br \/>\nOrganizatora oraz Partner\u00f3w w mediach spo\u0142eczno\u015bciowych oraz na stronach<br \/>\ninternetowych Organizatora oraz Partner\u00f3w;<br \/>\nc. wykorzystywanie w ramach dzia\u0142a\u0144 reklamowych, promocyjnych lub markeqngowych.<br \/>\n3. Licencja uprawnia Organizatora do dokonywania opracowa\u0144 Zadania oraz korzystania z takich<br \/>\nopracowa\u0144 na polach eksploatacji wskazanych w ust. 1 powy\u017cej.<br \/>\n4. Organizator mo\u017ce wykonywa\u0107 uprawnienia wynikaj\u0105ce z Licencji na terytorium Polski oraz<br \/>\nwszystkich pozosta\u0142ych pa\u0144stw \u015bwiata.<br \/>\n5. Licencja zostaje udzielona na czas 5 lat, po up\u0142ywie kt\u00f3rych ulega przed\u0142u\u017ceniu na czas<br \/>\nnieoznaczony.<br \/>\n6. Organizator albo Uczestnik mo\u017ce wypowiedzie\u0107 Licencj\u0119 przed\u0142u\u017con\u0105 na czas nieoznaczony z<br \/>\nzachowaniem okresu wypowiedzenia wynosz\u0105cego 2 lata, ze skutkiem na koniec roku<br \/>\nkalendarzowego.<\/p>\n<p style=\"text-align: center;\">\u00a7 7. Reklamacje<\/p>\n<p style=\"text-align: center;\">1. Uczestnicy maj\u0105 prawo zg\u0142asza\u0107 reklamacje co do sposobu przeprowadzania Rozdania.<br \/>\n2. Reklamacja powinna by\u0107 z\u0142o\u017cona na pi\u015bmie i zawiera\u0107:<br \/>\na. imi\u0119 i nazwisko Uczestnika;<br \/>\nb. adres do korespondencji;<br \/>\nc. dok\u0142adny opis przyczyn z\u0142o\u017cenia reklamacji.<br \/>\n3. Reklamacje mog\u0105 by\u0107 sk\u0142adane nie p\u00f3\u017aniej ni\u017c w terminie 14 dni od dnia og\u0142oszenia wynik\u00f3w<br \/>\nRozdania. Za dat\u0119 z\u0142o\u017cenia reklamacji uznaje si\u0119 dat\u0119 jej dor\u0119czenia do sta\u0142ego miejsca<br \/>\nprowadzenia dzia\u0142alno\u015bci gospodarczej Organizatora.<br \/>\n4. Pisemnej odpowiedzi na reklamacj\u0119 Organizator udziela nie p\u00f3\u017aniej ni\u017c w ci\u0105gu 30 dni od dnia jej<br \/>\notrzymania w prawid\u0142owej i kompletnej formie.<br \/>\n5. Reklamacje niezawieraj\u0105ce kt\u00f3regokolwiek z element\u00f3w wskazanych w ust. 2 powy\u017cej lub z\u0142o\u017cone<br \/>\npo up\u0142ywie terminu wskazanego w ust. 3 powy\u017cej, Organizator pozostawia bez rozpoznania.<\/p>\n<p style=\"text-align: center;\">\u00a7 8. Zmiana Regulaminu<\/p>\n<p style=\"text-align: center;\">1. Organizator mo\u017ce dokona\u0107 zmiany Regulaminu lub Og\u0142oszenia o Rozdaniu w przypadku:<br \/>\na. niemo\u017cno\u015bci przeprowadzenia Rozdania w pierwotnie wyznaczonym terminie z przyczyn<br \/>\nniezale\u017cnych od Organizatora, kt\u00f3rych wyst\u0105pienia nie m\u00f3g\u0142 on przewidzie\u0107 nawet przy<br \/>\nzachowaniu nale\u017cytej staranno\u015bci;<br \/>\nb. zmiany przedmiotu dzia\u0142alno\u015bci Organizatora lub Partnera;<br \/>\nc. decyzji Organizatora o wprowadzeniu bardziej korzystnych dla Uczestnik\u00f3w warunk\u00f3w<br \/>\nudzia\u0142u w Rozdaniu;<br \/>\nd. prawnego obowi\u0105zku dokonania zmian, w tym obowi\u0105zku dostosowania Regulaminu do<br \/>\naktualnego stanu prawnego.<br \/>\n2. Zmiana Regulaminu nie mo\u017ce skutkowa\u0107 pogorszeniem sytuacji Uczestnik\u00f3w.<br \/>\n3. Organizator poinformuje Uczestnik\u00f3w o zmianie Regulaminu poprzez opublikowanie jego<br \/>\nzmienionej wersji w miejscu pierwotnej publikacji, co najmniej 7 dni przed dniem wej\u015bcia zmian<br \/>\nw \u017cycie.<br \/>\n4. Organizator poinformuje Uczestnik\u00f3w o zmianie Og\u0142oszenia o Rozdaniu poprzez opublikowanie<br \/>\njego zmienionej wersji w miejscu pierwotnej publikacji, co najmniej 3 dni przed dniem wej\u015bcia<br \/>\nzmian w \u017cycie.<br \/>\n5. Uczestnik, kt\u00f3ry nie zgadza si\u0119 na zmian\u0119 Regulaminu, mo\u017ce zrezygnowa\u0107 z udzia\u0142u w Rozdaniu<br \/>\ndo momentu og\u0142oszenia jego wynik\u00f3w poprzez z\u0142o\u017cenie Organizatorowi o\u015bwiadczenia o<br \/>\nrezygnacji. O\u015bwiadczenie, o kt\u00f3rym mowa w zdaniu poprzedzaj\u0105cym, Uczestnik mo\u017ce przes\u0142a\u0107<br \/>\nOrganizatorowi pod jeden z adres\u00f3w wskazanych \u00a7 1 ust. 4 Regulaminu. Rezygnacja z udzia\u0142u w<br \/>\nRozdaniu z powodu zmiany Regulaminu skutkuje wyga\u015bni\u0119ciem udzielonej przez Uczestnika<br \/>\nLicencji.<\/p>\n<p style=\"text-align: center;\">\u00a7 9. Postanowienia ko\u0144cowe<\/p>\n<p style=\"text-align: center;\">1. Organizator informuje, \u017ce Rozdania nie s\u0105 w \u017caden spos\u00f3b sponsorowane, popierane ani<br \/>\nprzeprowadzane przez serwisy medi\u00f3w spo\u0142eczno\u015bciowych lub inne podmioty, niewymienione w<br \/>\nOg\u0142oszeniu o Rozdaniu ani z nimi zwi\u0105zany. Uczestnik zwalnia serwisy medi\u00f3w spo\u0142eczno\u015bciowych<br \/>\noraz inne podmioty, niewymienione w Og\u0142oszeniu o rozdaniu z wszelkiej odpowiedzialno\u015bci za organizacj\u0119 i przeprowadzenie Rozdania.<br \/>\n2. Integraln\u0105 cz\u0119\u015bci\u0105 Regulaminu jest Za\u0142\u0105cznik nr 1 &#8211; Informacja o przetwarzaniu danych osobowych.<br \/>\n3. W sprawach nieuregulowanych w Regulaminie zastosowanie znajduj\u0105 odpowiednie przepisy prawa polskiego.<br \/>\n4. Regulamin wchodzi w \u017cycie w dniu 6.11.2023r.<\/p>\n","protected":false},"excerpt":{"rendered":"<p>RAMOWY REGULAMIN ROZDA\u0143 \u00a7 1. Postanowienia og\u00f3lne 1. Niniejszy Regulamin (dalej: \u201eRegulamin\u201d) okre\u015bla og\u00f3lne zasady i warunki przeprowadzenia oraz udzia\u0142u w rozdaniach (dalej: \u201eRozdania\u201d). 2. Szczeg\u00f3\u0142owe warunki przeprowadzenia konkretnego rozdania zamieszczone s\u0105 w og\u0142oszeniu rozdania (dalej: \u201eOg\u0142oszenie o rozdaniu\u201d) 3. Organizatorem Rozdania s\u0105: a. Sandra Sienkiewicz, prowadz\u0105ca dzia\u0142alno\u015b\u0107 gospodarcz\u0105 pod firm\u0105 Sandra Sienkiewicz \u2013 wsp\u00f3lnik [&#8230;]\n","protected":false},"author":561,"featured_media":0,"parent":0,"menu_order":0,"comment_status":"closed","ping_status":"closed","template":"","meta":{"_acf_changed":false,"footnotes":""},"class_list":["post-83645","page","type-page","status-publish","hentry"],"acf":[],"yoast_head":"<!-- This site is optimized with the Yoast SEO plugin v27.0 - https:\/\/yoast.com\/product\/yoast-seo-wordpress\/ -->\n<title>Fluff - Regulamin rozdania Berries&amp;co - Fluff<\/title>\n<meta name=\"robots\" content=\"index, follow, max-snippet:-1, max-image-preview:large, max-video-preview:-1\" \/>\n<link rel=\"canonical\" href=\"https:\/\/fluffouterwear.com\/pl\/regulamin-rozdania-berriesco\/\" \/>\n<meta property=\"og:locale\" content=\"pl_PL\" \/>\n<meta property=\"og:type\" content=\"article\" \/>\n<meta property=\"og:title\" content=\"Fluff - Regulamin rozdania Berries&amp;co - Fluff\" \/>\n<meta property=\"og:description\" content=\"RAMOWY REGULAMIN ROZDA\u0143 \u00a7 1. Postanowienia og\u00f3lne 1. Niniejszy Regulamin (dalej: \u201eRegulamin\u201d) okre\u015bla og\u00f3lne zasady i warunki przeprowadzenia oraz udzia\u0142u w rozdaniach (dalej: \u201eRozdania\u201d). 2. Szczeg\u00f3\u0142owe warunki przeprowadzenia konkretnego rozdania zamieszczone s\u0105 w og\u0142oszeniu rozdania (dalej: \u201eOg\u0142oszenie o rozdaniu\u201d) 3. Organizatorem Rozdania s\u0105: a. Sandra Sienkiewicz, prowadz\u0105ca dzia\u0142alno\u015b\u0107 gospodarcz\u0105 pod firm\u0105 Sandra Sienkiewicz \u2013 wsp\u00f3lnik [...]\" \/>\n<meta property=\"og:url\" content=\"https:\/\/fluffouterwear.com\/pl\/regulamin-rozdania-berriesco\/\" \/>\n<meta property=\"og:site_name\" content=\"Fluff\" \/>\n<meta property=\"og:image\" content=\"https:\/\/fluffouterwear.com\/wp-content\/uploads\/2026\/04\/26_04_03_fluffy_alex_21872.jpg\" \/>\n\t<meta property=\"og:image:width\" content=\"1920\" \/>\n\t<meta property=\"og:image:height\" content=\"1257\" \/>\n\t<meta property=\"og:image:type\" content=\"image\/jpeg\" \/>\n<meta name=\"twitter:card\" content=\"summary_large_image\" \/>\n<meta name=\"twitter:label1\" content=\"Szacowany czas czytania\" \/>\n\t<meta name=\"twitter:data1\" content=\"8 minut\" \/>\n<script type=\"application\/ld+json\" class=\"yoast-schema-graph\">{\"@context\":\"https:\/\/schema.org\",\"@graph\":[{\"@type\":\"WebPage\",\"@id\":\"https:\/\/fluffouterwear.com\/pl\/regulamin-rozdania-berriesco\/\",\"url\":\"https:\/\/fluffouterwear.com\/pl\/regulamin-rozdania-berriesco\/\",\"name\":\"Fluff - Regulamin rozdania Berries&co - Fluff\",\"isPartOf\":{\"@id\":\"https:\/\/fluffouterwear.com\/pl\/#website\"},\"datePublished\":\"2023-11-14T11:54:41+00:00\",\"breadcrumb\":{\"@id\":\"https:\/\/fluffouterwear.com\/pl\/regulamin-rozdania-berriesco\/#breadcrumb\"},\"inLanguage\":\"pl-PL\",\"potentialAction\":[{\"@type\":\"ReadAction\",\"target\":[\"https:\/\/fluffouterwear.com\/pl\/regulamin-rozdania-berriesco\/\"]}]},{\"@type\":\"BreadcrumbList\",\"@id\":\"https:\/\/fluffouterwear.com\/pl\/regulamin-rozdania-berriesco\/#breadcrumb\",\"itemListElement\":[{\"@type\":\"ListItem\",\"position\":1,\"name\":\"Strona g\u0142\u00f3wna\",\"item\":\"https:\/\/fluffouterwear.com\/pl\/\"},{\"@type\":\"ListItem\",\"position\":2,\"name\":\"Regulamin rozdania Berries&#038;co\"}]},{\"@type\":\"WebSite\",\"@id\":\"https:\/\/fluffouterwear.com\/pl\/#website\",\"url\":\"https:\/\/fluffouterwear.com\/pl\/\",\"name\":\"Fluff\",\"description\":\"\",\"potentialAction\":[{\"@type\":\"SearchAction\",\"target\":{\"@type\":\"EntryPoint\",\"urlTemplate\":\"https:\/\/fluffouterwear.com\/pl\/?s={search_term_string}\"},\"query-input\":{\"@type\":\"PropertyValueSpecification\",\"valueRequired\":true,\"valueName\":\"search_term_string\"}}],\"inLanguage\":\"pl-PL\"}]}<\/script>\n<!-- \/ Yoast SEO plugin. -->","yoast_head_json":{"title":"Fluff - Regulamin rozdania Berries&co - Fluff","robots":{"index":"index","follow":"follow","max-snippet":"max-snippet:-1","max-image-preview":"max-image-preview:large","max-video-preview":"max-video-preview:-1"},"canonical":"https:\/\/fluffouterwear.com\/pl\/regulamin-rozdania-berriesco\/","og_locale":"pl_PL","og_type":"article","og_title":"Fluff - Regulamin rozdania Berries&co - Fluff","og_description":"RAMOWY REGULAMIN ROZDA\u0143 \u00a7 1. Postanowienia og\u00f3lne 1. Niniejszy Regulamin (dalej: \u201eRegulamin\u201d) okre\u015bla og\u00f3lne zasady i warunki przeprowadzenia oraz udzia\u0142u w rozdaniach (dalej: \u201eRozdania\u201d). 2. Szczeg\u00f3\u0142owe warunki przeprowadzenia konkretnego rozdania zamieszczone s\u0105 w og\u0142oszeniu rozdania (dalej: \u201eOg\u0142oszenie o rozdaniu\u201d) 3. Organizatorem Rozdania s\u0105: a. Sandra Sienkiewicz, prowadz\u0105ca dzia\u0142alno\u015b\u0107 gospodarcz\u0105 pod firm\u0105 Sandra Sienkiewicz \u2013 wsp\u00f3lnik [...]","og_url":"https:\/\/fluffouterwear.com\/pl\/regulamin-rozdania-berriesco\/","og_site_name":"Fluff","og_image":[{"width":1920,"height":1257,"url":"https:\/\/fluffouterwear.com\/wp-content\/uploads\/2026\/04\/26_04_03_fluffy_alex_21872.jpg","type":"image\/jpeg"}],"twitter_card":"summary_large_image","twitter_misc":{"Szacowany czas czytania":"8 minut"},"schema":{"@context":"https:\/\/schema.org","@graph":[{"@type":"WebPage","@id":"https:\/\/fluffouterwear.com\/pl\/regulamin-rozdania-berriesco\/","url":"https:\/\/fluffouterwear.com\/pl\/regulamin-rozdania-berriesco\/","name":"Fluff - Regulamin rozdania Berries&co - Fluff","isPartOf":{"@id":"https:\/\/fluffouterwear.com\/pl\/#website"},"datePublished":"2023-11-14T11:54:41+00:00","breadcrumb":{"@id":"https:\/\/fluffouterwear.com\/pl\/regulamin-rozdania-berriesco\/#breadcrumb"},"inLanguage":"pl-PL","potentialAction":[{"@type":"ReadAction","target":["https:\/\/fluffouterwear.com\/pl\/regulamin-rozdania-berriesco\/"]}]},{"@type":"BreadcrumbList","@id":"https:\/\/fluffouterwear.com\/pl\/regulamin-rozdania-berriesco\/#breadcrumb","itemListElement":[{"@type":"ListItem","position":1,"name":"Strona g\u0142\u00f3wna","item":"https:\/\/fluffouterwear.com\/pl\/"},{"@type":"ListItem","position":2,"name":"Regulamin rozdania Berries&#038;co"}]},{"@type":"WebSite","@id":"https:\/\/fluffouterwear.com\/pl\/#website","url":"https:\/\/fluffouterwear.com\/pl\/","name":"Fluff","description":"","potentialAction":[{"@type":"SearchAction","target":{"@type":"EntryPoint","urlTemplate":"https:\/\/fluffouterwear.com\/pl\/?s={search_term_string}"},"query-input":{"@type":"PropertyValueSpecification","valueRequired":true,"valueName":"search_term_string"}}],"inLanguage":"pl-PL"}]}},"_links":{"self":[{"href":"https:\/\/fluffouterwear.com\/pl\/wp-json\/wp\/v2\/pages\/83645","targetHints":{"allow":["GET"]}}],"collection":[{"href":"https:\/\/fluffouterwear.com\/pl\/wp-json\/wp\/v2\/pages"}],"about":[{"href":"https:\/\/fluffouterwear.com\/pl\/wp-json\/wp\/v2\/types\/page"}],"author":[{"embeddable":true,"href":"https:\/\/fluffouterwear.com\/pl\/wp-json\/wp\/v2\/users\/561"}],"replies":[{"embeddable":true,"href":"https:\/\/fluffouterwear.com\/pl\/wp-json\/wp\/v2\/comments?post=83645"}],"version-history":[{"count":1,"href":"https:\/\/fluffouterwear.com\/pl\/wp-json\/wp\/v2\/pages\/83645\/revisions"}],"predecessor-version":[{"id":83646,"href":"https:\/\/fluffouterwear.com\/pl\/wp-json\/wp\/v2\/pages\/83645\/revisions\/83646"}],"wp:attachment":[{"href":"https:\/\/fluffouterwear.com\/pl\/wp-json\/wp\/v2\/media?parent=83645"}],"curies":[{"name":"wp","href":"https:\/\/api.w.org\/{rel}","templated":true}]}}