{"id":9835,"date":"2019-08-26T10:08:40","date_gmt":"2019-08-26T08:08:40","guid":{"rendered":"http:\/\/fluffouterwear.com\/kontakt\/"},"modified":"2026-02-20T09:09:58","modified_gmt":"2026-02-20T08:09:58","slug":"kontakt","status":"publish","type":"page","link":"https:\/\/fluffouterwear.com\/pl\/kontakt\/","title":{"rendered":"Kontakt"},"content":{"rendered":"\t<div id=\"gap-243364106\" class=\"gap-element clearfix\" style=\"display:block; height:auto;\">\n\t\t\n<style>\n#gap-243364106 {\n  padding-top: 50px;\n}\n<\/style>\n\t<\/div>\n\t\n<div class=\"row\"  id=\"row-274588917\">\n\n\t<div id=\"col-371343258\" class=\"col medium-6 small-12 large-6 col-divided\"  >\n\t\t\t\t<div class=\"col-inner\"  >\n\t\t\t\n\t\t\t\n<h6>Pytania na kt\u00f3re udzielono odpowiedzi<\/h6>\n<h2>Najcz\u0119\u015bciej zadawane pytania<\/h2>\n<div class=\"accordion\">\n\t<div id=\"accordion-3048627617\" class=\"accordion-item\">\n\t\t<a id=\"accordion-3048627617-label\" class=\"accordion-title plain active\" href=\"#accordion-item-daj-nam-zna\u0107!\" aria-expanded=\"true\" aria-controls=\"accordion-3048627617-content\">\n\t\t\t<button class=\"toggle\" aria-label=\"Prze\u0142\u0105cznik\"><i class=\"icon-angle-down\" aria-hidden=\"true\"><\/i><\/button>\n\t\t\t<span>Daj nam zna\u0107!<\/span>\n\t\t<\/a>\n\t\t<div id=\"accordion-3048627617-content\" class=\"accordion-inner\" style=\"display: block;\" aria-labelledby=\"accordion-3048627617-label\">\n\t\t\t\n<p>Je\u015bli masz pytania lub potrzebujesz pomocy, skontaktuj si\u0119 z nami za po\u015brednictwem poni\u017cszego adresu pocztowego.<\/p>\n<p>Naszym celem jest udzielenie odpowiedzi na wszystkie wiadomo\u015bci e-mail w ci\u0105gu 24 godzin.<\/p>\n<p><strong>Obs\u0142uga klienta<\/strong><br \/>\nAby uzyska\u0107 porad\u0119 dotycz\u0105c\u0105 zakup\u00f3w, prosimy o kontakt z nami poni\u017cej.<br \/>\ne: hello@fluffouterwear.com<\/p>\n<p><strong>Zwroty<\/strong><br \/>\nW przypadku pyta\u0144 dotycz\u0105cych zwrot\u00f3w lub doradztwa, prosimy o kontakt z nami poni\u017cej.<br \/>\ne: hello@fluffouterwear.com<\/p>\n<p><strong>Biuro prasowe<\/strong><br \/>\nW przypadku zapyta\u0144 prasowych i prywatnych wydarze\u0144, prosimy o kontakt poni\u017cej.<br \/>\ne: press@fluff.pl<\/p>\n\t\t<\/div>\n\t<\/div>\n\t\n\t<div id=\"accordion-3186143406\" class=\"accordion-item\">\n\t\t<a id=\"accordion-3186143406-label\" class=\"accordion-title plain\" href=\"#accordion-item-dostawa\" aria-expanded=\"false\" aria-controls=\"accordion-3186143406-content\">\n\t\t\t<button class=\"toggle\" aria-label=\"Prze\u0142\u0105cznik\"><i class=\"icon-angle-down\" aria-hidden=\"true\"><\/i><\/button>\n\t\t\t<span>Dostawa<\/span>\n\t\t<\/a>\n\t\t<div id=\"accordion-3186143406-content\" class=\"accordion-inner\" aria-labelledby=\"accordion-3186143406-label\">\n\t\t\t\n<p>Czas dostawy na terenie Polski wynosi oko\u0142o 1-3 dni robocze od momentu wys\u0142ania przesy\u0142ki.<br \/>\nZam\u00f3wienia realizowane s\u0105 w ci\u0105gu 2-3 dni roboczych od dnia zaksi\u0119gowania p\u0142atno\u015bci.<br \/>\nKa\u017cdy produkt zakupiony w naszym sklepie jest starannie zapakowany w\u00a0tekturowy karton i zabezpieczony foli\u0105.<\/p>\n<p>Na terenie Polski istniej\u0105 nast\u0119puj\u0105ce mo\u017cliwo\u015bci dostawy:<\/p>\n<ol>\n<li>Kurier DHL lub UPS \u2013 16,00 z\u0142<\/li>\n<\/ol>\n<p>Przy z\u0142o\u017ceniu zam\u00f3wienia na kwot\u0119 powy\u017cej 4000 z\u0142 krajowa wysy\u0142ka jest darmowa.<br \/>\nWysy\u0142amy r\u00f3wnie\u017c za granic\u0119. Na terenie UE koszt wysy\u0142ki kurierem DHL\/UPS to 6,5\u20ac.<\/p>\n<p>Pozosta\u0142e kraje \u2013 18\u20ac.<\/p>\n\t\t<\/div>\n\t<\/div>\n\t\n\t<div id=\"accordion-3010203298\" class=\"accordion-item\">\n\t\t<a id=\"accordion-3010203298-label\" class=\"accordion-title plain\" href=\"#accordion-item-p\u0142atno\u015bci\" aria-expanded=\"false\" aria-controls=\"accordion-3010203298-content\">\n\t\t\t<button class=\"toggle\" aria-label=\"Prze\u0142\u0105cznik\"><i class=\"icon-angle-down\" aria-hidden=\"true\"><\/i><\/button>\n\t\t\t<span>P\u0142atno\u015bci<\/span>\n\t\t<\/a>\n\t\t<div id=\"accordion-3010203298-content\" class=\"accordion-inner\" aria-labelledby=\"accordion-3010203298-label\">\n\t\t\t\n<p>Obecnie w naszym sklepie oferujemy mo\u017cliwo\u015b\u0107 p\u0142atno\u015bci poprzez bezpieczne p\u0142atno\u015bci Dotpay, PayPal oraz p\u0142atno\u015bci karta kredytow\u0105 za po\u015brednictwem Stripe.<br \/>Wystawiamy faktur\u0119 VAT na \u017cyczenie Klienta.<\/p>\n<p>Mo\u017cliwy jest r\u00f3wnie\u017c przelew bezpo\u015brednio na konto bankowe mBanku.<br \/><strong>Je\u015bli chcesz skorzysta\u0107 z opcji tradycyjnego przelewu bankowego, prosimy o wiadomo\u015b\u0107\/informacj\u0119 w komentarzu do zam\u00f3wienia.<\/strong><br \/>FLUFF<br \/>Ul.Szwejka 36, 20-713 Lublin<br \/>NIP: 712-274-70-63<br \/>PL 81 1140 2004 0000 3702 7689 6217<\/p>\n<p><img loading=\"lazy\" decoding=\"async\" class=\"alignnone size-full wp-image-7385\" src=\"https:\/\/fluffouterwear.com\/wp-content\/uploads\/2019\/07\/chanel_logos1.jpg\" sizes=\"auto, (max-width: 600px) 100vw, 600px\" srcset=\"https:\/\/fluffouterwear.com\/wp-content\/uploads\/2019\/07\/chanel_logos1.jpg 600w, https:\/\/fluffouterwear.com\/wp-content\/uploads\/2019\/07\/chanel_logos1-300x75.jpg 300w, https:\/\/fluffouterwear.com\/wp-content\/uploads\/2019\/07\/chanel_logos1-150x38.jpg 150w\" alt=\"payments logos\" width=\"600\" height=\"150\" \/><\/p>\n<p><img loading=\"lazy\" decoding=\"async\" class=\"alignnone size-full wp-image-7389\" src=\"https:\/\/fluffouterwear.com\/wp-content\/uploads\/2019\/07\/logotyp.jpg\" sizes=\"auto, (max-width: 682px) 100vw, 682px\" srcset=\"https:\/\/fluffouterwear.com\/wp-content\/uploads\/2019\/07\/logotyp.jpg 682w, https:\/\/fluffouterwear.com\/wp-content\/uploads\/2019\/07\/logotyp-300x34.jpg 300w, https:\/\/fluffouterwear.com\/wp-content\/uploads\/2019\/07\/logotyp-150x17.jpg 150w\" alt=\"payment2\" width=\"682\" height=\"78\" \/><\/p>\n\t\t<\/div>\n\t<\/div>\n\t\n\t<div id=\"accordion-3662137434\" class=\"accordion-item\">\n\t\t<a id=\"accordion-3662137434-label\" class=\"accordion-title plain\" href=\"#accordion-item-zwroty-i-reklamacje\" aria-expanded=\"false\" aria-controls=\"accordion-3662137434-content\">\n\t\t\t<button class=\"toggle\" aria-label=\"Prze\u0142\u0105cznik\"><i class=\"icon-angle-down\" aria-hidden=\"true\"><\/i><\/button>\n\t\t\t<span>Zwroty i Reklamacje<\/span>\n\t\t<\/a>\n\t\t<div id=\"accordion-3662137434-content\" class=\"accordion-inner\" aria-labelledby=\"accordion-3662137434-label\">\n\t\t\t\n<h5><strong>ZWROTY<\/strong><\/h5>\n<p>Mo\u017cliwy jest zwrot zam\u00f3wienia w terminie 14 dni od dnia otrzymania przesy\u0142ki, bez podania przyczyny. Koszt przesy\u0142ki jest po stronie zwracaj\u0105cego. Produkt nie mo\u017ce nosi\u0107 oznak u\u017cytkowania oraz musi posiada\u0107 oryginalne zabezpieczenia i metki.<\/p>\n<p><strong>Zwrot produkt\u00f3w zakupionych online nie jest mo\u017cliwy w sklepie stacjonarnym. Prosimy o odes\u0142anie paczki zgodnie z poni\u017csz\u0105 instrukcj\u0105, na adres podany na formularzu zwrotu.<\/strong><\/p>\n<p>Prosimy o kontakt pod adresem hello@fluffouterwear.com w celu zg\u0142oszenia zwrotu oraz wype\u0142nienie <span style=\"text-decoration: underline;\"><strong><a href=\"https:\/\/fluffouterwear.com\/FORMULARZ_ZWROTU.pdf\" target=\"_blank\" rel=\"noopener\">formularza zwrotu<\/a><\/strong><\/span> i za\u0142\u0105czenie go w paczce.<\/p>\n<p>Przesy\u0142k\u0119 mo\u017cna odes\u0142a\u0107 w wygodny dla siebie spos\u00f3b \u2013 za po\u015brednictwem wybranej firmy kurierskiej lub poczty (<strong>nie ma mo\u017cliwo\u015bci osobistego dor\u0119czenia zwrotu<\/strong>). Rekomendujemy by zwrot zosta\u0142 nadany przesy\u0142k\u0105 rejestrowan\u0105.<\/p>\n<p>Nie odbieramy przesy\u0142ek za pobraniem oraz z paczkomat\u00f3w\/punkt\u00f3w odbioru.<\/p>\n<p>Wi\u0119cej informacji w <span style=\"text-decoration: underline;\"><a href=\"https:\/\/fluffouterwear.com\/pl\/regulamin\/\" target=\"_blank\" rel=\"noopener\"><strong>Regulaminie<\/strong><\/a><\/span>.<\/p>\n<h5><strong>WYMIANY<\/strong><\/h5>\n<p>Wymiana nie jest mo\u017cliwa. Je\u015bli zam\u00f3wiony rozmiar\/kolor okaza\u0142 si\u0119 niew\u0142a\u015bciwy, nale\u017cy dokona\u0107 zwrotu (zgodnie z zasadami powy\u017cej) i z\u0142o\u017cy\u0107 nowe zam\u00f3wienie w sklepie.<\/p>\n<h5><strong>REKLAMACJE<\/strong><\/h5>\n<p>W wypadku wykrycia jakichkolwiek wad zakupionego Towaru Sklep fluffouterwear.com przestrzega praw ustawowo przys\u0142uguj\u0105cych Klientowi.<\/p>\n<p>Prosimy o kontakt pod adresem hello@fluffouterwear.com oraz wype\u0142nienie <strong><a href=\"https:\/\/fluffouterwear.com\/FORMULARZ-REKLAMACJI.pdf\" target=\"_blank\" rel=\"noopener\"><span data-text-color=\"primary\"><span style=\"text-decoration: underline;\">formularza reklamacji<\/span><\/span><\/a><\/strong> i za\u0142\u0105czenie go w paczce.<\/p>\n<p>Koszt przesy\u0142ki jest po stronie zwracaj\u0105cego.<\/p>\n<p>Nie odbieramy przesy\u0142ek za pobraniem oraz z paczkomat\u00f3w\/punkt\u00f3w odbioru.<\/p>\n<p>Wi\u0119cej informacji w <a href=\"https:\/\/fluffouterwear.com\/pl\/regulamin\/\" target=\"_blank\" rel=\"noopener\"><strong><span data-text-color=\"primary\"><span style=\"text-decoration: underline;\">Regulaminie<\/span><\/span><\/strong><\/a>.<\/p>\n\t\t<\/div>\n\t<\/div>\n\t\n\t<div id=\"accordion-460495849\" class=\"accordion-item\">\n\t\t<a id=\"accordion-460495849-label\" class=\"accordion-title plain\" href=\"#accordion-item-zasady-piel\u0119gnacji\" aria-expanded=\"false\" aria-controls=\"accordion-460495849-content\">\n\t\t\t<button class=\"toggle\" aria-label=\"Prze\u0142\u0105cznik\"><i class=\"icon-angle-down\" aria-hidden=\"true\"><\/i><\/button>\n\t\t\t<span>Zasady piel\u0119gnacji<\/span>\n\t\t<\/a>\n\t\t<div id=\"accordion-460495849-content\" class=\"accordion-inner\" aria-labelledby=\"accordion-460495849-label\">\n\t\t\t\n<p><strong>Zalecenia og\u00f3lne:<\/strong><br \/>1. Pra\u0107 oddzielnie.<br \/>2. Nie pra\u0107 r\u0119cznie.<br \/>3. Nie stosowa\u0107 impregnat\u00f3w.<br \/>4. Nie czy\u015bci\u0107 chemicznie i nie wybiela\u0107.<br \/>5. Nie namacza\u0107 kurtki przed praniem.<br \/>6. Nie dodawa\u0107 p\u0142yn\u00f3w zmi\u0119kczaj\u0105cych.<\/p>\n<p><strong>Pranie w pralce automatycznej:<\/strong><br \/>1. Pra\u0107 w niskiej temperaturze (30\u00b0) przy u\u017cyciu ma\u0142ej ilo\u015bci proszku (lub p\u0142ynu do prania), najlepiej jednak zastosowa\u0107 specjalny p\u0142yn do prania puchu (polecany p\u0142yn Granger&#8217;s 30\u00b0c down cleaner).<br \/>2. Pami\u0119taj, aby doda\u0107 do b\u0119bna\u00a02-3 pi\u0142eczki do tenisa ziemnego. Dzi\u0119ki temu unikniesz zbijania si\u0119 puchu.<\/p>\n<p><strong>Suszenie:<\/strong><br \/>1. Nie suszy\u0107 na kaloryferze.<br \/>2. Wypran\u0105 kurtk\u0119 suszy\u0107 w przewiewnym miejscu, co jaki\u015b czas obracaj\u0105c j\u0105, roztrzepuj\u0105c puch.<br \/>3. Suszenie w suszarce b\u0119bnowej &#8211; najlepiej na programie do puchu.<\/p>\n<p><strong>PRZECHOWYWANIE<\/strong><br \/>1. Artyku\u0142y puchowe przechowuj lu\u017ano z\u0142o\u017cone lub na wieszaku w suchym miejscu.<br \/>2. Torby i worki kompresyjne sprzedawane wraz z produktami s\u0105 przeznaczone wy\u0142\u0105cznie do ich transportu, a nie<br \/>ich przechowywania.<\/p>\n\t\t<\/div>\n\t<\/div>\n\t\n<\/div>\n\t\t<\/div>\n\t\t\t\t\t<\/div>\n\n\t\n\n\t<div id=\"col-71049727\" class=\"col medium-6 small-12 large-6\"  >\n\t\t\t\t<div class=\"col-inner\"  >\n\t\t\t\n\t\t\t\n\n<h6>Wci\u0105\u017c potrzebujesz pomocy?<\/h6>\n<h2>Skontaktuj si\u0119 z nami<\/h2>\n<p>hello@fluffouterwear.com<br \/>\n\n\t\t<\/div>\n\t\t\t\t\t<\/div>\n\n\t\n<\/div>\n","protected":false},"excerpt":{"rendered":"","protected":false},"author":1,"featured_media":0,"parent":0,"menu_order":0,"comment_status":"closed","ping_status":"closed","template":"page-blank.php","meta":{"_acf_changed":false,"footnotes":""},"class_list":["post-9835","page","type-page","status-publish","hentry"],"acf":[],"yoast_head":"<!-- This site is optimized with the Yoast SEO plugin v27.0 - https:\/\/yoast.com\/product\/yoast-seo-wordpress\/ -->\n<title>Fluff - Kontakt - Fluff<\/title>\n<meta name=\"robots\" content=\"index, follow, max-snippet:-1, max-image-preview:large, max-video-preview:-1\" \/>\n<link rel=\"canonical\" href=\"https:\/\/fluffouterwear.com\/pl\/kontakt\/\" \/>\n<meta property=\"og:locale\" content=\"pl_PL\" \/>\n<meta property=\"og:type\" content=\"article\" \/>\n<meta property=\"og:title\" content=\"Fluff - Kontakt - Fluff\" \/>\n<meta property=\"og:url\" content=\"https:\/\/fluffouterwear.com\/pl\/kontakt\/\" \/>\n<meta property=\"og:site_name\" content=\"Fluff\" \/>\n<meta property=\"article:modified_time\" content=\"2026-02-20T08:09:58+00:00\" \/>\n<meta property=\"og:image\" content=\"https:\/\/fluffouterwear.com\/wp-content\/uploads\/2019\/07\/chanel_logos1.jpg\" \/>\n\t<meta property=\"og:image:width\" content=\"600\" \/>\n\t<meta property=\"og:image:height\" content=\"150\" \/>\n\t<meta property=\"og:image:type\" content=\"image\/jpeg\" \/>\n<meta name=\"twitter:card\" content=\"summary_large_image\" \/>\n<meta name=\"twitter:label1\" content=\"Szacowany czas czytania\" \/>\n\t<meta name=\"twitter:data1\" content=\"3 minuty\" \/>\n<script type=\"application\/ld+json\" class=\"yoast-schema-graph\">{\"@context\":\"https:\/\/schema.org\",\"@graph\":[{\"@type\":\"WebPage\",\"@id\":\"https:\/\/fluffouterwear.com\/pl\/kontakt\/\",\"url\":\"https:\/\/fluffouterwear.com\/pl\/kontakt\/\",\"name\":\"Fluff - Kontakt - Fluff\",\"isPartOf\":{\"@id\":\"https:\/\/fluffouterwear.com\/pl\/#website\"},\"primaryImageOfPage\":{\"@id\":\"https:\/\/fluffouterwear.com\/pl\/kontakt\/#primaryimage\"},\"image\":{\"@id\":\"https:\/\/fluffouterwear.com\/pl\/kontakt\/#primaryimage\"},\"thumbnailUrl\":\"https:\/\/fluffouterwear.com\/wp-content\/uploads\/2019\/07\/chanel_logos1.jpg\",\"datePublished\":\"2019-08-26T08:08:40+00:00\",\"dateModified\":\"2026-02-20T08:09:58+00:00\",\"breadcrumb\":{\"@id\":\"https:\/\/fluffouterwear.com\/pl\/kontakt\/#breadcrumb\"},\"inLanguage\":\"pl-PL\",\"potentialAction\":[{\"@type\":\"ReadAction\",\"target\":[\"https:\/\/fluffouterwear.com\/pl\/kontakt\/\"]}]},{\"@type\":\"ImageObject\",\"inLanguage\":\"pl-PL\",\"@id\":\"https:\/\/fluffouterwear.com\/pl\/kontakt\/#primaryimage\",\"url\":\"https:\/\/fluffouterwear.com\/wp-content\/uploads\/2019\/07\/chanel_logos1.jpg\",\"contentUrl\":\"https:\/\/fluffouterwear.com\/wp-content\/uploads\/2019\/07\/chanel_logos1.jpg\"},{\"@type\":\"BreadcrumbList\",\"@id\":\"https:\/\/fluffouterwear.com\/pl\/kontakt\/#breadcrumb\",\"itemListElement\":[{\"@type\":\"ListItem\",\"position\":1,\"name\":\"Strona g\u0142\u00f3wna\",\"item\":\"https:\/\/fluffouterwear.com\/pl\/\"},{\"@type\":\"ListItem\",\"position\":2,\"name\":\"Kontakt\"}]},{\"@type\":\"WebSite\",\"@id\":\"https:\/\/fluffouterwear.com\/pl\/#website\",\"url\":\"https:\/\/fluffouterwear.com\/pl\/\",\"name\":\"Fluff\",\"description\":\"\",\"potentialAction\":[{\"@type\":\"SearchAction\",\"target\":{\"@type\":\"EntryPoint\",\"urlTemplate\":\"https:\/\/fluffouterwear.com\/pl\/?s={search_term_string}\"},\"query-input\":{\"@type\":\"PropertyValueSpecification\",\"valueRequired\":true,\"valueName\":\"search_term_string\"}}],\"inLanguage\":\"pl-PL\"}]}<\/script>\n<!-- \/ Yoast SEO plugin. -->","yoast_head_json":{"title":"Fluff - Kontakt - Fluff","robots":{"index":"index","follow":"follow","max-snippet":"max-snippet:-1","max-image-preview":"max-image-preview:large","max-video-preview":"max-video-preview:-1"},"canonical":"https:\/\/fluffouterwear.com\/pl\/kontakt\/","og_locale":"pl_PL","og_type":"article","og_title":"Fluff - Kontakt - Fluff","og_url":"https:\/\/fluffouterwear.com\/pl\/kontakt\/","og_site_name":"Fluff","article_modified_time":"2026-02-20T08:09:58+00:00","og_image":[{"width":600,"height":150,"url":"https:\/\/fluffouterwear.com\/wp-content\/uploads\/2019\/07\/chanel_logos1.jpg","type":"image\/jpeg"}],"twitter_card":"summary_large_image","twitter_misc":{"Szacowany czas czytania":"3 minuty"},"schema":{"@context":"https:\/\/schema.org","@graph":[{"@type":"WebPage","@id":"https:\/\/fluffouterwear.com\/pl\/kontakt\/","url":"https:\/\/fluffouterwear.com\/pl\/kontakt\/","name":"Fluff - Kontakt - Fluff","isPartOf":{"@id":"https:\/\/fluffouterwear.com\/pl\/#website"},"primaryImageOfPage":{"@id":"https:\/\/fluffouterwear.com\/pl\/kontakt\/#primaryimage"},"image":{"@id":"https:\/\/fluffouterwear.com\/pl\/kontakt\/#primaryimage"},"thumbnailUrl":"https:\/\/fluffouterwear.com\/wp-content\/uploads\/2019\/07\/chanel_logos1.jpg","datePublished":"2019-08-26T08:08:40+00:00","dateModified":"2026-02-20T08:09:58+00:00","breadcrumb":{"@id":"https:\/\/fluffouterwear.com\/pl\/kontakt\/#breadcrumb"},"inLanguage":"pl-PL","potentialAction":[{"@type":"ReadAction","target":["https:\/\/fluffouterwear.com\/pl\/kontakt\/"]}]},{"@type":"ImageObject","inLanguage":"pl-PL","@id":"https:\/\/fluffouterwear.com\/pl\/kontakt\/#primaryimage","url":"https:\/\/fluffouterwear.com\/wp-content\/uploads\/2019\/07\/chanel_logos1.jpg","contentUrl":"https:\/\/fluffouterwear.com\/wp-content\/uploads\/2019\/07\/chanel_logos1.jpg"},{"@type":"BreadcrumbList","@id":"https:\/\/fluffouterwear.com\/pl\/kontakt\/#breadcrumb","itemListElement":[{"@type":"ListItem","position":1,"name":"Strona g\u0142\u00f3wna","item":"https:\/\/fluffouterwear.com\/pl\/"},{"@type":"ListItem","position":2,"name":"Kontakt"}]},{"@type":"WebSite","@id":"https:\/\/fluffouterwear.com\/pl\/#website","url":"https:\/\/fluffouterwear.com\/pl\/","name":"Fluff","description":"","potentialAction":[{"@type":"SearchAction","target":{"@type":"EntryPoint","urlTemplate":"https:\/\/fluffouterwear.com\/pl\/?s={search_term_string}"},"query-input":{"@type":"PropertyValueSpecification","valueRequired":true,"valueName":"search_term_string"}}],"inLanguage":"pl-PL"}]}},"_links":{"self":[{"href":"https:\/\/fluffouterwear.com\/pl\/wp-json\/wp\/v2\/pages\/9835","targetHints":{"allow":["GET"]}}],"collection":[{"href":"https:\/\/fluffouterwear.com\/pl\/wp-json\/wp\/v2\/pages"}],"about":[{"href":"https:\/\/fluffouterwear.com\/pl\/wp-json\/wp\/v2\/types\/page"}],"author":[{"embeddable":true,"href":"https:\/\/fluffouterwear.com\/pl\/wp-json\/wp\/v2\/users\/1"}],"replies":[{"embeddable":true,"href":"https:\/\/fluffouterwear.com\/pl\/wp-json\/wp\/v2\/comments?post=9835"}],"version-history":[{"count":4,"href":"https:\/\/fluffouterwear.com\/pl\/wp-json\/wp\/v2\/pages\/9835\/revisions"}],"predecessor-version":[{"id":110445,"href":"https:\/\/fluffouterwear.com\/pl\/wp-json\/wp\/v2\/pages\/9835\/revisions\/110445"}],"wp:attachment":[{"href":"https:\/\/fluffouterwear.com\/pl\/wp-json\/wp\/v2\/media?parent=9835"}],"curies":[{"name":"wp","href":"https:\/\/api.w.org\/{rel}","templated":true}]}}