{"id":9925,"date":"2019-07-29T15:15:29","date_gmt":"2019-07-29T13:15:29","guid":{"rendered":"http:\/\/fluffouterwear.com\/care-policies\/"},"modified":"2025-02-17T13:34:37","modified_gmt":"2025-02-17T12:34:37","slug":"zasady-pielegnacji","status":"publish","type":"page","link":"https:\/\/fluffouterwear.com\/pl\/zasady-pielegnacji\/","title":{"rendered":"Zasady piel\u0119gnacji"},"content":{"rendered":"<div class=\"row align-center\"  id=\"row-1734531368\">\n\n\t<div id=\"col-805683743\" class=\"col medium-8 small-12 large-8\"  >\n\t\t\t\t<div class=\"col-inner\"  >\n\t\t\t\n\t\t\t\n<h2>ZASADY PIEL\u0118GNACJI<\/h2>\n<p>Jak dba\u0107 o produkty Fluff? Nic prostszego &#8211; nasze puchowe produkty mozesz swobodnie wyczy\u015bci\u0107 w domu.<\/p>\n<h4><b>Pranie w pralce automatycznej:<\/b><\/h4>\n<ul>\n<li>Pierz oddzielnie, w niskiej temparaturze (maksymalnie w 30\u00b0C), wirowanie ustaw na 1200 obrot\u00f3w.<\/li>\n<li>Pierz przy u\u017cyciu ma\u0142ej ilo\u015bci proszku (lub p\u0142ynu do prania). Najlepiej jednak skorzysta\u0107 ze specjalnego p\u0142ynu do odzie\u017cy z naturalnym puchem (Polecamy dedykowany p\u0142yn do puchu <strong><a href=\"https:\/\/fluffouterwear.com\/pl\/produkt\/grangers-plyn-do-prania-puchu\/\"><span style=\"text-decoration: underline;\">Grangers&#8217; down cleaner<\/span><\/a><\/strong>)<\/li>\n<li>Drobne zabrudzenia mo\u017cesz wyczy\u015bci\u0107 delikatnie, wilgotn\u0105 g\u0105beczk\u0105.<\/li>\n<li>Nie stosuj impregnat\u00f3w i p\u0142yn\u0142\u00f3w zmi\u0119kczaj\u0105cych.<\/li>\n<li>Nie namaczaj przed praniem w\u0142a\u015bciwym.<\/li>\n<li>Nie wybielaj.<\/li>\n<li>Nie pierz r\u0119cznie.<\/li>\n<\/ul>\n<ul>\n<li style=\"list-style-type: none;\"><\/li>\n<\/ul>\n<h4><b>Prawid\u0142owe suszenie:<\/b><\/h4>\n<p><strong>pod wp\u0142ywem wody puch zbija si\u0119, dlatego najwa\u017cniejsze jest dok\u0142adne wysuszenie i przeciwdzia\u0142anie zbijaniu si\u0119 puchu, by kurtka odzyska\u0142a pierwotny kszta\u0142t.<\/strong><\/p>\n<ul>\n<li>Zalecamy suszenie w suszarce b\u0119bnowej na programie do puchu (mo\u017cna suszy\u0107 z pi\u0142eczkami w celu rozbicia puchu). Suszarka automatyczna gwarantuje dok\u0142adne wysuszenie i prawid\u0142owe \u201crozbicie\u201d wn\u0119trza.<\/li>\n<li>Suszenie na powietrzu &#8211; nale\u017cy jak najcz\u0119\u015bciej rozbija\u0107 wype\u0142nienie, ugniataj\u0105c i zruszaj\u0105c produkt, by suszy\u0142 si\u0119 r\u00f3wnomiernie.<\/li>\n<li>Nie suszy\u0107 na kaloryferze.<\/li>\n<\/ul>\n<h4><b>Profesjonalne czyszczenie:<\/b><\/h4>\n<ul>\n<li>Produkty mog\u0105 by\u0107 rownie\u017c oddane do pralni chemicznej &#8211; zaznacz, \u017ce to produkt z naturalnym, puchowym wype\u0142nieniem.<\/li>\n<\/ul>\n<h4><strong>Przechowywanie:<\/strong><\/h4>\n<ul>\n<li>Artyku\u0142y puchowe przechowuj lu\u017ano z\u0142o\u017cone lub na wieszaku w suchym miejscu.<\/li>\n<li>Torby i worki kompresyjne sprzedawane wraz z produktami s\u0105 przeznaczone wy\u0142\u0105cznie do ich transportu, a nie ich przechowywania.<\/li>\n<li style=\"list-style-type: none;\"><\/li>\n<\/ul>\n<p>Je\u015bli masz dodatkowe pytania, <strong><a href=\"https:\/\/fluffouterwear.com\/pl\/kontakt\/\"><span style=\"text-decoration: underline;\">skontaktuj si\u0119 z nam<\/span>i<\/a><\/strong>, pomo\u017cemy!<\/p>\n\t\t<\/div>\n\t\t\t\t\t<\/div>\n\n\t\n<\/div>\n","protected":false},"excerpt":{"rendered":"","protected":false},"author":1,"featured_media":0,"parent":0,"menu_order":0,"comment_status":"closed","ping_status":"closed","template":"","meta":{"_acf_changed":false,"footnotes":""},"class_list":["post-9925","page","type-page","status-publish","hentry"],"acf":[],"yoast_head":"<!-- This site is optimized with the Yoast SEO plugin v27.0 - https:\/\/yoast.com\/product\/yoast-seo-wordpress\/ -->\n<title>Fluff - Zasady piel\u0119gnacji - Fluff<\/title>\n<meta name=\"robots\" content=\"index, follow, max-snippet:-1, max-image-preview:large, max-video-preview:-1\" \/>\n<link rel=\"canonical\" href=\"https:\/\/fluffouterwear.com\/pl\/zasady-pielegnacji\/\" \/>\n<meta property=\"og:locale\" content=\"pl_PL\" \/>\n<meta property=\"og:type\" content=\"article\" \/>\n<meta property=\"og:title\" content=\"Fluff - Zasady piel\u0119gnacji - Fluff\" \/>\n<meta property=\"og:url\" content=\"https:\/\/fluffouterwear.com\/pl\/zasady-pielegnacji\/\" \/>\n<meta property=\"og:site_name\" content=\"Fluff\" \/>\n<meta property=\"article:modified_time\" content=\"2025-02-17T12:34:37+00:00\" \/>\n<meta property=\"og:image\" content=\"https:\/\/fluffouterwear.com\/wp-content\/uploads\/2025\/04\/1200x675.jpg\" \/>\n\t<meta property=\"og:image:width\" content=\"1200\" \/>\n\t<meta property=\"og:image:height\" content=\"675\" \/>\n\t<meta property=\"og:image:type\" content=\"image\/jpeg\" \/>\n<meta name=\"twitter:card\" content=\"summary_large_image\" \/>\n<meta name=\"twitter:label1\" content=\"Szacowany czas czytania\" \/>\n\t<meta name=\"twitter:data1\" content=\"1 minuta\" \/>\n<script type=\"application\/ld+json\" class=\"yoast-schema-graph\">{\"@context\":\"https:\/\/schema.org\",\"@graph\":[{\"@type\":\"WebPage\",\"@id\":\"https:\/\/fluffouterwear.com\/pl\/zasady-pielegnacji\/\",\"url\":\"https:\/\/fluffouterwear.com\/pl\/zasady-pielegnacji\/\",\"name\":\"Fluff - Zasady piel\u0119gnacji - Fluff\",\"isPartOf\":{\"@id\":\"https:\/\/fluffouterwear.com\/pl\/#website\"},\"datePublished\":\"2019-07-29T13:15:29+00:00\",\"dateModified\":\"2025-02-17T12:34:37+00:00\",\"breadcrumb\":{\"@id\":\"https:\/\/fluffouterwear.com\/pl\/zasady-pielegnacji\/#breadcrumb\"},\"inLanguage\":\"pl-PL\",\"potentialAction\":[{\"@type\":\"ReadAction\",\"target\":[\"https:\/\/fluffouterwear.com\/pl\/zasady-pielegnacji\/\"]}]},{\"@type\":\"BreadcrumbList\",\"@id\":\"https:\/\/fluffouterwear.com\/pl\/zasady-pielegnacji\/#breadcrumb\",\"itemListElement\":[{\"@type\":\"ListItem\",\"position\":1,\"name\":\"Strona g\u0142\u00f3wna\",\"item\":\"https:\/\/fluffouterwear.com\/pl\/\"},{\"@type\":\"ListItem\",\"position\":2,\"name\":\"Zasady piel\u0119gnacji\"}]},{\"@type\":\"WebSite\",\"@id\":\"https:\/\/fluffouterwear.com\/pl\/#website\",\"url\":\"https:\/\/fluffouterwear.com\/pl\/\",\"name\":\"Fluff\",\"description\":\"\",\"potentialAction\":[{\"@type\":\"SearchAction\",\"target\":{\"@type\":\"EntryPoint\",\"urlTemplate\":\"https:\/\/fluffouterwear.com\/pl\/?s={search_term_string}\"},\"query-input\":{\"@type\":\"PropertyValueSpecification\",\"valueRequired\":true,\"valueName\":\"search_term_string\"}}],\"inLanguage\":\"pl-PL\"}]}<\/script>\n<!-- \/ Yoast SEO plugin. -->","yoast_head_json":{"title":"Fluff - Zasady piel\u0119gnacji - Fluff","robots":{"index":"index","follow":"follow","max-snippet":"max-snippet:-1","max-image-preview":"max-image-preview:large","max-video-preview":"max-video-preview:-1"},"canonical":"https:\/\/fluffouterwear.com\/pl\/zasady-pielegnacji\/","og_locale":"pl_PL","og_type":"article","og_title":"Fluff - Zasady piel\u0119gnacji - Fluff","og_url":"https:\/\/fluffouterwear.com\/pl\/zasady-pielegnacji\/","og_site_name":"Fluff","article_modified_time":"2025-02-17T12:34:37+00:00","og_image":[{"width":1200,"height":675,"url":"https:\/\/fluffouterwear.com\/wp-content\/uploads\/2025\/04\/1200x675.jpg","type":"image\/jpeg"}],"twitter_card":"summary_large_image","twitter_misc":{"Szacowany czas czytania":"1 minuta"},"schema":{"@context":"https:\/\/schema.org","@graph":[{"@type":"WebPage","@id":"https:\/\/fluffouterwear.com\/pl\/zasady-pielegnacji\/","url":"https:\/\/fluffouterwear.com\/pl\/zasady-pielegnacji\/","name":"Fluff - Zasady piel\u0119gnacji - Fluff","isPartOf":{"@id":"https:\/\/fluffouterwear.com\/pl\/#website"},"datePublished":"2019-07-29T13:15:29+00:00","dateModified":"2025-02-17T12:34:37+00:00","breadcrumb":{"@id":"https:\/\/fluffouterwear.com\/pl\/zasady-pielegnacji\/#breadcrumb"},"inLanguage":"pl-PL","potentialAction":[{"@type":"ReadAction","target":["https:\/\/fluffouterwear.com\/pl\/zasady-pielegnacji\/"]}]},{"@type":"BreadcrumbList","@id":"https:\/\/fluffouterwear.com\/pl\/zasady-pielegnacji\/#breadcrumb","itemListElement":[{"@type":"ListItem","position":1,"name":"Strona g\u0142\u00f3wna","item":"https:\/\/fluffouterwear.com\/pl\/"},{"@type":"ListItem","position":2,"name":"Zasady piel\u0119gnacji"}]},{"@type":"WebSite","@id":"https:\/\/fluffouterwear.com\/pl\/#website","url":"https:\/\/fluffouterwear.com\/pl\/","name":"Fluff","description":"","potentialAction":[{"@type":"SearchAction","target":{"@type":"EntryPoint","urlTemplate":"https:\/\/fluffouterwear.com\/pl\/?s={search_term_string}"},"query-input":{"@type":"PropertyValueSpecification","valueRequired":true,"valueName":"search_term_string"}}],"inLanguage":"pl-PL"}]}},"_links":{"self":[{"href":"https:\/\/fluffouterwear.com\/pl\/wp-json\/wp\/v2\/pages\/9925","targetHints":{"allow":["GET"]}}],"collection":[{"href":"https:\/\/fluffouterwear.com\/pl\/wp-json\/wp\/v2\/pages"}],"about":[{"href":"https:\/\/fluffouterwear.com\/pl\/wp-json\/wp\/v2\/types\/page"}],"author":[{"embeddable":true,"href":"https:\/\/fluffouterwear.com\/pl\/wp-json\/wp\/v2\/users\/1"}],"replies":[{"embeddable":true,"href":"https:\/\/fluffouterwear.com\/pl\/wp-json\/wp\/v2\/comments?post=9925"}],"version-history":[{"count":5,"href":"https:\/\/fluffouterwear.com\/pl\/wp-json\/wp\/v2\/pages\/9925\/revisions"}],"predecessor-version":[{"id":100605,"href":"https:\/\/fluffouterwear.com\/pl\/wp-json\/wp\/v2\/pages\/9925\/revisions\/100605"}],"wp:attachment":[{"href":"https:\/\/fluffouterwear.com\/pl\/wp-json\/wp\/v2\/media?parent=9925"}],"curies":[{"name":"wp","href":"https:\/\/api.w.org\/{rel}","templated":true}]}}