{"id":9943,"date":"2019-07-29T15:06:05","date_gmt":"2019-07-29T13:06:05","guid":{"rendered":"http:\/\/fluffouterwear.com\/delivery-and-payment\/"},"modified":"2026-01-08T10:58:18","modified_gmt":"2026-01-08T09:58:18","slug":"dostawa-i-platnosc","status":"publish","type":"page","link":"https:\/\/fluffouterwear.com\/pl\/dostawa-i-platnosc\/","title":{"rendered":"Dostawa i p\u0142atno\u015b\u0107"},"content":{"rendered":"<div class=\"row row-full-width align-center\"  id=\"row-1716560742\">\n\n\t<div id=\"col-1751810803\" class=\"col medium-8 small-12 large-8\"  >\n\t\t\t\t<div class=\"col-inner\"  >\n\t\t\t\n\t\t\t\n<h4><strong>Dostawa<\/strong><\/h4>\n<p><strong>Aktualnie, czas realizacji zam\u00f3wie\u0144 to oko\u0142o 3 dni robocze od dnia zaksi\u0119gowania p\u0142atno\u015bci.<br \/>\n<\/strong><\/p>\n<p>Czas dostawy na terenie Polski wynosi oko\u0142o 1-3 dni robocze od momentu wys\u0142ania przesy\u0142ki.<\/p>\n<p>Ka\u017cdy produkt zakupiony w naszym sklepie jest starannie zapakowany w tekturowy karton i zabezpieczony foli\u0105.<\/p>\n<p>Na terenie Polski istniej\u0105 nast\u0119puj\u0105ce mo\u017cliwo\u015bci dostawy:<\/p>\n<ol>\n<li>Kurier DHL lub UPS \u2013 16,00 z\u0142<\/li>\n<\/ol>\n<p>Zam\u00f3wienia online wysy\u0142amy na adres podany podczas sk\u0142adania zam\u00f3wienia &#8211; nie ma mo\u017cliwo\u015bci odbioru osobistego w sklepach stacjonarnych.<\/p>\n<p>Wysy\u0142amy r\u00f3wnie\u017c za granic\u0119, z terenu Unii Europejskiej<span class=\"Y2IQFc\" lang=\"pl\">. <\/span><span class=\"Y2IQFc\" lang=\"pl\"><span data-text-color=\"success\"><strong>Nale\u017cy pami\u0119ta\u0107, \u017ce w przypadku niekt\u00f3rych zam\u00f3wie\u0144 mi\u0119dzynarodowych (poza UE), po przybyciu do kraju docelowego, mog\u0105 zosta\u0107 naliczone op\u0142aty celne lub importowe. <\/strong><\/span><\/span><span class=\"Y2IQFc\" lang=\"pl\"><span data-text-color=\"success\"><strong>Nie ponosimy odpowiedzialno\u015bci za te op\u0142aty i nie s\u0105 one wliczone w cen\u0119 produktu.<br \/>\nJe\u015bli sk\u0142adasz zam\u00f3wienie z Wielkiej Brytanii, a jego warto\u015b\u0107 przekracza 135 funt\u00f3w, mo\u017cesz zosta\u0107 obci\u0105\u017cony c\u0142em.<\/strong><\/span><\/span><\/p>\n<ul>\n<li>Na terenie UE koszt wysy\u0142ki kurierem DHL\/UPS to 6,5\u20ac.<\/li>\n<li>Wysy\u0142ka do UK &#8211; 12\u20ac<\/li>\n<li>Wysy\u0142ka do kraj\u00f3w USA \/ Kanady &#8211; $18.<\/li>\n<li>Wysy\u0142ka do Australii &#8211; 25\u20ac.<\/li>\n<\/ul>\n<p>Pozosta\u0142e kraje \u2013 18\u20ac.<\/p>\n<h4><strong>P\u0142atno\u015bci<\/strong><\/h4>\n<p>Obecnie w naszym sklepie oferujemy mo\u017cliwo\u015b\u0107 p\u0142atno\u015bci poprzez bezpieczne p\u0142atno\u015bci: Przelewy24, PayPal oraz p\u0142atno\u015bci karta kredytow\u0105 za po\u015brednictwem Stripe.<br \/>\nMo\u017cliwe jest r\u00f3wnie\u017c skorzystanie z p\u0142atno\u015bci odroczonych za po\u015brednictwem PayPo (obs\u0142ugiwane s\u0105 przez Przelewy24, najpierw nale\u017cy wybra\u0107 ten kana\u0142 p\u0142atno\u015bci, a nast\u0119pnie opcj\u0119 p\u0142atno\u015bci odroczonej).<br \/>\nWystawiamy faktur\u0119 VAT na \u017cyczenie Klienta.<\/p>\n<p><strong>Nie realizujemy przesy\u0142ek za pobraniem.<\/strong><\/p>\n<p>Mo\u017cliwy jest r\u00f3wnie\u017c przelew bezpo\u015brednio na konto bankowe mBanku &#8211; prosimy o kontakt mailowy (lub za pomoc\u0105 formularza w zak\u0142adce Kontakt) z informacj\u0105 o wybraniu tej formy p\u0142atno\u015bci.<br \/>\nFLUFF<br \/>\nUl.Szwejka 36, 20-713 Lublin<br \/>\nNIP: 712-274-70-63<br \/>\nPL 81 1140 2004 0000 3702 7689 6217<\/p>\n<p>&nbsp;<\/p>\n<p><a href=\"https:\/\/start.paypo.pl\"><img loading=\"lazy\" decoding=\"async\" class=\"alignnone size-full wp-image-48280\" src=\"https:\/\/fluffouterwear.com\/wp-content\/uploads\/2021\/11\/PayPo_launch_banery-do-mailingo\u0301w_600x276.png\" alt=\"\" width=\"600\" height=\"276\" srcset=\"https:\/\/fluffouterwear.com\/wp-content\/uploads\/2021\/11\/PayPo_launch_banery-do-mailingo\u0301w_600x276.png 600w, https:\/\/fluffouterwear.com\/wp-content\/uploads\/2021\/11\/PayPo_launch_banery-do-mailingo\u0301w_600x276-450x207.png 450w, https:\/\/fluffouterwear.com\/wp-content\/uploads\/2021\/11\/PayPo_launch_banery-do-mailingo\u0301w_600x276-130x60.png 130w, https:\/\/fluffouterwear.com\/wp-content\/uploads\/2021\/11\/PayPo_launch_banery-do-mailingo\u0301w_600x276-196x90.png 196w\" sizes=\"auto, (max-width: 600px) 100vw, 600px\" \/><\/a><\/p>\n<p><img loading=\"lazy\" decoding=\"async\" class=\"alignnone size-full wp-image-48276\" src=\"https:\/\/fluffouterwear.com\/wp-content\/uploads\/2021\/11\/set_credit_card-horizontal-transparent.png\" alt=\"\" width=\"682\" height=\"78\" srcset=\"https:\/\/fluffouterwear.com\/wp-content\/uploads\/2021\/11\/set_credit_card-horizontal-transparent.png 682w, https:\/\/fluffouterwear.com\/wp-content\/uploads\/2021\/11\/set_credit_card-horizontal-transparent-450x51.png 450w, https:\/\/fluffouterwear.com\/wp-content\/uploads\/2021\/11\/set_credit_card-horizontal-transparent-190x22.png 190w\" sizes=\"auto, (max-width: 682px) 100vw, 682px\" \/><\/p>\n\t\t<\/div>\n\t\t\t\t\t<\/div>\n\n\t\n<\/div>\n","protected":false},"excerpt":{"rendered":"","protected":false},"author":1,"featured_media":0,"parent":0,"menu_order":0,"comment_status":"closed","ping_status":"closed","template":"","meta":{"_acf_changed":false,"footnotes":""},"class_list":["post-9943","page","type-page","status-publish","hentry"],"acf":[],"yoast_head":"<!-- This site is optimized with the Yoast SEO plugin v27.0 - https:\/\/yoast.com\/product\/yoast-seo-wordpress\/ -->\n<title>Fluff - Dostawa i p\u0142atno\u015b\u0107 - Fluff<\/title>\n<meta name=\"robots\" content=\"index, follow, max-snippet:-1, max-image-preview:large, max-video-preview:-1\" \/>\n<link rel=\"canonical\" href=\"https:\/\/fluffouterwear.com\/pl\/dostawa-i-platnosc\/\" \/>\n<meta property=\"og:locale\" content=\"pl_PL\" \/>\n<meta property=\"og:type\" content=\"article\" \/>\n<meta property=\"og:title\" content=\"Fluff - Dostawa i p\u0142atno\u015b\u0107 - Fluff\" \/>\n<meta property=\"og:url\" content=\"https:\/\/fluffouterwear.com\/pl\/dostawa-i-platnosc\/\" \/>\n<meta property=\"og:site_name\" content=\"Fluff\" \/>\n<meta property=\"article:modified_time\" content=\"2026-01-08T09:58:18+00:00\" \/>\n<meta property=\"og:image\" content=\"https:\/\/fluffouterwear.com\/wp-content\/uploads\/2021\/11\/set_credit_card-horizontal-transparent.png\" \/>\n<meta name=\"twitter:card\" content=\"summary_large_image\" \/>\n<meta name=\"twitter:label1\" content=\"Szacowany czas czytania\" \/>\n\t<meta name=\"twitter:data1\" content=\"3 minuty\" \/>\n<script type=\"application\/ld+json\" class=\"yoast-schema-graph\">{\"@context\":\"https:\/\/schema.org\",\"@graph\":[{\"@type\":\"WebPage\",\"@id\":\"https:\/\/fluffouterwear.com\/pl\/dostawa-i-platnosc\/\",\"url\":\"https:\/\/fluffouterwear.com\/pl\/dostawa-i-platnosc\/\",\"name\":\"Fluff - Dostawa i p\u0142atno\u015b\u0107 - Fluff\",\"isPartOf\":{\"@id\":\"https:\/\/fluffouterwear.com\/pl\/#website\"},\"primaryImageOfPage\":{\"@id\":\"https:\/\/fluffouterwear.com\/pl\/dostawa-i-platnosc\/#primaryimage\"},\"image\":{\"@id\":\"https:\/\/fluffouterwear.com\/pl\/dostawa-i-platnosc\/#primaryimage\"},\"thumbnailUrl\":\"https:\/\/fluffouterwear.com\/wp-content\/uploads\/2021\/11\/set_credit_card-horizontal-transparent.png\",\"datePublished\":\"2019-07-29T13:06:05+00:00\",\"dateModified\":\"2026-01-08T09:58:18+00:00\",\"breadcrumb\":{\"@id\":\"https:\/\/fluffouterwear.com\/pl\/dostawa-i-platnosc\/#breadcrumb\"},\"inLanguage\":\"pl-PL\",\"potentialAction\":[{\"@type\":\"ReadAction\",\"target\":[\"https:\/\/fluffouterwear.com\/pl\/dostawa-i-platnosc\/\"]}]},{\"@type\":\"ImageObject\",\"inLanguage\":\"pl-PL\",\"@id\":\"https:\/\/fluffouterwear.com\/pl\/dostawa-i-platnosc\/#primaryimage\",\"url\":\"https:\/\/fluffouterwear.com\/wp-content\/uploads\/2021\/11\/set_credit_card-horizontal-transparent.png\",\"contentUrl\":\"https:\/\/fluffouterwear.com\/wp-content\/uploads\/2021\/11\/set_credit_card-horizontal-transparent.png\"},{\"@type\":\"BreadcrumbList\",\"@id\":\"https:\/\/fluffouterwear.com\/pl\/dostawa-i-platnosc\/#breadcrumb\",\"itemListElement\":[{\"@type\":\"ListItem\",\"position\":1,\"name\":\"Strona g\u0142\u00f3wna\",\"item\":\"https:\/\/fluffouterwear.com\/pl\/\"},{\"@type\":\"ListItem\",\"position\":2,\"name\":\"Dostawa i p\u0142atno\u015b\u0107\"}]},{\"@type\":\"WebSite\",\"@id\":\"https:\/\/fluffouterwear.com\/pl\/#website\",\"url\":\"https:\/\/fluffouterwear.com\/pl\/\",\"name\":\"Fluff\",\"description\":\"\",\"potentialAction\":[{\"@type\":\"SearchAction\",\"target\":{\"@type\":\"EntryPoint\",\"urlTemplate\":\"https:\/\/fluffouterwear.com\/pl\/?s={search_term_string}\"},\"query-input\":{\"@type\":\"PropertyValueSpecification\",\"valueRequired\":true,\"valueName\":\"search_term_string\"}}],\"inLanguage\":\"pl-PL\"}]}<\/script>\n<!-- \/ Yoast SEO plugin. -->","yoast_head_json":{"title":"Fluff - Dostawa i p\u0142atno\u015b\u0107 - Fluff","robots":{"index":"index","follow":"follow","max-snippet":"max-snippet:-1","max-image-preview":"max-image-preview:large","max-video-preview":"max-video-preview:-1"},"canonical":"https:\/\/fluffouterwear.com\/pl\/dostawa-i-platnosc\/","og_locale":"pl_PL","og_type":"article","og_title":"Fluff - Dostawa i p\u0142atno\u015b\u0107 - Fluff","og_url":"https:\/\/fluffouterwear.com\/pl\/dostawa-i-platnosc\/","og_site_name":"Fluff","article_modified_time":"2026-01-08T09:58:18+00:00","og_image":[{"url":"https:\/\/fluffouterwear.com\/wp-content\/uploads\/2021\/11\/set_credit_card-horizontal-transparent.png","type":"","width":"","height":""}],"twitter_card":"summary_large_image","twitter_misc":{"Szacowany czas czytania":"3 minuty"},"schema":{"@context":"https:\/\/schema.org","@graph":[{"@type":"WebPage","@id":"https:\/\/fluffouterwear.com\/pl\/dostawa-i-platnosc\/","url":"https:\/\/fluffouterwear.com\/pl\/dostawa-i-platnosc\/","name":"Fluff - Dostawa i p\u0142atno\u015b\u0107 - Fluff","isPartOf":{"@id":"https:\/\/fluffouterwear.com\/pl\/#website"},"primaryImageOfPage":{"@id":"https:\/\/fluffouterwear.com\/pl\/dostawa-i-platnosc\/#primaryimage"},"image":{"@id":"https:\/\/fluffouterwear.com\/pl\/dostawa-i-platnosc\/#primaryimage"},"thumbnailUrl":"https:\/\/fluffouterwear.com\/wp-content\/uploads\/2021\/11\/set_credit_card-horizontal-transparent.png","datePublished":"2019-07-29T13:06:05+00:00","dateModified":"2026-01-08T09:58:18+00:00","breadcrumb":{"@id":"https:\/\/fluffouterwear.com\/pl\/dostawa-i-platnosc\/#breadcrumb"},"inLanguage":"pl-PL","potentialAction":[{"@type":"ReadAction","target":["https:\/\/fluffouterwear.com\/pl\/dostawa-i-platnosc\/"]}]},{"@type":"ImageObject","inLanguage":"pl-PL","@id":"https:\/\/fluffouterwear.com\/pl\/dostawa-i-platnosc\/#primaryimage","url":"https:\/\/fluffouterwear.com\/wp-content\/uploads\/2021\/11\/set_credit_card-horizontal-transparent.png","contentUrl":"https:\/\/fluffouterwear.com\/wp-content\/uploads\/2021\/11\/set_credit_card-horizontal-transparent.png"},{"@type":"BreadcrumbList","@id":"https:\/\/fluffouterwear.com\/pl\/dostawa-i-platnosc\/#breadcrumb","itemListElement":[{"@type":"ListItem","position":1,"name":"Strona g\u0142\u00f3wna","item":"https:\/\/fluffouterwear.com\/pl\/"},{"@type":"ListItem","position":2,"name":"Dostawa i p\u0142atno\u015b\u0107"}]},{"@type":"WebSite","@id":"https:\/\/fluffouterwear.com\/pl\/#website","url":"https:\/\/fluffouterwear.com\/pl\/","name":"Fluff","description":"","potentialAction":[{"@type":"SearchAction","target":{"@type":"EntryPoint","urlTemplate":"https:\/\/fluffouterwear.com\/pl\/?s={search_term_string}"},"query-input":{"@type":"PropertyValueSpecification","valueRequired":true,"valueName":"search_term_string"}}],"inLanguage":"pl-PL"}]}},"_links":{"self":[{"href":"https:\/\/fluffouterwear.com\/pl\/wp-json\/wp\/v2\/pages\/9943","targetHints":{"allow":["GET"]}}],"collection":[{"href":"https:\/\/fluffouterwear.com\/pl\/wp-json\/wp\/v2\/pages"}],"about":[{"href":"https:\/\/fluffouterwear.com\/pl\/wp-json\/wp\/v2\/types\/page"}],"author":[{"embeddable":true,"href":"https:\/\/fluffouterwear.com\/pl\/wp-json\/wp\/v2\/users\/1"}],"replies":[{"embeddable":true,"href":"https:\/\/fluffouterwear.com\/pl\/wp-json\/wp\/v2\/comments?post=9943"}],"version-history":[{"count":16,"href":"https:\/\/fluffouterwear.com\/pl\/wp-json\/wp\/v2\/pages\/9943\/revisions"}],"predecessor-version":[{"id":109124,"href":"https:\/\/fluffouterwear.com\/pl\/wp-json\/wp\/v2\/pages\/9943\/revisions\/109124"}],"wp:attachment":[{"href":"https:\/\/fluffouterwear.com\/pl\/wp-json\/wp\/v2\/media?parent=9943"}],"curies":[{"name":"wp","href":"https:\/\/api.w.org\/{rel}","templated":true}]}}