{"id":101822,"date":"2025-04-23T09:19:30","date_gmt":"2025-04-23T07:19:30","guid":{"rendered":"https:\/\/fluffouterwear.com\/?post_type=product&#038;p=101822"},"modified":"2026-04-02T07:05:09","modified_gmt":"2026-04-02T05:05:09","slug":"sukienka-maxi-black","status":"publish","type":"product","link":"https:\/\/fluffouterwear.com\/pl\/produkt\/sukienka-maxi-black\/","title":{"rendered":"Sukienka maxi Black"},"content":{"rendered":"<h4><strong>Sukienka maxi na rami\u0105czkach<\/strong><\/h4>\n<p>Je\u015bli latem ponad wszystko cenisz sobie wygod\u0119 i luz, jakie daj\u0105 <strong>zwiewne sukienki<\/strong>, ta urocza, prosta <strong>sukienka maxi<\/strong> na w\u0105skich rami\u0105czkach to propozycja w sam raz dla Ciebie. Wyr\u00f3\u017cnia j\u0105 lu\u017any, rozszerzany ku do\u0142owi kr\u00f3j typu <strong>flowing dress<\/strong> ze szwem na \u015brodku, dzi\u0119ki kt\u00f3remu sukienka przepi\u0119knie uk\u0142ada si\u0119 w ruchu &#8211; o\u017cywa i \u201cp\u0142ynie\u201d, przyci\u0105gaj\u0105c wzrok i robi\u0105c niezwyk\u0142e wra\u017cenie.<\/p>\n<p><strong>Regulowane rami\u0105czka<\/strong> pozwalaj\u0105 jeszcze lepiej dopasowa\u0107 j\u0105 do Twojej sylwetki i jej wyj\u0105tkowych potrzeb, a dekolt V z przodu i z ty\u0142u dodatkowo j\u0105 podkre\u015bli i wysmukli. Ta <strong>pi\u0119kna sukienka na lato<\/strong> zosta\u0142a uszyta z mi\u0119kkiej, przyjemnej w dotyku i oddychaj\u0105cej tkaniny b\u0119d\u0105cej mieszank\u0105 lyocellu (95%) z domieszk\u0105 lnu (5%).<\/p>\n<p>Jest dost\u0119pna w dw\u00f3ch kolorach: do wyboru masz czer\u0144 b\u0105d\u017a zgaszony niebieski.<\/p>\n","protected":false},"excerpt":{"rendered":"<p>Sukienka maxi na rami\u0105czkach Je\u015bli latem ponad wszystko cenisz sobie wygod\u0119 i luz, jakie daj\u0105 zwiewne sukienki, ta urocza, prosta sukienka maxi na w\u0105skich rami\u0105czkach to propozycja w sam raz dla Ciebie. Wyr\u00f3\u017cnia j\u0105 lu\u017any, rozszerzany ku do\u0142owi kr\u00f3j typu flowing dress ze szwem na \u015brodku, dzi\u0119ki kt\u00f3remu sukienka przepi\u0119knie uk\u0142ada si\u0119 w ruchu &#8211; [&#8230;]\n","protected":false},"featured_media":101565,"comment_status":"closed","ping_status":"closed","template":"","meta":{"_acf_changed":false},"product_brand":[],"product_cat":[382,1064],"product_tag":[],"class_list":{"0":"post-101822","1":"product","2":"type-product","3":"status-publish","4":"has-post-thumbnail","6":"product_cat-outlet-pl","7":"product_cat-kobieta-pl","9":"first","10":"outofstock","11":"sale","12":"shipping-taxable","13":"purchasable","14":"product-type-variable"},"acf":[],"yoast_head":"<!-- This site is optimized with the Yoast SEO plugin v27.0 - https:\/\/yoast.com\/product\/yoast-seo-wordpress\/ -->\n<title>Sukienka maxi Black - Fluff<\/title>\n<meta name=\"robots\" content=\"index, follow, max-snippet:-1, max-image-preview:large, max-video-preview:-1\" \/>\n<link rel=\"canonical\" href=\"https:\/\/fluffouterwear.com\/pl\/produkt\/sukienka-maxi-black\/\" \/>\n<meta property=\"og:locale\" content=\"pl_PL\" \/>\n<meta property=\"og:type\" content=\"article\" \/>\n<meta property=\"og:title\" content=\"Sukienka maxi Black - Fluff\" \/>\n<meta property=\"og:description\" content=\"Sukienka maxi na rami\u0105czkach Je\u015bli latem ponad wszystko cenisz sobie wygod\u0119 i luz, jakie daj\u0105 zwiewne sukienki, ta urocza, prosta sukienka maxi na w\u0105skich rami\u0105czkach to propozycja w sam raz dla Ciebie. Wyr\u00f3\u017cnia j\u0105 lu\u017any, rozszerzany ku do\u0142owi kr\u00f3j typu flowing dress ze szwem na \u015brodku, dzi\u0119ki kt\u00f3remu sukienka przepi\u0119knie uk\u0142ada si\u0119 w ruchu &#8211; [...]\" \/>\n<meta property=\"og:url\" content=\"https:\/\/fluffouterwear.com\/pl\/produkt\/sukienka-maxi-black\/\" \/>\n<meta property=\"og:site_name\" content=\"Fluff\" \/>\n<meta property=\"article:modified_time\" content=\"2026-04-02T05:05:09+00:00\" \/>\n<meta property=\"og:image\" content=\"https:\/\/fluffouterwear.com\/wp-content\/uploads\/2025\/03\/damska-sukienka-maxi-black.jpg\" \/>\n\t<meta property=\"og:image:width\" content=\"1185\" \/>\n\t<meta property=\"og:image:height\" content=\"1310\" \/>\n\t<meta property=\"og:image:type\" content=\"image\/jpeg\" \/>\n<meta name=\"twitter:card\" content=\"summary_large_image\" \/>\n<meta name=\"twitter:label1\" content=\"Szacowany czas czytania\" \/>\n\t<meta name=\"twitter:data1\" content=\"1 minuta\" \/>\n<script type=\"application\/ld+json\" class=\"yoast-schema-graph\">{\"@context\":\"https:\/\/schema.org\",\"@graph\":[{\"@type\":\"WebPage\",\"@id\":\"https:\/\/fluffouterwear.com\/pl\/produkt\/sukienka-maxi-black\/\",\"url\":\"https:\/\/fluffouterwear.com\/pl\/produkt\/sukienka-maxi-black\/\",\"name\":\"Sukienka maxi Black - Fluff\",\"isPartOf\":{\"@id\":\"https:\/\/fluffouterwear.com\/pl\/#website\"},\"primaryImageOfPage\":{\"@id\":\"https:\/\/fluffouterwear.com\/pl\/produkt\/sukienka-maxi-black\/#primaryimage\"},\"image\":{\"@id\":\"https:\/\/fluffouterwear.com\/pl\/produkt\/sukienka-maxi-black\/#primaryimage\"},\"thumbnailUrl\":\"https:\/\/fluffouterwear.com\/wp-content\/uploads\/2025\/03\/damska-sukienka-maxi-black.jpg\",\"datePublished\":\"2025-04-23T07:19:30+00:00\",\"dateModified\":\"2026-04-02T05:05:09+00:00\",\"breadcrumb\":{\"@id\":\"https:\/\/fluffouterwear.com\/pl\/produkt\/sukienka-maxi-black\/#breadcrumb\"},\"inLanguage\":\"pl-PL\",\"potentialAction\":[{\"@type\":\"ReadAction\",\"target\":[\"https:\/\/fluffouterwear.com\/pl\/produkt\/sukienka-maxi-black\/\"]}]},{\"@type\":\"ImageObject\",\"inLanguage\":\"pl-PL\",\"@id\":\"https:\/\/fluffouterwear.com\/pl\/produkt\/sukienka-maxi-black\/#primaryimage\",\"url\":\"https:\/\/fluffouterwear.com\/wp-content\/uploads\/2025\/03\/damska-sukienka-maxi-black.jpg\",\"contentUrl\":\"https:\/\/fluffouterwear.com\/wp-content\/uploads\/2025\/03\/damska-sukienka-maxi-black.jpg\",\"width\":1185,\"height\":1310},{\"@type\":\"BreadcrumbList\",\"@id\":\"https:\/\/fluffouterwear.com\/pl\/produkt\/sukienka-maxi-black\/#breadcrumb\",\"itemListElement\":[{\"@type\":\"ListItem\",\"position\":1,\"name\":\"Strona g\u0142\u00f3wna\",\"item\":\"https:\/\/fluffouterwear.com\/pl\/\"},{\"@type\":\"ListItem\",\"position\":2,\"name\":\"Sklep\",\"item\":\"https:\/\/fluffouterwear.com\/pl\/sklep\/\"},{\"@type\":\"ListItem\",\"position\":3,\"name\":\"Sukienka maxi Black\"}]},{\"@type\":\"WebSite\",\"@id\":\"https:\/\/fluffouterwear.com\/pl\/#website\",\"url\":\"https:\/\/fluffouterwear.com\/pl\/\",\"name\":\"Fluff\",\"description\":\"\",\"potentialAction\":[{\"@type\":\"SearchAction\",\"target\":{\"@type\":\"EntryPoint\",\"urlTemplate\":\"https:\/\/fluffouterwear.com\/pl\/?s={search_term_string}\"},\"query-input\":{\"@type\":\"PropertyValueSpecification\",\"valueRequired\":true,\"valueName\":\"search_term_string\"}}],\"inLanguage\":\"pl-PL\"}]}<\/script>\n<!-- \/ Yoast SEO plugin. -->","yoast_head_json":{"title":"Sukienka maxi Black - Fluff","robots":{"index":"index","follow":"follow","max-snippet":"max-snippet:-1","max-image-preview":"max-image-preview:large","max-video-preview":"max-video-preview:-1"},"canonical":"https:\/\/fluffouterwear.com\/pl\/produkt\/sukienka-maxi-black\/","og_locale":"pl_PL","og_type":"article","og_title":"Sukienka maxi Black - Fluff","og_description":"Sukienka maxi na rami\u0105czkach Je\u015bli latem ponad wszystko cenisz sobie wygod\u0119 i luz, jakie daj\u0105 zwiewne sukienki, ta urocza, prosta sukienka maxi na w\u0105skich rami\u0105czkach to propozycja w sam raz dla Ciebie. Wyr\u00f3\u017cnia j\u0105 lu\u017any, rozszerzany ku do\u0142owi kr\u00f3j typu flowing dress ze szwem na \u015brodku, dzi\u0119ki kt\u00f3remu sukienka przepi\u0119knie uk\u0142ada si\u0119 w ruchu &#8211; [...]","og_url":"https:\/\/fluffouterwear.com\/pl\/produkt\/sukienka-maxi-black\/","og_site_name":"Fluff","article_modified_time":"2026-04-02T05:05:09+00:00","og_image":[{"width":1185,"height":1310,"url":"https:\/\/fluffouterwear.com\/wp-content\/uploads\/2025\/03\/damska-sukienka-maxi-black.jpg","type":"image\/jpeg"}],"twitter_card":"summary_large_image","twitter_misc":{"Szacowany czas czytania":"1 minuta"},"schema":{"@context":"https:\/\/schema.org","@graph":[{"@type":"WebPage","@id":"https:\/\/fluffouterwear.com\/pl\/produkt\/sukienka-maxi-black\/","url":"https:\/\/fluffouterwear.com\/pl\/produkt\/sukienka-maxi-black\/","name":"Sukienka maxi Black - Fluff","isPartOf":{"@id":"https:\/\/fluffouterwear.com\/pl\/#website"},"primaryImageOfPage":{"@id":"https:\/\/fluffouterwear.com\/pl\/produkt\/sukienka-maxi-black\/#primaryimage"},"image":{"@id":"https:\/\/fluffouterwear.com\/pl\/produkt\/sukienka-maxi-black\/#primaryimage"},"thumbnailUrl":"https:\/\/fluffouterwear.com\/wp-content\/uploads\/2025\/03\/damska-sukienka-maxi-black.jpg","datePublished":"2025-04-23T07:19:30+00:00","dateModified":"2026-04-02T05:05:09+00:00","breadcrumb":{"@id":"https:\/\/fluffouterwear.com\/pl\/produkt\/sukienka-maxi-black\/#breadcrumb"},"inLanguage":"pl-PL","potentialAction":[{"@type":"ReadAction","target":["https:\/\/fluffouterwear.com\/pl\/produkt\/sukienka-maxi-black\/"]}]},{"@type":"ImageObject","inLanguage":"pl-PL","@id":"https:\/\/fluffouterwear.com\/pl\/produkt\/sukienka-maxi-black\/#primaryimage","url":"https:\/\/fluffouterwear.com\/wp-content\/uploads\/2025\/03\/damska-sukienka-maxi-black.jpg","contentUrl":"https:\/\/fluffouterwear.com\/wp-content\/uploads\/2025\/03\/damska-sukienka-maxi-black.jpg","width":1185,"height":1310},{"@type":"BreadcrumbList","@id":"https:\/\/fluffouterwear.com\/pl\/produkt\/sukienka-maxi-black\/#breadcrumb","itemListElement":[{"@type":"ListItem","position":1,"name":"Strona g\u0142\u00f3wna","item":"https:\/\/fluffouterwear.com\/pl\/"},{"@type":"ListItem","position":2,"name":"Sklep","item":"https:\/\/fluffouterwear.com\/pl\/sklep\/"},{"@type":"ListItem","position":3,"name":"Sukienka maxi Black"}]},{"@type":"WebSite","@id":"https:\/\/fluffouterwear.com\/pl\/#website","url":"https:\/\/fluffouterwear.com\/pl\/","name":"Fluff","description":"","potentialAction":[{"@type":"SearchAction","target":{"@type":"EntryPoint","urlTemplate":"https:\/\/fluffouterwear.com\/pl\/?s={search_term_string}"},"query-input":{"@type":"PropertyValueSpecification","valueRequired":true,"valueName":"search_term_string"}}],"inLanguage":"pl-PL"}]}},"_links":{"self":[{"href":"https:\/\/fluffouterwear.com\/pl\/wp-json\/wp\/v2\/product\/101822","targetHints":{"allow":["GET"]}}],"collection":[{"href":"https:\/\/fluffouterwear.com\/pl\/wp-json\/wp\/v2\/product"}],"about":[{"href":"https:\/\/fluffouterwear.com\/pl\/wp-json\/wp\/v2\/types\/product"}],"replies":[{"embeddable":true,"href":"https:\/\/fluffouterwear.com\/pl\/wp-json\/wp\/v2\/comments?post=101822"}],"wp:featuredmedia":[{"embeddable":true,"href":"https:\/\/fluffouterwear.com\/pl\/wp-json\/wp\/v2\/media\/101565"}],"wp:attachment":[{"href":"https:\/\/fluffouterwear.com\/pl\/wp-json\/wp\/v2\/media?parent=101822"}],"wp:term":[{"taxonomy":"product_brand","embeddable":true,"href":"https:\/\/fluffouterwear.com\/pl\/wp-json\/wp\/v2\/product_brand?post=101822"},{"taxonomy":"product_cat","embeddable":true,"href":"https:\/\/fluffouterwear.com\/pl\/wp-json\/wp\/v2\/product_cat?post=101822"},{"taxonomy":"product_tag","embeddable":true,"href":"https:\/\/fluffouterwear.com\/pl\/wp-json\/wp\/v2\/product_tag?post=101822"}],"curies":[{"name":"wp","href":"https:\/\/api.w.org\/{rel}","templated":true}]}}