{"id":101841,"date":"2025-04-23T09:19:35","date_gmt":"2025-04-23T07:19:35","guid":{"rendered":"https:\/\/fluffouterwear.com\/?post_type=product&#038;p=101841"},"modified":"2026-04-04T12:48:39","modified_gmt":"2026-04-04T10:48:39","slug":"sukienka-z-falbanka-royal-navy","status":"publish","type":"product","link":"https:\/\/fluffouterwear.com\/pl\/produkt\/sukienka-z-falbanka-royal-navy\/","title":{"rendered":"Sukienka z falbank\u0105 Royal Navy"},"content":{"rendered":"<h4><strong>Lniana sukienka z falbank\u0105<\/strong><\/h4>\n<p>W upalne letnie dni lniane ubrania nie maj\u0105 sobie r\u00f3wnych. W\u0142a\u015bnie dlatego warto mie\u0107 w swojej szafie t\u0119 pi\u0119kn\u0105, <strong>kr\u00f3tk\u0105 sukienk\u0119 <\/strong>z falban\u0105 uszyt\u0105 w 100% z lnu. To prosta i praktyczna propozycja o zwracaj\u0105cych uwag\u0119 detalach, takich jak obszerna falbana w stylu hiszpa\u0144skim i kr\u00f3tkie, nieco bufiaste r\u0119kawki ze \u015bci\u0105gaczami. Te dwa zabiegi pomagaj\u0105 podkre\u015bli\u0107 i wyeksponowa\u0107 ramiona oraz dekolt, a tak\u017ce dodaj\u0105 ca\u0142ej sukience tak po\u017c\u0105danej latem lekko\u015bci i zwiewno\u015bci.<\/p>\n<p>Na wygod\u0119 noszenia tej stylowej <strong>lnianej sukienki<\/strong> na co dzie\u0144 wp\u0142ywaj\u0105 te\u017c bez w\u0105tpienia dwie boczne kieszenie, w kt\u00f3rych zmie\u015bcisz przydatne drobiazgi. Lniana <strong>sukienka hiszpanka<\/strong> dost\u0119pna jest w dw\u00f3ch wariantach kolorystycznych: do wyboru masz kolor granatowy lub jasny, pastelowy r\u00f3\u017c.<\/p>\n","protected":false},"excerpt":{"rendered":"<p>Lniana sukienka z falbank\u0105 W upalne letnie dni lniane ubrania nie maj\u0105 sobie r\u00f3wnych. W\u0142a\u015bnie dlatego warto mie\u0107 w swojej szafie t\u0119 pi\u0119kn\u0105, kr\u00f3tk\u0105 sukienk\u0119 z falban\u0105 uszyt\u0105 w 100% z lnu. To prosta i praktyczna propozycja o zwracaj\u0105cych uwag\u0119 detalach, takich jak obszerna falbana w stylu hiszpa\u0144skim i kr\u00f3tkie, nieco bufiaste r\u0119kawki ze \u015bci\u0105gaczami. [&#8230;]\n","protected":false},"featured_media":101583,"comment_status":"closed","ping_status":"closed","template":"","meta":{"_acf_changed":false},"product_brand":[],"product_cat":[382,1064],"product_tag":[],"class_list":{"0":"post-101841","1":"product","2":"type-product","3":"status-publish","4":"has-post-thumbnail","6":"product_cat-outlet-pl","7":"product_cat-kobieta-pl","9":"first","10":"instock","11":"sale","12":"shipping-taxable","13":"purchasable","14":"product-type-variable"},"acf":[],"yoast_head":"<!-- This site is optimized with the Yoast SEO plugin v27.0 - https:\/\/yoast.com\/product\/yoast-seo-wordpress\/ -->\n<title>Sukienka z falbank\u0105 Royal Navy - Fluff<\/title>\n<meta name=\"robots\" content=\"index, follow, max-snippet:-1, max-image-preview:large, max-video-preview:-1\" \/>\n<link rel=\"canonical\" href=\"https:\/\/fluffouterwear.com\/pl\/produkt\/sukienka-z-falbanka-royal-navy\/\" \/>\n<meta property=\"og:locale\" content=\"pl_PL\" \/>\n<meta property=\"og:type\" content=\"article\" \/>\n<meta property=\"og:title\" content=\"Sukienka z falbank\u0105 Royal Navy - Fluff\" \/>\n<meta property=\"og:description\" content=\"Lniana sukienka z falbank\u0105 W upalne letnie dni lniane ubrania nie maj\u0105 sobie r\u00f3wnych. W\u0142a\u015bnie dlatego warto mie\u0107 w swojej szafie t\u0119 pi\u0119kn\u0105, kr\u00f3tk\u0105 sukienk\u0119 z falban\u0105 uszyt\u0105 w 100% z lnu. To prosta i praktyczna propozycja o zwracaj\u0105cych uwag\u0119 detalach, takich jak obszerna falbana w stylu hiszpa\u0144skim i kr\u00f3tkie, nieco bufiaste r\u0119kawki ze \u015bci\u0105gaczami. [...]\" \/>\n<meta property=\"og:url\" content=\"https:\/\/fluffouterwear.com\/pl\/produkt\/sukienka-z-falbanka-royal-navy\/\" \/>\n<meta property=\"og:site_name\" content=\"Fluff\" \/>\n<meta property=\"article:modified_time\" content=\"2026-04-04T10:48:39+00:00\" \/>\n<meta property=\"og:image\" content=\"https:\/\/fluffouterwear.com\/wp-content\/uploads\/2025\/03\/damska-sukienka-hiszpanka-navy.jpg\" \/>\n\t<meta property=\"og:image:width\" content=\"1185\" \/>\n\t<meta property=\"og:image:height\" content=\"1310\" \/>\n\t<meta property=\"og:image:type\" content=\"image\/jpeg\" \/>\n<meta name=\"twitter:card\" content=\"summary_large_image\" \/>\n<meta name=\"twitter:label1\" content=\"Szacowany czas czytania\" \/>\n\t<meta name=\"twitter:data1\" content=\"1 minuta\" \/>\n<script type=\"application\/ld+json\" class=\"yoast-schema-graph\">{\"@context\":\"https:\/\/schema.org\",\"@graph\":[{\"@type\":\"WebPage\",\"@id\":\"https:\/\/fluffouterwear.com\/pl\/produkt\/sukienka-z-falbanka-royal-navy\/\",\"url\":\"https:\/\/fluffouterwear.com\/pl\/produkt\/sukienka-z-falbanka-royal-navy\/\",\"name\":\"Sukienka z falbank\u0105 Royal Navy - Fluff\",\"isPartOf\":{\"@id\":\"https:\/\/fluffouterwear.com\/pl\/#website\"},\"primaryImageOfPage\":{\"@id\":\"https:\/\/fluffouterwear.com\/pl\/produkt\/sukienka-z-falbanka-royal-navy\/#primaryimage\"},\"image\":{\"@id\":\"https:\/\/fluffouterwear.com\/pl\/produkt\/sukienka-z-falbanka-royal-navy\/#primaryimage\"},\"thumbnailUrl\":\"https:\/\/fluffouterwear.com\/wp-content\/uploads\/2025\/03\/damska-sukienka-hiszpanka-navy.jpg\",\"datePublished\":\"2025-04-23T07:19:35+00:00\",\"dateModified\":\"2026-04-04T10:48:39+00:00\",\"breadcrumb\":{\"@id\":\"https:\/\/fluffouterwear.com\/pl\/produkt\/sukienka-z-falbanka-royal-navy\/#breadcrumb\"},\"inLanguage\":\"pl-PL\",\"potentialAction\":[{\"@type\":\"ReadAction\",\"target\":[\"https:\/\/fluffouterwear.com\/pl\/produkt\/sukienka-z-falbanka-royal-navy\/\"]}]},{\"@type\":\"ImageObject\",\"inLanguage\":\"pl-PL\",\"@id\":\"https:\/\/fluffouterwear.com\/pl\/produkt\/sukienka-z-falbanka-royal-navy\/#primaryimage\",\"url\":\"https:\/\/fluffouterwear.com\/wp-content\/uploads\/2025\/03\/damska-sukienka-hiszpanka-navy.jpg\",\"contentUrl\":\"https:\/\/fluffouterwear.com\/wp-content\/uploads\/2025\/03\/damska-sukienka-hiszpanka-navy.jpg\",\"width\":1185,\"height\":1310},{\"@type\":\"BreadcrumbList\",\"@id\":\"https:\/\/fluffouterwear.com\/pl\/produkt\/sukienka-z-falbanka-royal-navy\/#breadcrumb\",\"itemListElement\":[{\"@type\":\"ListItem\",\"position\":1,\"name\":\"Strona g\u0142\u00f3wna\",\"item\":\"https:\/\/fluffouterwear.com\/pl\/\"},{\"@type\":\"ListItem\",\"position\":2,\"name\":\"Sklep\",\"item\":\"https:\/\/fluffouterwear.com\/pl\/sklep\/\"},{\"@type\":\"ListItem\",\"position\":3,\"name\":\"Sukienka z falbank\u0105 Royal Navy\"}]},{\"@type\":\"WebSite\",\"@id\":\"https:\/\/fluffouterwear.com\/pl\/#website\",\"url\":\"https:\/\/fluffouterwear.com\/pl\/\",\"name\":\"Fluff\",\"description\":\"\",\"potentialAction\":[{\"@type\":\"SearchAction\",\"target\":{\"@type\":\"EntryPoint\",\"urlTemplate\":\"https:\/\/fluffouterwear.com\/pl\/?s={search_term_string}\"},\"query-input\":{\"@type\":\"PropertyValueSpecification\",\"valueRequired\":true,\"valueName\":\"search_term_string\"}}],\"inLanguage\":\"pl-PL\"}]}<\/script>\n<!-- \/ Yoast SEO plugin. -->","yoast_head_json":{"title":"Sukienka z falbank\u0105 Royal Navy - Fluff","robots":{"index":"index","follow":"follow","max-snippet":"max-snippet:-1","max-image-preview":"max-image-preview:large","max-video-preview":"max-video-preview:-1"},"canonical":"https:\/\/fluffouterwear.com\/pl\/produkt\/sukienka-z-falbanka-royal-navy\/","og_locale":"pl_PL","og_type":"article","og_title":"Sukienka z falbank\u0105 Royal Navy - Fluff","og_description":"Lniana sukienka z falbank\u0105 W upalne letnie dni lniane ubrania nie maj\u0105 sobie r\u00f3wnych. W\u0142a\u015bnie dlatego warto mie\u0107 w swojej szafie t\u0119 pi\u0119kn\u0105, kr\u00f3tk\u0105 sukienk\u0119 z falban\u0105 uszyt\u0105 w 100% z lnu. To prosta i praktyczna propozycja o zwracaj\u0105cych uwag\u0119 detalach, takich jak obszerna falbana w stylu hiszpa\u0144skim i kr\u00f3tkie, nieco bufiaste r\u0119kawki ze \u015bci\u0105gaczami. [...]","og_url":"https:\/\/fluffouterwear.com\/pl\/produkt\/sukienka-z-falbanka-royal-navy\/","og_site_name":"Fluff","article_modified_time":"2026-04-04T10:48:39+00:00","og_image":[{"width":1185,"height":1310,"url":"https:\/\/fluffouterwear.com\/wp-content\/uploads\/2025\/03\/damska-sukienka-hiszpanka-navy.jpg","type":"image\/jpeg"}],"twitter_card":"summary_large_image","twitter_misc":{"Szacowany czas czytania":"1 minuta"},"schema":{"@context":"https:\/\/schema.org","@graph":[{"@type":"WebPage","@id":"https:\/\/fluffouterwear.com\/pl\/produkt\/sukienka-z-falbanka-royal-navy\/","url":"https:\/\/fluffouterwear.com\/pl\/produkt\/sukienka-z-falbanka-royal-navy\/","name":"Sukienka z falbank\u0105 Royal Navy - Fluff","isPartOf":{"@id":"https:\/\/fluffouterwear.com\/pl\/#website"},"primaryImageOfPage":{"@id":"https:\/\/fluffouterwear.com\/pl\/produkt\/sukienka-z-falbanka-royal-navy\/#primaryimage"},"image":{"@id":"https:\/\/fluffouterwear.com\/pl\/produkt\/sukienka-z-falbanka-royal-navy\/#primaryimage"},"thumbnailUrl":"https:\/\/fluffouterwear.com\/wp-content\/uploads\/2025\/03\/damska-sukienka-hiszpanka-navy.jpg","datePublished":"2025-04-23T07:19:35+00:00","dateModified":"2026-04-04T10:48:39+00:00","breadcrumb":{"@id":"https:\/\/fluffouterwear.com\/pl\/produkt\/sukienka-z-falbanka-royal-navy\/#breadcrumb"},"inLanguage":"pl-PL","potentialAction":[{"@type":"ReadAction","target":["https:\/\/fluffouterwear.com\/pl\/produkt\/sukienka-z-falbanka-royal-navy\/"]}]},{"@type":"ImageObject","inLanguage":"pl-PL","@id":"https:\/\/fluffouterwear.com\/pl\/produkt\/sukienka-z-falbanka-royal-navy\/#primaryimage","url":"https:\/\/fluffouterwear.com\/wp-content\/uploads\/2025\/03\/damska-sukienka-hiszpanka-navy.jpg","contentUrl":"https:\/\/fluffouterwear.com\/wp-content\/uploads\/2025\/03\/damska-sukienka-hiszpanka-navy.jpg","width":1185,"height":1310},{"@type":"BreadcrumbList","@id":"https:\/\/fluffouterwear.com\/pl\/produkt\/sukienka-z-falbanka-royal-navy\/#breadcrumb","itemListElement":[{"@type":"ListItem","position":1,"name":"Strona g\u0142\u00f3wna","item":"https:\/\/fluffouterwear.com\/pl\/"},{"@type":"ListItem","position":2,"name":"Sklep","item":"https:\/\/fluffouterwear.com\/pl\/sklep\/"},{"@type":"ListItem","position":3,"name":"Sukienka z falbank\u0105 Royal Navy"}]},{"@type":"WebSite","@id":"https:\/\/fluffouterwear.com\/pl\/#website","url":"https:\/\/fluffouterwear.com\/pl\/","name":"Fluff","description":"","potentialAction":[{"@type":"SearchAction","target":{"@type":"EntryPoint","urlTemplate":"https:\/\/fluffouterwear.com\/pl\/?s={search_term_string}"},"query-input":{"@type":"PropertyValueSpecification","valueRequired":true,"valueName":"search_term_string"}}],"inLanguage":"pl-PL"}]}},"_links":{"self":[{"href":"https:\/\/fluffouterwear.com\/pl\/wp-json\/wp\/v2\/product\/101841","targetHints":{"allow":["GET"]}}],"collection":[{"href":"https:\/\/fluffouterwear.com\/pl\/wp-json\/wp\/v2\/product"}],"about":[{"href":"https:\/\/fluffouterwear.com\/pl\/wp-json\/wp\/v2\/types\/product"}],"replies":[{"embeddable":true,"href":"https:\/\/fluffouterwear.com\/pl\/wp-json\/wp\/v2\/comments?post=101841"}],"wp:featuredmedia":[{"embeddable":true,"href":"https:\/\/fluffouterwear.com\/pl\/wp-json\/wp\/v2\/media\/101583"}],"wp:attachment":[{"href":"https:\/\/fluffouterwear.com\/pl\/wp-json\/wp\/v2\/media?parent=101841"}],"wp:term":[{"taxonomy":"product_brand","embeddable":true,"href":"https:\/\/fluffouterwear.com\/pl\/wp-json\/wp\/v2\/product_brand?post=101841"},{"taxonomy":"product_cat","embeddable":true,"href":"https:\/\/fluffouterwear.com\/pl\/wp-json\/wp\/v2\/product_cat?post=101841"},{"taxonomy":"product_tag","embeddable":true,"href":"https:\/\/fluffouterwear.com\/pl\/wp-json\/wp\/v2\/product_tag?post=101841"}],"curies":[{"name":"wp","href":"https:\/\/api.w.org\/{rel}","templated":true}]}}