{"id":101868,"date":"2025-03-24T15:32:04","date_gmt":"2025-03-24T14:32:04","guid":{"rendered":"https:\/\/fluffouterwear.com\/?post_type=product&#038;p=101868"},"modified":"2026-04-14T13:32:40","modified_gmt":"2026-04-14T11:32:40","slug":"top-na-sznureczki-pastel-pink","status":"publish","type":"product","link":"https:\/\/fluffouterwear.com\/pl\/produkt\/top-na-sznureczki-pastel-pink\/","title":{"rendered":"Top z wi\u0105zaniem Pastel pink"},"content":{"rendered":"<h4><strong>Lniany top z wi\u0105zaniem<br \/>\n<\/strong><\/h4>\n<p>Ten uroczy &#8211; jednocze\u015bnie prosty i bardzo oryginalny &#8211; <strong>lniany top<\/strong> przebojem wejdzie do Twojej letniej szafy i odmieni charakter niejednej z Twoich stylizacji. Jego fason, cho\u0107 w swojej g\u0142\u00f3wnej postaci klasyczny, zaskakuje ciekawymi rozwi\u0105zaniami.<\/p>\n<p>Po pierwsze, jest nieco skr\u00f3cony, troch\u0119 jak modne niezmiennie od kilku sezon\u00f3w crop topy. Co wi\u0119cej, w topie przewa\u017caj\u0105 zaokr\u0105glone linie: okr\u0105g\u0142y dekolt i wyci\u0119cia r\u0119kaw\u00f3w. I wreszcie &#8211; g\u0142\u00f3wny bohater tego projektu: lu\u017ane wi\u0105zanie na w\u0105skie sznureczki. W zale\u017cno\u015bci od preferencji i pomys\u0142u na ca\u0142o\u015b\u0107 stylizacji,<strong> wi\u0105zanie mo\u017cesz nosi\u0107 z przodu albo z ty\u0142u<\/strong>, zebrane lu\u017aniej b\u0105d\u017a \u015bci\u015blej &#8211; nie ma tu z\u0142ych rozwi\u0105za\u0144, decyzja nale\u017cy do Ciebie. Ten <strong>stylowy top<\/strong> z <strong>100% lnu<\/strong> jest dost\u0119pny w dw\u00f3ch kolorach: granatowym i r\u00f3\u017cowym.<\/p>\n","protected":false},"excerpt":{"rendered":"<p>Lniany top z wi\u0105zaniem Ten uroczy &#8211; jednocze\u015bnie prosty i bardzo oryginalny &#8211; lniany top przebojem wejdzie do Twojej letniej szafy i odmieni charakter niejednej z Twoich stylizacji. Jego fason, cho\u0107 w swojej g\u0142\u00f3wnej postaci klasyczny, zaskakuje ciekawymi rozwi\u0105zaniami. Po pierwsze, jest nieco skr\u00f3cony, troch\u0119 jak modne niezmiennie od kilku sezon\u00f3w crop topy. Co wi\u0119cej, [&#8230;]\n","protected":false},"featured_media":101587,"comment_status":"closed","ping_status":"closed","template":"","meta":{"_acf_changed":false},"product_brand":[],"product_cat":[382,1064],"product_tag":[],"class_list":{"0":"post-101868","1":"product","2":"type-product","3":"status-publish","4":"has-post-thumbnail","6":"product_cat-outlet-pl","7":"product_cat-kobieta-pl","9":"first","10":"instock","11":"sale","12":"shipping-taxable","13":"purchasable","14":"product-type-variable"},"acf":[],"yoast_head":"<!-- This site is optimized with the Yoast SEO plugin v27.0 - https:\/\/yoast.com\/product\/yoast-seo-wordpress\/ -->\n<title>Top z wi\u0105zaniem Pastel pink - Fluff<\/title>\n<meta name=\"robots\" content=\"index, follow, max-snippet:-1, max-image-preview:large, max-video-preview:-1\" \/>\n<link rel=\"canonical\" href=\"https:\/\/fluffouterwear.com\/pl\/produkt\/top-na-sznureczki-pastel-pink\/\" \/>\n<meta property=\"og:locale\" content=\"pl_PL\" \/>\n<meta property=\"og:type\" content=\"article\" \/>\n<meta property=\"og:title\" content=\"Top z wi\u0105zaniem Pastel pink - Fluff\" \/>\n<meta property=\"og:description\" content=\"Lniany top z wi\u0105zaniem Ten uroczy &#8211; jednocze\u015bnie prosty i bardzo oryginalny &#8211; lniany top przebojem wejdzie do Twojej letniej szafy i odmieni charakter niejednej z Twoich stylizacji. Jego fason, cho\u0107 w swojej g\u0142\u00f3wnej postaci klasyczny, zaskakuje ciekawymi rozwi\u0105zaniami. Po pierwsze, jest nieco skr\u00f3cony, troch\u0119 jak modne niezmiennie od kilku sezon\u00f3w crop topy. Co wi\u0119cej, [...]\" \/>\n<meta property=\"og:url\" content=\"https:\/\/fluffouterwear.com\/pl\/produkt\/top-na-sznureczki-pastel-pink\/\" \/>\n<meta property=\"og:site_name\" content=\"Fluff\" \/>\n<meta property=\"article:modified_time\" content=\"2026-04-14T11:32:40+00:00\" \/>\n<meta property=\"og:image\" content=\"https:\/\/fluffouterwear.com\/wp-content\/uploads\/2025\/03\/damski-top-wiazany-pink.jpg\" \/>\n\t<meta property=\"og:image:width\" content=\"1185\" \/>\n\t<meta property=\"og:image:height\" content=\"1310\" \/>\n\t<meta property=\"og:image:type\" content=\"image\/jpeg\" \/>\n<meta name=\"twitter:card\" content=\"summary_large_image\" \/>\n<meta name=\"twitter:label1\" content=\"Szacowany czas czytania\" \/>\n\t<meta name=\"twitter:data1\" content=\"1 minuta\" \/>\n<script type=\"application\/ld+json\" class=\"yoast-schema-graph\">{\"@context\":\"https:\/\/schema.org\",\"@graph\":[{\"@type\":\"WebPage\",\"@id\":\"https:\/\/fluffouterwear.com\/pl\/produkt\/top-na-sznureczki-pastel-pink\/\",\"url\":\"https:\/\/fluffouterwear.com\/pl\/produkt\/top-na-sznureczki-pastel-pink\/\",\"name\":\"Top z wi\u0105zaniem Pastel pink - Fluff\",\"isPartOf\":{\"@id\":\"https:\/\/fluffouterwear.com\/pl\/#website\"},\"primaryImageOfPage\":{\"@id\":\"https:\/\/fluffouterwear.com\/pl\/produkt\/top-na-sznureczki-pastel-pink\/#primaryimage\"},\"image\":{\"@id\":\"https:\/\/fluffouterwear.com\/pl\/produkt\/top-na-sznureczki-pastel-pink\/#primaryimage\"},\"thumbnailUrl\":\"https:\/\/fluffouterwear.com\/wp-content\/uploads\/2025\/03\/damski-top-wiazany-pink.jpg\",\"datePublished\":\"2025-03-24T14:32:04+00:00\",\"dateModified\":\"2026-04-14T11:32:40+00:00\",\"breadcrumb\":{\"@id\":\"https:\/\/fluffouterwear.com\/pl\/produkt\/top-na-sznureczki-pastel-pink\/#breadcrumb\"},\"inLanguage\":\"pl-PL\",\"potentialAction\":[{\"@type\":\"ReadAction\",\"target\":[\"https:\/\/fluffouterwear.com\/pl\/produkt\/top-na-sznureczki-pastel-pink\/\"]}]},{\"@type\":\"ImageObject\",\"inLanguage\":\"pl-PL\",\"@id\":\"https:\/\/fluffouterwear.com\/pl\/produkt\/top-na-sznureczki-pastel-pink\/#primaryimage\",\"url\":\"https:\/\/fluffouterwear.com\/wp-content\/uploads\/2025\/03\/damski-top-wiazany-pink.jpg\",\"contentUrl\":\"https:\/\/fluffouterwear.com\/wp-content\/uploads\/2025\/03\/damski-top-wiazany-pink.jpg\",\"width\":1185,\"height\":1310},{\"@type\":\"BreadcrumbList\",\"@id\":\"https:\/\/fluffouterwear.com\/pl\/produkt\/top-na-sznureczki-pastel-pink\/#breadcrumb\",\"itemListElement\":[{\"@type\":\"ListItem\",\"position\":1,\"name\":\"Strona g\u0142\u00f3wna\",\"item\":\"https:\/\/fluffouterwear.com\/pl\/\"},{\"@type\":\"ListItem\",\"position\":2,\"name\":\"Sklep\",\"item\":\"https:\/\/fluffouterwear.com\/pl\/sklep\/\"},{\"@type\":\"ListItem\",\"position\":3,\"name\":\"Top z wi\u0105zaniem Pastel pink\"}]},{\"@type\":\"WebSite\",\"@id\":\"https:\/\/fluffouterwear.com\/pl\/#website\",\"url\":\"https:\/\/fluffouterwear.com\/pl\/\",\"name\":\"Fluff\",\"description\":\"\",\"potentialAction\":[{\"@type\":\"SearchAction\",\"target\":{\"@type\":\"EntryPoint\",\"urlTemplate\":\"https:\/\/fluffouterwear.com\/pl\/?s={search_term_string}\"},\"query-input\":{\"@type\":\"PropertyValueSpecification\",\"valueRequired\":true,\"valueName\":\"search_term_string\"}}],\"inLanguage\":\"pl-PL\"}]}<\/script>\n<!-- \/ Yoast SEO plugin. -->","yoast_head_json":{"title":"Top z wi\u0105zaniem Pastel pink - Fluff","robots":{"index":"index","follow":"follow","max-snippet":"max-snippet:-1","max-image-preview":"max-image-preview:large","max-video-preview":"max-video-preview:-1"},"canonical":"https:\/\/fluffouterwear.com\/pl\/produkt\/top-na-sznureczki-pastel-pink\/","og_locale":"pl_PL","og_type":"article","og_title":"Top z wi\u0105zaniem Pastel pink - Fluff","og_description":"Lniany top z wi\u0105zaniem Ten uroczy &#8211; jednocze\u015bnie prosty i bardzo oryginalny &#8211; lniany top przebojem wejdzie do Twojej letniej szafy i odmieni charakter niejednej z Twoich stylizacji. Jego fason, cho\u0107 w swojej g\u0142\u00f3wnej postaci klasyczny, zaskakuje ciekawymi rozwi\u0105zaniami. Po pierwsze, jest nieco skr\u00f3cony, troch\u0119 jak modne niezmiennie od kilku sezon\u00f3w crop topy. Co wi\u0119cej, [...]","og_url":"https:\/\/fluffouterwear.com\/pl\/produkt\/top-na-sznureczki-pastel-pink\/","og_site_name":"Fluff","article_modified_time":"2026-04-14T11:32:40+00:00","og_image":[{"width":1185,"height":1310,"url":"https:\/\/fluffouterwear.com\/wp-content\/uploads\/2025\/03\/damski-top-wiazany-pink.jpg","type":"image\/jpeg"}],"twitter_card":"summary_large_image","twitter_misc":{"Szacowany czas czytania":"1 minuta"},"schema":{"@context":"https:\/\/schema.org","@graph":[{"@type":"WebPage","@id":"https:\/\/fluffouterwear.com\/pl\/produkt\/top-na-sznureczki-pastel-pink\/","url":"https:\/\/fluffouterwear.com\/pl\/produkt\/top-na-sznureczki-pastel-pink\/","name":"Top z wi\u0105zaniem Pastel pink - Fluff","isPartOf":{"@id":"https:\/\/fluffouterwear.com\/pl\/#website"},"primaryImageOfPage":{"@id":"https:\/\/fluffouterwear.com\/pl\/produkt\/top-na-sznureczki-pastel-pink\/#primaryimage"},"image":{"@id":"https:\/\/fluffouterwear.com\/pl\/produkt\/top-na-sznureczki-pastel-pink\/#primaryimage"},"thumbnailUrl":"https:\/\/fluffouterwear.com\/wp-content\/uploads\/2025\/03\/damski-top-wiazany-pink.jpg","datePublished":"2025-03-24T14:32:04+00:00","dateModified":"2026-04-14T11:32:40+00:00","breadcrumb":{"@id":"https:\/\/fluffouterwear.com\/pl\/produkt\/top-na-sznureczki-pastel-pink\/#breadcrumb"},"inLanguage":"pl-PL","potentialAction":[{"@type":"ReadAction","target":["https:\/\/fluffouterwear.com\/pl\/produkt\/top-na-sznureczki-pastel-pink\/"]}]},{"@type":"ImageObject","inLanguage":"pl-PL","@id":"https:\/\/fluffouterwear.com\/pl\/produkt\/top-na-sznureczki-pastel-pink\/#primaryimage","url":"https:\/\/fluffouterwear.com\/wp-content\/uploads\/2025\/03\/damski-top-wiazany-pink.jpg","contentUrl":"https:\/\/fluffouterwear.com\/wp-content\/uploads\/2025\/03\/damski-top-wiazany-pink.jpg","width":1185,"height":1310},{"@type":"BreadcrumbList","@id":"https:\/\/fluffouterwear.com\/pl\/produkt\/top-na-sznureczki-pastel-pink\/#breadcrumb","itemListElement":[{"@type":"ListItem","position":1,"name":"Strona g\u0142\u00f3wna","item":"https:\/\/fluffouterwear.com\/pl\/"},{"@type":"ListItem","position":2,"name":"Sklep","item":"https:\/\/fluffouterwear.com\/pl\/sklep\/"},{"@type":"ListItem","position":3,"name":"Top z wi\u0105zaniem Pastel pink"}]},{"@type":"WebSite","@id":"https:\/\/fluffouterwear.com\/pl\/#website","url":"https:\/\/fluffouterwear.com\/pl\/","name":"Fluff","description":"","potentialAction":[{"@type":"SearchAction","target":{"@type":"EntryPoint","urlTemplate":"https:\/\/fluffouterwear.com\/pl\/?s={search_term_string}"},"query-input":{"@type":"PropertyValueSpecification","valueRequired":true,"valueName":"search_term_string"}}],"inLanguage":"pl-PL"}]}},"_links":{"self":[{"href":"https:\/\/fluffouterwear.com\/pl\/wp-json\/wp\/v2\/product\/101868","targetHints":{"allow":["GET"]}}],"collection":[{"href":"https:\/\/fluffouterwear.com\/pl\/wp-json\/wp\/v2\/product"}],"about":[{"href":"https:\/\/fluffouterwear.com\/pl\/wp-json\/wp\/v2\/types\/product"}],"replies":[{"embeddable":true,"href":"https:\/\/fluffouterwear.com\/pl\/wp-json\/wp\/v2\/comments?post=101868"}],"wp:featuredmedia":[{"embeddable":true,"href":"https:\/\/fluffouterwear.com\/pl\/wp-json\/wp\/v2\/media\/101587"}],"wp:attachment":[{"href":"https:\/\/fluffouterwear.com\/pl\/wp-json\/wp\/v2\/media?parent=101868"}],"wp:term":[{"taxonomy":"product_brand","embeddable":true,"href":"https:\/\/fluffouterwear.com\/pl\/wp-json\/wp\/v2\/product_brand?post=101868"},{"taxonomy":"product_cat","embeddable":true,"href":"https:\/\/fluffouterwear.com\/pl\/wp-json\/wp\/v2\/product_cat?post=101868"},{"taxonomy":"product_tag","embeddable":true,"href":"https:\/\/fluffouterwear.com\/pl\/wp-json\/wp\/v2\/product_tag?post=101868"}],"curies":[{"name":"wp","href":"https:\/\/api.w.org\/{rel}","templated":true}]}}