{"id":101891,"date":"2025-04-23T09:19:50","date_gmt":"2025-04-23T07:19:50","guid":{"rendered":"https:\/\/fluffouterwear.com\/?post_type=product&#038;p=101891"},"modified":"2026-04-03T23:08:58","modified_gmt":"2026-04-03T21:08:58","slug":"t-shirt-oversize-light-beige","status":"publish","type":"product","link":"https:\/\/fluffouterwear.com\/pl\/produkt\/t-shirt-oversize-light-beige\/","title":{"rendered":"T-shirt oversize Light beige"},"content":{"rendered":"<h4><strong>Koszulka z kr\u00f3tkim r\u0119kawem oversize<\/strong><\/h4>\n<p>Ten przed\u0142u\u017cany, si\u0119gaj\u0105cy a\u017c do ud wiskozowy <strong>t-shirt oversize<\/strong> w ciep\u0142ym be\u017cowo-piaskowym odcieniu udowadnia, \u017ce si\u0142a tkwi w prostocie. To typowy basic, kt\u00f3ry mo\u017ce stanowi\u0107 idealn\u0105 baz\u0119 dla przer\u00f3\u017cnych modowych kompozycji, ale nie oznacza to wcale, \u017ce innym elementom Twojej garderoby \u0142atwo b\u0119dzie go przy\u0107mi\u0107.<\/p>\n<p><strong>T-shirt<\/strong> ten wyr\u00f3\u017cnia przede wszystkim przed\u0142u\u017cany fason, kt\u00f3ry \u015bwietnie dopasowuje si\u0119 do r\u00f3\u017cnych typ\u00f3w sylwetki. Bardzo ciekawie wygl\u0105da\u0107 b\u0119dzie zw\u0142aszcza w nowoczesnych oversize\u2019owych stylizacjach, np. w po\u0142\u0105czeniu ze sp\u00f3dnic\u0105 maxi czy d\u0142ugimi, szerokimi spodniami. W projekcie tym wzrok przyci\u0105ga tak\u017ce elegancki <strong>dekolt V<\/strong>, kt\u00f3ry optycznie wyd\u0142u\u017ca szyj\u0119 i wysmukla sylwetk\u0119.<\/p>\n","protected":false},"excerpt":{"rendered":"<p>Koszulka z kr\u00f3tkim r\u0119kawem oversize Ten przed\u0142u\u017cany, si\u0119gaj\u0105cy a\u017c do ud wiskozowy t-shirt oversize w ciep\u0142ym be\u017cowo-piaskowym odcieniu udowadnia, \u017ce si\u0142a tkwi w prostocie. To typowy basic, kt\u00f3ry mo\u017ce stanowi\u0107 idealn\u0105 baz\u0119 dla przer\u00f3\u017cnych modowych kompozycji, ale nie oznacza to wcale, \u017ce innym elementom Twojej garderoby \u0142atwo b\u0119dzie go przy\u0107mi\u0107. T-shirt ten wyr\u00f3\u017cnia przede wszystkim [&#8230;]\n","protected":false},"featured_media":101575,"comment_status":"closed","ping_status":"closed","template":"","meta":{"_acf_changed":false},"product_brand":[],"product_cat":[382,1064],"product_tag":[],"class_list":{"0":"post-101891","1":"product","2":"type-product","3":"status-publish","4":"has-post-thumbnail","6":"product_cat-outlet-pl","7":"product_cat-kobieta-pl","9":"first","10":"instock","11":"sale","12":"shipping-taxable","13":"purchasable","14":"product-type-variable"},"acf":[],"yoast_head":"<!-- This site is optimized with the Yoast SEO plugin v27.0 - https:\/\/yoast.com\/product\/yoast-seo-wordpress\/ -->\n<title>T-shirt oversize Light beige - Fluff<\/title>\n<meta name=\"robots\" content=\"index, follow, max-snippet:-1, max-image-preview:large, max-video-preview:-1\" \/>\n<link rel=\"canonical\" href=\"https:\/\/fluffouterwear.com\/pl\/produkt\/t-shirt-oversize-light-beige\/\" \/>\n<meta property=\"og:locale\" content=\"pl_PL\" \/>\n<meta property=\"og:type\" content=\"article\" \/>\n<meta property=\"og:title\" content=\"T-shirt oversize Light beige - Fluff\" \/>\n<meta property=\"og:description\" content=\"Koszulka z kr\u00f3tkim r\u0119kawem oversize Ten przed\u0142u\u017cany, si\u0119gaj\u0105cy a\u017c do ud wiskozowy t-shirt oversize w ciep\u0142ym be\u017cowo-piaskowym odcieniu udowadnia, \u017ce si\u0142a tkwi w prostocie. To typowy basic, kt\u00f3ry mo\u017ce stanowi\u0107 idealn\u0105 baz\u0119 dla przer\u00f3\u017cnych modowych kompozycji, ale nie oznacza to wcale, \u017ce innym elementom Twojej garderoby \u0142atwo b\u0119dzie go przy\u0107mi\u0107. T-shirt ten wyr\u00f3\u017cnia przede wszystkim [...]\" \/>\n<meta property=\"og:url\" content=\"https:\/\/fluffouterwear.com\/pl\/produkt\/t-shirt-oversize-light-beige\/\" \/>\n<meta property=\"og:site_name\" content=\"Fluff\" \/>\n<meta property=\"article:modified_time\" content=\"2026-04-03T21:08:58+00:00\" \/>\n<meta property=\"og:image\" content=\"https:\/\/fluffouterwear.com\/wp-content\/uploads\/2025\/03\/damski-t-shirt-v-neck-beige.jpg\" \/>\n\t<meta property=\"og:image:width\" content=\"1185\" \/>\n\t<meta property=\"og:image:height\" content=\"1310\" \/>\n\t<meta property=\"og:image:type\" content=\"image\/jpeg\" \/>\n<meta name=\"twitter:card\" content=\"summary_large_image\" \/>\n<meta name=\"twitter:label1\" content=\"Szacowany czas czytania\" \/>\n\t<meta name=\"twitter:data1\" content=\"1 minuta\" \/>\n<script type=\"application\/ld+json\" class=\"yoast-schema-graph\">{\"@context\":\"https:\/\/schema.org\",\"@graph\":[{\"@type\":\"WebPage\",\"@id\":\"https:\/\/fluffouterwear.com\/pl\/produkt\/t-shirt-oversize-light-beige\/\",\"url\":\"https:\/\/fluffouterwear.com\/pl\/produkt\/t-shirt-oversize-light-beige\/\",\"name\":\"T-shirt oversize Light beige - Fluff\",\"isPartOf\":{\"@id\":\"https:\/\/fluffouterwear.com\/pl\/#website\"},\"primaryImageOfPage\":{\"@id\":\"https:\/\/fluffouterwear.com\/pl\/produkt\/t-shirt-oversize-light-beige\/#primaryimage\"},\"image\":{\"@id\":\"https:\/\/fluffouterwear.com\/pl\/produkt\/t-shirt-oversize-light-beige\/#primaryimage\"},\"thumbnailUrl\":\"https:\/\/fluffouterwear.com\/wp-content\/uploads\/2025\/03\/damski-t-shirt-v-neck-beige.jpg\",\"datePublished\":\"2025-04-23T07:19:50+00:00\",\"dateModified\":\"2026-04-03T21:08:58+00:00\",\"breadcrumb\":{\"@id\":\"https:\/\/fluffouterwear.com\/pl\/produkt\/t-shirt-oversize-light-beige\/#breadcrumb\"},\"inLanguage\":\"pl-PL\",\"potentialAction\":[{\"@type\":\"ReadAction\",\"target\":[\"https:\/\/fluffouterwear.com\/pl\/produkt\/t-shirt-oversize-light-beige\/\"]}]},{\"@type\":\"ImageObject\",\"inLanguage\":\"pl-PL\",\"@id\":\"https:\/\/fluffouterwear.com\/pl\/produkt\/t-shirt-oversize-light-beige\/#primaryimage\",\"url\":\"https:\/\/fluffouterwear.com\/wp-content\/uploads\/2025\/03\/damski-t-shirt-v-neck-beige.jpg\",\"contentUrl\":\"https:\/\/fluffouterwear.com\/wp-content\/uploads\/2025\/03\/damski-t-shirt-v-neck-beige.jpg\",\"width\":1185,\"height\":1310},{\"@type\":\"BreadcrumbList\",\"@id\":\"https:\/\/fluffouterwear.com\/pl\/produkt\/t-shirt-oversize-light-beige\/#breadcrumb\",\"itemListElement\":[{\"@type\":\"ListItem\",\"position\":1,\"name\":\"Strona g\u0142\u00f3wna\",\"item\":\"https:\/\/fluffouterwear.com\/pl\/\"},{\"@type\":\"ListItem\",\"position\":2,\"name\":\"Sklep\",\"item\":\"https:\/\/fluffouterwear.com\/pl\/sklep\/\"},{\"@type\":\"ListItem\",\"position\":3,\"name\":\"T-shirt oversize Light beige\"}]},{\"@type\":\"WebSite\",\"@id\":\"https:\/\/fluffouterwear.com\/pl\/#website\",\"url\":\"https:\/\/fluffouterwear.com\/pl\/\",\"name\":\"Fluff\",\"description\":\"\",\"potentialAction\":[{\"@type\":\"SearchAction\",\"target\":{\"@type\":\"EntryPoint\",\"urlTemplate\":\"https:\/\/fluffouterwear.com\/pl\/?s={search_term_string}\"},\"query-input\":{\"@type\":\"PropertyValueSpecification\",\"valueRequired\":true,\"valueName\":\"search_term_string\"}}],\"inLanguage\":\"pl-PL\"}]}<\/script>\n<!-- \/ Yoast SEO plugin. -->","yoast_head_json":{"title":"T-shirt oversize Light beige - Fluff","robots":{"index":"index","follow":"follow","max-snippet":"max-snippet:-1","max-image-preview":"max-image-preview:large","max-video-preview":"max-video-preview:-1"},"canonical":"https:\/\/fluffouterwear.com\/pl\/produkt\/t-shirt-oversize-light-beige\/","og_locale":"pl_PL","og_type":"article","og_title":"T-shirt oversize Light beige - Fluff","og_description":"Koszulka z kr\u00f3tkim r\u0119kawem oversize Ten przed\u0142u\u017cany, si\u0119gaj\u0105cy a\u017c do ud wiskozowy t-shirt oversize w ciep\u0142ym be\u017cowo-piaskowym odcieniu udowadnia, \u017ce si\u0142a tkwi w prostocie. To typowy basic, kt\u00f3ry mo\u017ce stanowi\u0107 idealn\u0105 baz\u0119 dla przer\u00f3\u017cnych modowych kompozycji, ale nie oznacza to wcale, \u017ce innym elementom Twojej garderoby \u0142atwo b\u0119dzie go przy\u0107mi\u0107. T-shirt ten wyr\u00f3\u017cnia przede wszystkim [...]","og_url":"https:\/\/fluffouterwear.com\/pl\/produkt\/t-shirt-oversize-light-beige\/","og_site_name":"Fluff","article_modified_time":"2026-04-03T21:08:58+00:00","og_image":[{"width":1185,"height":1310,"url":"https:\/\/fluffouterwear.com\/wp-content\/uploads\/2025\/03\/damski-t-shirt-v-neck-beige.jpg","type":"image\/jpeg"}],"twitter_card":"summary_large_image","twitter_misc":{"Szacowany czas czytania":"1 minuta"},"schema":{"@context":"https:\/\/schema.org","@graph":[{"@type":"WebPage","@id":"https:\/\/fluffouterwear.com\/pl\/produkt\/t-shirt-oversize-light-beige\/","url":"https:\/\/fluffouterwear.com\/pl\/produkt\/t-shirt-oversize-light-beige\/","name":"T-shirt oversize Light beige - Fluff","isPartOf":{"@id":"https:\/\/fluffouterwear.com\/pl\/#website"},"primaryImageOfPage":{"@id":"https:\/\/fluffouterwear.com\/pl\/produkt\/t-shirt-oversize-light-beige\/#primaryimage"},"image":{"@id":"https:\/\/fluffouterwear.com\/pl\/produkt\/t-shirt-oversize-light-beige\/#primaryimage"},"thumbnailUrl":"https:\/\/fluffouterwear.com\/wp-content\/uploads\/2025\/03\/damski-t-shirt-v-neck-beige.jpg","datePublished":"2025-04-23T07:19:50+00:00","dateModified":"2026-04-03T21:08:58+00:00","breadcrumb":{"@id":"https:\/\/fluffouterwear.com\/pl\/produkt\/t-shirt-oversize-light-beige\/#breadcrumb"},"inLanguage":"pl-PL","potentialAction":[{"@type":"ReadAction","target":["https:\/\/fluffouterwear.com\/pl\/produkt\/t-shirt-oversize-light-beige\/"]}]},{"@type":"ImageObject","inLanguage":"pl-PL","@id":"https:\/\/fluffouterwear.com\/pl\/produkt\/t-shirt-oversize-light-beige\/#primaryimage","url":"https:\/\/fluffouterwear.com\/wp-content\/uploads\/2025\/03\/damski-t-shirt-v-neck-beige.jpg","contentUrl":"https:\/\/fluffouterwear.com\/wp-content\/uploads\/2025\/03\/damski-t-shirt-v-neck-beige.jpg","width":1185,"height":1310},{"@type":"BreadcrumbList","@id":"https:\/\/fluffouterwear.com\/pl\/produkt\/t-shirt-oversize-light-beige\/#breadcrumb","itemListElement":[{"@type":"ListItem","position":1,"name":"Strona g\u0142\u00f3wna","item":"https:\/\/fluffouterwear.com\/pl\/"},{"@type":"ListItem","position":2,"name":"Sklep","item":"https:\/\/fluffouterwear.com\/pl\/sklep\/"},{"@type":"ListItem","position":3,"name":"T-shirt oversize Light beige"}]},{"@type":"WebSite","@id":"https:\/\/fluffouterwear.com\/pl\/#website","url":"https:\/\/fluffouterwear.com\/pl\/","name":"Fluff","description":"","potentialAction":[{"@type":"SearchAction","target":{"@type":"EntryPoint","urlTemplate":"https:\/\/fluffouterwear.com\/pl\/?s={search_term_string}"},"query-input":{"@type":"PropertyValueSpecification","valueRequired":true,"valueName":"search_term_string"}}],"inLanguage":"pl-PL"}]}},"_links":{"self":[{"href":"https:\/\/fluffouterwear.com\/pl\/wp-json\/wp\/v2\/product\/101891","targetHints":{"allow":["GET"]}}],"collection":[{"href":"https:\/\/fluffouterwear.com\/pl\/wp-json\/wp\/v2\/product"}],"about":[{"href":"https:\/\/fluffouterwear.com\/pl\/wp-json\/wp\/v2\/types\/product"}],"replies":[{"embeddable":true,"href":"https:\/\/fluffouterwear.com\/pl\/wp-json\/wp\/v2\/comments?post=101891"}],"wp:featuredmedia":[{"embeddable":true,"href":"https:\/\/fluffouterwear.com\/pl\/wp-json\/wp\/v2\/media\/101575"}],"wp:attachment":[{"href":"https:\/\/fluffouterwear.com\/pl\/wp-json\/wp\/v2\/media?parent=101891"}],"wp:term":[{"taxonomy":"product_brand","embeddable":true,"href":"https:\/\/fluffouterwear.com\/pl\/wp-json\/wp\/v2\/product_brand?post=101891"},{"taxonomy":"product_cat","embeddable":true,"href":"https:\/\/fluffouterwear.com\/pl\/wp-json\/wp\/v2\/product_cat?post=101891"},{"taxonomy":"product_tag","embeddable":true,"href":"https:\/\/fluffouterwear.com\/pl\/wp-json\/wp\/v2\/product_tag?post=101891"}],"curies":[{"name":"wp","href":"https:\/\/api.w.org\/{rel}","templated":true}]}}