{"id":102045,"date":"2025-03-26T13:15:50","date_gmt":"2025-03-26T12:15:50","guid":{"rendered":"https:\/\/fluffouterwear.com\/?post_type=product&#038;p=102045"},"modified":"2026-04-21T08:21:59","modified_gmt":"2026-04-21T06:21:59","slug":"koszulka-czarna-basic","status":"publish","type":"product","link":"https:\/\/fluffouterwear.com\/pl\/produkt\/koszulka-czarna-basic\/","title":{"rendered":"T-shirt Black"},"content":{"rendered":"<h4><strong>Koszulka z kr\u00f3tkim r\u0119kawem<\/strong><\/h4>\n<p>Niekt\u00f3re kroje i fasony po prostu trzeba mie\u0107 w swojej szafie, co wi\u0119cej &#8211; nigdy nie ma si\u0119 ich wystarczaj\u0105co du\u017co. Ten <strong>klasyczny, czarny T-shirt<\/strong> <strong>z dekoltem V<\/strong> i lu\u017anymi r\u0119kawkami to bez w\u0105tpienia idealny przyk\u0142ad takiej cz\u0119\u015bci garderoby. Uszyty zosta\u0142 z wysokiej jako\u015bci 100% wiskozy, dzi\u0119ki czemu jest przewiewny, \u0142adnie uk\u0142ada si\u0119 na sylwetce i bardzo przyjemnie si\u0119 nosi.<\/p>\n<p>To typowy mi\u0119dzysezonowy basic, kt\u00f3ry doskonale sprawdza si\u0119 zar\u00f3wno w wersji solo, jak i w przer\u00f3\u017cnych kompozycjach i zestawach. Klasyczny <strong>czarny T-shirt<\/strong> mo\u017cesz nosi\u0107, z czym tylko chcesz: z d\u0142ugimi spodniami, z lu\u017anymi szortami, z eleganck\u0105 o\u0142\u00f3wkow\u0105 sp\u00f3dnic\u0105, z szerok\u0105 sp\u00f3dnic\u0105 w stylu boho, a nawet &#8211; nawi\u0105zuj\u0105c do stylu lat 90. &#8211; z prostymi sukienkami na rami\u0105czkach.<\/p>\n","protected":false},"excerpt":{"rendered":"<p>Koszulka z kr\u00f3tkim r\u0119kawem Niekt\u00f3re kroje i fasony po prostu trzeba mie\u0107 w swojej szafie, co wi\u0119cej &#8211; nigdy nie ma si\u0119 ich wystarczaj\u0105co du\u017co. Ten klasyczny, czarny T-shirt z dekoltem V i lu\u017anymi r\u0119kawkami to bez w\u0105tpienia idealny przyk\u0142ad takiej cz\u0119\u015bci garderoby. Uszyty zosta\u0142 z wysokiej jako\u015bci 100% wiskozy, dzi\u0119ki czemu jest przewiewny, \u0142adnie [&#8230;]\n","protected":false},"featured_media":101611,"comment_status":"closed","ping_status":"closed","template":"","meta":{"_acf_changed":false},"product_brand":[],"product_cat":[382,1064],"product_tag":[],"class_list":{"0":"post-102045","1":"product","2":"type-product","3":"status-publish","4":"has-post-thumbnail","6":"product_cat-outlet-pl","7":"product_cat-kobieta-pl","9":"first","10":"instock","11":"sale","12":"shipping-taxable","13":"purchasable","14":"product-type-variable"},"acf":[],"yoast_head":"<!-- This site is optimized with the Yoast SEO plugin v27.0 - https:\/\/yoast.com\/product\/yoast-seo-wordpress\/ -->\n<title>T-shirt Black - Fluff<\/title>\n<meta name=\"robots\" content=\"index, follow, max-snippet:-1, max-image-preview:large, max-video-preview:-1\" \/>\n<link rel=\"canonical\" href=\"https:\/\/fluffouterwear.com\/pl\/produkt\/koszulka-czarna-basic\/\" \/>\n<meta property=\"og:locale\" content=\"pl_PL\" \/>\n<meta property=\"og:type\" content=\"article\" \/>\n<meta property=\"og:title\" content=\"T-shirt Black - Fluff\" \/>\n<meta property=\"og:description\" content=\"Koszulka z kr\u00f3tkim r\u0119kawem Niekt\u00f3re kroje i fasony po prostu trzeba mie\u0107 w swojej szafie, co wi\u0119cej &#8211; nigdy nie ma si\u0119 ich wystarczaj\u0105co du\u017co. Ten klasyczny, czarny T-shirt z dekoltem V i lu\u017anymi r\u0119kawkami to bez w\u0105tpienia idealny przyk\u0142ad takiej cz\u0119\u015bci garderoby. Uszyty zosta\u0142 z wysokiej jako\u015bci 100% wiskozy, dzi\u0119ki czemu jest przewiewny, \u0142adnie [...]\" \/>\n<meta property=\"og:url\" content=\"https:\/\/fluffouterwear.com\/pl\/produkt\/koszulka-czarna-basic\/\" \/>\n<meta property=\"og:site_name\" content=\"Fluff\" \/>\n<meta property=\"article:modified_time\" content=\"2026-04-21T06:21:59+00:00\" \/>\n<meta property=\"og:image\" content=\"https:\/\/fluffouterwear.com\/wp-content\/uploads\/2025\/03\/damski-t-shirt-basic-black.jpg\" \/>\n\t<meta property=\"og:image:width\" content=\"1185\" \/>\n\t<meta property=\"og:image:height\" content=\"1310\" \/>\n\t<meta property=\"og:image:type\" content=\"image\/jpeg\" \/>\n<meta name=\"twitter:card\" content=\"summary_large_image\" \/>\n<meta name=\"twitter:label1\" content=\"Szacowany czas czytania\" \/>\n\t<meta name=\"twitter:data1\" content=\"1 minuta\" \/>\n<script type=\"application\/ld+json\" class=\"yoast-schema-graph\">{\"@context\":\"https:\/\/schema.org\",\"@graph\":[{\"@type\":\"WebPage\",\"@id\":\"https:\/\/fluffouterwear.com\/pl\/produkt\/koszulka-czarna-basic\/\",\"url\":\"https:\/\/fluffouterwear.com\/pl\/produkt\/koszulka-czarna-basic\/\",\"name\":\"T-shirt Black - Fluff\",\"isPartOf\":{\"@id\":\"https:\/\/fluffouterwear.com\/pl\/#website\"},\"primaryImageOfPage\":{\"@id\":\"https:\/\/fluffouterwear.com\/pl\/produkt\/koszulka-czarna-basic\/#primaryimage\"},\"image\":{\"@id\":\"https:\/\/fluffouterwear.com\/pl\/produkt\/koszulka-czarna-basic\/#primaryimage\"},\"thumbnailUrl\":\"https:\/\/fluffouterwear.com\/wp-content\/uploads\/2025\/03\/damski-t-shirt-basic-black.jpg\",\"datePublished\":\"2025-03-26T12:15:50+00:00\",\"dateModified\":\"2026-04-21T06:21:59+00:00\",\"breadcrumb\":{\"@id\":\"https:\/\/fluffouterwear.com\/pl\/produkt\/koszulka-czarna-basic\/#breadcrumb\"},\"inLanguage\":\"pl-PL\",\"potentialAction\":[{\"@type\":\"ReadAction\",\"target\":[\"https:\/\/fluffouterwear.com\/pl\/produkt\/koszulka-czarna-basic\/\"]}]},{\"@type\":\"ImageObject\",\"inLanguage\":\"pl-PL\",\"@id\":\"https:\/\/fluffouterwear.com\/pl\/produkt\/koszulka-czarna-basic\/#primaryimage\",\"url\":\"https:\/\/fluffouterwear.com\/wp-content\/uploads\/2025\/03\/damski-t-shirt-basic-black.jpg\",\"contentUrl\":\"https:\/\/fluffouterwear.com\/wp-content\/uploads\/2025\/03\/damski-t-shirt-basic-black.jpg\",\"width\":1185,\"height\":1310,\"caption\":\"T-shirt black\"},{\"@type\":\"BreadcrumbList\",\"@id\":\"https:\/\/fluffouterwear.com\/pl\/produkt\/koszulka-czarna-basic\/#breadcrumb\",\"itemListElement\":[{\"@type\":\"ListItem\",\"position\":1,\"name\":\"Strona g\u0142\u00f3wna\",\"item\":\"https:\/\/fluffouterwear.com\/pl\/\"},{\"@type\":\"ListItem\",\"position\":2,\"name\":\"Sklep\",\"item\":\"https:\/\/fluffouterwear.com\/pl\/sklep\/\"},{\"@type\":\"ListItem\",\"position\":3,\"name\":\"T-shirt Black\"}]},{\"@type\":\"WebSite\",\"@id\":\"https:\/\/fluffouterwear.com\/pl\/#website\",\"url\":\"https:\/\/fluffouterwear.com\/pl\/\",\"name\":\"Fluff\",\"description\":\"\",\"potentialAction\":[{\"@type\":\"SearchAction\",\"target\":{\"@type\":\"EntryPoint\",\"urlTemplate\":\"https:\/\/fluffouterwear.com\/pl\/?s={search_term_string}\"},\"query-input\":{\"@type\":\"PropertyValueSpecification\",\"valueRequired\":true,\"valueName\":\"search_term_string\"}}],\"inLanguage\":\"pl-PL\"}]}<\/script>\n<!-- \/ Yoast SEO plugin. -->","yoast_head_json":{"title":"T-shirt Black - Fluff","robots":{"index":"index","follow":"follow","max-snippet":"max-snippet:-1","max-image-preview":"max-image-preview:large","max-video-preview":"max-video-preview:-1"},"canonical":"https:\/\/fluffouterwear.com\/pl\/produkt\/koszulka-czarna-basic\/","og_locale":"pl_PL","og_type":"article","og_title":"T-shirt Black - Fluff","og_description":"Koszulka z kr\u00f3tkim r\u0119kawem Niekt\u00f3re kroje i fasony po prostu trzeba mie\u0107 w swojej szafie, co wi\u0119cej &#8211; nigdy nie ma si\u0119 ich wystarczaj\u0105co du\u017co. Ten klasyczny, czarny T-shirt z dekoltem V i lu\u017anymi r\u0119kawkami to bez w\u0105tpienia idealny przyk\u0142ad takiej cz\u0119\u015bci garderoby. Uszyty zosta\u0142 z wysokiej jako\u015bci 100% wiskozy, dzi\u0119ki czemu jest przewiewny, \u0142adnie [...]","og_url":"https:\/\/fluffouterwear.com\/pl\/produkt\/koszulka-czarna-basic\/","og_site_name":"Fluff","article_modified_time":"2026-04-21T06:21:59+00:00","og_image":[{"width":1185,"height":1310,"url":"https:\/\/fluffouterwear.com\/wp-content\/uploads\/2025\/03\/damski-t-shirt-basic-black.jpg","type":"image\/jpeg"}],"twitter_card":"summary_large_image","twitter_misc":{"Szacowany czas czytania":"1 minuta"},"schema":{"@context":"https:\/\/schema.org","@graph":[{"@type":"WebPage","@id":"https:\/\/fluffouterwear.com\/pl\/produkt\/koszulka-czarna-basic\/","url":"https:\/\/fluffouterwear.com\/pl\/produkt\/koszulka-czarna-basic\/","name":"T-shirt Black - Fluff","isPartOf":{"@id":"https:\/\/fluffouterwear.com\/pl\/#website"},"primaryImageOfPage":{"@id":"https:\/\/fluffouterwear.com\/pl\/produkt\/koszulka-czarna-basic\/#primaryimage"},"image":{"@id":"https:\/\/fluffouterwear.com\/pl\/produkt\/koszulka-czarna-basic\/#primaryimage"},"thumbnailUrl":"https:\/\/fluffouterwear.com\/wp-content\/uploads\/2025\/03\/damski-t-shirt-basic-black.jpg","datePublished":"2025-03-26T12:15:50+00:00","dateModified":"2026-04-21T06:21:59+00:00","breadcrumb":{"@id":"https:\/\/fluffouterwear.com\/pl\/produkt\/koszulka-czarna-basic\/#breadcrumb"},"inLanguage":"pl-PL","potentialAction":[{"@type":"ReadAction","target":["https:\/\/fluffouterwear.com\/pl\/produkt\/koszulka-czarna-basic\/"]}]},{"@type":"ImageObject","inLanguage":"pl-PL","@id":"https:\/\/fluffouterwear.com\/pl\/produkt\/koszulka-czarna-basic\/#primaryimage","url":"https:\/\/fluffouterwear.com\/wp-content\/uploads\/2025\/03\/damski-t-shirt-basic-black.jpg","contentUrl":"https:\/\/fluffouterwear.com\/wp-content\/uploads\/2025\/03\/damski-t-shirt-basic-black.jpg","width":1185,"height":1310,"caption":"T-shirt black"},{"@type":"BreadcrumbList","@id":"https:\/\/fluffouterwear.com\/pl\/produkt\/koszulka-czarna-basic\/#breadcrumb","itemListElement":[{"@type":"ListItem","position":1,"name":"Strona g\u0142\u00f3wna","item":"https:\/\/fluffouterwear.com\/pl\/"},{"@type":"ListItem","position":2,"name":"Sklep","item":"https:\/\/fluffouterwear.com\/pl\/sklep\/"},{"@type":"ListItem","position":3,"name":"T-shirt Black"}]},{"@type":"WebSite","@id":"https:\/\/fluffouterwear.com\/pl\/#website","url":"https:\/\/fluffouterwear.com\/pl\/","name":"Fluff","description":"","potentialAction":[{"@type":"SearchAction","target":{"@type":"EntryPoint","urlTemplate":"https:\/\/fluffouterwear.com\/pl\/?s={search_term_string}"},"query-input":{"@type":"PropertyValueSpecification","valueRequired":true,"valueName":"search_term_string"}}],"inLanguage":"pl-PL"}]}},"_links":{"self":[{"href":"https:\/\/fluffouterwear.com\/pl\/wp-json\/wp\/v2\/product\/102045","targetHints":{"allow":["GET"]}}],"collection":[{"href":"https:\/\/fluffouterwear.com\/pl\/wp-json\/wp\/v2\/product"}],"about":[{"href":"https:\/\/fluffouterwear.com\/pl\/wp-json\/wp\/v2\/types\/product"}],"replies":[{"embeddable":true,"href":"https:\/\/fluffouterwear.com\/pl\/wp-json\/wp\/v2\/comments?post=102045"}],"wp:featuredmedia":[{"embeddable":true,"href":"https:\/\/fluffouterwear.com\/pl\/wp-json\/wp\/v2\/media\/101611"}],"wp:attachment":[{"href":"https:\/\/fluffouterwear.com\/pl\/wp-json\/wp\/v2\/media?parent=102045"}],"wp:term":[{"taxonomy":"product_brand","embeddable":true,"href":"https:\/\/fluffouterwear.com\/pl\/wp-json\/wp\/v2\/product_brand?post=102045"},{"taxonomy":"product_cat","embeddable":true,"href":"https:\/\/fluffouterwear.com\/pl\/wp-json\/wp\/v2\/product_cat?post=102045"},{"taxonomy":"product_tag","embeddable":true,"href":"https:\/\/fluffouterwear.com\/pl\/wp-json\/wp\/v2\/product_tag?post=102045"}],"curies":[{"name":"wp","href":"https:\/\/api.w.org\/{rel}","templated":true}]}}