{"id":102114,"date":"2025-03-26T14:09:34","date_gmt":"2025-03-26T13:09:34","guid":{"rendered":"https:\/\/fluffouterwear.com\/?post_type=product&#038;p=102114"},"modified":"2026-04-10T14:17:13","modified_gmt":"2026-04-10T12:17:13","slug":"puchowy-bezrekawnik-black","status":"publish","type":"product","link":"https:\/\/fluffouterwear.com\/pl\/produkt\/puchowy-bezrekawnik-black\/","title":{"rendered":"Puchowy bezr\u0119kawnik Black"},"content":{"rendered":"<h4><strong>Bezr\u0119kawnik puchowy dzieci\u0119cy<\/strong><\/h4>\n<p>Lekki <strong>dzieci\u0119cy bezr\u0119kawnik<\/strong> z wysokim, obszernym ko\u0142nierzem i du\u017cymi naszywanymi przednimi kieszeniami zapinanymi na napy to praktyczne i stylowe uzupe\u0142nienie szafy Twojego dziecka o mi\u0119dzysezonowym charakterze. To wielofunkcyjny element garderoby, kt\u00f3ry sprawdzi si\u0119 o ka\u017cdej porze roku &#8211; jako samodzielne okrycie lub dodatkowa warstwa w stylizacjach \u201cna cebulk\u0119\u201d.<\/p>\n<p>Dzi\u0119ki puchowemu wype\u0142nieniu ta uniwersalna <strong>kamizelka<\/strong> zapewnia skuteczn\u0105 ochron\u0119 przed ch\u0142odem, pozostawiaj\u0105c energicznym maluchom pe\u0142n\u0105 swobod\u0119. Bezr\u0119kawnik ma charakter unisex &#8211; prosty fason z szerokim pikowaniem, \u015bci\u0105gaczem u do\u0142u i zapi\u0119cie na zamek os\u0142oni\u0119te listw\u0105 na napy, dost\u0119pny w czterech modnych kolorach, z pewno\u015bci\u0105 spodoba si\u0119 zar\u00f3wno dziewczynkom, jak i ch\u0142opcom.<\/p>\n","protected":false},"excerpt":{"rendered":"<p>Bezr\u0119kawnik puchowy dzieci\u0119cy Lekki dzieci\u0119cy bezr\u0119kawnik z wysokim, obszernym ko\u0142nierzem i du\u017cymi naszywanymi przednimi kieszeniami zapinanymi na napy to praktyczne i stylowe uzupe\u0142nienie szafy Twojego dziecka o mi\u0119dzysezonowym charakterze. To wielofunkcyjny element garderoby, kt\u00f3ry sprawdzi si\u0119 o ka\u017cdej porze roku &#8211; jako samodzielne okrycie lub dodatkowa warstwa w stylizacjach \u201cna cebulk\u0119\u201d. Dzi\u0119ki puchowemu wype\u0142nieniu ta [&#8230;]\n","protected":false},"featured_media":102233,"comment_status":"closed","ping_status":"closed","template":"","meta":{"_acf_changed":false},"product_brand":[],"product_cat":[303,1049],"product_tag":[1722],"class_list":{"0":"post-102114","1":"product","2":"type-product","3":"status-publish","4":"has-post-thumbnail","6":"product_cat-chlopiec-i-dziewczynka","7":"product_cat-wiosna","8":"product_tag-ss26","10":"first","11":"instock","12":"shipping-taxable","13":"purchasable","14":"product-type-variable"},"acf":[],"yoast_head":"<!-- This site is optimized with the Yoast SEO plugin v27.0 - https:\/\/yoast.com\/product\/yoast-seo-wordpress\/ -->\n<title>Puchowy bezr\u0119kawnik Black - Fluff<\/title>\n<meta name=\"robots\" content=\"index, follow, max-snippet:-1, max-image-preview:large, max-video-preview:-1\" \/>\n<link rel=\"canonical\" href=\"https:\/\/fluffouterwear.com\/pl\/produkt\/puchowy-bezrekawnik-black\/\" \/>\n<meta property=\"og:locale\" content=\"pl_PL\" \/>\n<meta property=\"og:type\" content=\"article\" \/>\n<meta property=\"og:title\" content=\"Puchowy bezr\u0119kawnik Black - Fluff\" \/>\n<meta property=\"og:description\" content=\"Bezr\u0119kawnik puchowy dzieci\u0119cy Lekki dzieci\u0119cy bezr\u0119kawnik z wysokim, obszernym ko\u0142nierzem i du\u017cymi naszywanymi przednimi kieszeniami zapinanymi na napy to praktyczne i stylowe uzupe\u0142nienie szafy Twojego dziecka o mi\u0119dzysezonowym charakterze. To wielofunkcyjny element garderoby, kt\u00f3ry sprawdzi si\u0119 o ka\u017cdej porze roku &#8211; jako samodzielne okrycie lub dodatkowa warstwa w stylizacjach \u201cna cebulk\u0119\u201d. Dzi\u0119ki puchowemu wype\u0142nieniu ta [...]\" \/>\n<meta property=\"og:url\" content=\"https:\/\/fluffouterwear.com\/pl\/produkt\/puchowy-bezrekawnik-black\/\" \/>\n<meta property=\"og:site_name\" content=\"Fluff\" \/>\n<meta property=\"article:modified_time\" content=\"2026-04-10T12:17:13+00:00\" \/>\n<meta property=\"og:image\" content=\"https:\/\/fluffouterwear.com\/wp-content\/uploads\/2025\/03\/puffer-vest-black-2.jpg\" \/>\n\t<meta property=\"og:image:width\" content=\"873\" \/>\n\t<meta property=\"og:image:height\" content=\"1310\" \/>\n\t<meta property=\"og:image:type\" content=\"image\/jpeg\" \/>\n<meta name=\"twitter:card\" content=\"summary_large_image\" \/>\n<meta name=\"twitter:label1\" content=\"Szacowany czas czytania\" \/>\n\t<meta name=\"twitter:data1\" content=\"1 minuta\" \/>\n<script type=\"application\/ld+json\" class=\"yoast-schema-graph\">{\"@context\":\"https:\/\/schema.org\",\"@graph\":[{\"@type\":\"WebPage\",\"@id\":\"https:\/\/fluffouterwear.com\/pl\/produkt\/puchowy-bezrekawnik-black\/\",\"url\":\"https:\/\/fluffouterwear.com\/pl\/produkt\/puchowy-bezrekawnik-black\/\",\"name\":\"Puchowy bezr\u0119kawnik Black - Fluff\",\"isPartOf\":{\"@id\":\"https:\/\/fluffouterwear.com\/pl\/#website\"},\"primaryImageOfPage\":{\"@id\":\"https:\/\/fluffouterwear.com\/pl\/produkt\/puchowy-bezrekawnik-black\/#primaryimage\"},\"image\":{\"@id\":\"https:\/\/fluffouterwear.com\/pl\/produkt\/puchowy-bezrekawnik-black\/#primaryimage\"},\"thumbnailUrl\":\"https:\/\/fluffouterwear.com\/wp-content\/uploads\/2025\/03\/puffer-vest-black-2.jpg\",\"datePublished\":\"2025-03-26T13:09:34+00:00\",\"dateModified\":\"2026-04-10T12:17:13+00:00\",\"breadcrumb\":{\"@id\":\"https:\/\/fluffouterwear.com\/pl\/produkt\/puchowy-bezrekawnik-black\/#breadcrumb\"},\"inLanguage\":\"pl-PL\",\"potentialAction\":[{\"@type\":\"ReadAction\",\"target\":[\"https:\/\/fluffouterwear.com\/pl\/produkt\/puchowy-bezrekawnik-black\/\"]}]},{\"@type\":\"ImageObject\",\"inLanguage\":\"pl-PL\",\"@id\":\"https:\/\/fluffouterwear.com\/pl\/produkt\/puchowy-bezrekawnik-black\/#primaryimage\",\"url\":\"https:\/\/fluffouterwear.com\/wp-content\/uploads\/2025\/03\/puffer-vest-black-2.jpg\",\"contentUrl\":\"https:\/\/fluffouterwear.com\/wp-content\/uploads\/2025\/03\/puffer-vest-black-2.jpg\",\"width\":873,\"height\":1310,\"caption\":\"Puffer vest with front pocekts and high collar.\"},{\"@type\":\"BreadcrumbList\",\"@id\":\"https:\/\/fluffouterwear.com\/pl\/produkt\/puchowy-bezrekawnik-black\/#breadcrumb\",\"itemListElement\":[{\"@type\":\"ListItem\",\"position\":1,\"name\":\"Strona g\u0142\u00f3wna\",\"item\":\"https:\/\/fluffouterwear.com\/pl\/\"},{\"@type\":\"ListItem\",\"position\":2,\"name\":\"Sklep\",\"item\":\"https:\/\/fluffouterwear.com\/pl\/sklep\/\"},{\"@type\":\"ListItem\",\"position\":3,\"name\":\"Puchowy bezr\u0119kawnik Black\"}]},{\"@type\":\"WebSite\",\"@id\":\"https:\/\/fluffouterwear.com\/pl\/#website\",\"url\":\"https:\/\/fluffouterwear.com\/pl\/\",\"name\":\"Fluff\",\"description\":\"\",\"potentialAction\":[{\"@type\":\"SearchAction\",\"target\":{\"@type\":\"EntryPoint\",\"urlTemplate\":\"https:\/\/fluffouterwear.com\/pl\/?s={search_term_string}\"},\"query-input\":{\"@type\":\"PropertyValueSpecification\",\"valueRequired\":true,\"valueName\":\"search_term_string\"}}],\"inLanguage\":\"pl-PL\"}]}<\/script>\n<!-- \/ Yoast SEO plugin. -->","yoast_head_json":{"title":"Puchowy bezr\u0119kawnik Black - Fluff","robots":{"index":"index","follow":"follow","max-snippet":"max-snippet:-1","max-image-preview":"max-image-preview:large","max-video-preview":"max-video-preview:-1"},"canonical":"https:\/\/fluffouterwear.com\/pl\/produkt\/puchowy-bezrekawnik-black\/","og_locale":"pl_PL","og_type":"article","og_title":"Puchowy bezr\u0119kawnik Black - Fluff","og_description":"Bezr\u0119kawnik puchowy dzieci\u0119cy Lekki dzieci\u0119cy bezr\u0119kawnik z wysokim, obszernym ko\u0142nierzem i du\u017cymi naszywanymi przednimi kieszeniami zapinanymi na napy to praktyczne i stylowe uzupe\u0142nienie szafy Twojego dziecka o mi\u0119dzysezonowym charakterze. To wielofunkcyjny element garderoby, kt\u00f3ry sprawdzi si\u0119 o ka\u017cdej porze roku &#8211; jako samodzielne okrycie lub dodatkowa warstwa w stylizacjach \u201cna cebulk\u0119\u201d. Dzi\u0119ki puchowemu wype\u0142nieniu ta [...]","og_url":"https:\/\/fluffouterwear.com\/pl\/produkt\/puchowy-bezrekawnik-black\/","og_site_name":"Fluff","article_modified_time":"2026-04-10T12:17:13+00:00","og_image":[{"width":873,"height":1310,"url":"https:\/\/fluffouterwear.com\/wp-content\/uploads\/2025\/03\/puffer-vest-black-2.jpg","type":"image\/jpeg"}],"twitter_card":"summary_large_image","twitter_misc":{"Szacowany czas czytania":"1 minuta"},"schema":{"@context":"https:\/\/schema.org","@graph":[{"@type":"WebPage","@id":"https:\/\/fluffouterwear.com\/pl\/produkt\/puchowy-bezrekawnik-black\/","url":"https:\/\/fluffouterwear.com\/pl\/produkt\/puchowy-bezrekawnik-black\/","name":"Puchowy bezr\u0119kawnik Black - Fluff","isPartOf":{"@id":"https:\/\/fluffouterwear.com\/pl\/#website"},"primaryImageOfPage":{"@id":"https:\/\/fluffouterwear.com\/pl\/produkt\/puchowy-bezrekawnik-black\/#primaryimage"},"image":{"@id":"https:\/\/fluffouterwear.com\/pl\/produkt\/puchowy-bezrekawnik-black\/#primaryimage"},"thumbnailUrl":"https:\/\/fluffouterwear.com\/wp-content\/uploads\/2025\/03\/puffer-vest-black-2.jpg","datePublished":"2025-03-26T13:09:34+00:00","dateModified":"2026-04-10T12:17:13+00:00","breadcrumb":{"@id":"https:\/\/fluffouterwear.com\/pl\/produkt\/puchowy-bezrekawnik-black\/#breadcrumb"},"inLanguage":"pl-PL","potentialAction":[{"@type":"ReadAction","target":["https:\/\/fluffouterwear.com\/pl\/produkt\/puchowy-bezrekawnik-black\/"]}]},{"@type":"ImageObject","inLanguage":"pl-PL","@id":"https:\/\/fluffouterwear.com\/pl\/produkt\/puchowy-bezrekawnik-black\/#primaryimage","url":"https:\/\/fluffouterwear.com\/wp-content\/uploads\/2025\/03\/puffer-vest-black-2.jpg","contentUrl":"https:\/\/fluffouterwear.com\/wp-content\/uploads\/2025\/03\/puffer-vest-black-2.jpg","width":873,"height":1310,"caption":"Puffer vest with front pocekts and high collar."},{"@type":"BreadcrumbList","@id":"https:\/\/fluffouterwear.com\/pl\/produkt\/puchowy-bezrekawnik-black\/#breadcrumb","itemListElement":[{"@type":"ListItem","position":1,"name":"Strona g\u0142\u00f3wna","item":"https:\/\/fluffouterwear.com\/pl\/"},{"@type":"ListItem","position":2,"name":"Sklep","item":"https:\/\/fluffouterwear.com\/pl\/sklep\/"},{"@type":"ListItem","position":3,"name":"Puchowy bezr\u0119kawnik Black"}]},{"@type":"WebSite","@id":"https:\/\/fluffouterwear.com\/pl\/#website","url":"https:\/\/fluffouterwear.com\/pl\/","name":"Fluff","description":"","potentialAction":[{"@type":"SearchAction","target":{"@type":"EntryPoint","urlTemplate":"https:\/\/fluffouterwear.com\/pl\/?s={search_term_string}"},"query-input":{"@type":"PropertyValueSpecification","valueRequired":true,"valueName":"search_term_string"}}],"inLanguage":"pl-PL"}]}},"_links":{"self":[{"href":"https:\/\/fluffouterwear.com\/pl\/wp-json\/wp\/v2\/product\/102114","targetHints":{"allow":["GET"]}}],"collection":[{"href":"https:\/\/fluffouterwear.com\/pl\/wp-json\/wp\/v2\/product"}],"about":[{"href":"https:\/\/fluffouterwear.com\/pl\/wp-json\/wp\/v2\/types\/product"}],"replies":[{"embeddable":true,"href":"https:\/\/fluffouterwear.com\/pl\/wp-json\/wp\/v2\/comments?post=102114"}],"wp:featuredmedia":[{"embeddable":true,"href":"https:\/\/fluffouterwear.com\/pl\/wp-json\/wp\/v2\/media\/102233"}],"wp:attachment":[{"href":"https:\/\/fluffouterwear.com\/pl\/wp-json\/wp\/v2\/media?parent=102114"}],"wp:term":[{"taxonomy":"product_brand","embeddable":true,"href":"https:\/\/fluffouterwear.com\/pl\/wp-json\/wp\/v2\/product_brand?post=102114"},{"taxonomy":"product_cat","embeddable":true,"href":"https:\/\/fluffouterwear.com\/pl\/wp-json\/wp\/v2\/product_cat?post=102114"},{"taxonomy":"product_tag","embeddable":true,"href":"https:\/\/fluffouterwear.com\/pl\/wp-json\/wp\/v2\/product_tag?post=102114"}],"curies":[{"name":"wp","href":"https:\/\/api.w.org\/{rel}","templated":true}]}}