{"id":103092,"date":"2025-04-24T09:32:08","date_gmt":"2025-04-24T07:32:08","guid":{"rendered":"https:\/\/fluffouterwear.com\/?post_type=product&#038;p=103092"},"modified":"2026-04-02T18:24:08","modified_gmt":"2026-04-02T16:24:08","slug":"kurtka-bomber-krata","status":"publish","type":"product","link":"https:\/\/fluffouterwear.com\/pl\/produkt\/kurtka-bomber-krata\/","title":{"rendered":"Kurtka Bomber Checkered"},"content":{"rendered":"<h4><strong>Kurtka zimowa FLUFF z kapturem<\/strong><\/h4>\n<p>Lekka, klasyczna<strong> puchowa bomberka FLUFF<\/strong> o matowym wyko\u0144czeniu nie bez powodu jest jednym z naszych bestseller\u00f3w &#8211; to idealne po\u0142\u0105czenie stylowej lekko\u015bci z gwarancj\u0105 pe\u0142nego komfortu cieplnego. Opracowany przez nas optymalny sk\u0142ad puchowego wype\u0142nienia tej kurtki zapewnia niezawodn\u0105 ochron\u0119 przed mrozem i przeszywaj\u0105cym wiatrem w temperaturach nawet do -25 st. C. Ponadczasowy, kultowy kr\u00f3j ze \u015bci\u0105gaczem i wygodnymi bocznymi kieszeniami sprawia, \u017ce <strong>zimowa<\/strong> <strong>bomberka puchowa<\/strong> FLUFF okazuje si\u0119 niezwykle uniwersaln\u0105 kurtk\u0105 na mro\u017ane zimowe dni. Dodatkowo wyr\u00f3\u017cnia j\u0105 bardzo du\u017cy kaptur, kt\u00f3ry &#8211; w razie potrzeby &#8211; mo\u017cna odpi\u0105\u0107. Nasze zimowe produkty sprawi\u0105, \u017ce zima stanie si\u0119 Twoj\u0105 ulubion\u0105 por\u0105 roku!<\/p>\n<p>Modelka prezentuje rozmiar M\/L.<\/p>\n<p>&nbsp;<\/p>\n","protected":false},"excerpt":{"rendered":"<p>Kurtka zimowa FLUFF z kapturem Lekka, klasyczna puchowa bomberka FLUFF o matowym wyko\u0144czeniu nie bez powodu jest jednym z naszych bestseller\u00f3w &#8211; to idealne po\u0142\u0105czenie stylowej lekko\u015bci z gwarancj\u0105 pe\u0142nego komfortu cieplnego. Opracowany przez nas optymalny sk\u0142ad puchowego wype\u0142nienia tej kurtki zapewnia niezawodn\u0105 ochron\u0119 przed mrozem i przeszywaj\u0105cym wiatrem w temperaturach nawet do -25 st. [&#8230;]\n","protected":false},"featured_media":105693,"comment_status":"open","ping_status":"closed","template":"","meta":{"_acf_changed":false},"product_brand":[],"product_cat":[365,382,1064],"product_tag":[1405],"class_list":{"0":"post-103092","1":"product","2":"type-product","3":"status-publish","4":"has-post-thumbnail","6":"product_cat-kurtki-pl","7":"product_cat-outlet-pl","8":"product_cat-kobieta-pl","9":"product_tag-wpla","11":"first","12":"outofstock","13":"sale","14":"shipping-taxable","15":"purchasable","16":"product-type-variable"},"acf":[],"yoast_head":"<!-- This site is optimized with the Yoast SEO plugin v27.0 - https:\/\/yoast.com\/product\/yoast-seo-wordpress\/ -->\n<title>Kurtka Bomber Checkered - Fluff<\/title>\n<meta name=\"description\" content=\"Kurtka bomberka z obszernym kapturem, wype\u0142niona naturalnym puchem, zapewni ciep\u0142o a\u017c do 25 stopni mrozu. Dost\u0119pna w kilku kolorach, lekka i otulaj\u0105ca.\" \/>\n<meta name=\"robots\" content=\"index, follow, max-snippet:-1, max-image-preview:large, max-video-preview:-1\" \/>\n<link rel=\"canonical\" href=\"https:\/\/fluffouterwear.com\/pl\/produkt\/kurtka-bomber-krata\/\" \/>\n<meta property=\"og:locale\" content=\"pl_PL\" \/>\n<meta property=\"og:type\" content=\"article\" \/>\n<meta property=\"og:title\" content=\"Kurtka Bomber Checkered - Fluff\" \/>\n<meta property=\"og:description\" content=\"Kurtka bomberka z obszernym kapturem, wype\u0142niona naturalnym puchem, zapewni ciep\u0142o a\u017c do 25 stopni mrozu. Dost\u0119pna w kilku kolorach, lekka i otulaj\u0105ca.\" \/>\n<meta property=\"og:url\" content=\"https:\/\/fluffouterwear.com\/pl\/produkt\/kurtka-bomber-krata\/\" \/>\n<meta property=\"og:site_name\" content=\"Fluff\" \/>\n<meta property=\"article:modified_time\" content=\"2026-04-02T16:24:08+00:00\" \/>\n<meta property=\"og:image\" content=\"https:\/\/fluffouterwear.com\/wp-content\/uploads\/2025\/09\/Bomber-Jacket-Checkered2.jpg\" \/>\n\t<meta property=\"og:image:width\" content=\"1185\" \/>\n\t<meta property=\"og:image:height\" content=\"1310\" \/>\n\t<meta property=\"og:image:type\" content=\"image\/jpeg\" \/>\n<meta name=\"twitter:card\" content=\"summary_large_image\" \/>\n<meta name=\"twitter:label1\" content=\"Szacowany czas czytania\" \/>\n\t<meta name=\"twitter:data1\" content=\"1 minuta\" \/>\n<script type=\"application\/ld+json\" class=\"yoast-schema-graph\">{\"@context\":\"https:\/\/schema.org\",\"@graph\":[{\"@type\":\"WebPage\",\"@id\":\"https:\/\/fluffouterwear.com\/pl\/produkt\/kurtka-bomber-krata\/\",\"url\":\"https:\/\/fluffouterwear.com\/pl\/produkt\/kurtka-bomber-krata\/\",\"name\":\"Kurtka Bomber Checkered - Fluff\",\"isPartOf\":{\"@id\":\"https:\/\/fluffouterwear.com\/pl\/#website\"},\"primaryImageOfPage\":{\"@id\":\"https:\/\/fluffouterwear.com\/pl\/produkt\/kurtka-bomber-krata\/#primaryimage\"},\"image\":{\"@id\":\"https:\/\/fluffouterwear.com\/pl\/produkt\/kurtka-bomber-krata\/#primaryimage\"},\"thumbnailUrl\":\"https:\/\/fluffouterwear.com\/wp-content\/uploads\/2025\/09\/Bomber-Jacket-Checkered2.jpg\",\"datePublished\":\"2025-04-24T07:32:08+00:00\",\"dateModified\":\"2026-04-02T16:24:08+00:00\",\"description\":\"Kurtka bomberka z obszernym kapturem, wype\u0142niona naturalnym puchem, zapewni ciep\u0142o a\u017c do 25 stopni mrozu. Dost\u0119pna w kilku kolorach, lekka i otulaj\u0105ca.\",\"breadcrumb\":{\"@id\":\"https:\/\/fluffouterwear.com\/pl\/produkt\/kurtka-bomber-krata\/#breadcrumb\"},\"inLanguage\":\"pl-PL\",\"potentialAction\":[{\"@type\":\"ReadAction\",\"target\":[\"https:\/\/fluffouterwear.com\/pl\/produkt\/kurtka-bomber-krata\/\"]}]},{\"@type\":\"ImageObject\",\"inLanguage\":\"pl-PL\",\"@id\":\"https:\/\/fluffouterwear.com\/pl\/produkt\/kurtka-bomber-krata\/#primaryimage\",\"url\":\"https:\/\/fluffouterwear.com\/wp-content\/uploads\/2025\/09\/Bomber-Jacket-Checkered2.jpg\",\"contentUrl\":\"https:\/\/fluffouterwear.com\/wp-content\/uploads\/2025\/09\/Bomber-Jacket-Checkered2.jpg\",\"width\":1185,\"height\":1310},{\"@type\":\"BreadcrumbList\",\"@id\":\"https:\/\/fluffouterwear.com\/pl\/produkt\/kurtka-bomber-krata\/#breadcrumb\",\"itemListElement\":[{\"@type\":\"ListItem\",\"position\":1,\"name\":\"Strona g\u0142\u00f3wna\",\"item\":\"https:\/\/fluffouterwear.com\/pl\/\"},{\"@type\":\"ListItem\",\"position\":2,\"name\":\"Sklep\",\"item\":\"https:\/\/fluffouterwear.com\/pl\/sklep\/\"},{\"@type\":\"ListItem\",\"position\":3,\"name\":\"Kurtka Bomber Checkered\"}]},{\"@type\":\"WebSite\",\"@id\":\"https:\/\/fluffouterwear.com\/pl\/#website\",\"url\":\"https:\/\/fluffouterwear.com\/pl\/\",\"name\":\"Fluff\",\"description\":\"\",\"potentialAction\":[{\"@type\":\"SearchAction\",\"target\":{\"@type\":\"EntryPoint\",\"urlTemplate\":\"https:\/\/fluffouterwear.com\/pl\/?s={search_term_string}\"},\"query-input\":{\"@type\":\"PropertyValueSpecification\",\"valueRequired\":true,\"valueName\":\"search_term_string\"}}],\"inLanguage\":\"pl-PL\"}]}<\/script>\n<!-- \/ Yoast SEO plugin. -->","yoast_head_json":{"title":"Kurtka Bomber Checkered - Fluff","description":"Kurtka bomberka z obszernym kapturem, wype\u0142niona naturalnym puchem, zapewni ciep\u0142o a\u017c do 25 stopni mrozu. Dost\u0119pna w kilku kolorach, lekka i otulaj\u0105ca.","robots":{"index":"index","follow":"follow","max-snippet":"max-snippet:-1","max-image-preview":"max-image-preview:large","max-video-preview":"max-video-preview:-1"},"canonical":"https:\/\/fluffouterwear.com\/pl\/produkt\/kurtka-bomber-krata\/","og_locale":"pl_PL","og_type":"article","og_title":"Kurtka Bomber Checkered - Fluff","og_description":"Kurtka bomberka z obszernym kapturem, wype\u0142niona naturalnym puchem, zapewni ciep\u0142o a\u017c do 25 stopni mrozu. Dost\u0119pna w kilku kolorach, lekka i otulaj\u0105ca.","og_url":"https:\/\/fluffouterwear.com\/pl\/produkt\/kurtka-bomber-krata\/","og_site_name":"Fluff","article_modified_time":"2026-04-02T16:24:08+00:00","og_image":[{"width":1185,"height":1310,"url":"https:\/\/fluffouterwear.com\/wp-content\/uploads\/2025\/09\/Bomber-Jacket-Checkered2.jpg","type":"image\/jpeg"}],"twitter_card":"summary_large_image","twitter_misc":{"Szacowany czas czytania":"1 minuta"},"schema":{"@context":"https:\/\/schema.org","@graph":[{"@type":"WebPage","@id":"https:\/\/fluffouterwear.com\/pl\/produkt\/kurtka-bomber-krata\/","url":"https:\/\/fluffouterwear.com\/pl\/produkt\/kurtka-bomber-krata\/","name":"Kurtka Bomber Checkered - Fluff","isPartOf":{"@id":"https:\/\/fluffouterwear.com\/pl\/#website"},"primaryImageOfPage":{"@id":"https:\/\/fluffouterwear.com\/pl\/produkt\/kurtka-bomber-krata\/#primaryimage"},"image":{"@id":"https:\/\/fluffouterwear.com\/pl\/produkt\/kurtka-bomber-krata\/#primaryimage"},"thumbnailUrl":"https:\/\/fluffouterwear.com\/wp-content\/uploads\/2025\/09\/Bomber-Jacket-Checkered2.jpg","datePublished":"2025-04-24T07:32:08+00:00","dateModified":"2026-04-02T16:24:08+00:00","description":"Kurtka bomberka z obszernym kapturem, wype\u0142niona naturalnym puchem, zapewni ciep\u0142o a\u017c do 25 stopni mrozu. Dost\u0119pna w kilku kolorach, lekka i otulaj\u0105ca.","breadcrumb":{"@id":"https:\/\/fluffouterwear.com\/pl\/produkt\/kurtka-bomber-krata\/#breadcrumb"},"inLanguage":"pl-PL","potentialAction":[{"@type":"ReadAction","target":["https:\/\/fluffouterwear.com\/pl\/produkt\/kurtka-bomber-krata\/"]}]},{"@type":"ImageObject","inLanguage":"pl-PL","@id":"https:\/\/fluffouterwear.com\/pl\/produkt\/kurtka-bomber-krata\/#primaryimage","url":"https:\/\/fluffouterwear.com\/wp-content\/uploads\/2025\/09\/Bomber-Jacket-Checkered2.jpg","contentUrl":"https:\/\/fluffouterwear.com\/wp-content\/uploads\/2025\/09\/Bomber-Jacket-Checkered2.jpg","width":1185,"height":1310},{"@type":"BreadcrumbList","@id":"https:\/\/fluffouterwear.com\/pl\/produkt\/kurtka-bomber-krata\/#breadcrumb","itemListElement":[{"@type":"ListItem","position":1,"name":"Strona g\u0142\u00f3wna","item":"https:\/\/fluffouterwear.com\/pl\/"},{"@type":"ListItem","position":2,"name":"Sklep","item":"https:\/\/fluffouterwear.com\/pl\/sklep\/"},{"@type":"ListItem","position":3,"name":"Kurtka Bomber Checkered"}]},{"@type":"WebSite","@id":"https:\/\/fluffouterwear.com\/pl\/#website","url":"https:\/\/fluffouterwear.com\/pl\/","name":"Fluff","description":"","potentialAction":[{"@type":"SearchAction","target":{"@type":"EntryPoint","urlTemplate":"https:\/\/fluffouterwear.com\/pl\/?s={search_term_string}"},"query-input":{"@type":"PropertyValueSpecification","valueRequired":true,"valueName":"search_term_string"}}],"inLanguage":"pl-PL"}]}},"_links":{"self":[{"href":"https:\/\/fluffouterwear.com\/pl\/wp-json\/wp\/v2\/product\/103092","targetHints":{"allow":["GET"]}}],"collection":[{"href":"https:\/\/fluffouterwear.com\/pl\/wp-json\/wp\/v2\/product"}],"about":[{"href":"https:\/\/fluffouterwear.com\/pl\/wp-json\/wp\/v2\/types\/product"}],"replies":[{"embeddable":true,"href":"https:\/\/fluffouterwear.com\/pl\/wp-json\/wp\/v2\/comments?post=103092"}],"wp:featuredmedia":[{"embeddable":true,"href":"https:\/\/fluffouterwear.com\/pl\/wp-json\/wp\/v2\/media\/105693"}],"wp:attachment":[{"href":"https:\/\/fluffouterwear.com\/pl\/wp-json\/wp\/v2\/media?parent=103092"}],"wp:term":[{"taxonomy":"product_brand","embeddable":true,"href":"https:\/\/fluffouterwear.com\/pl\/wp-json\/wp\/v2\/product_brand?post=103092"},{"taxonomy":"product_cat","embeddable":true,"href":"https:\/\/fluffouterwear.com\/pl\/wp-json\/wp\/v2\/product_cat?post=103092"},{"taxonomy":"product_tag","embeddable":true,"href":"https:\/\/fluffouterwear.com\/pl\/wp-json\/wp\/v2\/product_tag?post=103092"}],"curies":[{"name":"wp","href":"https:\/\/api.w.org\/{rel}","templated":true}]}}