{"id":103149,"date":"2025-04-24T14:56:29","date_gmt":"2025-04-24T12:56:29","guid":{"rendered":"https:\/\/fluffouterwear.com\/?post_type=product&#038;p=103149"},"modified":"2026-04-05T17:43:55","modified_gmt":"2026-04-05T15:43:55","slug":"2in1-puchowa-unisex-granatowa","status":"publish","type":"product","link":"https:\/\/fluffouterwear.com\/pl\/produkt\/2in1-puchowa-unisex-granatowa\/","title":{"rendered":"Kurtka puchowa 2in1 unisex Navy"},"content":{"rendered":"<h3><strong>Puchowa kurtka z odpinanymi r\u0119kawami<\/strong><\/h3>\n<p><strong>Kurtka 2w1 Fluff<\/strong> to wszechstronna puchowa propozycja na ch\u0142odne dni. Dzi\u0119ki odpinanym r\u0119kawom zmienia si\u0119 z <strong>pe\u0142nej kurtki w bezr\u0119kawnik<\/strong>, co daje wi\u0119ksz\u0105 swobod\u0119 noszenia.<\/p>\n<p>G\u0142\u0119boki odpinany kaptur chroni przed wiatrem i deszczem, a poziome pikowania i napuszone wype\u0142nienie zapewniaj\u0105 przytuln\u0105 obj\u0119to\u015b\u0107 i komfort termiczny. Model <strong>oversize<\/strong> z wysokim ko\u0142nierzem, odpianym kapturem i elastycznymi \u015bci\u0105gaczami przy mankietach i pasie oraz funkcjonalnymi kieszeniami \u0142\u0105czy styl i praktyczno\u015b\u0107. Jednolita tkanina premium o matowym wyko\u0144czeniu dodaje nowoczesnego charakteru, a kurtka \u015bwietnie sprawdzi si\u0119 zar\u00f3wno na co dzie\u0144, jak i podczas aktywno\u015bci na \u015bwie\u017cym powietrzu. To luksusowa <strong>kurtka puchowa 2w1<\/strong> dla os\u00f3b ceni\u0105cych funkcjonalno\u015b\u0107, ciep\u0142o i modny design.<\/p>\n<p>Modele prezentuj\u0105 rozmiar M\/L.<\/p>\n<p>&nbsp;<\/p>\n","protected":false},"excerpt":{"rendered":"<p>Puchowa kurtka z odpinanymi r\u0119kawami Kurtka 2w1 Fluff to wszechstronna puchowa propozycja na ch\u0142odne dni. Dzi\u0119ki odpinanym r\u0119kawom zmienia si\u0119 z pe\u0142nej kurtki w bezr\u0119kawnik, co daje wi\u0119ksz\u0105 swobod\u0119 noszenia. G\u0142\u0119boki odpinany kaptur chroni przed wiatrem i deszczem, a poziome pikowania i napuszone wype\u0142nienie zapewniaj\u0105 przytuln\u0105 obj\u0119to\u015b\u0107 i komfort termiczny. Model oversize z wysokim ko\u0142nierzem, [&#8230;]\n","protected":false},"featured_media":105687,"comment_status":"closed","ping_status":"closed","template":"","meta":{"_acf_changed":false},"product_brand":[],"product_cat":[365,382,1064],"product_tag":[1405],"class_list":{"0":"post-103149","1":"product","2":"type-product","3":"status-publish","4":"has-post-thumbnail","6":"product_cat-kurtki-pl","7":"product_cat-outlet-pl","8":"product_cat-kobieta-pl","9":"product_tag-wpla","11":"first","12":"outofstock","13":"sale","14":"shipping-taxable","15":"purchasable","16":"product-type-variable"},"acf":[],"yoast_head":"<!-- This site is optimized with the Yoast SEO plugin v27.0 - https:\/\/yoast.com\/product\/yoast-seo-wordpress\/ -->\n<title>Kurtka puchowa 2in1 unisex Navy - Fluff<\/title>\n<meta name=\"robots\" content=\"index, follow, max-snippet:-1, max-image-preview:large, max-video-preview:-1\" \/>\n<link rel=\"canonical\" href=\"https:\/\/fluffouterwear.com\/pl\/produkt\/2in1-puchowa-unisex-granatowa\/\" \/>\n<meta property=\"og:locale\" content=\"pl_PL\" \/>\n<meta property=\"og:type\" content=\"article\" \/>\n<meta property=\"og:title\" content=\"Kurtka puchowa 2in1 unisex Navy - Fluff\" \/>\n<meta property=\"og:description\" content=\"Puchowa kurtka z odpinanymi r\u0119kawami Kurtka 2w1 Fluff to wszechstronna puchowa propozycja na ch\u0142odne dni. Dzi\u0119ki odpinanym r\u0119kawom zmienia si\u0119 z pe\u0142nej kurtki w bezr\u0119kawnik, co daje wi\u0119ksz\u0105 swobod\u0119 noszenia. G\u0142\u0119boki odpinany kaptur chroni przed wiatrem i deszczem, a poziome pikowania i napuszone wype\u0142nienie zapewniaj\u0105 przytuln\u0105 obj\u0119to\u015b\u0107 i komfort termiczny. Model oversize z wysokim ko\u0142nierzem, [...]\" \/>\n<meta property=\"og:url\" content=\"https:\/\/fluffouterwear.com\/pl\/produkt\/2in1-puchowa-unisex-granatowa\/\" \/>\n<meta property=\"og:site_name\" content=\"Fluff\" \/>\n<meta property=\"article:modified_time\" content=\"2026-04-05T15:43:55+00:00\" \/>\n<meta property=\"og:image\" content=\"https:\/\/fluffouterwear.com\/wp-content\/uploads\/2025\/09\/2in1-Unisex-Jacket-Navy-2.jpg\" \/>\n\t<meta property=\"og:image:width\" content=\"1185\" \/>\n\t<meta property=\"og:image:height\" content=\"1310\" \/>\n\t<meta property=\"og:image:type\" content=\"image\/jpeg\" \/>\n<meta name=\"twitter:card\" content=\"summary_large_image\" \/>\n<meta name=\"twitter:label1\" content=\"Szacowany czas czytania\" \/>\n\t<meta name=\"twitter:data1\" content=\"1 minuta\" \/>\n<script type=\"application\/ld+json\" class=\"yoast-schema-graph\">{\"@context\":\"https:\/\/schema.org\",\"@graph\":[{\"@type\":\"WebPage\",\"@id\":\"https:\/\/fluffouterwear.com\/pl\/produkt\/2in1-puchowa-unisex-granatowa\/\",\"url\":\"https:\/\/fluffouterwear.com\/pl\/produkt\/2in1-puchowa-unisex-granatowa\/\",\"name\":\"Kurtka puchowa 2in1 unisex Navy - Fluff\",\"isPartOf\":{\"@id\":\"https:\/\/fluffouterwear.com\/pl\/#website\"},\"primaryImageOfPage\":{\"@id\":\"https:\/\/fluffouterwear.com\/pl\/produkt\/2in1-puchowa-unisex-granatowa\/#primaryimage\"},\"image\":{\"@id\":\"https:\/\/fluffouterwear.com\/pl\/produkt\/2in1-puchowa-unisex-granatowa\/#primaryimage\"},\"thumbnailUrl\":\"https:\/\/fluffouterwear.com\/wp-content\/uploads\/2025\/09\/2in1-Unisex-Jacket-Navy-2.jpg\",\"datePublished\":\"2025-04-24T12:56:29+00:00\",\"dateModified\":\"2026-04-05T15:43:55+00:00\",\"breadcrumb\":{\"@id\":\"https:\/\/fluffouterwear.com\/pl\/produkt\/2in1-puchowa-unisex-granatowa\/#breadcrumb\"},\"inLanguage\":\"pl-PL\",\"potentialAction\":[{\"@type\":\"ReadAction\",\"target\":[\"https:\/\/fluffouterwear.com\/pl\/produkt\/2in1-puchowa-unisex-granatowa\/\"]}]},{\"@type\":\"ImageObject\",\"inLanguage\":\"pl-PL\",\"@id\":\"https:\/\/fluffouterwear.com\/pl\/produkt\/2in1-puchowa-unisex-granatowa\/#primaryimage\",\"url\":\"https:\/\/fluffouterwear.com\/wp-content\/uploads\/2025\/09\/2in1-Unisex-Jacket-Navy-2.jpg\",\"contentUrl\":\"https:\/\/fluffouterwear.com\/wp-content\/uploads\/2025\/09\/2in1-Unisex-Jacket-Navy-2.jpg\",\"width\":1185,\"height\":1310},{\"@type\":\"BreadcrumbList\",\"@id\":\"https:\/\/fluffouterwear.com\/pl\/produkt\/2in1-puchowa-unisex-granatowa\/#breadcrumb\",\"itemListElement\":[{\"@type\":\"ListItem\",\"position\":1,\"name\":\"Strona g\u0142\u00f3wna\",\"item\":\"https:\/\/fluffouterwear.com\/pl\/\"},{\"@type\":\"ListItem\",\"position\":2,\"name\":\"Sklep\",\"item\":\"https:\/\/fluffouterwear.com\/pl\/sklep\/\"},{\"@type\":\"ListItem\",\"position\":3,\"name\":\"Kurtka puchowa 2in1 unisex Navy\"}]},{\"@type\":\"WebSite\",\"@id\":\"https:\/\/fluffouterwear.com\/pl\/#website\",\"url\":\"https:\/\/fluffouterwear.com\/pl\/\",\"name\":\"Fluff\",\"description\":\"\",\"potentialAction\":[{\"@type\":\"SearchAction\",\"target\":{\"@type\":\"EntryPoint\",\"urlTemplate\":\"https:\/\/fluffouterwear.com\/pl\/?s={search_term_string}\"},\"query-input\":{\"@type\":\"PropertyValueSpecification\",\"valueRequired\":true,\"valueName\":\"search_term_string\"}}],\"inLanguage\":\"pl-PL\"}]}<\/script>\n<!-- \/ Yoast SEO plugin. -->","yoast_head_json":{"title":"Kurtka puchowa 2in1 unisex Navy - Fluff","robots":{"index":"index","follow":"follow","max-snippet":"max-snippet:-1","max-image-preview":"max-image-preview:large","max-video-preview":"max-video-preview:-1"},"canonical":"https:\/\/fluffouterwear.com\/pl\/produkt\/2in1-puchowa-unisex-granatowa\/","og_locale":"pl_PL","og_type":"article","og_title":"Kurtka puchowa 2in1 unisex Navy - Fluff","og_description":"Puchowa kurtka z odpinanymi r\u0119kawami Kurtka 2w1 Fluff to wszechstronna puchowa propozycja na ch\u0142odne dni. Dzi\u0119ki odpinanym r\u0119kawom zmienia si\u0119 z pe\u0142nej kurtki w bezr\u0119kawnik, co daje wi\u0119ksz\u0105 swobod\u0119 noszenia. G\u0142\u0119boki odpinany kaptur chroni przed wiatrem i deszczem, a poziome pikowania i napuszone wype\u0142nienie zapewniaj\u0105 przytuln\u0105 obj\u0119to\u015b\u0107 i komfort termiczny. Model oversize z wysokim ko\u0142nierzem, [...]","og_url":"https:\/\/fluffouterwear.com\/pl\/produkt\/2in1-puchowa-unisex-granatowa\/","og_site_name":"Fluff","article_modified_time":"2026-04-05T15:43:55+00:00","og_image":[{"width":1185,"height":1310,"url":"https:\/\/fluffouterwear.com\/wp-content\/uploads\/2025\/09\/2in1-Unisex-Jacket-Navy-2.jpg","type":"image\/jpeg"}],"twitter_card":"summary_large_image","twitter_misc":{"Szacowany czas czytania":"1 minuta"},"schema":{"@context":"https:\/\/schema.org","@graph":[{"@type":"WebPage","@id":"https:\/\/fluffouterwear.com\/pl\/produkt\/2in1-puchowa-unisex-granatowa\/","url":"https:\/\/fluffouterwear.com\/pl\/produkt\/2in1-puchowa-unisex-granatowa\/","name":"Kurtka puchowa 2in1 unisex Navy - Fluff","isPartOf":{"@id":"https:\/\/fluffouterwear.com\/pl\/#website"},"primaryImageOfPage":{"@id":"https:\/\/fluffouterwear.com\/pl\/produkt\/2in1-puchowa-unisex-granatowa\/#primaryimage"},"image":{"@id":"https:\/\/fluffouterwear.com\/pl\/produkt\/2in1-puchowa-unisex-granatowa\/#primaryimage"},"thumbnailUrl":"https:\/\/fluffouterwear.com\/wp-content\/uploads\/2025\/09\/2in1-Unisex-Jacket-Navy-2.jpg","datePublished":"2025-04-24T12:56:29+00:00","dateModified":"2026-04-05T15:43:55+00:00","breadcrumb":{"@id":"https:\/\/fluffouterwear.com\/pl\/produkt\/2in1-puchowa-unisex-granatowa\/#breadcrumb"},"inLanguage":"pl-PL","potentialAction":[{"@type":"ReadAction","target":["https:\/\/fluffouterwear.com\/pl\/produkt\/2in1-puchowa-unisex-granatowa\/"]}]},{"@type":"ImageObject","inLanguage":"pl-PL","@id":"https:\/\/fluffouterwear.com\/pl\/produkt\/2in1-puchowa-unisex-granatowa\/#primaryimage","url":"https:\/\/fluffouterwear.com\/wp-content\/uploads\/2025\/09\/2in1-Unisex-Jacket-Navy-2.jpg","contentUrl":"https:\/\/fluffouterwear.com\/wp-content\/uploads\/2025\/09\/2in1-Unisex-Jacket-Navy-2.jpg","width":1185,"height":1310},{"@type":"BreadcrumbList","@id":"https:\/\/fluffouterwear.com\/pl\/produkt\/2in1-puchowa-unisex-granatowa\/#breadcrumb","itemListElement":[{"@type":"ListItem","position":1,"name":"Strona g\u0142\u00f3wna","item":"https:\/\/fluffouterwear.com\/pl\/"},{"@type":"ListItem","position":2,"name":"Sklep","item":"https:\/\/fluffouterwear.com\/pl\/sklep\/"},{"@type":"ListItem","position":3,"name":"Kurtka puchowa 2in1 unisex Navy"}]},{"@type":"WebSite","@id":"https:\/\/fluffouterwear.com\/pl\/#website","url":"https:\/\/fluffouterwear.com\/pl\/","name":"Fluff","description":"","potentialAction":[{"@type":"SearchAction","target":{"@type":"EntryPoint","urlTemplate":"https:\/\/fluffouterwear.com\/pl\/?s={search_term_string}"},"query-input":{"@type":"PropertyValueSpecification","valueRequired":true,"valueName":"search_term_string"}}],"inLanguage":"pl-PL"}]}},"_links":{"self":[{"href":"https:\/\/fluffouterwear.com\/pl\/wp-json\/wp\/v2\/product\/103149","targetHints":{"allow":["GET"]}}],"collection":[{"href":"https:\/\/fluffouterwear.com\/pl\/wp-json\/wp\/v2\/product"}],"about":[{"href":"https:\/\/fluffouterwear.com\/pl\/wp-json\/wp\/v2\/types\/product"}],"replies":[{"embeddable":true,"href":"https:\/\/fluffouterwear.com\/pl\/wp-json\/wp\/v2\/comments?post=103149"}],"wp:featuredmedia":[{"embeddable":true,"href":"https:\/\/fluffouterwear.com\/pl\/wp-json\/wp\/v2\/media\/105687"}],"wp:attachment":[{"href":"https:\/\/fluffouterwear.com\/pl\/wp-json\/wp\/v2\/media?parent=103149"}],"wp:term":[{"taxonomy":"product_brand","embeddable":true,"href":"https:\/\/fluffouterwear.com\/pl\/wp-json\/wp\/v2\/product_brand?post=103149"},{"taxonomy":"product_cat","embeddable":true,"href":"https:\/\/fluffouterwear.com\/pl\/wp-json\/wp\/v2\/product_cat?post=103149"},{"taxonomy":"product_tag","embeddable":true,"href":"https:\/\/fluffouterwear.com\/pl\/wp-json\/wp\/v2\/product_tag?post=103149"}],"curies":[{"name":"wp","href":"https:\/\/api.w.org\/{rel}","templated":true}]}}