{"id":103194,"date":"2025-09-22T20:37:42","date_gmt":"2025-09-22T18:37:42","guid":{"rendered":"https:\/\/fluffouterwear.com\/?post_type=product&#038;p=103194"},"modified":"2026-04-23T14:18:34","modified_gmt":"2026-04-23T12:18:34","slug":"dlugi-kozuch-dwustronny-black","status":"publish","type":"product","link":"https:\/\/fluffouterwear.com\/pl\/produkt\/dlugi-kozuch-dwustronny-black\/","title":{"rendered":"D\u0142ugi ko\u017cuch dwustronny Black"},"content":{"rendered":"<p>Dwustronny <strong>d\u0142ugi p\u0142aszcz ko\u017cuchowy<\/strong> damska Fluff to po\u0142\u0105czenie ponadczasowego designu i funkcjonalno\u015bci. Uszyty w 100% z naturalnej sk\u00f3ry ciel\u0119cej, oferuje dwa r\u00f3\u017cne style \u2013 eleganck\u0105 stron\u0119 z g\u0142adk\u0105 faktur\u0105 oraz mi\u0119kkie, ciep\u0142e w\u0142osie po drugiej.<\/p>\n<p>Model oversize zapewnia swobod\u0119 i wygod\u0119 w codziennym noszeniu, a kieszenie po obu stronach dodaj\u0105 praktyczno\u015bci. Zapinany na guziki, doskonale sprawdzi si\u0119 jako <strong>luksusowy p\u0142aszcz zimowy<\/strong> na lata. Minimalistyczny kr\u00f3j i najwy\u017cszej jako\u015bci materia\u0142 sprawiaj\u0105, \u017ce to idealny wyb\u00f3r dla kobiet ceni\u0105cych elegancj\u0119, komfort i naturalne materia\u0142y. Ko\u017cuch damski Fluff to nowoczesne podej\u015bcie do klasyki.<\/p>\n","protected":false},"excerpt":{"rendered":"<p><strong>ONE SIZE &#8211; ROZMIAR UNIWERSALNY<\/strong><\/p>\n","protected":false},"featured_media":105849,"comment_status":"closed","ping_status":"closed","template":"","meta":{"_acf_changed":false},"product_brand":[],"product_cat":[371,382,1064],"product_tag":[],"class_list":{"0":"post-103194","1":"product","2":"type-product","3":"status-publish","4":"has-post-thumbnail","6":"product_cat-plaszcze-pl","7":"product_cat-outlet-pl","8":"product_cat-kobieta-pl","10":"first","11":"instock","12":"sale","13":"shipping-taxable","14":"purchasable","15":"product-type-simple"},"acf":[],"yoast_head":"<!-- This site is optimized with the Yoast SEO plugin v27.0 - https:\/\/yoast.com\/product\/yoast-seo-wordpress\/ -->\n<title>D\u0142ugi ko\u017cuch dwustronny Black - Fluff<\/title>\n<meta name=\"robots\" content=\"index, follow, max-snippet:-1, max-image-preview:large, max-video-preview:-1\" \/>\n<link rel=\"canonical\" href=\"https:\/\/fluffouterwear.com\/pl\/produkt\/dlugi-kozuch-dwustronny-black\/\" \/>\n<meta property=\"og:locale\" content=\"pl_PL\" \/>\n<meta property=\"og:type\" content=\"article\" \/>\n<meta property=\"og:title\" content=\"D\u0142ugi ko\u017cuch dwustronny Black - Fluff\" \/>\n<meta property=\"og:description\" content=\"ONE SIZE - ROZMIAR UNIWERSALNY\" \/>\n<meta property=\"og:url\" content=\"https:\/\/fluffouterwear.com\/pl\/produkt\/dlugi-kozuch-dwustronny-black\/\" \/>\n<meta property=\"og:site_name\" content=\"Fluff\" \/>\n<meta property=\"article:modified_time\" content=\"2026-04-23T12:18:34+00:00\" \/>\n<meta property=\"og:image\" content=\"https:\/\/fluffouterwear.com\/wp-content\/uploads\/2025\/09\/shearling-reversible-long-coat-black1.jpg\" \/>\n\t<meta property=\"og:image:width\" content=\"1185\" \/>\n\t<meta property=\"og:image:height\" content=\"1310\" \/>\n\t<meta property=\"og:image:type\" content=\"image\/jpeg\" \/>\n<meta name=\"twitter:card\" content=\"summary_large_image\" \/>\n<meta name=\"twitter:label1\" content=\"Szacowany czas czytania\" \/>\n\t<meta name=\"twitter:data1\" content=\"1 minuta\" \/>\n<script type=\"application\/ld+json\" class=\"yoast-schema-graph\">{\"@context\":\"https:\/\/schema.org\",\"@graph\":[{\"@type\":\"WebPage\",\"@id\":\"https:\/\/fluffouterwear.com\/pl\/produkt\/dlugi-kozuch-dwustronny-black\/\",\"url\":\"https:\/\/fluffouterwear.com\/pl\/produkt\/dlugi-kozuch-dwustronny-black\/\",\"name\":\"D\u0142ugi ko\u017cuch dwustronny Black - Fluff\",\"isPartOf\":{\"@id\":\"https:\/\/fluffouterwear.com\/pl\/#website\"},\"primaryImageOfPage\":{\"@id\":\"https:\/\/fluffouterwear.com\/pl\/produkt\/dlugi-kozuch-dwustronny-black\/#primaryimage\"},\"image\":{\"@id\":\"https:\/\/fluffouterwear.com\/pl\/produkt\/dlugi-kozuch-dwustronny-black\/#primaryimage\"},\"thumbnailUrl\":\"https:\/\/fluffouterwear.com\/wp-content\/uploads\/2025\/09\/shearling-reversible-long-coat-black1.jpg\",\"datePublished\":\"2025-09-22T18:37:42+00:00\",\"dateModified\":\"2026-04-23T12:18:34+00:00\",\"breadcrumb\":{\"@id\":\"https:\/\/fluffouterwear.com\/pl\/produkt\/dlugi-kozuch-dwustronny-black\/#breadcrumb\"},\"inLanguage\":\"pl-PL\",\"potentialAction\":[{\"@type\":\"ReadAction\",\"target\":[\"https:\/\/fluffouterwear.com\/pl\/produkt\/dlugi-kozuch-dwustronny-black\/\"]}]},{\"@type\":\"ImageObject\",\"inLanguage\":\"pl-PL\",\"@id\":\"https:\/\/fluffouterwear.com\/pl\/produkt\/dlugi-kozuch-dwustronny-black\/#primaryimage\",\"url\":\"https:\/\/fluffouterwear.com\/wp-content\/uploads\/2025\/09\/shearling-reversible-long-coat-black1.jpg\",\"contentUrl\":\"https:\/\/fluffouterwear.com\/wp-content\/uploads\/2025\/09\/shearling-reversible-long-coat-black1.jpg\",\"width\":1185,\"height\":1310},{\"@type\":\"BreadcrumbList\",\"@id\":\"https:\/\/fluffouterwear.com\/pl\/produkt\/dlugi-kozuch-dwustronny-black\/#breadcrumb\",\"itemListElement\":[{\"@type\":\"ListItem\",\"position\":1,\"name\":\"Strona g\u0142\u00f3wna\",\"item\":\"https:\/\/fluffouterwear.com\/pl\/\"},{\"@type\":\"ListItem\",\"position\":2,\"name\":\"Sklep\",\"item\":\"https:\/\/fluffouterwear.com\/pl\/sklep\/\"},{\"@type\":\"ListItem\",\"position\":3,\"name\":\"D\u0142ugi ko\u017cuch dwustronny Black\"}]},{\"@type\":\"WebSite\",\"@id\":\"https:\/\/fluffouterwear.com\/pl\/#website\",\"url\":\"https:\/\/fluffouterwear.com\/pl\/\",\"name\":\"Fluff\",\"description\":\"\",\"potentialAction\":[{\"@type\":\"SearchAction\",\"target\":{\"@type\":\"EntryPoint\",\"urlTemplate\":\"https:\/\/fluffouterwear.com\/pl\/?s={search_term_string}\"},\"query-input\":{\"@type\":\"PropertyValueSpecification\",\"valueRequired\":true,\"valueName\":\"search_term_string\"}}],\"inLanguage\":\"pl-PL\"}]}<\/script>\n<!-- \/ Yoast SEO plugin. -->","yoast_head_json":{"title":"D\u0142ugi ko\u017cuch dwustronny Black - Fluff","robots":{"index":"index","follow":"follow","max-snippet":"max-snippet:-1","max-image-preview":"max-image-preview:large","max-video-preview":"max-video-preview:-1"},"canonical":"https:\/\/fluffouterwear.com\/pl\/produkt\/dlugi-kozuch-dwustronny-black\/","og_locale":"pl_PL","og_type":"article","og_title":"D\u0142ugi ko\u017cuch dwustronny Black - Fluff","og_description":"ONE SIZE - ROZMIAR UNIWERSALNY","og_url":"https:\/\/fluffouterwear.com\/pl\/produkt\/dlugi-kozuch-dwustronny-black\/","og_site_name":"Fluff","article_modified_time":"2026-04-23T12:18:34+00:00","og_image":[{"width":1185,"height":1310,"url":"https:\/\/fluffouterwear.com\/wp-content\/uploads\/2025\/09\/shearling-reversible-long-coat-black1.jpg","type":"image\/jpeg"}],"twitter_card":"summary_large_image","twitter_misc":{"Szacowany czas czytania":"1 minuta"},"schema":{"@context":"https:\/\/schema.org","@graph":[{"@type":"WebPage","@id":"https:\/\/fluffouterwear.com\/pl\/produkt\/dlugi-kozuch-dwustronny-black\/","url":"https:\/\/fluffouterwear.com\/pl\/produkt\/dlugi-kozuch-dwustronny-black\/","name":"D\u0142ugi ko\u017cuch dwustronny Black - Fluff","isPartOf":{"@id":"https:\/\/fluffouterwear.com\/pl\/#website"},"primaryImageOfPage":{"@id":"https:\/\/fluffouterwear.com\/pl\/produkt\/dlugi-kozuch-dwustronny-black\/#primaryimage"},"image":{"@id":"https:\/\/fluffouterwear.com\/pl\/produkt\/dlugi-kozuch-dwustronny-black\/#primaryimage"},"thumbnailUrl":"https:\/\/fluffouterwear.com\/wp-content\/uploads\/2025\/09\/shearling-reversible-long-coat-black1.jpg","datePublished":"2025-09-22T18:37:42+00:00","dateModified":"2026-04-23T12:18:34+00:00","breadcrumb":{"@id":"https:\/\/fluffouterwear.com\/pl\/produkt\/dlugi-kozuch-dwustronny-black\/#breadcrumb"},"inLanguage":"pl-PL","potentialAction":[{"@type":"ReadAction","target":["https:\/\/fluffouterwear.com\/pl\/produkt\/dlugi-kozuch-dwustronny-black\/"]}]},{"@type":"ImageObject","inLanguage":"pl-PL","@id":"https:\/\/fluffouterwear.com\/pl\/produkt\/dlugi-kozuch-dwustronny-black\/#primaryimage","url":"https:\/\/fluffouterwear.com\/wp-content\/uploads\/2025\/09\/shearling-reversible-long-coat-black1.jpg","contentUrl":"https:\/\/fluffouterwear.com\/wp-content\/uploads\/2025\/09\/shearling-reversible-long-coat-black1.jpg","width":1185,"height":1310},{"@type":"BreadcrumbList","@id":"https:\/\/fluffouterwear.com\/pl\/produkt\/dlugi-kozuch-dwustronny-black\/#breadcrumb","itemListElement":[{"@type":"ListItem","position":1,"name":"Strona g\u0142\u00f3wna","item":"https:\/\/fluffouterwear.com\/pl\/"},{"@type":"ListItem","position":2,"name":"Sklep","item":"https:\/\/fluffouterwear.com\/pl\/sklep\/"},{"@type":"ListItem","position":3,"name":"D\u0142ugi ko\u017cuch dwustronny Black"}]},{"@type":"WebSite","@id":"https:\/\/fluffouterwear.com\/pl\/#website","url":"https:\/\/fluffouterwear.com\/pl\/","name":"Fluff","description":"","potentialAction":[{"@type":"SearchAction","target":{"@type":"EntryPoint","urlTemplate":"https:\/\/fluffouterwear.com\/pl\/?s={search_term_string}"},"query-input":{"@type":"PropertyValueSpecification","valueRequired":true,"valueName":"search_term_string"}}],"inLanguage":"pl-PL"}]}},"_links":{"self":[{"href":"https:\/\/fluffouterwear.com\/pl\/wp-json\/wp\/v2\/product\/103194","targetHints":{"allow":["GET"]}}],"collection":[{"href":"https:\/\/fluffouterwear.com\/pl\/wp-json\/wp\/v2\/product"}],"about":[{"href":"https:\/\/fluffouterwear.com\/pl\/wp-json\/wp\/v2\/types\/product"}],"replies":[{"embeddable":true,"href":"https:\/\/fluffouterwear.com\/pl\/wp-json\/wp\/v2\/comments?post=103194"}],"wp:featuredmedia":[{"embeddable":true,"href":"https:\/\/fluffouterwear.com\/pl\/wp-json\/wp\/v2\/media\/105849"}],"wp:attachment":[{"href":"https:\/\/fluffouterwear.com\/pl\/wp-json\/wp\/v2\/media?parent=103194"}],"wp:term":[{"taxonomy":"product_brand","embeddable":true,"href":"https:\/\/fluffouterwear.com\/pl\/wp-json\/wp\/v2\/product_brand?post=103194"},{"taxonomy":"product_cat","embeddable":true,"href":"https:\/\/fluffouterwear.com\/pl\/wp-json\/wp\/v2\/product_cat?post=103194"},{"taxonomy":"product_tag","embeddable":true,"href":"https:\/\/fluffouterwear.com\/pl\/wp-json\/wp\/v2\/product_tag?post=103194"}],"curies":[{"name":"wp","href":"https:\/\/api.w.org\/{rel}","templated":true}]}}