{"id":103217,"date":"2025-04-25T10:00:14","date_gmt":"2025-04-25T08:00:14","guid":{"rendered":"https:\/\/fluffouterwear.com\/?post_type=product&#038;p=103217"},"modified":"2026-03-25T09:25:26","modified_gmt":"2026-03-25T08:25:26","slug":"kurtka-puchowa-meska-zielen-khaki","status":"publish","type":"product","link":"https:\/\/fluffouterwear.com\/pl\/produkt\/kurtka-puchowa-meska-zielen-khaki\/","title":{"rendered":"Kurtka puchowa z kieszonk\u0105 Khaki"},"content":{"rendered":"<h4><strong>M\u0119ska kurtka puchowa pikowana<\/strong><\/h4>\n<p>Je\u015bli w modzie stawiasz przede wszystkim na proste, ponadczasowe rozwi\u0105zania, ta<strong> puchowa kurtka zimowa<\/strong> z powodzeniem mo\u017ce stanowi\u0107 podstaw\u0119 Twojej garderoby w mro\u017ane dni. <strong>Kurtka zimowa FLUFF o<\/strong>kazuje si\u0119 niezwykle lekka, ale przy tym niezawodna, je\u015bli chodzi o ochron\u0119 przed mrozem &#8211; bazuj\u0105ce na naturalnym g\u0119sim puchu wype\u0142nienie o optymalnym sk\u0142adzie zapewnia pe\u0142en komfort u\u017cytkowania w temperaturach do -25 st. C. Projekt ten wzbogacili\u015bmy te\u017c o kaptur oraz kieszenie &#8211; dwie klasyczne, w kt\u00f3rych mo\u017cesz ogrza\u0107 d\u0142onie raz dodatkow\u0105 kieszonk\u0119 na klatce piersiowej.<\/p>\n<p>Zachowaj ciep\u0142o i komfort podczas mroz\u00f3w, kiedy temperatury spadaj\u0105 do -25 \u00b0C. Nasze zimowe produkty sprawi\u0105, \u017ce zima stanie si\u0119 Twoj\u0105 ulubion\u0105 por\u0105 roku!<\/p>\n","protected":false},"excerpt":{"rendered":"<p>M\u0119ska kurtka puchowa pikowana Je\u015bli w modzie stawiasz przede wszystkim na proste, ponadczasowe rozwi\u0105zania, ta puchowa kurtka zimowa z powodzeniem mo\u017ce stanowi\u0107 podstaw\u0119 Twojej garderoby w mro\u017ane dni. Kurtka zimowa FLUFF okazuje si\u0119 niezwykle lekka, ale przy tym niezawodna, je\u015bli chodzi o ochron\u0119 przed mrozem &#8211; bazuj\u0105ce na naturalnym g\u0119sim puchu wype\u0142nienie o optymalnym sk\u0142adzie [&#8230;]\n","protected":false},"featured_media":105745,"comment_status":"open","ping_status":"closed","template":"","meta":{"_acf_changed":false},"product_brand":[],"product_cat":[304,569],"product_tag":[],"class_list":{"0":"post-103217","1":"product","2":"type-product","3":"status-publish","4":"has-post-thumbnail","6":"product_cat-mezczyzna","7":"product_cat-kurtki-meskie","9":"first","10":"instock","11":"shipping-taxable","12":"purchasable","13":"product-type-variable"},"acf":[],"yoast_head":"<!-- This site is optimized with the Yoast SEO plugin v27.0 - https:\/\/yoast.com\/product\/yoast-seo-wordpress\/ -->\n<title>M\u0119ska kurtka puchowa Khaki - Fluff<\/title>\n<meta name=\"description\" content=\"Zachowaj ciep\u0142o i komfort podczas mroz\u00f3w, nawet do -25\u00b0C. Nasze zimowe produkty sprawi\u0105, \u017ce zima stanie si\u0119 Twoj\u0105 ulubion\u0105 por\u0105 roku!\" \/>\n<meta name=\"robots\" content=\"index, follow, max-snippet:-1, max-image-preview:large, max-video-preview:-1\" \/>\n<link rel=\"canonical\" href=\"https:\/\/fluffouterwear.com\/pl\/produkt\/kurtka-puchowa-meska-zielen-khaki\/\" \/>\n<meta property=\"og:locale\" content=\"pl_PL\" \/>\n<meta property=\"og:type\" content=\"article\" \/>\n<meta property=\"og:title\" content=\"M\u0119ska kurtka puchowa Khaki - Fluff\" \/>\n<meta property=\"og:description\" content=\"Zachowaj ciep\u0142o i komfort podczas mroz\u00f3w, nawet do -25\u00b0C. Nasze zimowe produkty sprawi\u0105, \u017ce zima stanie si\u0119 Twoj\u0105 ulubion\u0105 por\u0105 roku!\" \/>\n<meta property=\"og:url\" content=\"https:\/\/fluffouterwear.com\/pl\/produkt\/kurtka-puchowa-meska-zielen-khaki\/\" \/>\n<meta property=\"og:site_name\" content=\"Fluff\" \/>\n<meta property=\"article:modified_time\" content=\"2026-03-25T08:25:26+00:00\" \/>\n<meta property=\"og:image\" content=\"https:\/\/fluffouterwear.com\/wp-content\/uploads\/2025\/09\/man-jacket-khaki-2.jpg\" \/>\n\t<meta property=\"og:image:width\" content=\"1185\" \/>\n\t<meta property=\"og:image:height\" content=\"1310\" \/>\n\t<meta property=\"og:image:type\" content=\"image\/jpeg\" \/>\n<meta name=\"twitter:card\" content=\"summary_large_image\" \/>\n<meta name=\"twitter:label1\" content=\"Szacowany czas czytania\" \/>\n\t<meta name=\"twitter:data1\" content=\"1 minuta\" \/>\n<script type=\"application\/ld+json\" class=\"yoast-schema-graph\">{\"@context\":\"https:\/\/schema.org\",\"@graph\":[{\"@type\":\"WebPage\",\"@id\":\"https:\/\/fluffouterwear.com\/pl\/produkt\/kurtka-puchowa-meska-zielen-khaki\/\",\"url\":\"https:\/\/fluffouterwear.com\/pl\/produkt\/kurtka-puchowa-meska-zielen-khaki\/\",\"name\":\"M\u0119ska kurtka puchowa Khaki - Fluff\",\"isPartOf\":{\"@id\":\"https:\/\/fluffouterwear.com\/pl\/#website\"},\"primaryImageOfPage\":{\"@id\":\"https:\/\/fluffouterwear.com\/pl\/produkt\/kurtka-puchowa-meska-zielen-khaki\/#primaryimage\"},\"image\":{\"@id\":\"https:\/\/fluffouterwear.com\/pl\/produkt\/kurtka-puchowa-meska-zielen-khaki\/#primaryimage\"},\"thumbnailUrl\":\"https:\/\/fluffouterwear.com\/wp-content\/uploads\/2025\/09\/man-jacket-khaki-2.jpg\",\"datePublished\":\"2025-04-25T08:00:14+00:00\",\"dateModified\":\"2026-03-25T08:25:26+00:00\",\"description\":\"Zachowaj ciep\u0142o i komfort podczas mroz\u00f3w, nawet do -25\u00b0C. Nasze zimowe produkty sprawi\u0105, \u017ce zima stanie si\u0119 Twoj\u0105 ulubion\u0105 por\u0105 roku!\",\"breadcrumb\":{\"@id\":\"https:\/\/fluffouterwear.com\/pl\/produkt\/kurtka-puchowa-meska-zielen-khaki\/#breadcrumb\"},\"inLanguage\":\"pl-PL\",\"potentialAction\":[{\"@type\":\"ReadAction\",\"target\":[\"https:\/\/fluffouterwear.com\/pl\/produkt\/kurtka-puchowa-meska-zielen-khaki\/\"]}]},{\"@type\":\"ImageObject\",\"inLanguage\":\"pl-PL\",\"@id\":\"https:\/\/fluffouterwear.com\/pl\/produkt\/kurtka-puchowa-meska-zielen-khaki\/#primaryimage\",\"url\":\"https:\/\/fluffouterwear.com\/wp-content\/uploads\/2025\/09\/man-jacket-khaki-2.jpg\",\"contentUrl\":\"https:\/\/fluffouterwear.com\/wp-content\/uploads\/2025\/09\/man-jacket-khaki-2.jpg\",\"width\":1185,\"height\":1310},{\"@type\":\"BreadcrumbList\",\"@id\":\"https:\/\/fluffouterwear.com\/pl\/produkt\/kurtka-puchowa-meska-zielen-khaki\/#breadcrumb\",\"itemListElement\":[{\"@type\":\"ListItem\",\"position\":1,\"name\":\"Strona g\u0142\u00f3wna\",\"item\":\"https:\/\/fluffouterwear.com\/pl\/\"},{\"@type\":\"ListItem\",\"position\":2,\"name\":\"Sklep\",\"item\":\"https:\/\/fluffouterwear.com\/pl\/sklep\/\"},{\"@type\":\"ListItem\",\"position\":3,\"name\":\"Kurtka puchowa z kieszonk\u0105 Khaki\"}]},{\"@type\":\"WebSite\",\"@id\":\"https:\/\/fluffouterwear.com\/pl\/#website\",\"url\":\"https:\/\/fluffouterwear.com\/pl\/\",\"name\":\"Fluff\",\"description\":\"\",\"potentialAction\":[{\"@type\":\"SearchAction\",\"target\":{\"@type\":\"EntryPoint\",\"urlTemplate\":\"https:\/\/fluffouterwear.com\/pl\/?s={search_term_string}\"},\"query-input\":{\"@type\":\"PropertyValueSpecification\",\"valueRequired\":true,\"valueName\":\"search_term_string\"}}],\"inLanguage\":\"pl-PL\"}]}<\/script>\n<!-- \/ Yoast SEO plugin. -->","yoast_head_json":{"title":"M\u0119ska kurtka puchowa Khaki - Fluff","description":"Zachowaj ciep\u0142o i komfort podczas mroz\u00f3w, nawet do -25\u00b0C. Nasze zimowe produkty sprawi\u0105, \u017ce zima stanie si\u0119 Twoj\u0105 ulubion\u0105 por\u0105 roku!","robots":{"index":"index","follow":"follow","max-snippet":"max-snippet:-1","max-image-preview":"max-image-preview:large","max-video-preview":"max-video-preview:-1"},"canonical":"https:\/\/fluffouterwear.com\/pl\/produkt\/kurtka-puchowa-meska-zielen-khaki\/","og_locale":"pl_PL","og_type":"article","og_title":"M\u0119ska kurtka puchowa Khaki - Fluff","og_description":"Zachowaj ciep\u0142o i komfort podczas mroz\u00f3w, nawet do -25\u00b0C. Nasze zimowe produkty sprawi\u0105, \u017ce zima stanie si\u0119 Twoj\u0105 ulubion\u0105 por\u0105 roku!","og_url":"https:\/\/fluffouterwear.com\/pl\/produkt\/kurtka-puchowa-meska-zielen-khaki\/","og_site_name":"Fluff","article_modified_time":"2026-03-25T08:25:26+00:00","og_image":[{"width":1185,"height":1310,"url":"https:\/\/fluffouterwear.com\/wp-content\/uploads\/2025\/09\/man-jacket-khaki-2.jpg","type":"image\/jpeg"}],"twitter_card":"summary_large_image","twitter_misc":{"Szacowany czas czytania":"1 minuta"},"schema":{"@context":"https:\/\/schema.org","@graph":[{"@type":"WebPage","@id":"https:\/\/fluffouterwear.com\/pl\/produkt\/kurtka-puchowa-meska-zielen-khaki\/","url":"https:\/\/fluffouterwear.com\/pl\/produkt\/kurtka-puchowa-meska-zielen-khaki\/","name":"M\u0119ska kurtka puchowa Khaki - Fluff","isPartOf":{"@id":"https:\/\/fluffouterwear.com\/pl\/#website"},"primaryImageOfPage":{"@id":"https:\/\/fluffouterwear.com\/pl\/produkt\/kurtka-puchowa-meska-zielen-khaki\/#primaryimage"},"image":{"@id":"https:\/\/fluffouterwear.com\/pl\/produkt\/kurtka-puchowa-meska-zielen-khaki\/#primaryimage"},"thumbnailUrl":"https:\/\/fluffouterwear.com\/wp-content\/uploads\/2025\/09\/man-jacket-khaki-2.jpg","datePublished":"2025-04-25T08:00:14+00:00","dateModified":"2026-03-25T08:25:26+00:00","description":"Zachowaj ciep\u0142o i komfort podczas mroz\u00f3w, nawet do -25\u00b0C. Nasze zimowe produkty sprawi\u0105, \u017ce zima stanie si\u0119 Twoj\u0105 ulubion\u0105 por\u0105 roku!","breadcrumb":{"@id":"https:\/\/fluffouterwear.com\/pl\/produkt\/kurtka-puchowa-meska-zielen-khaki\/#breadcrumb"},"inLanguage":"pl-PL","potentialAction":[{"@type":"ReadAction","target":["https:\/\/fluffouterwear.com\/pl\/produkt\/kurtka-puchowa-meska-zielen-khaki\/"]}]},{"@type":"ImageObject","inLanguage":"pl-PL","@id":"https:\/\/fluffouterwear.com\/pl\/produkt\/kurtka-puchowa-meska-zielen-khaki\/#primaryimage","url":"https:\/\/fluffouterwear.com\/wp-content\/uploads\/2025\/09\/man-jacket-khaki-2.jpg","contentUrl":"https:\/\/fluffouterwear.com\/wp-content\/uploads\/2025\/09\/man-jacket-khaki-2.jpg","width":1185,"height":1310},{"@type":"BreadcrumbList","@id":"https:\/\/fluffouterwear.com\/pl\/produkt\/kurtka-puchowa-meska-zielen-khaki\/#breadcrumb","itemListElement":[{"@type":"ListItem","position":1,"name":"Strona g\u0142\u00f3wna","item":"https:\/\/fluffouterwear.com\/pl\/"},{"@type":"ListItem","position":2,"name":"Sklep","item":"https:\/\/fluffouterwear.com\/pl\/sklep\/"},{"@type":"ListItem","position":3,"name":"Kurtka puchowa z kieszonk\u0105 Khaki"}]},{"@type":"WebSite","@id":"https:\/\/fluffouterwear.com\/pl\/#website","url":"https:\/\/fluffouterwear.com\/pl\/","name":"Fluff","description":"","potentialAction":[{"@type":"SearchAction","target":{"@type":"EntryPoint","urlTemplate":"https:\/\/fluffouterwear.com\/pl\/?s={search_term_string}"},"query-input":{"@type":"PropertyValueSpecification","valueRequired":true,"valueName":"search_term_string"}}],"inLanguage":"pl-PL"}]}},"_links":{"self":[{"href":"https:\/\/fluffouterwear.com\/pl\/wp-json\/wp\/v2\/product\/103217","targetHints":{"allow":["GET"]}}],"collection":[{"href":"https:\/\/fluffouterwear.com\/pl\/wp-json\/wp\/v2\/product"}],"about":[{"href":"https:\/\/fluffouterwear.com\/pl\/wp-json\/wp\/v2\/types\/product"}],"replies":[{"embeddable":true,"href":"https:\/\/fluffouterwear.com\/pl\/wp-json\/wp\/v2\/comments?post=103217"}],"wp:featuredmedia":[{"embeddable":true,"href":"https:\/\/fluffouterwear.com\/pl\/wp-json\/wp\/v2\/media\/105745"}],"wp:attachment":[{"href":"https:\/\/fluffouterwear.com\/pl\/wp-json\/wp\/v2\/media?parent=103217"}],"wp:term":[{"taxonomy":"product_brand","embeddable":true,"href":"https:\/\/fluffouterwear.com\/pl\/wp-json\/wp\/v2\/product_brand?post=103217"},{"taxonomy":"product_cat","embeddable":true,"href":"https:\/\/fluffouterwear.com\/pl\/wp-json\/wp\/v2\/product_cat?post=103217"},{"taxonomy":"product_tag","embeddable":true,"href":"https:\/\/fluffouterwear.com\/pl\/wp-json\/wp\/v2\/product_tag?post=103217"}],"curies":[{"name":"wp","href":"https:\/\/api.w.org\/{rel}","templated":true}]}}