{"id":103255,"date":"2025-04-25T10:54:35","date_gmt":"2025-04-25T08:54:35","guid":{"rendered":"https:\/\/fluffouterwear.com\/?post_type=product&#038;p=103255"},"modified":"2026-04-05T09:56:06","modified_gmt":"2026-04-05T07:56:06","slug":"czapka-welna-kaszmir-light-grey","status":"publish","type":"product","link":"https:\/\/fluffouterwear.com\/pl\/produkt\/czapka-welna-kaszmir-light-grey\/","title":{"rendered":"Czapka merino z kaszmirem Light grey"},"content":{"rendered":"<p><strong>Czapka damska Fluff<\/strong> wykonana z mieszanki <strong>90% we\u0142ny merino extrafine superior i 10% kaszmiru<\/strong> to idealne po\u0142\u0105czenie funkcjonalno\u015bci i elegancji. Naturalne w\u0142\u00f3kna sprawiaj\u0105, \u017ce jest mi\u0119kka, ciep\u0142a i przyjemna w noszeniu, a jednocze\u015bnie lekka i oddychaj\u0105ca. Klasyczny, minimalistyczny fason <strong>czapki<\/strong> doskonale uzupe\u0142nia codzienne stylizacje, zapewniaj\u0105c komfort w ch\u0142odniejsze dni.<\/p>\n<p>Dzi\u0119ki uniwersalnemu krojowi i ponadczasowemu charakterowi, <strong>we\u0142niana czapka<\/strong> z kaszmirem Fluff sprawdzi si\u0119 zar\u00f3wno jako praktyczne akcesorium, jak i luksusowy detal garderoby. To dodatek, kt\u00f3ry \u0142\u0105czy prostot\u0119, wysok\u0105 jako\u015b\u0107 i naturalne pi\u0119kno.<\/p>\n","protected":false},"excerpt":{"rendered":"<p><strong>ONE SIZE<\/strong><\/p>\n","protected":false},"featured_media":105875,"comment_status":"closed","ping_status":"closed","template":"","meta":{"_acf_changed":false},"product_brand":[],"product_cat":[1055,382,1064],"product_tag":[],"class_list":{"0":"post-103255","1":"product","2":"type-product","3":"status-publish","4":"has-post-thumbnail","6":"product_cat-akcesoria-pl-2","7":"product_cat-outlet-pl","8":"product_cat-kobieta-pl","10":"first","11":"outofstock","12":"sale","13":"shipping-taxable","14":"purchasable","15":"product-type-simple"},"acf":[],"yoast_head":"<!-- This site is optimized with the Yoast SEO plugin v27.0 - https:\/\/yoast.com\/product\/yoast-seo-wordpress\/ -->\n<title>Czapka merino z kaszmirem Light grey - Fluff<\/title>\n<meta name=\"robots\" content=\"index, follow, max-snippet:-1, max-image-preview:large, max-video-preview:-1\" \/>\n<link rel=\"canonical\" href=\"https:\/\/fluffouterwear.com\/pl\/produkt\/czapka-welna-kaszmir-light-grey\/\" \/>\n<meta property=\"og:locale\" content=\"pl_PL\" \/>\n<meta property=\"og:type\" content=\"article\" \/>\n<meta property=\"og:title\" content=\"Czapka merino z kaszmirem Light grey - Fluff\" \/>\n<meta property=\"og:description\" content=\"ONE SIZE\" \/>\n<meta property=\"og:url\" content=\"https:\/\/fluffouterwear.com\/pl\/produkt\/czapka-welna-kaszmir-light-grey\/\" \/>\n<meta property=\"og:site_name\" content=\"Fluff\" \/>\n<meta property=\"article:modified_time\" content=\"2026-04-05T07:56:06+00:00\" \/>\n<meta property=\"og:image\" content=\"https:\/\/fluffouterwear.com\/wp-content\/uploads\/2025\/09\/wool-cashmere-hat-gray.jpg\" \/>\n\t<meta property=\"og:image:width\" content=\"1185\" \/>\n\t<meta property=\"og:image:height\" content=\"1310\" \/>\n\t<meta property=\"og:image:type\" content=\"image\/jpeg\" \/>\n<meta name=\"twitter:card\" content=\"summary_large_image\" \/>\n<meta name=\"twitter:label1\" content=\"Szacowany czas czytania\" \/>\n\t<meta name=\"twitter:data1\" content=\"1 minuta\" \/>\n<script type=\"application\/ld+json\" class=\"yoast-schema-graph\">{\"@context\":\"https:\/\/schema.org\",\"@graph\":[{\"@type\":\"WebPage\",\"@id\":\"https:\/\/fluffouterwear.com\/pl\/produkt\/czapka-welna-kaszmir-light-grey\/\",\"url\":\"https:\/\/fluffouterwear.com\/pl\/produkt\/czapka-welna-kaszmir-light-grey\/\",\"name\":\"Czapka merino z kaszmirem Light grey - Fluff\",\"isPartOf\":{\"@id\":\"https:\/\/fluffouterwear.com\/pl\/#website\"},\"primaryImageOfPage\":{\"@id\":\"https:\/\/fluffouterwear.com\/pl\/produkt\/czapka-welna-kaszmir-light-grey\/#primaryimage\"},\"image\":{\"@id\":\"https:\/\/fluffouterwear.com\/pl\/produkt\/czapka-welna-kaszmir-light-grey\/#primaryimage\"},\"thumbnailUrl\":\"https:\/\/fluffouterwear.com\/wp-content\/uploads\/2025\/09\/wool-cashmere-hat-gray.jpg\",\"datePublished\":\"2025-04-25T08:54:35+00:00\",\"dateModified\":\"2026-04-05T07:56:06+00:00\",\"breadcrumb\":{\"@id\":\"https:\/\/fluffouterwear.com\/pl\/produkt\/czapka-welna-kaszmir-light-grey\/#breadcrumb\"},\"inLanguage\":\"pl-PL\",\"potentialAction\":[{\"@type\":\"ReadAction\",\"target\":[\"https:\/\/fluffouterwear.com\/pl\/produkt\/czapka-welna-kaszmir-light-grey\/\"]}]},{\"@type\":\"ImageObject\",\"inLanguage\":\"pl-PL\",\"@id\":\"https:\/\/fluffouterwear.com\/pl\/produkt\/czapka-welna-kaszmir-light-grey\/#primaryimage\",\"url\":\"https:\/\/fluffouterwear.com\/wp-content\/uploads\/2025\/09\/wool-cashmere-hat-gray.jpg\",\"contentUrl\":\"https:\/\/fluffouterwear.com\/wp-content\/uploads\/2025\/09\/wool-cashmere-hat-gray.jpg\",\"width\":1185,\"height\":1310},{\"@type\":\"BreadcrumbList\",\"@id\":\"https:\/\/fluffouterwear.com\/pl\/produkt\/czapka-welna-kaszmir-light-grey\/#breadcrumb\",\"itemListElement\":[{\"@type\":\"ListItem\",\"position\":1,\"name\":\"Strona g\u0142\u00f3wna\",\"item\":\"https:\/\/fluffouterwear.com\/pl\/\"},{\"@type\":\"ListItem\",\"position\":2,\"name\":\"Sklep\",\"item\":\"https:\/\/fluffouterwear.com\/pl\/sklep\/\"},{\"@type\":\"ListItem\",\"position\":3,\"name\":\"Czapka merino z kaszmirem Light grey\"}]},{\"@type\":\"WebSite\",\"@id\":\"https:\/\/fluffouterwear.com\/pl\/#website\",\"url\":\"https:\/\/fluffouterwear.com\/pl\/\",\"name\":\"Fluff\",\"description\":\"\",\"potentialAction\":[{\"@type\":\"SearchAction\",\"target\":{\"@type\":\"EntryPoint\",\"urlTemplate\":\"https:\/\/fluffouterwear.com\/pl\/?s={search_term_string}\"},\"query-input\":{\"@type\":\"PropertyValueSpecification\",\"valueRequired\":true,\"valueName\":\"search_term_string\"}}],\"inLanguage\":\"pl-PL\"}]}<\/script>\n<!-- \/ Yoast SEO plugin. -->","yoast_head_json":{"title":"Czapka merino z kaszmirem Light grey - Fluff","robots":{"index":"index","follow":"follow","max-snippet":"max-snippet:-1","max-image-preview":"max-image-preview:large","max-video-preview":"max-video-preview:-1"},"canonical":"https:\/\/fluffouterwear.com\/pl\/produkt\/czapka-welna-kaszmir-light-grey\/","og_locale":"pl_PL","og_type":"article","og_title":"Czapka merino z kaszmirem Light grey - Fluff","og_description":"ONE SIZE","og_url":"https:\/\/fluffouterwear.com\/pl\/produkt\/czapka-welna-kaszmir-light-grey\/","og_site_name":"Fluff","article_modified_time":"2026-04-05T07:56:06+00:00","og_image":[{"width":1185,"height":1310,"url":"https:\/\/fluffouterwear.com\/wp-content\/uploads\/2025\/09\/wool-cashmere-hat-gray.jpg","type":"image\/jpeg"}],"twitter_card":"summary_large_image","twitter_misc":{"Szacowany czas czytania":"1 minuta"},"schema":{"@context":"https:\/\/schema.org","@graph":[{"@type":"WebPage","@id":"https:\/\/fluffouterwear.com\/pl\/produkt\/czapka-welna-kaszmir-light-grey\/","url":"https:\/\/fluffouterwear.com\/pl\/produkt\/czapka-welna-kaszmir-light-grey\/","name":"Czapka merino z kaszmirem Light grey - Fluff","isPartOf":{"@id":"https:\/\/fluffouterwear.com\/pl\/#website"},"primaryImageOfPage":{"@id":"https:\/\/fluffouterwear.com\/pl\/produkt\/czapka-welna-kaszmir-light-grey\/#primaryimage"},"image":{"@id":"https:\/\/fluffouterwear.com\/pl\/produkt\/czapka-welna-kaszmir-light-grey\/#primaryimage"},"thumbnailUrl":"https:\/\/fluffouterwear.com\/wp-content\/uploads\/2025\/09\/wool-cashmere-hat-gray.jpg","datePublished":"2025-04-25T08:54:35+00:00","dateModified":"2026-04-05T07:56:06+00:00","breadcrumb":{"@id":"https:\/\/fluffouterwear.com\/pl\/produkt\/czapka-welna-kaszmir-light-grey\/#breadcrumb"},"inLanguage":"pl-PL","potentialAction":[{"@type":"ReadAction","target":["https:\/\/fluffouterwear.com\/pl\/produkt\/czapka-welna-kaszmir-light-grey\/"]}]},{"@type":"ImageObject","inLanguage":"pl-PL","@id":"https:\/\/fluffouterwear.com\/pl\/produkt\/czapka-welna-kaszmir-light-grey\/#primaryimage","url":"https:\/\/fluffouterwear.com\/wp-content\/uploads\/2025\/09\/wool-cashmere-hat-gray.jpg","contentUrl":"https:\/\/fluffouterwear.com\/wp-content\/uploads\/2025\/09\/wool-cashmere-hat-gray.jpg","width":1185,"height":1310},{"@type":"BreadcrumbList","@id":"https:\/\/fluffouterwear.com\/pl\/produkt\/czapka-welna-kaszmir-light-grey\/#breadcrumb","itemListElement":[{"@type":"ListItem","position":1,"name":"Strona g\u0142\u00f3wna","item":"https:\/\/fluffouterwear.com\/pl\/"},{"@type":"ListItem","position":2,"name":"Sklep","item":"https:\/\/fluffouterwear.com\/pl\/sklep\/"},{"@type":"ListItem","position":3,"name":"Czapka merino z kaszmirem Light grey"}]},{"@type":"WebSite","@id":"https:\/\/fluffouterwear.com\/pl\/#website","url":"https:\/\/fluffouterwear.com\/pl\/","name":"Fluff","description":"","potentialAction":[{"@type":"SearchAction","target":{"@type":"EntryPoint","urlTemplate":"https:\/\/fluffouterwear.com\/pl\/?s={search_term_string}"},"query-input":{"@type":"PropertyValueSpecification","valueRequired":true,"valueName":"search_term_string"}}],"inLanguage":"pl-PL"}]}},"_links":{"self":[{"href":"https:\/\/fluffouterwear.com\/pl\/wp-json\/wp\/v2\/product\/103255","targetHints":{"allow":["GET"]}}],"collection":[{"href":"https:\/\/fluffouterwear.com\/pl\/wp-json\/wp\/v2\/product"}],"about":[{"href":"https:\/\/fluffouterwear.com\/pl\/wp-json\/wp\/v2\/types\/product"}],"replies":[{"embeddable":true,"href":"https:\/\/fluffouterwear.com\/pl\/wp-json\/wp\/v2\/comments?post=103255"}],"wp:featuredmedia":[{"embeddable":true,"href":"https:\/\/fluffouterwear.com\/pl\/wp-json\/wp\/v2\/media\/105875"}],"wp:attachment":[{"href":"https:\/\/fluffouterwear.com\/pl\/wp-json\/wp\/v2\/media?parent=103255"}],"wp:term":[{"taxonomy":"product_brand","embeddable":true,"href":"https:\/\/fluffouterwear.com\/pl\/wp-json\/wp\/v2\/product_brand?post=103255"},{"taxonomy":"product_cat","embeddable":true,"href":"https:\/\/fluffouterwear.com\/pl\/wp-json\/wp\/v2\/product_cat?post=103255"},{"taxonomy":"product_tag","embeddable":true,"href":"https:\/\/fluffouterwear.com\/pl\/wp-json\/wp\/v2\/product_tag?post=103255"}],"curies":[{"name":"wp","href":"https:\/\/api.w.org\/{rel}","templated":true}]}}