{"id":105491,"date":"2025-09-07T19:46:53","date_gmt":"2025-09-07T17:46:53","guid":{"rendered":"https:\/\/fluffouterwear.com\/?post_type=product&#038;p=105491"},"modified":"2026-02-03T22:13:16","modified_gmt":"2026-02-03T21:13:16","slug":"czapka-kozuchowa-brazowa","status":"publish","type":"product","link":"https:\/\/fluffouterwear.com\/pl\/produkt\/czapka-kozuchowa-brazowa\/","title":{"rendered":"Ko\u017cuchowa czapka Brown"},"content":{"rendered":"<p><strong>Czapka ko\u017cuchowa Fluff,<\/strong> wykonana w <strong>100% z naturalnej sk\u00f3ry owczej,<\/strong> to elegancki dodatek idealnie uzupe\u0142niaj\u0105cy dwustronne p\u0142aszcze z tej samej kolekcji. Mi\u0119kkie w\u0142osie\u00a0 zapewnia ciep\u0142o i komfort w ch\u0142odne dni.<\/p>\n<p><strong>Klasyczny fason czapki<\/strong> \u0142\u0105czy funkcjonalno\u015b\u0107 z ponadczasowym stylem, czyni\u0105c z niej praktyczny i luksusowy element zimowej garderoby. Dzi\u0119ki naturalnym materia\u0142om jest trwa\u0142a, oddychaj\u0105ca i przyjemna w noszeniu. <strong>Czapka ko\u017cuchowa Fluff<\/strong> to wyb\u00f3r dla kobiet ceni\u0105cych jako\u015b\u0107 i niebanalny styl niezale\u017cnie od pory roku.<\/p>\n","protected":false},"excerpt":{"rendered":"<p>Czapka ko\u017cuchowa Fluff, wykonana w 100% z naturalnej sk\u00f3ry owczej, to elegancki dodatek idealnie uzupe\u0142niaj\u0105cy dwustronne p\u0142aszcze z tej samej kolekcji. Mi\u0119kkie w\u0142osie\u00a0 zapewnia ciep\u0142o i komfort w ch\u0142odne dni. Klasyczny fason czapki \u0142\u0105czy funkcjonalno\u015b\u0107 z ponadczasowym stylem, czyni\u0105c z niej praktyczny i luksusowy element zimowej garderoby. Dzi\u0119ki naturalnym materia\u0142om jest trwa\u0142a, oddychaj\u0105ca i przyjemna [&#8230;]\n","protected":false},"featured_media":105839,"comment_status":"closed","ping_status":"closed","template":"","meta":{"_acf_changed":false},"product_brand":[],"product_cat":[305,377],"product_tag":[],"class_list":{"0":"post-105491","1":"product","2":"type-product","3":"status-publish","4":"has-post-thumbnail","6":"product_cat-kobieta","7":"product_cat-akcesoria-pl","9":"first","10":"instock","11":"shipping-taxable","12":"purchasable","13":"product-type-simple"},"acf":[],"yoast_head":"<!-- This site is optimized with the Yoast SEO plugin v27.0 - https:\/\/yoast.com\/product\/yoast-seo-wordpress\/ -->\n<title>Ko\u017cuchowa czapka Brown - Fluff<\/title>\n<meta name=\"robots\" content=\"index, follow, max-snippet:-1, max-image-preview:large, max-video-preview:-1\" \/>\n<link rel=\"canonical\" href=\"https:\/\/fluffouterwear.com\/pl\/produkt\/czapka-kozuchowa-brazowa\/\" \/>\n<meta property=\"og:locale\" content=\"pl_PL\" \/>\n<meta property=\"og:type\" content=\"article\" \/>\n<meta property=\"og:title\" content=\"Ko\u017cuchowa czapka Brown - Fluff\" \/>\n<meta property=\"og:description\" content=\"Czapka ko\u017cuchowa Fluff, wykonana w 100% z naturalnej sk\u00f3ry owczej, to elegancki dodatek idealnie uzupe\u0142niaj\u0105cy dwustronne p\u0142aszcze z tej samej kolekcji. Mi\u0119kkie w\u0142osie\u00a0 zapewnia ciep\u0142o i komfort w ch\u0142odne dni. Klasyczny fason czapki \u0142\u0105czy funkcjonalno\u015b\u0107 z ponadczasowym stylem, czyni\u0105c z niej praktyczny i luksusowy element zimowej garderoby. Dzi\u0119ki naturalnym materia\u0142om jest trwa\u0142a, oddychaj\u0105ca i przyjemna [...]\" \/>\n<meta property=\"og:url\" content=\"https:\/\/fluffouterwear.com\/pl\/produkt\/czapka-kozuchowa-brazowa\/\" \/>\n<meta property=\"og:site_name\" content=\"Fluff\" \/>\n<meta property=\"article:modified_time\" content=\"2026-02-03T21:13:16+00:00\" \/>\n<meta property=\"og:image\" content=\"https:\/\/fluffouterwear.com\/wp-content\/uploads\/2025\/09\/shearling-hat-brown.jpg\" \/>\n\t<meta property=\"og:image:width\" content=\"1185\" \/>\n\t<meta property=\"og:image:height\" content=\"1310\" \/>\n\t<meta property=\"og:image:type\" content=\"image\/jpeg\" \/>\n<meta name=\"twitter:card\" content=\"summary_large_image\" \/>\n<meta name=\"twitter:label1\" content=\"Szacowany czas czytania\" \/>\n\t<meta name=\"twitter:data1\" content=\"1 minuta\" \/>\n<script type=\"application\/ld+json\" class=\"yoast-schema-graph\">{\"@context\":\"https:\/\/schema.org\",\"@graph\":[{\"@type\":\"WebPage\",\"@id\":\"https:\/\/fluffouterwear.com\/pl\/produkt\/czapka-kozuchowa-brazowa\/\",\"url\":\"https:\/\/fluffouterwear.com\/pl\/produkt\/czapka-kozuchowa-brazowa\/\",\"name\":\"Ko\u017cuchowa czapka Brown - Fluff\",\"isPartOf\":{\"@id\":\"https:\/\/fluffouterwear.com\/pl\/#website\"},\"primaryImageOfPage\":{\"@id\":\"https:\/\/fluffouterwear.com\/pl\/produkt\/czapka-kozuchowa-brazowa\/#primaryimage\"},\"image\":{\"@id\":\"https:\/\/fluffouterwear.com\/pl\/produkt\/czapka-kozuchowa-brazowa\/#primaryimage\"},\"thumbnailUrl\":\"https:\/\/fluffouterwear.com\/wp-content\/uploads\/2025\/09\/shearling-hat-brown.jpg\",\"datePublished\":\"2025-09-07T17:46:53+00:00\",\"dateModified\":\"2026-02-03T21:13:16+00:00\",\"breadcrumb\":{\"@id\":\"https:\/\/fluffouterwear.com\/pl\/produkt\/czapka-kozuchowa-brazowa\/#breadcrumb\"},\"inLanguage\":\"pl-PL\",\"potentialAction\":[{\"@type\":\"ReadAction\",\"target\":[\"https:\/\/fluffouterwear.com\/pl\/produkt\/czapka-kozuchowa-brazowa\/\"]}]},{\"@type\":\"ImageObject\",\"inLanguage\":\"pl-PL\",\"@id\":\"https:\/\/fluffouterwear.com\/pl\/produkt\/czapka-kozuchowa-brazowa\/#primaryimage\",\"url\":\"https:\/\/fluffouterwear.com\/wp-content\/uploads\/2025\/09\/shearling-hat-brown.jpg\",\"contentUrl\":\"https:\/\/fluffouterwear.com\/wp-content\/uploads\/2025\/09\/shearling-hat-brown.jpg\",\"width\":1185,\"height\":1310},{\"@type\":\"BreadcrumbList\",\"@id\":\"https:\/\/fluffouterwear.com\/pl\/produkt\/czapka-kozuchowa-brazowa\/#breadcrumb\",\"itemListElement\":[{\"@type\":\"ListItem\",\"position\":1,\"name\":\"Strona g\u0142\u00f3wna\",\"item\":\"https:\/\/fluffouterwear.com\/pl\/\"},{\"@type\":\"ListItem\",\"position\":2,\"name\":\"Sklep\",\"item\":\"https:\/\/fluffouterwear.com\/pl\/sklep\/\"},{\"@type\":\"ListItem\",\"position\":3,\"name\":\"Ko\u017cuchowa czapka Brown\"}]},{\"@type\":\"WebSite\",\"@id\":\"https:\/\/fluffouterwear.com\/pl\/#website\",\"url\":\"https:\/\/fluffouterwear.com\/pl\/\",\"name\":\"Fluff\",\"description\":\"\",\"potentialAction\":[{\"@type\":\"SearchAction\",\"target\":{\"@type\":\"EntryPoint\",\"urlTemplate\":\"https:\/\/fluffouterwear.com\/pl\/?s={search_term_string}\"},\"query-input\":{\"@type\":\"PropertyValueSpecification\",\"valueRequired\":true,\"valueName\":\"search_term_string\"}}],\"inLanguage\":\"pl-PL\"}]}<\/script>\n<!-- \/ Yoast SEO plugin. -->","yoast_head_json":{"title":"Ko\u017cuchowa czapka Brown - Fluff","robots":{"index":"index","follow":"follow","max-snippet":"max-snippet:-1","max-image-preview":"max-image-preview:large","max-video-preview":"max-video-preview:-1"},"canonical":"https:\/\/fluffouterwear.com\/pl\/produkt\/czapka-kozuchowa-brazowa\/","og_locale":"pl_PL","og_type":"article","og_title":"Ko\u017cuchowa czapka Brown - Fluff","og_description":"Czapka ko\u017cuchowa Fluff, wykonana w 100% z naturalnej sk\u00f3ry owczej, to elegancki dodatek idealnie uzupe\u0142niaj\u0105cy dwustronne p\u0142aszcze z tej samej kolekcji. Mi\u0119kkie w\u0142osie\u00a0 zapewnia ciep\u0142o i komfort w ch\u0142odne dni. Klasyczny fason czapki \u0142\u0105czy funkcjonalno\u015b\u0107 z ponadczasowym stylem, czyni\u0105c z niej praktyczny i luksusowy element zimowej garderoby. Dzi\u0119ki naturalnym materia\u0142om jest trwa\u0142a, oddychaj\u0105ca i przyjemna [...]","og_url":"https:\/\/fluffouterwear.com\/pl\/produkt\/czapka-kozuchowa-brazowa\/","og_site_name":"Fluff","article_modified_time":"2026-02-03T21:13:16+00:00","og_image":[{"width":1185,"height":1310,"url":"https:\/\/fluffouterwear.com\/wp-content\/uploads\/2025\/09\/shearling-hat-brown.jpg","type":"image\/jpeg"}],"twitter_card":"summary_large_image","twitter_misc":{"Szacowany czas czytania":"1 minuta"},"schema":{"@context":"https:\/\/schema.org","@graph":[{"@type":"WebPage","@id":"https:\/\/fluffouterwear.com\/pl\/produkt\/czapka-kozuchowa-brazowa\/","url":"https:\/\/fluffouterwear.com\/pl\/produkt\/czapka-kozuchowa-brazowa\/","name":"Ko\u017cuchowa czapka Brown - Fluff","isPartOf":{"@id":"https:\/\/fluffouterwear.com\/pl\/#website"},"primaryImageOfPage":{"@id":"https:\/\/fluffouterwear.com\/pl\/produkt\/czapka-kozuchowa-brazowa\/#primaryimage"},"image":{"@id":"https:\/\/fluffouterwear.com\/pl\/produkt\/czapka-kozuchowa-brazowa\/#primaryimage"},"thumbnailUrl":"https:\/\/fluffouterwear.com\/wp-content\/uploads\/2025\/09\/shearling-hat-brown.jpg","datePublished":"2025-09-07T17:46:53+00:00","dateModified":"2026-02-03T21:13:16+00:00","breadcrumb":{"@id":"https:\/\/fluffouterwear.com\/pl\/produkt\/czapka-kozuchowa-brazowa\/#breadcrumb"},"inLanguage":"pl-PL","potentialAction":[{"@type":"ReadAction","target":["https:\/\/fluffouterwear.com\/pl\/produkt\/czapka-kozuchowa-brazowa\/"]}]},{"@type":"ImageObject","inLanguage":"pl-PL","@id":"https:\/\/fluffouterwear.com\/pl\/produkt\/czapka-kozuchowa-brazowa\/#primaryimage","url":"https:\/\/fluffouterwear.com\/wp-content\/uploads\/2025\/09\/shearling-hat-brown.jpg","contentUrl":"https:\/\/fluffouterwear.com\/wp-content\/uploads\/2025\/09\/shearling-hat-brown.jpg","width":1185,"height":1310},{"@type":"BreadcrumbList","@id":"https:\/\/fluffouterwear.com\/pl\/produkt\/czapka-kozuchowa-brazowa\/#breadcrumb","itemListElement":[{"@type":"ListItem","position":1,"name":"Strona g\u0142\u00f3wna","item":"https:\/\/fluffouterwear.com\/pl\/"},{"@type":"ListItem","position":2,"name":"Sklep","item":"https:\/\/fluffouterwear.com\/pl\/sklep\/"},{"@type":"ListItem","position":3,"name":"Ko\u017cuchowa czapka Brown"}]},{"@type":"WebSite","@id":"https:\/\/fluffouterwear.com\/pl\/#website","url":"https:\/\/fluffouterwear.com\/pl\/","name":"Fluff","description":"","potentialAction":[{"@type":"SearchAction","target":{"@type":"EntryPoint","urlTemplate":"https:\/\/fluffouterwear.com\/pl\/?s={search_term_string}"},"query-input":{"@type":"PropertyValueSpecification","valueRequired":true,"valueName":"search_term_string"}}],"inLanguage":"pl-PL"}]}},"_links":{"self":[{"href":"https:\/\/fluffouterwear.com\/pl\/wp-json\/wp\/v2\/product\/105491","targetHints":{"allow":["GET"]}}],"collection":[{"href":"https:\/\/fluffouterwear.com\/pl\/wp-json\/wp\/v2\/product"}],"about":[{"href":"https:\/\/fluffouterwear.com\/pl\/wp-json\/wp\/v2\/types\/product"}],"replies":[{"embeddable":true,"href":"https:\/\/fluffouterwear.com\/pl\/wp-json\/wp\/v2\/comments?post=105491"}],"wp:featuredmedia":[{"embeddable":true,"href":"https:\/\/fluffouterwear.com\/pl\/wp-json\/wp\/v2\/media\/105839"}],"wp:attachment":[{"href":"https:\/\/fluffouterwear.com\/pl\/wp-json\/wp\/v2\/media?parent=105491"}],"wp:term":[{"taxonomy":"product_brand","embeddable":true,"href":"https:\/\/fluffouterwear.com\/pl\/wp-json\/wp\/v2\/product_brand?post=105491"},{"taxonomy":"product_cat","embeddable":true,"href":"https:\/\/fluffouterwear.com\/pl\/wp-json\/wp\/v2\/product_cat?post=105491"},{"taxonomy":"product_tag","embeddable":true,"href":"https:\/\/fluffouterwear.com\/pl\/wp-json\/wp\/v2\/product_tag?post=105491"}],"curies":[{"name":"wp","href":"https:\/\/api.w.org\/{rel}","templated":true}]}}