{"id":105494,"date":"2025-09-07T20:00:04","date_gmt":"2025-09-07T18:00:04","guid":{"rendered":"https:\/\/fluffouterwear.com\/?post_type=product&#038;p=105494"},"modified":"2026-04-03T14:11:39","modified_gmt":"2026-04-03T12:11:39","slug":"puchowa-chusta-burgundowa","status":"publish","type":"product","link":"https:\/\/fluffouterwear.com\/pl\/produkt\/puchowa-chusta-burgundowa\/","title":{"rendered":"Puchowa chusta Burgundy"},"content":{"rendered":"<h4><strong>Chusta puchowa Fluff<\/strong><\/h4>\n<p>to <strong>pikowany, wielofunkcyjny dodatek<\/strong> \u0142\u0105cz\u0105cy minimalizm i praktyczno\u015b\u0107. Wype\u0142niona w<strong> 90% naturalnym puchem g\u0119sim i 10% pierzem<\/strong>, zapewnia ciep\u0142o i lekko\u015b\u0107 charakterystyczn\u0105 dla kurtek Fluff. Dzi\u0119ki mi\u0119kkiej konstrukcji nie uciska g\u0142owy ani nie niszczy fryzury, a uniwersalna forma pozwala nosi\u0107 j\u0105 na r\u00f3\u017cne sposoby \u2013 jako chustk\u0119 na g\u0142ow\u0119, zawi\u0105zan\u0105 wok\u00f3\u0142 szyi lub jako oryginalny akcent stylizacji.<\/p>\n<p>Model unisex w rozmiarze one size sprawdzi si\u0119 dla kobiet i m\u0119\u017cczyzn. Subtelne detale, staranne pikowanie i naturalne materia\u0142y gwarantuj\u0105 komfort i elegancj\u0119. <strong>Chusta puchowa Fluff<\/strong> to funkcjonalny i stylowy element zimowej garderoby.<\/p>\n","protected":false},"excerpt":{"rendered":"<p><strong>Rozmiar uniwersalny (one size)<\/strong><\/p>\n","protected":false},"featured_media":105713,"comment_status":"open","ping_status":"closed","template":"","meta":{"_acf_changed":false},"product_brand":[],"product_cat":[1055,382,1064],"product_tag":[1405],"class_list":{"0":"post-105494","1":"product","2":"type-product","3":"status-publish","4":"has-post-thumbnail","6":"product_cat-akcesoria-pl-2","7":"product_cat-outlet-pl","8":"product_cat-kobieta-pl","9":"product_tag-wpla","11":"first","12":"outofstock","13":"sale","14":"shipping-taxable","15":"purchasable","16":"product-type-simple"},"acf":[],"yoast_head":"<!-- This site is optimized with the Yoast SEO plugin v27.0 - https:\/\/yoast.com\/product\/yoast-seo-wordpress\/ -->\n<title>Puchowa chusta Burgundy - Fluff<\/title>\n<meta name=\"description\" content=\"Lekka chusta zimowa, wype\u0142niona naturalnym puchem to idealny dodatek, kt\u00f3ry ogrzeje g\u0142ow\u0119 i ochroni w\u0142osy. 90% puch g\u0119si, 10% pierze.\" \/>\n<meta name=\"robots\" content=\"index, follow, max-snippet:-1, max-image-preview:large, max-video-preview:-1\" \/>\n<link rel=\"canonical\" href=\"https:\/\/fluffouterwear.com\/pl\/produkt\/puchowa-chusta-burgundowa\/\" \/>\n<meta property=\"og:locale\" content=\"pl_PL\" \/>\n<meta property=\"og:type\" content=\"article\" \/>\n<meta property=\"og:title\" content=\"Puchowa chusta Burgundy - Fluff\" \/>\n<meta property=\"og:description\" content=\"Lekka chusta zimowa, wype\u0142niona naturalnym puchem to idealny dodatek, kt\u00f3ry ogrzeje g\u0142ow\u0119 i ochroni w\u0142osy. 90% puch g\u0119si, 10% pierze.\" \/>\n<meta property=\"og:url\" content=\"https:\/\/fluffouterwear.com\/pl\/produkt\/puchowa-chusta-burgundowa\/\" \/>\n<meta property=\"og:site_name\" content=\"Fluff\" \/>\n<meta property=\"article:modified_time\" content=\"2026-04-03T12:11:39+00:00\" \/>\n<meta property=\"og:image\" content=\"https:\/\/fluffouterwear.com\/wp-content\/uploads\/2025\/09\/headscarf-burgundy.jpg\" \/>\n\t<meta property=\"og:image:width\" content=\"1185\" \/>\n\t<meta property=\"og:image:height\" content=\"1310\" \/>\n\t<meta property=\"og:image:type\" content=\"image\/jpeg\" \/>\n<meta name=\"twitter:card\" content=\"summary_large_image\" \/>\n<meta name=\"twitter:label1\" content=\"Szacowany czas czytania\" \/>\n\t<meta name=\"twitter:data1\" content=\"1 minuta\" \/>\n<script type=\"application\/ld+json\" class=\"yoast-schema-graph\">{\"@context\":\"https:\/\/schema.org\",\"@graph\":[{\"@type\":\"WebPage\",\"@id\":\"https:\/\/fluffouterwear.com\/pl\/produkt\/puchowa-chusta-burgundowa\/\",\"url\":\"https:\/\/fluffouterwear.com\/pl\/produkt\/puchowa-chusta-burgundowa\/\",\"name\":\"Puchowa chusta Burgundy - Fluff\",\"isPartOf\":{\"@id\":\"https:\/\/fluffouterwear.com\/pl\/#website\"},\"primaryImageOfPage\":{\"@id\":\"https:\/\/fluffouterwear.com\/pl\/produkt\/puchowa-chusta-burgundowa\/#primaryimage\"},\"image\":{\"@id\":\"https:\/\/fluffouterwear.com\/pl\/produkt\/puchowa-chusta-burgundowa\/#primaryimage\"},\"thumbnailUrl\":\"https:\/\/fluffouterwear.com\/wp-content\/uploads\/2025\/09\/headscarf-burgundy.jpg\",\"datePublished\":\"2025-09-07T18:00:04+00:00\",\"dateModified\":\"2026-04-03T12:11:39+00:00\",\"description\":\"Lekka chusta zimowa, wype\u0142niona naturalnym puchem to idealny dodatek, kt\u00f3ry ogrzeje g\u0142ow\u0119 i ochroni w\u0142osy. 90% puch g\u0119si, 10% pierze.\",\"breadcrumb\":{\"@id\":\"https:\/\/fluffouterwear.com\/pl\/produkt\/puchowa-chusta-burgundowa\/#breadcrumb\"},\"inLanguage\":\"pl-PL\",\"potentialAction\":[{\"@type\":\"ReadAction\",\"target\":[\"https:\/\/fluffouterwear.com\/pl\/produkt\/puchowa-chusta-burgundowa\/\"]}]},{\"@type\":\"ImageObject\",\"inLanguage\":\"pl-PL\",\"@id\":\"https:\/\/fluffouterwear.com\/pl\/produkt\/puchowa-chusta-burgundowa\/#primaryimage\",\"url\":\"https:\/\/fluffouterwear.com\/wp-content\/uploads\/2025\/09\/headscarf-burgundy.jpg\",\"contentUrl\":\"https:\/\/fluffouterwear.com\/wp-content\/uploads\/2025\/09\/headscarf-burgundy.jpg\",\"width\":1185,\"height\":1310},{\"@type\":\"BreadcrumbList\",\"@id\":\"https:\/\/fluffouterwear.com\/pl\/produkt\/puchowa-chusta-burgundowa\/#breadcrumb\",\"itemListElement\":[{\"@type\":\"ListItem\",\"position\":1,\"name\":\"Strona g\u0142\u00f3wna\",\"item\":\"https:\/\/fluffouterwear.com\/pl\/\"},{\"@type\":\"ListItem\",\"position\":2,\"name\":\"Sklep\",\"item\":\"https:\/\/fluffouterwear.com\/pl\/sklep\/\"},{\"@type\":\"ListItem\",\"position\":3,\"name\":\"Puchowa chusta Burgundy\"}]},{\"@type\":\"WebSite\",\"@id\":\"https:\/\/fluffouterwear.com\/pl\/#website\",\"url\":\"https:\/\/fluffouterwear.com\/pl\/\",\"name\":\"Fluff\",\"description\":\"\",\"potentialAction\":[{\"@type\":\"SearchAction\",\"target\":{\"@type\":\"EntryPoint\",\"urlTemplate\":\"https:\/\/fluffouterwear.com\/pl\/?s={search_term_string}\"},\"query-input\":{\"@type\":\"PropertyValueSpecification\",\"valueRequired\":true,\"valueName\":\"search_term_string\"}}],\"inLanguage\":\"pl-PL\"}]}<\/script>\n<!-- \/ Yoast SEO plugin. -->","yoast_head_json":{"title":"Puchowa chusta Burgundy - Fluff","description":"Lekka chusta zimowa, wype\u0142niona naturalnym puchem to idealny dodatek, kt\u00f3ry ogrzeje g\u0142ow\u0119 i ochroni w\u0142osy. 90% puch g\u0119si, 10% pierze.","robots":{"index":"index","follow":"follow","max-snippet":"max-snippet:-1","max-image-preview":"max-image-preview:large","max-video-preview":"max-video-preview:-1"},"canonical":"https:\/\/fluffouterwear.com\/pl\/produkt\/puchowa-chusta-burgundowa\/","og_locale":"pl_PL","og_type":"article","og_title":"Puchowa chusta Burgundy - Fluff","og_description":"Lekka chusta zimowa, wype\u0142niona naturalnym puchem to idealny dodatek, kt\u00f3ry ogrzeje g\u0142ow\u0119 i ochroni w\u0142osy. 90% puch g\u0119si, 10% pierze.","og_url":"https:\/\/fluffouterwear.com\/pl\/produkt\/puchowa-chusta-burgundowa\/","og_site_name":"Fluff","article_modified_time":"2026-04-03T12:11:39+00:00","og_image":[{"width":1185,"height":1310,"url":"https:\/\/fluffouterwear.com\/wp-content\/uploads\/2025\/09\/headscarf-burgundy.jpg","type":"image\/jpeg"}],"twitter_card":"summary_large_image","twitter_misc":{"Szacowany czas czytania":"1 minuta"},"schema":{"@context":"https:\/\/schema.org","@graph":[{"@type":"WebPage","@id":"https:\/\/fluffouterwear.com\/pl\/produkt\/puchowa-chusta-burgundowa\/","url":"https:\/\/fluffouterwear.com\/pl\/produkt\/puchowa-chusta-burgundowa\/","name":"Puchowa chusta Burgundy - Fluff","isPartOf":{"@id":"https:\/\/fluffouterwear.com\/pl\/#website"},"primaryImageOfPage":{"@id":"https:\/\/fluffouterwear.com\/pl\/produkt\/puchowa-chusta-burgundowa\/#primaryimage"},"image":{"@id":"https:\/\/fluffouterwear.com\/pl\/produkt\/puchowa-chusta-burgundowa\/#primaryimage"},"thumbnailUrl":"https:\/\/fluffouterwear.com\/wp-content\/uploads\/2025\/09\/headscarf-burgundy.jpg","datePublished":"2025-09-07T18:00:04+00:00","dateModified":"2026-04-03T12:11:39+00:00","description":"Lekka chusta zimowa, wype\u0142niona naturalnym puchem to idealny dodatek, kt\u00f3ry ogrzeje g\u0142ow\u0119 i ochroni w\u0142osy. 90% puch g\u0119si, 10% pierze.","breadcrumb":{"@id":"https:\/\/fluffouterwear.com\/pl\/produkt\/puchowa-chusta-burgundowa\/#breadcrumb"},"inLanguage":"pl-PL","potentialAction":[{"@type":"ReadAction","target":["https:\/\/fluffouterwear.com\/pl\/produkt\/puchowa-chusta-burgundowa\/"]}]},{"@type":"ImageObject","inLanguage":"pl-PL","@id":"https:\/\/fluffouterwear.com\/pl\/produkt\/puchowa-chusta-burgundowa\/#primaryimage","url":"https:\/\/fluffouterwear.com\/wp-content\/uploads\/2025\/09\/headscarf-burgundy.jpg","contentUrl":"https:\/\/fluffouterwear.com\/wp-content\/uploads\/2025\/09\/headscarf-burgundy.jpg","width":1185,"height":1310},{"@type":"BreadcrumbList","@id":"https:\/\/fluffouterwear.com\/pl\/produkt\/puchowa-chusta-burgundowa\/#breadcrumb","itemListElement":[{"@type":"ListItem","position":1,"name":"Strona g\u0142\u00f3wna","item":"https:\/\/fluffouterwear.com\/pl\/"},{"@type":"ListItem","position":2,"name":"Sklep","item":"https:\/\/fluffouterwear.com\/pl\/sklep\/"},{"@type":"ListItem","position":3,"name":"Puchowa chusta Burgundy"}]},{"@type":"WebSite","@id":"https:\/\/fluffouterwear.com\/pl\/#website","url":"https:\/\/fluffouterwear.com\/pl\/","name":"Fluff","description":"","potentialAction":[{"@type":"SearchAction","target":{"@type":"EntryPoint","urlTemplate":"https:\/\/fluffouterwear.com\/pl\/?s={search_term_string}"},"query-input":{"@type":"PropertyValueSpecification","valueRequired":true,"valueName":"search_term_string"}}],"inLanguage":"pl-PL"}]}},"_links":{"self":[{"href":"https:\/\/fluffouterwear.com\/pl\/wp-json\/wp\/v2\/product\/105494","targetHints":{"allow":["GET"]}}],"collection":[{"href":"https:\/\/fluffouterwear.com\/pl\/wp-json\/wp\/v2\/product"}],"about":[{"href":"https:\/\/fluffouterwear.com\/pl\/wp-json\/wp\/v2\/types\/product"}],"replies":[{"embeddable":true,"href":"https:\/\/fluffouterwear.com\/pl\/wp-json\/wp\/v2\/comments?post=105494"}],"wp:featuredmedia":[{"embeddable":true,"href":"https:\/\/fluffouterwear.com\/pl\/wp-json\/wp\/v2\/media\/105713"}],"wp:attachment":[{"href":"https:\/\/fluffouterwear.com\/pl\/wp-json\/wp\/v2\/media?parent=105494"}],"wp:term":[{"taxonomy":"product_brand","embeddable":true,"href":"https:\/\/fluffouterwear.com\/pl\/wp-json\/wp\/v2\/product_brand?post=105494"},{"taxonomy":"product_cat","embeddable":true,"href":"https:\/\/fluffouterwear.com\/pl\/wp-json\/wp\/v2\/product_cat?post=105494"},{"taxonomy":"product_tag","embeddable":true,"href":"https:\/\/fluffouterwear.com\/pl\/wp-json\/wp\/v2\/product_tag?post=105494"}],"curies":[{"name":"wp","href":"https:\/\/api.w.org\/{rel}","templated":true}]}}