{"id":105884,"date":"2025-09-14T12:42:32","date_gmt":"2025-09-14T10:42:32","guid":{"rendered":"https:\/\/fluffouterwear.com\/?post_type=product&#038;p=105884"},"modified":"2026-04-04T18:51:47","modified_gmt":"2026-04-04T16:51:47","slug":"oversizowa-kurtka-bomber-burgund","status":"publish","type":"product","link":"https:\/\/fluffouterwear.com\/pl\/produkt\/oversizowa-kurtka-bomber-burgund\/","title":{"rendered":"Oversizowa kurtka bomber Burgundy"},"content":{"rendered":"<p><strong>Bomberka Fluff<\/strong> w jednolitej wersji kolorystycznej to nowoczesna<strong> puchowa kurtka premium<\/strong>. Dost\u0119pna w klasycznej czerni oraz eleganckim burgundzie, \u0142\u0105czy minimalistyczny design z funkcjonalno\u015bci\u0105.<\/p>\n<p>Wype\u0142nienie z <strong>naturalnego puchu g\u0119siego <\/strong>zapewnia wyj\u0105tkowe ciep\u0142o i lekko\u015b\u0107, a napuszona forma z poziomymi pikowaniami nadaje kurtce charakterystyczn\u0105, otulaj\u0105c\u0105 sylwetk\u0119. Wysoki ko\u0142nierz chroni przed ch\u0142odem, elastyczne \u015bci\u0105gacze w pasie i r\u0119kawach podkre\u015blaj\u0105 sportowy detal, a praktyczne kieszenie dodaj\u0105 wygody.<\/p>\n<p>Oversize\u2019owy fason sprawia, \u017ce <strong>bomberka<\/strong> \u015bwietnie uk\u0142ada si\u0119 na ka\u017cdej sylwetce. To ponadczasowa propozycja, kt\u00f3ra \u0142\u0105czy miejski styl z elegancj\u0105 Fluff \u2013 idealna alternatywa dla klasycznej puchowej kurtki.<\/p>\n<p>Modelka prezentuje rozmiar XS\/S.<\/p>\n<p>&nbsp;<\/p>\n","protected":false},"excerpt":{"rendered":"<p>Bomberka Fluff w jednolitej wersji kolorystycznej to nowoczesna puchowa kurtka premium. Dost\u0119pna w klasycznej czerni oraz eleganckim burgundzie, \u0142\u0105czy minimalistyczny design z funkcjonalno\u015bci\u0105. Wype\u0142nienie z naturalnego puchu g\u0119siego zapewnia wyj\u0105tkowe ciep\u0142o i lekko\u015b\u0107, a napuszona forma z poziomymi pikowaniami nadaje kurtce charakterystyczn\u0105, otulaj\u0105c\u0105 sylwetk\u0119. Wysoki ko\u0142nierz chroni przed ch\u0142odem, elastyczne \u015bci\u0105gacze w pasie i r\u0119kawach [&#8230;]\n","protected":false},"featured_media":105791,"comment_status":"open","ping_status":"closed","template":"","meta":{"_acf_changed":false},"product_brand":[],"product_cat":[1416,365,382,1064],"product_tag":[1405],"class_list":{"0":"post-105884","1":"product","2":"type-product","3":"status-publish","4":"has-post-thumbnail","6":"product_cat-sale","7":"product_cat-kurtki-pl","8":"product_cat-outlet-pl","9":"product_cat-kobieta-pl","10":"product_tag-wpla","12":"first","13":"instock","14":"sale","15":"shipping-taxable","16":"purchasable","17":"product-type-variable"},"acf":[],"yoast_head":"<!-- This site is optimized with the Yoast SEO plugin v27.0 - https:\/\/yoast.com\/product\/yoast-seo-wordpress\/ -->\n<title>Oversizowa kurtka bomber Burgundy - Fluff<\/title>\n<meta name=\"description\" content=\"Kurtka bomberka z obszernym kapturem, wype\u0142niona naturalnym puchem, zapewni ciep\u0142o a\u017c do 25 stopni mrozu. Dost\u0119pna w kilku kolorach, lekka i otulaj\u0105ca.\" \/>\n<meta name=\"robots\" content=\"index, follow, max-snippet:-1, max-image-preview:large, max-video-preview:-1\" \/>\n<link rel=\"canonical\" href=\"https:\/\/fluffouterwear.com\/pl\/produkt\/oversizowa-kurtka-bomber-burgund\/\" \/>\n<meta property=\"og:locale\" content=\"pl_PL\" \/>\n<meta property=\"og:type\" content=\"article\" \/>\n<meta property=\"og:title\" content=\"Oversizowa kurtka bomber Burgundy - Fluff\" \/>\n<meta property=\"og:description\" content=\"Kurtka bomberka z obszernym kapturem, wype\u0142niona naturalnym puchem, zapewni ciep\u0142o a\u017c do 25 stopni mrozu. Dost\u0119pna w kilku kolorach, lekka i otulaj\u0105ca.\" \/>\n<meta property=\"og:url\" content=\"https:\/\/fluffouterwear.com\/pl\/produkt\/oversizowa-kurtka-bomber-burgund\/\" \/>\n<meta property=\"og:site_name\" content=\"Fluff\" \/>\n<meta property=\"article:modified_time\" content=\"2026-04-04T16:51:47+00:00\" \/>\n<meta property=\"og:image\" content=\"https:\/\/fluffouterwear.com\/wp-content\/uploads\/2025\/09\/Oversize-bomber-jacket-burgundy2.jpg\" \/>\n\t<meta property=\"og:image:width\" content=\"1185\" \/>\n\t<meta property=\"og:image:height\" content=\"1310\" \/>\n\t<meta property=\"og:image:type\" content=\"image\/jpeg\" \/>\n<meta name=\"twitter:card\" content=\"summary_large_image\" \/>\n<meta name=\"twitter:label1\" content=\"Szacowany czas czytania\" \/>\n\t<meta name=\"twitter:data1\" content=\"1 minuta\" \/>\n<script type=\"application\/ld+json\" class=\"yoast-schema-graph\">{\"@context\":\"https:\/\/schema.org\",\"@graph\":[{\"@type\":\"WebPage\",\"@id\":\"https:\/\/fluffouterwear.com\/pl\/produkt\/oversizowa-kurtka-bomber-burgund\/\",\"url\":\"https:\/\/fluffouterwear.com\/pl\/produkt\/oversizowa-kurtka-bomber-burgund\/\",\"name\":\"Oversizowa kurtka bomber Burgundy - Fluff\",\"isPartOf\":{\"@id\":\"https:\/\/fluffouterwear.com\/pl\/#website\"},\"primaryImageOfPage\":{\"@id\":\"https:\/\/fluffouterwear.com\/pl\/produkt\/oversizowa-kurtka-bomber-burgund\/#primaryimage\"},\"image\":{\"@id\":\"https:\/\/fluffouterwear.com\/pl\/produkt\/oversizowa-kurtka-bomber-burgund\/#primaryimage\"},\"thumbnailUrl\":\"https:\/\/fluffouterwear.com\/wp-content\/uploads\/2025\/09\/Oversize-bomber-jacket-burgundy2.jpg\",\"datePublished\":\"2025-09-14T10:42:32+00:00\",\"dateModified\":\"2026-04-04T16:51:47+00:00\",\"description\":\"Kurtka bomberka z obszernym kapturem, wype\u0142niona naturalnym puchem, zapewni ciep\u0142o a\u017c do 25 stopni mrozu. Dost\u0119pna w kilku kolorach, lekka i otulaj\u0105ca.\",\"breadcrumb\":{\"@id\":\"https:\/\/fluffouterwear.com\/pl\/produkt\/oversizowa-kurtka-bomber-burgund\/#breadcrumb\"},\"inLanguage\":\"pl-PL\",\"potentialAction\":[{\"@type\":\"ReadAction\",\"target\":[\"https:\/\/fluffouterwear.com\/pl\/produkt\/oversizowa-kurtka-bomber-burgund\/\"]}]},{\"@type\":\"ImageObject\",\"inLanguage\":\"pl-PL\",\"@id\":\"https:\/\/fluffouterwear.com\/pl\/produkt\/oversizowa-kurtka-bomber-burgund\/#primaryimage\",\"url\":\"https:\/\/fluffouterwear.com\/wp-content\/uploads\/2025\/09\/Oversize-bomber-jacket-burgundy2.jpg\",\"contentUrl\":\"https:\/\/fluffouterwear.com\/wp-content\/uploads\/2025\/09\/Oversize-bomber-jacket-burgundy2.jpg\",\"width\":1185,\"height\":1310},{\"@type\":\"BreadcrumbList\",\"@id\":\"https:\/\/fluffouterwear.com\/pl\/produkt\/oversizowa-kurtka-bomber-burgund\/#breadcrumb\",\"itemListElement\":[{\"@type\":\"ListItem\",\"position\":1,\"name\":\"Strona g\u0142\u00f3wna\",\"item\":\"https:\/\/fluffouterwear.com\/pl\/\"},{\"@type\":\"ListItem\",\"position\":2,\"name\":\"Sklep\",\"item\":\"https:\/\/fluffouterwear.com\/pl\/sklep\/\"},{\"@type\":\"ListItem\",\"position\":3,\"name\":\"Oversizowa kurtka bomber Burgundy\"}]},{\"@type\":\"WebSite\",\"@id\":\"https:\/\/fluffouterwear.com\/pl\/#website\",\"url\":\"https:\/\/fluffouterwear.com\/pl\/\",\"name\":\"Fluff\",\"description\":\"\",\"potentialAction\":[{\"@type\":\"SearchAction\",\"target\":{\"@type\":\"EntryPoint\",\"urlTemplate\":\"https:\/\/fluffouterwear.com\/pl\/?s={search_term_string}\"},\"query-input\":{\"@type\":\"PropertyValueSpecification\",\"valueRequired\":true,\"valueName\":\"search_term_string\"}}],\"inLanguage\":\"pl-PL\"}]}<\/script>\n<!-- \/ Yoast SEO plugin. -->","yoast_head_json":{"title":"Oversizowa kurtka bomber Burgundy - Fluff","description":"Kurtka bomberka z obszernym kapturem, wype\u0142niona naturalnym puchem, zapewni ciep\u0142o a\u017c do 25 stopni mrozu. Dost\u0119pna w kilku kolorach, lekka i otulaj\u0105ca.","robots":{"index":"index","follow":"follow","max-snippet":"max-snippet:-1","max-image-preview":"max-image-preview:large","max-video-preview":"max-video-preview:-1"},"canonical":"https:\/\/fluffouterwear.com\/pl\/produkt\/oversizowa-kurtka-bomber-burgund\/","og_locale":"pl_PL","og_type":"article","og_title":"Oversizowa kurtka bomber Burgundy - Fluff","og_description":"Kurtka bomberka z obszernym kapturem, wype\u0142niona naturalnym puchem, zapewni ciep\u0142o a\u017c do 25 stopni mrozu. Dost\u0119pna w kilku kolorach, lekka i otulaj\u0105ca.","og_url":"https:\/\/fluffouterwear.com\/pl\/produkt\/oversizowa-kurtka-bomber-burgund\/","og_site_name":"Fluff","article_modified_time":"2026-04-04T16:51:47+00:00","og_image":[{"width":1185,"height":1310,"url":"https:\/\/fluffouterwear.com\/wp-content\/uploads\/2025\/09\/Oversize-bomber-jacket-burgundy2.jpg","type":"image\/jpeg"}],"twitter_card":"summary_large_image","twitter_misc":{"Szacowany czas czytania":"1 minuta"},"schema":{"@context":"https:\/\/schema.org","@graph":[{"@type":"WebPage","@id":"https:\/\/fluffouterwear.com\/pl\/produkt\/oversizowa-kurtka-bomber-burgund\/","url":"https:\/\/fluffouterwear.com\/pl\/produkt\/oversizowa-kurtka-bomber-burgund\/","name":"Oversizowa kurtka bomber Burgundy - Fluff","isPartOf":{"@id":"https:\/\/fluffouterwear.com\/pl\/#website"},"primaryImageOfPage":{"@id":"https:\/\/fluffouterwear.com\/pl\/produkt\/oversizowa-kurtka-bomber-burgund\/#primaryimage"},"image":{"@id":"https:\/\/fluffouterwear.com\/pl\/produkt\/oversizowa-kurtka-bomber-burgund\/#primaryimage"},"thumbnailUrl":"https:\/\/fluffouterwear.com\/wp-content\/uploads\/2025\/09\/Oversize-bomber-jacket-burgundy2.jpg","datePublished":"2025-09-14T10:42:32+00:00","dateModified":"2026-04-04T16:51:47+00:00","description":"Kurtka bomberka z obszernym kapturem, wype\u0142niona naturalnym puchem, zapewni ciep\u0142o a\u017c do 25 stopni mrozu. Dost\u0119pna w kilku kolorach, lekka i otulaj\u0105ca.","breadcrumb":{"@id":"https:\/\/fluffouterwear.com\/pl\/produkt\/oversizowa-kurtka-bomber-burgund\/#breadcrumb"},"inLanguage":"pl-PL","potentialAction":[{"@type":"ReadAction","target":["https:\/\/fluffouterwear.com\/pl\/produkt\/oversizowa-kurtka-bomber-burgund\/"]}]},{"@type":"ImageObject","inLanguage":"pl-PL","@id":"https:\/\/fluffouterwear.com\/pl\/produkt\/oversizowa-kurtka-bomber-burgund\/#primaryimage","url":"https:\/\/fluffouterwear.com\/wp-content\/uploads\/2025\/09\/Oversize-bomber-jacket-burgundy2.jpg","contentUrl":"https:\/\/fluffouterwear.com\/wp-content\/uploads\/2025\/09\/Oversize-bomber-jacket-burgundy2.jpg","width":1185,"height":1310},{"@type":"BreadcrumbList","@id":"https:\/\/fluffouterwear.com\/pl\/produkt\/oversizowa-kurtka-bomber-burgund\/#breadcrumb","itemListElement":[{"@type":"ListItem","position":1,"name":"Strona g\u0142\u00f3wna","item":"https:\/\/fluffouterwear.com\/pl\/"},{"@type":"ListItem","position":2,"name":"Sklep","item":"https:\/\/fluffouterwear.com\/pl\/sklep\/"},{"@type":"ListItem","position":3,"name":"Oversizowa kurtka bomber Burgundy"}]},{"@type":"WebSite","@id":"https:\/\/fluffouterwear.com\/pl\/#website","url":"https:\/\/fluffouterwear.com\/pl\/","name":"Fluff","description":"","potentialAction":[{"@type":"SearchAction","target":{"@type":"EntryPoint","urlTemplate":"https:\/\/fluffouterwear.com\/pl\/?s={search_term_string}"},"query-input":{"@type":"PropertyValueSpecification","valueRequired":true,"valueName":"search_term_string"}}],"inLanguage":"pl-PL"}]}},"_links":{"self":[{"href":"https:\/\/fluffouterwear.com\/pl\/wp-json\/wp\/v2\/product\/105884","targetHints":{"allow":["GET"]}}],"collection":[{"href":"https:\/\/fluffouterwear.com\/pl\/wp-json\/wp\/v2\/product"}],"about":[{"href":"https:\/\/fluffouterwear.com\/pl\/wp-json\/wp\/v2\/types\/product"}],"replies":[{"embeddable":true,"href":"https:\/\/fluffouterwear.com\/pl\/wp-json\/wp\/v2\/comments?post=105884"}],"wp:featuredmedia":[{"embeddable":true,"href":"https:\/\/fluffouterwear.com\/pl\/wp-json\/wp\/v2\/media\/105791"}],"wp:attachment":[{"href":"https:\/\/fluffouterwear.com\/pl\/wp-json\/wp\/v2\/media?parent=105884"}],"wp:term":[{"taxonomy":"product_brand","embeddable":true,"href":"https:\/\/fluffouterwear.com\/pl\/wp-json\/wp\/v2\/product_brand?post=105884"},{"taxonomy":"product_cat","embeddable":true,"href":"https:\/\/fluffouterwear.com\/pl\/wp-json\/wp\/v2\/product_cat?post=105884"},{"taxonomy":"product_tag","embeddable":true,"href":"https:\/\/fluffouterwear.com\/pl\/wp-json\/wp\/v2\/product_tag?post=105884"}],"curies":[{"name":"wp","href":"https:\/\/api.w.org\/{rel}","templated":true}]}}