{"id":105920,"date":"2025-09-14T14:23:03","date_gmt":"2025-09-14T12:23:03","guid":{"rendered":"https:\/\/fluffouterwear.com\/?post_type=product&#038;p=105920"},"modified":"2026-04-03T08:51:30","modified_gmt":"2026-04-03T06:51:30","slug":"kurtka-unisex-dakota-khaki","status":"publish","type":"product","link":"https:\/\/fluffouterwear.com\/pl\/produkt\/kurtka-unisex-dakota-khaki\/","title":{"rendered":"Kurtka unisex Dakota oversize Khaki"},"content":{"rendered":"<h4><strong>Kurtka puchowa oversize z odpinanym kapturem<\/strong><\/h4>\n<p>Je\u015bli nale\u017cysz do os\u00f3b, kt\u00f3re w zimowej modzie ceni\u0105 sobie ponad wszystko luz, komfort i swobod\u0119, na pewno spodoba Ci si\u0119 propozycja z nowej kolekcji FLUFF:<b> puchowa kurtka zimowa unisex <\/b>o kroju oversize. Jej lu\u017any, nowoczesny fason &#8211; mocno napuszony, a przy tym swobodny i obszerny &#8211; sprawia, \u017ce z powodzeniem mog\u0105 j\u0105 nosi\u0107 zar\u00f3wno kobiety, jak i m\u0119\u017cczy\u017ani.<\/p>\n<p>Dodatkow\u0105 ochron\u0119 przed ch\u0142odem zapewniaj\u0105 <strong>wysoki ko\u0142nierz i g\u0142\u0119boki, odpinany kaptur,<\/strong> a w codziennym u\u017cytkowaniu tej puch\u00f3wki \u015bwietnie sprawdzaj\u0105 si\u0119 wewn\u0119trzne szelki. Wygodne zapi\u0119cie na zamek skryte jest pod listw\u0105 z dodatkowymi napami. Ta <b>kurtka zimowa z puchowym wype\u0142nieniem<\/b>, gwarantuj\u0105cym pe\u0142en komfort cieplny w temperaturach do -25 st. C, \u015bwietnie sprawdzi si\u0119 nawet w najbardziej mro\u017ane zimowe dni.<\/p>\n<p>Modelka ma oko\u0142o 175 cm wzrostu i prezentuje rozmiar M\/L.<br \/>\nModel ma oko\u0142o 187 cm wzrostu i prezentuje rozmiar M\/L.<\/p>\n","protected":false},"excerpt":{"rendered":"<p>Kurtka puchowa oversize z odpinanym kapturem Je\u015bli nale\u017cysz do os\u00f3b, kt\u00f3re w zimowej modzie ceni\u0105 sobie ponad wszystko luz, komfort i swobod\u0119, na pewno spodoba Ci si\u0119 propozycja z nowej kolekcji FLUFF: puchowa kurtka zimowa unisex o kroju oversize. Jej lu\u017any, nowoczesny fason &#8211; mocno napuszony, a przy tym swobodny i obszerny &#8211; sprawia, \u017ce [&#8230;]\n","protected":false},"featured_media":105811,"comment_status":"open","ping_status":"closed","template":"","meta":{"_acf_changed":false},"product_brand":[],"product_cat":[365,382,1064,1063],"product_tag":[1406,1405],"class_list":{"0":"post-105920","1":"product","2":"type-product","3":"status-publish","4":"has-post-thumbnail","6":"product_cat-kurtki-pl","7":"product_cat-outlet-pl","8":"product_cat-kobieta-pl","9":"product_cat-mezczyzna-pl","10":"product_tag-mpla","11":"product_tag-wpla","13":"first","14":"outofstock","15":"sale","16":"shipping-taxable","17":"purchasable","18":"product-type-variable"},"acf":[],"yoast_head":"<!-- This site is optimized with the Yoast SEO plugin v27.0 - https:\/\/yoast.com\/product\/yoast-seo-wordpress\/ -->\n<title>Kurtka unisex Dakota oversize Khaki - Fluff<\/title>\n<meta name=\"robots\" content=\"index, follow, max-snippet:-1, max-image-preview:large, max-video-preview:-1\" \/>\n<link rel=\"canonical\" href=\"https:\/\/fluffouterwear.com\/pl\/produkt\/kurtka-unisex-dakota-khaki\/\" \/>\n<meta property=\"og:locale\" content=\"pl_PL\" \/>\n<meta property=\"og:type\" content=\"article\" \/>\n<meta property=\"og:title\" content=\"Kurtka unisex Dakota oversize Khaki - Fluff\" \/>\n<meta property=\"og:description\" content=\"Kurtka puchowa oversize z odpinanym kapturem Je\u015bli nale\u017cysz do os\u00f3b, kt\u00f3re w zimowej modzie ceni\u0105 sobie ponad wszystko luz, komfort i swobod\u0119, na pewno spodoba Ci si\u0119 propozycja z nowej kolekcji FLUFF: puchowa kurtka zimowa unisex o kroju oversize. Jej lu\u017any, nowoczesny fason &#8211; mocno napuszony, a przy tym swobodny i obszerny &#8211; sprawia, \u017ce [...]\" \/>\n<meta property=\"og:url\" content=\"https:\/\/fluffouterwear.com\/pl\/produkt\/kurtka-unisex-dakota-khaki\/\" \/>\n<meta property=\"og:site_name\" content=\"Fluff\" \/>\n<meta property=\"article:modified_time\" content=\"2026-04-03T06:51:30+00:00\" \/>\n<meta property=\"og:image\" content=\"https:\/\/fluffouterwear.com\/wp-content\/uploads\/2025\/09\/oversize-unisex-jacket-khaki-2.jpg\" \/>\n\t<meta property=\"og:image:width\" content=\"1185\" \/>\n\t<meta property=\"og:image:height\" content=\"1310\" \/>\n\t<meta property=\"og:image:type\" content=\"image\/jpeg\" \/>\n<meta name=\"twitter:card\" content=\"summary_large_image\" \/>\n<meta name=\"twitter:label1\" content=\"Szacowany czas czytania\" \/>\n\t<meta name=\"twitter:data1\" content=\"1 minuta\" \/>\n<script type=\"application\/ld+json\" class=\"yoast-schema-graph\">{\"@context\":\"https:\/\/schema.org\",\"@graph\":[{\"@type\":\"WebPage\",\"@id\":\"https:\/\/fluffouterwear.com\/pl\/produkt\/kurtka-unisex-dakota-khaki\/\",\"url\":\"https:\/\/fluffouterwear.com\/pl\/produkt\/kurtka-unisex-dakota-khaki\/\",\"name\":\"Kurtka unisex Dakota oversize Khaki - Fluff\",\"isPartOf\":{\"@id\":\"https:\/\/fluffouterwear.com\/pl\/#website\"},\"primaryImageOfPage\":{\"@id\":\"https:\/\/fluffouterwear.com\/pl\/produkt\/kurtka-unisex-dakota-khaki\/#primaryimage\"},\"image\":{\"@id\":\"https:\/\/fluffouterwear.com\/pl\/produkt\/kurtka-unisex-dakota-khaki\/#primaryimage\"},\"thumbnailUrl\":\"https:\/\/fluffouterwear.com\/wp-content\/uploads\/2025\/09\/oversize-unisex-jacket-khaki-2.jpg\",\"datePublished\":\"2025-09-14T12:23:03+00:00\",\"dateModified\":\"2026-04-03T06:51:30+00:00\",\"breadcrumb\":{\"@id\":\"https:\/\/fluffouterwear.com\/pl\/produkt\/kurtka-unisex-dakota-khaki\/#breadcrumb\"},\"inLanguage\":\"pl-PL\",\"potentialAction\":[{\"@type\":\"ReadAction\",\"target\":[\"https:\/\/fluffouterwear.com\/pl\/produkt\/kurtka-unisex-dakota-khaki\/\"]}]},{\"@type\":\"ImageObject\",\"inLanguage\":\"pl-PL\",\"@id\":\"https:\/\/fluffouterwear.com\/pl\/produkt\/kurtka-unisex-dakota-khaki\/#primaryimage\",\"url\":\"https:\/\/fluffouterwear.com\/wp-content\/uploads\/2025\/09\/oversize-unisex-jacket-khaki-2.jpg\",\"contentUrl\":\"https:\/\/fluffouterwear.com\/wp-content\/uploads\/2025\/09\/oversize-unisex-jacket-khaki-2.jpg\",\"width\":1185,\"height\":1310},{\"@type\":\"BreadcrumbList\",\"@id\":\"https:\/\/fluffouterwear.com\/pl\/produkt\/kurtka-unisex-dakota-khaki\/#breadcrumb\",\"itemListElement\":[{\"@type\":\"ListItem\",\"position\":1,\"name\":\"Strona g\u0142\u00f3wna\",\"item\":\"https:\/\/fluffouterwear.com\/pl\/\"},{\"@type\":\"ListItem\",\"position\":2,\"name\":\"Sklep\",\"item\":\"https:\/\/fluffouterwear.com\/pl\/sklep\/\"},{\"@type\":\"ListItem\",\"position\":3,\"name\":\"Kurtka unisex Dakota oversize Khaki\"}]},{\"@type\":\"WebSite\",\"@id\":\"https:\/\/fluffouterwear.com\/pl\/#website\",\"url\":\"https:\/\/fluffouterwear.com\/pl\/\",\"name\":\"Fluff\",\"description\":\"\",\"potentialAction\":[{\"@type\":\"SearchAction\",\"target\":{\"@type\":\"EntryPoint\",\"urlTemplate\":\"https:\/\/fluffouterwear.com\/pl\/?s={search_term_string}\"},\"query-input\":{\"@type\":\"PropertyValueSpecification\",\"valueRequired\":true,\"valueName\":\"search_term_string\"}}],\"inLanguage\":\"pl-PL\"}]}<\/script>\n<!-- \/ Yoast SEO plugin. -->","yoast_head_json":{"title":"Kurtka unisex Dakota oversize Khaki - Fluff","robots":{"index":"index","follow":"follow","max-snippet":"max-snippet:-1","max-image-preview":"max-image-preview:large","max-video-preview":"max-video-preview:-1"},"canonical":"https:\/\/fluffouterwear.com\/pl\/produkt\/kurtka-unisex-dakota-khaki\/","og_locale":"pl_PL","og_type":"article","og_title":"Kurtka unisex Dakota oversize Khaki - Fluff","og_description":"Kurtka puchowa oversize z odpinanym kapturem Je\u015bli nale\u017cysz do os\u00f3b, kt\u00f3re w zimowej modzie ceni\u0105 sobie ponad wszystko luz, komfort i swobod\u0119, na pewno spodoba Ci si\u0119 propozycja z nowej kolekcji FLUFF: puchowa kurtka zimowa unisex o kroju oversize. Jej lu\u017any, nowoczesny fason &#8211; mocno napuszony, a przy tym swobodny i obszerny &#8211; sprawia, \u017ce [...]","og_url":"https:\/\/fluffouterwear.com\/pl\/produkt\/kurtka-unisex-dakota-khaki\/","og_site_name":"Fluff","article_modified_time":"2026-04-03T06:51:30+00:00","og_image":[{"width":1185,"height":1310,"url":"https:\/\/fluffouterwear.com\/wp-content\/uploads\/2025\/09\/oversize-unisex-jacket-khaki-2.jpg","type":"image\/jpeg"}],"twitter_card":"summary_large_image","twitter_misc":{"Szacowany czas czytania":"1 minuta"},"schema":{"@context":"https:\/\/schema.org","@graph":[{"@type":"WebPage","@id":"https:\/\/fluffouterwear.com\/pl\/produkt\/kurtka-unisex-dakota-khaki\/","url":"https:\/\/fluffouterwear.com\/pl\/produkt\/kurtka-unisex-dakota-khaki\/","name":"Kurtka unisex Dakota oversize Khaki - Fluff","isPartOf":{"@id":"https:\/\/fluffouterwear.com\/pl\/#website"},"primaryImageOfPage":{"@id":"https:\/\/fluffouterwear.com\/pl\/produkt\/kurtka-unisex-dakota-khaki\/#primaryimage"},"image":{"@id":"https:\/\/fluffouterwear.com\/pl\/produkt\/kurtka-unisex-dakota-khaki\/#primaryimage"},"thumbnailUrl":"https:\/\/fluffouterwear.com\/wp-content\/uploads\/2025\/09\/oversize-unisex-jacket-khaki-2.jpg","datePublished":"2025-09-14T12:23:03+00:00","dateModified":"2026-04-03T06:51:30+00:00","breadcrumb":{"@id":"https:\/\/fluffouterwear.com\/pl\/produkt\/kurtka-unisex-dakota-khaki\/#breadcrumb"},"inLanguage":"pl-PL","potentialAction":[{"@type":"ReadAction","target":["https:\/\/fluffouterwear.com\/pl\/produkt\/kurtka-unisex-dakota-khaki\/"]}]},{"@type":"ImageObject","inLanguage":"pl-PL","@id":"https:\/\/fluffouterwear.com\/pl\/produkt\/kurtka-unisex-dakota-khaki\/#primaryimage","url":"https:\/\/fluffouterwear.com\/wp-content\/uploads\/2025\/09\/oversize-unisex-jacket-khaki-2.jpg","contentUrl":"https:\/\/fluffouterwear.com\/wp-content\/uploads\/2025\/09\/oversize-unisex-jacket-khaki-2.jpg","width":1185,"height":1310},{"@type":"BreadcrumbList","@id":"https:\/\/fluffouterwear.com\/pl\/produkt\/kurtka-unisex-dakota-khaki\/#breadcrumb","itemListElement":[{"@type":"ListItem","position":1,"name":"Strona g\u0142\u00f3wna","item":"https:\/\/fluffouterwear.com\/pl\/"},{"@type":"ListItem","position":2,"name":"Sklep","item":"https:\/\/fluffouterwear.com\/pl\/sklep\/"},{"@type":"ListItem","position":3,"name":"Kurtka unisex Dakota oversize Khaki"}]},{"@type":"WebSite","@id":"https:\/\/fluffouterwear.com\/pl\/#website","url":"https:\/\/fluffouterwear.com\/pl\/","name":"Fluff","description":"","potentialAction":[{"@type":"SearchAction","target":{"@type":"EntryPoint","urlTemplate":"https:\/\/fluffouterwear.com\/pl\/?s={search_term_string}"},"query-input":{"@type":"PropertyValueSpecification","valueRequired":true,"valueName":"search_term_string"}}],"inLanguage":"pl-PL"}]}},"_links":{"self":[{"href":"https:\/\/fluffouterwear.com\/pl\/wp-json\/wp\/v2\/product\/105920","targetHints":{"allow":["GET"]}}],"collection":[{"href":"https:\/\/fluffouterwear.com\/pl\/wp-json\/wp\/v2\/product"}],"about":[{"href":"https:\/\/fluffouterwear.com\/pl\/wp-json\/wp\/v2\/types\/product"}],"replies":[{"embeddable":true,"href":"https:\/\/fluffouterwear.com\/pl\/wp-json\/wp\/v2\/comments?post=105920"}],"wp:featuredmedia":[{"embeddable":true,"href":"https:\/\/fluffouterwear.com\/pl\/wp-json\/wp\/v2\/media\/105811"}],"wp:attachment":[{"href":"https:\/\/fluffouterwear.com\/pl\/wp-json\/wp\/v2\/media?parent=105920"}],"wp:term":[{"taxonomy":"product_brand","embeddable":true,"href":"https:\/\/fluffouterwear.com\/pl\/wp-json\/wp\/v2\/product_brand?post=105920"},{"taxonomy":"product_cat","embeddable":true,"href":"https:\/\/fluffouterwear.com\/pl\/wp-json\/wp\/v2\/product_cat?post=105920"},{"taxonomy":"product_tag","embeddable":true,"href":"https:\/\/fluffouterwear.com\/pl\/wp-json\/wp\/v2\/product_tag?post=105920"}],"curies":[{"name":"wp","href":"https:\/\/api.w.org\/{rel}","templated":true}]}}