{"id":105977,"date":"2025-09-14T15:15:41","date_gmt":"2025-09-14T13:15:41","guid":{"rendered":"https:\/\/fluffouterwear.com\/?post_type=product&#038;p=105977"},"modified":"2026-04-02T19:02:00","modified_gmt":"2026-04-02T17:02:00","slug":"dluga-bluza-z-poduszkami-burgund","status":"publish","type":"product","link":"https:\/\/fluffouterwear.com\/pl\/produkt\/dluga-bluza-z-poduszkami-burgund\/","title":{"rendered":"D\u0142uga bluza z poduszkami Burgundy"},"content":{"rendered":"<h4><strong>D\u0142uga bluza dresowa oversize<\/strong><\/h4>\n<p>Ta <strong>bluza<\/strong> (w sk\u0142adnie 90% bawe\u0142na i 10% kaszmir) to komfort i elegancja w jednym. Model do po\u0142owy uda z <strong>poduszkami w ramionach<\/strong> delikatnie podkre\u015bla sylwetk\u0119, zachowuj\u0105c swobod\u0119 ruch\u00f3w.<\/p>\n<p><strong>Mi\u0119kka bawe\u0142na z dodatkiem luksusowego kaszmiru<\/strong> zapewnia przyjemne uczucie na sk\u00f3rze i ciep\u0142o w ch\u0142odniejsze dni. <strong>Bluza dresowa damska<\/strong> w klasycznym stylu oversize \u015bwietnie sprawdzi si\u0119 w codziennych, casualowych stylizacjach z legginsami, jeansami czy sp\u00f3dnic\u0105. Idealna dla kobiet, kt\u00f3re szukaj\u0105 <strong>wysokiej jako\u015bci bluzy dresowej<\/strong>, \u0142\u0105cz\u0105cej wygod\u0119, styl i nowoczesny design.<\/p>\n<p>Modelka prezentuje rozmiar XS\/S.<\/p>\n","protected":false},"excerpt":{"rendered":"<p>D\u0142uga bluza dresowa oversize Ta bluza (w sk\u0142adnie 90% bawe\u0142na i 10% kaszmir) to komfort i elegancja w jednym. Model do po\u0142owy uda z poduszkami w ramionach delikatnie podkre\u015bla sylwetk\u0119, zachowuj\u0105c swobod\u0119 ruch\u00f3w. Mi\u0119kka bawe\u0142na z dodatkiem luksusowego kaszmiru zapewnia przyjemne uczucie na sk\u00f3rze i ciep\u0142o w ch\u0142odniejsze dni. Bluza dresowa damska w klasycznym stylu [&#8230;]\n","protected":false},"featured_media":105719,"comment_status":"closed","ping_status":"closed","template":"","meta":{"_acf_changed":false},"product_brand":[],"product_cat":[382,1064],"product_tag":[],"class_list":{"0":"post-105977","1":"product","2":"type-product","3":"status-publish","4":"has-post-thumbnail","6":"product_cat-outlet-pl","7":"product_cat-kobieta-pl","9":"first","10":"instock","11":"sale","12":"shipping-taxable","13":"purchasable","14":"product-type-variable"},"acf":[],"yoast_head":"<!-- This site is optimized with the Yoast SEO plugin v27.0 - https:\/\/yoast.com\/product\/yoast-seo-wordpress\/ -->\n<title>D\u0142uga bluza z poduszkami Burgundy - Fluff<\/title>\n<meta name=\"robots\" content=\"index, follow, max-snippet:-1, max-image-preview:large, max-video-preview:-1\" \/>\n<link rel=\"canonical\" href=\"https:\/\/fluffouterwear.com\/pl\/produkt\/dluga-bluza-z-poduszkami-burgund\/\" \/>\n<meta property=\"og:locale\" content=\"pl_PL\" \/>\n<meta property=\"og:type\" content=\"article\" \/>\n<meta property=\"og:title\" content=\"D\u0142uga bluza z poduszkami Burgundy - Fluff\" \/>\n<meta property=\"og:description\" content=\"D\u0142uga bluza dresowa oversize Ta bluza (w sk\u0142adnie 90% bawe\u0142na i 10% kaszmir) to komfort i elegancja w jednym. Model do po\u0142owy uda z poduszkami w ramionach delikatnie podkre\u015bla sylwetk\u0119, zachowuj\u0105c swobod\u0119 ruch\u00f3w. Mi\u0119kka bawe\u0142na z dodatkiem luksusowego kaszmiru zapewnia przyjemne uczucie na sk\u00f3rze i ciep\u0142o w ch\u0142odniejsze dni. Bluza dresowa damska w klasycznym stylu [...]\" \/>\n<meta property=\"og:url\" content=\"https:\/\/fluffouterwear.com\/pl\/produkt\/dluga-bluza-z-poduszkami-burgund\/\" \/>\n<meta property=\"og:site_name\" content=\"Fluff\" \/>\n<meta property=\"article:modified_time\" content=\"2026-04-02T17:02:00+00:00\" \/>\n<meta property=\"og:image\" content=\"https:\/\/fluffouterwear.com\/wp-content\/uploads\/2025\/09\/Long-sweatshirt-Shoulder-Pads-burgundy-1.jpg\" \/>\n\t<meta property=\"og:image:width\" content=\"1185\" \/>\n\t<meta property=\"og:image:height\" content=\"1310\" \/>\n\t<meta property=\"og:image:type\" content=\"image\/jpeg\" \/>\n<meta name=\"twitter:card\" content=\"summary_large_image\" \/>\n<meta name=\"twitter:label1\" content=\"Szacowany czas czytania\" \/>\n\t<meta name=\"twitter:data1\" content=\"1 minuta\" \/>\n<script type=\"application\/ld+json\" class=\"yoast-schema-graph\">{\"@context\":\"https:\/\/schema.org\",\"@graph\":[{\"@type\":\"WebPage\",\"@id\":\"https:\/\/fluffouterwear.com\/pl\/produkt\/dluga-bluza-z-poduszkami-burgund\/\",\"url\":\"https:\/\/fluffouterwear.com\/pl\/produkt\/dluga-bluza-z-poduszkami-burgund\/\",\"name\":\"D\u0142uga bluza z poduszkami Burgundy - Fluff\",\"isPartOf\":{\"@id\":\"https:\/\/fluffouterwear.com\/pl\/#website\"},\"primaryImageOfPage\":{\"@id\":\"https:\/\/fluffouterwear.com\/pl\/produkt\/dluga-bluza-z-poduszkami-burgund\/#primaryimage\"},\"image\":{\"@id\":\"https:\/\/fluffouterwear.com\/pl\/produkt\/dluga-bluza-z-poduszkami-burgund\/#primaryimage\"},\"thumbnailUrl\":\"https:\/\/fluffouterwear.com\/wp-content\/uploads\/2025\/09\/Long-sweatshirt-Shoulder-Pads-burgundy-1.jpg\",\"datePublished\":\"2025-09-14T13:15:41+00:00\",\"dateModified\":\"2026-04-02T17:02:00+00:00\",\"breadcrumb\":{\"@id\":\"https:\/\/fluffouterwear.com\/pl\/produkt\/dluga-bluza-z-poduszkami-burgund\/#breadcrumb\"},\"inLanguage\":\"pl-PL\",\"potentialAction\":[{\"@type\":\"ReadAction\",\"target\":[\"https:\/\/fluffouterwear.com\/pl\/produkt\/dluga-bluza-z-poduszkami-burgund\/\"]}]},{\"@type\":\"ImageObject\",\"inLanguage\":\"pl-PL\",\"@id\":\"https:\/\/fluffouterwear.com\/pl\/produkt\/dluga-bluza-z-poduszkami-burgund\/#primaryimage\",\"url\":\"https:\/\/fluffouterwear.com\/wp-content\/uploads\/2025\/09\/Long-sweatshirt-Shoulder-Pads-burgundy-1.jpg\",\"contentUrl\":\"https:\/\/fluffouterwear.com\/wp-content\/uploads\/2025\/09\/Long-sweatshirt-Shoulder-Pads-burgundy-1.jpg\",\"width\":1185,\"height\":1310},{\"@type\":\"BreadcrumbList\",\"@id\":\"https:\/\/fluffouterwear.com\/pl\/produkt\/dluga-bluza-z-poduszkami-burgund\/#breadcrumb\",\"itemListElement\":[{\"@type\":\"ListItem\",\"position\":1,\"name\":\"Strona g\u0142\u00f3wna\",\"item\":\"https:\/\/fluffouterwear.com\/pl\/\"},{\"@type\":\"ListItem\",\"position\":2,\"name\":\"Sklep\",\"item\":\"https:\/\/fluffouterwear.com\/pl\/sklep\/\"},{\"@type\":\"ListItem\",\"position\":3,\"name\":\"D\u0142uga bluza z poduszkami Burgundy\"}]},{\"@type\":\"WebSite\",\"@id\":\"https:\/\/fluffouterwear.com\/pl\/#website\",\"url\":\"https:\/\/fluffouterwear.com\/pl\/\",\"name\":\"Fluff\",\"description\":\"\",\"potentialAction\":[{\"@type\":\"SearchAction\",\"target\":{\"@type\":\"EntryPoint\",\"urlTemplate\":\"https:\/\/fluffouterwear.com\/pl\/?s={search_term_string}\"},\"query-input\":{\"@type\":\"PropertyValueSpecification\",\"valueRequired\":true,\"valueName\":\"search_term_string\"}}],\"inLanguage\":\"pl-PL\"}]}<\/script>\n<!-- \/ Yoast SEO plugin. -->","yoast_head_json":{"title":"D\u0142uga bluza z poduszkami Burgundy - Fluff","robots":{"index":"index","follow":"follow","max-snippet":"max-snippet:-1","max-image-preview":"max-image-preview:large","max-video-preview":"max-video-preview:-1"},"canonical":"https:\/\/fluffouterwear.com\/pl\/produkt\/dluga-bluza-z-poduszkami-burgund\/","og_locale":"pl_PL","og_type":"article","og_title":"D\u0142uga bluza z poduszkami Burgundy - Fluff","og_description":"D\u0142uga bluza dresowa oversize Ta bluza (w sk\u0142adnie 90% bawe\u0142na i 10% kaszmir) to komfort i elegancja w jednym. Model do po\u0142owy uda z poduszkami w ramionach delikatnie podkre\u015bla sylwetk\u0119, zachowuj\u0105c swobod\u0119 ruch\u00f3w. Mi\u0119kka bawe\u0142na z dodatkiem luksusowego kaszmiru zapewnia przyjemne uczucie na sk\u00f3rze i ciep\u0142o w ch\u0142odniejsze dni. Bluza dresowa damska w klasycznym stylu [...]","og_url":"https:\/\/fluffouterwear.com\/pl\/produkt\/dluga-bluza-z-poduszkami-burgund\/","og_site_name":"Fluff","article_modified_time":"2026-04-02T17:02:00+00:00","og_image":[{"width":1185,"height":1310,"url":"https:\/\/fluffouterwear.com\/wp-content\/uploads\/2025\/09\/Long-sweatshirt-Shoulder-Pads-burgundy-1.jpg","type":"image\/jpeg"}],"twitter_card":"summary_large_image","twitter_misc":{"Szacowany czas czytania":"1 minuta"},"schema":{"@context":"https:\/\/schema.org","@graph":[{"@type":"WebPage","@id":"https:\/\/fluffouterwear.com\/pl\/produkt\/dluga-bluza-z-poduszkami-burgund\/","url":"https:\/\/fluffouterwear.com\/pl\/produkt\/dluga-bluza-z-poduszkami-burgund\/","name":"D\u0142uga bluza z poduszkami Burgundy - Fluff","isPartOf":{"@id":"https:\/\/fluffouterwear.com\/pl\/#website"},"primaryImageOfPage":{"@id":"https:\/\/fluffouterwear.com\/pl\/produkt\/dluga-bluza-z-poduszkami-burgund\/#primaryimage"},"image":{"@id":"https:\/\/fluffouterwear.com\/pl\/produkt\/dluga-bluza-z-poduszkami-burgund\/#primaryimage"},"thumbnailUrl":"https:\/\/fluffouterwear.com\/wp-content\/uploads\/2025\/09\/Long-sweatshirt-Shoulder-Pads-burgundy-1.jpg","datePublished":"2025-09-14T13:15:41+00:00","dateModified":"2026-04-02T17:02:00+00:00","breadcrumb":{"@id":"https:\/\/fluffouterwear.com\/pl\/produkt\/dluga-bluza-z-poduszkami-burgund\/#breadcrumb"},"inLanguage":"pl-PL","potentialAction":[{"@type":"ReadAction","target":["https:\/\/fluffouterwear.com\/pl\/produkt\/dluga-bluza-z-poduszkami-burgund\/"]}]},{"@type":"ImageObject","inLanguage":"pl-PL","@id":"https:\/\/fluffouterwear.com\/pl\/produkt\/dluga-bluza-z-poduszkami-burgund\/#primaryimage","url":"https:\/\/fluffouterwear.com\/wp-content\/uploads\/2025\/09\/Long-sweatshirt-Shoulder-Pads-burgundy-1.jpg","contentUrl":"https:\/\/fluffouterwear.com\/wp-content\/uploads\/2025\/09\/Long-sweatshirt-Shoulder-Pads-burgundy-1.jpg","width":1185,"height":1310},{"@type":"BreadcrumbList","@id":"https:\/\/fluffouterwear.com\/pl\/produkt\/dluga-bluza-z-poduszkami-burgund\/#breadcrumb","itemListElement":[{"@type":"ListItem","position":1,"name":"Strona g\u0142\u00f3wna","item":"https:\/\/fluffouterwear.com\/pl\/"},{"@type":"ListItem","position":2,"name":"Sklep","item":"https:\/\/fluffouterwear.com\/pl\/sklep\/"},{"@type":"ListItem","position":3,"name":"D\u0142uga bluza z poduszkami Burgundy"}]},{"@type":"WebSite","@id":"https:\/\/fluffouterwear.com\/pl\/#website","url":"https:\/\/fluffouterwear.com\/pl\/","name":"Fluff","description":"","potentialAction":[{"@type":"SearchAction","target":{"@type":"EntryPoint","urlTemplate":"https:\/\/fluffouterwear.com\/pl\/?s={search_term_string}"},"query-input":{"@type":"PropertyValueSpecification","valueRequired":true,"valueName":"search_term_string"}}],"inLanguage":"pl-PL"}]}},"_links":{"self":[{"href":"https:\/\/fluffouterwear.com\/pl\/wp-json\/wp\/v2\/product\/105977","targetHints":{"allow":["GET"]}}],"collection":[{"href":"https:\/\/fluffouterwear.com\/pl\/wp-json\/wp\/v2\/product"}],"about":[{"href":"https:\/\/fluffouterwear.com\/pl\/wp-json\/wp\/v2\/types\/product"}],"replies":[{"embeddable":true,"href":"https:\/\/fluffouterwear.com\/pl\/wp-json\/wp\/v2\/comments?post=105977"}],"wp:featuredmedia":[{"embeddable":true,"href":"https:\/\/fluffouterwear.com\/pl\/wp-json\/wp\/v2\/media\/105719"}],"wp:attachment":[{"href":"https:\/\/fluffouterwear.com\/pl\/wp-json\/wp\/v2\/media?parent=105977"}],"wp:term":[{"taxonomy":"product_brand","embeddable":true,"href":"https:\/\/fluffouterwear.com\/pl\/wp-json\/wp\/v2\/product_brand?post=105977"},{"taxonomy":"product_cat","embeddable":true,"href":"https:\/\/fluffouterwear.com\/pl\/wp-json\/wp\/v2\/product_cat?post=105977"},{"taxonomy":"product_tag","embeddable":true,"href":"https:\/\/fluffouterwear.com\/pl\/wp-json\/wp\/v2\/product_tag?post=105977"}],"curies":[{"name":"wp","href":"https:\/\/api.w.org\/{rel}","templated":true}]}}