{"id":106081,"date":"2025-09-14T16:27:22","date_gmt":"2025-09-14T14:27:22","guid":{"rendered":"https:\/\/fluffouterwear.com\/?post_type=product&#038;p=106081"},"modified":"2026-04-03T11:22:49","modified_gmt":"2026-04-03T09:22:49","slug":"spodnie-military-washed-black","status":"publish","type":"product","link":"https:\/\/fluffouterwear.com\/pl\/produkt\/spodnie-military-washed-black\/","title":{"rendered":"Spodnie military washed-black denim"},"content":{"rendered":"<p><strong>Jeansy military damskie<\/strong> to nowoczesna interpretacja klasycznych spodni cargo. Uszyte z denimu w odcieniu washed black, zachowuj\u0105 ponadczasowy charakter, a jednocze\u015bnie zyskuj\u0105 oryginalny, militarny akcent. <strong>Boczne kieszenie na wysoko\u015bci kolan<\/strong> dodaj\u0105 funkcjonalno\u015bci i stylu, a regulacja guzikami w pasie \u2013 znana ju\u017c z klasycznego modelu \u2013 pozwala na idealne dopasowanie do sylwetki.<\/p>\n<p>Rozszerzana nogawka optycznie wyd\u0142u\u017ca nogi i nadaje ca\u0142o\u015bci swobodnego charakteru. <strong>Jeansy military<\/strong> \u015bwietnie komponuj\u0105 si\u0119 z oversize\u2019ow\u0105 koszul\u0105, basicowym topem czy marynark\u0105, tworz\u0105c stylizacje casualowe i smart-casual. To propozycja dla kobiet, kt\u00f3re szukaj\u0105 wysokiej jako\u015bci jeans\u00f3w o modnym, u\u017cytkowym designie.<\/p>\n<p>100% bawe\u0142na. Modelka prezentuje rozmiar XS\/S.<\/p>\n","protected":false},"excerpt":{"rendered":"<p>Jeansy military damskie to nowoczesna interpretacja klasycznych spodni cargo. Uszyte z denimu w odcieniu washed black, zachowuj\u0105 ponadczasowy charakter, a jednocze\u015bnie zyskuj\u0105 oryginalny, militarny akcent. Boczne kieszenie na wysoko\u015bci kolan dodaj\u0105 funkcjonalno\u015bci i stylu, a regulacja guzikami w pasie \u2013 znana ju\u017c z klasycznego modelu \u2013 pozwala na idealne dopasowanie do sylwetki. Rozszerzana nogawka optycznie [&#8230;]\n","protected":false},"featured_media":106362,"comment_status":"open","ping_status":"closed","template":"","meta":{"_acf_changed":false},"product_brand":[],"product_cat":[382,1064],"product_tag":[],"class_list":{"0":"post-106081","1":"product","2":"type-product","3":"status-publish","4":"has-post-thumbnail","6":"product_cat-outlet-pl","7":"product_cat-kobieta-pl","9":"first","10":"outofstock","11":"sale","12":"shipping-taxable","13":"purchasable","14":"product-type-variable"},"acf":[],"yoast_head":"<!-- This site is optimized with the Yoast SEO plugin v27.0 - https:\/\/yoast.com\/product\/yoast-seo-wordpress\/ -->\n<title>Spodnie military washed-black denim - Fluff<\/title>\n<meta name=\"description\" content=\"Spodnie jeansowe z ciemnego denimu z efektem sprania. Wzboga\u0107 swoj\u0105 szaf\u0119 o wyj\u0105tkowe spodnie z efektem sprania.\" \/>\n<meta name=\"robots\" content=\"index, follow, max-snippet:-1, max-image-preview:large, max-video-preview:-1\" \/>\n<link rel=\"canonical\" href=\"https:\/\/fluffouterwear.com\/pl\/produkt\/spodnie-military-washed-black\/\" \/>\n<meta property=\"og:locale\" content=\"pl_PL\" \/>\n<meta property=\"og:type\" content=\"article\" \/>\n<meta property=\"og:title\" content=\"Spodnie military washed-black denim - Fluff\" \/>\n<meta property=\"og:description\" content=\"Spodnie jeansowe z ciemnego denimu z efektem sprania. Wzboga\u0107 swoj\u0105 szaf\u0119 o wyj\u0105tkowe spodnie z efektem sprania.\" \/>\n<meta property=\"og:url\" content=\"https:\/\/fluffouterwear.com\/pl\/produkt\/spodnie-military-washed-black\/\" \/>\n<meta property=\"og:site_name\" content=\"Fluff\" \/>\n<meta property=\"article:modified_time\" content=\"2026-04-03T09:22:49+00:00\" \/>\n<meta property=\"og:image\" content=\"https:\/\/fluffouterwear.com\/wp-content\/uploads\/2025\/09\/Military-denim-trousers-Washed-black-1.jpg\" \/>\n\t<meta property=\"og:image:width\" content=\"1185\" \/>\n\t<meta property=\"og:image:height\" content=\"1310\" \/>\n\t<meta property=\"og:image:type\" content=\"image\/jpeg\" \/>\n<meta name=\"twitter:card\" content=\"summary_large_image\" \/>\n<meta name=\"twitter:label1\" content=\"Szacowany czas czytania\" \/>\n\t<meta name=\"twitter:data1\" content=\"1 minuta\" \/>\n<script type=\"application\/ld+json\" class=\"yoast-schema-graph\">{\"@context\":\"https:\/\/schema.org\",\"@graph\":[{\"@type\":\"WebPage\",\"@id\":\"https:\/\/fluffouterwear.com\/pl\/produkt\/spodnie-military-washed-black\/\",\"url\":\"https:\/\/fluffouterwear.com\/pl\/produkt\/spodnie-military-washed-black\/\",\"name\":\"Spodnie military washed-black denim - Fluff\",\"isPartOf\":{\"@id\":\"https:\/\/fluffouterwear.com\/pl\/#website\"},\"primaryImageOfPage\":{\"@id\":\"https:\/\/fluffouterwear.com\/pl\/produkt\/spodnie-military-washed-black\/#primaryimage\"},\"image\":{\"@id\":\"https:\/\/fluffouterwear.com\/pl\/produkt\/spodnie-military-washed-black\/#primaryimage\"},\"thumbnailUrl\":\"https:\/\/fluffouterwear.com\/wp-content\/uploads\/2025\/09\/Military-denim-trousers-Washed-black-1.jpg\",\"datePublished\":\"2025-09-14T14:27:22+00:00\",\"dateModified\":\"2026-04-03T09:22:49+00:00\",\"description\":\"Spodnie jeansowe z ciemnego denimu z efektem sprania. Wzboga\u0107 swoj\u0105 szaf\u0119 o wyj\u0105tkowe spodnie z efektem sprania.\",\"breadcrumb\":{\"@id\":\"https:\/\/fluffouterwear.com\/pl\/produkt\/spodnie-military-washed-black\/#breadcrumb\"},\"inLanguage\":\"pl-PL\",\"potentialAction\":[{\"@type\":\"ReadAction\",\"target\":[\"https:\/\/fluffouterwear.com\/pl\/produkt\/spodnie-military-washed-black\/\"]}]},{\"@type\":\"ImageObject\",\"inLanguage\":\"pl-PL\",\"@id\":\"https:\/\/fluffouterwear.com\/pl\/produkt\/spodnie-military-washed-black\/#primaryimage\",\"url\":\"https:\/\/fluffouterwear.com\/wp-content\/uploads\/2025\/09\/Military-denim-trousers-Washed-black-1.jpg\",\"contentUrl\":\"https:\/\/fluffouterwear.com\/wp-content\/uploads\/2025\/09\/Military-denim-trousers-Washed-black-1.jpg\",\"width\":1185,\"height\":1310},{\"@type\":\"BreadcrumbList\",\"@id\":\"https:\/\/fluffouterwear.com\/pl\/produkt\/spodnie-military-washed-black\/#breadcrumb\",\"itemListElement\":[{\"@type\":\"ListItem\",\"position\":1,\"name\":\"Strona g\u0142\u00f3wna\",\"item\":\"https:\/\/fluffouterwear.com\/pl\/\"},{\"@type\":\"ListItem\",\"position\":2,\"name\":\"Sklep\",\"item\":\"https:\/\/fluffouterwear.com\/pl\/sklep\/\"},{\"@type\":\"ListItem\",\"position\":3,\"name\":\"Spodnie military washed-black denim\"}]},{\"@type\":\"WebSite\",\"@id\":\"https:\/\/fluffouterwear.com\/pl\/#website\",\"url\":\"https:\/\/fluffouterwear.com\/pl\/\",\"name\":\"Fluff\",\"description\":\"\",\"potentialAction\":[{\"@type\":\"SearchAction\",\"target\":{\"@type\":\"EntryPoint\",\"urlTemplate\":\"https:\/\/fluffouterwear.com\/pl\/?s={search_term_string}\"},\"query-input\":{\"@type\":\"PropertyValueSpecification\",\"valueRequired\":true,\"valueName\":\"search_term_string\"}}],\"inLanguage\":\"pl-PL\"}]}<\/script>\n<!-- \/ Yoast SEO plugin. -->","yoast_head_json":{"title":"Spodnie military washed-black denim - Fluff","description":"Spodnie jeansowe z ciemnego denimu z efektem sprania. Wzboga\u0107 swoj\u0105 szaf\u0119 o wyj\u0105tkowe spodnie z efektem sprania.","robots":{"index":"index","follow":"follow","max-snippet":"max-snippet:-1","max-image-preview":"max-image-preview:large","max-video-preview":"max-video-preview:-1"},"canonical":"https:\/\/fluffouterwear.com\/pl\/produkt\/spodnie-military-washed-black\/","og_locale":"pl_PL","og_type":"article","og_title":"Spodnie military washed-black denim - Fluff","og_description":"Spodnie jeansowe z ciemnego denimu z efektem sprania. Wzboga\u0107 swoj\u0105 szaf\u0119 o wyj\u0105tkowe spodnie z efektem sprania.","og_url":"https:\/\/fluffouterwear.com\/pl\/produkt\/spodnie-military-washed-black\/","og_site_name":"Fluff","article_modified_time":"2026-04-03T09:22:49+00:00","og_image":[{"width":1185,"height":1310,"url":"https:\/\/fluffouterwear.com\/wp-content\/uploads\/2025\/09\/Military-denim-trousers-Washed-black-1.jpg","type":"image\/jpeg"}],"twitter_card":"summary_large_image","twitter_misc":{"Szacowany czas czytania":"1 minuta"},"schema":{"@context":"https:\/\/schema.org","@graph":[{"@type":"WebPage","@id":"https:\/\/fluffouterwear.com\/pl\/produkt\/spodnie-military-washed-black\/","url":"https:\/\/fluffouterwear.com\/pl\/produkt\/spodnie-military-washed-black\/","name":"Spodnie military washed-black denim - Fluff","isPartOf":{"@id":"https:\/\/fluffouterwear.com\/pl\/#website"},"primaryImageOfPage":{"@id":"https:\/\/fluffouterwear.com\/pl\/produkt\/spodnie-military-washed-black\/#primaryimage"},"image":{"@id":"https:\/\/fluffouterwear.com\/pl\/produkt\/spodnie-military-washed-black\/#primaryimage"},"thumbnailUrl":"https:\/\/fluffouterwear.com\/wp-content\/uploads\/2025\/09\/Military-denim-trousers-Washed-black-1.jpg","datePublished":"2025-09-14T14:27:22+00:00","dateModified":"2026-04-03T09:22:49+00:00","description":"Spodnie jeansowe z ciemnego denimu z efektem sprania. Wzboga\u0107 swoj\u0105 szaf\u0119 o wyj\u0105tkowe spodnie z efektem sprania.","breadcrumb":{"@id":"https:\/\/fluffouterwear.com\/pl\/produkt\/spodnie-military-washed-black\/#breadcrumb"},"inLanguage":"pl-PL","potentialAction":[{"@type":"ReadAction","target":["https:\/\/fluffouterwear.com\/pl\/produkt\/spodnie-military-washed-black\/"]}]},{"@type":"ImageObject","inLanguage":"pl-PL","@id":"https:\/\/fluffouterwear.com\/pl\/produkt\/spodnie-military-washed-black\/#primaryimage","url":"https:\/\/fluffouterwear.com\/wp-content\/uploads\/2025\/09\/Military-denim-trousers-Washed-black-1.jpg","contentUrl":"https:\/\/fluffouterwear.com\/wp-content\/uploads\/2025\/09\/Military-denim-trousers-Washed-black-1.jpg","width":1185,"height":1310},{"@type":"BreadcrumbList","@id":"https:\/\/fluffouterwear.com\/pl\/produkt\/spodnie-military-washed-black\/#breadcrumb","itemListElement":[{"@type":"ListItem","position":1,"name":"Strona g\u0142\u00f3wna","item":"https:\/\/fluffouterwear.com\/pl\/"},{"@type":"ListItem","position":2,"name":"Sklep","item":"https:\/\/fluffouterwear.com\/pl\/sklep\/"},{"@type":"ListItem","position":3,"name":"Spodnie military washed-black denim"}]},{"@type":"WebSite","@id":"https:\/\/fluffouterwear.com\/pl\/#website","url":"https:\/\/fluffouterwear.com\/pl\/","name":"Fluff","description":"","potentialAction":[{"@type":"SearchAction","target":{"@type":"EntryPoint","urlTemplate":"https:\/\/fluffouterwear.com\/pl\/?s={search_term_string}"},"query-input":{"@type":"PropertyValueSpecification","valueRequired":true,"valueName":"search_term_string"}}],"inLanguage":"pl-PL"}]}},"_links":{"self":[{"href":"https:\/\/fluffouterwear.com\/pl\/wp-json\/wp\/v2\/product\/106081","targetHints":{"allow":["GET"]}}],"collection":[{"href":"https:\/\/fluffouterwear.com\/pl\/wp-json\/wp\/v2\/product"}],"about":[{"href":"https:\/\/fluffouterwear.com\/pl\/wp-json\/wp\/v2\/types\/product"}],"replies":[{"embeddable":true,"href":"https:\/\/fluffouterwear.com\/pl\/wp-json\/wp\/v2\/comments?post=106081"}],"wp:featuredmedia":[{"embeddable":true,"href":"https:\/\/fluffouterwear.com\/pl\/wp-json\/wp\/v2\/media\/106362"}],"wp:attachment":[{"href":"https:\/\/fluffouterwear.com\/pl\/wp-json\/wp\/v2\/media?parent=106081"}],"wp:term":[{"taxonomy":"product_brand","embeddable":true,"href":"https:\/\/fluffouterwear.com\/pl\/wp-json\/wp\/v2\/product_brand?post=106081"},{"taxonomy":"product_cat","embeddable":true,"href":"https:\/\/fluffouterwear.com\/pl\/wp-json\/wp\/v2\/product_cat?post=106081"},{"taxonomy":"product_tag","embeddable":true,"href":"https:\/\/fluffouterwear.com\/pl\/wp-json\/wp\/v2\/product_tag?post=106081"}],"curies":[{"name":"wp","href":"https:\/\/api.w.org\/{rel}","templated":true}]}}