{"id":106098,"date":"2025-09-22T21:31:12","date_gmt":"2025-09-22T19:31:12","guid":{"rendered":"https:\/\/fluffouterwear.com\/?post_type=product&#038;p=106098"},"modified":"2026-04-05T00:16:59","modified_gmt":"2026-04-04T22:16:59","slug":"krotka-kurtka-washed-black-denim","status":"publish","type":"product","link":"https:\/\/fluffouterwear.com\/pl\/produkt\/krotka-kurtka-washed-black-denim\/","title":{"rendered":"Kr\u00f3tka kurtka Washed black denim"},"content":{"rendered":"<h4><strong>Kr\u00f3rka kurtka jeansowa z efektem spranego denimu<\/strong><\/h4>\n<p><strong>Kr\u00f3tka kurtka jeansowa oversize<\/strong> z 100% bawe\u0142ny to nowoczesna ods\u0142ona <strong>klasycznego denimu<\/strong>. Model do pasa z wyd\u0142u\u017conym przodem i ty\u0142em nadaje sylwetce charakterystyczny kszta\u0142t, a szerokie ramiona z poduszkami podkre\u015blaj\u0105 modny, oversize\u2019owy styl.<\/p>\n<p>Bocza kieszonka dodaje praktycznego akcentu, zachowuj\u0105c minimalistyczny, streetwearowy vibe. <strong>Kurtka denimowa<\/strong> <strong>z bawe\u0142ny<\/strong> \u015bwietnie sprawdzi si\u0119 w codziennych stylizacjach \u2013 z jeansami, sukienk\u0105 czy sp\u00f3dnic\u0105 \u2013 tworz\u0105c uniwersalny look na ka\u017cd\u0105 por\u0119 roku. Idealna dla kobiet, kt\u00f3re szukaj\u0105 <strong>wysokiej jako\u015bci kr\u00f3tkiej kurtki jeansowej<\/strong>, \u0142\u0105cz\u0105cej naturalny komfort bawe\u0142ny, nowoczesny design i ponadczasowy charakter denimu.<\/p>\n<p>Modelka prezentuje rozmiar XS\/S.<\/p>\n","protected":false},"excerpt":{"rendered":"<p>Kr\u00f3rka kurtka jeansowa z efektem spranego denimu Kr\u00f3tka kurtka jeansowa oversize z 100% bawe\u0142ny to nowoczesna ods\u0142ona klasycznego denimu. Model do pasa z wyd\u0142u\u017conym przodem i ty\u0142em nadaje sylwetce charakterystyczny kszta\u0142t, a szerokie ramiona z poduszkami podkre\u015blaj\u0105 modny, oversize\u2019owy styl. Bocza kieszonka dodaje praktycznego akcentu, zachowuj\u0105c minimalistyczny, streetwearowy vibe. Kurtka denimowa z bawe\u0142ny \u015bwietnie sprawdzi [&#8230;]\n","protected":false},"featured_media":106370,"comment_status":"closed","ping_status":"closed","template":"","meta":{"_acf_changed":false},"product_brand":[],"product_cat":[382,1064],"product_tag":[],"class_list":{"0":"post-106098","1":"product","2":"type-product","3":"status-publish","4":"has-post-thumbnail","6":"product_cat-outlet-pl","7":"product_cat-kobieta-pl","9":"first","10":"instock","11":"sale","12":"shipping-taxable","13":"purchasable","14":"product-type-variable"},"acf":[],"yoast_head":"<!-- This site is optimized with the Yoast SEO plugin v27.0 - https:\/\/yoast.com\/product\/yoast-seo-wordpress\/ -->\n<title>Kr\u00f3tka kurtka Washed black denim - Fluff<\/title>\n<meta name=\"robots\" content=\"index, follow, max-snippet:-1, max-image-preview:large, max-video-preview:-1\" \/>\n<link rel=\"canonical\" href=\"https:\/\/fluffouterwear.com\/pl\/produkt\/krotka-kurtka-washed-black-denim\/\" \/>\n<meta property=\"og:locale\" content=\"pl_PL\" \/>\n<meta property=\"og:type\" content=\"article\" \/>\n<meta property=\"og:title\" content=\"Kr\u00f3tka kurtka Washed black denim - Fluff\" \/>\n<meta property=\"og:description\" content=\"Kr\u00f3rka kurtka jeansowa z efektem spranego denimu Kr\u00f3tka kurtka jeansowa oversize z 100% bawe\u0142ny to nowoczesna ods\u0142ona klasycznego denimu. Model do pasa z wyd\u0142u\u017conym przodem i ty\u0142em nadaje sylwetce charakterystyczny kszta\u0142t, a szerokie ramiona z poduszkami podkre\u015blaj\u0105 modny, oversize\u2019owy styl. Bocza kieszonka dodaje praktycznego akcentu, zachowuj\u0105c minimalistyczny, streetwearowy vibe. Kurtka denimowa z bawe\u0142ny \u015bwietnie sprawdzi [...]\" \/>\n<meta property=\"og:url\" content=\"https:\/\/fluffouterwear.com\/pl\/produkt\/krotka-kurtka-washed-black-denim\/\" \/>\n<meta property=\"og:site_name\" content=\"Fluff\" \/>\n<meta property=\"article:modified_time\" content=\"2026-04-04T22:16:59+00:00\" \/>\n<meta property=\"og:image\" content=\"https:\/\/fluffouterwear.com\/wp-content\/uploads\/2025\/09\/Short-denim-jacket-washed-black-1.jpg\" \/>\n\t<meta property=\"og:image:width\" content=\"1185\" \/>\n\t<meta property=\"og:image:height\" content=\"1310\" \/>\n\t<meta property=\"og:image:type\" content=\"image\/jpeg\" \/>\n<meta name=\"twitter:card\" content=\"summary_large_image\" \/>\n<meta name=\"twitter:label1\" content=\"Szacowany czas czytania\" \/>\n\t<meta name=\"twitter:data1\" content=\"1 minuta\" \/>\n<script type=\"application\/ld+json\" class=\"yoast-schema-graph\">{\"@context\":\"https:\/\/schema.org\",\"@graph\":[{\"@type\":\"WebPage\",\"@id\":\"https:\/\/fluffouterwear.com\/pl\/produkt\/krotka-kurtka-washed-black-denim\/\",\"url\":\"https:\/\/fluffouterwear.com\/pl\/produkt\/krotka-kurtka-washed-black-denim\/\",\"name\":\"Kr\u00f3tka kurtka Washed black denim - Fluff\",\"isPartOf\":{\"@id\":\"https:\/\/fluffouterwear.com\/pl\/#website\"},\"primaryImageOfPage\":{\"@id\":\"https:\/\/fluffouterwear.com\/pl\/produkt\/krotka-kurtka-washed-black-denim\/#primaryimage\"},\"image\":{\"@id\":\"https:\/\/fluffouterwear.com\/pl\/produkt\/krotka-kurtka-washed-black-denim\/#primaryimage\"},\"thumbnailUrl\":\"https:\/\/fluffouterwear.com\/wp-content\/uploads\/2025\/09\/Short-denim-jacket-washed-black-1.jpg\",\"datePublished\":\"2025-09-22T19:31:12+00:00\",\"dateModified\":\"2026-04-04T22:16:59+00:00\",\"breadcrumb\":{\"@id\":\"https:\/\/fluffouterwear.com\/pl\/produkt\/krotka-kurtka-washed-black-denim\/#breadcrumb\"},\"inLanguage\":\"pl-PL\",\"potentialAction\":[{\"@type\":\"ReadAction\",\"target\":[\"https:\/\/fluffouterwear.com\/pl\/produkt\/krotka-kurtka-washed-black-denim\/\"]}]},{\"@type\":\"ImageObject\",\"inLanguage\":\"pl-PL\",\"@id\":\"https:\/\/fluffouterwear.com\/pl\/produkt\/krotka-kurtka-washed-black-denim\/#primaryimage\",\"url\":\"https:\/\/fluffouterwear.com\/wp-content\/uploads\/2025\/09\/Short-denim-jacket-washed-black-1.jpg\",\"contentUrl\":\"https:\/\/fluffouterwear.com\/wp-content\/uploads\/2025\/09\/Short-denim-jacket-washed-black-1.jpg\",\"width\":1185,\"height\":1310},{\"@type\":\"BreadcrumbList\",\"@id\":\"https:\/\/fluffouterwear.com\/pl\/produkt\/krotka-kurtka-washed-black-denim\/#breadcrumb\",\"itemListElement\":[{\"@type\":\"ListItem\",\"position\":1,\"name\":\"Strona g\u0142\u00f3wna\",\"item\":\"https:\/\/fluffouterwear.com\/pl\/\"},{\"@type\":\"ListItem\",\"position\":2,\"name\":\"Sklep\",\"item\":\"https:\/\/fluffouterwear.com\/pl\/sklep\/\"},{\"@type\":\"ListItem\",\"position\":3,\"name\":\"Kr\u00f3tka kurtka Washed black denim\"}]},{\"@type\":\"WebSite\",\"@id\":\"https:\/\/fluffouterwear.com\/pl\/#website\",\"url\":\"https:\/\/fluffouterwear.com\/pl\/\",\"name\":\"Fluff\",\"description\":\"\",\"potentialAction\":[{\"@type\":\"SearchAction\",\"target\":{\"@type\":\"EntryPoint\",\"urlTemplate\":\"https:\/\/fluffouterwear.com\/pl\/?s={search_term_string}\"},\"query-input\":{\"@type\":\"PropertyValueSpecification\",\"valueRequired\":true,\"valueName\":\"search_term_string\"}}],\"inLanguage\":\"pl-PL\"}]}<\/script>\n<!-- \/ Yoast SEO plugin. -->","yoast_head_json":{"title":"Kr\u00f3tka kurtka Washed black denim - Fluff","robots":{"index":"index","follow":"follow","max-snippet":"max-snippet:-1","max-image-preview":"max-image-preview:large","max-video-preview":"max-video-preview:-1"},"canonical":"https:\/\/fluffouterwear.com\/pl\/produkt\/krotka-kurtka-washed-black-denim\/","og_locale":"pl_PL","og_type":"article","og_title":"Kr\u00f3tka kurtka Washed black denim - Fluff","og_description":"Kr\u00f3rka kurtka jeansowa z efektem spranego denimu Kr\u00f3tka kurtka jeansowa oversize z 100% bawe\u0142ny to nowoczesna ods\u0142ona klasycznego denimu. Model do pasa z wyd\u0142u\u017conym przodem i ty\u0142em nadaje sylwetce charakterystyczny kszta\u0142t, a szerokie ramiona z poduszkami podkre\u015blaj\u0105 modny, oversize\u2019owy styl. Bocza kieszonka dodaje praktycznego akcentu, zachowuj\u0105c minimalistyczny, streetwearowy vibe. Kurtka denimowa z bawe\u0142ny \u015bwietnie sprawdzi [...]","og_url":"https:\/\/fluffouterwear.com\/pl\/produkt\/krotka-kurtka-washed-black-denim\/","og_site_name":"Fluff","article_modified_time":"2026-04-04T22:16:59+00:00","og_image":[{"width":1185,"height":1310,"url":"https:\/\/fluffouterwear.com\/wp-content\/uploads\/2025\/09\/Short-denim-jacket-washed-black-1.jpg","type":"image\/jpeg"}],"twitter_card":"summary_large_image","twitter_misc":{"Szacowany czas czytania":"1 minuta"},"schema":{"@context":"https:\/\/schema.org","@graph":[{"@type":"WebPage","@id":"https:\/\/fluffouterwear.com\/pl\/produkt\/krotka-kurtka-washed-black-denim\/","url":"https:\/\/fluffouterwear.com\/pl\/produkt\/krotka-kurtka-washed-black-denim\/","name":"Kr\u00f3tka kurtka Washed black denim - Fluff","isPartOf":{"@id":"https:\/\/fluffouterwear.com\/pl\/#website"},"primaryImageOfPage":{"@id":"https:\/\/fluffouterwear.com\/pl\/produkt\/krotka-kurtka-washed-black-denim\/#primaryimage"},"image":{"@id":"https:\/\/fluffouterwear.com\/pl\/produkt\/krotka-kurtka-washed-black-denim\/#primaryimage"},"thumbnailUrl":"https:\/\/fluffouterwear.com\/wp-content\/uploads\/2025\/09\/Short-denim-jacket-washed-black-1.jpg","datePublished":"2025-09-22T19:31:12+00:00","dateModified":"2026-04-04T22:16:59+00:00","breadcrumb":{"@id":"https:\/\/fluffouterwear.com\/pl\/produkt\/krotka-kurtka-washed-black-denim\/#breadcrumb"},"inLanguage":"pl-PL","potentialAction":[{"@type":"ReadAction","target":["https:\/\/fluffouterwear.com\/pl\/produkt\/krotka-kurtka-washed-black-denim\/"]}]},{"@type":"ImageObject","inLanguage":"pl-PL","@id":"https:\/\/fluffouterwear.com\/pl\/produkt\/krotka-kurtka-washed-black-denim\/#primaryimage","url":"https:\/\/fluffouterwear.com\/wp-content\/uploads\/2025\/09\/Short-denim-jacket-washed-black-1.jpg","contentUrl":"https:\/\/fluffouterwear.com\/wp-content\/uploads\/2025\/09\/Short-denim-jacket-washed-black-1.jpg","width":1185,"height":1310},{"@type":"BreadcrumbList","@id":"https:\/\/fluffouterwear.com\/pl\/produkt\/krotka-kurtka-washed-black-denim\/#breadcrumb","itemListElement":[{"@type":"ListItem","position":1,"name":"Strona g\u0142\u00f3wna","item":"https:\/\/fluffouterwear.com\/pl\/"},{"@type":"ListItem","position":2,"name":"Sklep","item":"https:\/\/fluffouterwear.com\/pl\/sklep\/"},{"@type":"ListItem","position":3,"name":"Kr\u00f3tka kurtka Washed black denim"}]},{"@type":"WebSite","@id":"https:\/\/fluffouterwear.com\/pl\/#website","url":"https:\/\/fluffouterwear.com\/pl\/","name":"Fluff","description":"","potentialAction":[{"@type":"SearchAction","target":{"@type":"EntryPoint","urlTemplate":"https:\/\/fluffouterwear.com\/pl\/?s={search_term_string}"},"query-input":{"@type":"PropertyValueSpecification","valueRequired":true,"valueName":"search_term_string"}}],"inLanguage":"pl-PL"}]}},"_links":{"self":[{"href":"https:\/\/fluffouterwear.com\/pl\/wp-json\/wp\/v2\/product\/106098","targetHints":{"allow":["GET"]}}],"collection":[{"href":"https:\/\/fluffouterwear.com\/pl\/wp-json\/wp\/v2\/product"}],"about":[{"href":"https:\/\/fluffouterwear.com\/pl\/wp-json\/wp\/v2\/types\/product"}],"replies":[{"embeddable":true,"href":"https:\/\/fluffouterwear.com\/pl\/wp-json\/wp\/v2\/comments?post=106098"}],"wp:featuredmedia":[{"embeddable":true,"href":"https:\/\/fluffouterwear.com\/pl\/wp-json\/wp\/v2\/media\/106370"}],"wp:attachment":[{"href":"https:\/\/fluffouterwear.com\/pl\/wp-json\/wp\/v2\/media?parent=106098"}],"wp:term":[{"taxonomy":"product_brand","embeddable":true,"href":"https:\/\/fluffouterwear.com\/pl\/wp-json\/wp\/v2\/product_brand?post=106098"},{"taxonomy":"product_cat","embeddable":true,"href":"https:\/\/fluffouterwear.com\/pl\/wp-json\/wp\/v2\/product_cat?post=106098"},{"taxonomy":"product_tag","embeddable":true,"href":"https:\/\/fluffouterwear.com\/pl\/wp-json\/wp\/v2\/product_tag?post=106098"}],"curies":[{"name":"wp","href":"https:\/\/api.w.org\/{rel}","templated":true}]}}