{"id":106121,"date":"2025-09-14T17:09:55","date_gmt":"2025-09-14T15:09:55","guid":{"rendered":"https:\/\/fluffouterwear.com\/?post_type=product&#038;p=106121"},"modified":"2026-04-05T19:15:29","modified_gmt":"2026-04-05T17:15:29","slug":"koszula-jeansowa-indigo","status":"publish","type":"product","link":"https:\/\/fluffouterwear.com\/pl\/produkt\/koszula-jeansowa-indigo\/","title":{"rendered":"Koszula jeansowa Indigo"},"content":{"rendered":"<h3>Koszula jeansowa z ciemnego denimu<\/h3>\n<p><strong>Koszula jeansowa Fluff<\/strong> to must-have dla fanek lu\u017anego stylu z charakterem. Wykonana z wysokiej jako\u015bci denimu (100% bawe\u0142na), zapewnia komfort i trwa\u0142o\u015b\u0107 przy codziennym noszeniu. <strong>Denim shirt damski<\/strong> posiada klasyczny ko\u0142nierzyk i zapi\u0119cie na guziki na ca\u0142ej d\u0142ugo\u015bci.<\/p>\n<p>Prosty fason pozwala na wygodne warstwowanie: mo\u017cesz j\u0105 nosi\u0107 na top lub t-shirt lub bezposrednio na cia\u0142o &#8211; jest mi\u0119kka i dobrze si\u0119 uk\u0142ada. <strong>Koszula jeansowa<\/strong> \u015bwietnie \u0142\u0105czy si\u0119 z denimowymi spodniami lub sp\u00f3dnic\u0105 dla efektu \u201edenim on denim\u201d, ale te\u017c z casualowymi legginsami czy spodniami cargo. Idealna dla kobiet szukaj\u0105cych <strong>koszuli jeansowej damskiej<\/strong>, kt\u00f3ra \u0142\u0105czy ponadczasowy design, naturalny materia\u0142 i uniwersalne zastosowanie.<\/p>\n","protected":false},"excerpt":{"rendered":"<p>Koszula jeansowa z ciemnego denimu Koszula jeansowa Fluff to must-have dla fanek lu\u017anego stylu z charakterem. Wykonana z wysokiej jako\u015bci denimu (100% bawe\u0142na), zapewnia komfort i trwa\u0142o\u015b\u0107 przy codziennym noszeniu. Denim shirt damski posiada klasyczny ko\u0142nierzyk i zapi\u0119cie na guziki na ca\u0142ej d\u0142ugo\u015bci. Prosty fason pozwala na wygodne warstwowanie: mo\u017cesz j\u0105 nosi\u0107 na top lub [&#8230;]\n","protected":false},"featured_media":106378,"comment_status":"open","ping_status":"closed","template":"","meta":{"_acf_changed":false},"product_brand":[],"product_cat":[1511,305,1051,868],"product_tag":[832],"class_list":{"0":"post-106121","1":"product","2":"type-product","3":"status-publish","4":"has-post-thumbnail","6":"product_cat-koszule-i-bluzki","7":"product_cat-kobieta","8":"product_cat-wiosna-pl","9":"product_cat-kolekcja-denimowa","10":"product_tag-spring-pl","12":"first","13":"instock","14":"shipping-taxable","15":"purchasable","16":"product-type-variable"},"acf":[],"yoast_head":"<!-- This site is optimized with the Yoast SEO plugin v27.0 - https:\/\/yoast.com\/product\/yoast-seo-wordpress\/ -->\n<title>Koszula jeansowa Indigo - Fluff<\/title>\n<meta name=\"description\" content=\"Podkre\u015bl swoj\u0105 sylwetk\u0119 i poczuj si\u0119 stylowo dzi\u0119ki naszej nowoczesnej d\u017cinsowej koszuli z guzikami. 100% bawe\u0142na. Do wyboru kilka rozmiar\u00f3w.\" \/>\n<meta name=\"robots\" content=\"index, follow, max-snippet:-1, max-image-preview:large, max-video-preview:-1\" \/>\n<link rel=\"canonical\" href=\"https:\/\/fluffouterwear.com\/pl\/produkt\/koszula-jeansowa-indigo\/\" \/>\n<meta property=\"og:locale\" content=\"pl_PL\" \/>\n<meta property=\"og:type\" content=\"article\" \/>\n<meta property=\"og:title\" content=\"Koszula jeansowa Indigo - Fluff\" \/>\n<meta property=\"og:description\" content=\"Podkre\u015bl swoj\u0105 sylwetk\u0119 i poczuj si\u0119 stylowo dzi\u0119ki naszej nowoczesnej d\u017cinsowej koszuli z guzikami. 100% bawe\u0142na. Do wyboru kilka rozmiar\u00f3w.\" \/>\n<meta property=\"og:url\" content=\"https:\/\/fluffouterwear.com\/pl\/produkt\/koszula-jeansowa-indigo\/\" \/>\n<meta property=\"og:site_name\" content=\"Fluff\" \/>\n<meta property=\"article:modified_time\" content=\"2026-04-05T17:15:29+00:00\" \/>\n<meta property=\"og:image\" content=\"https:\/\/fluffouterwear.com\/wp-content\/uploads\/2025\/09\/Indigo-denim-shirt-1.jpg\" \/>\n\t<meta property=\"og:image:width\" content=\"1185\" \/>\n\t<meta property=\"og:image:height\" content=\"1310\" \/>\n\t<meta property=\"og:image:type\" content=\"image\/jpeg\" \/>\n<meta name=\"twitter:card\" content=\"summary_large_image\" \/>\n<meta name=\"twitter:label1\" content=\"Szacowany czas czytania\" \/>\n\t<meta name=\"twitter:data1\" content=\"1 minuta\" \/>\n<script type=\"application\/ld+json\" class=\"yoast-schema-graph\">{\"@context\":\"https:\/\/schema.org\",\"@graph\":[{\"@type\":\"WebPage\",\"@id\":\"https:\/\/fluffouterwear.com\/pl\/produkt\/koszula-jeansowa-indigo\/\",\"url\":\"https:\/\/fluffouterwear.com\/pl\/produkt\/koszula-jeansowa-indigo\/\",\"name\":\"Koszula jeansowa Indigo - Fluff\",\"isPartOf\":{\"@id\":\"https:\/\/fluffouterwear.com\/pl\/#website\"},\"primaryImageOfPage\":{\"@id\":\"https:\/\/fluffouterwear.com\/pl\/produkt\/koszula-jeansowa-indigo\/#primaryimage\"},\"image\":{\"@id\":\"https:\/\/fluffouterwear.com\/pl\/produkt\/koszula-jeansowa-indigo\/#primaryimage\"},\"thumbnailUrl\":\"https:\/\/fluffouterwear.com\/wp-content\/uploads\/2025\/09\/Indigo-denim-shirt-1.jpg\",\"datePublished\":\"2025-09-14T15:09:55+00:00\",\"dateModified\":\"2026-04-05T17:15:29+00:00\",\"description\":\"Podkre\u015bl swoj\u0105 sylwetk\u0119 i poczuj si\u0119 stylowo dzi\u0119ki naszej nowoczesnej d\u017cinsowej koszuli z guzikami. 100% bawe\u0142na. Do wyboru kilka rozmiar\u00f3w.\",\"breadcrumb\":{\"@id\":\"https:\/\/fluffouterwear.com\/pl\/produkt\/koszula-jeansowa-indigo\/#breadcrumb\"},\"inLanguage\":\"pl-PL\",\"potentialAction\":[{\"@type\":\"ReadAction\",\"target\":[\"https:\/\/fluffouterwear.com\/pl\/produkt\/koszula-jeansowa-indigo\/\"]}]},{\"@type\":\"ImageObject\",\"inLanguage\":\"pl-PL\",\"@id\":\"https:\/\/fluffouterwear.com\/pl\/produkt\/koszula-jeansowa-indigo\/#primaryimage\",\"url\":\"https:\/\/fluffouterwear.com\/wp-content\/uploads\/2025\/09\/Indigo-denim-shirt-1.jpg\",\"contentUrl\":\"https:\/\/fluffouterwear.com\/wp-content\/uploads\/2025\/09\/Indigo-denim-shirt-1.jpg\",\"width\":1185,\"height\":1310},{\"@type\":\"BreadcrumbList\",\"@id\":\"https:\/\/fluffouterwear.com\/pl\/produkt\/koszula-jeansowa-indigo\/#breadcrumb\",\"itemListElement\":[{\"@type\":\"ListItem\",\"position\":1,\"name\":\"Strona g\u0142\u00f3wna\",\"item\":\"https:\/\/fluffouterwear.com\/pl\/\"},{\"@type\":\"ListItem\",\"position\":2,\"name\":\"Sklep\",\"item\":\"https:\/\/fluffouterwear.com\/pl\/sklep\/\"},{\"@type\":\"ListItem\",\"position\":3,\"name\":\"Koszula jeansowa Indigo\"}]},{\"@type\":\"WebSite\",\"@id\":\"https:\/\/fluffouterwear.com\/pl\/#website\",\"url\":\"https:\/\/fluffouterwear.com\/pl\/\",\"name\":\"Fluff\",\"description\":\"\",\"potentialAction\":[{\"@type\":\"SearchAction\",\"target\":{\"@type\":\"EntryPoint\",\"urlTemplate\":\"https:\/\/fluffouterwear.com\/pl\/?s={search_term_string}\"},\"query-input\":{\"@type\":\"PropertyValueSpecification\",\"valueRequired\":true,\"valueName\":\"search_term_string\"}}],\"inLanguage\":\"pl-PL\"}]}<\/script>\n<!-- \/ Yoast SEO plugin. -->","yoast_head_json":{"title":"Koszula jeansowa Indigo - Fluff","description":"Podkre\u015bl swoj\u0105 sylwetk\u0119 i poczuj si\u0119 stylowo dzi\u0119ki naszej nowoczesnej d\u017cinsowej koszuli z guzikami. 100% bawe\u0142na. Do wyboru kilka rozmiar\u00f3w.","robots":{"index":"index","follow":"follow","max-snippet":"max-snippet:-1","max-image-preview":"max-image-preview:large","max-video-preview":"max-video-preview:-1"},"canonical":"https:\/\/fluffouterwear.com\/pl\/produkt\/koszula-jeansowa-indigo\/","og_locale":"pl_PL","og_type":"article","og_title":"Koszula jeansowa Indigo - Fluff","og_description":"Podkre\u015bl swoj\u0105 sylwetk\u0119 i poczuj si\u0119 stylowo dzi\u0119ki naszej nowoczesnej d\u017cinsowej koszuli z guzikami. 100% bawe\u0142na. Do wyboru kilka rozmiar\u00f3w.","og_url":"https:\/\/fluffouterwear.com\/pl\/produkt\/koszula-jeansowa-indigo\/","og_site_name":"Fluff","article_modified_time":"2026-04-05T17:15:29+00:00","og_image":[{"width":1185,"height":1310,"url":"https:\/\/fluffouterwear.com\/wp-content\/uploads\/2025\/09\/Indigo-denim-shirt-1.jpg","type":"image\/jpeg"}],"twitter_card":"summary_large_image","twitter_misc":{"Szacowany czas czytania":"1 minuta"},"schema":{"@context":"https:\/\/schema.org","@graph":[{"@type":"WebPage","@id":"https:\/\/fluffouterwear.com\/pl\/produkt\/koszula-jeansowa-indigo\/","url":"https:\/\/fluffouterwear.com\/pl\/produkt\/koszula-jeansowa-indigo\/","name":"Koszula jeansowa Indigo - Fluff","isPartOf":{"@id":"https:\/\/fluffouterwear.com\/pl\/#website"},"primaryImageOfPage":{"@id":"https:\/\/fluffouterwear.com\/pl\/produkt\/koszula-jeansowa-indigo\/#primaryimage"},"image":{"@id":"https:\/\/fluffouterwear.com\/pl\/produkt\/koszula-jeansowa-indigo\/#primaryimage"},"thumbnailUrl":"https:\/\/fluffouterwear.com\/wp-content\/uploads\/2025\/09\/Indigo-denim-shirt-1.jpg","datePublished":"2025-09-14T15:09:55+00:00","dateModified":"2026-04-05T17:15:29+00:00","description":"Podkre\u015bl swoj\u0105 sylwetk\u0119 i poczuj si\u0119 stylowo dzi\u0119ki naszej nowoczesnej d\u017cinsowej koszuli z guzikami. 100% bawe\u0142na. Do wyboru kilka rozmiar\u00f3w.","breadcrumb":{"@id":"https:\/\/fluffouterwear.com\/pl\/produkt\/koszula-jeansowa-indigo\/#breadcrumb"},"inLanguage":"pl-PL","potentialAction":[{"@type":"ReadAction","target":["https:\/\/fluffouterwear.com\/pl\/produkt\/koszula-jeansowa-indigo\/"]}]},{"@type":"ImageObject","inLanguage":"pl-PL","@id":"https:\/\/fluffouterwear.com\/pl\/produkt\/koszula-jeansowa-indigo\/#primaryimage","url":"https:\/\/fluffouterwear.com\/wp-content\/uploads\/2025\/09\/Indigo-denim-shirt-1.jpg","contentUrl":"https:\/\/fluffouterwear.com\/wp-content\/uploads\/2025\/09\/Indigo-denim-shirt-1.jpg","width":1185,"height":1310},{"@type":"BreadcrumbList","@id":"https:\/\/fluffouterwear.com\/pl\/produkt\/koszula-jeansowa-indigo\/#breadcrumb","itemListElement":[{"@type":"ListItem","position":1,"name":"Strona g\u0142\u00f3wna","item":"https:\/\/fluffouterwear.com\/pl\/"},{"@type":"ListItem","position":2,"name":"Sklep","item":"https:\/\/fluffouterwear.com\/pl\/sklep\/"},{"@type":"ListItem","position":3,"name":"Koszula jeansowa Indigo"}]},{"@type":"WebSite","@id":"https:\/\/fluffouterwear.com\/pl\/#website","url":"https:\/\/fluffouterwear.com\/pl\/","name":"Fluff","description":"","potentialAction":[{"@type":"SearchAction","target":{"@type":"EntryPoint","urlTemplate":"https:\/\/fluffouterwear.com\/pl\/?s={search_term_string}"},"query-input":{"@type":"PropertyValueSpecification","valueRequired":true,"valueName":"search_term_string"}}],"inLanguage":"pl-PL"}]}},"_links":{"self":[{"href":"https:\/\/fluffouterwear.com\/pl\/wp-json\/wp\/v2\/product\/106121","targetHints":{"allow":["GET"]}}],"collection":[{"href":"https:\/\/fluffouterwear.com\/pl\/wp-json\/wp\/v2\/product"}],"about":[{"href":"https:\/\/fluffouterwear.com\/pl\/wp-json\/wp\/v2\/types\/product"}],"replies":[{"embeddable":true,"href":"https:\/\/fluffouterwear.com\/pl\/wp-json\/wp\/v2\/comments?post=106121"}],"wp:featuredmedia":[{"embeddable":true,"href":"https:\/\/fluffouterwear.com\/pl\/wp-json\/wp\/v2\/media\/106378"}],"wp:attachment":[{"href":"https:\/\/fluffouterwear.com\/pl\/wp-json\/wp\/v2\/media?parent=106121"}],"wp:term":[{"taxonomy":"product_brand","embeddable":true,"href":"https:\/\/fluffouterwear.com\/pl\/wp-json\/wp\/v2\/product_brand?post=106121"},{"taxonomy":"product_cat","embeddable":true,"href":"https:\/\/fluffouterwear.com\/pl\/wp-json\/wp\/v2\/product_cat?post=106121"},{"taxonomy":"product_tag","embeddable":true,"href":"https:\/\/fluffouterwear.com\/pl\/wp-json\/wp\/v2\/product_tag?post=106121"}],"curies":[{"name":"wp","href":"https:\/\/api.w.org\/{rel}","templated":true}]}}