{"id":106133,"date":"2025-09-14T17:23:55","date_gmt":"2025-09-14T15:23:55","guid":{"rendered":"https:\/\/fluffouterwear.com\/?post_type=product&#038;p=106133"},"modified":"2026-03-12T09:03:12","modified_gmt":"2026-03-12T08:03:12","slug":"spodnie-classic-indigo","status":"publish","type":"product","link":"https:\/\/fluffouterwear.com\/pl\/produkt\/spodnie-classic-indigo\/","title":{"rendered":"Spodnie Classic Indigo denim"},"content":{"rendered":"<p><strong>Klasyczne jeansy damskie<\/strong> <strong>mom fit<\/strong> z <strong>100% bawe\u0142ny<\/strong> to ponadczasowy model, kt\u00f3ry podkre\u015bla sylwetk\u0119 i zapewnia maksymalny komfort. Wysoki stan modeluje tali\u0119 i dodaje elegancji, a prosta nogawka zako\u0144czona subtelnym rozporkiem od wewn\u0119trznej strony nadaje ca\u0142o\u015bci lekko\u015bci i nowoczesnego charakteru.<\/p>\n<p><strong>Jeansy mom fit<\/strong> \u015bwietnie sprawdz\u0105 si\u0119 zar\u00f3wno w codziennych, casualowych stylizacjach, jak i w po\u0142\u0105czeniu z bardziej eleganck\u0105 g\u00f3r\u0105. Naturalna bawe\u0142na gwarantuje trwa\u0142o\u015b\u0107 i wygod\u0119 noszenia, a klasyczny kr\u00f3j sprawia, \u017ce spodnie z \u0142atwo\u015bci\u0105 dopasujesz do swojej garderoby. To idealna propozycja dla kobiet poszukuj\u0105cych <strong>wysokiej jako\u015bci jeans\u00f3w damskich<\/strong>, kt\u00f3re \u0142\u0105cz\u0105 ponadczasowy design, komfort i modny detal.<\/p>\n<p>100% bawe\u0142na.<\/p>\n","protected":false},"excerpt":{"rendered":"<p>Klasyczne jeansy damskie mom fit z 100% bawe\u0142ny to ponadczasowy model, kt\u00f3ry podkre\u015bla sylwetk\u0119 i zapewnia maksymalny komfort. Wysoki stan modeluje tali\u0119 i dodaje elegancji, a prosta nogawka zako\u0144czona subtelnym rozporkiem od wewn\u0119trznej strony nadaje ca\u0142o\u015bci lekko\u015bci i nowoczesnego charakteru. Jeansy mom fit \u015bwietnie sprawdz\u0105 si\u0119 zar\u00f3wno w codziennych, casualowych stylizacjach, jak i w po\u0142\u0105czeniu [&#8230;]\n","protected":false},"featured_media":106350,"comment_status":"open","ping_status":"closed","template":"","meta":{"_acf_changed":false},"product_brand":[],"product_cat":[1512,305,868],"product_tag":[],"class_list":{"0":"post-106133","1":"product","2":"type-product","3":"status-publish","4":"has-post-thumbnail","6":"product_cat-spodnie-i-szorty","7":"product_cat-kobieta","8":"product_cat-kolekcja-denimowa","10":"first","11":"instock","12":"shipping-taxable","13":"purchasable","14":"product-type-variable"},"acf":[],"yoast_head":"<!-- This site is optimized with the Yoast SEO plugin v27.0 - https:\/\/yoast.com\/product\/yoast-seo-wordpress\/ -->\n<title>Spodnie Classic Indigo denim - Fluff<\/title>\n<meta name=\"description\" content=\"Spodnie jeansowe z ciemnego denimu z efektem sprania. Wzboga\u0107 swoj\u0105 szaf\u0119 o wyj\u0105tkowe spodnie z efektem sprania.\" \/>\n<meta name=\"robots\" content=\"index, follow, max-snippet:-1, max-image-preview:large, max-video-preview:-1\" \/>\n<link rel=\"canonical\" href=\"https:\/\/fluffouterwear.com\/pl\/produkt\/spodnie-classic-indigo\/\" \/>\n<meta property=\"og:locale\" content=\"pl_PL\" \/>\n<meta property=\"og:type\" content=\"article\" \/>\n<meta property=\"og:title\" content=\"Spodnie Classic Indigo denim - Fluff\" \/>\n<meta property=\"og:description\" content=\"Spodnie jeansowe z ciemnego denimu z efektem sprania. Wzboga\u0107 swoj\u0105 szaf\u0119 o wyj\u0105tkowe spodnie z efektem sprania.\" \/>\n<meta property=\"og:url\" content=\"https:\/\/fluffouterwear.com\/pl\/produkt\/spodnie-classic-indigo\/\" \/>\n<meta property=\"og:site_name\" content=\"Fluff\" \/>\n<meta property=\"article:modified_time\" content=\"2026-03-12T08:03:12+00:00\" \/>\n<meta property=\"og:image\" content=\"https:\/\/fluffouterwear.com\/wp-content\/uploads\/2025\/09\/Classic-denim-trousers-Indigo-1.jpg\" \/>\n\t<meta property=\"og:image:width\" content=\"1185\" \/>\n\t<meta property=\"og:image:height\" content=\"1310\" \/>\n\t<meta property=\"og:image:type\" content=\"image\/jpeg\" \/>\n<meta name=\"twitter:card\" content=\"summary_large_image\" \/>\n<meta name=\"twitter:label1\" content=\"Szacowany czas czytania\" \/>\n\t<meta name=\"twitter:data1\" content=\"1 minuta\" \/>\n<script type=\"application\/ld+json\" class=\"yoast-schema-graph\">{\"@context\":\"https:\/\/schema.org\",\"@graph\":[{\"@type\":\"WebPage\",\"@id\":\"https:\/\/fluffouterwear.com\/pl\/produkt\/spodnie-classic-indigo\/\",\"url\":\"https:\/\/fluffouterwear.com\/pl\/produkt\/spodnie-classic-indigo\/\",\"name\":\"Spodnie Classic Indigo denim - Fluff\",\"isPartOf\":{\"@id\":\"https:\/\/fluffouterwear.com\/pl\/#website\"},\"primaryImageOfPage\":{\"@id\":\"https:\/\/fluffouterwear.com\/pl\/produkt\/spodnie-classic-indigo\/#primaryimage\"},\"image\":{\"@id\":\"https:\/\/fluffouterwear.com\/pl\/produkt\/spodnie-classic-indigo\/#primaryimage\"},\"thumbnailUrl\":\"https:\/\/fluffouterwear.com\/wp-content\/uploads\/2025\/09\/Classic-denim-trousers-Indigo-1.jpg\",\"datePublished\":\"2025-09-14T15:23:55+00:00\",\"dateModified\":\"2026-03-12T08:03:12+00:00\",\"description\":\"Spodnie jeansowe z ciemnego denimu z efektem sprania. Wzboga\u0107 swoj\u0105 szaf\u0119 o wyj\u0105tkowe spodnie z efektem sprania.\",\"breadcrumb\":{\"@id\":\"https:\/\/fluffouterwear.com\/pl\/produkt\/spodnie-classic-indigo\/#breadcrumb\"},\"inLanguage\":\"pl-PL\",\"potentialAction\":[{\"@type\":\"ReadAction\",\"target\":[\"https:\/\/fluffouterwear.com\/pl\/produkt\/spodnie-classic-indigo\/\"]}]},{\"@type\":\"ImageObject\",\"inLanguage\":\"pl-PL\",\"@id\":\"https:\/\/fluffouterwear.com\/pl\/produkt\/spodnie-classic-indigo\/#primaryimage\",\"url\":\"https:\/\/fluffouterwear.com\/wp-content\/uploads\/2025\/09\/Classic-denim-trousers-Indigo-1.jpg\",\"contentUrl\":\"https:\/\/fluffouterwear.com\/wp-content\/uploads\/2025\/09\/Classic-denim-trousers-Indigo-1.jpg\",\"width\":1185,\"height\":1310},{\"@type\":\"BreadcrumbList\",\"@id\":\"https:\/\/fluffouterwear.com\/pl\/produkt\/spodnie-classic-indigo\/#breadcrumb\",\"itemListElement\":[{\"@type\":\"ListItem\",\"position\":1,\"name\":\"Strona g\u0142\u00f3wna\",\"item\":\"https:\/\/fluffouterwear.com\/pl\/\"},{\"@type\":\"ListItem\",\"position\":2,\"name\":\"Sklep\",\"item\":\"https:\/\/fluffouterwear.com\/pl\/sklep\/\"},{\"@type\":\"ListItem\",\"position\":3,\"name\":\"Spodnie Classic Indigo denim\"}]},{\"@type\":\"WebSite\",\"@id\":\"https:\/\/fluffouterwear.com\/pl\/#website\",\"url\":\"https:\/\/fluffouterwear.com\/pl\/\",\"name\":\"Fluff\",\"description\":\"\",\"potentialAction\":[{\"@type\":\"SearchAction\",\"target\":{\"@type\":\"EntryPoint\",\"urlTemplate\":\"https:\/\/fluffouterwear.com\/pl\/?s={search_term_string}\"},\"query-input\":{\"@type\":\"PropertyValueSpecification\",\"valueRequired\":true,\"valueName\":\"search_term_string\"}}],\"inLanguage\":\"pl-PL\"}]}<\/script>\n<!-- \/ Yoast SEO plugin. -->","yoast_head_json":{"title":"Spodnie Classic Indigo denim - Fluff","description":"Spodnie jeansowe z ciemnego denimu z efektem sprania. Wzboga\u0107 swoj\u0105 szaf\u0119 o wyj\u0105tkowe spodnie z efektem sprania.","robots":{"index":"index","follow":"follow","max-snippet":"max-snippet:-1","max-image-preview":"max-image-preview:large","max-video-preview":"max-video-preview:-1"},"canonical":"https:\/\/fluffouterwear.com\/pl\/produkt\/spodnie-classic-indigo\/","og_locale":"pl_PL","og_type":"article","og_title":"Spodnie Classic Indigo denim - Fluff","og_description":"Spodnie jeansowe z ciemnego denimu z efektem sprania. Wzboga\u0107 swoj\u0105 szaf\u0119 o wyj\u0105tkowe spodnie z efektem sprania.","og_url":"https:\/\/fluffouterwear.com\/pl\/produkt\/spodnie-classic-indigo\/","og_site_name":"Fluff","article_modified_time":"2026-03-12T08:03:12+00:00","og_image":[{"width":1185,"height":1310,"url":"https:\/\/fluffouterwear.com\/wp-content\/uploads\/2025\/09\/Classic-denim-trousers-Indigo-1.jpg","type":"image\/jpeg"}],"twitter_card":"summary_large_image","twitter_misc":{"Szacowany czas czytania":"1 minuta"},"schema":{"@context":"https:\/\/schema.org","@graph":[{"@type":"WebPage","@id":"https:\/\/fluffouterwear.com\/pl\/produkt\/spodnie-classic-indigo\/","url":"https:\/\/fluffouterwear.com\/pl\/produkt\/spodnie-classic-indigo\/","name":"Spodnie Classic Indigo denim - Fluff","isPartOf":{"@id":"https:\/\/fluffouterwear.com\/pl\/#website"},"primaryImageOfPage":{"@id":"https:\/\/fluffouterwear.com\/pl\/produkt\/spodnie-classic-indigo\/#primaryimage"},"image":{"@id":"https:\/\/fluffouterwear.com\/pl\/produkt\/spodnie-classic-indigo\/#primaryimage"},"thumbnailUrl":"https:\/\/fluffouterwear.com\/wp-content\/uploads\/2025\/09\/Classic-denim-trousers-Indigo-1.jpg","datePublished":"2025-09-14T15:23:55+00:00","dateModified":"2026-03-12T08:03:12+00:00","description":"Spodnie jeansowe z ciemnego denimu z efektem sprania. Wzboga\u0107 swoj\u0105 szaf\u0119 o wyj\u0105tkowe spodnie z efektem sprania.","breadcrumb":{"@id":"https:\/\/fluffouterwear.com\/pl\/produkt\/spodnie-classic-indigo\/#breadcrumb"},"inLanguage":"pl-PL","potentialAction":[{"@type":"ReadAction","target":["https:\/\/fluffouterwear.com\/pl\/produkt\/spodnie-classic-indigo\/"]}]},{"@type":"ImageObject","inLanguage":"pl-PL","@id":"https:\/\/fluffouterwear.com\/pl\/produkt\/spodnie-classic-indigo\/#primaryimage","url":"https:\/\/fluffouterwear.com\/wp-content\/uploads\/2025\/09\/Classic-denim-trousers-Indigo-1.jpg","contentUrl":"https:\/\/fluffouterwear.com\/wp-content\/uploads\/2025\/09\/Classic-denim-trousers-Indigo-1.jpg","width":1185,"height":1310},{"@type":"BreadcrumbList","@id":"https:\/\/fluffouterwear.com\/pl\/produkt\/spodnie-classic-indigo\/#breadcrumb","itemListElement":[{"@type":"ListItem","position":1,"name":"Strona g\u0142\u00f3wna","item":"https:\/\/fluffouterwear.com\/pl\/"},{"@type":"ListItem","position":2,"name":"Sklep","item":"https:\/\/fluffouterwear.com\/pl\/sklep\/"},{"@type":"ListItem","position":3,"name":"Spodnie Classic Indigo denim"}]},{"@type":"WebSite","@id":"https:\/\/fluffouterwear.com\/pl\/#website","url":"https:\/\/fluffouterwear.com\/pl\/","name":"Fluff","description":"","potentialAction":[{"@type":"SearchAction","target":{"@type":"EntryPoint","urlTemplate":"https:\/\/fluffouterwear.com\/pl\/?s={search_term_string}"},"query-input":{"@type":"PropertyValueSpecification","valueRequired":true,"valueName":"search_term_string"}}],"inLanguage":"pl-PL"}]}},"_links":{"self":[{"href":"https:\/\/fluffouterwear.com\/pl\/wp-json\/wp\/v2\/product\/106133","targetHints":{"allow":["GET"]}}],"collection":[{"href":"https:\/\/fluffouterwear.com\/pl\/wp-json\/wp\/v2\/product"}],"about":[{"href":"https:\/\/fluffouterwear.com\/pl\/wp-json\/wp\/v2\/types\/product"}],"replies":[{"embeddable":true,"href":"https:\/\/fluffouterwear.com\/pl\/wp-json\/wp\/v2\/comments?post=106133"}],"wp:featuredmedia":[{"embeddable":true,"href":"https:\/\/fluffouterwear.com\/pl\/wp-json\/wp\/v2\/media\/106350"}],"wp:attachment":[{"href":"https:\/\/fluffouterwear.com\/pl\/wp-json\/wp\/v2\/media?parent=106133"}],"wp:term":[{"taxonomy":"product_brand","embeddable":true,"href":"https:\/\/fluffouterwear.com\/pl\/wp-json\/wp\/v2\/product_brand?post=106133"},{"taxonomy":"product_cat","embeddable":true,"href":"https:\/\/fluffouterwear.com\/pl\/wp-json\/wp\/v2\/product_cat?post=106133"},{"taxonomy":"product_tag","embeddable":true,"href":"https:\/\/fluffouterwear.com\/pl\/wp-json\/wp\/v2\/product_tag?post=106133"}],"curies":[{"name":"wp","href":"https:\/\/api.w.org\/{rel}","templated":true}]}}