{"id":10614,"date":"2019-08-28T22:21:15","date_gmt":"2019-08-28T20:21:15","guid":{"rendered":"http:\/\/fluffouterwear.com\/product\/black-coffee-plaszcz-damski-3w1\/"},"modified":"2025-12-22T10:44:39","modified_gmt":"2025-12-22T09:44:39","slug":"plaszcz-damski-3w1-black","status":"publish","type":"product","link":"https:\/\/fluffouterwear.com\/pl\/produkt\/plaszcz-damski-3w1-black\/","title":{"rendered":"P\u0142aszcz 3w1 Black"},"content":{"rendered":"<h4><strong>P\u0142aszcz puchowy ci\u0105\u017cowy<\/strong><\/h4>\n<p>To wyj\u0105tkowe rozszerzenie zimowego p\u0142aszcza przygotowali\u015bmy z my\u015bl\u0105 o przysz\u0142ych mamach.<\/p>\n<p><strong>Ci\u0105\u017cowy p\u0142aszcz zimowy<\/strong> posiada dwa wygodne, odpinane panele dodatkowe &#8211; ci\u0105\u017cowy i do noszenia dziecka*, kt\u00f3re zapewniaj\u0105 swobod\u0119 i komfort u\u017cytkowania w okresie ci\u0105\u017cy i po\u0142ogu bez konieczno\u015bci kupowania oddzielnej <strong>ci\u0105\u017cowej kurtki zimowej<\/strong>. Najlepiej wybra\u0107 sw\u00f3j podstawowy rozmiar: panel ci\u0105\u017cowy uwzgl\u0119dnia bowiem dodatkowe wymiary.<\/p>\n<p>*<strong>UWAGA! PANEL NIE ZAST\u0118PUJE NOSIDE\u0141KA!<\/strong><\/p>\n","protected":false},"excerpt":{"rendered":"<p>P\u0142aszcz puchowy ci\u0105\u017cowy To wyj\u0105tkowe rozszerzenie zimowego p\u0142aszcza przygotowali\u015bmy z my\u015bl\u0105 o przysz\u0142ych mamach. Ci\u0105\u017cowy p\u0142aszcz zimowy posiada dwa wygodne, odpinane panele dodatkowe &#8211; ci\u0105\u017cowy i do noszenia dziecka*, kt\u00f3re zapewniaj\u0105 swobod\u0119 i komfort u\u017cytkowania w okresie ci\u0105\u017cy i po\u0142ogu bez konieczno\u015bci kupowania oddzielnej ci\u0105\u017cowej kurtki zimowej. Najlepiej wybra\u0107 sw\u00f3j podstawowy rozmiar: panel ci\u0105\u017cowy uwzgl\u0119dnia [&#8230;]\n","protected":false},"featured_media":92301,"comment_status":"open","ping_status":"closed","template":"","meta":{"_acf_changed":false},"product_brand":[],"product_cat":[305,371],"product_tag":[1405],"class_list":{"0":"post-10614","1":"product","2":"type-product","3":"status-publish","4":"has-post-thumbnail","6":"product_cat-kobieta","7":"product_cat-plaszcze-pl","8":"product_tag-wpla","10":"first","11":"instock","12":"shipping-taxable","13":"purchasable","14":"product-type-variable"},"acf":[],"yoast_head":"<!-- This site is optimized with the Yoast SEO plugin v27.0 - https:\/\/yoast.com\/product\/yoast-seo-wordpress\/ -->\n<title>P\u0142aszcz 3w1 Black - Fluff<\/title>\n<meta name=\"description\" content=\"Chcemy Ci towarzyszy\u0107 w wa\u017cnych momentach \u017cycia. Dzi\u0119ki naszej wyj\u0105tkowej technologii wymiennych paneli p\u0142aszcz dostosujesz do zmieniaj\u0105cych si\u0119 potrzeb.\" \/>\n<meta name=\"robots\" content=\"index, follow, max-snippet:-1, max-image-preview:large, max-video-preview:-1\" \/>\n<link rel=\"canonical\" href=\"https:\/\/fluffouterwear.com\/pl\/produkt\/plaszcz-damski-3w1-black\/\" \/>\n<meta property=\"og:locale\" content=\"pl_PL\" \/>\n<meta property=\"og:type\" content=\"article\" \/>\n<meta property=\"og:title\" content=\"P\u0142aszcz 3w1 Black - Fluff\" \/>\n<meta property=\"og:description\" content=\"Chcemy Ci towarzyszy\u0107 w wa\u017cnych momentach \u017cycia. Dzi\u0119ki naszej wyj\u0105tkowej technologii wymiennych paneli p\u0142aszcz dostosujesz do zmieniaj\u0105cych si\u0119 potrzeb.\" \/>\n<meta property=\"og:url\" content=\"https:\/\/fluffouterwear.com\/pl\/produkt\/plaszcz-damski-3w1-black\/\" \/>\n<meta property=\"og:site_name\" content=\"Fluff\" \/>\n<meta property=\"article:modified_time\" content=\"2025-12-22T09:44:39+00:00\" \/>\n<meta property=\"og:image\" content=\"https:\/\/fluffouterwear.com\/wp-content\/uploads\/2024\/04\/plaszcz-damski-puchowy-ciazowy-czarny-2.jpg\" \/>\n\t<meta property=\"og:image:width\" content=\"1185\" \/>\n\t<meta property=\"og:image:height\" content=\"1310\" \/>\n\t<meta property=\"og:image:type\" content=\"image\/jpeg\" \/>\n<meta name=\"twitter:card\" content=\"summary_large_image\" \/>\n<meta name=\"twitter:label1\" content=\"Szacowany czas czytania\" \/>\n\t<meta name=\"twitter:data1\" content=\"1 minuta\" \/>\n<script type=\"application\/ld+json\" class=\"yoast-schema-graph\">{\"@context\":\"https:\/\/schema.org\",\"@graph\":[{\"@type\":\"WebPage\",\"@id\":\"https:\/\/fluffouterwear.com\/pl\/produkt\/plaszcz-damski-3w1-black\/\",\"url\":\"https:\/\/fluffouterwear.com\/pl\/produkt\/plaszcz-damski-3w1-black\/\",\"name\":\"P\u0142aszcz 3w1 Black - Fluff\",\"isPartOf\":{\"@id\":\"https:\/\/fluffouterwear.com\/pl\/#website\"},\"primaryImageOfPage\":{\"@id\":\"https:\/\/fluffouterwear.com\/pl\/produkt\/plaszcz-damski-3w1-black\/#primaryimage\"},\"image\":{\"@id\":\"https:\/\/fluffouterwear.com\/pl\/produkt\/plaszcz-damski-3w1-black\/#primaryimage\"},\"thumbnailUrl\":\"https:\/\/fluffouterwear.com\/wp-content\/uploads\/2024\/04\/plaszcz-damski-puchowy-ciazowy-czarny-2.jpg\",\"datePublished\":\"2019-08-28T20:21:15+00:00\",\"dateModified\":\"2025-12-22T09:44:39+00:00\",\"description\":\"Chcemy Ci towarzyszy\u0107 w wa\u017cnych momentach \u017cycia. Dzi\u0119ki naszej wyj\u0105tkowej technologii wymiennych paneli p\u0142aszcz dostosujesz do zmieniaj\u0105cych si\u0119 potrzeb.\",\"breadcrumb\":{\"@id\":\"https:\/\/fluffouterwear.com\/pl\/produkt\/plaszcz-damski-3w1-black\/#breadcrumb\"},\"inLanguage\":\"pl-PL\",\"potentialAction\":[{\"@type\":\"ReadAction\",\"target\":[\"https:\/\/fluffouterwear.com\/pl\/produkt\/plaszcz-damski-3w1-black\/\"]}]},{\"@type\":\"ImageObject\",\"inLanguage\":\"pl-PL\",\"@id\":\"https:\/\/fluffouterwear.com\/pl\/produkt\/plaszcz-damski-3w1-black\/#primaryimage\",\"url\":\"https:\/\/fluffouterwear.com\/wp-content\/uploads\/2024\/04\/plaszcz-damski-puchowy-ciazowy-czarny-2.jpg\",\"contentUrl\":\"https:\/\/fluffouterwear.com\/wp-content\/uploads\/2024\/04\/plaszcz-damski-puchowy-ciazowy-czarny-2.jpg\",\"width\":1185,\"height\":1310,\"caption\":\"P\u0142aszcz damski puchowy z odpinanymi panelami: ci\u0105\u017cowym oraz do noszenia dziecka. Pikowany, wype\u0142niony puchem g\u0119sim. D\u0142ugo\u015b\u0107 do uda.\"},{\"@type\":\"BreadcrumbList\",\"@id\":\"https:\/\/fluffouterwear.com\/pl\/produkt\/plaszcz-damski-3w1-black\/#breadcrumb\",\"itemListElement\":[{\"@type\":\"ListItem\",\"position\":1,\"name\":\"Strona g\u0142\u00f3wna\",\"item\":\"https:\/\/fluffouterwear.com\/pl\/\"},{\"@type\":\"ListItem\",\"position\":2,\"name\":\"Sklep\",\"item\":\"https:\/\/fluffouterwear.com\/pl\/sklep\/\"},{\"@type\":\"ListItem\",\"position\":3,\"name\":\"P\u0142aszcz 3w1 Black\"}]},{\"@type\":\"WebSite\",\"@id\":\"https:\/\/fluffouterwear.com\/pl\/#website\",\"url\":\"https:\/\/fluffouterwear.com\/pl\/\",\"name\":\"Fluff\",\"description\":\"\",\"potentialAction\":[{\"@type\":\"SearchAction\",\"target\":{\"@type\":\"EntryPoint\",\"urlTemplate\":\"https:\/\/fluffouterwear.com\/pl\/?s={search_term_string}\"},\"query-input\":{\"@type\":\"PropertyValueSpecification\",\"valueRequired\":true,\"valueName\":\"search_term_string\"}}],\"inLanguage\":\"pl-PL\"}]}<\/script>\n<!-- \/ Yoast SEO plugin. -->","yoast_head_json":{"title":"P\u0142aszcz 3w1 Black - Fluff","description":"Chcemy Ci towarzyszy\u0107 w wa\u017cnych momentach \u017cycia. Dzi\u0119ki naszej wyj\u0105tkowej technologii wymiennych paneli p\u0142aszcz dostosujesz do zmieniaj\u0105cych si\u0119 potrzeb.","robots":{"index":"index","follow":"follow","max-snippet":"max-snippet:-1","max-image-preview":"max-image-preview:large","max-video-preview":"max-video-preview:-1"},"canonical":"https:\/\/fluffouterwear.com\/pl\/produkt\/plaszcz-damski-3w1-black\/","og_locale":"pl_PL","og_type":"article","og_title":"P\u0142aszcz 3w1 Black - Fluff","og_description":"Chcemy Ci towarzyszy\u0107 w wa\u017cnych momentach \u017cycia. Dzi\u0119ki naszej wyj\u0105tkowej technologii wymiennych paneli p\u0142aszcz dostosujesz do zmieniaj\u0105cych si\u0119 potrzeb.","og_url":"https:\/\/fluffouterwear.com\/pl\/produkt\/plaszcz-damski-3w1-black\/","og_site_name":"Fluff","article_modified_time":"2025-12-22T09:44:39+00:00","og_image":[{"width":1185,"height":1310,"url":"https:\/\/fluffouterwear.com\/wp-content\/uploads\/2024\/04\/plaszcz-damski-puchowy-ciazowy-czarny-2.jpg","type":"image\/jpeg"}],"twitter_card":"summary_large_image","twitter_misc":{"Szacowany czas czytania":"1 minuta"},"schema":{"@context":"https:\/\/schema.org","@graph":[{"@type":"WebPage","@id":"https:\/\/fluffouterwear.com\/pl\/produkt\/plaszcz-damski-3w1-black\/","url":"https:\/\/fluffouterwear.com\/pl\/produkt\/plaszcz-damski-3w1-black\/","name":"P\u0142aszcz 3w1 Black - Fluff","isPartOf":{"@id":"https:\/\/fluffouterwear.com\/pl\/#website"},"primaryImageOfPage":{"@id":"https:\/\/fluffouterwear.com\/pl\/produkt\/plaszcz-damski-3w1-black\/#primaryimage"},"image":{"@id":"https:\/\/fluffouterwear.com\/pl\/produkt\/plaszcz-damski-3w1-black\/#primaryimage"},"thumbnailUrl":"https:\/\/fluffouterwear.com\/wp-content\/uploads\/2024\/04\/plaszcz-damski-puchowy-ciazowy-czarny-2.jpg","datePublished":"2019-08-28T20:21:15+00:00","dateModified":"2025-12-22T09:44:39+00:00","description":"Chcemy Ci towarzyszy\u0107 w wa\u017cnych momentach \u017cycia. Dzi\u0119ki naszej wyj\u0105tkowej technologii wymiennych paneli p\u0142aszcz dostosujesz do zmieniaj\u0105cych si\u0119 potrzeb.","breadcrumb":{"@id":"https:\/\/fluffouterwear.com\/pl\/produkt\/plaszcz-damski-3w1-black\/#breadcrumb"},"inLanguage":"pl-PL","potentialAction":[{"@type":"ReadAction","target":["https:\/\/fluffouterwear.com\/pl\/produkt\/plaszcz-damski-3w1-black\/"]}]},{"@type":"ImageObject","inLanguage":"pl-PL","@id":"https:\/\/fluffouterwear.com\/pl\/produkt\/plaszcz-damski-3w1-black\/#primaryimage","url":"https:\/\/fluffouterwear.com\/wp-content\/uploads\/2024\/04\/plaszcz-damski-puchowy-ciazowy-czarny-2.jpg","contentUrl":"https:\/\/fluffouterwear.com\/wp-content\/uploads\/2024\/04\/plaszcz-damski-puchowy-ciazowy-czarny-2.jpg","width":1185,"height":1310,"caption":"P\u0142aszcz damski puchowy z odpinanymi panelami: ci\u0105\u017cowym oraz do noszenia dziecka. Pikowany, wype\u0142niony puchem g\u0119sim. D\u0142ugo\u015b\u0107 do uda."},{"@type":"BreadcrumbList","@id":"https:\/\/fluffouterwear.com\/pl\/produkt\/plaszcz-damski-3w1-black\/#breadcrumb","itemListElement":[{"@type":"ListItem","position":1,"name":"Strona g\u0142\u00f3wna","item":"https:\/\/fluffouterwear.com\/pl\/"},{"@type":"ListItem","position":2,"name":"Sklep","item":"https:\/\/fluffouterwear.com\/pl\/sklep\/"},{"@type":"ListItem","position":3,"name":"P\u0142aszcz 3w1 Black"}]},{"@type":"WebSite","@id":"https:\/\/fluffouterwear.com\/pl\/#website","url":"https:\/\/fluffouterwear.com\/pl\/","name":"Fluff","description":"","potentialAction":[{"@type":"SearchAction","target":{"@type":"EntryPoint","urlTemplate":"https:\/\/fluffouterwear.com\/pl\/?s={search_term_string}"},"query-input":{"@type":"PropertyValueSpecification","valueRequired":true,"valueName":"search_term_string"}}],"inLanguage":"pl-PL"}]}},"_links":{"self":[{"href":"https:\/\/fluffouterwear.com\/pl\/wp-json\/wp\/v2\/product\/10614","targetHints":{"allow":["GET"]}}],"collection":[{"href":"https:\/\/fluffouterwear.com\/pl\/wp-json\/wp\/v2\/product"}],"about":[{"href":"https:\/\/fluffouterwear.com\/pl\/wp-json\/wp\/v2\/types\/product"}],"replies":[{"embeddable":true,"href":"https:\/\/fluffouterwear.com\/pl\/wp-json\/wp\/v2\/comments?post=10614"}],"wp:featuredmedia":[{"embeddable":true,"href":"https:\/\/fluffouterwear.com\/pl\/wp-json\/wp\/v2\/media\/92301"}],"wp:attachment":[{"href":"https:\/\/fluffouterwear.com\/pl\/wp-json\/wp\/v2\/media?parent=10614"}],"wp:term":[{"taxonomy":"product_brand","embeddable":true,"href":"https:\/\/fluffouterwear.com\/pl\/wp-json\/wp\/v2\/product_brand?post=10614"},{"taxonomy":"product_cat","embeddable":true,"href":"https:\/\/fluffouterwear.com\/pl\/wp-json\/wp\/v2\/product_cat?post=10614"},{"taxonomy":"product_tag","embeddable":true,"href":"https:\/\/fluffouterwear.com\/pl\/wp-json\/wp\/v2\/product_tag?post=10614"}],"curies":[{"name":"wp","href":"https:\/\/api.w.org\/{rel}","templated":true}]}}