{"id":106262,"date":"2025-09-23T19:36:41","date_gmt":"2025-09-23T17:36:41","guid":{"rendered":"https:\/\/fluffouterwear.com\/?post_type=product&#038;p=106262"},"modified":"2026-04-03T19:19:10","modified_gmt":"2026-04-03T17:19:10","slug":"kurtka-puchowa-arizona-black","status":"publish","type":"product","link":"https:\/\/fluffouterwear.com\/pl\/produkt\/kurtka-puchowa-arizona-black\/","title":{"rendered":"Kurtka puchowa Arizona Black"},"content":{"rendered":"<p data-start=\"161\" data-end=\"549\">Arizona to kr\u00f3tka <strong data-start=\"179\" data-end=\"204\">kurtka puchowa damska<\/strong>, kt\u00f3ra \u0142\u0105czy w sobie nowoczesny design i ponadczasowy komfort. Pikowanie w geometryczne kwadraty nadaje jej wyrazisty, a zarazem minimalistyczny charakter. Wype\u0142nienie z <strong data-start=\"375\" data-end=\"409\">100% naturalnego puchu g\u0119siego<\/strong> sprawia, \u017ce model zapewnia wyj\u0105tkowe ciep\u0142o przy zachowaniu lekko\u015bci, prawdziwe premium w\u015br\u00f3d <strong>kurtek zimowych.<\/strong><\/p>\n<p data-start=\"551\" data-end=\"1043\">Praktyczne rozwi\u0105zania \u2013 dwie kieszenie zewn\u0119trzne oraz jedna wewn\u0119trzna \u2013 pozwalaj\u0105 mie\u0107 pod r\u0119k\u0105 wszystkie niezb\u0119dne drobiazgi. <strong>Regulacja szeroko\u015bci r\u0119kaw\u00f3w<\/strong> oraz <strong data-start=\"715\" data-end=\"735\">\u015bci\u0105gacz w pasie<\/strong> umo\u017cliwiaj\u0105 indywidualne dopasowanie, co podkre\u015bla kobiec\u0105 sylwetk\u0119 i zwi\u0119ksza komfort noszenia. Arizona to <strong data-start=\"844\" data-end=\"863\">puch\u00f3wka damska<\/strong> stworzona z my\u015bl\u0105 o codziennym u\u017cytkowaniu, ale utrzymana w modnej estetyce, dzi\u0119ki czemu sprawdzi si\u0119 zar\u00f3wno w miejskich stylizacjach, jak i w bardziej eleganckich zestawach.<\/p>\n<p data-start=\"1045\" data-end=\"1288\">Jej uniwersalny charakter, wysoka jako\u015b\u0107 wykonania i naturalne wype\u0142nienie czyni\u0105 z niej inwestycj\u0119 na wiele sezon\u00f3w. To nie tylko <strong data-start=\"1176\" data-end=\"1195\">kurtka pikowana<\/strong>, ale tak\u017ce wyraz luksusu i \u015bwiadomego wyboru, gdzie design spotyka si\u0119 z funkcjonalno\u015bci\u0105.<\/p>\n","protected":false},"excerpt":{"rendered":"<p>Arizona to kr\u00f3tka kurtka puchowa damska, kt\u00f3ra \u0142\u0105czy w sobie nowoczesny design i ponadczasowy komfort. Pikowanie w geometryczne kwadraty nadaje jej wyrazisty, a zarazem minimalistyczny charakter. Wype\u0142nienie z 100% naturalnego puchu g\u0119siego sprawia, \u017ce model zapewnia wyj\u0105tkowe ciep\u0142o przy zachowaniu lekko\u015bci, prawdziwe premium w\u015br\u00f3d kurtek zimowych. Praktyczne rozwi\u0105zania \u2013 dwie kieszenie zewn\u0119trzne oraz jedna wewn\u0119trzna [&#8230;]\n","protected":false},"featured_media":106306,"comment_status":"closed","ping_status":"closed","template":"","meta":{"_acf_changed":false},"product_brand":[],"product_cat":[1416,365,382,1064],"product_tag":[],"class_list":{"0":"post-106262","1":"product","2":"type-product","3":"status-publish","4":"has-post-thumbnail","6":"product_cat-sale","7":"product_cat-kurtki-pl","8":"product_cat-outlet-pl","9":"product_cat-kobieta-pl","11":"first","12":"instock","13":"sale","14":"shipping-taxable","15":"purchasable","16":"product-type-variable"},"acf":[],"yoast_head":"<!-- This site is optimized with the Yoast SEO plugin v27.0 - https:\/\/yoast.com\/product\/yoast-seo-wordpress\/ -->\n<title>Kurtka puchowa Arizona Black - Fluff<\/title>\n<meta name=\"robots\" content=\"index, follow, max-snippet:-1, max-image-preview:large, max-video-preview:-1\" \/>\n<link rel=\"canonical\" href=\"https:\/\/fluffouterwear.com\/pl\/produkt\/kurtka-puchowa-arizona-black\/\" \/>\n<meta property=\"og:locale\" content=\"pl_PL\" \/>\n<meta property=\"og:type\" content=\"article\" \/>\n<meta property=\"og:title\" content=\"Kurtka puchowa Arizona Black - Fluff\" \/>\n<meta property=\"og:description\" content=\"Arizona to kr\u00f3tka kurtka puchowa damska, kt\u00f3ra \u0142\u0105czy w sobie nowoczesny design i ponadczasowy komfort. Pikowanie w geometryczne kwadraty nadaje jej wyrazisty, a zarazem minimalistyczny charakter. Wype\u0142nienie z 100% naturalnego puchu g\u0119siego sprawia, \u017ce model zapewnia wyj\u0105tkowe ciep\u0142o przy zachowaniu lekko\u015bci, prawdziwe premium w\u015br\u00f3d kurtek zimowych. Praktyczne rozwi\u0105zania \u2013 dwie kieszenie zewn\u0119trzne oraz jedna wewn\u0119trzna [...]\" \/>\n<meta property=\"og:url\" content=\"https:\/\/fluffouterwear.com\/pl\/produkt\/kurtka-puchowa-arizona-black\/\" \/>\n<meta property=\"og:site_name\" content=\"Fluff\" \/>\n<meta property=\"article:modified_time\" content=\"2026-04-03T17:19:10+00:00\" \/>\n<meta property=\"og:image\" content=\"https:\/\/fluffouterwear.com\/wp-content\/uploads\/2025\/09\/Arizona-puffer-jacket-Black3.jpg\" \/>\n\t<meta property=\"og:image:width\" content=\"1185\" \/>\n\t<meta property=\"og:image:height\" content=\"1310\" \/>\n\t<meta property=\"og:image:type\" content=\"image\/jpeg\" \/>\n<meta name=\"twitter:card\" content=\"summary_large_image\" \/>\n<meta name=\"twitter:label1\" content=\"Szacowany czas czytania\" \/>\n\t<meta name=\"twitter:data1\" content=\"1 minuta\" \/>\n<script type=\"application\/ld+json\" class=\"yoast-schema-graph\">{\"@context\":\"https:\/\/schema.org\",\"@graph\":[{\"@type\":\"WebPage\",\"@id\":\"https:\/\/fluffouterwear.com\/pl\/produkt\/kurtka-puchowa-arizona-black\/\",\"url\":\"https:\/\/fluffouterwear.com\/pl\/produkt\/kurtka-puchowa-arizona-black\/\",\"name\":\"Kurtka puchowa Arizona Black - Fluff\",\"isPartOf\":{\"@id\":\"https:\/\/fluffouterwear.com\/pl\/#website\"},\"primaryImageOfPage\":{\"@id\":\"https:\/\/fluffouterwear.com\/pl\/produkt\/kurtka-puchowa-arizona-black\/#primaryimage\"},\"image\":{\"@id\":\"https:\/\/fluffouterwear.com\/pl\/produkt\/kurtka-puchowa-arizona-black\/#primaryimage\"},\"thumbnailUrl\":\"https:\/\/fluffouterwear.com\/wp-content\/uploads\/2025\/09\/Arizona-puffer-jacket-Black3.jpg\",\"datePublished\":\"2025-09-23T17:36:41+00:00\",\"dateModified\":\"2026-04-03T17:19:10+00:00\",\"breadcrumb\":{\"@id\":\"https:\/\/fluffouterwear.com\/pl\/produkt\/kurtka-puchowa-arizona-black\/#breadcrumb\"},\"inLanguage\":\"pl-PL\",\"potentialAction\":[{\"@type\":\"ReadAction\",\"target\":[\"https:\/\/fluffouterwear.com\/pl\/produkt\/kurtka-puchowa-arizona-black\/\"]}]},{\"@type\":\"ImageObject\",\"inLanguage\":\"pl-PL\",\"@id\":\"https:\/\/fluffouterwear.com\/pl\/produkt\/kurtka-puchowa-arizona-black\/#primaryimage\",\"url\":\"https:\/\/fluffouterwear.com\/wp-content\/uploads\/2025\/09\/Arizona-puffer-jacket-Black3.jpg\",\"contentUrl\":\"https:\/\/fluffouterwear.com\/wp-content\/uploads\/2025\/09\/Arizona-puffer-jacket-Black3.jpg\",\"width\":1185,\"height\":1310},{\"@type\":\"BreadcrumbList\",\"@id\":\"https:\/\/fluffouterwear.com\/pl\/produkt\/kurtka-puchowa-arizona-black\/#breadcrumb\",\"itemListElement\":[{\"@type\":\"ListItem\",\"position\":1,\"name\":\"Strona g\u0142\u00f3wna\",\"item\":\"https:\/\/fluffouterwear.com\/pl\/\"},{\"@type\":\"ListItem\",\"position\":2,\"name\":\"Sklep\",\"item\":\"https:\/\/fluffouterwear.com\/pl\/sklep\/\"},{\"@type\":\"ListItem\",\"position\":3,\"name\":\"Kurtka puchowa Arizona Black\"}]},{\"@type\":\"WebSite\",\"@id\":\"https:\/\/fluffouterwear.com\/pl\/#website\",\"url\":\"https:\/\/fluffouterwear.com\/pl\/\",\"name\":\"Fluff\",\"description\":\"\",\"potentialAction\":[{\"@type\":\"SearchAction\",\"target\":{\"@type\":\"EntryPoint\",\"urlTemplate\":\"https:\/\/fluffouterwear.com\/pl\/?s={search_term_string}\"},\"query-input\":{\"@type\":\"PropertyValueSpecification\",\"valueRequired\":true,\"valueName\":\"search_term_string\"}}],\"inLanguage\":\"pl-PL\"}]}<\/script>\n<!-- \/ Yoast SEO plugin. -->","yoast_head_json":{"title":"Kurtka puchowa Arizona Black - Fluff","robots":{"index":"index","follow":"follow","max-snippet":"max-snippet:-1","max-image-preview":"max-image-preview:large","max-video-preview":"max-video-preview:-1"},"canonical":"https:\/\/fluffouterwear.com\/pl\/produkt\/kurtka-puchowa-arizona-black\/","og_locale":"pl_PL","og_type":"article","og_title":"Kurtka puchowa Arizona Black - Fluff","og_description":"Arizona to kr\u00f3tka kurtka puchowa damska, kt\u00f3ra \u0142\u0105czy w sobie nowoczesny design i ponadczasowy komfort. Pikowanie w geometryczne kwadraty nadaje jej wyrazisty, a zarazem minimalistyczny charakter. Wype\u0142nienie z 100% naturalnego puchu g\u0119siego sprawia, \u017ce model zapewnia wyj\u0105tkowe ciep\u0142o przy zachowaniu lekko\u015bci, prawdziwe premium w\u015br\u00f3d kurtek zimowych. Praktyczne rozwi\u0105zania \u2013 dwie kieszenie zewn\u0119trzne oraz jedna wewn\u0119trzna [...]","og_url":"https:\/\/fluffouterwear.com\/pl\/produkt\/kurtka-puchowa-arizona-black\/","og_site_name":"Fluff","article_modified_time":"2026-04-03T17:19:10+00:00","og_image":[{"width":1185,"height":1310,"url":"https:\/\/fluffouterwear.com\/wp-content\/uploads\/2025\/09\/Arizona-puffer-jacket-Black3.jpg","type":"image\/jpeg"}],"twitter_card":"summary_large_image","twitter_misc":{"Szacowany czas czytania":"1 minuta"},"schema":{"@context":"https:\/\/schema.org","@graph":[{"@type":"WebPage","@id":"https:\/\/fluffouterwear.com\/pl\/produkt\/kurtka-puchowa-arizona-black\/","url":"https:\/\/fluffouterwear.com\/pl\/produkt\/kurtka-puchowa-arizona-black\/","name":"Kurtka puchowa Arizona Black - Fluff","isPartOf":{"@id":"https:\/\/fluffouterwear.com\/pl\/#website"},"primaryImageOfPage":{"@id":"https:\/\/fluffouterwear.com\/pl\/produkt\/kurtka-puchowa-arizona-black\/#primaryimage"},"image":{"@id":"https:\/\/fluffouterwear.com\/pl\/produkt\/kurtka-puchowa-arizona-black\/#primaryimage"},"thumbnailUrl":"https:\/\/fluffouterwear.com\/wp-content\/uploads\/2025\/09\/Arizona-puffer-jacket-Black3.jpg","datePublished":"2025-09-23T17:36:41+00:00","dateModified":"2026-04-03T17:19:10+00:00","breadcrumb":{"@id":"https:\/\/fluffouterwear.com\/pl\/produkt\/kurtka-puchowa-arizona-black\/#breadcrumb"},"inLanguage":"pl-PL","potentialAction":[{"@type":"ReadAction","target":["https:\/\/fluffouterwear.com\/pl\/produkt\/kurtka-puchowa-arizona-black\/"]}]},{"@type":"ImageObject","inLanguage":"pl-PL","@id":"https:\/\/fluffouterwear.com\/pl\/produkt\/kurtka-puchowa-arizona-black\/#primaryimage","url":"https:\/\/fluffouterwear.com\/wp-content\/uploads\/2025\/09\/Arizona-puffer-jacket-Black3.jpg","contentUrl":"https:\/\/fluffouterwear.com\/wp-content\/uploads\/2025\/09\/Arizona-puffer-jacket-Black3.jpg","width":1185,"height":1310},{"@type":"BreadcrumbList","@id":"https:\/\/fluffouterwear.com\/pl\/produkt\/kurtka-puchowa-arizona-black\/#breadcrumb","itemListElement":[{"@type":"ListItem","position":1,"name":"Strona g\u0142\u00f3wna","item":"https:\/\/fluffouterwear.com\/pl\/"},{"@type":"ListItem","position":2,"name":"Sklep","item":"https:\/\/fluffouterwear.com\/pl\/sklep\/"},{"@type":"ListItem","position":3,"name":"Kurtka puchowa Arizona Black"}]},{"@type":"WebSite","@id":"https:\/\/fluffouterwear.com\/pl\/#website","url":"https:\/\/fluffouterwear.com\/pl\/","name":"Fluff","description":"","potentialAction":[{"@type":"SearchAction","target":{"@type":"EntryPoint","urlTemplate":"https:\/\/fluffouterwear.com\/pl\/?s={search_term_string}"},"query-input":{"@type":"PropertyValueSpecification","valueRequired":true,"valueName":"search_term_string"}}],"inLanguage":"pl-PL"}]}},"_links":{"self":[{"href":"https:\/\/fluffouterwear.com\/pl\/wp-json\/wp\/v2\/product\/106262","targetHints":{"allow":["GET"]}}],"collection":[{"href":"https:\/\/fluffouterwear.com\/pl\/wp-json\/wp\/v2\/product"}],"about":[{"href":"https:\/\/fluffouterwear.com\/pl\/wp-json\/wp\/v2\/types\/product"}],"replies":[{"embeddable":true,"href":"https:\/\/fluffouterwear.com\/pl\/wp-json\/wp\/v2\/comments?post=106262"}],"wp:featuredmedia":[{"embeddable":true,"href":"https:\/\/fluffouterwear.com\/pl\/wp-json\/wp\/v2\/media\/106306"}],"wp:attachment":[{"href":"https:\/\/fluffouterwear.com\/pl\/wp-json\/wp\/v2\/media?parent=106262"}],"wp:term":[{"taxonomy":"product_brand","embeddable":true,"href":"https:\/\/fluffouterwear.com\/pl\/wp-json\/wp\/v2\/product_brand?post=106262"},{"taxonomy":"product_cat","embeddable":true,"href":"https:\/\/fluffouterwear.com\/pl\/wp-json\/wp\/v2\/product_cat?post=106262"},{"taxonomy":"product_tag","embeddable":true,"href":"https:\/\/fluffouterwear.com\/pl\/wp-json\/wp\/v2\/product_tag?post=106262"}],"curies":[{"name":"wp","href":"https:\/\/api.w.org\/{rel}","templated":true}]}}