{"id":108208,"date":"2025-11-28T11:58:55","date_gmt":"2025-11-28T10:58:55","guid":{"rendered":"https:\/\/fluffouterwear.com\/?post_type=product&#038;p=108208"},"modified":"2026-04-01T14:54:39","modified_gmt":"2026-04-01T12:54:39","slug":"puchowa-czapka-black-copy","status":"publish","type":"product","link":"https:\/\/fluffouterwear.com\/pl\/produkt\/puchowa-czapka-black-copy\/","title":{"rendered":"Toczek Black"},"content":{"rendered":"<div id=\"tw-target-text-container\" class=\"tw-ta-container F0azHf tw-nfl\" tabindex=\"0\">\n<h3 id=\"tw-target-text\" class=\"tw-data-text tw-text-large tw-ta\" dir=\"ltr\" data-placeholder=\"T\u0142umaczenie\"><strong><span class=\"Y2IQFc\" lang=\"pl\">Toczek puchowy<\/span><\/strong><\/h3>\n<p><strong>Toczek puchowy Fluff<\/strong> to nowoczesne podej\u015bcie do klasyki zimowych akcesori\u00f3w. Wype\u0142niona w <strong>90% naturalnym puchem g\u0119sim i w 10% pierzem<\/strong>, zapewnia wyj\u0105tkowe ciep\u0142o i lekko\u015b\u0107, jednocze\u015bnie zachowuj\u0105c oddychalno\u015b\u0107.<\/p>\n<\/div>\n<div class=\"tw-ta-container F0azHf tw-nfl\" tabindex=\"0\">Charakterystyczny kr\u00f3j <strong>czapki<\/strong> z regulacj\u0105 z ty\u0142u chroni przed wiatrem i ch\u0142odem<\/div>\n<div class=\"tw-ta-container F0azHf tw-nfl\" tabindex=\"0\">Model w rozmiarze one size oferuje wygod\u0119 i dopasowanie. <strong>Toczek<\/strong> Fluff to funkcjonalny i stylowy dodatek, idealny na zimowe dni dla os\u00f3b ceni\u0105cych naturalne materia\u0142y i ponadczasowy design.<\/div>\n","protected":false},"excerpt":{"rendered":"<p><strong>Rozmiar uniwersalny (one size)<\/strong><\/p>\n","protected":false},"featured_media":108210,"comment_status":"open","ping_status":"closed","template":"","meta":{"_acf_changed":false},"product_brand":[],"product_cat":[1055,382,1064],"product_tag":[],"class_list":{"0":"post-108208","1":"product","2":"type-product","3":"status-publish","4":"has-post-thumbnail","6":"product_cat-akcesoria-pl-2","7":"product_cat-outlet-pl","8":"product_cat-kobieta-pl","10":"first","11":"outofstock","12":"sale","13":"shipping-taxable","14":"purchasable","15":"product-type-simple"},"acf":[],"yoast_head":"<!-- This site is optimized with the Yoast SEO plugin v27.0 - https:\/\/yoast.com\/product\/yoast-seo-wordpress\/ -->\n<title>Toczek Black - Fluff<\/title>\n<meta name=\"description\" content=\"Nasza zimowa czapka z g\u0119sim puchem w czarnym kolorze. Kremowo-bia\u0142a, bawe\u0142niana podszewka. Klapki na uszy oraz sznurek do regulacji podczas noszenia.\" \/>\n<meta name=\"robots\" content=\"index, follow, max-snippet:-1, max-image-preview:large, max-video-preview:-1\" \/>\n<link rel=\"canonical\" href=\"https:\/\/fluffouterwear.com\/pl\/produkt\/puchowa-czapka-black-copy\/\" \/>\n<meta property=\"og:locale\" content=\"pl_PL\" \/>\n<meta property=\"og:type\" content=\"article\" \/>\n<meta property=\"og:title\" content=\"Toczek Black - Fluff\" \/>\n<meta property=\"og:description\" content=\"Nasza zimowa czapka z g\u0119sim puchem w czarnym kolorze. Kremowo-bia\u0142a, bawe\u0142niana podszewka. Klapki na uszy oraz sznurek do regulacji podczas noszenia.\" \/>\n<meta property=\"og:url\" content=\"https:\/\/fluffouterwear.com\/pl\/produkt\/puchowa-czapka-black-copy\/\" \/>\n<meta property=\"og:site_name\" content=\"Fluff\" \/>\n<meta property=\"article:modified_time\" content=\"2026-04-01T12:54:39+00:00\" \/>\n<meta property=\"og:image\" content=\"https:\/\/fluffouterwear.com\/wp-content\/uploads\/2025\/11\/Pillbox-hat-Black.png\" \/>\n\t<meta property=\"og:image:width\" content=\"1310\" \/>\n\t<meta property=\"og:image:height\" content=\"1185\" \/>\n\t<meta property=\"og:image:type\" content=\"image\/png\" \/>\n<meta name=\"twitter:card\" content=\"summary_large_image\" \/>\n<meta name=\"twitter:label1\" content=\"Szacowany czas czytania\" \/>\n\t<meta name=\"twitter:data1\" content=\"1 minuta\" \/>\n<script type=\"application\/ld+json\" class=\"yoast-schema-graph\">{\"@context\":\"https:\/\/schema.org\",\"@graph\":[{\"@type\":\"WebPage\",\"@id\":\"https:\/\/fluffouterwear.com\/pl\/produkt\/puchowa-czapka-black-copy\/\",\"url\":\"https:\/\/fluffouterwear.com\/pl\/produkt\/puchowa-czapka-black-copy\/\",\"name\":\"Toczek Black - Fluff\",\"isPartOf\":{\"@id\":\"https:\/\/fluffouterwear.com\/pl\/#website\"},\"primaryImageOfPage\":{\"@id\":\"https:\/\/fluffouterwear.com\/pl\/produkt\/puchowa-czapka-black-copy\/#primaryimage\"},\"image\":{\"@id\":\"https:\/\/fluffouterwear.com\/pl\/produkt\/puchowa-czapka-black-copy\/#primaryimage\"},\"thumbnailUrl\":\"https:\/\/fluffouterwear.com\/wp-content\/uploads\/2025\/11\/Pillbox-hat-Black.png\",\"datePublished\":\"2025-11-28T10:58:55+00:00\",\"dateModified\":\"2026-04-01T12:54:39+00:00\",\"description\":\"Nasza zimowa czapka z g\u0119sim puchem w czarnym kolorze. Kremowo-bia\u0142a, bawe\u0142niana podszewka. Klapki na uszy oraz sznurek do regulacji podczas noszenia.\",\"breadcrumb\":{\"@id\":\"https:\/\/fluffouterwear.com\/pl\/produkt\/puchowa-czapka-black-copy\/#breadcrumb\"},\"inLanguage\":\"pl-PL\",\"potentialAction\":[{\"@type\":\"ReadAction\",\"target\":[\"https:\/\/fluffouterwear.com\/pl\/produkt\/puchowa-czapka-black-copy\/\"]}]},{\"@type\":\"ImageObject\",\"inLanguage\":\"pl-PL\",\"@id\":\"https:\/\/fluffouterwear.com\/pl\/produkt\/puchowa-czapka-black-copy\/#primaryimage\",\"url\":\"https:\/\/fluffouterwear.com\/wp-content\/uploads\/2025\/11\/Pillbox-hat-Black.png\",\"contentUrl\":\"https:\/\/fluffouterwear.com\/wp-content\/uploads\/2025\/11\/Pillbox-hat-Black.png\",\"width\":1310,\"height\":1185},{\"@type\":\"BreadcrumbList\",\"@id\":\"https:\/\/fluffouterwear.com\/pl\/produkt\/puchowa-czapka-black-copy\/#breadcrumb\",\"itemListElement\":[{\"@type\":\"ListItem\",\"position\":1,\"name\":\"Strona g\u0142\u00f3wna\",\"item\":\"https:\/\/fluffouterwear.com\/pl\/\"},{\"@type\":\"ListItem\",\"position\":2,\"name\":\"Sklep\",\"item\":\"https:\/\/fluffouterwear.com\/pl\/sklep\/\"},{\"@type\":\"ListItem\",\"position\":3,\"name\":\"Toczek Black\"}]},{\"@type\":\"WebSite\",\"@id\":\"https:\/\/fluffouterwear.com\/pl\/#website\",\"url\":\"https:\/\/fluffouterwear.com\/pl\/\",\"name\":\"Fluff\",\"description\":\"\",\"potentialAction\":[{\"@type\":\"SearchAction\",\"target\":{\"@type\":\"EntryPoint\",\"urlTemplate\":\"https:\/\/fluffouterwear.com\/pl\/?s={search_term_string}\"},\"query-input\":{\"@type\":\"PropertyValueSpecification\",\"valueRequired\":true,\"valueName\":\"search_term_string\"}}],\"inLanguage\":\"pl-PL\"}]}<\/script>\n<!-- \/ Yoast SEO plugin. -->","yoast_head_json":{"title":"Toczek Black - Fluff","description":"Nasza zimowa czapka z g\u0119sim puchem w czarnym kolorze. Kremowo-bia\u0142a, bawe\u0142niana podszewka. Klapki na uszy oraz sznurek do regulacji podczas noszenia.","robots":{"index":"index","follow":"follow","max-snippet":"max-snippet:-1","max-image-preview":"max-image-preview:large","max-video-preview":"max-video-preview:-1"},"canonical":"https:\/\/fluffouterwear.com\/pl\/produkt\/puchowa-czapka-black-copy\/","og_locale":"pl_PL","og_type":"article","og_title":"Toczek Black - Fluff","og_description":"Nasza zimowa czapka z g\u0119sim puchem w czarnym kolorze. Kremowo-bia\u0142a, bawe\u0142niana podszewka. Klapki na uszy oraz sznurek do regulacji podczas noszenia.","og_url":"https:\/\/fluffouterwear.com\/pl\/produkt\/puchowa-czapka-black-copy\/","og_site_name":"Fluff","article_modified_time":"2026-04-01T12:54:39+00:00","og_image":[{"width":1310,"height":1185,"url":"https:\/\/fluffouterwear.com\/wp-content\/uploads\/2025\/11\/Pillbox-hat-Black.png","type":"image\/png"}],"twitter_card":"summary_large_image","twitter_misc":{"Szacowany czas czytania":"1 minuta"},"schema":{"@context":"https:\/\/schema.org","@graph":[{"@type":"WebPage","@id":"https:\/\/fluffouterwear.com\/pl\/produkt\/puchowa-czapka-black-copy\/","url":"https:\/\/fluffouterwear.com\/pl\/produkt\/puchowa-czapka-black-copy\/","name":"Toczek Black - Fluff","isPartOf":{"@id":"https:\/\/fluffouterwear.com\/pl\/#website"},"primaryImageOfPage":{"@id":"https:\/\/fluffouterwear.com\/pl\/produkt\/puchowa-czapka-black-copy\/#primaryimage"},"image":{"@id":"https:\/\/fluffouterwear.com\/pl\/produkt\/puchowa-czapka-black-copy\/#primaryimage"},"thumbnailUrl":"https:\/\/fluffouterwear.com\/wp-content\/uploads\/2025\/11\/Pillbox-hat-Black.png","datePublished":"2025-11-28T10:58:55+00:00","dateModified":"2026-04-01T12:54:39+00:00","description":"Nasza zimowa czapka z g\u0119sim puchem w czarnym kolorze. Kremowo-bia\u0142a, bawe\u0142niana podszewka. Klapki na uszy oraz sznurek do regulacji podczas noszenia.","breadcrumb":{"@id":"https:\/\/fluffouterwear.com\/pl\/produkt\/puchowa-czapka-black-copy\/#breadcrumb"},"inLanguage":"pl-PL","potentialAction":[{"@type":"ReadAction","target":["https:\/\/fluffouterwear.com\/pl\/produkt\/puchowa-czapka-black-copy\/"]}]},{"@type":"ImageObject","inLanguage":"pl-PL","@id":"https:\/\/fluffouterwear.com\/pl\/produkt\/puchowa-czapka-black-copy\/#primaryimage","url":"https:\/\/fluffouterwear.com\/wp-content\/uploads\/2025\/11\/Pillbox-hat-Black.png","contentUrl":"https:\/\/fluffouterwear.com\/wp-content\/uploads\/2025\/11\/Pillbox-hat-Black.png","width":1310,"height":1185},{"@type":"BreadcrumbList","@id":"https:\/\/fluffouterwear.com\/pl\/produkt\/puchowa-czapka-black-copy\/#breadcrumb","itemListElement":[{"@type":"ListItem","position":1,"name":"Strona g\u0142\u00f3wna","item":"https:\/\/fluffouterwear.com\/pl\/"},{"@type":"ListItem","position":2,"name":"Sklep","item":"https:\/\/fluffouterwear.com\/pl\/sklep\/"},{"@type":"ListItem","position":3,"name":"Toczek Black"}]},{"@type":"WebSite","@id":"https:\/\/fluffouterwear.com\/pl\/#website","url":"https:\/\/fluffouterwear.com\/pl\/","name":"Fluff","description":"","potentialAction":[{"@type":"SearchAction","target":{"@type":"EntryPoint","urlTemplate":"https:\/\/fluffouterwear.com\/pl\/?s={search_term_string}"},"query-input":{"@type":"PropertyValueSpecification","valueRequired":true,"valueName":"search_term_string"}}],"inLanguage":"pl-PL"}]}},"_links":{"self":[{"href":"https:\/\/fluffouterwear.com\/pl\/wp-json\/wp\/v2\/product\/108208","targetHints":{"allow":["GET"]}}],"collection":[{"href":"https:\/\/fluffouterwear.com\/pl\/wp-json\/wp\/v2\/product"}],"about":[{"href":"https:\/\/fluffouterwear.com\/pl\/wp-json\/wp\/v2\/types\/product"}],"replies":[{"embeddable":true,"href":"https:\/\/fluffouterwear.com\/pl\/wp-json\/wp\/v2\/comments?post=108208"}],"wp:featuredmedia":[{"embeddable":true,"href":"https:\/\/fluffouterwear.com\/pl\/wp-json\/wp\/v2\/media\/108210"}],"wp:attachment":[{"href":"https:\/\/fluffouterwear.com\/pl\/wp-json\/wp\/v2\/media?parent=108208"}],"wp:term":[{"taxonomy":"product_brand","embeddable":true,"href":"https:\/\/fluffouterwear.com\/pl\/wp-json\/wp\/v2\/product_brand?post=108208"},{"taxonomy":"product_cat","embeddable":true,"href":"https:\/\/fluffouterwear.com\/pl\/wp-json\/wp\/v2\/product_cat?post=108208"},{"taxonomy":"product_tag","embeddable":true,"href":"https:\/\/fluffouterwear.com\/pl\/wp-json\/wp\/v2\/product_tag?post=108208"}],"curies":[{"name":"wp","href":"https:\/\/api.w.org\/{rel}","templated":true}]}}