{"id":10822,"date":"2019-08-29T12:49:28","date_gmt":"2019-08-29T10:49:28","guid":{"rendered":"http:\/\/fluffouterwear.com\/?post_type=product&#038;p=10822"},"modified":"2026-02-13T11:03:46","modified_gmt":"2026-02-13T10:03:46","slug":"plum-with-milk-kombinezon-niemowlecy","status":"publish","type":"product","link":"https:\/\/fluffouterwear.com\/pl\/produkt\/plum-with-milk-kombinezon-niemowlecy\/","title":{"rendered":"Plum with Milk kombinezon niemowl\u0119cy"},"content":{"rendered":"<p><b>Puchowy kombinezon niemowl\u0119cy z ochron\u0105 podbr\u00f3dka i d\u0142oni<\/b><\/p>\n<p>Zadbaj o komfort i bezpiecze\u0144stwo swojego maluszka, wybieraj\u0105c puchowy kombinezon niemowl\u0119cy. To idealny wyb\u00f3r dla najm\u0142odszych &#8211; gwarantuje pe\u0142n\u0105 ochron\u0119 przed ch\u0142odem nawet w najch\u0142odniejsze dni, kiedy temperatury spadaj\u0105 do -20 st. C.<\/p>\n<p>Chcesz cieszy\u0107 si\u0119 zimowymi spacerami w mro\u017ane dni z Twoim ukochanym male\u0144stwem, bez obaw o jego wygod\u0119 i bezpiecze\u0144stwo? Cieplutki i lekki <strong>kombinezon niemowl\u0119cy<\/strong> FLUFF to idealny wyb\u00f3r dla najm\u0142odszych amator\u00f3w zimy, kt\u00f3rzy nie sko\u0144czyli jeszcze roczku. Jego fason zosta\u0142 dopasowany do dzieci\u0119cych potrzeb, tak, by dodatkowo chroni\u0107 szczeg\u00f3lnie delikatne miejsca przed siarczystym mrozem. Wygodnie zawijane r\u0119kawice-\u0142apki troskliwie otulaj\u0105 d\u0142onie i stopy dziecka, zapobiegaj\u0105c utracie ciep\u0142a, podobnie jak podwy\u017cszony podbr\u00f3dek, dzi\u0119ki kt\u00f3remu ch\u0142odne powietrze nie ma szans dosta\u0107 si\u0119 w okolice szyi.<\/p>\n<p><strong>Wybierz rozmiar najbli\u017cszy wzrostu dziecka &#8211; nie zawy\u017caj<\/strong>. Kombinezony szyjemy &#8220;z zapasem&#8221;, wi\u0119c rozmiar\u00f3wka wypada na wi\u0119ksz\u0105.<\/p>\n","protected":false},"excerpt":{"rendered":"<p>Puchowy kombinezon niemowl\u0119cy z ochron\u0105 podbr\u00f3dka i d\u0142oni Zadbaj o komfort i bezpiecze\u0144stwo swojego maluszka, wybieraj\u0105c puchowy kombinezon niemowl\u0119cy. To idealny wyb\u00f3r dla najm\u0142odszych &#8211; gwarantuje pe\u0142n\u0105 ochron\u0119 przed ch\u0142odem nawet w najch\u0142odniejsze dni, kiedy temperatury spadaj\u0105 do -20 st. C. Chcesz cieszy\u0107 si\u0119 zimowymi spacerami w mro\u017ane dni z Twoim ukochanym male\u0144stwem, bez obaw [&#8230;]\n","protected":false},"featured_media":87007,"comment_status":"open","ping_status":"closed","template":"","meta":{"_acf_changed":false},"product_brand":[],"product_cat":[302,561],"product_tag":[],"class_list":{"0":"post-10822","1":"product","2":"type-product","3":"status-publish","4":"has-post-thumbnail","6":"product_cat-dziecko","7":"product_cat-kombinezony-baby","9":"first","10":"instock","11":"sale","12":"shipping-taxable","13":"purchasable","14":"product-type-variable"},"acf":[],"yoast_head":"<!-- This site is optimized with the Yoast SEO plugin v27.0 - https:\/\/yoast.com\/product\/yoast-seo-wordpress\/ -->\n<title>Plum with Milk kombinezon niemowl\u0119cy - Fluff<\/title>\n<meta name=\"description\" content=\"Zadbaj o komfort swojego maluszka podczas zimowych spacer\u00f3w i podr\u00f3\u017cy, wybieraj\u0105c puchowy kombinezon niemowl\u0119cy. To idealny wyb\u00f3r dla najm\u0142odszych.\" \/>\n<meta name=\"robots\" content=\"index, follow, max-snippet:-1, max-image-preview:large, max-video-preview:-1\" \/>\n<link rel=\"canonical\" href=\"https:\/\/fluffouterwear.com\/pl\/produkt\/plum-with-milk-kombinezon-niemowlecy\/\" \/>\n<meta property=\"og:locale\" content=\"pl_PL\" \/>\n<meta property=\"og:type\" content=\"article\" \/>\n<meta property=\"og:title\" content=\"Plum with Milk kombinezon niemowl\u0119cy - Fluff\" \/>\n<meta property=\"og:description\" content=\"Zadbaj o komfort swojego maluszka podczas zimowych spacer\u00f3w i podr\u00f3\u017cy, wybieraj\u0105c puchowy kombinezon niemowl\u0119cy. To idealny wyb\u00f3r dla najm\u0142odszych.\" \/>\n<meta property=\"og:url\" content=\"https:\/\/fluffouterwear.com\/pl\/produkt\/plum-with-milk-kombinezon-niemowlecy\/\" \/>\n<meta property=\"og:site_name\" content=\"Fluff\" \/>\n<meta property=\"article:modified_time\" content=\"2026-02-13T10:03:46+00:00\" \/>\n<meta property=\"og:image\" content=\"https:\/\/fluffouterwear.com\/wp-content\/uploads\/2024\/01\/niemowlecy-kombinezon-puchowy-rozowy.jpg\" \/>\n\t<meta property=\"og:image:width\" content=\"1185\" \/>\n\t<meta property=\"og:image:height\" content=\"1310\" \/>\n\t<meta property=\"og:image:type\" content=\"image\/jpeg\" \/>\n<meta name=\"twitter:card\" content=\"summary_large_image\" \/>\n<meta name=\"twitter:label1\" content=\"Szacowany czas czytania\" \/>\n\t<meta name=\"twitter:data1\" content=\"1 minuta\" \/>\n<script type=\"application\/ld+json\" class=\"yoast-schema-graph\">{\"@context\":\"https:\/\/schema.org\",\"@graph\":[{\"@type\":\"WebPage\",\"@id\":\"https:\/\/fluffouterwear.com\/pl\/produkt\/plum-with-milk-kombinezon-niemowlecy\/\",\"url\":\"https:\/\/fluffouterwear.com\/pl\/produkt\/plum-with-milk-kombinezon-niemowlecy\/\",\"name\":\"Plum with Milk kombinezon niemowl\u0119cy - Fluff\",\"isPartOf\":{\"@id\":\"https:\/\/fluffouterwear.com\/pl\/#website\"},\"primaryImageOfPage\":{\"@id\":\"https:\/\/fluffouterwear.com\/pl\/produkt\/plum-with-milk-kombinezon-niemowlecy\/#primaryimage\"},\"image\":{\"@id\":\"https:\/\/fluffouterwear.com\/pl\/produkt\/plum-with-milk-kombinezon-niemowlecy\/#primaryimage\"},\"thumbnailUrl\":\"https:\/\/fluffouterwear.com\/wp-content\/uploads\/2024\/01\/niemowlecy-kombinezon-puchowy-rozowy.jpg\",\"datePublished\":\"2019-08-29T10:49:28+00:00\",\"dateModified\":\"2026-02-13T10:03:46+00:00\",\"description\":\"Zadbaj o komfort swojego maluszka podczas zimowych spacer\u00f3w i podr\u00f3\u017cy, wybieraj\u0105c puchowy kombinezon niemowl\u0119cy. To idealny wyb\u00f3r dla najm\u0142odszych.\",\"breadcrumb\":{\"@id\":\"https:\/\/fluffouterwear.com\/pl\/produkt\/plum-with-milk-kombinezon-niemowlecy\/#breadcrumb\"},\"inLanguage\":\"pl-PL\",\"potentialAction\":[{\"@type\":\"ReadAction\",\"target\":[\"https:\/\/fluffouterwear.com\/pl\/produkt\/plum-with-milk-kombinezon-niemowlecy\/\"]}]},{\"@type\":\"ImageObject\",\"inLanguage\":\"pl-PL\",\"@id\":\"https:\/\/fluffouterwear.com\/pl\/produkt\/plum-with-milk-kombinezon-niemowlecy\/#primaryimage\",\"url\":\"https:\/\/fluffouterwear.com\/wp-content\/uploads\/2024\/01\/niemowlecy-kombinezon-puchowy-rozowy.jpg\",\"contentUrl\":\"https:\/\/fluffouterwear.com\/wp-content\/uploads\/2024\/01\/niemowlecy-kombinezon-puchowy-rozowy.jpg\",\"width\":1185,\"height\":1310,\"caption\":\"kombinezon dla niemowl\u0105t fluff, puchowy, r\u00f3\u017cowy\"},{\"@type\":\"BreadcrumbList\",\"@id\":\"https:\/\/fluffouterwear.com\/pl\/produkt\/plum-with-milk-kombinezon-niemowlecy\/#breadcrumb\",\"itemListElement\":[{\"@type\":\"ListItem\",\"position\":1,\"name\":\"Strona g\u0142\u00f3wna\",\"item\":\"https:\/\/fluffouterwear.com\/pl\/\"},{\"@type\":\"ListItem\",\"position\":2,\"name\":\"Sklep\",\"item\":\"https:\/\/fluffouterwear.com\/pl\/sklep\/\"},{\"@type\":\"ListItem\",\"position\":3,\"name\":\"Plum with Milk kombinezon niemowl\u0119cy\"}]},{\"@type\":\"WebSite\",\"@id\":\"https:\/\/fluffouterwear.com\/pl\/#website\",\"url\":\"https:\/\/fluffouterwear.com\/pl\/\",\"name\":\"Fluff\",\"description\":\"\",\"potentialAction\":[{\"@type\":\"SearchAction\",\"target\":{\"@type\":\"EntryPoint\",\"urlTemplate\":\"https:\/\/fluffouterwear.com\/pl\/?s={search_term_string}\"},\"query-input\":{\"@type\":\"PropertyValueSpecification\",\"valueRequired\":true,\"valueName\":\"search_term_string\"}}],\"inLanguage\":\"pl-PL\"}]}<\/script>\n<!-- \/ Yoast SEO plugin. -->","yoast_head_json":{"title":"Plum with Milk kombinezon niemowl\u0119cy - Fluff","description":"Zadbaj o komfort swojego maluszka podczas zimowych spacer\u00f3w i podr\u00f3\u017cy, wybieraj\u0105c puchowy kombinezon niemowl\u0119cy. To idealny wyb\u00f3r dla najm\u0142odszych.","robots":{"index":"index","follow":"follow","max-snippet":"max-snippet:-1","max-image-preview":"max-image-preview:large","max-video-preview":"max-video-preview:-1"},"canonical":"https:\/\/fluffouterwear.com\/pl\/produkt\/plum-with-milk-kombinezon-niemowlecy\/","og_locale":"pl_PL","og_type":"article","og_title":"Plum with Milk kombinezon niemowl\u0119cy - Fluff","og_description":"Zadbaj o komfort swojego maluszka podczas zimowych spacer\u00f3w i podr\u00f3\u017cy, wybieraj\u0105c puchowy kombinezon niemowl\u0119cy. To idealny wyb\u00f3r dla najm\u0142odszych.","og_url":"https:\/\/fluffouterwear.com\/pl\/produkt\/plum-with-milk-kombinezon-niemowlecy\/","og_site_name":"Fluff","article_modified_time":"2026-02-13T10:03:46+00:00","og_image":[{"width":1185,"height":1310,"url":"https:\/\/fluffouterwear.com\/wp-content\/uploads\/2024\/01\/niemowlecy-kombinezon-puchowy-rozowy.jpg","type":"image\/jpeg"}],"twitter_card":"summary_large_image","twitter_misc":{"Szacowany czas czytania":"1 minuta"},"schema":{"@context":"https:\/\/schema.org","@graph":[{"@type":"WebPage","@id":"https:\/\/fluffouterwear.com\/pl\/produkt\/plum-with-milk-kombinezon-niemowlecy\/","url":"https:\/\/fluffouterwear.com\/pl\/produkt\/plum-with-milk-kombinezon-niemowlecy\/","name":"Plum with Milk kombinezon niemowl\u0119cy - Fluff","isPartOf":{"@id":"https:\/\/fluffouterwear.com\/pl\/#website"},"primaryImageOfPage":{"@id":"https:\/\/fluffouterwear.com\/pl\/produkt\/plum-with-milk-kombinezon-niemowlecy\/#primaryimage"},"image":{"@id":"https:\/\/fluffouterwear.com\/pl\/produkt\/plum-with-milk-kombinezon-niemowlecy\/#primaryimage"},"thumbnailUrl":"https:\/\/fluffouterwear.com\/wp-content\/uploads\/2024\/01\/niemowlecy-kombinezon-puchowy-rozowy.jpg","datePublished":"2019-08-29T10:49:28+00:00","dateModified":"2026-02-13T10:03:46+00:00","description":"Zadbaj o komfort swojego maluszka podczas zimowych spacer\u00f3w i podr\u00f3\u017cy, wybieraj\u0105c puchowy kombinezon niemowl\u0119cy. To idealny wyb\u00f3r dla najm\u0142odszych.","breadcrumb":{"@id":"https:\/\/fluffouterwear.com\/pl\/produkt\/plum-with-milk-kombinezon-niemowlecy\/#breadcrumb"},"inLanguage":"pl-PL","potentialAction":[{"@type":"ReadAction","target":["https:\/\/fluffouterwear.com\/pl\/produkt\/plum-with-milk-kombinezon-niemowlecy\/"]}]},{"@type":"ImageObject","inLanguage":"pl-PL","@id":"https:\/\/fluffouterwear.com\/pl\/produkt\/plum-with-milk-kombinezon-niemowlecy\/#primaryimage","url":"https:\/\/fluffouterwear.com\/wp-content\/uploads\/2024\/01\/niemowlecy-kombinezon-puchowy-rozowy.jpg","contentUrl":"https:\/\/fluffouterwear.com\/wp-content\/uploads\/2024\/01\/niemowlecy-kombinezon-puchowy-rozowy.jpg","width":1185,"height":1310,"caption":"kombinezon dla niemowl\u0105t fluff, puchowy, r\u00f3\u017cowy"},{"@type":"BreadcrumbList","@id":"https:\/\/fluffouterwear.com\/pl\/produkt\/plum-with-milk-kombinezon-niemowlecy\/#breadcrumb","itemListElement":[{"@type":"ListItem","position":1,"name":"Strona g\u0142\u00f3wna","item":"https:\/\/fluffouterwear.com\/pl\/"},{"@type":"ListItem","position":2,"name":"Sklep","item":"https:\/\/fluffouterwear.com\/pl\/sklep\/"},{"@type":"ListItem","position":3,"name":"Plum with Milk kombinezon niemowl\u0119cy"}]},{"@type":"WebSite","@id":"https:\/\/fluffouterwear.com\/pl\/#website","url":"https:\/\/fluffouterwear.com\/pl\/","name":"Fluff","description":"","potentialAction":[{"@type":"SearchAction","target":{"@type":"EntryPoint","urlTemplate":"https:\/\/fluffouterwear.com\/pl\/?s={search_term_string}"},"query-input":{"@type":"PropertyValueSpecification","valueRequired":true,"valueName":"search_term_string"}}],"inLanguage":"pl-PL"}]}},"_links":{"self":[{"href":"https:\/\/fluffouterwear.com\/pl\/wp-json\/wp\/v2\/product\/10822","targetHints":{"allow":["GET"]}}],"collection":[{"href":"https:\/\/fluffouterwear.com\/pl\/wp-json\/wp\/v2\/product"}],"about":[{"href":"https:\/\/fluffouterwear.com\/pl\/wp-json\/wp\/v2\/types\/product"}],"replies":[{"embeddable":true,"href":"https:\/\/fluffouterwear.com\/pl\/wp-json\/wp\/v2\/comments?post=10822"}],"wp:featuredmedia":[{"embeddable":true,"href":"https:\/\/fluffouterwear.com\/pl\/wp-json\/wp\/v2\/media\/87007"}],"wp:attachment":[{"href":"https:\/\/fluffouterwear.com\/pl\/wp-json\/wp\/v2\/media?parent=10822"}],"wp:term":[{"taxonomy":"product_brand","embeddable":true,"href":"https:\/\/fluffouterwear.com\/pl\/wp-json\/wp\/v2\/product_brand?post=10822"},{"taxonomy":"product_cat","embeddable":true,"href":"https:\/\/fluffouterwear.com\/pl\/wp-json\/wp\/v2\/product_cat?post=10822"},{"taxonomy":"product_tag","embeddable":true,"href":"https:\/\/fluffouterwear.com\/pl\/wp-json\/wp\/v2\/product_tag?post=10822"}],"curies":[{"name":"wp","href":"https:\/\/api.w.org\/{rel}","templated":true}]}}