{"id":108310,"date":"2025-11-30T08:25:39","date_gmt":"2025-11-30T07:25:39","guid":{"rendered":"https:\/\/fluffouterwear.com\/?post_type=product&#038;p=108310"},"modified":"2026-04-05T14:55:11","modified_gmt":"2026-04-05T12:55:11","slug":"kurtka-big-puffer-khaki","status":"publish","type":"product","link":"https:\/\/fluffouterwear.com\/pl\/produkt\/kurtka-big-puffer-khaki\/","title":{"rendered":"Kurtka Big Puffer Khaki"},"content":{"rendered":"<h4><strong>Zimowa puchowa kurtka Fluff<\/strong><\/h4>\n<p><strong>Kurtka puchowa basic dla dzieci<\/strong> to najlepszy wyb\u00f3r na mro\u017ane, zimowe dni. \u017badne dziecko nie chcia\u0142oby przecie\u017c ogl\u0105da\u0107 bia\u0142ego szale\u0144stwa przez szyb\u0119 zamiast aktywnie bra\u0107 w nim udzia\u0142, prawda? Ta <strong>klasyczna dzieci\u0119ca puch\u00f3wka<\/strong> pomo\u017ce Ci dobrze przygotowa\u0107 malucha na zimowe wyzwania oraz zagwarantowa\u0107 mu pe\u0142n\u0105 swobod\u0119 i bezpiecze\u0144stwo, by m\u00f3g\u0142 wykorzysta\u0107 uroki zimy do maksimum. Du\u017cy, g\u0142\u0119boki kaptur z ochron\u0105 podbr\u00f3dka os\u0142oni Twoj\u0105 pociech\u0119 przed zimnem i ostrymi porywami wiatru. Dwie obszerne przednie kieszenie za\u015b nie tylko pozwol\u0105 schowa\u0107 najpotrzebniejsze drobiazgi, ale te\u017c przydadz\u0105 si\u0119, by ogrza\u0107 d\u0142onie po (nieco zbyt intensywnej) bitwie na \u015bnie\u017cki.<\/p>\n<p>Nasza puchowa kurtka dzieci\u0119ca basic zosta\u0142a <strong>wyprodukowana w Polsce<\/strong> z najwy\u017cszej jako\u015bci materia\u0142\u00f3w. W jaki spos\u00f3b zadbali\u015bmy o to, by dzieci\u0119ca puch\u00f3wka basic FLUFF niezawodnie chroni\u0142a Twoje dziecko przed ch\u0142odem? Wyr\u00f3\u017cnia j\u0105 optymalny sk\u0142ad wype\u0142nienia (90% puch, 10% pierze, spr\u0119\u017cysto\u015b\u0107 750 cuin), kt\u00f3ry przek\u0142ada si\u0119 na doskona\u0142e w\u0142a\u015bciwo\u015bci termoizolacyjne. Z powodzeniem mo\u017cna j\u0105 nosi\u0107 nawet w najch\u0142odniejsze dni &#8211; gwarantujemy pe\u0142en komfort w temperaturach do -20 st. C. W\u0142a\u015bciwa kompozycja i proporcje wype\u0142nienia sprawiaj\u0105 te\u017c, \u017ce przy wszystkich swoich w\u0142a\u015bciwo\u015bciach ta puch\u00f3wka jest niezwykle lekka i wygodna w codziennym u\u017cytkowaniu.<\/p>\n<p>Kurtki <em>basic<\/em> i <em>big puffer<\/em> r\u00f3\u017cni\u0105 si\u0119 wy\u0142\u0105cznie wizualnie &#8211; szeroko\u015bci\u0105 pikowa\u0144. Obie wersje s\u0105 posiadaj\u0105 tak\u0105 sam\u0105 ilo\u015b\u0107 wype\u0142nienia.<\/p>\n<p>&nbsp;<\/p>\n","protected":false},"excerpt":{"rendered":"<p>Zimowa puchowa kurtka Fluff Kurtka puchowa basic dla dzieci to najlepszy wyb\u00f3r na mro\u017ane, zimowe dni. \u017badne dziecko nie chcia\u0142oby przecie\u017c ogl\u0105da\u0107 bia\u0142ego szale\u0144stwa przez szyb\u0119 zamiast aktywnie bra\u0107 w nim udzia\u0142, prawda? Ta klasyczna dzieci\u0119ca puch\u00f3wka pomo\u017ce Ci dobrze przygotowa\u0107 malucha na zimowe wyzwania oraz zagwarantowa\u0107 mu pe\u0142n\u0105 swobod\u0119 i bezpiecze\u0144stwo, by m\u00f3g\u0142 wykorzysta\u0107 [&#8230;]\n","protected":false},"featured_media":108347,"comment_status":"open","ping_status":"closed","template":"","meta":{"_acf_changed":false},"product_brand":[],"product_cat":[382,1062],"product_tag":[1407],"class_list":{"0":"post-108310","1":"product","2":"type-product","3":"status-publish","4":"has-post-thumbnail","6":"product_cat-outlet-pl","7":"product_cat-dzieci","8":"product_tag-kpla","10":"first","11":"instock","12":"sale","13":"shipping-taxable","14":"purchasable","15":"product-type-variable"},"acf":[],"yoast_head":"<!-- This site is optimized with the Yoast SEO plugin v27.0 - https:\/\/yoast.com\/product\/yoast-seo-wordpress\/ -->\n<title>Puchowa kurtka dzieci\u0119ca Grigio - Fluff<\/title>\n<meta name=\"description\" content=\"Puchowa dzieci\u0119ca kurtka zimowa - niezwykle lekka i ciep\u0142a dzi\u0119ki 100% naturalnemu wype\u0142nieniu z puchu g\u0119siego. Dodatkow\u0105 ochron\u0119 zapewnia wygodny kaptur.\" \/>\n<meta name=\"robots\" content=\"index, follow, max-snippet:-1, max-image-preview:large, max-video-preview:-1\" \/>\n<link rel=\"canonical\" href=\"https:\/\/fluffouterwear.com\/pl\/produkt\/kurtka-big-puffer-khaki\/\" \/>\n<meta property=\"og:locale\" content=\"pl_PL\" \/>\n<meta property=\"og:type\" content=\"article\" \/>\n<meta property=\"og:title\" content=\"Puchowa kurtka dzieci\u0119ca Grigio - Fluff\" \/>\n<meta property=\"og:description\" content=\"Puchowa dzieci\u0119ca kurtka zimowa - niezwykle lekka i ciep\u0142a dzi\u0119ki 100% naturalnemu wype\u0142nieniu z puchu g\u0119siego. Dodatkow\u0105 ochron\u0119 zapewnia wygodny kaptur.\" \/>\n<meta property=\"og:url\" content=\"https:\/\/fluffouterwear.com\/pl\/produkt\/kurtka-big-puffer-khaki\/\" \/>\n<meta property=\"og:site_name\" content=\"Fluff\" \/>\n<meta property=\"article:modified_time\" content=\"2026-04-05T12:55:11+00:00\" \/>\n<meta property=\"og:image\" content=\"https:\/\/fluffouterwear.com\/wp-content\/uploads\/2025\/11\/Big-puffer-basic-jacket-Khaki.jpg\" \/>\n\t<meta property=\"og:image:width\" content=\"1185\" \/>\n\t<meta property=\"og:image:height\" content=\"1310\" \/>\n\t<meta property=\"og:image:type\" content=\"image\/jpeg\" \/>\n<meta name=\"twitter:card\" content=\"summary_large_image\" \/>\n<meta name=\"twitter:label1\" content=\"Szacowany czas czytania\" \/>\n\t<meta name=\"twitter:data1\" content=\"2 minuty\" \/>\n<script type=\"application\/ld+json\" class=\"yoast-schema-graph\">{\"@context\":\"https:\/\/schema.org\",\"@graph\":[{\"@type\":\"WebPage\",\"@id\":\"https:\/\/fluffouterwear.com\/pl\/produkt\/kurtka-big-puffer-khaki\/\",\"url\":\"https:\/\/fluffouterwear.com\/pl\/produkt\/kurtka-big-puffer-khaki\/\",\"name\":\"Puchowa kurtka dzieci\u0119ca Grigio - Fluff\",\"isPartOf\":{\"@id\":\"https:\/\/fluffouterwear.com\/pl\/#website\"},\"primaryImageOfPage\":{\"@id\":\"https:\/\/fluffouterwear.com\/pl\/produkt\/kurtka-big-puffer-khaki\/#primaryimage\"},\"image\":{\"@id\":\"https:\/\/fluffouterwear.com\/pl\/produkt\/kurtka-big-puffer-khaki\/#primaryimage\"},\"thumbnailUrl\":\"https:\/\/fluffouterwear.com\/wp-content\/uploads\/2025\/11\/Big-puffer-basic-jacket-Khaki.jpg\",\"datePublished\":\"2025-11-30T07:25:39+00:00\",\"dateModified\":\"2026-04-05T12:55:11+00:00\",\"description\":\"Puchowa dzieci\u0119ca kurtka zimowa - niezwykle lekka i ciep\u0142a dzi\u0119ki 100% naturalnemu wype\u0142nieniu z puchu g\u0119siego. Dodatkow\u0105 ochron\u0119 zapewnia wygodny kaptur.\",\"breadcrumb\":{\"@id\":\"https:\/\/fluffouterwear.com\/pl\/produkt\/kurtka-big-puffer-khaki\/#breadcrumb\"},\"inLanguage\":\"pl-PL\",\"potentialAction\":[{\"@type\":\"ReadAction\",\"target\":[\"https:\/\/fluffouterwear.com\/pl\/produkt\/kurtka-big-puffer-khaki\/\"]}]},{\"@type\":\"ImageObject\",\"inLanguage\":\"pl-PL\",\"@id\":\"https:\/\/fluffouterwear.com\/pl\/produkt\/kurtka-big-puffer-khaki\/#primaryimage\",\"url\":\"https:\/\/fluffouterwear.com\/wp-content\/uploads\/2025\/11\/Big-puffer-basic-jacket-Khaki.jpg\",\"contentUrl\":\"https:\/\/fluffouterwear.com\/wp-content\/uploads\/2025\/11\/Big-puffer-basic-jacket-Khaki.jpg\",\"width\":1185,\"height\":1310},{\"@type\":\"BreadcrumbList\",\"@id\":\"https:\/\/fluffouterwear.com\/pl\/produkt\/kurtka-big-puffer-khaki\/#breadcrumb\",\"itemListElement\":[{\"@type\":\"ListItem\",\"position\":1,\"name\":\"Strona g\u0142\u00f3wna\",\"item\":\"https:\/\/fluffouterwear.com\/pl\/\"},{\"@type\":\"ListItem\",\"position\":2,\"name\":\"Sklep\",\"item\":\"https:\/\/fluffouterwear.com\/pl\/sklep\/\"},{\"@type\":\"ListItem\",\"position\":3,\"name\":\"Kurtka Big Puffer Khaki\"}]},{\"@type\":\"WebSite\",\"@id\":\"https:\/\/fluffouterwear.com\/pl\/#website\",\"url\":\"https:\/\/fluffouterwear.com\/pl\/\",\"name\":\"Fluff\",\"description\":\"\",\"potentialAction\":[{\"@type\":\"SearchAction\",\"target\":{\"@type\":\"EntryPoint\",\"urlTemplate\":\"https:\/\/fluffouterwear.com\/pl\/?s={search_term_string}\"},\"query-input\":{\"@type\":\"PropertyValueSpecification\",\"valueRequired\":true,\"valueName\":\"search_term_string\"}}],\"inLanguage\":\"pl-PL\"}]}<\/script>\n<!-- \/ Yoast SEO plugin. -->","yoast_head_json":{"title":"Puchowa kurtka dzieci\u0119ca Grigio - Fluff","description":"Puchowa dzieci\u0119ca kurtka zimowa - niezwykle lekka i ciep\u0142a dzi\u0119ki 100% naturalnemu wype\u0142nieniu z puchu g\u0119siego. Dodatkow\u0105 ochron\u0119 zapewnia wygodny kaptur.","robots":{"index":"index","follow":"follow","max-snippet":"max-snippet:-1","max-image-preview":"max-image-preview:large","max-video-preview":"max-video-preview:-1"},"canonical":"https:\/\/fluffouterwear.com\/pl\/produkt\/kurtka-big-puffer-khaki\/","og_locale":"pl_PL","og_type":"article","og_title":"Puchowa kurtka dzieci\u0119ca Grigio - Fluff","og_description":"Puchowa dzieci\u0119ca kurtka zimowa - niezwykle lekka i ciep\u0142a dzi\u0119ki 100% naturalnemu wype\u0142nieniu z puchu g\u0119siego. Dodatkow\u0105 ochron\u0119 zapewnia wygodny kaptur.","og_url":"https:\/\/fluffouterwear.com\/pl\/produkt\/kurtka-big-puffer-khaki\/","og_site_name":"Fluff","article_modified_time":"2026-04-05T12:55:11+00:00","og_image":[{"width":1185,"height":1310,"url":"https:\/\/fluffouterwear.com\/wp-content\/uploads\/2025\/11\/Big-puffer-basic-jacket-Khaki.jpg","type":"image\/jpeg"}],"twitter_card":"summary_large_image","twitter_misc":{"Szacowany czas czytania":"2 minuty"},"schema":{"@context":"https:\/\/schema.org","@graph":[{"@type":"WebPage","@id":"https:\/\/fluffouterwear.com\/pl\/produkt\/kurtka-big-puffer-khaki\/","url":"https:\/\/fluffouterwear.com\/pl\/produkt\/kurtka-big-puffer-khaki\/","name":"Puchowa kurtka dzieci\u0119ca Grigio - Fluff","isPartOf":{"@id":"https:\/\/fluffouterwear.com\/pl\/#website"},"primaryImageOfPage":{"@id":"https:\/\/fluffouterwear.com\/pl\/produkt\/kurtka-big-puffer-khaki\/#primaryimage"},"image":{"@id":"https:\/\/fluffouterwear.com\/pl\/produkt\/kurtka-big-puffer-khaki\/#primaryimage"},"thumbnailUrl":"https:\/\/fluffouterwear.com\/wp-content\/uploads\/2025\/11\/Big-puffer-basic-jacket-Khaki.jpg","datePublished":"2025-11-30T07:25:39+00:00","dateModified":"2026-04-05T12:55:11+00:00","description":"Puchowa dzieci\u0119ca kurtka zimowa - niezwykle lekka i ciep\u0142a dzi\u0119ki 100% naturalnemu wype\u0142nieniu z puchu g\u0119siego. Dodatkow\u0105 ochron\u0119 zapewnia wygodny kaptur.","breadcrumb":{"@id":"https:\/\/fluffouterwear.com\/pl\/produkt\/kurtka-big-puffer-khaki\/#breadcrumb"},"inLanguage":"pl-PL","potentialAction":[{"@type":"ReadAction","target":["https:\/\/fluffouterwear.com\/pl\/produkt\/kurtka-big-puffer-khaki\/"]}]},{"@type":"ImageObject","inLanguage":"pl-PL","@id":"https:\/\/fluffouterwear.com\/pl\/produkt\/kurtka-big-puffer-khaki\/#primaryimage","url":"https:\/\/fluffouterwear.com\/wp-content\/uploads\/2025\/11\/Big-puffer-basic-jacket-Khaki.jpg","contentUrl":"https:\/\/fluffouterwear.com\/wp-content\/uploads\/2025\/11\/Big-puffer-basic-jacket-Khaki.jpg","width":1185,"height":1310},{"@type":"BreadcrumbList","@id":"https:\/\/fluffouterwear.com\/pl\/produkt\/kurtka-big-puffer-khaki\/#breadcrumb","itemListElement":[{"@type":"ListItem","position":1,"name":"Strona g\u0142\u00f3wna","item":"https:\/\/fluffouterwear.com\/pl\/"},{"@type":"ListItem","position":2,"name":"Sklep","item":"https:\/\/fluffouterwear.com\/pl\/sklep\/"},{"@type":"ListItem","position":3,"name":"Kurtka Big Puffer Khaki"}]},{"@type":"WebSite","@id":"https:\/\/fluffouterwear.com\/pl\/#website","url":"https:\/\/fluffouterwear.com\/pl\/","name":"Fluff","description":"","potentialAction":[{"@type":"SearchAction","target":{"@type":"EntryPoint","urlTemplate":"https:\/\/fluffouterwear.com\/pl\/?s={search_term_string}"},"query-input":{"@type":"PropertyValueSpecification","valueRequired":true,"valueName":"search_term_string"}}],"inLanguage":"pl-PL"}]}},"_links":{"self":[{"href":"https:\/\/fluffouterwear.com\/pl\/wp-json\/wp\/v2\/product\/108310","targetHints":{"allow":["GET"]}}],"collection":[{"href":"https:\/\/fluffouterwear.com\/pl\/wp-json\/wp\/v2\/product"}],"about":[{"href":"https:\/\/fluffouterwear.com\/pl\/wp-json\/wp\/v2\/types\/product"}],"replies":[{"embeddable":true,"href":"https:\/\/fluffouterwear.com\/pl\/wp-json\/wp\/v2\/comments?post=108310"}],"wp:featuredmedia":[{"embeddable":true,"href":"https:\/\/fluffouterwear.com\/pl\/wp-json\/wp\/v2\/media\/108347"}],"wp:attachment":[{"href":"https:\/\/fluffouterwear.com\/pl\/wp-json\/wp\/v2\/media?parent=108310"}],"wp:term":[{"taxonomy":"product_brand","embeddable":true,"href":"https:\/\/fluffouterwear.com\/pl\/wp-json\/wp\/v2\/product_brand?post=108310"},{"taxonomy":"product_cat","embeddable":true,"href":"https:\/\/fluffouterwear.com\/pl\/wp-json\/wp\/v2\/product_cat?post=108310"},{"taxonomy":"product_tag","embeddable":true,"href":"https:\/\/fluffouterwear.com\/pl\/wp-json\/wp\/v2\/product_tag?post=108310"}],"curies":[{"name":"wp","href":"https:\/\/api.w.org\/{rel}","templated":true}]}}