{"id":110607,"date":"2026-02-26T13:59:21","date_gmt":"2026-02-26T12:59:21","guid":{"rendered":"https:\/\/fluffouterwear.com\/?post_type=product&#038;p=110607"},"modified":"2026-04-13T19:41:40","modified_gmt":"2026-04-13T17:41:40","slug":"szorty-w-paski-red","status":"publish","type":"product","link":"https:\/\/fluffouterwear.com\/pl\/produkt\/szorty-w-paski-red\/","title":{"rendered":"Szorty w paski Midnight Red"},"content":{"rendered":"<p>Te <strong>szorty damskie w paski<\/strong> to definicja letniego luzu w wersji premium. Lekkie, mi\u0119kkie spodenki wykonane z oddychaj\u0105cej tkaniny zapewniaj\u0105 komfort w cieplejsze dni. To <strong>idealne szorty na wiosn\u0119 i lato,<\/strong> stworzone z my\u015bl\u0105 o letnich stylizacjach w miejskim, ale swobodnym wydaniu.<\/p>\n<p>Dekoracyjny motyw fali subtelnie nawi\u0105zuje do nadmorskiego klimatu i slow mornings przy otwartym oknie. Paski dodaj\u0105 ponadczasowo\u015bci, dzi\u0119ki czemu te <strong>spodenki damskie<\/strong> wpisuj\u0105 si\u0119 zar\u00f3wno w minimalistyczne outfity, jak i bardziej wakacyjne, resortowe zestawy.<\/p>\n<p>No\u015b je z koszul\u0105 z tej samej kolekcji jako sp\u00f3jny komplet (co-ord set), zestaw z topem i sanda\u0142ami albo narzu\u0107 na kostium po dniu na pla\u017cy. To <strong>szorty, kt\u00f3re \u0142\u0105cz\u0105 wygod\u0119, jako\u015b\u0107 i effortless chic<\/strong> \u2013 dok\u0142adnie to, czego szukasz w ciep\u0142ym sezonie.<\/p>\n","protected":false},"excerpt":{"rendered":"<div style=\"background-color: green; color: white; padding: 8px 16px; border-radius: 4px; display: inline-block; font-weight: bold;\"> Oczekujemy na dostaw\u0119. WYSY\u0141KA OD 27 KWIETNIA<\/div>\n","protected":false},"featured_media":112869,"comment_status":"open","ping_status":"closed","template":"","meta":{"_acf_changed":false},"product_brand":[],"product_cat":[1512,305,1416],"product_tag":[1722],"class_list":{"0":"post-110607","1":"product","2":"type-product","3":"status-publish","4":"has-post-thumbnail","6":"product_cat-spodnie-i-szorty","7":"product_cat-kobieta","8":"product_cat-nowosci","9":"product_tag-ss26","11":"first","12":"instock","13":"shipping-taxable","14":"purchasable","15":"product-type-variable"},"acf":[],"yoast_head":"<!-- This site is optimized with the Yoast SEO plugin v27.0 - https:\/\/yoast.com\/product\/yoast-seo-wordpress\/ -->\n<title>Szorty w paski Midnight Red - Fluff<\/title>\n<meta name=\"description\" content=\"Lu\u017ane szorty w paski i uroczym zdobieniem z motywem fali z ty\u0142u, z roszerzan\u0105 nogawk\u0105. 100% bawe\u0142na. Dwie kieszenie z przodu.\" \/>\n<meta name=\"robots\" content=\"index, follow, max-snippet:-1, max-image-preview:large, max-video-preview:-1\" \/>\n<link rel=\"canonical\" href=\"https:\/\/fluffouterwear.com\/pl\/produkt\/szorty-w-paski-red\/\" \/>\n<meta property=\"og:locale\" content=\"pl_PL\" \/>\n<meta property=\"og:type\" content=\"article\" \/>\n<meta property=\"og:title\" content=\"Szorty w paski Midnight Red - Fluff\" \/>\n<meta property=\"og:description\" content=\"Lu\u017ane szorty w paski i uroczym zdobieniem z motywem fali z ty\u0142u, z roszerzan\u0105 nogawk\u0105. 100% bawe\u0142na. Dwie kieszenie z przodu.\" \/>\n<meta property=\"og:url\" content=\"https:\/\/fluffouterwear.com\/pl\/produkt\/szorty-w-paski-red\/\" \/>\n<meta property=\"og:site_name\" content=\"Fluff\" \/>\n<meta property=\"article:modified_time\" content=\"2026-04-13T17:41:40+00:00\" \/>\n<meta property=\"og:image\" content=\"https:\/\/fluffouterwear.com\/wp-content\/uploads\/2026\/02\/szorty-w-paski-midnight-red.jpg\" \/>\n\t<meta property=\"og:image:width\" content=\"1185\" \/>\n\t<meta property=\"og:image:height\" content=\"1310\" \/>\n\t<meta property=\"og:image:type\" content=\"image\/jpeg\" \/>\n<meta name=\"twitter:card\" content=\"summary_large_image\" \/>\n<meta name=\"twitter:label1\" content=\"Szacowany czas czytania\" \/>\n\t<meta name=\"twitter:data1\" content=\"1 minuta\" \/>\n<script type=\"application\/ld+json\" class=\"yoast-schema-graph\">{\"@context\":\"https:\/\/schema.org\",\"@graph\":[{\"@type\":\"WebPage\",\"@id\":\"https:\/\/fluffouterwear.com\/pl\/produkt\/szorty-w-paski-red\/\",\"url\":\"https:\/\/fluffouterwear.com\/pl\/produkt\/szorty-w-paski-red\/\",\"name\":\"Szorty w paski Midnight Red - Fluff\",\"isPartOf\":{\"@id\":\"https:\/\/fluffouterwear.com\/pl\/#website\"},\"primaryImageOfPage\":{\"@id\":\"https:\/\/fluffouterwear.com\/pl\/produkt\/szorty-w-paski-red\/#primaryimage\"},\"image\":{\"@id\":\"https:\/\/fluffouterwear.com\/pl\/produkt\/szorty-w-paski-red\/#primaryimage\"},\"thumbnailUrl\":\"https:\/\/fluffouterwear.com\/wp-content\/uploads\/2026\/02\/szorty-w-paski-midnight-red.jpg\",\"datePublished\":\"2026-02-26T12:59:21+00:00\",\"dateModified\":\"2026-04-13T17:41:40+00:00\",\"description\":\"Lu\u017ane szorty w paski i uroczym zdobieniem z motywem fali z ty\u0142u, z roszerzan\u0105 nogawk\u0105. 100% bawe\u0142na. Dwie kieszenie z przodu.\",\"breadcrumb\":{\"@id\":\"https:\/\/fluffouterwear.com\/pl\/produkt\/szorty-w-paski-red\/#breadcrumb\"},\"inLanguage\":\"pl-PL\",\"potentialAction\":[{\"@type\":\"ReadAction\",\"target\":[\"https:\/\/fluffouterwear.com\/pl\/produkt\/szorty-w-paski-red\/\"]}]},{\"@type\":\"ImageObject\",\"inLanguage\":\"pl-PL\",\"@id\":\"https:\/\/fluffouterwear.com\/pl\/produkt\/szorty-w-paski-red\/#primaryimage\",\"url\":\"https:\/\/fluffouterwear.com\/wp-content\/uploads\/2026\/02\/szorty-w-paski-midnight-red.jpg\",\"contentUrl\":\"https:\/\/fluffouterwear.com\/wp-content\/uploads\/2026\/02\/szorty-w-paski-midnight-red.jpg\",\"width\":1185,\"height\":1310},{\"@type\":\"BreadcrumbList\",\"@id\":\"https:\/\/fluffouterwear.com\/pl\/produkt\/szorty-w-paski-red\/#breadcrumb\",\"itemListElement\":[{\"@type\":\"ListItem\",\"position\":1,\"name\":\"Strona g\u0142\u00f3wna\",\"item\":\"https:\/\/fluffouterwear.com\/pl\/\"},{\"@type\":\"ListItem\",\"position\":2,\"name\":\"Sklep\",\"item\":\"https:\/\/fluffouterwear.com\/pl\/sklep\/\"},{\"@type\":\"ListItem\",\"position\":3,\"name\":\"Szorty w paski Midnight Red\"}]},{\"@type\":\"WebSite\",\"@id\":\"https:\/\/fluffouterwear.com\/pl\/#website\",\"url\":\"https:\/\/fluffouterwear.com\/pl\/\",\"name\":\"Fluff\",\"description\":\"\",\"potentialAction\":[{\"@type\":\"SearchAction\",\"target\":{\"@type\":\"EntryPoint\",\"urlTemplate\":\"https:\/\/fluffouterwear.com\/pl\/?s={search_term_string}\"},\"query-input\":{\"@type\":\"PropertyValueSpecification\",\"valueRequired\":true,\"valueName\":\"search_term_string\"}}],\"inLanguage\":\"pl-PL\"}]}<\/script>\n<!-- \/ Yoast SEO plugin. -->","yoast_head_json":{"title":"Szorty w paski Midnight Red - Fluff","description":"Lu\u017ane szorty w paski i uroczym zdobieniem z motywem fali z ty\u0142u, z roszerzan\u0105 nogawk\u0105. 100% bawe\u0142na. Dwie kieszenie z przodu.","robots":{"index":"index","follow":"follow","max-snippet":"max-snippet:-1","max-image-preview":"max-image-preview:large","max-video-preview":"max-video-preview:-1"},"canonical":"https:\/\/fluffouterwear.com\/pl\/produkt\/szorty-w-paski-red\/","og_locale":"pl_PL","og_type":"article","og_title":"Szorty w paski Midnight Red - Fluff","og_description":"Lu\u017ane szorty w paski i uroczym zdobieniem z motywem fali z ty\u0142u, z roszerzan\u0105 nogawk\u0105. 100% bawe\u0142na. Dwie kieszenie z przodu.","og_url":"https:\/\/fluffouterwear.com\/pl\/produkt\/szorty-w-paski-red\/","og_site_name":"Fluff","article_modified_time":"2026-04-13T17:41:40+00:00","og_image":[{"width":1185,"height":1310,"url":"https:\/\/fluffouterwear.com\/wp-content\/uploads\/2026\/02\/szorty-w-paski-midnight-red.jpg","type":"image\/jpeg"}],"twitter_card":"summary_large_image","twitter_misc":{"Szacowany czas czytania":"1 minuta"},"schema":{"@context":"https:\/\/schema.org","@graph":[{"@type":"WebPage","@id":"https:\/\/fluffouterwear.com\/pl\/produkt\/szorty-w-paski-red\/","url":"https:\/\/fluffouterwear.com\/pl\/produkt\/szorty-w-paski-red\/","name":"Szorty w paski Midnight Red - Fluff","isPartOf":{"@id":"https:\/\/fluffouterwear.com\/pl\/#website"},"primaryImageOfPage":{"@id":"https:\/\/fluffouterwear.com\/pl\/produkt\/szorty-w-paski-red\/#primaryimage"},"image":{"@id":"https:\/\/fluffouterwear.com\/pl\/produkt\/szorty-w-paski-red\/#primaryimage"},"thumbnailUrl":"https:\/\/fluffouterwear.com\/wp-content\/uploads\/2026\/02\/szorty-w-paski-midnight-red.jpg","datePublished":"2026-02-26T12:59:21+00:00","dateModified":"2026-04-13T17:41:40+00:00","description":"Lu\u017ane szorty w paski i uroczym zdobieniem z motywem fali z ty\u0142u, z roszerzan\u0105 nogawk\u0105. 100% bawe\u0142na. Dwie kieszenie z przodu.","breadcrumb":{"@id":"https:\/\/fluffouterwear.com\/pl\/produkt\/szorty-w-paski-red\/#breadcrumb"},"inLanguage":"pl-PL","potentialAction":[{"@type":"ReadAction","target":["https:\/\/fluffouterwear.com\/pl\/produkt\/szorty-w-paski-red\/"]}]},{"@type":"ImageObject","inLanguage":"pl-PL","@id":"https:\/\/fluffouterwear.com\/pl\/produkt\/szorty-w-paski-red\/#primaryimage","url":"https:\/\/fluffouterwear.com\/wp-content\/uploads\/2026\/02\/szorty-w-paski-midnight-red.jpg","contentUrl":"https:\/\/fluffouterwear.com\/wp-content\/uploads\/2026\/02\/szorty-w-paski-midnight-red.jpg","width":1185,"height":1310},{"@type":"BreadcrumbList","@id":"https:\/\/fluffouterwear.com\/pl\/produkt\/szorty-w-paski-red\/#breadcrumb","itemListElement":[{"@type":"ListItem","position":1,"name":"Strona g\u0142\u00f3wna","item":"https:\/\/fluffouterwear.com\/pl\/"},{"@type":"ListItem","position":2,"name":"Sklep","item":"https:\/\/fluffouterwear.com\/pl\/sklep\/"},{"@type":"ListItem","position":3,"name":"Szorty w paski Midnight Red"}]},{"@type":"WebSite","@id":"https:\/\/fluffouterwear.com\/pl\/#website","url":"https:\/\/fluffouterwear.com\/pl\/","name":"Fluff","description":"","potentialAction":[{"@type":"SearchAction","target":{"@type":"EntryPoint","urlTemplate":"https:\/\/fluffouterwear.com\/pl\/?s={search_term_string}"},"query-input":{"@type":"PropertyValueSpecification","valueRequired":true,"valueName":"search_term_string"}}],"inLanguage":"pl-PL"}]}},"_links":{"self":[{"href":"https:\/\/fluffouterwear.com\/pl\/wp-json\/wp\/v2\/product\/110607","targetHints":{"allow":["GET"]}}],"collection":[{"href":"https:\/\/fluffouterwear.com\/pl\/wp-json\/wp\/v2\/product"}],"about":[{"href":"https:\/\/fluffouterwear.com\/pl\/wp-json\/wp\/v2\/types\/product"}],"replies":[{"embeddable":true,"href":"https:\/\/fluffouterwear.com\/pl\/wp-json\/wp\/v2\/comments?post=110607"}],"wp:featuredmedia":[{"embeddable":true,"href":"https:\/\/fluffouterwear.com\/pl\/wp-json\/wp\/v2\/media\/112869"}],"wp:attachment":[{"href":"https:\/\/fluffouterwear.com\/pl\/wp-json\/wp\/v2\/media?parent=110607"}],"wp:term":[{"taxonomy":"product_brand","embeddable":true,"href":"https:\/\/fluffouterwear.com\/pl\/wp-json\/wp\/v2\/product_brand?post=110607"},{"taxonomy":"product_cat","embeddable":true,"href":"https:\/\/fluffouterwear.com\/pl\/wp-json\/wp\/v2\/product_cat?post=110607"},{"taxonomy":"product_tag","embeddable":true,"href":"https:\/\/fluffouterwear.com\/pl\/wp-json\/wp\/v2\/product_tag?post=110607"}],"curies":[{"name":"wp","href":"https:\/\/api.w.org\/{rel}","templated":true}]}}