{"id":110731,"date":"2026-03-03T13:24:33","date_gmt":"2026-03-03T12:24:33","guid":{"rendered":"https:\/\/fluffouterwear.com\/?post_type=product&#038;p=110731"},"modified":"2026-04-11T16:31:43","modified_gmt":"2026-04-11T14:31:43","slug":"koszula-w-paski-midnight-red","status":"publish","type":"product","link":"https:\/\/fluffouterwear.com\/pl\/produkt\/koszula-w-paski-midnight-red\/","title":{"rendered":"Lu\u017ana koszula w paski Midnight Red"},"content":{"rendered":"<p><strong>Lu\u017ana koszula damska w paski<\/strong> w kolorystyce Midnight Red to kluczowy element wiosennej i letniej garderoby. Wykonana z <strong>lekkiej, oddychaj\u0105cej tkaniny<\/strong> (86% wiskoza), zapewnia komfort noszenia nawet w cieplejsze dni. Materia\u0142 mi\u0119kko uk\u0142ada si\u0119 na sylwetce, nadaj\u0105c stylizacji swobodny, ale dopracowany charakter.<\/p>\n<p>Nowoczesna <strong>st\u00f3jka<\/strong> podkre\u015bla minimalistyczn\u0105 form\u0119, a <strong>wi\u0105zania przy r\u0119kawach wprowadzaj\u0105 subtelny, kobiecy detal<\/strong>. To koszula na wiosn\u0119 i lato, kt\u00f3ra doskonale sprawdzi si\u0119 w stylizacjach miejskich, weekendowych wyjazdach czy wakacyjnych outfitach.<\/p>\n<p>Mo\u017cesz nosi\u0107 j\u0105 jako cz\u0119\u015b\u0107 kompletu (co-ord set) ze spodniami lub szortami z tej samej kolekcji albo zestawi\u0107 z jeansami. Ta koszula w paski \u0142\u0105czy ponadczasowy wz\u00f3r, wygod\u0119 i nowoczesn\u0105 form\u0119, tworz\u0105c uniwersaln\u0105 baz\u0119 do stylizacji na ciep\u0142y sezon.<\/p>\n","protected":false},"excerpt":{"rendered":"<div style=\"background-color: green;color: white;padding: 8px 16px;border-radius: 4px;display: inline-block;font-weight: bold\">Oczekujemy na dostaw\u0119. WYSY\u0141KA OD 27 KWIETNIA<\/div>\n","protected":false},"featured_media":112898,"comment_status":"open","ping_status":"closed","template":"","meta":{"_acf_changed":false},"product_brand":[],"product_cat":[1511,305,1416],"product_tag":[1722],"class_list":{"0":"post-110731","1":"product","2":"type-product","3":"status-publish","4":"has-post-thumbnail","6":"product_cat-bluzki-i-swetry","7":"product_cat-kobieta","8":"product_cat-nowosci","9":"product_tag-ss26","11":"first","12":"instock","13":"shipping-taxable","14":"purchasable","15":"product-type-variable"},"acf":[],"yoast_head":"<!-- This site is optimized with the Yoast SEO plugin v27.0 - https:\/\/yoast.com\/product\/yoast-seo-wordpress\/ -->\n<title>Lu\u017ana koszula w paski Midnight Red - Fluff<\/title>\n<meta name=\"description\" content=\"Lu\u017ane spodnie w klasyczne paski w nasyconych kolorach, uroczym zdobieniem z motywem fali z ty\u0142u i roszerzan\u0105 nogawk\u0105. Dwie kieszenie z przodu.\" \/>\n<meta name=\"robots\" content=\"index, follow, max-snippet:-1, max-image-preview:large, max-video-preview:-1\" \/>\n<link rel=\"canonical\" href=\"https:\/\/fluffouterwear.com\/pl\/produkt\/koszula-w-paski-midnight-red\/\" \/>\n<meta property=\"og:locale\" content=\"pl_PL\" \/>\n<meta property=\"og:type\" content=\"article\" \/>\n<meta property=\"og:title\" content=\"Lu\u017ana koszula w paski Midnight Red - Fluff\" \/>\n<meta property=\"og:description\" content=\"Lu\u017ane spodnie w klasyczne paski w nasyconych kolorach, uroczym zdobieniem z motywem fali z ty\u0142u i roszerzan\u0105 nogawk\u0105. Dwie kieszenie z przodu.\" \/>\n<meta property=\"og:url\" content=\"https:\/\/fluffouterwear.com\/pl\/produkt\/koszula-w-paski-midnight-red\/\" \/>\n<meta property=\"og:site_name\" content=\"Fluff\" \/>\n<meta property=\"article:modified_time\" content=\"2026-04-11T14:31:43+00:00\" \/>\n<meta property=\"og:image\" content=\"https:\/\/fluffouterwear.com\/wp-content\/uploads\/2026\/03\/koszula-w-paski-midnight-red-2-1.jpg\" \/>\n\t<meta property=\"og:image:width\" content=\"1185\" \/>\n\t<meta property=\"og:image:height\" content=\"1310\" \/>\n\t<meta property=\"og:image:type\" content=\"image\/jpeg\" \/>\n<meta name=\"twitter:card\" content=\"summary_large_image\" \/>\n<meta name=\"twitter:label1\" content=\"Szacowany czas czytania\" \/>\n\t<meta name=\"twitter:data1\" content=\"1 minuta\" \/>\n<script type=\"application\/ld+json\" class=\"yoast-schema-graph\">{\"@context\":\"https:\/\/schema.org\",\"@graph\":[{\"@type\":\"WebPage\",\"@id\":\"https:\/\/fluffouterwear.com\/pl\/produkt\/koszula-w-paski-midnight-red\/\",\"url\":\"https:\/\/fluffouterwear.com\/pl\/produkt\/koszula-w-paski-midnight-red\/\",\"name\":\"Lu\u017ana koszula w paski Midnight Red - Fluff\",\"isPartOf\":{\"@id\":\"https:\/\/fluffouterwear.com\/pl\/#website\"},\"primaryImageOfPage\":{\"@id\":\"https:\/\/fluffouterwear.com\/pl\/produkt\/koszula-w-paski-midnight-red\/#primaryimage\"},\"image\":{\"@id\":\"https:\/\/fluffouterwear.com\/pl\/produkt\/koszula-w-paski-midnight-red\/#primaryimage\"},\"thumbnailUrl\":\"https:\/\/fluffouterwear.com\/wp-content\/uploads\/2026\/03\/koszula-w-paski-midnight-red-2-1.jpg\",\"datePublished\":\"2026-03-03T12:24:33+00:00\",\"dateModified\":\"2026-04-11T14:31:43+00:00\",\"description\":\"Lu\u017ane spodnie w klasyczne paski w nasyconych kolorach, uroczym zdobieniem z motywem fali z ty\u0142u i roszerzan\u0105 nogawk\u0105. Dwie kieszenie z przodu.\",\"breadcrumb\":{\"@id\":\"https:\/\/fluffouterwear.com\/pl\/produkt\/koszula-w-paski-midnight-red\/#breadcrumb\"},\"inLanguage\":\"pl-PL\",\"potentialAction\":[{\"@type\":\"ReadAction\",\"target\":[\"https:\/\/fluffouterwear.com\/pl\/produkt\/koszula-w-paski-midnight-red\/\"]}]},{\"@type\":\"ImageObject\",\"inLanguage\":\"pl-PL\",\"@id\":\"https:\/\/fluffouterwear.com\/pl\/produkt\/koszula-w-paski-midnight-red\/#primaryimage\",\"url\":\"https:\/\/fluffouterwear.com\/wp-content\/uploads\/2026\/03\/koszula-w-paski-midnight-red-2-1.jpg\",\"contentUrl\":\"https:\/\/fluffouterwear.com\/wp-content\/uploads\/2026\/03\/koszula-w-paski-midnight-red-2-1.jpg\",\"width\":1185,\"height\":1310},{\"@type\":\"BreadcrumbList\",\"@id\":\"https:\/\/fluffouterwear.com\/pl\/produkt\/koszula-w-paski-midnight-red\/#breadcrumb\",\"itemListElement\":[{\"@type\":\"ListItem\",\"position\":1,\"name\":\"Strona g\u0142\u00f3wna\",\"item\":\"https:\/\/fluffouterwear.com\/pl\/\"},{\"@type\":\"ListItem\",\"position\":2,\"name\":\"Sklep\",\"item\":\"https:\/\/fluffouterwear.com\/pl\/sklep\/\"},{\"@type\":\"ListItem\",\"position\":3,\"name\":\"Lu\u017ana koszula w paski Midnight Red\"}]},{\"@type\":\"WebSite\",\"@id\":\"https:\/\/fluffouterwear.com\/pl\/#website\",\"url\":\"https:\/\/fluffouterwear.com\/pl\/\",\"name\":\"Fluff\",\"description\":\"\",\"potentialAction\":[{\"@type\":\"SearchAction\",\"target\":{\"@type\":\"EntryPoint\",\"urlTemplate\":\"https:\/\/fluffouterwear.com\/pl\/?s={search_term_string}\"},\"query-input\":{\"@type\":\"PropertyValueSpecification\",\"valueRequired\":true,\"valueName\":\"search_term_string\"}}],\"inLanguage\":\"pl-PL\"}]}<\/script>\n<!-- \/ Yoast SEO plugin. -->","yoast_head_json":{"title":"Lu\u017ana koszula w paski Midnight Red - Fluff","description":"Lu\u017ane spodnie w klasyczne paski w nasyconych kolorach, uroczym zdobieniem z motywem fali z ty\u0142u i roszerzan\u0105 nogawk\u0105. Dwie kieszenie z przodu.","robots":{"index":"index","follow":"follow","max-snippet":"max-snippet:-1","max-image-preview":"max-image-preview:large","max-video-preview":"max-video-preview:-1"},"canonical":"https:\/\/fluffouterwear.com\/pl\/produkt\/koszula-w-paski-midnight-red\/","og_locale":"pl_PL","og_type":"article","og_title":"Lu\u017ana koszula w paski Midnight Red - Fluff","og_description":"Lu\u017ane spodnie w klasyczne paski w nasyconych kolorach, uroczym zdobieniem z motywem fali z ty\u0142u i roszerzan\u0105 nogawk\u0105. Dwie kieszenie z przodu.","og_url":"https:\/\/fluffouterwear.com\/pl\/produkt\/koszula-w-paski-midnight-red\/","og_site_name":"Fluff","article_modified_time":"2026-04-11T14:31:43+00:00","og_image":[{"width":1185,"height":1310,"url":"https:\/\/fluffouterwear.com\/wp-content\/uploads\/2026\/03\/koszula-w-paski-midnight-red-2-1.jpg","type":"image\/jpeg"}],"twitter_card":"summary_large_image","twitter_misc":{"Szacowany czas czytania":"1 minuta"},"schema":{"@context":"https:\/\/schema.org","@graph":[{"@type":"WebPage","@id":"https:\/\/fluffouterwear.com\/pl\/produkt\/koszula-w-paski-midnight-red\/","url":"https:\/\/fluffouterwear.com\/pl\/produkt\/koszula-w-paski-midnight-red\/","name":"Lu\u017ana koszula w paski Midnight Red - Fluff","isPartOf":{"@id":"https:\/\/fluffouterwear.com\/pl\/#website"},"primaryImageOfPage":{"@id":"https:\/\/fluffouterwear.com\/pl\/produkt\/koszula-w-paski-midnight-red\/#primaryimage"},"image":{"@id":"https:\/\/fluffouterwear.com\/pl\/produkt\/koszula-w-paski-midnight-red\/#primaryimage"},"thumbnailUrl":"https:\/\/fluffouterwear.com\/wp-content\/uploads\/2026\/03\/koszula-w-paski-midnight-red-2-1.jpg","datePublished":"2026-03-03T12:24:33+00:00","dateModified":"2026-04-11T14:31:43+00:00","description":"Lu\u017ane spodnie w klasyczne paski w nasyconych kolorach, uroczym zdobieniem z motywem fali z ty\u0142u i roszerzan\u0105 nogawk\u0105. Dwie kieszenie z przodu.","breadcrumb":{"@id":"https:\/\/fluffouterwear.com\/pl\/produkt\/koszula-w-paski-midnight-red\/#breadcrumb"},"inLanguage":"pl-PL","potentialAction":[{"@type":"ReadAction","target":["https:\/\/fluffouterwear.com\/pl\/produkt\/koszula-w-paski-midnight-red\/"]}]},{"@type":"ImageObject","inLanguage":"pl-PL","@id":"https:\/\/fluffouterwear.com\/pl\/produkt\/koszula-w-paski-midnight-red\/#primaryimage","url":"https:\/\/fluffouterwear.com\/wp-content\/uploads\/2026\/03\/koszula-w-paski-midnight-red-2-1.jpg","contentUrl":"https:\/\/fluffouterwear.com\/wp-content\/uploads\/2026\/03\/koszula-w-paski-midnight-red-2-1.jpg","width":1185,"height":1310},{"@type":"BreadcrumbList","@id":"https:\/\/fluffouterwear.com\/pl\/produkt\/koszula-w-paski-midnight-red\/#breadcrumb","itemListElement":[{"@type":"ListItem","position":1,"name":"Strona g\u0142\u00f3wna","item":"https:\/\/fluffouterwear.com\/pl\/"},{"@type":"ListItem","position":2,"name":"Sklep","item":"https:\/\/fluffouterwear.com\/pl\/sklep\/"},{"@type":"ListItem","position":3,"name":"Lu\u017ana koszula w paski Midnight Red"}]},{"@type":"WebSite","@id":"https:\/\/fluffouterwear.com\/pl\/#website","url":"https:\/\/fluffouterwear.com\/pl\/","name":"Fluff","description":"","potentialAction":[{"@type":"SearchAction","target":{"@type":"EntryPoint","urlTemplate":"https:\/\/fluffouterwear.com\/pl\/?s={search_term_string}"},"query-input":{"@type":"PropertyValueSpecification","valueRequired":true,"valueName":"search_term_string"}}],"inLanguage":"pl-PL"}]}},"_links":{"self":[{"href":"https:\/\/fluffouterwear.com\/pl\/wp-json\/wp\/v2\/product\/110731","targetHints":{"allow":["GET"]}}],"collection":[{"href":"https:\/\/fluffouterwear.com\/pl\/wp-json\/wp\/v2\/product"}],"about":[{"href":"https:\/\/fluffouterwear.com\/pl\/wp-json\/wp\/v2\/types\/product"}],"replies":[{"embeddable":true,"href":"https:\/\/fluffouterwear.com\/pl\/wp-json\/wp\/v2\/comments?post=110731"}],"wp:featuredmedia":[{"embeddable":true,"href":"https:\/\/fluffouterwear.com\/pl\/wp-json\/wp\/v2\/media\/112898"}],"wp:attachment":[{"href":"https:\/\/fluffouterwear.com\/pl\/wp-json\/wp\/v2\/media?parent=110731"}],"wp:term":[{"taxonomy":"product_brand","embeddable":true,"href":"https:\/\/fluffouterwear.com\/pl\/wp-json\/wp\/v2\/product_brand?post=110731"},{"taxonomy":"product_cat","embeddable":true,"href":"https:\/\/fluffouterwear.com\/pl\/wp-json\/wp\/v2\/product_cat?post=110731"},{"taxonomy":"product_tag","embeddable":true,"href":"https:\/\/fluffouterwear.com\/pl\/wp-json\/wp\/v2\/product_tag?post=110731"}],"curies":[{"name":"wp","href":"https:\/\/api.w.org\/{rel}","templated":true}]}}