{"id":110748,"date":"2026-03-18T18:24:41","date_gmt":"2026-03-18T17:24:41","guid":{"rendered":"https:\/\/fluffouterwear.com\/?post_type=product&#038;p=110748"},"modified":"2026-04-13T14:39:11","modified_gmt":"2026-04-13T12:39:11","slug":"strukturalna-kurtka-z-lnu-green-tartan","status":"publish","type":"product","link":"https:\/\/fluffouterwear.com\/pl\/produkt\/strukturalna-kurtka-z-lnu-green-tartan\/","title":{"rendered":"Strukturalna kurtka z lnu Green Tartan"},"content":{"rendered":"<p><strong>Letnia kurtka damska<\/strong> w zielon\u0105 krat\u0119 tartanow\u0105 to wyrazisty, ale dopracowany element garderoby na wiosn\u0119 i lato. Wykonana z <strong>ci\u0119\u017cszego, szlachetnego lnu,<\/strong> \u0142\u0105czy naturaln\u0105 struktur\u0119 tkaniny z nowoczesn\u0105, form\u0105. To <strong>kurtka lniana<\/strong>, kt\u00f3ra sprawdzi si\u0119 zar\u00f3wno w miejskich stylizacjach, jak i podczas ch\u0142odniejszych, letnich wieczor\u00f3w.<\/p>\n<p>Pude\u0142kowy kr\u00f3j nadaje sylwetce lekko\u015bci i swobody, a \u015bci\u0105gacz przy r\u0119kawach i w pasie pozwala subtelnie modelowa\u0107 proporcje. Wi\u0105zanie z przodu dodaje charakteru i prze\u0142amuje klasyczn\u0105 konstrukcj\u0119, tworz\u0105c efekt casualowej, ale przemy\u015blanej formy. Niewielki ko\u0142nierzyk podkre\u015bla minimalistyczny, nowoczesny charakter projektu.<\/p>\n<p>To<strong> idealna kurtka na wiosn\u0119,<\/strong> letnia narzutka lub alternatywa dla klasycznej marynarki. Green Tartan nadaje jej ponadczasowego, lekko heritage\u2019owego klimatu, kt\u00f3ry doskonale \u0142\u0105czy si\u0119 z prostymi topami, spodniami z tej samej kolekcji czy jeansami.<\/p>\n","protected":false},"excerpt":{"rendered":"<div style=\"background-color: green;color: white;padding: 8px 16px;border-radius: 4px;display: inline-block;font-weight: bold\">Oczekujemy na dostaw\u0119. WYSY\u0141KA OD 27 KWIETNIA<\/div>\n","protected":false},"featured_media":112861,"comment_status":"closed","ping_status":"closed","template":"","meta":{"_acf_changed":false},"product_brand":[],"product_cat":[305,1416,1051,1050],"product_tag":[1722],"class_list":{"0":"post-110748","1":"product","2":"type-product","3":"status-publish","4":"has-post-thumbnail","6":"product_cat-kobieta","7":"product_cat-nowosci","8":"product_cat-wiosna-pl","9":"product_cat-plaszcze-i-kurtki-pl","10":"product_tag-ss26","12":"first","13":"instock","14":"shipping-taxable","15":"purchasable","16":"product-type-variable"},"acf":[],"yoast_head":"<!-- This site is optimized with the Yoast SEO plugin v27.0 - https:\/\/yoast.com\/product\/yoast-seo-wordpress\/ -->\n<title>Strukturalna kurtka z lnu Green Tartan - Fluff<\/title>\n<meta name=\"robots\" content=\"index, follow, max-snippet:-1, max-image-preview:large, max-video-preview:-1\" \/>\n<link rel=\"canonical\" href=\"https:\/\/fluffouterwear.com\/pl\/produkt\/strukturalna-kurtka-z-lnu-green-tartan\/\" \/>\n<meta property=\"og:locale\" content=\"pl_PL\" \/>\n<meta property=\"og:type\" content=\"article\" \/>\n<meta property=\"og:title\" content=\"Strukturalna kurtka z lnu Green Tartan - Fluff\" \/>\n<meta property=\"og:description\" content=\"Oczekujemy na dostaw\u0119. WYSY\u0141KA OD 27 KWIETNIA\" \/>\n<meta property=\"og:url\" content=\"https:\/\/fluffouterwear.com\/pl\/produkt\/strukturalna-kurtka-z-lnu-green-tartan\/\" \/>\n<meta property=\"og:site_name\" content=\"Fluff\" \/>\n<meta property=\"article:modified_time\" content=\"2026-04-13T12:39:11+00:00\" \/>\n<meta property=\"og:image\" content=\"https:\/\/fluffouterwear.com\/wp-content\/uploads\/2026\/03\/lniana-katana-tartan-green-2-1.jpg\" \/>\n\t<meta property=\"og:image:width\" content=\"1185\" \/>\n\t<meta property=\"og:image:height\" content=\"1310\" \/>\n\t<meta property=\"og:image:type\" content=\"image\/jpeg\" \/>\n<meta name=\"twitter:card\" content=\"summary_large_image\" \/>\n<meta name=\"twitter:label1\" content=\"Szacowany czas czytania\" \/>\n\t<meta name=\"twitter:data1\" content=\"1 minuta\" \/>\n<script type=\"application\/ld+json\" class=\"yoast-schema-graph\">{\"@context\":\"https:\/\/schema.org\",\"@graph\":[{\"@type\":\"WebPage\",\"@id\":\"https:\/\/fluffouterwear.com\/pl\/produkt\/strukturalna-kurtka-z-lnu-green-tartan\/\",\"url\":\"https:\/\/fluffouterwear.com\/pl\/produkt\/strukturalna-kurtka-z-lnu-green-tartan\/\",\"name\":\"Strukturalna kurtka z lnu Green Tartan - Fluff\",\"isPartOf\":{\"@id\":\"https:\/\/fluffouterwear.com\/pl\/#website\"},\"primaryImageOfPage\":{\"@id\":\"https:\/\/fluffouterwear.com\/pl\/produkt\/strukturalna-kurtka-z-lnu-green-tartan\/#primaryimage\"},\"image\":{\"@id\":\"https:\/\/fluffouterwear.com\/pl\/produkt\/strukturalna-kurtka-z-lnu-green-tartan\/#primaryimage\"},\"thumbnailUrl\":\"https:\/\/fluffouterwear.com\/wp-content\/uploads\/2026\/03\/lniana-katana-tartan-green-2-1.jpg\",\"datePublished\":\"2026-03-18T17:24:41+00:00\",\"dateModified\":\"2026-04-13T12:39:11+00:00\",\"breadcrumb\":{\"@id\":\"https:\/\/fluffouterwear.com\/pl\/produkt\/strukturalna-kurtka-z-lnu-green-tartan\/#breadcrumb\"},\"inLanguage\":\"pl-PL\",\"potentialAction\":[{\"@type\":\"ReadAction\",\"target\":[\"https:\/\/fluffouterwear.com\/pl\/produkt\/strukturalna-kurtka-z-lnu-green-tartan\/\"]}]},{\"@type\":\"ImageObject\",\"inLanguage\":\"pl-PL\",\"@id\":\"https:\/\/fluffouterwear.com\/pl\/produkt\/strukturalna-kurtka-z-lnu-green-tartan\/#primaryimage\",\"url\":\"https:\/\/fluffouterwear.com\/wp-content\/uploads\/2026\/03\/lniana-katana-tartan-green-2-1.jpg\",\"contentUrl\":\"https:\/\/fluffouterwear.com\/wp-content\/uploads\/2026\/03\/lniana-katana-tartan-green-2-1.jpg\",\"width\":1185,\"height\":1310},{\"@type\":\"BreadcrumbList\",\"@id\":\"https:\/\/fluffouterwear.com\/pl\/produkt\/strukturalna-kurtka-z-lnu-green-tartan\/#breadcrumb\",\"itemListElement\":[{\"@type\":\"ListItem\",\"position\":1,\"name\":\"Strona g\u0142\u00f3wna\",\"item\":\"https:\/\/fluffouterwear.com\/pl\/\"},{\"@type\":\"ListItem\",\"position\":2,\"name\":\"Sklep\",\"item\":\"https:\/\/fluffouterwear.com\/pl\/sklep\/\"},{\"@type\":\"ListItem\",\"position\":3,\"name\":\"Strukturalna kurtka z lnu Green Tartan\"}]},{\"@type\":\"WebSite\",\"@id\":\"https:\/\/fluffouterwear.com\/pl\/#website\",\"url\":\"https:\/\/fluffouterwear.com\/pl\/\",\"name\":\"Fluff\",\"description\":\"\",\"potentialAction\":[{\"@type\":\"SearchAction\",\"target\":{\"@type\":\"EntryPoint\",\"urlTemplate\":\"https:\/\/fluffouterwear.com\/pl\/?s={search_term_string}\"},\"query-input\":{\"@type\":\"PropertyValueSpecification\",\"valueRequired\":true,\"valueName\":\"search_term_string\"}}],\"inLanguage\":\"pl-PL\"}]}<\/script>\n<!-- \/ Yoast SEO plugin. -->","yoast_head_json":{"title":"Strukturalna kurtka z lnu Green Tartan - Fluff","robots":{"index":"index","follow":"follow","max-snippet":"max-snippet:-1","max-image-preview":"max-image-preview:large","max-video-preview":"max-video-preview:-1"},"canonical":"https:\/\/fluffouterwear.com\/pl\/produkt\/strukturalna-kurtka-z-lnu-green-tartan\/","og_locale":"pl_PL","og_type":"article","og_title":"Strukturalna kurtka z lnu Green Tartan - Fluff","og_description":"Oczekujemy na dostaw\u0119. WYSY\u0141KA OD 27 KWIETNIA","og_url":"https:\/\/fluffouterwear.com\/pl\/produkt\/strukturalna-kurtka-z-lnu-green-tartan\/","og_site_name":"Fluff","article_modified_time":"2026-04-13T12:39:11+00:00","og_image":[{"width":1185,"height":1310,"url":"https:\/\/fluffouterwear.com\/wp-content\/uploads\/2026\/03\/lniana-katana-tartan-green-2-1.jpg","type":"image\/jpeg"}],"twitter_card":"summary_large_image","twitter_misc":{"Szacowany czas czytania":"1 minuta"},"schema":{"@context":"https:\/\/schema.org","@graph":[{"@type":"WebPage","@id":"https:\/\/fluffouterwear.com\/pl\/produkt\/strukturalna-kurtka-z-lnu-green-tartan\/","url":"https:\/\/fluffouterwear.com\/pl\/produkt\/strukturalna-kurtka-z-lnu-green-tartan\/","name":"Strukturalna kurtka z lnu Green Tartan - Fluff","isPartOf":{"@id":"https:\/\/fluffouterwear.com\/pl\/#website"},"primaryImageOfPage":{"@id":"https:\/\/fluffouterwear.com\/pl\/produkt\/strukturalna-kurtka-z-lnu-green-tartan\/#primaryimage"},"image":{"@id":"https:\/\/fluffouterwear.com\/pl\/produkt\/strukturalna-kurtka-z-lnu-green-tartan\/#primaryimage"},"thumbnailUrl":"https:\/\/fluffouterwear.com\/wp-content\/uploads\/2026\/03\/lniana-katana-tartan-green-2-1.jpg","datePublished":"2026-03-18T17:24:41+00:00","dateModified":"2026-04-13T12:39:11+00:00","breadcrumb":{"@id":"https:\/\/fluffouterwear.com\/pl\/produkt\/strukturalna-kurtka-z-lnu-green-tartan\/#breadcrumb"},"inLanguage":"pl-PL","potentialAction":[{"@type":"ReadAction","target":["https:\/\/fluffouterwear.com\/pl\/produkt\/strukturalna-kurtka-z-lnu-green-tartan\/"]}]},{"@type":"ImageObject","inLanguage":"pl-PL","@id":"https:\/\/fluffouterwear.com\/pl\/produkt\/strukturalna-kurtka-z-lnu-green-tartan\/#primaryimage","url":"https:\/\/fluffouterwear.com\/wp-content\/uploads\/2026\/03\/lniana-katana-tartan-green-2-1.jpg","contentUrl":"https:\/\/fluffouterwear.com\/wp-content\/uploads\/2026\/03\/lniana-katana-tartan-green-2-1.jpg","width":1185,"height":1310},{"@type":"BreadcrumbList","@id":"https:\/\/fluffouterwear.com\/pl\/produkt\/strukturalna-kurtka-z-lnu-green-tartan\/#breadcrumb","itemListElement":[{"@type":"ListItem","position":1,"name":"Strona g\u0142\u00f3wna","item":"https:\/\/fluffouterwear.com\/pl\/"},{"@type":"ListItem","position":2,"name":"Sklep","item":"https:\/\/fluffouterwear.com\/pl\/sklep\/"},{"@type":"ListItem","position":3,"name":"Strukturalna kurtka z lnu Green Tartan"}]},{"@type":"WebSite","@id":"https:\/\/fluffouterwear.com\/pl\/#website","url":"https:\/\/fluffouterwear.com\/pl\/","name":"Fluff","description":"","potentialAction":[{"@type":"SearchAction","target":{"@type":"EntryPoint","urlTemplate":"https:\/\/fluffouterwear.com\/pl\/?s={search_term_string}"},"query-input":{"@type":"PropertyValueSpecification","valueRequired":true,"valueName":"search_term_string"}}],"inLanguage":"pl-PL"}]}},"_links":{"self":[{"href":"https:\/\/fluffouterwear.com\/pl\/wp-json\/wp\/v2\/product\/110748","targetHints":{"allow":["GET"]}}],"collection":[{"href":"https:\/\/fluffouterwear.com\/pl\/wp-json\/wp\/v2\/product"}],"about":[{"href":"https:\/\/fluffouterwear.com\/pl\/wp-json\/wp\/v2\/types\/product"}],"replies":[{"embeddable":true,"href":"https:\/\/fluffouterwear.com\/pl\/wp-json\/wp\/v2\/comments?post=110748"}],"wp:featuredmedia":[{"embeddable":true,"href":"https:\/\/fluffouterwear.com\/pl\/wp-json\/wp\/v2\/media\/112861"}],"wp:attachment":[{"href":"https:\/\/fluffouterwear.com\/pl\/wp-json\/wp\/v2\/media?parent=110748"}],"wp:term":[{"taxonomy":"product_brand","embeddable":true,"href":"https:\/\/fluffouterwear.com\/pl\/wp-json\/wp\/v2\/product_brand?post=110748"},{"taxonomy":"product_cat","embeddable":true,"href":"https:\/\/fluffouterwear.com\/pl\/wp-json\/wp\/v2\/product_cat?post=110748"},{"taxonomy":"product_tag","embeddable":true,"href":"https:\/\/fluffouterwear.com\/pl\/wp-json\/wp\/v2\/product_tag?post=110748"}],"curies":[{"name":"wp","href":"https:\/\/api.w.org\/{rel}","templated":true}]}}