{"id":110792,"date":"2026-03-18T19:04:21","date_gmt":"2026-03-18T18:04:21","guid":{"rendered":"https:\/\/fluffouterwear.com\/?post_type=product&#038;p=110792"},"modified":"2026-03-26T10:50:35","modified_gmt":"2026-03-26T09:50:35","slug":"spodnie-ze-sznurowaniem-washed-black-denim","status":"publish","type":"product","link":"https:\/\/fluffouterwear.com\/pl\/produkt\/spodnie-ze-sznurowaniem-washed-black-denim\/","title":{"rendered":"Spodnie ze sznurowaniem washed-black denim"},"content":{"rendered":"<h4><b>Spodnie jeansowe ze sznurowaniem<\/b><\/h4>\n<p>Te <strong>spodnie damskie w fasonie mom fit t<\/strong>o nowoczesna interpretacja klasycznego denimu z lat 90. Prosta, <strong>lekko zw\u0119\u017cana nogawka<\/strong> podkre\u015bla sylwetk\u0119 i nadaje stylizacji swobodny, miejski charakter. To jeansy, kt\u00f3re \u0142\u0105cz\u0105 ponadczasow\u0105 form\u0119 z wyrazistym detalem.<\/p>\n<p><strong>Charakterystyczne wi\u0105zanie po bokach nogawek<\/strong> nadaje im modowego, lekko rockowego akcentu i subtelnie przyci\u0105ga uwag\u0119. Sznurowanie prze\u0142amuje klasyczny fason, tworz\u0105c efekt, kt\u00f3ry wygl\u0105da dopracowanie, ale niewymuszenie. <strong>Wysokiej jako\u015bci denim<\/strong> (100% bawe\u0142na) zapewnia komfort noszenia i dobrze uk\u0142ada si\u0119 na sylwetce, zachowuj\u0105c swoj\u0105 struktur\u0119.<\/p>\n<p>To <strong>spodnie jeansowe<\/strong>, kt\u00f3re bez wysi\u0142ku zbuduj\u0105 stylizacj\u0119. Wystarczy prosty top, koszula lub oversize\u2019owy sweter. Idealne do miejskich outfit\u00f3w, codziennych stylizacji i bardziej wyrazistych look\u00f3w. Klasyczny Mom fit z detalem, kt\u00f3ry robi r\u00f3\u017cnic\u0119.<\/p>\n","protected":false},"excerpt":{"rendered":"<p>Spodnie jeansowe ze sznurowaniem Te spodnie damskie w fasonie mom fit to nowoczesna interpretacja klasycznego denimu z lat 90. Prosta, lekko zw\u0119\u017cana nogawka podkre\u015bla sylwetk\u0119 i nadaje stylizacji swobodny, miejski charakter. To jeansy, kt\u00f3re \u0142\u0105cz\u0105 ponadczasow\u0105 form\u0119 z wyrazistym detalem. Charakterystyczne wi\u0105zanie po bokach nogawek nadaje im modowego, lekko rockowego akcentu i subtelnie przyci\u0105ga uwag\u0119. [&#8230;]\n","protected":false},"featured_media":112731,"comment_status":"closed","ping_status":"closed","template":"","meta":{"_acf_changed":false},"product_brand":[],"product_cat":[1512,305,868],"product_tag":[],"class_list":{"0":"post-110792","1":"product","2":"type-product","3":"status-publish","4":"has-post-thumbnail","6":"product_cat-spodnie-i-szorty","7":"product_cat-kobieta","8":"product_cat-kolekcja-denimowa","10":"first","11":"instock","12":"shipping-taxable","13":"purchasable","14":"product-type-variable"},"acf":[],"yoast_head":"<!-- This site is optimized with the Yoast SEO plugin v27.0 - https:\/\/yoast.com\/product\/yoast-seo-wordpress\/ -->\n<title>Spodnie ze sznurowaniem washed-black denim - Fluff<\/title>\n<meta name=\"robots\" content=\"index, follow, max-snippet:-1, max-image-preview:large, max-video-preview:-1\" \/>\n<link rel=\"canonical\" href=\"https:\/\/fluffouterwear.com\/pl\/produkt\/spodnie-ze-sznurowaniem-washed-black-denim\/\" \/>\n<meta property=\"og:locale\" content=\"pl_PL\" \/>\n<meta property=\"og:type\" content=\"article\" \/>\n<meta property=\"og:title\" content=\"Spodnie ze sznurowaniem washed-black denim - Fluff\" \/>\n<meta property=\"og:description\" content=\"Spodnie jeansowe ze sznurowaniem Te spodnie damskie w fasonie mom fit to nowoczesna interpretacja klasycznego denimu z lat 90. Prosta, lekko zw\u0119\u017cana nogawka podkre\u015bla sylwetk\u0119 i nadaje stylizacji swobodny, miejski charakter. To jeansy, kt\u00f3re \u0142\u0105cz\u0105 ponadczasow\u0105 form\u0119 z wyrazistym detalem. Charakterystyczne wi\u0105zanie po bokach nogawek nadaje im modowego, lekko rockowego akcentu i subtelnie przyci\u0105ga uwag\u0119. [...]\" \/>\n<meta property=\"og:url\" content=\"https:\/\/fluffouterwear.com\/pl\/produkt\/spodnie-ze-sznurowaniem-washed-black-denim\/\" \/>\n<meta property=\"og:site_name\" content=\"Fluff\" \/>\n<meta property=\"article:modified_time\" content=\"2026-03-26T09:50:35+00:00\" \/>\n<meta property=\"og:image\" content=\"https:\/\/fluffouterwear.com\/wp-content\/uploads\/2026\/03\/dzinsy-ze-sznurowaniem-black-2-1.jpg\" \/>\n\t<meta property=\"og:image:width\" content=\"1185\" \/>\n\t<meta property=\"og:image:height\" content=\"1310\" \/>\n\t<meta property=\"og:image:type\" content=\"image\/jpeg\" \/>\n<meta name=\"twitter:card\" content=\"summary_large_image\" \/>\n<meta name=\"twitter:label1\" content=\"Szacowany czas czytania\" \/>\n\t<meta name=\"twitter:data1\" content=\"1 minuta\" \/>\n<script type=\"application\/ld+json\" class=\"yoast-schema-graph\">{\"@context\":\"https:\/\/schema.org\",\"@graph\":[{\"@type\":\"WebPage\",\"@id\":\"https:\/\/fluffouterwear.com\/pl\/produkt\/spodnie-ze-sznurowaniem-washed-black-denim\/\",\"url\":\"https:\/\/fluffouterwear.com\/pl\/produkt\/spodnie-ze-sznurowaniem-washed-black-denim\/\",\"name\":\"Spodnie ze sznurowaniem washed-black denim - Fluff\",\"isPartOf\":{\"@id\":\"https:\/\/fluffouterwear.com\/pl\/#website\"},\"primaryImageOfPage\":{\"@id\":\"https:\/\/fluffouterwear.com\/pl\/produkt\/spodnie-ze-sznurowaniem-washed-black-denim\/#primaryimage\"},\"image\":{\"@id\":\"https:\/\/fluffouterwear.com\/pl\/produkt\/spodnie-ze-sznurowaniem-washed-black-denim\/#primaryimage\"},\"thumbnailUrl\":\"https:\/\/fluffouterwear.com\/wp-content\/uploads\/2026\/03\/dzinsy-ze-sznurowaniem-black-2-1.jpg\",\"datePublished\":\"2026-03-18T18:04:21+00:00\",\"dateModified\":\"2026-03-26T09:50:35+00:00\",\"breadcrumb\":{\"@id\":\"https:\/\/fluffouterwear.com\/pl\/produkt\/spodnie-ze-sznurowaniem-washed-black-denim\/#breadcrumb\"},\"inLanguage\":\"pl-PL\",\"potentialAction\":[{\"@type\":\"ReadAction\",\"target\":[\"https:\/\/fluffouterwear.com\/pl\/produkt\/spodnie-ze-sznurowaniem-washed-black-denim\/\"]}]},{\"@type\":\"ImageObject\",\"inLanguage\":\"pl-PL\",\"@id\":\"https:\/\/fluffouterwear.com\/pl\/produkt\/spodnie-ze-sznurowaniem-washed-black-denim\/#primaryimage\",\"url\":\"https:\/\/fluffouterwear.com\/wp-content\/uploads\/2026\/03\/dzinsy-ze-sznurowaniem-black-2-1.jpg\",\"contentUrl\":\"https:\/\/fluffouterwear.com\/wp-content\/uploads\/2026\/03\/dzinsy-ze-sznurowaniem-black-2-1.jpg\",\"width\":1185,\"height\":1310},{\"@type\":\"BreadcrumbList\",\"@id\":\"https:\/\/fluffouterwear.com\/pl\/produkt\/spodnie-ze-sznurowaniem-washed-black-denim\/#breadcrumb\",\"itemListElement\":[{\"@type\":\"ListItem\",\"position\":1,\"name\":\"Strona g\u0142\u00f3wna\",\"item\":\"https:\/\/fluffouterwear.com\/pl\/\"},{\"@type\":\"ListItem\",\"position\":2,\"name\":\"Sklep\",\"item\":\"https:\/\/fluffouterwear.com\/pl\/sklep\/\"},{\"@type\":\"ListItem\",\"position\":3,\"name\":\"Spodnie ze sznurowaniem washed-black denim\"}]},{\"@type\":\"WebSite\",\"@id\":\"https:\/\/fluffouterwear.com\/pl\/#website\",\"url\":\"https:\/\/fluffouterwear.com\/pl\/\",\"name\":\"Fluff\",\"description\":\"\",\"potentialAction\":[{\"@type\":\"SearchAction\",\"target\":{\"@type\":\"EntryPoint\",\"urlTemplate\":\"https:\/\/fluffouterwear.com\/pl\/?s={search_term_string}\"},\"query-input\":{\"@type\":\"PropertyValueSpecification\",\"valueRequired\":true,\"valueName\":\"search_term_string\"}}],\"inLanguage\":\"pl-PL\"}]}<\/script>\n<!-- \/ Yoast SEO plugin. -->","yoast_head_json":{"title":"Spodnie ze sznurowaniem washed-black denim - Fluff","robots":{"index":"index","follow":"follow","max-snippet":"max-snippet:-1","max-image-preview":"max-image-preview:large","max-video-preview":"max-video-preview:-1"},"canonical":"https:\/\/fluffouterwear.com\/pl\/produkt\/spodnie-ze-sznurowaniem-washed-black-denim\/","og_locale":"pl_PL","og_type":"article","og_title":"Spodnie ze sznurowaniem washed-black denim - Fluff","og_description":"Spodnie jeansowe ze sznurowaniem Te spodnie damskie w fasonie mom fit to nowoczesna interpretacja klasycznego denimu z lat 90. Prosta, lekko zw\u0119\u017cana nogawka podkre\u015bla sylwetk\u0119 i nadaje stylizacji swobodny, miejski charakter. To jeansy, kt\u00f3re \u0142\u0105cz\u0105 ponadczasow\u0105 form\u0119 z wyrazistym detalem. Charakterystyczne wi\u0105zanie po bokach nogawek nadaje im modowego, lekko rockowego akcentu i subtelnie przyci\u0105ga uwag\u0119. [...]","og_url":"https:\/\/fluffouterwear.com\/pl\/produkt\/spodnie-ze-sznurowaniem-washed-black-denim\/","og_site_name":"Fluff","article_modified_time":"2026-03-26T09:50:35+00:00","og_image":[{"width":1185,"height":1310,"url":"https:\/\/fluffouterwear.com\/wp-content\/uploads\/2026\/03\/dzinsy-ze-sznurowaniem-black-2-1.jpg","type":"image\/jpeg"}],"twitter_card":"summary_large_image","twitter_misc":{"Szacowany czas czytania":"1 minuta"},"schema":{"@context":"https:\/\/schema.org","@graph":[{"@type":"WebPage","@id":"https:\/\/fluffouterwear.com\/pl\/produkt\/spodnie-ze-sznurowaniem-washed-black-denim\/","url":"https:\/\/fluffouterwear.com\/pl\/produkt\/spodnie-ze-sznurowaniem-washed-black-denim\/","name":"Spodnie ze sznurowaniem washed-black denim - Fluff","isPartOf":{"@id":"https:\/\/fluffouterwear.com\/pl\/#website"},"primaryImageOfPage":{"@id":"https:\/\/fluffouterwear.com\/pl\/produkt\/spodnie-ze-sznurowaniem-washed-black-denim\/#primaryimage"},"image":{"@id":"https:\/\/fluffouterwear.com\/pl\/produkt\/spodnie-ze-sznurowaniem-washed-black-denim\/#primaryimage"},"thumbnailUrl":"https:\/\/fluffouterwear.com\/wp-content\/uploads\/2026\/03\/dzinsy-ze-sznurowaniem-black-2-1.jpg","datePublished":"2026-03-18T18:04:21+00:00","dateModified":"2026-03-26T09:50:35+00:00","breadcrumb":{"@id":"https:\/\/fluffouterwear.com\/pl\/produkt\/spodnie-ze-sznurowaniem-washed-black-denim\/#breadcrumb"},"inLanguage":"pl-PL","potentialAction":[{"@type":"ReadAction","target":["https:\/\/fluffouterwear.com\/pl\/produkt\/spodnie-ze-sznurowaniem-washed-black-denim\/"]}]},{"@type":"ImageObject","inLanguage":"pl-PL","@id":"https:\/\/fluffouterwear.com\/pl\/produkt\/spodnie-ze-sznurowaniem-washed-black-denim\/#primaryimage","url":"https:\/\/fluffouterwear.com\/wp-content\/uploads\/2026\/03\/dzinsy-ze-sznurowaniem-black-2-1.jpg","contentUrl":"https:\/\/fluffouterwear.com\/wp-content\/uploads\/2026\/03\/dzinsy-ze-sznurowaniem-black-2-1.jpg","width":1185,"height":1310},{"@type":"BreadcrumbList","@id":"https:\/\/fluffouterwear.com\/pl\/produkt\/spodnie-ze-sznurowaniem-washed-black-denim\/#breadcrumb","itemListElement":[{"@type":"ListItem","position":1,"name":"Strona g\u0142\u00f3wna","item":"https:\/\/fluffouterwear.com\/pl\/"},{"@type":"ListItem","position":2,"name":"Sklep","item":"https:\/\/fluffouterwear.com\/pl\/sklep\/"},{"@type":"ListItem","position":3,"name":"Spodnie ze sznurowaniem washed-black denim"}]},{"@type":"WebSite","@id":"https:\/\/fluffouterwear.com\/pl\/#website","url":"https:\/\/fluffouterwear.com\/pl\/","name":"Fluff","description":"","potentialAction":[{"@type":"SearchAction","target":{"@type":"EntryPoint","urlTemplate":"https:\/\/fluffouterwear.com\/pl\/?s={search_term_string}"},"query-input":{"@type":"PropertyValueSpecification","valueRequired":true,"valueName":"search_term_string"}}],"inLanguage":"pl-PL"}]}},"_links":{"self":[{"href":"https:\/\/fluffouterwear.com\/pl\/wp-json\/wp\/v2\/product\/110792","targetHints":{"allow":["GET"]}}],"collection":[{"href":"https:\/\/fluffouterwear.com\/pl\/wp-json\/wp\/v2\/product"}],"about":[{"href":"https:\/\/fluffouterwear.com\/pl\/wp-json\/wp\/v2\/types\/product"}],"replies":[{"embeddable":true,"href":"https:\/\/fluffouterwear.com\/pl\/wp-json\/wp\/v2\/comments?post=110792"}],"wp:featuredmedia":[{"embeddable":true,"href":"https:\/\/fluffouterwear.com\/pl\/wp-json\/wp\/v2\/media\/112731"}],"wp:attachment":[{"href":"https:\/\/fluffouterwear.com\/pl\/wp-json\/wp\/v2\/media?parent=110792"}],"wp:term":[{"taxonomy":"product_brand","embeddable":true,"href":"https:\/\/fluffouterwear.com\/pl\/wp-json\/wp\/v2\/product_brand?post=110792"},{"taxonomy":"product_cat","embeddable":true,"href":"https:\/\/fluffouterwear.com\/pl\/wp-json\/wp\/v2\/product_cat?post=110792"},{"taxonomy":"product_tag","embeddable":true,"href":"https:\/\/fluffouterwear.com\/pl\/wp-json\/wp\/v2\/product_tag?post=110792"}],"curies":[{"name":"wp","href":"https:\/\/api.w.org\/{rel}","templated":true}]}}