{"id":110840,"date":"2026-03-04T20:13:32","date_gmt":"2026-03-04T19:13:32","guid":{"rendered":"https:\/\/fluffouterwear.com\/?post_type=product&#038;p=110840"},"modified":"2026-05-05T08:40:47","modified_gmt":"2026-05-05T06:40:47","slug":"puchowy-bezrekawnik-grey","status":"publish","type":"product","link":"https:\/\/fluffouterwear.com\/pl\/produkt\/puchowy-bezrekawnik-grey\/","title":{"rendered":"Puchowy bezr\u0119kawnik Grey"},"content":{"rendered":"<p><b>Kamizelka puchowa z zewn\u0119trznymi kieszenami<\/b><\/p>\n<p><strong>Kamizelka puchowa<\/strong> w klasycznym, twarzowym kolorze to element garderoby, kt\u00f3ry nie czeka na okazj\u0119 \u2013 przyda si\u0119 zawsze, gdy pogoda jest mniej przewidywalna. <strong>Wype\u0142niona naturalnym puchem<\/strong> zapewnia wysoki poziom izolacji termicznej, pozostaj\u0105c przy tym lekka i niekr\u0119puj\u0105ca ruch\u00f3w. <strong>Oversize\u2019owy, skr\u00f3cony kr\u00f3j<\/strong> nadaje sylwetce nowoczesny, swobodny charakter i pozwala na <strong>wygodne warstwowanie: <\/strong>zar\u00f3wno ze swetrem, jak i na lub pod p\u0142aszcz. <strong>Wysoki ko\u0142nierz<\/strong> chroni przed wiatrem i ch\u0142odem, a jednocze\u015bnie estetycznie podkre\u015bla lini\u0119 twarzy niezale\u017cnie od tego, czy kamizelka jest zapi\u0119ta pod szyj\u0119, czy noszona nonszalancko rozpi\u0119ta.<\/p>\n<p>Zapi\u0119cie na suwak oraz regulacja w dolnym szwie umo\u017cliwiaj\u0105 dopasowanie fasonu do stylizacji \u2013 mo\u017cesz podkre\u015bli\u0107 tali\u0119 poprzez \u015bci\u0105gni\u0119cie lub pozostawi\u0107 lu\u017an\u0105. <strong>Dwie pojemne kieszenie<\/strong> z przodu s\u0105 nie tylko detalem wizualnym, ale przede wszystkim funkcjonalnym rozwi\u0105zaniem.<\/p>\n<p>To <strong>kamizelka damska<\/strong>, kt\u00f3ra sprawdzi si\u0119 w miejskich stylizacjach, podczas weekendowych wyjazd\u00f3w i w codziennym biegu.<\/p>\n<p>&nbsp;<\/p>\n","protected":false},"excerpt":{"rendered":"<p>Kamizelka puchowa z zewn\u0119trznymi kieszenami Kamizelka puchowa w klasycznym, twarzowym kolorze to element garderoby, kt\u00f3ry nie czeka na okazj\u0119 \u2013 przyda si\u0119 zawsze, gdy pogoda jest mniej przewidywalna. Wype\u0142niona naturalnym puchem zapewnia wysoki poziom izolacji termicznej, pozostaj\u0105c przy tym lekka i niekr\u0119puj\u0105ca ruch\u00f3w. Oversize\u2019owy, skr\u00f3cony kr\u00f3j nadaje sylwetce nowoczesny, swobodny charakter i pozwala na wygodne [&#8230;]\n","protected":false},"featured_media":112849,"comment_status":"closed","ping_status":"closed","template":"","meta":{"_acf_changed":false},"product_brand":[],"product_cat":[305,1416,1051,1208],"product_tag":[1722],"class_list":{"0":"post-110840","1":"product","2":"type-product","3":"status-publish","4":"has-post-thumbnail","6":"product_cat-kobieta","7":"product_cat-nowosci","8":"product_cat-wiosna-pl","9":"product_cat-kamizelki-damskie","10":"product_tag-ss26","12":"first","13":"instock","14":"shipping-taxable","15":"purchasable","16":"product-type-variable"},"acf":[],"yoast_head":"<!-- This site is optimized with the Yoast SEO plugin v27.0 - https:\/\/yoast.com\/product\/yoast-seo-wordpress\/ -->\n<title>Puchowy bezr\u0119kawnik Grey - Fluff<\/title>\n<meta name=\"robots\" content=\"index, follow, max-snippet:-1, max-image-preview:large, max-video-preview:-1\" \/>\n<link rel=\"canonical\" href=\"https:\/\/fluffouterwear.com\/pl\/produkt\/puchowy-bezrekawnik-grey\/\" \/>\n<meta property=\"og:locale\" content=\"pl_PL\" \/>\n<meta property=\"og:type\" content=\"article\" \/>\n<meta property=\"og:title\" content=\"Puchowy bezr\u0119kawnik Grey - Fluff\" \/>\n<meta property=\"og:description\" content=\"Kamizelka puchowa z zewn\u0119trznymi kieszenami Kamizelka puchowa w klasycznym, twarzowym kolorze to element garderoby, kt\u00f3ry nie czeka na okazj\u0119 \u2013 przyda si\u0119 zawsze, gdy pogoda jest mniej przewidywalna. Wype\u0142niona naturalnym puchem zapewnia wysoki poziom izolacji termicznej, pozostaj\u0105c przy tym lekka i niekr\u0119puj\u0105ca ruch\u00f3w. Oversize\u2019owy, skr\u00f3cony kr\u00f3j nadaje sylwetce nowoczesny, swobodny charakter i pozwala na wygodne [...]\" \/>\n<meta property=\"og:url\" content=\"https:\/\/fluffouterwear.com\/pl\/produkt\/puchowy-bezrekawnik-grey\/\" \/>\n<meta property=\"og:site_name\" content=\"Fluff\" \/>\n<meta property=\"article:modified_time\" content=\"2026-05-05T06:40:47+00:00\" \/>\n<meta property=\"og:image\" content=\"https:\/\/fluffouterwear.com\/wp-content\/uploads\/2026\/03\/kamizelka-puchowa-grey-2-1.jpg\" \/>\n\t<meta property=\"og:image:width\" content=\"1185\" \/>\n\t<meta property=\"og:image:height\" content=\"1310\" \/>\n\t<meta property=\"og:image:type\" content=\"image\/jpeg\" \/>\n<meta name=\"twitter:card\" content=\"summary_large_image\" \/>\n<meta name=\"twitter:label1\" content=\"Szacowany czas czytania\" \/>\n\t<meta name=\"twitter:data1\" content=\"1 minuta\" \/>\n<script type=\"application\/ld+json\" class=\"yoast-schema-graph\">{\"@context\":\"https:\/\/schema.org\",\"@graph\":[{\"@type\":\"WebPage\",\"@id\":\"https:\/\/fluffouterwear.com\/pl\/produkt\/puchowy-bezrekawnik-grey\/\",\"url\":\"https:\/\/fluffouterwear.com\/pl\/produkt\/puchowy-bezrekawnik-grey\/\",\"name\":\"Puchowy bezr\u0119kawnik Grey - Fluff\",\"isPartOf\":{\"@id\":\"https:\/\/fluffouterwear.com\/pl\/#website\"},\"primaryImageOfPage\":{\"@id\":\"https:\/\/fluffouterwear.com\/pl\/produkt\/puchowy-bezrekawnik-grey\/#primaryimage\"},\"image\":{\"@id\":\"https:\/\/fluffouterwear.com\/pl\/produkt\/puchowy-bezrekawnik-grey\/#primaryimage\"},\"thumbnailUrl\":\"https:\/\/fluffouterwear.com\/wp-content\/uploads\/2026\/03\/kamizelka-puchowa-grey-2-1.jpg\",\"datePublished\":\"2026-03-04T19:13:32+00:00\",\"dateModified\":\"2026-05-05T06:40:47+00:00\",\"breadcrumb\":{\"@id\":\"https:\/\/fluffouterwear.com\/pl\/produkt\/puchowy-bezrekawnik-grey\/#breadcrumb\"},\"inLanguage\":\"pl-PL\",\"potentialAction\":[{\"@type\":\"ReadAction\",\"target\":[\"https:\/\/fluffouterwear.com\/pl\/produkt\/puchowy-bezrekawnik-grey\/\"]}]},{\"@type\":\"ImageObject\",\"inLanguage\":\"pl-PL\",\"@id\":\"https:\/\/fluffouterwear.com\/pl\/produkt\/puchowy-bezrekawnik-grey\/#primaryimage\",\"url\":\"https:\/\/fluffouterwear.com\/wp-content\/uploads\/2026\/03\/kamizelka-puchowa-grey-2-1.jpg\",\"contentUrl\":\"https:\/\/fluffouterwear.com\/wp-content\/uploads\/2026\/03\/kamizelka-puchowa-grey-2-1.jpg\",\"width\":1185,\"height\":1310},{\"@type\":\"BreadcrumbList\",\"@id\":\"https:\/\/fluffouterwear.com\/pl\/produkt\/puchowy-bezrekawnik-grey\/#breadcrumb\",\"itemListElement\":[{\"@type\":\"ListItem\",\"position\":1,\"name\":\"Strona g\u0142\u00f3wna\",\"item\":\"https:\/\/fluffouterwear.com\/pl\/\"},{\"@type\":\"ListItem\",\"position\":2,\"name\":\"Sklep\",\"item\":\"https:\/\/fluffouterwear.com\/pl\/sklep\/\"},{\"@type\":\"ListItem\",\"position\":3,\"name\":\"Puchowy bezr\u0119kawnik Grey\"}]},{\"@type\":\"WebSite\",\"@id\":\"https:\/\/fluffouterwear.com\/pl\/#website\",\"url\":\"https:\/\/fluffouterwear.com\/pl\/\",\"name\":\"Fluff\",\"description\":\"\",\"potentialAction\":[{\"@type\":\"SearchAction\",\"target\":{\"@type\":\"EntryPoint\",\"urlTemplate\":\"https:\/\/fluffouterwear.com\/pl\/?s={search_term_string}\"},\"query-input\":{\"@type\":\"PropertyValueSpecification\",\"valueRequired\":true,\"valueName\":\"search_term_string\"}}],\"inLanguage\":\"pl-PL\"}]}<\/script>\n<!-- \/ Yoast SEO plugin. -->","yoast_head_json":{"title":"Puchowy bezr\u0119kawnik Grey - Fluff","robots":{"index":"index","follow":"follow","max-snippet":"max-snippet:-1","max-image-preview":"max-image-preview:large","max-video-preview":"max-video-preview:-1"},"canonical":"https:\/\/fluffouterwear.com\/pl\/produkt\/puchowy-bezrekawnik-grey\/","og_locale":"pl_PL","og_type":"article","og_title":"Puchowy bezr\u0119kawnik Grey - Fluff","og_description":"Kamizelka puchowa z zewn\u0119trznymi kieszenami Kamizelka puchowa w klasycznym, twarzowym kolorze to element garderoby, kt\u00f3ry nie czeka na okazj\u0119 \u2013 przyda si\u0119 zawsze, gdy pogoda jest mniej przewidywalna. Wype\u0142niona naturalnym puchem zapewnia wysoki poziom izolacji termicznej, pozostaj\u0105c przy tym lekka i niekr\u0119puj\u0105ca ruch\u00f3w. Oversize\u2019owy, skr\u00f3cony kr\u00f3j nadaje sylwetce nowoczesny, swobodny charakter i pozwala na wygodne [...]","og_url":"https:\/\/fluffouterwear.com\/pl\/produkt\/puchowy-bezrekawnik-grey\/","og_site_name":"Fluff","article_modified_time":"2026-05-05T06:40:47+00:00","og_image":[{"width":1185,"height":1310,"url":"https:\/\/fluffouterwear.com\/wp-content\/uploads\/2026\/03\/kamizelka-puchowa-grey-2-1.jpg","type":"image\/jpeg"}],"twitter_card":"summary_large_image","twitter_misc":{"Szacowany czas czytania":"1 minuta"},"schema":{"@context":"https:\/\/schema.org","@graph":[{"@type":"WebPage","@id":"https:\/\/fluffouterwear.com\/pl\/produkt\/puchowy-bezrekawnik-grey\/","url":"https:\/\/fluffouterwear.com\/pl\/produkt\/puchowy-bezrekawnik-grey\/","name":"Puchowy bezr\u0119kawnik Grey - Fluff","isPartOf":{"@id":"https:\/\/fluffouterwear.com\/pl\/#website"},"primaryImageOfPage":{"@id":"https:\/\/fluffouterwear.com\/pl\/produkt\/puchowy-bezrekawnik-grey\/#primaryimage"},"image":{"@id":"https:\/\/fluffouterwear.com\/pl\/produkt\/puchowy-bezrekawnik-grey\/#primaryimage"},"thumbnailUrl":"https:\/\/fluffouterwear.com\/wp-content\/uploads\/2026\/03\/kamizelka-puchowa-grey-2-1.jpg","datePublished":"2026-03-04T19:13:32+00:00","dateModified":"2026-05-05T06:40:47+00:00","breadcrumb":{"@id":"https:\/\/fluffouterwear.com\/pl\/produkt\/puchowy-bezrekawnik-grey\/#breadcrumb"},"inLanguage":"pl-PL","potentialAction":[{"@type":"ReadAction","target":["https:\/\/fluffouterwear.com\/pl\/produkt\/puchowy-bezrekawnik-grey\/"]}]},{"@type":"ImageObject","inLanguage":"pl-PL","@id":"https:\/\/fluffouterwear.com\/pl\/produkt\/puchowy-bezrekawnik-grey\/#primaryimage","url":"https:\/\/fluffouterwear.com\/wp-content\/uploads\/2026\/03\/kamizelka-puchowa-grey-2-1.jpg","contentUrl":"https:\/\/fluffouterwear.com\/wp-content\/uploads\/2026\/03\/kamizelka-puchowa-grey-2-1.jpg","width":1185,"height":1310},{"@type":"BreadcrumbList","@id":"https:\/\/fluffouterwear.com\/pl\/produkt\/puchowy-bezrekawnik-grey\/#breadcrumb","itemListElement":[{"@type":"ListItem","position":1,"name":"Strona g\u0142\u00f3wna","item":"https:\/\/fluffouterwear.com\/pl\/"},{"@type":"ListItem","position":2,"name":"Sklep","item":"https:\/\/fluffouterwear.com\/pl\/sklep\/"},{"@type":"ListItem","position":3,"name":"Puchowy bezr\u0119kawnik Grey"}]},{"@type":"WebSite","@id":"https:\/\/fluffouterwear.com\/pl\/#website","url":"https:\/\/fluffouterwear.com\/pl\/","name":"Fluff","description":"","potentialAction":[{"@type":"SearchAction","target":{"@type":"EntryPoint","urlTemplate":"https:\/\/fluffouterwear.com\/pl\/?s={search_term_string}"},"query-input":{"@type":"PropertyValueSpecification","valueRequired":true,"valueName":"search_term_string"}}],"inLanguage":"pl-PL"}]}},"_links":{"self":[{"href":"https:\/\/fluffouterwear.com\/pl\/wp-json\/wp\/v2\/product\/110840","targetHints":{"allow":["GET"]}}],"collection":[{"href":"https:\/\/fluffouterwear.com\/pl\/wp-json\/wp\/v2\/product"}],"about":[{"href":"https:\/\/fluffouterwear.com\/pl\/wp-json\/wp\/v2\/types\/product"}],"replies":[{"embeddable":true,"href":"https:\/\/fluffouterwear.com\/pl\/wp-json\/wp\/v2\/comments?post=110840"}],"wp:featuredmedia":[{"embeddable":true,"href":"https:\/\/fluffouterwear.com\/pl\/wp-json\/wp\/v2\/media\/112849"}],"wp:attachment":[{"href":"https:\/\/fluffouterwear.com\/pl\/wp-json\/wp\/v2\/media?parent=110840"}],"wp:term":[{"taxonomy":"product_brand","embeddable":true,"href":"https:\/\/fluffouterwear.com\/pl\/wp-json\/wp\/v2\/product_brand?post=110840"},{"taxonomy":"product_cat","embeddable":true,"href":"https:\/\/fluffouterwear.com\/pl\/wp-json\/wp\/v2\/product_cat?post=110840"},{"taxonomy":"product_tag","embeddable":true,"href":"https:\/\/fluffouterwear.com\/pl\/wp-json\/wp\/v2\/product_tag?post=110840"}],"curies":[{"name":"wp","href":"https:\/\/api.w.org\/{rel}","templated":true}]}}