{"id":110862,"date":"2026-03-18T18:24:47","date_gmt":"2026-03-18T17:24:47","guid":{"rendered":"https:\/\/fluffouterwear.com\/?post_type=product&#038;p=110862"},"modified":"2026-04-13T12:15:32","modified_gmt":"2026-04-13T10:15:32","slug":"bomberka-z-wysokim-kolnierzem-melange-check","status":"publish","type":"product","link":"https:\/\/fluffouterwear.com\/pl\/produkt\/bomberka-z-wysokim-kolnierzem-melange-check\/","title":{"rendered":"Bomberka z wysokim ko\u0142nierzem Melange Check"},"content":{"rendered":"<h4><strong>Wiosenna bomberka z poduszkami w ramionach <\/strong><\/h4>\n<p><strong>Kr\u00f3tka kurtka<\/strong> o wyra\u017anie strukturalnej formie, zaprojektowana z my\u015bl\u0105 o nowoczesnej sylwetce i <strong>wyrazistych proporcjach<\/strong>. Model wykonany z tkaniny z domieszk\u0105 jedwabiu, o subtelnym splocie, w odcieniach karmelu i br\u0105zu, kt\u00f3ry nadaje ca\u0142o\u015bci g\u0142\u0119bi i eleganckiego charakteru. <strong>Zak\u0142adki z przodu i na plecach<\/strong> buduj\u0105 sylwetk\u0119 i podkre\u015blaj\u0105 dopracowan\u0105 konstrukcj\u0119 kurtki. <strong>Poduszki na ramionach<\/strong>, wzmocnione pagonami, nadaj\u0105 sylwetce wyrazisto\u015bci i podkre\u015blaj\u0105 lini\u0119 ramion, tworz\u0105c nowoczesny, lekko militarny akcent.<br \/>\n<strong>Wysoki ko\u0142nierz<\/strong> chroni przed wiatrem i stanowi charakterystyczny element projektu. Dwie funkcjonalne <strong>kieszenie z przodu<\/strong> podkre\u015blaj\u0105 u\u017cytkowy charakter modelu, zachowuj\u0105c jednocze\u015bnie jego minimalistyczn\u0105 estetyk\u0119.<br \/>\nTo <strong>kurtka damska<\/strong>, kt\u00f3ra \u0142\u0105czy dopracowane krawiectwo z nowoczesnym podej\u015bciem do formy \u2013 idealna zar\u00f3wno do stylizacji codziennych, jak i bardziej modowych zestaw\u00f3w.<\/p>\n","protected":false},"excerpt":{"rendered":"<p>Wiosenna bomberka z poduszkami w ramionach Kr\u00f3tka kurtka o wyra\u017anie strukturalnej formie, zaprojektowana z my\u015bl\u0105 o nowoczesnej sylwetce i wyrazistych proporcjach. Model wykonany z tkaniny z domieszk\u0105 jedwabiu, o subtelnym splocie, w odcieniach karmelu i br\u0105zu, kt\u00f3ry nadaje ca\u0142o\u015bci g\u0142\u0119bi i eleganckiego charakteru. Zak\u0142adki z przodu i na plecach buduj\u0105 sylwetk\u0119 i podkre\u015blaj\u0105 dopracowan\u0105 konstrukcj\u0119 [&#8230;]\n","protected":false},"featured_media":112859,"comment_status":"closed","ping_status":"closed","template":"","meta":{"_acf_changed":false},"product_brand":[],"product_cat":[305,1416,1051,1050],"product_tag":[1722],"class_list":{"0":"post-110862","1":"product","2":"type-product","3":"status-publish","4":"has-post-thumbnail","6":"product_cat-kobieta","7":"product_cat-nowosci","8":"product_cat-wiosna-pl","9":"product_cat-plaszcze-i-kurtki-pl","10":"product_tag-ss26","12":"first","13":"instock","14":"shipping-taxable","15":"purchasable","16":"product-type-variable"},"acf":[],"yoast_head":"<!-- This site is optimized with the Yoast SEO plugin v27.0 - https:\/\/yoast.com\/product\/yoast-seo-wordpress\/ -->\n<title>Bomberka z wysokim ko\u0142nierzem Melange Check - Fluff<\/title>\n<meta name=\"robots\" content=\"index, follow, max-snippet:-1, max-image-preview:large, max-video-preview:-1\" \/>\n<link rel=\"canonical\" href=\"https:\/\/fluffouterwear.com\/pl\/produkt\/bomberka-z-wysokim-kolnierzem-melange-check\/\" \/>\n<meta property=\"og:locale\" content=\"pl_PL\" \/>\n<meta property=\"og:type\" content=\"article\" \/>\n<meta property=\"og:title\" content=\"Bomberka z wysokim ko\u0142nierzem Melange Check - Fluff\" \/>\n<meta property=\"og:description\" content=\"Wiosenna bomberka z poduszkami w ramionach Kr\u00f3tka kurtka o wyra\u017anie strukturalnej formie, zaprojektowana z my\u015bl\u0105 o nowoczesnej sylwetce i wyrazistych proporcjach. Model wykonany z tkaniny z domieszk\u0105 jedwabiu, o subtelnym splocie, w odcieniach karmelu i br\u0105zu, kt\u00f3ry nadaje ca\u0142o\u015bci g\u0142\u0119bi i eleganckiego charakteru. Zak\u0142adki z przodu i na plecach buduj\u0105 sylwetk\u0119 i podkre\u015blaj\u0105 dopracowan\u0105 konstrukcj\u0119 [...]\" \/>\n<meta property=\"og:url\" content=\"https:\/\/fluffouterwear.com\/pl\/produkt\/bomberka-z-wysokim-kolnierzem-melange-check\/\" \/>\n<meta property=\"og:site_name\" content=\"Fluff\" \/>\n<meta property=\"article:modified_time\" content=\"2026-04-13T10:15:32+00:00\" \/>\n<meta property=\"og:image\" content=\"https:\/\/fluffouterwear.com\/wp-content\/uploads\/2026\/03\/bomberka-high-neck-melange-1-1.jpg\" \/>\n\t<meta property=\"og:image:width\" content=\"1185\" \/>\n\t<meta property=\"og:image:height\" content=\"1310\" \/>\n\t<meta property=\"og:image:type\" content=\"image\/jpeg\" \/>\n<meta name=\"twitter:card\" content=\"summary_large_image\" \/>\n<meta name=\"twitter:label1\" content=\"Szacowany czas czytania\" \/>\n\t<meta name=\"twitter:data1\" content=\"1 minuta\" \/>\n<script type=\"application\/ld+json\" class=\"yoast-schema-graph\">{\"@context\":\"https:\/\/schema.org\",\"@graph\":[{\"@type\":\"WebPage\",\"@id\":\"https:\/\/fluffouterwear.com\/pl\/produkt\/bomberka-z-wysokim-kolnierzem-melange-check\/\",\"url\":\"https:\/\/fluffouterwear.com\/pl\/produkt\/bomberka-z-wysokim-kolnierzem-melange-check\/\",\"name\":\"Bomberka z wysokim ko\u0142nierzem Melange Check - Fluff\",\"isPartOf\":{\"@id\":\"https:\/\/fluffouterwear.com\/pl\/#website\"},\"primaryImageOfPage\":{\"@id\":\"https:\/\/fluffouterwear.com\/pl\/produkt\/bomberka-z-wysokim-kolnierzem-melange-check\/#primaryimage\"},\"image\":{\"@id\":\"https:\/\/fluffouterwear.com\/pl\/produkt\/bomberka-z-wysokim-kolnierzem-melange-check\/#primaryimage\"},\"thumbnailUrl\":\"https:\/\/fluffouterwear.com\/wp-content\/uploads\/2026\/03\/bomberka-high-neck-melange-1-1.jpg\",\"datePublished\":\"2026-03-18T17:24:47+00:00\",\"dateModified\":\"2026-04-13T10:15:32+00:00\",\"breadcrumb\":{\"@id\":\"https:\/\/fluffouterwear.com\/pl\/produkt\/bomberka-z-wysokim-kolnierzem-melange-check\/#breadcrumb\"},\"inLanguage\":\"pl-PL\",\"potentialAction\":[{\"@type\":\"ReadAction\",\"target\":[\"https:\/\/fluffouterwear.com\/pl\/produkt\/bomberka-z-wysokim-kolnierzem-melange-check\/\"]}]},{\"@type\":\"ImageObject\",\"inLanguage\":\"pl-PL\",\"@id\":\"https:\/\/fluffouterwear.com\/pl\/produkt\/bomberka-z-wysokim-kolnierzem-melange-check\/#primaryimage\",\"url\":\"https:\/\/fluffouterwear.com\/wp-content\/uploads\/2026\/03\/bomberka-high-neck-melange-1-1.jpg\",\"contentUrl\":\"https:\/\/fluffouterwear.com\/wp-content\/uploads\/2026\/03\/bomberka-high-neck-melange-1-1.jpg\",\"width\":1185,\"height\":1310},{\"@type\":\"BreadcrumbList\",\"@id\":\"https:\/\/fluffouterwear.com\/pl\/produkt\/bomberka-z-wysokim-kolnierzem-melange-check\/#breadcrumb\",\"itemListElement\":[{\"@type\":\"ListItem\",\"position\":1,\"name\":\"Strona g\u0142\u00f3wna\",\"item\":\"https:\/\/fluffouterwear.com\/pl\/\"},{\"@type\":\"ListItem\",\"position\":2,\"name\":\"Sklep\",\"item\":\"https:\/\/fluffouterwear.com\/pl\/sklep\/\"},{\"@type\":\"ListItem\",\"position\":3,\"name\":\"Bomberka z wysokim ko\u0142nierzem Melange Check\"}]},{\"@type\":\"WebSite\",\"@id\":\"https:\/\/fluffouterwear.com\/pl\/#website\",\"url\":\"https:\/\/fluffouterwear.com\/pl\/\",\"name\":\"Fluff\",\"description\":\"\",\"potentialAction\":[{\"@type\":\"SearchAction\",\"target\":{\"@type\":\"EntryPoint\",\"urlTemplate\":\"https:\/\/fluffouterwear.com\/pl\/?s={search_term_string}\"},\"query-input\":{\"@type\":\"PropertyValueSpecification\",\"valueRequired\":true,\"valueName\":\"search_term_string\"}}],\"inLanguage\":\"pl-PL\"}]}<\/script>\n<!-- \/ Yoast SEO plugin. -->","yoast_head_json":{"title":"Bomberka z wysokim ko\u0142nierzem Melange Check - Fluff","robots":{"index":"index","follow":"follow","max-snippet":"max-snippet:-1","max-image-preview":"max-image-preview:large","max-video-preview":"max-video-preview:-1"},"canonical":"https:\/\/fluffouterwear.com\/pl\/produkt\/bomberka-z-wysokim-kolnierzem-melange-check\/","og_locale":"pl_PL","og_type":"article","og_title":"Bomberka z wysokim ko\u0142nierzem Melange Check - Fluff","og_description":"Wiosenna bomberka z poduszkami w ramionach Kr\u00f3tka kurtka o wyra\u017anie strukturalnej formie, zaprojektowana z my\u015bl\u0105 o nowoczesnej sylwetce i wyrazistych proporcjach. Model wykonany z tkaniny z domieszk\u0105 jedwabiu, o subtelnym splocie, w odcieniach karmelu i br\u0105zu, kt\u00f3ry nadaje ca\u0142o\u015bci g\u0142\u0119bi i eleganckiego charakteru. Zak\u0142adki z przodu i na plecach buduj\u0105 sylwetk\u0119 i podkre\u015blaj\u0105 dopracowan\u0105 konstrukcj\u0119 [...]","og_url":"https:\/\/fluffouterwear.com\/pl\/produkt\/bomberka-z-wysokim-kolnierzem-melange-check\/","og_site_name":"Fluff","article_modified_time":"2026-04-13T10:15:32+00:00","og_image":[{"width":1185,"height":1310,"url":"https:\/\/fluffouterwear.com\/wp-content\/uploads\/2026\/03\/bomberka-high-neck-melange-1-1.jpg","type":"image\/jpeg"}],"twitter_card":"summary_large_image","twitter_misc":{"Szacowany czas czytania":"1 minuta"},"schema":{"@context":"https:\/\/schema.org","@graph":[{"@type":"WebPage","@id":"https:\/\/fluffouterwear.com\/pl\/produkt\/bomberka-z-wysokim-kolnierzem-melange-check\/","url":"https:\/\/fluffouterwear.com\/pl\/produkt\/bomberka-z-wysokim-kolnierzem-melange-check\/","name":"Bomberka z wysokim ko\u0142nierzem Melange Check - Fluff","isPartOf":{"@id":"https:\/\/fluffouterwear.com\/pl\/#website"},"primaryImageOfPage":{"@id":"https:\/\/fluffouterwear.com\/pl\/produkt\/bomberka-z-wysokim-kolnierzem-melange-check\/#primaryimage"},"image":{"@id":"https:\/\/fluffouterwear.com\/pl\/produkt\/bomberka-z-wysokim-kolnierzem-melange-check\/#primaryimage"},"thumbnailUrl":"https:\/\/fluffouterwear.com\/wp-content\/uploads\/2026\/03\/bomberka-high-neck-melange-1-1.jpg","datePublished":"2026-03-18T17:24:47+00:00","dateModified":"2026-04-13T10:15:32+00:00","breadcrumb":{"@id":"https:\/\/fluffouterwear.com\/pl\/produkt\/bomberka-z-wysokim-kolnierzem-melange-check\/#breadcrumb"},"inLanguage":"pl-PL","potentialAction":[{"@type":"ReadAction","target":["https:\/\/fluffouterwear.com\/pl\/produkt\/bomberka-z-wysokim-kolnierzem-melange-check\/"]}]},{"@type":"ImageObject","inLanguage":"pl-PL","@id":"https:\/\/fluffouterwear.com\/pl\/produkt\/bomberka-z-wysokim-kolnierzem-melange-check\/#primaryimage","url":"https:\/\/fluffouterwear.com\/wp-content\/uploads\/2026\/03\/bomberka-high-neck-melange-1-1.jpg","contentUrl":"https:\/\/fluffouterwear.com\/wp-content\/uploads\/2026\/03\/bomberka-high-neck-melange-1-1.jpg","width":1185,"height":1310},{"@type":"BreadcrumbList","@id":"https:\/\/fluffouterwear.com\/pl\/produkt\/bomberka-z-wysokim-kolnierzem-melange-check\/#breadcrumb","itemListElement":[{"@type":"ListItem","position":1,"name":"Strona g\u0142\u00f3wna","item":"https:\/\/fluffouterwear.com\/pl\/"},{"@type":"ListItem","position":2,"name":"Sklep","item":"https:\/\/fluffouterwear.com\/pl\/sklep\/"},{"@type":"ListItem","position":3,"name":"Bomberka z wysokim ko\u0142nierzem Melange Check"}]},{"@type":"WebSite","@id":"https:\/\/fluffouterwear.com\/pl\/#website","url":"https:\/\/fluffouterwear.com\/pl\/","name":"Fluff","description":"","potentialAction":[{"@type":"SearchAction","target":{"@type":"EntryPoint","urlTemplate":"https:\/\/fluffouterwear.com\/pl\/?s={search_term_string}"},"query-input":{"@type":"PropertyValueSpecification","valueRequired":true,"valueName":"search_term_string"}}],"inLanguage":"pl-PL"}]}},"_links":{"self":[{"href":"https:\/\/fluffouterwear.com\/pl\/wp-json\/wp\/v2\/product\/110862","targetHints":{"allow":["GET"]}}],"collection":[{"href":"https:\/\/fluffouterwear.com\/pl\/wp-json\/wp\/v2\/product"}],"about":[{"href":"https:\/\/fluffouterwear.com\/pl\/wp-json\/wp\/v2\/types\/product"}],"replies":[{"embeddable":true,"href":"https:\/\/fluffouterwear.com\/pl\/wp-json\/wp\/v2\/comments?post=110862"}],"wp:featuredmedia":[{"embeddable":true,"href":"https:\/\/fluffouterwear.com\/pl\/wp-json\/wp\/v2\/media\/112859"}],"wp:attachment":[{"href":"https:\/\/fluffouterwear.com\/pl\/wp-json\/wp\/v2\/media?parent=110862"}],"wp:term":[{"taxonomy":"product_brand","embeddable":true,"href":"https:\/\/fluffouterwear.com\/pl\/wp-json\/wp\/v2\/product_brand?post=110862"},{"taxonomy":"product_cat","embeddable":true,"href":"https:\/\/fluffouterwear.com\/pl\/wp-json\/wp\/v2\/product_cat?post=110862"},{"taxonomy":"product_tag","embeddable":true,"href":"https:\/\/fluffouterwear.com\/pl\/wp-json\/wp\/v2\/product_tag?post=110862"}],"curies":[{"name":"wp","href":"https:\/\/api.w.org\/{rel}","templated":true}]}}