{"id":110877,"date":"2026-03-18T19:35:25","date_gmt":"2026-03-18T18:35:25","guid":{"rendered":"https:\/\/fluffouterwear.com\/?post_type=product&#038;p=110877"},"modified":"2026-04-13T22:24:56","modified_gmt":"2026-04-13T20:24:56","slug":"spodnica-z-zakladka-watermelon","status":"publish","type":"product","link":"https:\/\/fluffouterwear.com\/pl\/produkt\/spodnica-z-zakladka-watermelon\/","title":{"rendered":"Sp\u00f3dnica z zak\u0142adk\u0105 Watermelon"},"content":{"rendered":"<h4><b>Sp\u00f3dnica z zak\u0142adkami i asymetryczn\u0105 warstw\u0105<\/b><\/h4>\n<p>Nowoczesna interpretacja klasycznej s<strong>p\u00f3dnicy midi<\/strong>, w kt\u00f3rej konstrukcja i ruch graj\u0105 g\u0142\u00f3wn\u0105 rol\u0119. Ten model wyr\u00f3\u017cnia si\u0119 rozci\u0119ciem, kt\u00f3re nadaje sylwetce lekko\u015b\u0107 i dynamik\u0119. Zewn\u0119trzna warstwa subtelnie otwiera si\u0119 podczas ruchu, ods\u0142aniaj\u0105c kr\u00f3tsz\u0105 sp\u00f3dniczk\u0119 pod spodem; detal, kt\u00f3ry dodaje ca\u0142o\u015bci wsp\u00f3\u0142czesnego charakteru i tworzy ciekawy efekt warstw.<\/p>\n<p><strong>Lekka tkanina<\/strong> na bazie <strong>wiskozy<\/strong> pi\u0119knie pracuje w ruchu, uk\u0142adaj\u0105c si\u0119 mi\u0119kko i naturalnie. Dzi\u0119ki temu sp\u00f3dnica zachowuje form\u0119, a jednocze\u015bnie pozostaje komfortowa w noszeniu przez ca\u0142y dzie\u0144. <strong>Dwie kieszenie w szwach bocznych<\/strong> dodaj\u0105 funkcjonalno\u015bci.<\/p>\n<p>To model, kt\u00f3ry z \u0142atwo\u015bci\u0105 dopasuje si\u0119 do r\u00f3\u017cnych stylizacji: od prostych koszul i lekkich top\u00f3w po bardziej wyraziste zestawy. To s<strong>p\u00f3dnica<\/strong>, kt\u00f3ra przyci\u0105ga uwag\u0119 kontrastowym detalem.<\/p>\n","protected":false},"excerpt":{"rendered":"<p>Sp\u00f3dnica z zak\u0142adkami i asymetryczn\u0105 warstw\u0105 Nowoczesna interpretacja klasycznej sp\u00f3dnicy midi, w kt\u00f3rej konstrukcja i ruch graj\u0105 g\u0142\u00f3wn\u0105 rol\u0119. Ten model wyr\u00f3\u017cnia si\u0119 rozci\u0119ciem, kt\u00f3re nadaje sylwetce lekko\u015b\u0107 i dynamik\u0119. Zewn\u0119trzna warstwa subtelnie otwiera si\u0119 podczas ruchu, ods\u0142aniaj\u0105c kr\u00f3tsz\u0105 sp\u00f3dniczk\u0119 pod spodem; detal, kt\u00f3ry dodaje ca\u0142o\u015bci wsp\u00f3\u0142czesnego charakteru i tworzy ciekawy efekt warstw. Lekka tkanina [&#8230;]\n","protected":false},"featured_media":112920,"comment_status":"closed","ping_status":"closed","template":"","meta":{"_acf_changed":false},"product_brand":[],"product_cat":[1510,305,1416],"product_tag":[1722],"class_list":{"0":"post-110877","1":"product","2":"type-product","3":"status-publish","4":"has-post-thumbnail","6":"product_cat-sukienki-i-spodnice","7":"product_cat-kobieta","8":"product_cat-nowosci","9":"product_tag-ss26","11":"first","12":"instock","13":"shipping-taxable","14":"purchasable","15":"product-type-variable"},"acf":[],"yoast_head":"<!-- This site is optimized with the Yoast SEO plugin v27.0 - https:\/\/yoast.com\/product\/yoast-seo-wordpress\/ -->\n<title>Sp\u00f3dnica z zak\u0142adk\u0105 Watermelon - Fluff<\/title>\n<meta name=\"robots\" content=\"index, follow, max-snippet:-1, max-image-preview:large, max-video-preview:-1\" \/>\n<link rel=\"canonical\" href=\"https:\/\/fluffouterwear.com\/pl\/produkt\/spodnica-z-zakladka-watermelon\/\" \/>\n<meta property=\"og:locale\" content=\"pl_PL\" \/>\n<meta property=\"og:type\" content=\"article\" \/>\n<meta property=\"og:title\" content=\"Sp\u00f3dnica z zak\u0142adk\u0105 Watermelon - Fluff\" \/>\n<meta property=\"og:description\" content=\"Sp\u00f3dnica z zak\u0142adkami i asymetryczn\u0105 warstw\u0105 Nowoczesna interpretacja klasycznej sp\u00f3dnicy midi, w kt\u00f3rej konstrukcja i ruch graj\u0105 g\u0142\u00f3wn\u0105 rol\u0119. Ten model wyr\u00f3\u017cnia si\u0119 rozci\u0119ciem, kt\u00f3re nadaje sylwetce lekko\u015b\u0107 i dynamik\u0119. Zewn\u0119trzna warstwa subtelnie otwiera si\u0119 podczas ruchu, ods\u0142aniaj\u0105c kr\u00f3tsz\u0105 sp\u00f3dniczk\u0119 pod spodem; detal, kt\u00f3ry dodaje ca\u0142o\u015bci wsp\u00f3\u0142czesnego charakteru i tworzy ciekawy efekt warstw. Lekka tkanina [...]\" \/>\n<meta property=\"og:url\" content=\"https:\/\/fluffouterwear.com\/pl\/produkt\/spodnica-z-zakladka-watermelon\/\" \/>\n<meta property=\"og:site_name\" content=\"Fluff\" \/>\n<meta property=\"article:modified_time\" content=\"2026-04-13T20:24:56+00:00\" \/>\n<meta property=\"og:image\" content=\"https:\/\/fluffouterwear.com\/wp-content\/uploads\/2026\/03\/spodnica-layered-watermelon-2-1.jpg\" \/>\n\t<meta property=\"og:image:width\" content=\"1185\" \/>\n\t<meta property=\"og:image:height\" content=\"1310\" \/>\n\t<meta property=\"og:image:type\" content=\"image\/jpeg\" \/>\n<meta name=\"twitter:card\" content=\"summary_large_image\" \/>\n<meta name=\"twitter:label1\" content=\"Szacowany czas czytania\" \/>\n\t<meta name=\"twitter:data1\" content=\"1 minuta\" \/>\n<script type=\"application\/ld+json\" class=\"yoast-schema-graph\">{\"@context\":\"https:\/\/schema.org\",\"@graph\":[{\"@type\":\"WebPage\",\"@id\":\"https:\/\/fluffouterwear.com\/pl\/produkt\/spodnica-z-zakladka-watermelon\/\",\"url\":\"https:\/\/fluffouterwear.com\/pl\/produkt\/spodnica-z-zakladka-watermelon\/\",\"name\":\"Sp\u00f3dnica z zak\u0142adk\u0105 Watermelon - Fluff\",\"isPartOf\":{\"@id\":\"https:\/\/fluffouterwear.com\/pl\/#website\"},\"primaryImageOfPage\":{\"@id\":\"https:\/\/fluffouterwear.com\/pl\/produkt\/spodnica-z-zakladka-watermelon\/#primaryimage\"},\"image\":{\"@id\":\"https:\/\/fluffouterwear.com\/pl\/produkt\/spodnica-z-zakladka-watermelon\/#primaryimage\"},\"thumbnailUrl\":\"https:\/\/fluffouterwear.com\/wp-content\/uploads\/2026\/03\/spodnica-layered-watermelon-2-1.jpg\",\"datePublished\":\"2026-03-18T18:35:25+00:00\",\"dateModified\":\"2026-04-13T20:24:56+00:00\",\"breadcrumb\":{\"@id\":\"https:\/\/fluffouterwear.com\/pl\/produkt\/spodnica-z-zakladka-watermelon\/#breadcrumb\"},\"inLanguage\":\"pl-PL\",\"potentialAction\":[{\"@type\":\"ReadAction\",\"target\":[\"https:\/\/fluffouterwear.com\/pl\/produkt\/spodnica-z-zakladka-watermelon\/\"]}]},{\"@type\":\"ImageObject\",\"inLanguage\":\"pl-PL\",\"@id\":\"https:\/\/fluffouterwear.com\/pl\/produkt\/spodnica-z-zakladka-watermelon\/#primaryimage\",\"url\":\"https:\/\/fluffouterwear.com\/wp-content\/uploads\/2026\/03\/spodnica-layered-watermelon-2-1.jpg\",\"contentUrl\":\"https:\/\/fluffouterwear.com\/wp-content\/uploads\/2026\/03\/spodnica-layered-watermelon-2-1.jpg\",\"width\":1185,\"height\":1310},{\"@type\":\"BreadcrumbList\",\"@id\":\"https:\/\/fluffouterwear.com\/pl\/produkt\/spodnica-z-zakladka-watermelon\/#breadcrumb\",\"itemListElement\":[{\"@type\":\"ListItem\",\"position\":1,\"name\":\"Strona g\u0142\u00f3wna\",\"item\":\"https:\/\/fluffouterwear.com\/pl\/\"},{\"@type\":\"ListItem\",\"position\":2,\"name\":\"Sklep\",\"item\":\"https:\/\/fluffouterwear.com\/pl\/sklep\/\"},{\"@type\":\"ListItem\",\"position\":3,\"name\":\"Sp\u00f3dnica z zak\u0142adk\u0105 Watermelon\"}]},{\"@type\":\"WebSite\",\"@id\":\"https:\/\/fluffouterwear.com\/pl\/#website\",\"url\":\"https:\/\/fluffouterwear.com\/pl\/\",\"name\":\"Fluff\",\"description\":\"\",\"potentialAction\":[{\"@type\":\"SearchAction\",\"target\":{\"@type\":\"EntryPoint\",\"urlTemplate\":\"https:\/\/fluffouterwear.com\/pl\/?s={search_term_string}\"},\"query-input\":{\"@type\":\"PropertyValueSpecification\",\"valueRequired\":true,\"valueName\":\"search_term_string\"}}],\"inLanguage\":\"pl-PL\"}]}<\/script>\n<!-- \/ Yoast SEO plugin. -->","yoast_head_json":{"title":"Sp\u00f3dnica z zak\u0142adk\u0105 Watermelon - Fluff","robots":{"index":"index","follow":"follow","max-snippet":"max-snippet:-1","max-image-preview":"max-image-preview:large","max-video-preview":"max-video-preview:-1"},"canonical":"https:\/\/fluffouterwear.com\/pl\/produkt\/spodnica-z-zakladka-watermelon\/","og_locale":"pl_PL","og_type":"article","og_title":"Sp\u00f3dnica z zak\u0142adk\u0105 Watermelon - Fluff","og_description":"Sp\u00f3dnica z zak\u0142adkami i asymetryczn\u0105 warstw\u0105 Nowoczesna interpretacja klasycznej sp\u00f3dnicy midi, w kt\u00f3rej konstrukcja i ruch graj\u0105 g\u0142\u00f3wn\u0105 rol\u0119. Ten model wyr\u00f3\u017cnia si\u0119 rozci\u0119ciem, kt\u00f3re nadaje sylwetce lekko\u015b\u0107 i dynamik\u0119. Zewn\u0119trzna warstwa subtelnie otwiera si\u0119 podczas ruchu, ods\u0142aniaj\u0105c kr\u00f3tsz\u0105 sp\u00f3dniczk\u0119 pod spodem; detal, kt\u00f3ry dodaje ca\u0142o\u015bci wsp\u00f3\u0142czesnego charakteru i tworzy ciekawy efekt warstw. Lekka tkanina [...]","og_url":"https:\/\/fluffouterwear.com\/pl\/produkt\/spodnica-z-zakladka-watermelon\/","og_site_name":"Fluff","article_modified_time":"2026-04-13T20:24:56+00:00","og_image":[{"width":1185,"height":1310,"url":"https:\/\/fluffouterwear.com\/wp-content\/uploads\/2026\/03\/spodnica-layered-watermelon-2-1.jpg","type":"image\/jpeg"}],"twitter_card":"summary_large_image","twitter_misc":{"Szacowany czas czytania":"1 minuta"},"schema":{"@context":"https:\/\/schema.org","@graph":[{"@type":"WebPage","@id":"https:\/\/fluffouterwear.com\/pl\/produkt\/spodnica-z-zakladka-watermelon\/","url":"https:\/\/fluffouterwear.com\/pl\/produkt\/spodnica-z-zakladka-watermelon\/","name":"Sp\u00f3dnica z zak\u0142adk\u0105 Watermelon - Fluff","isPartOf":{"@id":"https:\/\/fluffouterwear.com\/pl\/#website"},"primaryImageOfPage":{"@id":"https:\/\/fluffouterwear.com\/pl\/produkt\/spodnica-z-zakladka-watermelon\/#primaryimage"},"image":{"@id":"https:\/\/fluffouterwear.com\/pl\/produkt\/spodnica-z-zakladka-watermelon\/#primaryimage"},"thumbnailUrl":"https:\/\/fluffouterwear.com\/wp-content\/uploads\/2026\/03\/spodnica-layered-watermelon-2-1.jpg","datePublished":"2026-03-18T18:35:25+00:00","dateModified":"2026-04-13T20:24:56+00:00","breadcrumb":{"@id":"https:\/\/fluffouterwear.com\/pl\/produkt\/spodnica-z-zakladka-watermelon\/#breadcrumb"},"inLanguage":"pl-PL","potentialAction":[{"@type":"ReadAction","target":["https:\/\/fluffouterwear.com\/pl\/produkt\/spodnica-z-zakladka-watermelon\/"]}]},{"@type":"ImageObject","inLanguage":"pl-PL","@id":"https:\/\/fluffouterwear.com\/pl\/produkt\/spodnica-z-zakladka-watermelon\/#primaryimage","url":"https:\/\/fluffouterwear.com\/wp-content\/uploads\/2026\/03\/spodnica-layered-watermelon-2-1.jpg","contentUrl":"https:\/\/fluffouterwear.com\/wp-content\/uploads\/2026\/03\/spodnica-layered-watermelon-2-1.jpg","width":1185,"height":1310},{"@type":"BreadcrumbList","@id":"https:\/\/fluffouterwear.com\/pl\/produkt\/spodnica-z-zakladka-watermelon\/#breadcrumb","itemListElement":[{"@type":"ListItem","position":1,"name":"Strona g\u0142\u00f3wna","item":"https:\/\/fluffouterwear.com\/pl\/"},{"@type":"ListItem","position":2,"name":"Sklep","item":"https:\/\/fluffouterwear.com\/pl\/sklep\/"},{"@type":"ListItem","position":3,"name":"Sp\u00f3dnica z zak\u0142adk\u0105 Watermelon"}]},{"@type":"WebSite","@id":"https:\/\/fluffouterwear.com\/pl\/#website","url":"https:\/\/fluffouterwear.com\/pl\/","name":"Fluff","description":"","potentialAction":[{"@type":"SearchAction","target":{"@type":"EntryPoint","urlTemplate":"https:\/\/fluffouterwear.com\/pl\/?s={search_term_string}"},"query-input":{"@type":"PropertyValueSpecification","valueRequired":true,"valueName":"search_term_string"}}],"inLanguage":"pl-PL"}]}},"_links":{"self":[{"href":"https:\/\/fluffouterwear.com\/pl\/wp-json\/wp\/v2\/product\/110877","targetHints":{"allow":["GET"]}}],"collection":[{"href":"https:\/\/fluffouterwear.com\/pl\/wp-json\/wp\/v2\/product"}],"about":[{"href":"https:\/\/fluffouterwear.com\/pl\/wp-json\/wp\/v2\/types\/product"}],"replies":[{"embeddable":true,"href":"https:\/\/fluffouterwear.com\/pl\/wp-json\/wp\/v2\/comments?post=110877"}],"wp:featuredmedia":[{"embeddable":true,"href":"https:\/\/fluffouterwear.com\/pl\/wp-json\/wp\/v2\/media\/112920"}],"wp:attachment":[{"href":"https:\/\/fluffouterwear.com\/pl\/wp-json\/wp\/v2\/media?parent=110877"}],"wp:term":[{"taxonomy":"product_brand","embeddable":true,"href":"https:\/\/fluffouterwear.com\/pl\/wp-json\/wp\/v2\/product_brand?post=110877"},{"taxonomy":"product_cat","embeddable":true,"href":"https:\/\/fluffouterwear.com\/pl\/wp-json\/wp\/v2\/product_cat?post=110877"},{"taxonomy":"product_tag","embeddable":true,"href":"https:\/\/fluffouterwear.com\/pl\/wp-json\/wp\/v2\/product_tag?post=110877"}],"curies":[{"name":"wp","href":"https:\/\/api.w.org\/{rel}","templated":true}]}}