{"id":110891,"date":"2026-03-18T18:58:27","date_gmt":"2026-03-18T17:58:27","guid":{"rendered":"https:\/\/fluffouterwear.com\/?post_type=product&#038;p=110891"},"modified":"2026-04-12T11:37:57","modified_gmt":"2026-04-12T09:37:57","slug":"kurtka-z-kieszeniami-washed-black-denim","status":"publish","type":"product","link":"https:\/\/fluffouterwear.com\/pl\/produkt\/kurtka-z-kieszeniami-washed-black-denim\/","title":{"rendered":"Kurtka z kieszeniami Washed black denim"},"content":{"rendered":"<h4><b>Kurtka denimowa z kieszeniami utility<\/b><\/h4>\n<p>Nowoczesna interpretacja klasycznej <strong>kurtki denimowej<\/strong>, inspirowana <strong>estetyk\u0105 workwear<\/strong> i ponadczasowym stylem lat 80. Ten model \u0142\u0105czy swobodn\u0105, lekko oversize\u2019ow\u0105 form\u0119 z funkcjonalnymi detalami, kt\u00f3re nadaj\u0105 mu wyrazisty charakter. Wykonana z mi\u0119kkiego, <strong>spranego denimu<\/strong>, kurtka ma lekko vintage\u2019owy wygl\u0105d, kt\u00f3ry z czasem nabiera jeszcze wi\u0119cej charakteru.<\/p>\n<p>Cztery <strong>praktyczne kieszenie z przodu<\/strong> podkre\u015blaj\u0105 u\u017cytkowy charakter, a klasyczne zapi\u0119cie na guziki i ko\u0142nierz nadaj\u0105 ca\u0142o\u015bci ponadczasow\u0105 form\u0119. Lekko pude\u0142kowy kr\u00f3j sprawia, \u017ce kurtka \u015bwietnie uk\u0142ada si\u0119 na sylwetce i bez wysi\u0142ku wpisuje si\u0119 w codzienne stylizacje.<\/p>\n<p>To model, kt\u00f3ry mo\u017cesz nosi\u0107 przez ca\u0142y sezon, zarzucony na T-shirt, lekk\u0105 koszul\u0119 czy sweter. <strong>Jeansowa kurtka<\/strong>, kt\u00f3ra \u0142\u0105czy wygod\u0119, funkcjonalno\u015b\u0107 i swobodny, nowoczesny styl.<\/p>\n<p>&nbsp;<\/p>\n","protected":false},"excerpt":{"rendered":"<p>Kurtka denimowa z kieszeniami utility Nowoczesna interpretacja klasycznej kurtki denimowej, inspirowana estetyk\u0105 workwear i ponadczasowym stylem lat 80. Ten model \u0142\u0105czy swobodn\u0105, lekko oversize\u2019ow\u0105 form\u0119 z funkcjonalnymi detalami, kt\u00f3re nadaj\u0105 mu wyrazisty charakter. Wykonana z mi\u0119kkiego, spranego denimu, kurtka ma lekko vintage\u2019owy wygl\u0105d, kt\u00f3ry z czasem nabiera jeszcze wi\u0119cej charakteru. Cztery praktyczne kieszenie z przodu [&#8230;]\n","protected":false},"featured_media":112843,"comment_status":"closed","ping_status":"closed","template":"","meta":{"_acf_changed":false},"product_brand":[],"product_cat":[305,1416,1051,1050,868],"product_tag":[1722],"class_list":{"0":"post-110891","1":"product","2":"type-product","3":"status-publish","4":"has-post-thumbnail","6":"product_cat-kobieta","7":"product_cat-nowosci","8":"product_cat-wiosna-pl","9":"product_cat-plaszcze-i-kurtki-pl","10":"product_cat-kolekcja-denimowa","11":"product_tag-ss26","13":"first","14":"instock","15":"shipping-taxable","16":"purchasable","17":"product-type-variable"},"acf":[],"yoast_head":"<!-- This site is optimized with the Yoast SEO plugin v27.0 - https:\/\/yoast.com\/product\/yoast-seo-wordpress\/ -->\n<title>Kurtka z kieszeniami Washed black denim - Fluff<\/title>\n<meta name=\"robots\" content=\"index, follow, max-snippet:-1, max-image-preview:large, max-video-preview:-1\" \/>\n<link rel=\"canonical\" href=\"https:\/\/fluffouterwear.com\/pl\/produkt\/kurtka-z-kieszeniami-washed-black-denim\/\" \/>\n<meta property=\"og:locale\" content=\"pl_PL\" \/>\n<meta property=\"og:type\" content=\"article\" \/>\n<meta property=\"og:title\" content=\"Kurtka z kieszeniami Washed black denim - Fluff\" \/>\n<meta property=\"og:description\" content=\"Kurtka denimowa z kieszeniami utility Nowoczesna interpretacja klasycznej kurtki denimowej, inspirowana estetyk\u0105 workwear i ponadczasowym stylem lat 80. Ten model \u0142\u0105czy swobodn\u0105, lekko oversize\u2019ow\u0105 form\u0119 z funkcjonalnymi detalami, kt\u00f3re nadaj\u0105 mu wyrazisty charakter. Wykonana z mi\u0119kkiego, spranego denimu, kurtka ma lekko vintage\u2019owy wygl\u0105d, kt\u00f3ry z czasem nabiera jeszcze wi\u0119cej charakteru. Cztery praktyczne kieszenie z przodu [...]\" \/>\n<meta property=\"og:url\" content=\"https:\/\/fluffouterwear.com\/pl\/produkt\/kurtka-z-kieszeniami-washed-black-denim\/\" \/>\n<meta property=\"og:site_name\" content=\"Fluff\" \/>\n<meta property=\"article:modified_time\" content=\"2026-04-12T09:37:57+00:00\" \/>\n<meta property=\"og:image\" content=\"https:\/\/fluffouterwear.com\/wp-content\/uploads\/2026\/03\/katana-denim-utility-washed-black-2-1.jpg\" \/>\n\t<meta property=\"og:image:width\" content=\"1185\" \/>\n\t<meta property=\"og:image:height\" content=\"1310\" \/>\n\t<meta property=\"og:image:type\" content=\"image\/jpeg\" \/>\n<meta name=\"twitter:card\" content=\"summary_large_image\" \/>\n<meta name=\"twitter:label1\" content=\"Szacowany czas czytania\" \/>\n\t<meta name=\"twitter:data1\" content=\"1 minuta\" \/>\n<script type=\"application\/ld+json\" class=\"yoast-schema-graph\">{\"@context\":\"https:\/\/schema.org\",\"@graph\":[{\"@type\":\"WebPage\",\"@id\":\"https:\/\/fluffouterwear.com\/pl\/produkt\/kurtka-z-kieszeniami-washed-black-denim\/\",\"url\":\"https:\/\/fluffouterwear.com\/pl\/produkt\/kurtka-z-kieszeniami-washed-black-denim\/\",\"name\":\"Kurtka z kieszeniami Washed black denim - Fluff\",\"isPartOf\":{\"@id\":\"https:\/\/fluffouterwear.com\/pl\/#website\"},\"primaryImageOfPage\":{\"@id\":\"https:\/\/fluffouterwear.com\/pl\/produkt\/kurtka-z-kieszeniami-washed-black-denim\/#primaryimage\"},\"image\":{\"@id\":\"https:\/\/fluffouterwear.com\/pl\/produkt\/kurtka-z-kieszeniami-washed-black-denim\/#primaryimage\"},\"thumbnailUrl\":\"https:\/\/fluffouterwear.com\/wp-content\/uploads\/2026\/03\/katana-denim-utility-washed-black-2-1.jpg\",\"datePublished\":\"2026-03-18T17:58:27+00:00\",\"dateModified\":\"2026-04-12T09:37:57+00:00\",\"breadcrumb\":{\"@id\":\"https:\/\/fluffouterwear.com\/pl\/produkt\/kurtka-z-kieszeniami-washed-black-denim\/#breadcrumb\"},\"inLanguage\":\"pl-PL\",\"potentialAction\":[{\"@type\":\"ReadAction\",\"target\":[\"https:\/\/fluffouterwear.com\/pl\/produkt\/kurtka-z-kieszeniami-washed-black-denim\/\"]}]},{\"@type\":\"ImageObject\",\"inLanguage\":\"pl-PL\",\"@id\":\"https:\/\/fluffouterwear.com\/pl\/produkt\/kurtka-z-kieszeniami-washed-black-denim\/#primaryimage\",\"url\":\"https:\/\/fluffouterwear.com\/wp-content\/uploads\/2026\/03\/katana-denim-utility-washed-black-2-1.jpg\",\"contentUrl\":\"https:\/\/fluffouterwear.com\/wp-content\/uploads\/2026\/03\/katana-denim-utility-washed-black-2-1.jpg\",\"width\":1185,\"height\":1310},{\"@type\":\"BreadcrumbList\",\"@id\":\"https:\/\/fluffouterwear.com\/pl\/produkt\/kurtka-z-kieszeniami-washed-black-denim\/#breadcrumb\",\"itemListElement\":[{\"@type\":\"ListItem\",\"position\":1,\"name\":\"Strona g\u0142\u00f3wna\",\"item\":\"https:\/\/fluffouterwear.com\/pl\/\"},{\"@type\":\"ListItem\",\"position\":2,\"name\":\"Sklep\",\"item\":\"https:\/\/fluffouterwear.com\/pl\/sklep\/\"},{\"@type\":\"ListItem\",\"position\":3,\"name\":\"Kurtka z kieszeniami Washed black denim\"}]},{\"@type\":\"WebSite\",\"@id\":\"https:\/\/fluffouterwear.com\/pl\/#website\",\"url\":\"https:\/\/fluffouterwear.com\/pl\/\",\"name\":\"Fluff\",\"description\":\"\",\"potentialAction\":[{\"@type\":\"SearchAction\",\"target\":{\"@type\":\"EntryPoint\",\"urlTemplate\":\"https:\/\/fluffouterwear.com\/pl\/?s={search_term_string}\"},\"query-input\":{\"@type\":\"PropertyValueSpecification\",\"valueRequired\":true,\"valueName\":\"search_term_string\"}}],\"inLanguage\":\"pl-PL\"}]}<\/script>\n<!-- \/ Yoast SEO plugin. -->","yoast_head_json":{"title":"Kurtka z kieszeniami Washed black denim - Fluff","robots":{"index":"index","follow":"follow","max-snippet":"max-snippet:-1","max-image-preview":"max-image-preview:large","max-video-preview":"max-video-preview:-1"},"canonical":"https:\/\/fluffouterwear.com\/pl\/produkt\/kurtka-z-kieszeniami-washed-black-denim\/","og_locale":"pl_PL","og_type":"article","og_title":"Kurtka z kieszeniami Washed black denim - Fluff","og_description":"Kurtka denimowa z kieszeniami utility Nowoczesna interpretacja klasycznej kurtki denimowej, inspirowana estetyk\u0105 workwear i ponadczasowym stylem lat 80. Ten model \u0142\u0105czy swobodn\u0105, lekko oversize\u2019ow\u0105 form\u0119 z funkcjonalnymi detalami, kt\u00f3re nadaj\u0105 mu wyrazisty charakter. Wykonana z mi\u0119kkiego, spranego denimu, kurtka ma lekko vintage\u2019owy wygl\u0105d, kt\u00f3ry z czasem nabiera jeszcze wi\u0119cej charakteru. Cztery praktyczne kieszenie z przodu [...]","og_url":"https:\/\/fluffouterwear.com\/pl\/produkt\/kurtka-z-kieszeniami-washed-black-denim\/","og_site_name":"Fluff","article_modified_time":"2026-04-12T09:37:57+00:00","og_image":[{"width":1185,"height":1310,"url":"https:\/\/fluffouterwear.com\/wp-content\/uploads\/2026\/03\/katana-denim-utility-washed-black-2-1.jpg","type":"image\/jpeg"}],"twitter_card":"summary_large_image","twitter_misc":{"Szacowany czas czytania":"1 minuta"},"schema":{"@context":"https:\/\/schema.org","@graph":[{"@type":"WebPage","@id":"https:\/\/fluffouterwear.com\/pl\/produkt\/kurtka-z-kieszeniami-washed-black-denim\/","url":"https:\/\/fluffouterwear.com\/pl\/produkt\/kurtka-z-kieszeniami-washed-black-denim\/","name":"Kurtka z kieszeniami Washed black denim - Fluff","isPartOf":{"@id":"https:\/\/fluffouterwear.com\/pl\/#website"},"primaryImageOfPage":{"@id":"https:\/\/fluffouterwear.com\/pl\/produkt\/kurtka-z-kieszeniami-washed-black-denim\/#primaryimage"},"image":{"@id":"https:\/\/fluffouterwear.com\/pl\/produkt\/kurtka-z-kieszeniami-washed-black-denim\/#primaryimage"},"thumbnailUrl":"https:\/\/fluffouterwear.com\/wp-content\/uploads\/2026\/03\/katana-denim-utility-washed-black-2-1.jpg","datePublished":"2026-03-18T17:58:27+00:00","dateModified":"2026-04-12T09:37:57+00:00","breadcrumb":{"@id":"https:\/\/fluffouterwear.com\/pl\/produkt\/kurtka-z-kieszeniami-washed-black-denim\/#breadcrumb"},"inLanguage":"pl-PL","potentialAction":[{"@type":"ReadAction","target":["https:\/\/fluffouterwear.com\/pl\/produkt\/kurtka-z-kieszeniami-washed-black-denim\/"]}]},{"@type":"ImageObject","inLanguage":"pl-PL","@id":"https:\/\/fluffouterwear.com\/pl\/produkt\/kurtka-z-kieszeniami-washed-black-denim\/#primaryimage","url":"https:\/\/fluffouterwear.com\/wp-content\/uploads\/2026\/03\/katana-denim-utility-washed-black-2-1.jpg","contentUrl":"https:\/\/fluffouterwear.com\/wp-content\/uploads\/2026\/03\/katana-denim-utility-washed-black-2-1.jpg","width":1185,"height":1310},{"@type":"BreadcrumbList","@id":"https:\/\/fluffouterwear.com\/pl\/produkt\/kurtka-z-kieszeniami-washed-black-denim\/#breadcrumb","itemListElement":[{"@type":"ListItem","position":1,"name":"Strona g\u0142\u00f3wna","item":"https:\/\/fluffouterwear.com\/pl\/"},{"@type":"ListItem","position":2,"name":"Sklep","item":"https:\/\/fluffouterwear.com\/pl\/sklep\/"},{"@type":"ListItem","position":3,"name":"Kurtka z kieszeniami Washed black denim"}]},{"@type":"WebSite","@id":"https:\/\/fluffouterwear.com\/pl\/#website","url":"https:\/\/fluffouterwear.com\/pl\/","name":"Fluff","description":"","potentialAction":[{"@type":"SearchAction","target":{"@type":"EntryPoint","urlTemplate":"https:\/\/fluffouterwear.com\/pl\/?s={search_term_string}"},"query-input":{"@type":"PropertyValueSpecification","valueRequired":true,"valueName":"search_term_string"}}],"inLanguage":"pl-PL"}]}},"_links":{"self":[{"href":"https:\/\/fluffouterwear.com\/pl\/wp-json\/wp\/v2\/product\/110891","targetHints":{"allow":["GET"]}}],"collection":[{"href":"https:\/\/fluffouterwear.com\/pl\/wp-json\/wp\/v2\/product"}],"about":[{"href":"https:\/\/fluffouterwear.com\/pl\/wp-json\/wp\/v2\/types\/product"}],"replies":[{"embeddable":true,"href":"https:\/\/fluffouterwear.com\/pl\/wp-json\/wp\/v2\/comments?post=110891"}],"wp:featuredmedia":[{"embeddable":true,"href":"https:\/\/fluffouterwear.com\/pl\/wp-json\/wp\/v2\/media\/112843"}],"wp:attachment":[{"href":"https:\/\/fluffouterwear.com\/pl\/wp-json\/wp\/v2\/media?parent=110891"}],"wp:term":[{"taxonomy":"product_brand","embeddable":true,"href":"https:\/\/fluffouterwear.com\/pl\/wp-json\/wp\/v2\/product_brand?post=110891"},{"taxonomy":"product_cat","embeddable":true,"href":"https:\/\/fluffouterwear.com\/pl\/wp-json\/wp\/v2\/product_cat?post=110891"},{"taxonomy":"product_tag","embeddable":true,"href":"https:\/\/fluffouterwear.com\/pl\/wp-json\/wp\/v2\/product_tag?post=110891"}],"curies":[{"name":"wp","href":"https:\/\/api.w.org\/{rel}","templated":true}]}}