{"id":110939,"date":"2026-03-07T11:58:28","date_gmt":"2026-03-07T10:58:28","guid":{"rendered":"https:\/\/fluffouterwear.com\/?post_type=product&#038;p=110939"},"modified":"2026-04-12T12:22:55","modified_gmt":"2026-04-12T10:22:55","slug":"koszulka-balloon-black","status":"publish","type":"product","link":"https:\/\/fluffouterwear.com\/pl\/produkt\/koszulka-balloon-black\/","title":{"rendered":"Koszulka Balloon Black"},"content":{"rendered":"<p><b>Bawe\u0142niany T-shirt z balonowym do\u0142em<\/b><\/p>\n<p>Nasza interpretacja <strong>klasycznego T-shirtu<\/strong>, w kt\u00f3rej prostota spotyka si\u0119 z <strong>nowoczesn\u0105 konstrukcj\u0105<\/strong>. Ten model wyr\u00f3\u017cnia si\u0119 <strong>lekko balonowym fasonem<\/strong> z elastycznym \u015bci\u0105gaczem u do\u0142u, kt\u00f3ry nadaje sylwetce mi\u0119kkiej obj\u0119to\u015bci i subtelnej formy.<\/p>\n<p><strong>Dwuwarstwowa konstrukcja z wysokiej jako\u015bci bawe\u0142ny<\/strong> sprawia, \u017ce <strong>T-shirt<\/strong> pi\u0119knie uk\u0142ada si\u0119 na sylwetce, zachowuj\u0105c przy tym komfort i naturaln\u0105 przewiewno\u015b\u0107. <strong>Lu\u017aniejsze r\u0119kawy<\/strong> oraz swobodny kr\u00f3j podkre\u015blaj\u0105 nowoczesny charakter projektu, tworz\u0105c idealn\u0105 r\u00f3wnowag\u0119 mi\u0119dzy minimalizmem a wyrazist\u0105 form\u0105.<\/p>\n<p>To model, kt\u00f3ry \u0142atwo dopasowa\u0107 do codziennych stylizacji, od prostych zestaw\u00f3w z denimem po bardziej dopracowane, warstwowe looki. Klasyczny<strong> T-shirt<\/strong> w nowej, wsp\u00f3\u0142czesnej ods\u0142onie.<\/p>\n<p>&nbsp;<\/p>\n","protected":false},"excerpt":{"rendered":"<p>Bawe\u0142niany T-shirt z balonowym do\u0142em Nasza interpretacja klasycznego T-shirtu, w kt\u00f3rej prostota spotyka si\u0119 z nowoczesn\u0105 konstrukcj\u0105. Ten model wyr\u00f3\u017cnia si\u0119 lekko balonowym fasonem z elastycznym \u015bci\u0105gaczem u do\u0142u, kt\u00f3ry nadaje sylwetce mi\u0119kkiej obj\u0119to\u015bci i subtelnej formy. Dwuwarstwowa konstrukcja z wysokiej jako\u015bci bawe\u0142ny sprawia, \u017ce T-shirt pi\u0119knie uk\u0142ada si\u0119 na sylwetce, zachowuj\u0105c przy tym komfort [&#8230;]\n","protected":false},"featured_media":112890,"comment_status":"closed","ping_status":"closed","template":"","meta":{"_acf_changed":false},"product_brand":[],"product_cat":[1511,305,1416],"product_tag":[1722],"class_list":{"0":"post-110939","1":"product","2":"type-product","3":"status-publish","4":"has-post-thumbnail","6":"product_cat-bluzki-i-swetry","7":"product_cat-kobieta","8":"product_cat-nowosci","9":"product_tag-ss26","11":"first","12":"instock","13":"shipping-taxable","14":"purchasable","15":"product-type-variable"},"acf":[],"yoast_head":"<!-- This site is optimized with the Yoast SEO plugin v27.0 - https:\/\/yoast.com\/product\/yoast-seo-wordpress\/ -->\n<title>Koszulka Balloon Black - Fluff<\/title>\n<meta name=\"robots\" content=\"index, follow, max-snippet:-1, max-image-preview:large, max-video-preview:-1\" \/>\n<link rel=\"canonical\" href=\"https:\/\/fluffouterwear.com\/pl\/produkt\/koszulka-balloon-black\/\" \/>\n<meta property=\"og:locale\" content=\"pl_PL\" \/>\n<meta property=\"og:type\" content=\"article\" \/>\n<meta property=\"og:title\" content=\"Koszulka Balloon Black - Fluff\" \/>\n<meta property=\"og:description\" content=\"Bawe\u0142niany T-shirt z balonowym do\u0142em Nasza interpretacja klasycznego T-shirtu, w kt\u00f3rej prostota spotyka si\u0119 z nowoczesn\u0105 konstrukcj\u0105. Ten model wyr\u00f3\u017cnia si\u0119 lekko balonowym fasonem z elastycznym \u015bci\u0105gaczem u do\u0142u, kt\u00f3ry nadaje sylwetce mi\u0119kkiej obj\u0119to\u015bci i subtelnej formy. Dwuwarstwowa konstrukcja z wysokiej jako\u015bci bawe\u0142ny sprawia, \u017ce T-shirt pi\u0119knie uk\u0142ada si\u0119 na sylwetce, zachowuj\u0105c przy tym komfort [...]\" \/>\n<meta property=\"og:url\" content=\"https:\/\/fluffouterwear.com\/pl\/produkt\/koszulka-balloon-black\/\" \/>\n<meta property=\"og:site_name\" content=\"Fluff\" \/>\n<meta property=\"article:modified_time\" content=\"2026-04-12T10:22:55+00:00\" \/>\n<meta property=\"og:image\" content=\"https:\/\/fluffouterwear.com\/wp-content\/uploads\/2026\/03\/koszulka-balloon-black-2-1.jpg\" \/>\n\t<meta property=\"og:image:width\" content=\"1185\" \/>\n\t<meta property=\"og:image:height\" content=\"1310\" \/>\n\t<meta property=\"og:image:type\" content=\"image\/jpeg\" \/>\n<meta name=\"twitter:card\" content=\"summary_large_image\" \/>\n<meta name=\"twitter:label1\" content=\"Szacowany czas czytania\" \/>\n\t<meta name=\"twitter:data1\" content=\"1 minuta\" \/>\n<script type=\"application\/ld+json\" class=\"yoast-schema-graph\">{\"@context\":\"https:\/\/schema.org\",\"@graph\":[{\"@type\":\"WebPage\",\"@id\":\"https:\/\/fluffouterwear.com\/pl\/produkt\/koszulka-balloon-black\/\",\"url\":\"https:\/\/fluffouterwear.com\/pl\/produkt\/koszulka-balloon-black\/\",\"name\":\"Koszulka Balloon Black - Fluff\",\"isPartOf\":{\"@id\":\"https:\/\/fluffouterwear.com\/pl\/#website\"},\"primaryImageOfPage\":{\"@id\":\"https:\/\/fluffouterwear.com\/pl\/produkt\/koszulka-balloon-black\/#primaryimage\"},\"image\":{\"@id\":\"https:\/\/fluffouterwear.com\/pl\/produkt\/koszulka-balloon-black\/#primaryimage\"},\"thumbnailUrl\":\"https:\/\/fluffouterwear.com\/wp-content\/uploads\/2026\/03\/koszulka-balloon-black-2-1.jpg\",\"datePublished\":\"2026-03-07T10:58:28+00:00\",\"dateModified\":\"2026-04-12T10:22:55+00:00\",\"breadcrumb\":{\"@id\":\"https:\/\/fluffouterwear.com\/pl\/produkt\/koszulka-balloon-black\/#breadcrumb\"},\"inLanguage\":\"pl-PL\",\"potentialAction\":[{\"@type\":\"ReadAction\",\"target\":[\"https:\/\/fluffouterwear.com\/pl\/produkt\/koszulka-balloon-black\/\"]}]},{\"@type\":\"ImageObject\",\"inLanguage\":\"pl-PL\",\"@id\":\"https:\/\/fluffouterwear.com\/pl\/produkt\/koszulka-balloon-black\/#primaryimage\",\"url\":\"https:\/\/fluffouterwear.com\/wp-content\/uploads\/2026\/03\/koszulka-balloon-black-2-1.jpg\",\"contentUrl\":\"https:\/\/fluffouterwear.com\/wp-content\/uploads\/2026\/03\/koszulka-balloon-black-2-1.jpg\",\"width\":1185,\"height\":1310},{\"@type\":\"BreadcrumbList\",\"@id\":\"https:\/\/fluffouterwear.com\/pl\/produkt\/koszulka-balloon-black\/#breadcrumb\",\"itemListElement\":[{\"@type\":\"ListItem\",\"position\":1,\"name\":\"Strona g\u0142\u00f3wna\",\"item\":\"https:\/\/fluffouterwear.com\/pl\/\"},{\"@type\":\"ListItem\",\"position\":2,\"name\":\"Sklep\",\"item\":\"https:\/\/fluffouterwear.com\/pl\/sklep\/\"},{\"@type\":\"ListItem\",\"position\":3,\"name\":\"Koszulka Balloon Black\"}]},{\"@type\":\"WebSite\",\"@id\":\"https:\/\/fluffouterwear.com\/pl\/#website\",\"url\":\"https:\/\/fluffouterwear.com\/pl\/\",\"name\":\"Fluff\",\"description\":\"\",\"potentialAction\":[{\"@type\":\"SearchAction\",\"target\":{\"@type\":\"EntryPoint\",\"urlTemplate\":\"https:\/\/fluffouterwear.com\/pl\/?s={search_term_string}\"},\"query-input\":{\"@type\":\"PropertyValueSpecification\",\"valueRequired\":true,\"valueName\":\"search_term_string\"}}],\"inLanguage\":\"pl-PL\"}]}<\/script>\n<!-- \/ Yoast SEO plugin. -->","yoast_head_json":{"title":"Koszulka Balloon Black - Fluff","robots":{"index":"index","follow":"follow","max-snippet":"max-snippet:-1","max-image-preview":"max-image-preview:large","max-video-preview":"max-video-preview:-1"},"canonical":"https:\/\/fluffouterwear.com\/pl\/produkt\/koszulka-balloon-black\/","og_locale":"pl_PL","og_type":"article","og_title":"Koszulka Balloon Black - Fluff","og_description":"Bawe\u0142niany T-shirt z balonowym do\u0142em Nasza interpretacja klasycznego T-shirtu, w kt\u00f3rej prostota spotyka si\u0119 z nowoczesn\u0105 konstrukcj\u0105. Ten model wyr\u00f3\u017cnia si\u0119 lekko balonowym fasonem z elastycznym \u015bci\u0105gaczem u do\u0142u, kt\u00f3ry nadaje sylwetce mi\u0119kkiej obj\u0119to\u015bci i subtelnej formy. Dwuwarstwowa konstrukcja z wysokiej jako\u015bci bawe\u0142ny sprawia, \u017ce T-shirt pi\u0119knie uk\u0142ada si\u0119 na sylwetce, zachowuj\u0105c przy tym komfort [...]","og_url":"https:\/\/fluffouterwear.com\/pl\/produkt\/koszulka-balloon-black\/","og_site_name":"Fluff","article_modified_time":"2026-04-12T10:22:55+00:00","og_image":[{"width":1185,"height":1310,"url":"https:\/\/fluffouterwear.com\/wp-content\/uploads\/2026\/03\/koszulka-balloon-black-2-1.jpg","type":"image\/jpeg"}],"twitter_card":"summary_large_image","twitter_misc":{"Szacowany czas czytania":"1 minuta"},"schema":{"@context":"https:\/\/schema.org","@graph":[{"@type":"WebPage","@id":"https:\/\/fluffouterwear.com\/pl\/produkt\/koszulka-balloon-black\/","url":"https:\/\/fluffouterwear.com\/pl\/produkt\/koszulka-balloon-black\/","name":"Koszulka Balloon Black - Fluff","isPartOf":{"@id":"https:\/\/fluffouterwear.com\/pl\/#website"},"primaryImageOfPage":{"@id":"https:\/\/fluffouterwear.com\/pl\/produkt\/koszulka-balloon-black\/#primaryimage"},"image":{"@id":"https:\/\/fluffouterwear.com\/pl\/produkt\/koszulka-balloon-black\/#primaryimage"},"thumbnailUrl":"https:\/\/fluffouterwear.com\/wp-content\/uploads\/2026\/03\/koszulka-balloon-black-2-1.jpg","datePublished":"2026-03-07T10:58:28+00:00","dateModified":"2026-04-12T10:22:55+00:00","breadcrumb":{"@id":"https:\/\/fluffouterwear.com\/pl\/produkt\/koszulka-balloon-black\/#breadcrumb"},"inLanguage":"pl-PL","potentialAction":[{"@type":"ReadAction","target":["https:\/\/fluffouterwear.com\/pl\/produkt\/koszulka-balloon-black\/"]}]},{"@type":"ImageObject","inLanguage":"pl-PL","@id":"https:\/\/fluffouterwear.com\/pl\/produkt\/koszulka-balloon-black\/#primaryimage","url":"https:\/\/fluffouterwear.com\/wp-content\/uploads\/2026\/03\/koszulka-balloon-black-2-1.jpg","contentUrl":"https:\/\/fluffouterwear.com\/wp-content\/uploads\/2026\/03\/koszulka-balloon-black-2-1.jpg","width":1185,"height":1310},{"@type":"BreadcrumbList","@id":"https:\/\/fluffouterwear.com\/pl\/produkt\/koszulka-balloon-black\/#breadcrumb","itemListElement":[{"@type":"ListItem","position":1,"name":"Strona g\u0142\u00f3wna","item":"https:\/\/fluffouterwear.com\/pl\/"},{"@type":"ListItem","position":2,"name":"Sklep","item":"https:\/\/fluffouterwear.com\/pl\/sklep\/"},{"@type":"ListItem","position":3,"name":"Koszulka Balloon Black"}]},{"@type":"WebSite","@id":"https:\/\/fluffouterwear.com\/pl\/#website","url":"https:\/\/fluffouterwear.com\/pl\/","name":"Fluff","description":"","potentialAction":[{"@type":"SearchAction","target":{"@type":"EntryPoint","urlTemplate":"https:\/\/fluffouterwear.com\/pl\/?s={search_term_string}"},"query-input":{"@type":"PropertyValueSpecification","valueRequired":true,"valueName":"search_term_string"}}],"inLanguage":"pl-PL"}]}},"_links":{"self":[{"href":"https:\/\/fluffouterwear.com\/pl\/wp-json\/wp\/v2\/product\/110939","targetHints":{"allow":["GET"]}}],"collection":[{"href":"https:\/\/fluffouterwear.com\/pl\/wp-json\/wp\/v2\/product"}],"about":[{"href":"https:\/\/fluffouterwear.com\/pl\/wp-json\/wp\/v2\/types\/product"}],"replies":[{"embeddable":true,"href":"https:\/\/fluffouterwear.com\/pl\/wp-json\/wp\/v2\/comments?post=110939"}],"wp:featuredmedia":[{"embeddable":true,"href":"https:\/\/fluffouterwear.com\/pl\/wp-json\/wp\/v2\/media\/112890"}],"wp:attachment":[{"href":"https:\/\/fluffouterwear.com\/pl\/wp-json\/wp\/v2\/media?parent=110939"}],"wp:term":[{"taxonomy":"product_brand","embeddable":true,"href":"https:\/\/fluffouterwear.com\/pl\/wp-json\/wp\/v2\/product_brand?post=110939"},{"taxonomy":"product_cat","embeddable":true,"href":"https:\/\/fluffouterwear.com\/pl\/wp-json\/wp\/v2\/product_cat?post=110939"},{"taxonomy":"product_tag","embeddable":true,"href":"https:\/\/fluffouterwear.com\/pl\/wp-json\/wp\/v2\/product_tag?post=110939"}],"curies":[{"name":"wp","href":"https:\/\/api.w.org\/{rel}","templated":true}]}}