{"id":16555,"date":"2019-08-31T09:30:58","date_gmt":"2019-08-31T07:30:58","guid":{"rendered":"http:\/\/fluffouterwear.com\/?post_type=product&#038;p=16555"},"modified":"2026-03-03T12:51:43","modified_gmt":"2026-03-03T11:51:43","slug":"plaszcz-basic-black-coffee","status":"publish","type":"product","link":"https:\/\/fluffouterwear.com\/pl\/produkt\/plaszcz-basic-black-coffee\/","title":{"rendered":"P\u0142aszcz Basic Black"},"content":{"rendered":"<h4><strong>P\u0142aszcz basic<\/strong><\/h4>\n<p>Cenisz sobie klasyczne, proste projekty, kt\u00f3re z wdzi\u0119kiem i bez trudu staj\u0105 si\u0119 filarami rozmaitych stylizacji? <strong>Puchowy p\u0142aszcz basic<\/strong> &#8211; jeden z bestseller\u00f3w FLUFF &#8211; z pewno\u015bci\u0105 oka\u017ce si\u0119 strza\u0142em w dziesi\u0105tk\u0119 jako uniwersalne, praktyczne i stylowe okrycie na zim\u0119. To <strong>p\u0142aszcz o \u015bredniej d\u0142ugo\u015bci i prostym kroju<\/strong>, z klasycznym pikowaniem, obszernymi przednimi kieszeniami i du\u017cym kapturem z ochron\u0105 podbr\u00f3dka.<\/p>\n<p>Nasz zimowy p\u0142aszcz to idealny wyb\u00f3r na mro\u017ane dni: wype\u0142nienie z naturalnego puchu g\u0119siego o optymalnym sk\u0142adzie odznacza si\u0119 wyj\u0105tkowymi w\u0142a\u015bciwo\u015bciami termoregulacyjnymi, dzi\u0119ki czemu gwarantuje pe\u0142en komfort cieplny w temperaturach nawet do -25 st. C. Ca\u0142o\u015b\u0107 jest przy tym zaskakuj\u0105co lekka, wygodna i przyjemna w noszeniu na co dzie\u0144.<\/p>\n<p>Modelka ma 173cm wzrostu i prezentuje rozmiar S.<\/p>\n","protected":false},"excerpt":{"rendered":"<p>P\u0142aszcz basic Cenisz sobie klasyczne, proste projekty, kt\u00f3re z wdzi\u0119kiem i bez trudu staj\u0105 si\u0119 filarami rozmaitych stylizacji? Puchowy p\u0142aszcz basic &#8211; jeden z bestseller\u00f3w FLUFF &#8211; z pewno\u015bci\u0105 oka\u017ce si\u0119 strza\u0142em w dziesi\u0105tk\u0119 jako uniwersalne, praktyczne i stylowe okrycie na zim\u0119. To p\u0142aszcz o \u015bredniej d\u0142ugo\u015bci i prostym kroju, z klasycznym pikowaniem, obszernymi przednimi [&#8230;]\n","protected":false},"featured_media":91743,"comment_status":"open","ping_status":"closed","template":"","meta":{"_acf_changed":false},"product_brand":[],"product_cat":[305,371],"product_tag":[1405],"class_list":{"0":"post-16555","1":"product","2":"type-product","3":"status-publish","4":"has-post-thumbnail","6":"product_cat-kobieta","7":"product_cat-plaszcze-pl","8":"product_tag-wpla","10":"first","11":"instock","12":"shipping-taxable","13":"purchasable","14":"product-type-variable"},"acf":[],"yoast_head":"<!-- This site is optimized with the Yoast SEO plugin v27.0 - https:\/\/yoast.com\/product\/yoast-seo-wordpress\/ -->\n<title>P\u0142aszcz Basic Black - Fluff<\/title>\n<meta name=\"description\" content=\"Prosty, klasyczny p\u0142aszcz puchowy z regulacj\u0105 w talii. Wype\u0142nienie 100% naturalne z puchu g\u0119siego, zapewni komfort i ciep\u0142o do -25 stopni mrozu. Dost\u0119pny w wersji z panelem ci\u0105\u017cowym.\" \/>\n<meta name=\"robots\" content=\"index, follow, max-snippet:-1, max-image-preview:large, max-video-preview:-1\" \/>\n<link rel=\"canonical\" href=\"https:\/\/fluffouterwear.com\/pl\/produkt\/plaszcz-basic-black-coffee\/\" \/>\n<meta property=\"og:locale\" content=\"pl_PL\" \/>\n<meta property=\"og:type\" content=\"article\" \/>\n<meta property=\"og:title\" content=\"P\u0142aszcz Basic Black - Fluff\" \/>\n<meta property=\"og:description\" content=\"Prosty, klasyczny p\u0142aszcz puchowy z regulacj\u0105 w talii. Wype\u0142nienie 100% naturalne z puchu g\u0119siego, zapewni komfort i ciep\u0142o do -25 stopni mrozu. Dost\u0119pny w wersji z panelem ci\u0105\u017cowym.\" \/>\n<meta property=\"og:url\" content=\"https:\/\/fluffouterwear.com\/pl\/produkt\/plaszcz-basic-black-coffee\/\" \/>\n<meta property=\"og:site_name\" content=\"Fluff\" \/>\n<meta property=\"article:modified_time\" content=\"2026-03-03T11:51:43+00:00\" \/>\n<meta property=\"og:image\" content=\"https:\/\/fluffouterwear.com\/wp-content\/uploads\/2024\/04\/damska-kurtka-puchowa-basic-czarna-1.jpg\" \/>\n\t<meta property=\"og:image:width\" content=\"1185\" \/>\n\t<meta property=\"og:image:height\" content=\"1310\" \/>\n\t<meta property=\"og:image:type\" content=\"image\/jpeg\" \/>\n<meta name=\"twitter:card\" content=\"summary_large_image\" \/>\n<meta name=\"twitter:label1\" content=\"Szacowany czas czytania\" \/>\n\t<meta name=\"twitter:data1\" content=\"1 minuta\" \/>\n<script type=\"application\/ld+json\" class=\"yoast-schema-graph\">{\"@context\":\"https:\/\/schema.org\",\"@graph\":[{\"@type\":\"WebPage\",\"@id\":\"https:\/\/fluffouterwear.com\/pl\/produkt\/plaszcz-basic-black-coffee\/\",\"url\":\"https:\/\/fluffouterwear.com\/pl\/produkt\/plaszcz-basic-black-coffee\/\",\"name\":\"P\u0142aszcz Basic Black - Fluff\",\"isPartOf\":{\"@id\":\"https:\/\/fluffouterwear.com\/pl\/#website\"},\"primaryImageOfPage\":{\"@id\":\"https:\/\/fluffouterwear.com\/pl\/produkt\/plaszcz-basic-black-coffee\/#primaryimage\"},\"image\":{\"@id\":\"https:\/\/fluffouterwear.com\/pl\/produkt\/plaszcz-basic-black-coffee\/#primaryimage\"},\"thumbnailUrl\":\"https:\/\/fluffouterwear.com\/wp-content\/uploads\/2024\/04\/damska-kurtka-puchowa-basic-czarna-1.jpg\",\"datePublished\":\"2019-08-31T07:30:58+00:00\",\"dateModified\":\"2026-03-03T11:51:43+00:00\",\"description\":\"Prosty, klasyczny p\u0142aszcz puchowy z regulacj\u0105 w talii. Wype\u0142nienie 100% naturalne z puchu g\u0119siego, zapewni komfort i ciep\u0142o do -25 stopni mrozu. Dost\u0119pny w wersji z panelem ci\u0105\u017cowym.\",\"breadcrumb\":{\"@id\":\"https:\/\/fluffouterwear.com\/pl\/produkt\/plaszcz-basic-black-coffee\/#breadcrumb\"},\"inLanguage\":\"pl-PL\",\"potentialAction\":[{\"@type\":\"ReadAction\",\"target\":[\"https:\/\/fluffouterwear.com\/pl\/produkt\/plaszcz-basic-black-coffee\/\"]}]},{\"@type\":\"ImageObject\",\"inLanguage\":\"pl-PL\",\"@id\":\"https:\/\/fluffouterwear.com\/pl\/produkt\/plaszcz-basic-black-coffee\/#primaryimage\",\"url\":\"https:\/\/fluffouterwear.com\/wp-content\/uploads\/2024\/04\/damska-kurtka-puchowa-basic-czarna-1.jpg\",\"contentUrl\":\"https:\/\/fluffouterwear.com\/wp-content\/uploads\/2024\/04\/damska-kurtka-puchowa-basic-czarna-1.jpg\",\"width\":1185,\"height\":1310,\"caption\":\"Prosty p\u0142aszcz puchowy w kolorze czarnym, matowe wyko\u0144czenie. Posiada regulacje w talii i kaptur oraz dwie kieszenie.\"},{\"@type\":\"BreadcrumbList\",\"@id\":\"https:\/\/fluffouterwear.com\/pl\/produkt\/plaszcz-basic-black-coffee\/#breadcrumb\",\"itemListElement\":[{\"@type\":\"ListItem\",\"position\":1,\"name\":\"Strona g\u0142\u00f3wna\",\"item\":\"https:\/\/fluffouterwear.com\/pl\/\"},{\"@type\":\"ListItem\",\"position\":2,\"name\":\"Sklep\",\"item\":\"https:\/\/fluffouterwear.com\/pl\/sklep\/\"},{\"@type\":\"ListItem\",\"position\":3,\"name\":\"P\u0142aszcz Basic Black\"}]},{\"@type\":\"WebSite\",\"@id\":\"https:\/\/fluffouterwear.com\/pl\/#website\",\"url\":\"https:\/\/fluffouterwear.com\/pl\/\",\"name\":\"Fluff\",\"description\":\"\",\"potentialAction\":[{\"@type\":\"SearchAction\",\"target\":{\"@type\":\"EntryPoint\",\"urlTemplate\":\"https:\/\/fluffouterwear.com\/pl\/?s={search_term_string}\"},\"query-input\":{\"@type\":\"PropertyValueSpecification\",\"valueRequired\":true,\"valueName\":\"search_term_string\"}}],\"inLanguage\":\"pl-PL\"}]}<\/script>\n<!-- \/ Yoast SEO plugin. -->","yoast_head_json":{"title":"P\u0142aszcz Basic Black - Fluff","description":"Prosty, klasyczny p\u0142aszcz puchowy z regulacj\u0105 w talii. Wype\u0142nienie 100% naturalne z puchu g\u0119siego, zapewni komfort i ciep\u0142o do -25 stopni mrozu. Dost\u0119pny w wersji z panelem ci\u0105\u017cowym.","robots":{"index":"index","follow":"follow","max-snippet":"max-snippet:-1","max-image-preview":"max-image-preview:large","max-video-preview":"max-video-preview:-1"},"canonical":"https:\/\/fluffouterwear.com\/pl\/produkt\/plaszcz-basic-black-coffee\/","og_locale":"pl_PL","og_type":"article","og_title":"P\u0142aszcz Basic Black - Fluff","og_description":"Prosty, klasyczny p\u0142aszcz puchowy z regulacj\u0105 w talii. Wype\u0142nienie 100% naturalne z puchu g\u0119siego, zapewni komfort i ciep\u0142o do -25 stopni mrozu. Dost\u0119pny w wersji z panelem ci\u0105\u017cowym.","og_url":"https:\/\/fluffouterwear.com\/pl\/produkt\/plaszcz-basic-black-coffee\/","og_site_name":"Fluff","article_modified_time":"2026-03-03T11:51:43+00:00","og_image":[{"width":1185,"height":1310,"url":"https:\/\/fluffouterwear.com\/wp-content\/uploads\/2024\/04\/damska-kurtka-puchowa-basic-czarna-1.jpg","type":"image\/jpeg"}],"twitter_card":"summary_large_image","twitter_misc":{"Szacowany czas czytania":"1 minuta"},"schema":{"@context":"https:\/\/schema.org","@graph":[{"@type":"WebPage","@id":"https:\/\/fluffouterwear.com\/pl\/produkt\/plaszcz-basic-black-coffee\/","url":"https:\/\/fluffouterwear.com\/pl\/produkt\/plaszcz-basic-black-coffee\/","name":"P\u0142aszcz Basic Black - Fluff","isPartOf":{"@id":"https:\/\/fluffouterwear.com\/pl\/#website"},"primaryImageOfPage":{"@id":"https:\/\/fluffouterwear.com\/pl\/produkt\/plaszcz-basic-black-coffee\/#primaryimage"},"image":{"@id":"https:\/\/fluffouterwear.com\/pl\/produkt\/plaszcz-basic-black-coffee\/#primaryimage"},"thumbnailUrl":"https:\/\/fluffouterwear.com\/wp-content\/uploads\/2024\/04\/damska-kurtka-puchowa-basic-czarna-1.jpg","datePublished":"2019-08-31T07:30:58+00:00","dateModified":"2026-03-03T11:51:43+00:00","description":"Prosty, klasyczny p\u0142aszcz puchowy z regulacj\u0105 w talii. Wype\u0142nienie 100% naturalne z puchu g\u0119siego, zapewni komfort i ciep\u0142o do -25 stopni mrozu. Dost\u0119pny w wersji z panelem ci\u0105\u017cowym.","breadcrumb":{"@id":"https:\/\/fluffouterwear.com\/pl\/produkt\/plaszcz-basic-black-coffee\/#breadcrumb"},"inLanguage":"pl-PL","potentialAction":[{"@type":"ReadAction","target":["https:\/\/fluffouterwear.com\/pl\/produkt\/plaszcz-basic-black-coffee\/"]}]},{"@type":"ImageObject","inLanguage":"pl-PL","@id":"https:\/\/fluffouterwear.com\/pl\/produkt\/plaszcz-basic-black-coffee\/#primaryimage","url":"https:\/\/fluffouterwear.com\/wp-content\/uploads\/2024\/04\/damska-kurtka-puchowa-basic-czarna-1.jpg","contentUrl":"https:\/\/fluffouterwear.com\/wp-content\/uploads\/2024\/04\/damska-kurtka-puchowa-basic-czarna-1.jpg","width":1185,"height":1310,"caption":"Prosty p\u0142aszcz puchowy w kolorze czarnym, matowe wyko\u0144czenie. Posiada regulacje w talii i kaptur oraz dwie kieszenie."},{"@type":"BreadcrumbList","@id":"https:\/\/fluffouterwear.com\/pl\/produkt\/plaszcz-basic-black-coffee\/#breadcrumb","itemListElement":[{"@type":"ListItem","position":1,"name":"Strona g\u0142\u00f3wna","item":"https:\/\/fluffouterwear.com\/pl\/"},{"@type":"ListItem","position":2,"name":"Sklep","item":"https:\/\/fluffouterwear.com\/pl\/sklep\/"},{"@type":"ListItem","position":3,"name":"P\u0142aszcz Basic Black"}]},{"@type":"WebSite","@id":"https:\/\/fluffouterwear.com\/pl\/#website","url":"https:\/\/fluffouterwear.com\/pl\/","name":"Fluff","description":"","potentialAction":[{"@type":"SearchAction","target":{"@type":"EntryPoint","urlTemplate":"https:\/\/fluffouterwear.com\/pl\/?s={search_term_string}"},"query-input":{"@type":"PropertyValueSpecification","valueRequired":true,"valueName":"search_term_string"}}],"inLanguage":"pl-PL"}]}},"_links":{"self":[{"href":"https:\/\/fluffouterwear.com\/pl\/wp-json\/wp\/v2\/product\/16555","targetHints":{"allow":["GET"]}}],"collection":[{"href":"https:\/\/fluffouterwear.com\/pl\/wp-json\/wp\/v2\/product"}],"about":[{"href":"https:\/\/fluffouterwear.com\/pl\/wp-json\/wp\/v2\/types\/product"}],"replies":[{"embeddable":true,"href":"https:\/\/fluffouterwear.com\/pl\/wp-json\/wp\/v2\/comments?post=16555"}],"wp:featuredmedia":[{"embeddable":true,"href":"https:\/\/fluffouterwear.com\/pl\/wp-json\/wp\/v2\/media\/91743"}],"wp:attachment":[{"href":"https:\/\/fluffouterwear.com\/pl\/wp-json\/wp\/v2\/media?parent=16555"}],"wp:term":[{"taxonomy":"product_brand","embeddable":true,"href":"https:\/\/fluffouterwear.com\/pl\/wp-json\/wp\/v2\/product_brand?post=16555"},{"taxonomy":"product_cat","embeddable":true,"href":"https:\/\/fluffouterwear.com\/pl\/wp-json\/wp\/v2\/product_cat?post=16555"},{"taxonomy":"product_tag","embeddable":true,"href":"https:\/\/fluffouterwear.com\/pl\/wp-json\/wp\/v2\/product_tag?post=16555"}],"curies":[{"name":"wp","href":"https:\/\/api.w.org\/{rel}","templated":true}]}}