{"id":23936,"date":"2020-03-09T15:02:47","date_gmt":"2020-03-09T14:02:47","guid":{"rendered":"http:\/\/fluffouterwear.com\/?post_type=product&#038;p=23936"},"modified":"2026-02-01T15:02:17","modified_gmt":"2026-02-01T14:02:17","slug":"kurtka-high-chin-guard-black-coffee","status":"publish","type":"product","link":"https:\/\/fluffouterwear.com\/pl\/produkt\/kurtka-high-chin-guard-black-coffee\/","title":{"rendered":"Kurtka High chin guard Black Coffee"},"content":{"rendered":"<p><b>Kurtka puchowa z kapturem i wysokim ko\u0142nierzem<\/b><\/p>\n<p>Je\u015bli chcesz zapewni\u0107 swojemu dziecku ciep\u0142o, komfort i swobod\u0119 ruch\u00f3w nawet podczas najbardziej srogich mroz\u00f3w, ta lekka <strong>puchowa kurtka zimowa<\/strong> oka\u017ce si\u0119 strza\u0142em w dziesi\u0105tk\u0119. Wyr\u00f3\u017cnia j\u0105 ergonomiczny fason, kt\u00f3ry chroni przed utrat\u0105 ciep\u0142a zw\u0142aszcza w miejscach szczeg\u00f3lnie na ni\u0105 nara\u017conych.<\/p>\n<p>Wysoki ko\u0142nierz w po\u0142\u0105czeniu z kapturem dzia\u0142a troch\u0119 jak klasyczna czapka kominiarka &#8211; szczelnie okrywa szyj\u0119, podbr\u00f3dek oraz doln\u0105 cz\u0119\u015b\u0107 policzk\u00f3w, os\u0142aniaj\u0105c je przed ch\u0142odem i wiatrem. Przed utrat\u0105 ciep\u0142a chroni te\u017c \u015bci\u0105gacz w tylnej, dolnej cz\u0119\u015bci kurtki. R\u0119kawy zosta\u0142y za\u015b przed\u0142u\u017cone o praktyczne podszewki-&#8220;\u0142apki&#8221; z otworem na kciuk, dzi\u0119ki kt\u00f3rym zimne powietrze nie b\u0119dzie wdziera\u0107 si\u0119 mi\u0119dzy materia\u0142 kurtki a sk\u00f3r\u0119 Twojej pociechy.<\/p>\n<p>Ta<strong> ciep\u0142a kurtka puchowa<\/strong> o wysokim ko\u0142nierzu i obszernym kapturze doskonale sprawdzi si\u0119 nawet w naprawd\u0119 mro\u017ane dni &#8211; gwarantuje pe\u0142en komfort nawet wtedy, gdy temperatura spadnie do -20 st. C.<\/p>\n","protected":false},"excerpt":{"rendered":"<p>Kurtka puchowa z kapturem i wysokim ko\u0142nierzem Je\u015bli chcesz zapewni\u0107 swojemu dziecku ciep\u0142o, komfort i swobod\u0119 ruch\u00f3w nawet podczas najbardziej srogich mroz\u00f3w, ta lekka puchowa kurtka zimowa oka\u017ce si\u0119 strza\u0142em w dziesi\u0105tk\u0119. Wyr\u00f3\u017cnia j\u0105 ergonomiczny fason, kt\u00f3ry chroni przed utrat\u0105 ciep\u0142a zw\u0142aszcza w miejscach szczeg\u00f3lnie na ni\u0105 nara\u017conych. Wysoki ko\u0142nierz w po\u0142\u0105czeniu z kapturem dzia\u0142a [&#8230;]\n","protected":false},"featured_media":96384,"comment_status":"open","ping_status":"closed","template":"","meta":{"_acf_changed":false},"product_brand":[],"product_cat":[303,328],"product_tag":[1407],"class_list":{"0":"post-23936","1":"product","2":"type-product","3":"status-publish","4":"has-post-thumbnail","6":"product_cat-chlopiec-i-dziewczynka","7":"product_cat-kurtki","8":"product_tag-kpla","10":"first","11":"instock","12":"shipping-taxable","13":"purchasable","14":"product-type-variable"},"acf":[],"yoast_head":"<!-- This site is optimized with the Yoast SEO plugin v27.0 - https:\/\/yoast.com\/product\/yoast-seo-wordpress\/ -->\n<title>Kurtka High chin guard Black Coffee - Fluff<\/title>\n<meta name=\"robots\" content=\"index, follow, max-snippet:-1, max-image-preview:large, max-video-preview:-1\" \/>\n<link rel=\"canonical\" href=\"https:\/\/fluffouterwear.com\/pl\/produkt\/kurtka-high-chin-guard-black-coffee\/\" \/>\n<meta property=\"og:locale\" content=\"pl_PL\" \/>\n<meta property=\"og:type\" content=\"article\" \/>\n<meta property=\"og:title\" content=\"Kurtka High chin guard Black Coffee - Fluff\" \/>\n<meta property=\"og:description\" content=\"Kurtka puchowa z kapturem i wysokim ko\u0142nierzem Je\u015bli chcesz zapewni\u0107 swojemu dziecku ciep\u0142o, komfort i swobod\u0119 ruch\u00f3w nawet podczas najbardziej srogich mroz\u00f3w, ta lekka puchowa kurtka zimowa oka\u017ce si\u0119 strza\u0142em w dziesi\u0105tk\u0119. Wyr\u00f3\u017cnia j\u0105 ergonomiczny fason, kt\u00f3ry chroni przed utrat\u0105 ciep\u0142a zw\u0142aszcza w miejscach szczeg\u00f3lnie na ni\u0105 nara\u017conych. Wysoki ko\u0142nierz w po\u0142\u0105czeniu z kapturem dzia\u0142a [...]\" \/>\n<meta property=\"og:url\" content=\"https:\/\/fluffouterwear.com\/pl\/produkt\/kurtka-high-chin-guard-black-coffee\/\" \/>\n<meta property=\"og:site_name\" content=\"Fluff\" \/>\n<meta property=\"article:modified_time\" content=\"2026-02-01T14:02:17+00:00\" \/>\n<meta property=\"og:image\" content=\"https:\/\/fluffouterwear.com\/wp-content\/uploads\/2024\/09\/dziecieca-kurtka-high-chin-black-2-1.jpg\" \/>\n\t<meta property=\"og:image:width\" content=\"1185\" \/>\n\t<meta property=\"og:image:height\" content=\"1310\" \/>\n\t<meta property=\"og:image:type\" content=\"image\/jpeg\" \/>\n<meta name=\"twitter:card\" content=\"summary_large_image\" \/>\n<meta name=\"twitter:label1\" content=\"Szacowany czas czytania\" \/>\n\t<meta name=\"twitter:data1\" content=\"1 minuta\" \/>\n<script type=\"application\/ld+json\" class=\"yoast-schema-graph\">{\"@context\":\"https:\/\/schema.org\",\"@graph\":[{\"@type\":\"WebPage\",\"@id\":\"https:\/\/fluffouterwear.com\/pl\/produkt\/kurtka-high-chin-guard-black-coffee\/\",\"url\":\"https:\/\/fluffouterwear.com\/pl\/produkt\/kurtka-high-chin-guard-black-coffee\/\",\"name\":\"Kurtka High chin guard Black Coffee - Fluff\",\"isPartOf\":{\"@id\":\"https:\/\/fluffouterwear.com\/pl\/#website\"},\"primaryImageOfPage\":{\"@id\":\"https:\/\/fluffouterwear.com\/pl\/produkt\/kurtka-high-chin-guard-black-coffee\/#primaryimage\"},\"image\":{\"@id\":\"https:\/\/fluffouterwear.com\/pl\/produkt\/kurtka-high-chin-guard-black-coffee\/#primaryimage\"},\"thumbnailUrl\":\"https:\/\/fluffouterwear.com\/wp-content\/uploads\/2024\/09\/dziecieca-kurtka-high-chin-black-2-1.jpg\",\"datePublished\":\"2020-03-09T14:02:47+00:00\",\"dateModified\":\"2026-02-01T14:02:17+00:00\",\"breadcrumb\":{\"@id\":\"https:\/\/fluffouterwear.com\/pl\/produkt\/kurtka-high-chin-guard-black-coffee\/#breadcrumb\"},\"inLanguage\":\"pl-PL\",\"potentialAction\":[{\"@type\":\"ReadAction\",\"target\":[\"https:\/\/fluffouterwear.com\/pl\/produkt\/kurtka-high-chin-guard-black-coffee\/\"]}]},{\"@type\":\"ImageObject\",\"inLanguage\":\"pl-PL\",\"@id\":\"https:\/\/fluffouterwear.com\/pl\/produkt\/kurtka-high-chin-guard-black-coffee\/#primaryimage\",\"url\":\"https:\/\/fluffouterwear.com\/wp-content\/uploads\/2024\/09\/dziecieca-kurtka-high-chin-black-2-1.jpg\",\"contentUrl\":\"https:\/\/fluffouterwear.com\/wp-content\/uploads\/2024\/09\/dziecieca-kurtka-high-chin-black-2-1.jpg\",\"width\":1185,\"height\":1310},{\"@type\":\"BreadcrumbList\",\"@id\":\"https:\/\/fluffouterwear.com\/pl\/produkt\/kurtka-high-chin-guard-black-coffee\/#breadcrumb\",\"itemListElement\":[{\"@type\":\"ListItem\",\"position\":1,\"name\":\"Strona g\u0142\u00f3wna\",\"item\":\"https:\/\/fluffouterwear.com\/pl\/\"},{\"@type\":\"ListItem\",\"position\":2,\"name\":\"Sklep\",\"item\":\"https:\/\/fluffouterwear.com\/pl\/sklep\/\"},{\"@type\":\"ListItem\",\"position\":3,\"name\":\"Kurtka High chin guard Black Coffee\"}]},{\"@type\":\"WebSite\",\"@id\":\"https:\/\/fluffouterwear.com\/pl\/#website\",\"url\":\"https:\/\/fluffouterwear.com\/pl\/\",\"name\":\"Fluff\",\"description\":\"\",\"potentialAction\":[{\"@type\":\"SearchAction\",\"target\":{\"@type\":\"EntryPoint\",\"urlTemplate\":\"https:\/\/fluffouterwear.com\/pl\/?s={search_term_string}\"},\"query-input\":{\"@type\":\"PropertyValueSpecification\",\"valueRequired\":true,\"valueName\":\"search_term_string\"}}],\"inLanguage\":\"pl-PL\"}]}<\/script>\n<!-- \/ Yoast SEO plugin. -->","yoast_head_json":{"title":"Kurtka High chin guard Black Coffee - Fluff","robots":{"index":"index","follow":"follow","max-snippet":"max-snippet:-1","max-image-preview":"max-image-preview:large","max-video-preview":"max-video-preview:-1"},"canonical":"https:\/\/fluffouterwear.com\/pl\/produkt\/kurtka-high-chin-guard-black-coffee\/","og_locale":"pl_PL","og_type":"article","og_title":"Kurtka High chin guard Black Coffee - Fluff","og_description":"Kurtka puchowa z kapturem i wysokim ko\u0142nierzem Je\u015bli chcesz zapewni\u0107 swojemu dziecku ciep\u0142o, komfort i swobod\u0119 ruch\u00f3w nawet podczas najbardziej srogich mroz\u00f3w, ta lekka puchowa kurtka zimowa oka\u017ce si\u0119 strza\u0142em w dziesi\u0105tk\u0119. Wyr\u00f3\u017cnia j\u0105 ergonomiczny fason, kt\u00f3ry chroni przed utrat\u0105 ciep\u0142a zw\u0142aszcza w miejscach szczeg\u00f3lnie na ni\u0105 nara\u017conych. Wysoki ko\u0142nierz w po\u0142\u0105czeniu z kapturem dzia\u0142a [...]","og_url":"https:\/\/fluffouterwear.com\/pl\/produkt\/kurtka-high-chin-guard-black-coffee\/","og_site_name":"Fluff","article_modified_time":"2026-02-01T14:02:17+00:00","og_image":[{"width":1185,"height":1310,"url":"https:\/\/fluffouterwear.com\/wp-content\/uploads\/2024\/09\/dziecieca-kurtka-high-chin-black-2-1.jpg","type":"image\/jpeg"}],"twitter_card":"summary_large_image","twitter_misc":{"Szacowany czas czytania":"1 minuta"},"schema":{"@context":"https:\/\/schema.org","@graph":[{"@type":"WebPage","@id":"https:\/\/fluffouterwear.com\/pl\/produkt\/kurtka-high-chin-guard-black-coffee\/","url":"https:\/\/fluffouterwear.com\/pl\/produkt\/kurtka-high-chin-guard-black-coffee\/","name":"Kurtka High chin guard Black Coffee - Fluff","isPartOf":{"@id":"https:\/\/fluffouterwear.com\/pl\/#website"},"primaryImageOfPage":{"@id":"https:\/\/fluffouterwear.com\/pl\/produkt\/kurtka-high-chin-guard-black-coffee\/#primaryimage"},"image":{"@id":"https:\/\/fluffouterwear.com\/pl\/produkt\/kurtka-high-chin-guard-black-coffee\/#primaryimage"},"thumbnailUrl":"https:\/\/fluffouterwear.com\/wp-content\/uploads\/2024\/09\/dziecieca-kurtka-high-chin-black-2-1.jpg","datePublished":"2020-03-09T14:02:47+00:00","dateModified":"2026-02-01T14:02:17+00:00","breadcrumb":{"@id":"https:\/\/fluffouterwear.com\/pl\/produkt\/kurtka-high-chin-guard-black-coffee\/#breadcrumb"},"inLanguage":"pl-PL","potentialAction":[{"@type":"ReadAction","target":["https:\/\/fluffouterwear.com\/pl\/produkt\/kurtka-high-chin-guard-black-coffee\/"]}]},{"@type":"ImageObject","inLanguage":"pl-PL","@id":"https:\/\/fluffouterwear.com\/pl\/produkt\/kurtka-high-chin-guard-black-coffee\/#primaryimage","url":"https:\/\/fluffouterwear.com\/wp-content\/uploads\/2024\/09\/dziecieca-kurtka-high-chin-black-2-1.jpg","contentUrl":"https:\/\/fluffouterwear.com\/wp-content\/uploads\/2024\/09\/dziecieca-kurtka-high-chin-black-2-1.jpg","width":1185,"height":1310},{"@type":"BreadcrumbList","@id":"https:\/\/fluffouterwear.com\/pl\/produkt\/kurtka-high-chin-guard-black-coffee\/#breadcrumb","itemListElement":[{"@type":"ListItem","position":1,"name":"Strona g\u0142\u00f3wna","item":"https:\/\/fluffouterwear.com\/pl\/"},{"@type":"ListItem","position":2,"name":"Sklep","item":"https:\/\/fluffouterwear.com\/pl\/sklep\/"},{"@type":"ListItem","position":3,"name":"Kurtka High chin guard Black Coffee"}]},{"@type":"WebSite","@id":"https:\/\/fluffouterwear.com\/pl\/#website","url":"https:\/\/fluffouterwear.com\/pl\/","name":"Fluff","description":"","potentialAction":[{"@type":"SearchAction","target":{"@type":"EntryPoint","urlTemplate":"https:\/\/fluffouterwear.com\/pl\/?s={search_term_string}"},"query-input":{"@type":"PropertyValueSpecification","valueRequired":true,"valueName":"search_term_string"}}],"inLanguage":"pl-PL"}]}},"_links":{"self":[{"href":"https:\/\/fluffouterwear.com\/pl\/wp-json\/wp\/v2\/product\/23936","targetHints":{"allow":["GET"]}}],"collection":[{"href":"https:\/\/fluffouterwear.com\/pl\/wp-json\/wp\/v2\/product"}],"about":[{"href":"https:\/\/fluffouterwear.com\/pl\/wp-json\/wp\/v2\/types\/product"}],"replies":[{"embeddable":true,"href":"https:\/\/fluffouterwear.com\/pl\/wp-json\/wp\/v2\/comments?post=23936"}],"wp:featuredmedia":[{"embeddable":true,"href":"https:\/\/fluffouterwear.com\/pl\/wp-json\/wp\/v2\/media\/96384"}],"wp:attachment":[{"href":"https:\/\/fluffouterwear.com\/pl\/wp-json\/wp\/v2\/media?parent=23936"}],"wp:term":[{"taxonomy":"product_brand","embeddable":true,"href":"https:\/\/fluffouterwear.com\/pl\/wp-json\/wp\/v2\/product_brand?post=23936"},{"taxonomy":"product_cat","embeddable":true,"href":"https:\/\/fluffouterwear.com\/pl\/wp-json\/wp\/v2\/product_cat?post=23936"},{"taxonomy":"product_tag","embeddable":true,"href":"https:\/\/fluffouterwear.com\/pl\/wp-json\/wp\/v2\/product_tag?post=23936"}],"curies":[{"name":"wp","href":"https:\/\/api.w.org\/{rel}","templated":true}]}}