{"id":36986,"date":"2021-03-11T12:24:56","date_gmt":"2021-03-11T11:24:56","guid":{"rendered":"http:\/\/fluffouterwear.com\/?post_type=product&#038;p=36986"},"modified":"2026-03-21T09:51:47","modified_gmt":"2026-03-21T08:51:47","slug":"damska-kurtka-light-champagne","status":"publish","type":"product","link":"https:\/\/fluffouterwear.com\/pl\/produkt\/damska-kurtka-light-champagne\/","title":{"rendered":"Przej\u015bciowa kurtka 2w1 Champagne"},"content":{"rendered":"<h4><strong>Lekka, puchowa kurtka z odpinanymi r\u0119kawami<\/strong><\/h4>\n<p>W modzie na wiosn\u0119 kr\u00f3luje lekko\u015b\u0107 &#8211; a ta stylowa, <strong>przej\u015bciowa kurtka puchowa<\/strong> jest jej prawdziwym uosobieniem. Lu\u017any fason, dwie spore zewn\u0119trzne kieszenie i asymetryczne, sko\u015bne pikowania nadaj\u0105 jej niezwykle niezobowi\u0105zuj\u0105cy, casualowy charakter: doskonale odnajdzie si\u0119 wi\u0119c ona w codziennych miejskich stylizacjach. Jeden z przyci\u0105gaj\u0105cych wzrok skos\u00f3w skrywa sekret tej przej\u015bciowej puch\u00f3wki, kt\u00f3ry czyni j\u0105 jedynym w swoim rodzaju elementem garderoby &#8211; ukryte zamki, za pomoc\u0105 kt\u00f3rych w kilka chwil odepniesz r\u0119kawy, zmieniaj\u0105c swoj\u0105 kurtk\u0119 w<strong> oversize\u2019owy bezr\u0119kawnik<\/strong>. \u015awietne rozwi\u0105zanie na te specyficzne dni, kiedy pogoda ci\u0105gle p\u0142ata figle, prawda? Niezwykle<strong> lekka, wielofunkcyjna i kompaktowa &#8211; nasza kurtka 2w1<\/strong> to idealny wyb\u00f3r na wiosn\u0119.<\/p>\n<p>Nasze produkty ultralight dedykowane s\u0105 na temperatury +7 st. C.<\/p>\n<p>Modelka ma oko\u0142o 172 cm wzrostu i prezentuje rozmiar XS\/S.<\/p>\n","protected":false},"excerpt":{"rendered":"<p>Lekka, puchowa kurtka z odpinanymi r\u0119kawami W modzie na wiosn\u0119 kr\u00f3luje lekko\u015b\u0107 &#8211; a ta stylowa, przej\u015bciowa kurtka puchowa jest jej prawdziwym uosobieniem. Lu\u017any fason, dwie spore zewn\u0119trzne kieszenie i asymetryczne, sko\u015bne pikowania nadaj\u0105 jej niezwykle niezobowi\u0105zuj\u0105cy, casualowy charakter: doskonale odnajdzie si\u0119 wi\u0119c ona w codziennych miejskich stylizacjach. Jeden z przyci\u0105gaj\u0105cych wzrok skos\u00f3w skrywa sekret [&#8230;]\n","protected":false},"featured_media":91538,"comment_status":"open","ping_status":"closed","template":"","meta":{"_acf_changed":false},"product_brand":[],"product_cat":[305,1051],"product_tag":[832],"class_list":{"0":"post-36986","1":"product","2":"type-product","3":"status-publish","4":"has-post-thumbnail","6":"product_cat-kobieta","7":"product_cat-wiosna-pl","8":"product_tag-spring-pl","10":"first","11":"instock","12":"shipping-taxable","13":"purchasable","14":"product-type-variable"},"acf":[],"yoast_head":"<!-- This site is optimized with the Yoast SEO plugin v27.0 - https:\/\/yoast.com\/product\/yoast-seo-wordpress\/ -->\n<title>Damska kurtka light Champagne - Fluff<\/title>\n<meta name=\"description\" content=\"Lekka kurtka puchowa 2w1, kt\u00f3ra zapewni ciep\u0142o i komfort nawet w zmienn\u0105 pogod\u0119. Nasze produkty wiosenne dedykowane s\u0105 na temperatury +5 st. C.\" \/>\n<meta name=\"robots\" content=\"index, follow, max-snippet:-1, max-image-preview:large, max-video-preview:-1\" \/>\n<link rel=\"canonical\" href=\"https:\/\/fluffouterwear.com\/pl\/produkt\/damska-kurtka-light-champagne\/\" \/>\n<meta property=\"og:locale\" content=\"pl_PL\" \/>\n<meta property=\"og:type\" content=\"article\" \/>\n<meta property=\"og:title\" content=\"Damska kurtka light Champagne - Fluff\" \/>\n<meta property=\"og:description\" content=\"Lekka kurtka puchowa 2w1, kt\u00f3ra zapewni ciep\u0142o i komfort nawet w zmienn\u0105 pogod\u0119. Nasze produkty wiosenne dedykowane s\u0105 na temperatury +5 st. C.\" \/>\n<meta property=\"og:url\" content=\"https:\/\/fluffouterwear.com\/pl\/produkt\/damska-kurtka-light-champagne\/\" \/>\n<meta property=\"og:site_name\" content=\"Fluff\" \/>\n<meta property=\"article:modified_time\" content=\"2026-03-21T08:51:47+00:00\" \/>\n<meta property=\"og:image\" content=\"https:\/\/fluffouterwear.com\/wp-content\/uploads\/2024\/04\/damska-kurtka-przejsciowa-puchowa-2w1-szampan-1.jpg\" \/>\n\t<meta property=\"og:image:width\" content=\"1185\" \/>\n\t<meta property=\"og:image:height\" content=\"1310\" \/>\n\t<meta property=\"og:image:type\" content=\"image\/jpeg\" \/>\n<meta name=\"twitter:card\" content=\"summary_large_image\" \/>\n<meta name=\"twitter:label1\" content=\"Szacowany czas czytania\" \/>\n\t<meta name=\"twitter:data1\" content=\"1 minuta\" \/>\n<script type=\"application\/ld+json\" class=\"yoast-schema-graph\">{\"@context\":\"https:\/\/schema.org\",\"@graph\":[{\"@type\":\"WebPage\",\"@id\":\"https:\/\/fluffouterwear.com\/pl\/produkt\/damska-kurtka-light-champagne\/\",\"url\":\"https:\/\/fluffouterwear.com\/pl\/produkt\/damska-kurtka-light-champagne\/\",\"name\":\"Damska kurtka light Champagne - Fluff\",\"isPartOf\":{\"@id\":\"https:\/\/fluffouterwear.com\/pl\/#website\"},\"primaryImageOfPage\":{\"@id\":\"https:\/\/fluffouterwear.com\/pl\/produkt\/damska-kurtka-light-champagne\/#primaryimage\"},\"image\":{\"@id\":\"https:\/\/fluffouterwear.com\/pl\/produkt\/damska-kurtka-light-champagne\/#primaryimage\"},\"thumbnailUrl\":\"https:\/\/fluffouterwear.com\/wp-content\/uploads\/2024\/04\/damska-kurtka-przejsciowa-puchowa-2w1-szampan-1.jpg\",\"datePublished\":\"2021-03-11T11:24:56+00:00\",\"dateModified\":\"2026-03-21T08:51:47+00:00\",\"description\":\"Lekka kurtka puchowa 2w1, kt\u00f3ra zapewni ciep\u0142o i komfort nawet w zmienn\u0105 pogod\u0119. Nasze produkty wiosenne dedykowane s\u0105 na temperatury +5 st. C.\",\"breadcrumb\":{\"@id\":\"https:\/\/fluffouterwear.com\/pl\/produkt\/damska-kurtka-light-champagne\/#breadcrumb\"},\"inLanguage\":\"pl-PL\",\"potentialAction\":[{\"@type\":\"ReadAction\",\"target\":[\"https:\/\/fluffouterwear.com\/pl\/produkt\/damska-kurtka-light-champagne\/\"]}]},{\"@type\":\"ImageObject\",\"inLanguage\":\"pl-PL\",\"@id\":\"https:\/\/fluffouterwear.com\/pl\/produkt\/damska-kurtka-light-champagne\/#primaryimage\",\"url\":\"https:\/\/fluffouterwear.com\/wp-content\/uploads\/2024\/04\/damska-kurtka-przejsciowa-puchowa-2w1-szampan-1.jpg\",\"contentUrl\":\"https:\/\/fluffouterwear.com\/wp-content\/uploads\/2024\/04\/damska-kurtka-przejsciowa-puchowa-2w1-szampan-1.jpg\",\"width\":1185,\"height\":1310,\"caption\":\"Lekka, przej\u015bciowa puch\u00f3wka w kolorze kosci s\u0142oniowej, kt\u00f3r\u0105 \u0142atwo zamieni\u0107 w kamizelk\u0119 - posiada odpinane na suwak r\u0119kawy. Wype\u0142niona naturalnym puchem g\u0119sim, lekka i kompaktowa. Nadaje si\u0119 do noszenia przez ca\u0142y rok w temp. powy\u017cej 5 stopni Celsjusza.\"},{\"@type\":\"BreadcrumbList\",\"@id\":\"https:\/\/fluffouterwear.com\/pl\/produkt\/damska-kurtka-light-champagne\/#breadcrumb\",\"itemListElement\":[{\"@type\":\"ListItem\",\"position\":1,\"name\":\"Strona g\u0142\u00f3wna\",\"item\":\"https:\/\/fluffouterwear.com\/pl\/\"},{\"@type\":\"ListItem\",\"position\":2,\"name\":\"Sklep\",\"item\":\"https:\/\/fluffouterwear.com\/pl\/sklep\/\"},{\"@type\":\"ListItem\",\"position\":3,\"name\":\"Przej\u015bciowa kurtka 2w1 Champagne\"}]},{\"@type\":\"WebSite\",\"@id\":\"https:\/\/fluffouterwear.com\/pl\/#website\",\"url\":\"https:\/\/fluffouterwear.com\/pl\/\",\"name\":\"Fluff\",\"description\":\"\",\"potentialAction\":[{\"@type\":\"SearchAction\",\"target\":{\"@type\":\"EntryPoint\",\"urlTemplate\":\"https:\/\/fluffouterwear.com\/pl\/?s={search_term_string}\"},\"query-input\":{\"@type\":\"PropertyValueSpecification\",\"valueRequired\":true,\"valueName\":\"search_term_string\"}}],\"inLanguage\":\"pl-PL\"}]}<\/script>\n<!-- \/ Yoast SEO plugin. -->","yoast_head_json":{"title":"Damska kurtka light Champagne - Fluff","description":"Lekka kurtka puchowa 2w1, kt\u00f3ra zapewni ciep\u0142o i komfort nawet w zmienn\u0105 pogod\u0119. Nasze produkty wiosenne dedykowane s\u0105 na temperatury +5 st. C.","robots":{"index":"index","follow":"follow","max-snippet":"max-snippet:-1","max-image-preview":"max-image-preview:large","max-video-preview":"max-video-preview:-1"},"canonical":"https:\/\/fluffouterwear.com\/pl\/produkt\/damska-kurtka-light-champagne\/","og_locale":"pl_PL","og_type":"article","og_title":"Damska kurtka light Champagne - Fluff","og_description":"Lekka kurtka puchowa 2w1, kt\u00f3ra zapewni ciep\u0142o i komfort nawet w zmienn\u0105 pogod\u0119. Nasze produkty wiosenne dedykowane s\u0105 na temperatury +5 st. C.","og_url":"https:\/\/fluffouterwear.com\/pl\/produkt\/damska-kurtka-light-champagne\/","og_site_name":"Fluff","article_modified_time":"2026-03-21T08:51:47+00:00","og_image":[{"width":1185,"height":1310,"url":"https:\/\/fluffouterwear.com\/wp-content\/uploads\/2024\/04\/damska-kurtka-przejsciowa-puchowa-2w1-szampan-1.jpg","type":"image\/jpeg"}],"twitter_card":"summary_large_image","twitter_misc":{"Szacowany czas czytania":"1 minuta"},"schema":{"@context":"https:\/\/schema.org","@graph":[{"@type":"WebPage","@id":"https:\/\/fluffouterwear.com\/pl\/produkt\/damska-kurtka-light-champagne\/","url":"https:\/\/fluffouterwear.com\/pl\/produkt\/damska-kurtka-light-champagne\/","name":"Damska kurtka light Champagne - Fluff","isPartOf":{"@id":"https:\/\/fluffouterwear.com\/pl\/#website"},"primaryImageOfPage":{"@id":"https:\/\/fluffouterwear.com\/pl\/produkt\/damska-kurtka-light-champagne\/#primaryimage"},"image":{"@id":"https:\/\/fluffouterwear.com\/pl\/produkt\/damska-kurtka-light-champagne\/#primaryimage"},"thumbnailUrl":"https:\/\/fluffouterwear.com\/wp-content\/uploads\/2024\/04\/damska-kurtka-przejsciowa-puchowa-2w1-szampan-1.jpg","datePublished":"2021-03-11T11:24:56+00:00","dateModified":"2026-03-21T08:51:47+00:00","description":"Lekka kurtka puchowa 2w1, kt\u00f3ra zapewni ciep\u0142o i komfort nawet w zmienn\u0105 pogod\u0119. Nasze produkty wiosenne dedykowane s\u0105 na temperatury +5 st. C.","breadcrumb":{"@id":"https:\/\/fluffouterwear.com\/pl\/produkt\/damska-kurtka-light-champagne\/#breadcrumb"},"inLanguage":"pl-PL","potentialAction":[{"@type":"ReadAction","target":["https:\/\/fluffouterwear.com\/pl\/produkt\/damska-kurtka-light-champagne\/"]}]},{"@type":"ImageObject","inLanguage":"pl-PL","@id":"https:\/\/fluffouterwear.com\/pl\/produkt\/damska-kurtka-light-champagne\/#primaryimage","url":"https:\/\/fluffouterwear.com\/wp-content\/uploads\/2024\/04\/damska-kurtka-przejsciowa-puchowa-2w1-szampan-1.jpg","contentUrl":"https:\/\/fluffouterwear.com\/wp-content\/uploads\/2024\/04\/damska-kurtka-przejsciowa-puchowa-2w1-szampan-1.jpg","width":1185,"height":1310,"caption":"Lekka, przej\u015bciowa puch\u00f3wka w kolorze kosci s\u0142oniowej, kt\u00f3r\u0105 \u0142atwo zamieni\u0107 w kamizelk\u0119 - posiada odpinane na suwak r\u0119kawy. Wype\u0142niona naturalnym puchem g\u0119sim, lekka i kompaktowa. Nadaje si\u0119 do noszenia przez ca\u0142y rok w temp. powy\u017cej 5 stopni Celsjusza."},{"@type":"BreadcrumbList","@id":"https:\/\/fluffouterwear.com\/pl\/produkt\/damska-kurtka-light-champagne\/#breadcrumb","itemListElement":[{"@type":"ListItem","position":1,"name":"Strona g\u0142\u00f3wna","item":"https:\/\/fluffouterwear.com\/pl\/"},{"@type":"ListItem","position":2,"name":"Sklep","item":"https:\/\/fluffouterwear.com\/pl\/sklep\/"},{"@type":"ListItem","position":3,"name":"Przej\u015bciowa kurtka 2w1 Champagne"}]},{"@type":"WebSite","@id":"https:\/\/fluffouterwear.com\/pl\/#website","url":"https:\/\/fluffouterwear.com\/pl\/","name":"Fluff","description":"","potentialAction":[{"@type":"SearchAction","target":{"@type":"EntryPoint","urlTemplate":"https:\/\/fluffouterwear.com\/pl\/?s={search_term_string}"},"query-input":{"@type":"PropertyValueSpecification","valueRequired":true,"valueName":"search_term_string"}}],"inLanguage":"pl-PL"}]}},"_links":{"self":[{"href":"https:\/\/fluffouterwear.com\/pl\/wp-json\/wp\/v2\/product\/36986","targetHints":{"allow":["GET"]}}],"collection":[{"href":"https:\/\/fluffouterwear.com\/pl\/wp-json\/wp\/v2\/product"}],"about":[{"href":"https:\/\/fluffouterwear.com\/pl\/wp-json\/wp\/v2\/types\/product"}],"replies":[{"embeddable":true,"href":"https:\/\/fluffouterwear.com\/pl\/wp-json\/wp\/v2\/comments?post=36986"}],"wp:featuredmedia":[{"embeddable":true,"href":"https:\/\/fluffouterwear.com\/pl\/wp-json\/wp\/v2\/media\/91538"}],"wp:attachment":[{"href":"https:\/\/fluffouterwear.com\/pl\/wp-json\/wp\/v2\/media?parent=36986"}],"wp:term":[{"taxonomy":"product_brand","embeddable":true,"href":"https:\/\/fluffouterwear.com\/pl\/wp-json\/wp\/v2\/product_brand?post=36986"},{"taxonomy":"product_cat","embeddable":true,"href":"https:\/\/fluffouterwear.com\/pl\/wp-json\/wp\/v2\/product_cat?post=36986"},{"taxonomy":"product_tag","embeddable":true,"href":"https:\/\/fluffouterwear.com\/pl\/wp-json\/wp\/v2\/product_tag?post=36986"}],"curies":[{"name":"wp","href":"https:\/\/api.w.org\/{rel}","templated":true}]}}